{"id":22406,"date":"2023-02-07T14:29:03","date_gmt":"2023-02-07T13:29:03","guid":{"rendered":"https:\/\/www.schramas.com\/?post_type=product&#038;p=22406"},"modified":"2026-03-26T16:35:28","modified_gmt":"2026-03-26T15:35:28","slug":"prunus-persica-caldesi-2000-nektarin-rotstock","status":"publish","type":"product","link":"https:\/\/www.schramas.com\/se\/butik\/prunus-persica-caldesi-2000-nektarin-rotstock\/","title":{"rendered":"Prunus Persica 'Caldesi 2000' nektarin, 5-liters kruka"},"content":{"rendered":"<div class=\"w-full border-b border-black\/10 dark:border-gray-900\/50 text-gray-800 dark:text-gray-100 group bg-gray-50 dark:bg-[#444654]\">\n<div class=\"text-base gap-4 md:gap-6 m-auto md:max-w-2xl lg:max-w-2xl xl:max-w-3xl p-4 md:py-6 flex lg:px-0\">\n<div class=\"relative flex w-[calc(100%-50px)] flex-col gap-1 md:gap-3 lg:w-[calc(100%-115px)]\">\n<div class=\"flex flex-grow flex-col gap-3\">\n<div class=\"min-h-[20px] flex flex-col items-start gap-4 whitespace-pre-wrap\">\n<div class=\"markdown prose w-full break-words dark:prose-invert light\">\n<p>Nektarinen \"Caldesi 2000\" \u00e4r en rund och j\u00e4mn frukt med gul f\u00e4rg som t\u00e4cks av en gl\u00e4nsande r\u00f6d rodnad f\u00f6r 90%. Fruktk\u00f6ttet \u00e4r gult med en framtr\u00e4dande r\u00f6daktig skugga runt k\u00e4rnan. Fruktk\u00f6ttet \u00e4r finkornigt, mycket k\u00f6ttigt och smakrikt med utm\u00e4rkt kvalitet och arom. Denna nektarin anses vara en av de b\u00e4sta bland sorterna och mognar i mitten av juli. Tr\u00e4den \u00e4r medelstarka och mycket produktiva med ett sidov\u00e4xande, uppr\u00e4tt och snabbt v\u00e4xts\u00e4tt. Detta nektarintr\u00e4d \u00e4r sj\u00e4lvpollinerande och sk\u00f6rdas under vecka 2 till vecka 3 i juli.<\/p>\n<\/div>\n<\/div>\n<\/div>\n<div class=\"flex justify-between\">\n<div class=\"text-gray-400 flex self-end lg:self-center justify-center mt-2 gap-3 md:gap-4 lg:gap-1 lg:absolute lg:top-0 lg:translate-x-full lg:right-0 lg:mt-0 lg:pl-2 visible\"><\/div>\n<\/div>\n<\/div>\n<\/div>\n<\/div>","protected":false},"excerpt":{"rendered":"<p>Prunus Persica 'Caltesi 2000'<\/p>\n<p>Smak: Smakfullt s\u00f6t och mycket k\u00f6ttig<\/p>\n<p>Fruktf\u00e4rg: gul f\u00e4rg t\u00e4ckt av en gl\u00e4nsande r\u00f6d rodnad<\/p>\n<p>H\u00f6jd max: 4-5 meter<\/p>\n<p>L\u00e4mplig f\u00f6r b\u00e5de uteplats och \u00f6ppen mark - skyddat och soligt l\u00e4ge<\/p>\n<p>Sj\u00e4lvpollinerande<\/p>\n<p>Leveransh\u00f6jd: ca 100 cm<\/p>\n<p>&nbsp;<\/p>","protected":false},"featured_media":22381,"template":"","meta":{"_joinchat":[]},"product_brand":[],"product_cat":[262,233,23],"product_tag":[1022,1021],"class_list":{"0":"post-22406","1":"product","2":"type-product","3":"status-publish","4":"has-post-thumbnail","6":"product_cat-bomen-struiken","7":"product_cat-fruitbomen","8":"product_cat-nectarines","9":"product_tag-nectarine","10":"product_tag-nectarineboom","12":"first","13":"outofstock","14":"taxable","15":"shipping-taxable","16":"purchasable","17":"product-type-simple"},"yoast_head":"<!-- This site is optimized with the Yoast SEO plugin v24.2 - https:\/\/yoast.com\/wordpress\/plugins\/seo\/ -->\n<title>Prunus Persica &#039;Caldesi 2000&#039; nectarine, 5 liter pot kopen | Planten eenvoudig online bestellen | Schramas.com<\/title>\n<meta name=\"robots\" content=\"index, follow, max-snippet:-1, max-image-preview:large, max-video-preview:-1\" \/>\n<link rel=\"canonical\" href=\"https:\/\/www.schramas.com\/se\/butik\/prunus-persica-caldesi-2000-nektarin-rotstock\/\" \/>\n<meta property=\"og:locale\" content=\"sv_SE\" \/>\n<meta property=\"og:type\" content=\"article\" \/>\n<meta property=\"og:title\" content=\"Prunus Persica &#039;Caldesi 2000&#039; nectarine, 5 liter pot kopen | Planten eenvoudig online bestellen | Schramas.com\" \/>\n<meta property=\"og:description\" content=\"Prunus Persica &#039;Caltesi 2000&#039;  Smaak: Smakelijk zoet en zeer vlezig  Kleur vrucht: gele kleur bedekt met een glanzende rode blos  Hoogte max: 4-5 meter  Geschikt voor zowel patio als volle grond - beschut en zonnig  Zelfbestuivend  Leverhoogte: ca. 100 cm  &nbsp;\" \/>\n<meta property=\"og:url\" content=\"https:\/\/www.schramas.com\/se\/butik\/prunus-persica-caldesi-2000-nektarin-rotstock\/\" \/>\n<meta property=\"og:site_name\" content=\"Planten eenvoudig online bestellen | Schramas.com\" \/>\n<meta property=\"article:publisher\" content=\"https:\/\/www.facebook.com\/Schramascom-106872874153195\/\" \/>\n<meta property=\"article:modified_time\" content=\"2026-03-26T15:35:28+00:00\" \/>\n<meta property=\"og:image\" content=\"https:\/\/www.schramas.com\/wp-content\/uploads\/2023\/02\/Prunus-Persica-\u2018Caltesi-2000-nectarine-sfeer.jpg\" \/>\n\t<meta property=\"og:image:width\" content=\"1200\" \/>\n\t<meta property=\"og:image:height\" content=\"1200\" \/>\n\t<meta property=\"og:image:type\" content=\"image\/jpeg\" \/>\n<meta name=\"twitter:card\" content=\"summary_large_image\" \/>\n<script type=\"application\/ld+json\" class=\"yoast-schema-graph\">{\"@context\":\"https:\/\/schema.org\",\"@graph\":[{\"@type\":[\"WebPage\",\"ItemPage\"],\"@id\":\"https:\/\/www.schramas.com\/fr\/boutique\/prunus-persica-caldesi-2000-porte-greffe-de-nectarine\/\",\"url\":\"https:\/\/www.schramas.com\/fr\/boutique\/prunus-persica-caldesi-2000-porte-greffe-de-nectarine\/\",\"name\":\"Prunus Persica 'Caldesi 2000' nectarine, 5 liter pot kopen | Planten eenvoudig online bestellen | Schramas.com\",\"isPartOf\":{\"@id\":\"https:\/\/www.schramas.com\/#website\"},\"primaryImageOfPage\":{\"@id\":\"https:\/\/www.schramas.com\/fr\/boutique\/prunus-persica-caldesi-2000-porte-greffe-de-nectarine\/#primaryimage\"},\"image\":{\"@id\":\"https:\/\/www.schramas.com\/fr\/boutique\/prunus-persica-caldesi-2000-porte-greffe-de-nectarine\/#primaryimage\"},\"thumbnailUrl\":\"https:\/\/www.schramas.com\/wp-content\/uploads\/2023\/02\/Prunus-Persica-\u2018Caltesi-2000-nectarine-sfeer.jpg\",\"datePublished\":\"2023-02-07T13:29:03+00:00\",\"dateModified\":\"2026-03-26T15:35:28+00:00\",\"breadcrumb\":{\"@id\":\"https:\/\/www.schramas.com\/fr\/boutique\/prunus-persica-caldesi-2000-porte-greffe-de-nectarine\/#breadcrumb\"},\"inLanguage\":\"sv-SE\",\"potentialAction\":[{\"@type\":\"ReadAction\",\"target\":[\"https:\/\/www.schramas.com\/fr\/boutique\/prunus-persica-caldesi-2000-porte-greffe-de-nectarine\/\"]}]},{\"@type\":\"ImageObject\",\"inLanguage\":\"sv-SE\",\"@id\":\"https:\/\/www.schramas.com\/fr\/boutique\/prunus-persica-caldesi-2000-porte-greffe-de-nectarine\/#primaryimage\",\"url\":\"https:\/\/www.schramas.com\/wp-content\/uploads\/2023\/02\/Prunus-Persica-\u2018Caltesi-2000-nectarine-sfeer.jpg\",\"contentUrl\":\"https:\/\/www.schramas.com\/wp-content\/uploads\/2023\/02\/Prunus-Persica-\u2018Caltesi-2000-nectarine-sfeer.jpg\",\"width\":1200,\"height\":1200},{\"@type\":\"BreadcrumbList\",\"@id\":\"https:\/\/www.schramas.com\/fr\/boutique\/prunus-persica-caldesi-2000-porte-greffe-de-nectarine\/#breadcrumb\",\"itemListElement\":[{\"@type\":\"ListItem\",\"position\":1,\"name\":\"Product\",\"item\":\"https:\/\/www.schramas.com\/assortiment\/\"},{\"@type\":\"ListItem\",\"position\":2,\"name\":\"Bomen &amp; Struiken\",\"item\":\"https:\/\/www.schramas.com\/product-category\/bomen-struiken\/\"},{\"@type\":\"ListItem\",\"position\":3,\"name\":\"Fruitbomen\",\"item\":\"https:\/\/www.schramas.com\/product-category\/bomen-struiken\/fruitbomen\/\"},{\"@type\":\"ListItem\",\"position\":4,\"name\":\"Nectarines\",\"item\":\"https:\/\/www.schramas.com\/product-category\/bomen-struiken\/fruitbomen\/nectarines\/\"},{\"@type\":\"ListItem\",\"position\":5,\"name\":\"Prunus Persica &#8216;Caldesi 2000&#8217; nectarine, 5 liter pot\"}]},{\"@type\":\"WebSite\",\"@id\":\"https:\/\/www.schramas.com\/#website\",\"url\":\"https:\/\/www.schramas.com\/\",\"name\":\"Schramas.com | Tuinplanten eenvoudig online bestellen | Direct van onze Kwekerij\",\"description\":\"\",\"alternateName\":\"Schramas.com - Alle planten direct van de kweker\",\"potentialAction\":[{\"@type\":\"SearchAction\",\"target\":{\"@type\":\"EntryPoint\",\"urlTemplate\":\"https:\/\/www.schramas.com\/?s={search_term_string}\"},\"query-input\":{\"@type\":\"PropertyValueSpecification\",\"valueRequired\":true,\"valueName\":\"search_term_string\"}}],\"inLanguage\":\"sv-SE\"}]}<\/script>\n<!-- \/ Yoast SEO plugin. -->","yoast_head_json":{"title":"K\u00f6p Prunus Persica 'Caldesi 2000' nektarin, 5 liter kruka | V\u00e4xter enkelt online | Schramas.com","robots":{"index":"index","follow":"follow","max-snippet":"max-snippet:-1","max-image-preview":"max-image-preview:large","max-video-preview":"max-video-preview:-1"},"canonical":"https:\/\/www.schramas.com\/se\/butik\/prunus-persica-caldesi-2000-nektarin-rotstock\/","og_locale":"sv_SE","og_type":"article","og_title":"Prunus Persica 'Caldesi 2000' nectarine, 5 liter pot kopen | Planten eenvoudig online bestellen | Schramas.com","og_description":"Prunus Persica 'Caltesi 2000'  Smaak: Smakelijk zoet en zeer vlezig  Kleur vrucht: gele kleur bedekt met een glanzende rode blos  Hoogte max: 4-5 meter  Geschikt voor zowel patio als volle grond - beschut en zonnig  Zelfbestuivend  Leverhoogte: ca. 100 cm  &nbsp;","og_url":"https:\/\/www.schramas.com\/se\/butik\/prunus-persica-caldesi-2000-nektarin-rotstock\/","og_site_name":"Planten eenvoudig online bestellen | Schramas.com","article_publisher":"https:\/\/www.facebook.com\/Schramascom-106872874153195\/","article_modified_time":"2026-03-26T15:35:28+00:00","og_image":[{"width":1200,"height":1200,"url":"https:\/\/www.schramas.com\/wp-content\/uploads\/2023\/02\/Prunus-Persica-\u2018Caltesi-2000-nectarine-sfeer.jpg","type":"image\/jpeg"}],"twitter_card":"summary_large_image","schema":{"@context":"https:\/\/schema.org","@graph":[{"@type":["WebPage","ItemPage"],"@id":"https:\/\/www.schramas.com\/fr\/boutique\/prunus-persica-caldesi-2000-porte-greffe-de-nectarine\/","url":"https:\/\/www.schramas.com\/fr\/boutique\/prunus-persica-caldesi-2000-porte-greffe-de-nectarine\/","name":"K\u00f6p Prunus Persica 'Caldesi 2000' nektarin, 5 liter kruka | V\u00e4xter enkelt online | Schramas.com","isPartOf":{"@id":"https:\/\/www.schramas.com\/#website"},"primaryImageOfPage":{"@id":"https:\/\/www.schramas.com\/fr\/boutique\/prunus-persica-caldesi-2000-porte-greffe-de-nectarine\/#primaryimage"},"image":{"@id":"https:\/\/www.schramas.com\/fr\/boutique\/prunus-persica-caldesi-2000-porte-greffe-de-nectarine\/#primaryimage"},"thumbnailUrl":"https:\/\/www.schramas.com\/wp-content\/uploads\/2023\/02\/Prunus-Persica-\u2018Caltesi-2000-nectarine-sfeer.jpg","datePublished":"2023-02-07T13:29:03+00:00","dateModified":"2026-03-26T15:35:28+00:00","breadcrumb":{"@id":"https:\/\/www.schramas.com\/fr\/boutique\/prunus-persica-caldesi-2000-porte-greffe-de-nectarine\/#breadcrumb"},"inLanguage":"sv-SE","potentialAction":[{"@type":"ReadAction","target":["https:\/\/www.schramas.com\/fr\/boutique\/prunus-persica-caldesi-2000-porte-greffe-de-nectarine\/"]}]},{"@type":"ImageObject","inLanguage":"sv-SE","@id":"https:\/\/www.schramas.com\/fr\/boutique\/prunus-persica-caldesi-2000-porte-greffe-de-nectarine\/#primaryimage","url":"https:\/\/www.schramas.com\/wp-content\/uploads\/2023\/02\/Prunus-Persica-\u2018Caltesi-2000-nectarine-sfeer.jpg","contentUrl":"https:\/\/www.schramas.com\/wp-content\/uploads\/2023\/02\/Prunus-Persica-\u2018Caltesi-2000-nectarine-sfeer.jpg","width":1200,"height":1200},{"@type":"BreadcrumbList","@id":"https:\/\/www.schramas.com\/fr\/boutique\/prunus-persica-caldesi-2000-porte-greffe-de-nectarine\/#breadcrumb","itemListElement":[{"@type":"ListItem","position":1,"name":"Product","item":"https:\/\/www.schramas.com\/assortiment\/"},{"@type":"ListItem","position":2,"name":"Bomen &amp; Struiken","item":"https:\/\/www.schramas.com\/product-category\/bomen-struiken\/"},{"@type":"ListItem","position":3,"name":"Fruitbomen","item":"https:\/\/www.schramas.com\/product-category\/bomen-struiken\/fruitbomen\/"},{"@type":"ListItem","position":4,"name":"Nectarines","item":"https:\/\/www.schramas.com\/product-category\/bomen-struiken\/fruitbomen\/nectarines\/"},{"@type":"ListItem","position":5,"name":"Prunus Persica &#8216;Caldesi 2000&#8217; nectarine, 5 liter pot"}]},{"@type":"WebSite","@id":"https:\/\/www.schramas.com\/#website","url":"https:\/\/www.schramas.com\/","name":"Schramas.com | Tr\u00e4dg\u00e5rdsv\u00e4xter som enkelt kan best\u00e4llas online | Direkt fr\u00e5n v\u00e5r plantskola","description":"","alternateName":"Schramas.com - Alle planten direct van de kweker","potentialAction":[{"@type":"SearchAction","target":{"@type":"EntryPoint","urlTemplate":"https:\/\/www.schramas.com\/?s={search_term_string}"},"query-input":{"@type":"PropertyValueSpecification","valueRequired":true,"valueName":"search_term_string"}}],"inLanguage":"sv-SE"}]}},"_links":{"self":[{"href":"https:\/\/www.schramas.com\/se\/wp-json\/wp\/v2\/product\/22406","targetHints":{"allow":["GET"]}}],"collection":[{"href":"https:\/\/www.schramas.com\/se\/wp-json\/wp\/v2\/product"}],"about":[{"href":"https:\/\/www.schramas.com\/se\/wp-json\/wp\/v2\/types\/product"}],"version-history":[{"count":0,"href":"https:\/\/www.schramas.com\/se\/wp-json\/wp\/v2\/product\/22406\/revisions"}],"wp:featuredmedia":[{"embeddable":true,"href":"https:\/\/www.schramas.com\/se\/wp-json\/wp\/v2\/media\/22381"}],"wp:attachment":[{"href":"https:\/\/www.schramas.com\/se\/wp-json\/wp\/v2\/media?parent=22406"}],"wp:term":[{"taxonomy":"product_brand","embeddable":true,"href":"https:\/\/www.schramas.com\/se\/wp-json\/wp\/v2\/product_brand?post=22406"},{"taxonomy":"product_cat","embeddable":true,"href":"https:\/\/www.schramas.com\/se\/wp-json\/wp\/v2\/product_cat?post=22406"},{"taxonomy":"product_tag","embeddable":true,"href":"https:\/\/www.schramas.com\/se\/wp-json\/wp\/v2\/product_tag?post=22406"}],"curies":[{"name":"wp","href":"https:\/\/api.w.org\/{rel}","templated":true}]}}