{"id":22676,"date":"2023-02-16T13:39:42","date_gmt":"2023-02-16T12:39:42","guid":{"rendered":"https:\/\/www.schramas.com\/?post_type=product&#038;p=22676"},"modified":"2026-03-26T16:35:34","modified_gmt":"2026-03-26T15:35:34","slug":"uppsattning-av-4-vinbar-pa-stam-ribes-rubrum-jonkheer-van-tets-vinbar-pa-stam-hojd-80cm-3l-kruka","status":"publish","type":"product","link":"https:\/\/www.schramas.com\/se\/butik\/uppsattning-av-4-vinbar-pa-stam-ribes-rubrum-jonkheer-van-tets-vinbar-pa-stam-hojd-80cm-3l-kruka\/","title":{"rendered":"Upps\u00e4ttning av 4 vinb\u00e4r p\u00e5 stam - Ribes rubrum 'Jonkheer van Tets' - Vinb\u00e4r p\u00e5 stam - H\u00f6jd +80cm - 3L kruka"},"content":{"rendered":"<p>Letar du efter ett bekymmersfritt och p\u00e5litligt vinb\u00e4r till din tr\u00e4dg\u00e5rd eller uteplats? V\u00e4lj d\u00e5 Ribes rubrum 'Jonkheer van Tets' p\u00e5 stam. Denna gamla, popul\u00e4ra sort \u00e4r l\u00e4tt att odla och \u00e4r k\u00e4nd f\u00f6r sin friska, s\u00f6ta smak och sina r\u00f6da b\u00e4r. Genom att besk\u00e4ra b\u00e4ren kan du p\u00e5verka storlek och m\u00e4ngd. Plantan \u00e4r ympad p\u00e5 en 60 cm l\u00e5ng stam och levereras i en rej\u00e4l 3-liters kruka med en h\u00f6jd p\u00e5 minst 80 cm. Detta vinb\u00e4r \u00e4r l\u00e4mpligt f\u00f6r b\u00e5de \u00f6ppen mark och uteplats och \u00e4r sj\u00e4lvpollinerande och h\u00e4rdig. Plantera Ribes rubrum 'Jonkheer van Tets' i din tr\u00e4dg\u00e5rd och njut av den uts\u00f6kta smaken och f\u00e4rgen hos detta vackra vinb\u00e4r. Best\u00e4ll 4 stycken nu p\u00e5 Schramas.com!<\/p>","protected":false},"excerpt":{"rendered":"<p>Ribes rubrum 'Jonkheer van Tets' 4x<\/p>\n<p>R\u00f6da vinb\u00e4r.<\/p>\n<p>Smak: friskt s\u00f6t.<\/p>\n<p>Fruktens f\u00e4rg: r\u00f6d<\/p>\n<p>H\u00f6jd max: 1,75 - 2 meter<\/p>\n<p>L\u00e4mplig f\u00f6r b\u00e5de uteplats och \u00f6ppen mark.<\/p>\n<p>Sj\u00e4lvpollinerande.<\/p>\n<p>Hardy.<\/p>\n<p>Leveransh\u00f6jd inkl. kruka: +\/_80-100 cm<\/p>\n<p>Krukstorlek: 3 liter.<\/p>","protected":false},"featured_media":22677,"template":"","meta":{"_joinchat":[]},"product_brand":[],"product_cat":[41,1011,234,867],"product_tag":[711,603,710,1038,598,647,351,316],"class_list":{"0":"post-22676","1":"product","2":"type-product","3":"status-publish","4":"has-post-thumbnail","6":"product_cat-aalbessen","7":"product_cat-fruit-deals","8":"product_cat-fruitstruiken","9":"product_cat-pakket-deals","10":"product_tag-aalbessen","11":"product_tag-bessen","12":"product_tag-jonkheer-van-tets","13":"product_tag-op-stam","14":"product_tag-ribes","15":"product_tag-rode-bes","16":"product_tag-winterhard","17":"product_tag-zelfbestuivend","18":"pa_bloeimaanden-mei","19":"pa_ewd_uwcf_colors-rood-2","20":"pa_groeihoogte-60-150-cm","21":"pa_pot-met-pot","23":"first","24":"outofstock","25":"taxable","26":"shipping-taxable","27":"purchasable","28":"product-type-simple"},"yoast_head":"<!-- This site is optimized with the Yoast SEO plugin v24.2 - https:\/\/yoast.com\/wordpress\/plugins\/seo\/ -->\n<title>Set van 4 Aalbessen op stam - Ribes rubrum &#039;Jonkheer van Tets&#039; - Aalbes op stam - Hoogte +80cm - 3L pot kopen | Planten eenvoudig online bestellen | Schramas.com<\/title>\n<meta name=\"robots\" content=\"index, follow, max-snippet:-1, max-image-preview:large, max-video-preview:-1\" \/>\n<link rel=\"canonical\" href=\"https:\/\/www.schramas.com\/se\/butik\/uppsattning-av-4-vinbar-pa-stam-ribes-rubrum-jonkheer-van-tets-vinbar-pa-stam-hojd-80cm-3l-kruka\/\" \/>\n<meta property=\"og:locale\" content=\"sv_SE\" \/>\n<meta property=\"og:type\" content=\"article\" \/>\n<meta property=\"og:title\" content=\"Set van 4 Aalbessen op stam - Ribes rubrum &#039;Jonkheer van Tets&#039; - Aalbes op stam - Hoogte +80cm - 3L pot kopen | Planten eenvoudig online bestellen | Schramas.com\" \/>\n<meta property=\"og:description\" content=\"Ribes rubrum &#039;Jonkheer van Tets&#039; 4x  Rode aalbes.  Smaak: fris zoet.  Kleur vrucht: rood  Hoogte max: 1,75 - 2 meter  Geschikt voor zowel patio als volle grond.  Zelf bestuivend.  Winterhard.  Leverhoogte incl. pot: +\/_80-100 cm  Pot maat: 3 liter.\" \/>\n<meta property=\"og:url\" content=\"https:\/\/www.schramas.com\/se\/butik\/uppsattning-av-4-vinbar-pa-stam-ribes-rubrum-jonkheer-van-tets-vinbar-pa-stam-hojd-80cm-3l-kruka\/\" \/>\n<meta property=\"og:site_name\" content=\"Planten eenvoudig online bestellen | Schramas.com\" \/>\n<meta property=\"article:publisher\" content=\"https:\/\/www.facebook.com\/Schramascom-106872874153195\/\" \/>\n<meta property=\"article:modified_time\" content=\"2026-03-26T15:35:34+00:00\" \/>\n<meta property=\"og:image\" content=\"https:\/\/www.schramas.com\/wp-content\/uploads\/2023\/02\/Jonkheer-van-test-sfeer-pakketdeal-4x.jpg\" \/>\n\t<meta property=\"og:image:width\" content=\"1200\" \/>\n\t<meta property=\"og:image:height\" content=\"1200\" \/>\n\t<meta property=\"og:image:type\" content=\"image\/jpeg\" \/>\n<meta name=\"twitter:card\" content=\"summary_large_image\" \/>\n<meta name=\"twitter:label1\" content=\"Ber\u00e4knad l\u00e4stid\" \/>\n\t<meta name=\"twitter:data1\" content=\"1 minut\" \/>\n<script type=\"application\/ld+json\" class=\"yoast-schema-graph\">{\"@context\":\"https:\/\/schema.org\",\"@graph\":[{\"@type\":[\"WebPage\",\"ItemPage\"],\"@id\":\"https:\/\/www.schramas.com\/winkel\/set-van-4-aalbessen-op-stam-ribes-rubrum-jonkheer-van-tets-aalbes-op-stam-hoogte-80cm-3l-pot\/\",\"url\":\"https:\/\/www.schramas.com\/winkel\/set-van-4-aalbessen-op-stam-ribes-rubrum-jonkheer-van-tets-aalbes-op-stam-hoogte-80cm-3l-pot\/\",\"name\":\"Set van 4 Aalbessen op stam - Ribes rubrum 'Jonkheer van Tets' - Aalbes op stam - Hoogte +80cm - 3L pot kopen | Planten eenvoudig online bestellen | Schramas.com\",\"isPartOf\":{\"@id\":\"https:\/\/www.schramas.com\/#website\"},\"primaryImageOfPage\":{\"@id\":\"https:\/\/www.schramas.com\/winkel\/set-van-4-aalbessen-op-stam-ribes-rubrum-jonkheer-van-tets-aalbes-op-stam-hoogte-80cm-3l-pot\/#primaryimage\"},\"image\":{\"@id\":\"https:\/\/www.schramas.com\/winkel\/set-van-4-aalbessen-op-stam-ribes-rubrum-jonkheer-van-tets-aalbes-op-stam-hoogte-80cm-3l-pot\/#primaryimage\"},\"thumbnailUrl\":\"https:\/\/www.schramas.com\/wp-content\/uploads\/2023\/02\/Jonkheer-van-test-sfeer-pakketdeal-4x.jpg\",\"datePublished\":\"2023-02-16T12:39:42+00:00\",\"dateModified\":\"2026-03-26T15:35:34+00:00\",\"breadcrumb\":{\"@id\":\"https:\/\/www.schramas.com\/winkel\/set-van-4-aalbessen-op-stam-ribes-rubrum-jonkheer-van-tets-aalbes-op-stam-hoogte-80cm-3l-pot\/#breadcrumb\"},\"inLanguage\":\"sv-SE\",\"potentialAction\":[{\"@type\":\"ReadAction\",\"target\":[\"https:\/\/www.schramas.com\/winkel\/set-van-4-aalbessen-op-stam-ribes-rubrum-jonkheer-van-tets-aalbes-op-stam-hoogte-80cm-3l-pot\/\"]}]},{\"@type\":\"ImageObject\",\"inLanguage\":\"sv-SE\",\"@id\":\"https:\/\/www.schramas.com\/winkel\/set-van-4-aalbessen-op-stam-ribes-rubrum-jonkheer-van-tets-aalbes-op-stam-hoogte-80cm-3l-pot\/#primaryimage\",\"url\":\"https:\/\/www.schramas.com\/wp-content\/uploads\/2023\/02\/Jonkheer-van-test-sfeer-pakketdeal-4x.jpg\",\"contentUrl\":\"https:\/\/www.schramas.com\/wp-content\/uploads\/2023\/02\/Jonkheer-van-test-sfeer-pakketdeal-4x.jpg\",\"width\":1200,\"height\":1200},{\"@type\":\"BreadcrumbList\",\"@id\":\"https:\/\/www.schramas.com\/winkel\/set-van-4-aalbessen-op-stam-ribes-rubrum-jonkheer-van-tets-aalbes-op-stam-hoogte-80cm-3l-pot\/#breadcrumb\",\"itemListElement\":[{\"@type\":\"ListItem\",\"position\":1,\"name\":\"Product\",\"item\":\"https:\/\/www.schramas.com\/assortiment\/\"},{\"@type\":\"ListItem\",\"position\":2,\"name\":\"Bomen &amp; Struiken\",\"item\":\"https:\/\/www.schramas.com\/product-category\/bomen-struiken\/\"},{\"@type\":\"ListItem\",\"position\":3,\"name\":\"Fruitstruiken\",\"item\":\"https:\/\/www.schramas.com\/de\/produktkategorie\/baume-und-straucher\/obststraucher\/\"},{\"@type\":\"ListItem\",\"position\":4,\"name\":\"Aalbessen\",\"item\":\"https:\/\/www.schramas.com\/product-category\/bomen-struiken\/fruitstruiken\/aalbessen\/\"},{\"@type\":\"ListItem\",\"position\":5,\"name\":\"Set van 4 Aalbessen op stam &#8211; Ribes rubrum &#8216;Jonkheer van Tets&#8217; &#8211; Aalbes op stam &#8211; Hoogte +80cm &#8211; 3L pot\"}]},{\"@type\":\"WebSite\",\"@id\":\"https:\/\/www.schramas.com\/#website\",\"url\":\"https:\/\/www.schramas.com\/\",\"name\":\"Schramas.com | Tuinplanten eenvoudig online bestellen | Direct van onze Kwekerij\",\"description\":\"\",\"alternateName\":\"Schramas.com - Alle planten direct van de kweker\",\"potentialAction\":[{\"@type\":\"SearchAction\",\"target\":{\"@type\":\"EntryPoint\",\"urlTemplate\":\"https:\/\/www.schramas.com\/?s={search_term_string}\"},\"query-input\":{\"@type\":\"PropertyValueSpecification\",\"valueRequired\":true,\"valueName\":\"search_term_string\"}}],\"inLanguage\":\"sv-SE\"}]}<\/script>\n<!-- \/ Yoast SEO plugin. -->","yoast_head_json":{"title":"Set med 4 vinb\u00e4r p\u00e5 stam - Ribes rubrum 'Jonkheer van Tets' - Vinb\u00e4r p\u00e5 stam - H\u00f6jd +80cm - K\u00f6p 3L kruka | K\u00f6p v\u00e4xter enkelt online | Schramas.com","robots":{"index":"index","follow":"follow","max-snippet":"max-snippet:-1","max-image-preview":"max-image-preview:large","max-video-preview":"max-video-preview:-1"},"canonical":"https:\/\/www.schramas.com\/se\/butik\/uppsattning-av-4-vinbar-pa-stam-ribes-rubrum-jonkheer-van-tets-vinbar-pa-stam-hojd-80cm-3l-kruka\/","og_locale":"sv_SE","og_type":"article","og_title":"Set van 4 Aalbessen op stam - Ribes rubrum 'Jonkheer van Tets' - Aalbes op stam - Hoogte +80cm - 3L pot kopen | Planten eenvoudig online bestellen | Schramas.com","og_description":"Ribes rubrum 'Jonkheer van Tets' 4x  Rode aalbes.  Smaak: fris zoet.  Kleur vrucht: rood  Hoogte max: 1,75 - 2 meter  Geschikt voor zowel patio als volle grond.  Zelf bestuivend.  Winterhard.  Leverhoogte incl. pot: +\/_80-100 cm  Pot maat: 3 liter.","og_url":"https:\/\/www.schramas.com\/se\/butik\/uppsattning-av-4-vinbar-pa-stam-ribes-rubrum-jonkheer-van-tets-vinbar-pa-stam-hojd-80cm-3l-kruka\/","og_site_name":"Planten eenvoudig online bestellen | Schramas.com","article_publisher":"https:\/\/www.facebook.com\/Schramascom-106872874153195\/","article_modified_time":"2026-03-26T15:35:34+00:00","og_image":[{"width":1200,"height":1200,"url":"https:\/\/www.schramas.com\/wp-content\/uploads\/2023\/02\/Jonkheer-van-test-sfeer-pakketdeal-4x.jpg","type":"image\/jpeg"}],"twitter_card":"summary_large_image","twitter_misc":{"Ber\u00e4knad l\u00e4stid":"1 minut"},"schema":{"@context":"https:\/\/schema.org","@graph":[{"@type":["WebPage","ItemPage"],"@id":"https:\/\/www.schramas.com\/winkel\/set-van-4-aalbessen-op-stam-ribes-rubrum-jonkheer-van-tets-aalbes-op-stam-hoogte-80cm-3l-pot\/","url":"https:\/\/www.schramas.com\/winkel\/set-van-4-aalbessen-op-stam-ribes-rubrum-jonkheer-van-tets-aalbes-op-stam-hoogte-80cm-3l-pot\/","name":"Set med 4 vinb\u00e4r p\u00e5 stam - Ribes rubrum 'Jonkheer van Tets' - Vinb\u00e4r p\u00e5 stam - H\u00f6jd +80cm - K\u00f6p 3L kruka | K\u00f6p v\u00e4xter enkelt online | Schramas.com","isPartOf":{"@id":"https:\/\/www.schramas.com\/#website"},"primaryImageOfPage":{"@id":"https:\/\/www.schramas.com\/winkel\/set-van-4-aalbessen-op-stam-ribes-rubrum-jonkheer-van-tets-aalbes-op-stam-hoogte-80cm-3l-pot\/#primaryimage"},"image":{"@id":"https:\/\/www.schramas.com\/winkel\/set-van-4-aalbessen-op-stam-ribes-rubrum-jonkheer-van-tets-aalbes-op-stam-hoogte-80cm-3l-pot\/#primaryimage"},"thumbnailUrl":"https:\/\/www.schramas.com\/wp-content\/uploads\/2023\/02\/Jonkheer-van-test-sfeer-pakketdeal-4x.jpg","datePublished":"2023-02-16T12:39:42+00:00","dateModified":"2026-03-26T15:35:34+00:00","breadcrumb":{"@id":"https:\/\/www.schramas.com\/winkel\/set-van-4-aalbessen-op-stam-ribes-rubrum-jonkheer-van-tets-aalbes-op-stam-hoogte-80cm-3l-pot\/#breadcrumb"},"inLanguage":"sv-SE","potentialAction":[{"@type":"ReadAction","target":["https:\/\/www.schramas.com\/winkel\/set-van-4-aalbessen-op-stam-ribes-rubrum-jonkheer-van-tets-aalbes-op-stam-hoogte-80cm-3l-pot\/"]}]},{"@type":"ImageObject","inLanguage":"sv-SE","@id":"https:\/\/www.schramas.com\/winkel\/set-van-4-aalbessen-op-stam-ribes-rubrum-jonkheer-van-tets-aalbes-op-stam-hoogte-80cm-3l-pot\/#primaryimage","url":"https:\/\/www.schramas.com\/wp-content\/uploads\/2023\/02\/Jonkheer-van-test-sfeer-pakketdeal-4x.jpg","contentUrl":"https:\/\/www.schramas.com\/wp-content\/uploads\/2023\/02\/Jonkheer-van-test-sfeer-pakketdeal-4x.jpg","width":1200,"height":1200},{"@type":"BreadcrumbList","@id":"https:\/\/www.schramas.com\/winkel\/set-van-4-aalbessen-op-stam-ribes-rubrum-jonkheer-van-tets-aalbes-op-stam-hoogte-80cm-3l-pot\/#breadcrumb","itemListElement":[{"@type":"ListItem","position":1,"name":"Product","item":"https:\/\/www.schramas.com\/assortiment\/"},{"@type":"ListItem","position":2,"name":"Bomen &amp; Struiken","item":"https:\/\/www.schramas.com\/product-category\/bomen-struiken\/"},{"@type":"ListItem","position":3,"name":"Fruitstruiken","item":"https:\/\/www.schramas.com\/de\/produktkategorie\/baume-und-straucher\/obststraucher\/"},{"@type":"ListItem","position":4,"name":"Aalbessen","item":"https:\/\/www.schramas.com\/product-category\/bomen-struiken\/fruitstruiken\/aalbessen\/"},{"@type":"ListItem","position":5,"name":"Set van 4 Aalbessen op stam &#8211; Ribes rubrum &#8216;Jonkheer van Tets&#8217; &#8211; Aalbes op stam &#8211; Hoogte +80cm &#8211; 3L pot"}]},{"@type":"WebSite","@id":"https:\/\/www.schramas.com\/#website","url":"https:\/\/www.schramas.com\/","name":"Schramas.com | Tr\u00e4dg\u00e5rdsv\u00e4xter som enkelt kan best\u00e4llas online | Direkt fr\u00e5n v\u00e5r plantskola","description":"","alternateName":"Schramas.com - Alle planten direct van de kweker","potentialAction":[{"@type":"SearchAction","target":{"@type":"EntryPoint","urlTemplate":"https:\/\/www.schramas.com\/?s={search_term_string}"},"query-input":{"@type":"PropertyValueSpecification","valueRequired":true,"valueName":"search_term_string"}}],"inLanguage":"sv-SE"}]}},"_links":{"self":[{"href":"https:\/\/www.schramas.com\/se\/wp-json\/wp\/v2\/product\/22676","targetHints":{"allow":["GET"]}}],"collection":[{"href":"https:\/\/www.schramas.com\/se\/wp-json\/wp\/v2\/product"}],"about":[{"href":"https:\/\/www.schramas.com\/se\/wp-json\/wp\/v2\/types\/product"}],"version-history":[{"count":0,"href":"https:\/\/www.schramas.com\/se\/wp-json\/wp\/v2\/product\/22676\/revisions"}],"wp:featuredmedia":[{"embeddable":true,"href":"https:\/\/www.schramas.com\/se\/wp-json\/wp\/v2\/media\/22677"}],"wp:attachment":[{"href":"https:\/\/www.schramas.com\/se\/wp-json\/wp\/v2\/media?parent=22676"}],"wp:term":[{"taxonomy":"product_brand","embeddable":true,"href":"https:\/\/www.schramas.com\/se\/wp-json\/wp\/v2\/product_brand?post=22676"},{"taxonomy":"product_cat","embeddable":true,"href":"https:\/\/www.schramas.com\/se\/wp-json\/wp\/v2\/product_cat?post=22676"},{"taxonomy":"product_tag","embeddable":true,"href":"https:\/\/www.schramas.com\/se\/wp-json\/wp\/v2\/product_tag?post=22676"}],"curies":[{"name":"wp","href":"https:\/\/api.w.org\/{rel}","templated":true}]}}