{"id":23184,"date":"2023-03-07T15:58:52","date_gmt":"2023-03-07T14:58:52","guid":{"rendered":"https:\/\/www.schramas.com\/?post_type=product&#038;p=23184"},"modified":"2026-04-28T13:18:40","modified_gmt":"2026-04-28T11:18:40","slug":"set-med-4-fruktplantor-1-gojibar-1-bjornbar-1-aronia-1-tranbar-hojd-15-30-cm-9-cm-krukamix-b","status":"publish","type":"product","link":"https:\/\/www.schramas.com\/se\/butik\/set-med-4-fruktplantor-1-gojibar-1-bjornbar-1-aronia-1-tranbar-hojd-15-30-cm-9-cm-krukamix-b\/","title":{"rendered":"Set med 4 fruktv\u00e4xter - 1 gojib\u00e4r, 1 bj\u00f6rnb\u00e4r, 1 \u00e4ppelb\u00e4r, 1 tranb\u00e4r - h\u00f6jd 15\/30 cm - 9 cm kruka - Mix B"},"content":{"rendered":"<p><b>Gojib\u00e4rsort: Lycium barbarum, gojib\u00e4r<\/b><\/p>\n<p>Lycium Barbarum, mer k\u00e4nd som Gojib\u00e4ret eller Boxthorn, \u00e4r en vinterh\u00e4rdig buske som kommer fr\u00e5n Kina och Tibet. Denna snabbv\u00e4xande v\u00e4xt trivs i mager jord och t\u00e5l havsvindar. P\u00e5 v\u00e5ren v\u00e4xer de l\u00e5ngstr\u00e4ckta l\u00f6ven och under blomningen dyker det upp lila blommor p\u00e5 det ett\u00e5riga tr\u00e4et. Efter blomningen bildas ovala frukter som \u00e4r gr\u00f6na till en b\u00f6rjan och blir oranger\u00f6da n\u00e4r de \u00e4r mogna. B\u00e4ren \u00e4r mycket medicinska och inneh\u00e5ller vitaminer, karoten och aminosyror. De hj\u00e4lper mot olika besv\u00e4r som f\u00f6r tidigt \u00e5ldrande och luftv\u00e4gssjukdomar. Gojib\u00e4ret kan bearbetas till sylt, juice, gel\u00e9, torkas till vinb\u00e4r eller till och med anv\u00e4ndas f\u00f6r att g\u00f6ra te. Observera att busken har vassa taggar och \u00e4r l\u00e4mplig f\u00f6r att bilda en ogenomtr\u00e4nglig h\u00e4ck p\u00e5 upp till 150-200 cm.<\/p>\n<p><strong>Produktspecifikationer<\/strong><\/p>\n<ul>\n<li>Lycium barbarum, gojib\u00e4r<\/li>\n<li>Smak: frisk smak av vinb\u00e4r.<\/li>\n<li>Fruktens f\u00e4rg: orange-r\u00f6d<\/li>\n<li>H\u00f6jd max: 2 meter<\/li>\n<li>Taggig buske l\u00e4mplig som avgr\u00e4nsande h\u00e4ck<\/li>\n<li>Sj\u00e4lvpollinerande<\/li>\n<li>L\u00e4mplig f\u00f6r b\u00e5de uteplats och \u00f6ppen mark.<\/li>\n<li>Leveransh\u00f6jd inkl kruka: 25 till 30 cm<\/li>\n<\/ul>\n<p>&nbsp;<\/p>\n<p><b>Blackberry sort: Rubus fruticosus &#039;Loch Ness&#039;\u00a0<\/b><\/p>\n<p>M\u00f6t Rubus fruticosus &#039;Loch Ness&#039;, en stark bj\u00f6rnb\u00e4rsv\u00e4xt som b\u00e4r frukt tidigt och forts\u00e4tter att producera under l\u00e5ng tid (fr\u00e5n augusti till oktober). De stora, s\u00f6ta och aromatiska frukterna \u00e4r elliptiska till formen och l\u00e4tta att plocka. Denna sjukdomsresistenta v\u00e4xt f\u00f6ddes upp 1983 genom att korsa flera arter i Skottland och har en stor avkastning. Den har bra motst\u00e5ndskraft mot dunm\u00f6gel, men vinterskydd under -15c grader rekommenderas. Vinstocken har inga ryggar och kan utveckla skott upp till 3 meter l\u00e5nga. Det \u00e4r en av de b\u00e4ttre ryggradsl\u00f6sa bj\u00f6rnb\u00e4rssorterna och kan plockas varje vecka. Idealisk f\u00f6r frysning.<\/p>\n<p><strong>Produktspecifikationer<\/strong><\/p>\n<ul>\n<li>Rubus fruticosus &#039;Loch Ness&#039;<\/li>\n<li>Utbyte: s\u00f6ta avl\u00e5nga bj\u00f6rnb\u00e4r<\/li>\n<li>F\u00e4rg: Svart frukt<\/li>\n<li>Hardy<\/li>\n<li>Sj\u00e4lvpollinerande<\/li>\n<li>Max. h\u00f6jd: ca 250 cm i \u00f6ppen mark<\/li>\n<\/ul>\n<p>&nbsp;<\/p>\n<p><b>Chokeberry sort: Aronia prunifolia &#039;Viking&#039;\u00a0<\/b><\/p>\n<p>Aronia prunifolia &#039;Viking&#039; \u00e4r ett utm\u00e4rkt val f\u00f6r en solig eller halvskuggig tr\u00e4dg\u00e5rd. V\u00e4xten blommar i maj med vitrosa, doftande blommor som utvecklas till auberginesvarta b\u00e4r med mycket n\u00e4ring. B\u00e4ren har en syrlig smak, men uppskattas av f\u00e5glar och kan g\u00f6ras till saft, gel\u00e9 eller sylt. Bladen \u00e4ndrar f\u00e4rg p\u00e5 h\u00f6sten till en vacker f\u00e4rgkombination av gult, r\u00f6tt och lila. Aronia prunifolia &#039;Viking&#039; \u00e4r sj\u00e4lvpollinerande, vinterh\u00e4rdig och l\u00f6vf\u00e4llande.<\/p>\n<p><strong>Produktspecifikationer<\/strong><\/p>\n<ul>\n<li>Aronia prunifolia &#039;Viking&#039;<\/li>\n<li>\u00c4ppelb\u00e4r<\/li>\n<li>Smak: frisk syrlig smak.<\/li>\n<li>Fruktens f\u00e4rg: svart<\/li>\n<li>H\u00f6jd max: 2 meter<\/li>\n<li>Buske l\u00e4mplig som avskiljande h\u00e4ck eller solit\u00e4r.<\/li>\n<li>Sj\u00e4lvpollinerande<\/li>\n<li>L\u00e4mplig f\u00f6r b\u00e5de uteplats och \u00f6ppen mark.<\/li>\n<li>Leveransh\u00f6jd inkl. kruka: +\/_30 cm<\/li>\n<\/ul>\n<p>&nbsp;<\/p>\n<p><b>Tranb\u00e4rssort: Vaccinium Macrocarpon &#039;Howes&#039;\u00a0<\/b><\/p>\n<p>Vaccinium Macrocarpon &#039;Howes&#039; \u00e4r en vacker vintergr\u00f6n fruktbuske k\u00e4nd f\u00f6r sina saftiga och smakrika tranb\u00e4r. Denna l\u00e5gv\u00e4xande buske v\u00e4xer till en h\u00f6jd av 30-50 cm och har en spridning p\u00e5 0,5-1m, vilket g\u00f6r den till ett utm\u00e4rkt val f\u00f6r odling i kallare klimat.<\/p>\n<p>P\u00e5 senv\u00e5ren eller f\u00f6rsommaren blommar Vaccinium Macrocarpon &#039;Howes&#039; med rosa blommor, som sedan ger vika f\u00f6r en riklig sk\u00f6rd av karmosinr\u00f6da tranb\u00e4r i mitten av h\u00f6sten. V\u00e4xtens m\u00f6rkgr\u00f6na blad \u00e4ndras till en vacker brons eller r\u00f6d f\u00e4rg p\u00e5 vintern, vilket g\u00f6r den till ett vackert tillskott till alla tr\u00e4dg\u00e5rdar eller landskap.<\/p>\n<p><strong>Produktspecifikationer<\/strong><\/p>\n<ul>\n<li>Vaccinium Macrocarpon &#039;Howes&#039;<\/li>\n<li>Tranb\u00e4r<\/li>\n<li>Smak: fr\u00e4sch och syrlig<\/li>\n<li>Fruktens f\u00e4rg: r\u00f6d<\/li>\n<li>Max h\u00f6jd: ca 0,5 meter<\/li>\n<li>Markt\u00e4ckning<\/li>\n<li>Sj\u00e4lvpollinerande<\/li>\n<li>Leveransh\u00f6jd inkl kruka: ca 15 cm<\/li>\n<li>L\u00e4mplig f\u00f6r b\u00e5de uteplats och \u00f6ppen mark.<\/li>\n<\/ul>","protected":false},"excerpt":{"rendered":"<p>Gojib\u00e4rsort: Lycium barbarum, gojib\u00e4r<\/p>\n<p>Blackberry sort: Rubus fruticosus &#039;Loch Ness&#039;<\/p>\n<p>Chokeberry sort: Aronia prunifolia &#039;Viking&#039;<\/p>\n<p>Tranb\u00e4rssort: Vaccinium Macrocarpon &#039;Howes&#039;<\/p>\n<p>Leveransh\u00f6jd inkl. kruka: ca 15\/30 cm<\/p>\n<p>Krukstorlek: 9cm kruka<\/p>\n<p>L\u00e4mplig f\u00f6r b\u00e5de uteplats och \u00f6ppen mark<\/p>","protected":false},"featured_media":23185,"template":"","meta":{"_joinchat":[]},"product_brand":[],"product_cat":[48,262,44,1011,234,46,867],"product_tag":[550,807,1048,1047,1050,654,653,1049],"class_list":{"0":"post-23184","1":"product","2":"type-product","3":"status-publish","4":"has-post-thumbnail","6":"product_cat-appelbes","7":"product_cat-bomen-struiken","8":"product_cat-bramen","9":"product_cat-fruit-deals","10":"product_cat-fruitstruiken","11":"product_cat-lonicera","12":"product_cat-pakket-deals","13":"product_tag-appelbes","14":"product_tag-bramen","15":"product_tag-cranberry","16":"product_tag-fruitplanten-set","17":"product_tag-gojiberry","18":"product_tag-gojibes","19":"product_tag-lycium","20":"product_tag-veenbes","22":"first","23":"instock","24":"taxable","25":"shipping-taxable","26":"purchasable","27":"product-type-simple"},"yoast_head":"<!-- This site is optimized with the Yoast SEO plugin v24.2 - https:\/\/yoast.com\/wordpress\/plugins\/seo\/ -->\n<title>Set van 4 Fruitplanten - 1 Gojibes, 1 Braam, 1 Appelbes, 1 Cranberry - Hoogte 15\/30cm - 9cm pot - Mix B kopen | Planten eenvoudig online bestellen | Schramas.com<\/title>\n<meta name=\"robots\" content=\"index, follow, max-snippet:-1, max-image-preview:large, max-video-preview:-1\" \/>\n<link rel=\"canonical\" href=\"https:\/\/www.schramas.com\/se\/butik\/set-med-4-fruktplantor-1-gojibar-1-bjornbar-1-aronia-1-tranbar-hojd-15-30-cm-9-cm-krukamix-b\/\" \/>\n<meta property=\"og:locale\" content=\"sv_SE\" \/>\n<meta property=\"og:type\" content=\"article\" \/>\n<meta property=\"og:title\" content=\"Set van 4 Fruitplanten - 1 Gojibes, 1 Braam, 1 Appelbes, 1 Cranberry - Hoogte 15\/30cm - 9cm pot - Mix B kopen | Planten eenvoudig online bestellen | Schramas.com\" \/>\n<meta property=\"og:description\" content=\"Gojiberry vari\u00ebteit: Lycium barbarum, goji bes  Braam vari\u00ebteit: Rubus fruticosus &#039;Loch Ness&#039;  Appelbes vari\u00ebteit: Aronia prunifolia &#039;Viking&#039;  Cranberry vari\u00ebteit: Vaccinium Macrocarpon &#039;Howes&#039;  Leverhoogte incl. pot: ca. 15\/30cm  Potmaat: 9cm pot  Geschikt voor zowel patio als volle grond\" \/>\n<meta property=\"og:url\" content=\"https:\/\/www.schramas.com\/se\/butik\/set-med-4-fruktplantor-1-gojibar-1-bjornbar-1-aronia-1-tranbar-hojd-15-30-cm-9-cm-krukamix-b\/\" \/>\n<meta property=\"og:site_name\" content=\"Planten eenvoudig online bestellen | Schramas.com\" \/>\n<meta property=\"article:publisher\" content=\"https:\/\/www.facebook.com\/Schramascom-106872874153195\/\" \/>\n<meta property=\"article:modified_time\" content=\"2026-04-28T11:18:40+00:00\" \/>\n<meta property=\"og:image\" content=\"http:\/\/www.schramas.com\/wp-content\/uploads\/2023\/03\/Set-van-4-fruitplanten-Mix-B.png\" \/>\n\t<meta property=\"og:image:width\" content=\"701\" \/>\n\t<meta property=\"og:image:height\" content=\"701\" \/>\n\t<meta property=\"og:image:type\" content=\"image\/png\" \/>\n<meta name=\"twitter:card\" content=\"summary_large_image\" \/>\n<meta name=\"twitter:label1\" content=\"Ber\u00e4knad l\u00e4stid\" \/>\n\t<meta name=\"twitter:data1\" content=\"3 minuter\" \/>\n<script type=\"application\/ld+json\" class=\"yoast-schema-graph\">{\"@context\":\"https:\/\/schema.org\",\"@graph\":[{\"@type\":[\"WebPage\",\"ItemPage\"],\"@id\":\"https:\/\/www.schramas.com\/winkel\/set-van-4-fruitplanten-1-gojibes-1-braam-1-appelbes-1-cranberry-hoogte-15-30cm-9cm-pot-mix-b\/\",\"url\":\"https:\/\/www.schramas.com\/winkel\/set-van-4-fruitplanten-1-gojibes-1-braam-1-appelbes-1-cranberry-hoogte-15-30cm-9cm-pot-mix-b\/\",\"name\":\"Set van 4 Fruitplanten - 1 Gojibes, 1 Braam, 1 Appelbes, 1 Cranberry - Hoogte 15\/30cm - 9cm pot - Mix B kopen | Planten eenvoudig online bestellen | Schramas.com\",\"isPartOf\":{\"@id\":\"https:\/\/www.schramas.com\/#website\"},\"primaryImageOfPage\":{\"@id\":\"https:\/\/www.schramas.com\/winkel\/set-van-4-fruitplanten-1-gojibes-1-braam-1-appelbes-1-cranberry-hoogte-15-30cm-9cm-pot-mix-b\/#primaryimage\"},\"image\":{\"@id\":\"https:\/\/www.schramas.com\/winkel\/set-van-4-fruitplanten-1-gojibes-1-braam-1-appelbes-1-cranberry-hoogte-15-30cm-9cm-pot-mix-b\/#primaryimage\"},\"thumbnailUrl\":\"https:\/\/www.schramas.com\/wp-content\/uploads\/2023\/03\/Set-van-4-fruitplanten-Mix-B.png\",\"datePublished\":\"2023-03-07T14:58:52+00:00\",\"dateModified\":\"2026-04-28T11:18:40+00:00\",\"breadcrumb\":{\"@id\":\"https:\/\/www.schramas.com\/winkel\/set-van-4-fruitplanten-1-gojibes-1-braam-1-appelbes-1-cranberry-hoogte-15-30cm-9cm-pot-mix-b\/#breadcrumb\"},\"inLanguage\":\"sv-SE\",\"potentialAction\":[{\"@type\":\"ReadAction\",\"target\":[\"https:\/\/www.schramas.com\/winkel\/set-van-4-fruitplanten-1-gojibes-1-braam-1-appelbes-1-cranberry-hoogte-15-30cm-9cm-pot-mix-b\/\"]}]},{\"@type\":\"ImageObject\",\"inLanguage\":\"sv-SE\",\"@id\":\"https:\/\/www.schramas.com\/winkel\/set-van-4-fruitplanten-1-gojibes-1-braam-1-appelbes-1-cranberry-hoogte-15-30cm-9cm-pot-mix-b\/#primaryimage\",\"url\":\"https:\/\/www.schramas.com\/wp-content\/uploads\/2023\/03\/Set-van-4-fruitplanten-Mix-B.png\",\"contentUrl\":\"https:\/\/www.schramas.com\/wp-content\/uploads\/2023\/03\/Set-van-4-fruitplanten-Mix-B.png\",\"width\":701,\"height\":701},{\"@type\":\"BreadcrumbList\",\"@id\":\"https:\/\/www.schramas.com\/winkel\/set-van-4-fruitplanten-1-gojibes-1-braam-1-appelbes-1-cranberry-hoogte-15-30cm-9cm-pot-mix-b\/#breadcrumb\",\"itemListElement\":[{\"@type\":\"ListItem\",\"position\":1,\"name\":\"Product\",\"item\":\"https:\/\/www.schramas.com\/assortiment\/\"},{\"@type\":\"ListItem\",\"position\":2,\"name\":\"Bomen &amp; Struiken\",\"item\":\"https:\/\/www.schramas.com\/product-category\/bomen-struiken\/\"},{\"@type\":\"ListItem\",\"position\":3,\"name\":\"Fruitstruiken\",\"item\":\"https:\/\/www.schramas.com\/de\/produktkategorie\/baume-und-straucher\/obststraucher\/\"},{\"@type\":\"ListItem\",\"position\":4,\"name\":\"Appelbes\",\"item\":\"https:\/\/www.schramas.com\/product-category\/bomen-struiken\/fruitstruiken\/appelbes\/\"},{\"@type\":\"ListItem\",\"position\":5,\"name\":\"Set van 4 Fruitplanten &#8211; 1 Gojibes, 1 Braam, 1 Appelbes, 1 Cranberry &#8211; Hoogte 15\/30cm &#8211; 9cm pot &#8211; Mix B\"}]},{\"@type\":\"WebSite\",\"@id\":\"https:\/\/www.schramas.com\/#website\",\"url\":\"https:\/\/www.schramas.com\/\",\"name\":\"Schramas.com | Tuinplanten eenvoudig online bestellen | Direct van onze Kwekerij\",\"description\":\"\",\"alternateName\":\"Schramas.com - Alle planten direct van de kweker\",\"potentialAction\":[{\"@type\":\"SearchAction\",\"target\":{\"@type\":\"EntryPoint\",\"urlTemplate\":\"https:\/\/www.schramas.com\/?s={search_term_string}\"},\"query-input\":{\"@type\":\"PropertyValueSpecification\",\"valueRequired\":true,\"valueName\":\"search_term_string\"}}],\"inLanguage\":\"sv-SE\"}]}<\/script>\n<!-- \/ Yoast SEO plugin. -->","yoast_head_json":{"title":"Set med 4 fruktplantor - 1 Gojiberry, 1 Blackberry, 1 Chokeberry, 1 Tranb\u00e4r - H\u00f6jd 15\/30cm - 9cm kruka - K\u00f6p Mix B | Best\u00e4ll enkelt v\u00e4xter online | Schramas.com","robots":{"index":"index","follow":"follow","max-snippet":"max-snippet:-1","max-image-preview":"max-image-preview:large","max-video-preview":"max-video-preview:-1"},"canonical":"https:\/\/www.schramas.com\/se\/butik\/set-med-4-fruktplantor-1-gojibar-1-bjornbar-1-aronia-1-tranbar-hojd-15-30-cm-9-cm-krukamix-b\/","og_locale":"sv_SE","og_type":"article","og_title":"Set van 4 Fruitplanten - 1 Gojibes, 1 Braam, 1 Appelbes, 1 Cranberry - Hoogte 15\/30cm - 9cm pot - Mix B kopen | Planten eenvoudig online bestellen | Schramas.com","og_description":"Gojiberry vari\u00ebteit: Lycium barbarum, goji bes  Braam vari\u00ebteit: Rubus fruticosus 'Loch Ness'  Appelbes vari\u00ebteit: Aronia prunifolia 'Viking'  Cranberry vari\u00ebteit: Vaccinium Macrocarpon 'Howes'  Leverhoogte incl. pot: ca. 15\/30cm  Potmaat: 9cm pot  Geschikt voor zowel patio als volle grond","og_url":"https:\/\/www.schramas.com\/se\/butik\/set-med-4-fruktplantor-1-gojibar-1-bjornbar-1-aronia-1-tranbar-hojd-15-30-cm-9-cm-krukamix-b\/","og_site_name":"Planten eenvoudig online bestellen | Schramas.com","article_publisher":"https:\/\/www.facebook.com\/Schramascom-106872874153195\/","article_modified_time":"2026-04-28T11:18:40+00:00","og_image":[{"width":701,"height":701,"url":"http:\/\/www.schramas.com\/wp-content\/uploads\/2023\/03\/Set-van-4-fruitplanten-Mix-B.png","type":"image\/png"}],"twitter_card":"summary_large_image","twitter_misc":{"Ber\u00e4knad l\u00e4stid":"3 minuter"},"schema":{"@context":"https:\/\/schema.org","@graph":[{"@type":["WebPage","ItemPage"],"@id":"https:\/\/www.schramas.com\/winkel\/set-van-4-fruitplanten-1-gojibes-1-braam-1-appelbes-1-cranberry-hoogte-15-30cm-9cm-pot-mix-b\/","url":"https:\/\/www.schramas.com\/winkel\/set-van-4-fruitplanten-1-gojibes-1-braam-1-appelbes-1-cranberry-hoogte-15-30cm-9cm-pot-mix-b\/","name":"Set med 4 fruktplantor - 1 Gojiberry, 1 Blackberry, 1 Chokeberry, 1 Tranb\u00e4r - H\u00f6jd 15\/30cm - 9cm kruka - K\u00f6p Mix B | Best\u00e4ll enkelt v\u00e4xter online | Schramas.com","isPartOf":{"@id":"https:\/\/www.schramas.com\/#website"},"primaryImageOfPage":{"@id":"https:\/\/www.schramas.com\/winkel\/set-van-4-fruitplanten-1-gojibes-1-braam-1-appelbes-1-cranberry-hoogte-15-30cm-9cm-pot-mix-b\/#primaryimage"},"image":{"@id":"https:\/\/www.schramas.com\/winkel\/set-van-4-fruitplanten-1-gojibes-1-braam-1-appelbes-1-cranberry-hoogte-15-30cm-9cm-pot-mix-b\/#primaryimage"},"thumbnailUrl":"https:\/\/www.schramas.com\/wp-content\/uploads\/2023\/03\/Set-van-4-fruitplanten-Mix-B.png","datePublished":"2023-03-07T14:58:52+00:00","dateModified":"2026-04-28T11:18:40+00:00","breadcrumb":{"@id":"https:\/\/www.schramas.com\/winkel\/set-van-4-fruitplanten-1-gojibes-1-braam-1-appelbes-1-cranberry-hoogte-15-30cm-9cm-pot-mix-b\/#breadcrumb"},"inLanguage":"sv-SE","potentialAction":[{"@type":"ReadAction","target":["https:\/\/www.schramas.com\/winkel\/set-van-4-fruitplanten-1-gojibes-1-braam-1-appelbes-1-cranberry-hoogte-15-30cm-9cm-pot-mix-b\/"]}]},{"@type":"ImageObject","inLanguage":"sv-SE","@id":"https:\/\/www.schramas.com\/winkel\/set-van-4-fruitplanten-1-gojibes-1-braam-1-appelbes-1-cranberry-hoogte-15-30cm-9cm-pot-mix-b\/#primaryimage","url":"https:\/\/www.schramas.com\/wp-content\/uploads\/2023\/03\/Set-van-4-fruitplanten-Mix-B.png","contentUrl":"https:\/\/www.schramas.com\/wp-content\/uploads\/2023\/03\/Set-van-4-fruitplanten-Mix-B.png","width":701,"height":701},{"@type":"BreadcrumbList","@id":"https:\/\/www.schramas.com\/winkel\/set-van-4-fruitplanten-1-gojibes-1-braam-1-appelbes-1-cranberry-hoogte-15-30cm-9cm-pot-mix-b\/#breadcrumb","itemListElement":[{"@type":"ListItem","position":1,"name":"Product","item":"https:\/\/www.schramas.com\/assortiment\/"},{"@type":"ListItem","position":2,"name":"Bomen &amp; Struiken","item":"https:\/\/www.schramas.com\/product-category\/bomen-struiken\/"},{"@type":"ListItem","position":3,"name":"Fruitstruiken","item":"https:\/\/www.schramas.com\/de\/produktkategorie\/baume-und-straucher\/obststraucher\/"},{"@type":"ListItem","position":4,"name":"Appelbes","item":"https:\/\/www.schramas.com\/product-category\/bomen-struiken\/fruitstruiken\/appelbes\/"},{"@type":"ListItem","position":5,"name":"Set van 4 Fruitplanten &#8211; 1 Gojibes, 1 Braam, 1 Appelbes, 1 Cranberry &#8211; Hoogte 15\/30cm &#8211; 9cm pot &#8211; Mix B"}]},{"@type":"WebSite","@id":"https:\/\/www.schramas.com\/#website","url":"https:\/\/www.schramas.com\/","name":"Schramas.com | Tr\u00e4dg\u00e5rdsv\u00e4xter som enkelt kan best\u00e4llas online | Direkt fr\u00e5n v\u00e5r plantskola","description":"","alternateName":"Schramas.com - Alle planten direct van de kweker","potentialAction":[{"@type":"SearchAction","target":{"@type":"EntryPoint","urlTemplate":"https:\/\/www.schramas.com\/?s={search_term_string}"},"query-input":{"@type":"PropertyValueSpecification","valueRequired":true,"valueName":"search_term_string"}}],"inLanguage":"sv-SE"}]}},"_links":{"self":[{"href":"https:\/\/www.schramas.com\/se\/wp-json\/wp\/v2\/product\/23184","targetHints":{"allow":["GET"]}}],"collection":[{"href":"https:\/\/www.schramas.com\/se\/wp-json\/wp\/v2\/product"}],"about":[{"href":"https:\/\/www.schramas.com\/se\/wp-json\/wp\/v2\/types\/product"}],"version-history":[{"count":1,"href":"https:\/\/www.schramas.com\/se\/wp-json\/wp\/v2\/product\/23184\/revisions"}],"predecessor-version":[{"id":48581,"href":"https:\/\/www.schramas.com\/se\/wp-json\/wp\/v2\/product\/23184\/revisions\/48581"}],"wp:featuredmedia":[{"embeddable":true,"href":"https:\/\/www.schramas.com\/se\/wp-json\/wp\/v2\/media\/23185"}],"wp:attachment":[{"href":"https:\/\/www.schramas.com\/se\/wp-json\/wp\/v2\/media?parent=23184"}],"wp:term":[{"taxonomy":"product_brand","embeddable":true,"href":"https:\/\/www.schramas.com\/se\/wp-json\/wp\/v2\/product_brand?post=23184"},{"taxonomy":"product_cat","embeddable":true,"href":"https:\/\/www.schramas.com\/se\/wp-json\/wp\/v2\/product_cat?post=23184"},{"taxonomy":"product_tag","embeddable":true,"href":"https:\/\/www.schramas.com\/se\/wp-json\/wp\/v2\/product_tag?post=23184"}],"curies":[{"name":"wp","href":"https:\/\/api.w.org\/{rel}","templated":true}]}}