{"id":24744,"date":"2023-04-25T11:25:02","date_gmt":"2023-04-25T09:25:02","guid":{"rendered":"https:\/\/www.schramas.com\/?post_type=product&#038;p=24744"},"modified":"2026-03-11T19:23:39","modified_gmt":"2026-03-11T18:23:39","slug":"akta-kamomill-matricaria-chamomilla-tysk-kamomill","status":"publish","type":"product","link":"https:\/\/www.schramas.com\/se\/butik\/akta-kamomill-matricaria-chamomilla-tysk-kamomill\/","title":{"rendered":"Kamomill (Matricaria chamomilla \/ tysk kamomill)"},"content":{"rendered":"","protected":false},"excerpt":{"rendered":"","protected":false},"featured_media":24750,"template":"","meta":{"_joinchat":[]},"product_brand":[],"product_cat":[1054,1051],"product_tag":[],"class_list":{"0":"post-24744","1":"product","2":"type-product","3":"status-publish","4":"has-post-thumbnail","6":"product_cat-bloemen","7":"product_cat-zaden","9":"first","10":"instock","11":"taxable","12":"shipping-taxable","13":"purchasable","14":"product-type-simple"},"yoast_head":"<!-- This site is optimized with the Yoast SEO plugin v24.2 - https:\/\/yoast.com\/wordpress\/plugins\/seo\/ -->\n<title>Echte Kamille (Matricaria chamomilla \/ German chamomile) kopen | Planten eenvoudig online bestellen | Schramas.com<\/title>\n<meta name=\"robots\" content=\"index, follow, max-snippet:-1, max-image-preview:large, max-video-preview:-1\" \/>\n<link rel=\"canonical\" href=\"https:\/\/www.schramas.com\/se\/butik\/akta-kamomill-matricaria-chamomilla-tysk-kamomill\/\" \/>\n<meta property=\"og:locale\" content=\"sv_SE\" \/>\n<meta property=\"og:type\" content=\"article\" \/>\n<meta property=\"og:title\" content=\"Echte Kamille (Matricaria chamomilla \/ German chamomile) kopen | Planten eenvoudig online bestellen | Schramas.com\" \/>\n<meta property=\"og:url\" content=\"https:\/\/www.schramas.com\/se\/butik\/akta-kamomill-matricaria-chamomilla-tysk-kamomill\/\" \/>\n<meta property=\"og:site_name\" content=\"Planten eenvoudig online bestellen | Schramas.com\" \/>\n<meta property=\"article:publisher\" content=\"https:\/\/www.facebook.com\/Schramascom-106872874153195\/\" \/>\n<meta property=\"article:modified_time\" content=\"2026-03-11T18:23:39+00:00\" \/>\n<meta property=\"og:image\" content=\"https:\/\/www.schramas.com\/wp-content\/uploads\/2023\/04\/German-chamomikke.jpg\" \/>\n\t<meta property=\"og:image:width\" content=\"1600\" \/>\n\t<meta property=\"og:image:height\" content=\"1600\" \/>\n\t<meta property=\"og:image:type\" content=\"image\/jpeg\" \/>\n<meta name=\"twitter:card\" content=\"summary_large_image\" \/>\n<script type=\"application\/ld+json\" class=\"yoast-schema-graph\">{\"@context\":\"https:\/\/schema.org\",\"@graph\":[{\"@type\":[\"WebPage\",\"ItemPage\"],\"@id\":\"https:\/\/www.schramas.com\/winkel\/echte-kamille-matricaria-chamomilla-german-chamomile\/\",\"url\":\"https:\/\/www.schramas.com\/winkel\/echte-kamille-matricaria-chamomilla-german-chamomile\/\",\"name\":\"Echte Kamille (Matricaria chamomilla \/ German chamomile) kopen | Planten eenvoudig online bestellen | Schramas.com\",\"isPartOf\":{\"@id\":\"https:\/\/www.schramas.com\/#website\"},\"primaryImageOfPage\":{\"@id\":\"https:\/\/www.schramas.com\/winkel\/echte-kamille-matricaria-chamomilla-german-chamomile\/#primaryimage\"},\"image\":{\"@id\":\"https:\/\/www.schramas.com\/winkel\/echte-kamille-matricaria-chamomilla-german-chamomile\/#primaryimage\"},\"thumbnailUrl\":\"https:\/\/www.schramas.com\/wp-content\/uploads\/2023\/04\/German-chamomikke.jpg\",\"datePublished\":\"2023-04-25T09:25:02+00:00\",\"dateModified\":\"2026-03-11T18:23:39+00:00\",\"breadcrumb\":{\"@id\":\"https:\/\/www.schramas.com\/winkel\/echte-kamille-matricaria-chamomilla-german-chamomile\/#breadcrumb\"},\"inLanguage\":\"sv-SE\",\"potentialAction\":[{\"@type\":\"ReadAction\",\"target\":[\"https:\/\/www.schramas.com\/winkel\/echte-kamille-matricaria-chamomilla-german-chamomile\/\"]}]},{\"@type\":\"ImageObject\",\"inLanguage\":\"sv-SE\",\"@id\":\"https:\/\/www.schramas.com\/winkel\/echte-kamille-matricaria-chamomilla-german-chamomile\/#primaryimage\",\"url\":\"https:\/\/www.schramas.com\/wp-content\/uploads\/2023\/04\/German-chamomikke.jpg\",\"contentUrl\":\"https:\/\/www.schramas.com\/wp-content\/uploads\/2023\/04\/German-chamomikke.jpg\",\"width\":1600,\"height\":1600},{\"@type\":\"BreadcrumbList\",\"@id\":\"https:\/\/www.schramas.com\/winkel\/echte-kamille-matricaria-chamomilla-german-chamomile\/#breadcrumb\",\"itemListElement\":[{\"@type\":\"ListItem\",\"position\":1,\"name\":\"Product\",\"item\":\"https:\/\/www.schramas.com\/assortiment\/\"},{\"@type\":\"ListItem\",\"position\":2,\"name\":\"Zaden\",\"item\":\"https:\/\/www.schramas.com\/product-category\/zaden\/\"},{\"@type\":\"ListItem\",\"position\":3,\"name\":\"Bloemen zaad\",\"item\":\"https:\/\/www.schramas.com\/product-category\/zaden\/bloemen\/\"},{\"@type\":\"ListItem\",\"position\":4,\"name\":\"Echte Kamille (Matricaria chamomilla \/ German chamomile)\"}]},{\"@type\":\"WebSite\",\"@id\":\"https:\/\/www.schramas.com\/#website\",\"url\":\"https:\/\/www.schramas.com\/\",\"name\":\"Schramas.com | Tuinplanten eenvoudig online bestellen | Direct van onze Kwekerij\",\"description\":\"\",\"alternateName\":\"Schramas.com - Alle planten direct van de kweker\",\"potentialAction\":[{\"@type\":\"SearchAction\",\"target\":{\"@type\":\"EntryPoint\",\"urlTemplate\":\"https:\/\/www.schramas.com\/?s={search_term_string}\"},\"query-input\":{\"@type\":\"PropertyValueSpecification\",\"valueRequired\":true,\"valueName\":\"search_term_string\"}}],\"inLanguage\":\"sv-SE\"}]}<\/script>\n<!-- \/ Yoast SEO plugin. -->","yoast_head_json":{"title":"K\u00f6p \u00e4kta kamomill (Matricaria chamomilla \/ tysk kamomill) | V\u00e4xter enkel onlinebest\u00e4llning | Schramas.com","robots":{"index":"index","follow":"follow","max-snippet":"max-snippet:-1","max-image-preview":"max-image-preview:large","max-video-preview":"max-video-preview:-1"},"canonical":"https:\/\/www.schramas.com\/se\/butik\/akta-kamomill-matricaria-chamomilla-tysk-kamomill\/","og_locale":"sv_SE","og_type":"article","og_title":"Echte Kamille (Matricaria chamomilla \/ German chamomile) kopen | Planten eenvoudig online bestellen | Schramas.com","og_url":"https:\/\/www.schramas.com\/se\/butik\/akta-kamomill-matricaria-chamomilla-tysk-kamomill\/","og_site_name":"Planten eenvoudig online bestellen | Schramas.com","article_publisher":"https:\/\/www.facebook.com\/Schramascom-106872874153195\/","article_modified_time":"2026-03-11T18:23:39+00:00","og_image":[{"width":1600,"height":1600,"url":"https:\/\/www.schramas.com\/wp-content\/uploads\/2023\/04\/German-chamomikke.jpg","type":"image\/jpeg"}],"twitter_card":"summary_large_image","schema":{"@context":"https:\/\/schema.org","@graph":[{"@type":["WebPage","ItemPage"],"@id":"https:\/\/www.schramas.com\/winkel\/echte-kamille-matricaria-chamomilla-german-chamomile\/","url":"https:\/\/www.schramas.com\/winkel\/echte-kamille-matricaria-chamomilla-german-chamomile\/","name":"K\u00f6p \u00e4kta kamomill (Matricaria chamomilla \/ tysk kamomill) | V\u00e4xter enkel onlinebest\u00e4llning | Schramas.com","isPartOf":{"@id":"https:\/\/www.schramas.com\/#website"},"primaryImageOfPage":{"@id":"https:\/\/www.schramas.com\/winkel\/echte-kamille-matricaria-chamomilla-german-chamomile\/#primaryimage"},"image":{"@id":"https:\/\/www.schramas.com\/winkel\/echte-kamille-matricaria-chamomilla-german-chamomile\/#primaryimage"},"thumbnailUrl":"https:\/\/www.schramas.com\/wp-content\/uploads\/2023\/04\/German-chamomikke.jpg","datePublished":"2023-04-25T09:25:02+00:00","dateModified":"2026-03-11T18:23:39+00:00","breadcrumb":{"@id":"https:\/\/www.schramas.com\/winkel\/echte-kamille-matricaria-chamomilla-german-chamomile\/#breadcrumb"},"inLanguage":"sv-SE","potentialAction":[{"@type":"ReadAction","target":["https:\/\/www.schramas.com\/winkel\/echte-kamille-matricaria-chamomilla-german-chamomile\/"]}]},{"@type":"ImageObject","inLanguage":"sv-SE","@id":"https:\/\/www.schramas.com\/winkel\/echte-kamille-matricaria-chamomilla-german-chamomile\/#primaryimage","url":"https:\/\/www.schramas.com\/wp-content\/uploads\/2023\/04\/German-chamomikke.jpg","contentUrl":"https:\/\/www.schramas.com\/wp-content\/uploads\/2023\/04\/German-chamomikke.jpg","width":1600,"height":1600},{"@type":"BreadcrumbList","@id":"https:\/\/www.schramas.com\/winkel\/echte-kamille-matricaria-chamomilla-german-chamomile\/#breadcrumb","itemListElement":[{"@type":"ListItem","position":1,"name":"Product","item":"https:\/\/www.schramas.com\/assortiment\/"},{"@type":"ListItem","position":2,"name":"Zaden","item":"https:\/\/www.schramas.com\/product-category\/zaden\/"},{"@type":"ListItem","position":3,"name":"Bloemen zaad","item":"https:\/\/www.schramas.com\/product-category\/zaden\/bloemen\/"},{"@type":"ListItem","position":4,"name":"Echte Kamille (Matricaria chamomilla \/ German chamomile)"}]},{"@type":"WebSite","@id":"https:\/\/www.schramas.com\/#website","url":"https:\/\/www.schramas.com\/","name":"Schramas.com | Tr\u00e4dg\u00e5rdsv\u00e4xter som enkelt kan best\u00e4llas online | Direkt fr\u00e5n v\u00e5r plantskola","description":"","alternateName":"Schramas.com - Alle planten direct van de kweker","potentialAction":[{"@type":"SearchAction","target":{"@type":"EntryPoint","urlTemplate":"https:\/\/www.schramas.com\/?s={search_term_string}"},"query-input":{"@type":"PropertyValueSpecification","valueRequired":true,"valueName":"search_term_string"}}],"inLanguage":"sv-SE"}]}},"_links":{"self":[{"href":"https:\/\/www.schramas.com\/se\/wp-json\/wp\/v2\/product\/24744","targetHints":{"allow":["GET"]}}],"collection":[{"href":"https:\/\/www.schramas.com\/se\/wp-json\/wp\/v2\/product"}],"about":[{"href":"https:\/\/www.schramas.com\/se\/wp-json\/wp\/v2\/types\/product"}],"version-history":[{"count":0,"href":"https:\/\/www.schramas.com\/se\/wp-json\/wp\/v2\/product\/24744\/revisions"}],"wp:featuredmedia":[{"embeddable":true,"href":"https:\/\/www.schramas.com\/se\/wp-json\/wp\/v2\/media\/24750"}],"wp:attachment":[{"href":"https:\/\/www.schramas.com\/se\/wp-json\/wp\/v2\/media?parent=24744"}],"wp:term":[{"taxonomy":"product_brand","embeddable":true,"href":"https:\/\/www.schramas.com\/se\/wp-json\/wp\/v2\/product_brand?post=24744"},{"taxonomy":"product_cat","embeddable":true,"href":"https:\/\/www.schramas.com\/se\/wp-json\/wp\/v2\/product_cat?post=24744"},{"taxonomy":"product_tag","embeddable":true,"href":"https:\/\/www.schramas.com\/se\/wp-json\/wp\/v2\/product_tag?post=24744"}],"curies":[{"name":"wp","href":"https:\/\/api.w.org\/{rel}","templated":true}]}}