{"id":24800,"date":"2023-04-26T15:10:03","date_gmt":"2023-04-26T13:10:03","guid":{"rendered":"https:\/\/www.schramas.com\/?post_type=product&#038;p=24800"},"modified":"2025-07-10T12:18:05","modified_gmt":"2025-07-10T10:18:05","slug":"grasmatta-grasfro-1kg-tatvaxande-fast","status":"publish","type":"product","link":"https:\/\/www.schramas.com\/se\/butik\/grasmatta-grasfro-1kg-tatvaxande-fast\/","title":{"rendered":"Gr\u00e4smatta - Gr\u00e4sfr\u00f6 - 1kg - T\u00e4t &amp; fler\u00e5rig"},"content":{"rendered":"<p>Florsilva gr\u00e4sfr\u00f6 \u00e4r den perfekta l\u00f6sningen f\u00f6r en t\u00e4t och fast gr\u00e4smatta. Detta gr\u00e4sfr\u00f6 best\u00e5r av en blandning av starka, djuprotade gr\u00e4s som \u00e4r motst\u00e5ndskraftiga mot v\u00e4rme och torka. Det skapar ett t\u00e4tt gr\u00e4s som f\u00f6rhindrar kala fl\u00e4ckar och \u00e4r d\u00e4rf\u00f6r l\u00e4mpligt f\u00f6r b\u00e5de prydnads- och spelgr\u00e4smattor. Blandningen \u00e4r l\u00e4mplig f\u00f6r m\u00e5nga \u00e5rs anv\u00e4ndning och s\u00e4kerst\u00e4ller l\u00e5ngsiktig njutning av gr\u00e4smattan.<\/p>\n<p>Florsilva gr\u00e4sfr\u00f6 har ocks\u00e5 god tramptolerans, vilket g\u00f6r gr\u00e4smattan motst\u00e5ndskraftig mot trampning. Gr\u00e4sfr\u00f6et v\u00e4xer snabbt, vilket ger ogr\u00e4s mindre chans.<\/p>\n<p>Detta gr\u00e4sfr\u00f6 \u00e4r l\u00e4mpligt f\u00f6r alla jordtyper, inklusive torkk\u00e4nsliga sandjordar, och \u00e4r f\u00f6rpackat i en praktisk str\u00f6box f\u00f6r j\u00e4mn f\u00f6rdelning. Den inneh\u00e5ller ocks\u00e5 extra organiskt startg\u00f6dsel f\u00f6r snabb rotning. Florsilva gr\u00e4sfr\u00f6 \u00e4r av h\u00f6gsta kvalitet och ger snabba resultat. Kan anv\u00e4ndas \u00e5ret runt upp till en marktemperatur p\u00e5 6 grader.<\/p>\n<p>Florsilva gr\u00e4sfr\u00f6 kan anv\u00e4ndas p\u00e5 flera s\u00e4tt. Det kan anv\u00e4ndas f\u00f6r att reparera kala fl\u00e4ckar i en reparationsgr\u00e4smatta, efter markberedning eller f\u00f6r \u00f6vers\u00e5dd av gr\u00e4smattan.<\/p>\n<p>Med Florsilva gr\u00e4sfr\u00f6 f\u00e5r du en kvalitetsprodukt som ger snabba resultat och \u00e4r l\u00e4mplig f\u00f6r olika anv\u00e4ndningsomr\u00e5den. Med den praktiska str\u00f6boxen \u00e4r det enkelt att applicera och s\u00e4kerst\u00e4ller en j\u00e4mn f\u00f6rdelning av fr\u00f6et. S\u00e5 du f\u00e5r snabbt en frisk och t\u00e4t gr\u00e4smatta som du kan njuta av i flera \u00e5r.<\/p>","protected":false},"excerpt":{"rendered":"<p>1kg Gr\u00e4sfr\u00f6<\/p>\n<p>Florsilva gr\u00e4sfr\u00f6<\/p>\n<p>T\u00e4t och solid<\/p>","protected":false},"featured_media":24814,"template":"","meta":{"_joinchat":[]},"product_brand":[],"product_cat":[1055,1051],"product_tag":[],"class_list":{"0":"post-24800","1":"product","2":"type-product","3":"status-publish","4":"has-post-thumbnail","6":"product_cat-gazon-gras-zaad","7":"product_cat-zaden","9":"first","10":"outofstock","11":"taxable","12":"shipping-taxable","13":"purchasable","14":"product-type-simple"},"yoast_head":"<!-- This site is optimized with the Yoast SEO plugin v24.2 - https:\/\/yoast.com\/wordpress\/plugins\/seo\/ -->\n<title>Gazon - Graszaad - 1kg - Dichtgroeiend &amp; Vast kopen | Planten eenvoudig online bestellen | Schramas.com<\/title>\n<meta name=\"robots\" content=\"index, follow, max-snippet:-1, max-image-preview:large, max-video-preview:-1\" \/>\n<link rel=\"canonical\" href=\"https:\/\/www.schramas.com\/se\/butik\/grasmatta-grasfro-1kg-tatvaxande-fast\/\" \/>\n<meta property=\"og:locale\" content=\"sv_SE\" \/>\n<meta property=\"og:type\" content=\"article\" \/>\n<meta property=\"og:title\" content=\"Gazon - Graszaad - 1kg - Dichtgroeiend &amp; Vast kopen | Planten eenvoudig online bestellen | Schramas.com\" \/>\n<meta property=\"og:description\" content=\"1kg Graszaad  Florsilva graszaad  Dichtgroeiend &amp; Vast\" \/>\n<meta property=\"og:url\" content=\"https:\/\/www.schramas.com\/se\/butik\/grasmatta-grasfro-1kg-tatvaxande-fast\/\" \/>\n<meta property=\"og:site_name\" content=\"Planten eenvoudig online bestellen | Schramas.com\" \/>\n<meta property=\"article:publisher\" content=\"https:\/\/www.facebook.com\/Schramascom-106872874153195\/\" \/>\n<meta property=\"article:modified_time\" content=\"2025-07-10T10:18:05+00:00\" \/>\n<meta property=\"og:image\" content=\"https:\/\/www.schramas.com\/wp-content\/uploads\/2023\/04\/Gazon_1kg_dichtgroeiend.jpg\" \/>\n\t<meta property=\"og:image:width\" content=\"1600\" \/>\n\t<meta property=\"og:image:height\" content=\"1600\" \/>\n\t<meta property=\"og:image:type\" content=\"image\/jpeg\" \/>\n<meta name=\"twitter:card\" content=\"summary_large_image\" \/>\n<meta name=\"twitter:label1\" content=\"Ber\u00e4knad l\u00e4stid\" \/>\n\t<meta name=\"twitter:data1\" content=\"1 minut\" \/>\n<script type=\"application\/ld+json\" class=\"yoast-schema-graph\">{\"@context\":\"https:\/\/schema.org\",\"@graph\":[{\"@type\":[\"WebPage\",\"ItemPage\"],\"@id\":\"https:\/\/www.schramas.com\/winkel\/gazon-graszaad-1kg-dichtgroeiend-vast\/\",\"url\":\"https:\/\/www.schramas.com\/winkel\/gazon-graszaad-1kg-dichtgroeiend-vast\/\",\"name\":\"Gazon - Graszaad - 1kg - Dichtgroeiend & Vast kopen | Planten eenvoudig online bestellen | Schramas.com\",\"isPartOf\":{\"@id\":\"https:\/\/www.schramas.com\/#website\"},\"primaryImageOfPage\":{\"@id\":\"https:\/\/www.schramas.com\/winkel\/gazon-graszaad-1kg-dichtgroeiend-vast\/#primaryimage\"},\"image\":{\"@id\":\"https:\/\/www.schramas.com\/winkel\/gazon-graszaad-1kg-dichtgroeiend-vast\/#primaryimage\"},\"thumbnailUrl\":\"https:\/\/www.schramas.com\/wp-content\/uploads\/2023\/04\/Gazon_1kg_dichtgroeiend.jpg\",\"datePublished\":\"2023-04-26T13:10:03+00:00\",\"dateModified\":\"2025-07-10T10:18:05+00:00\",\"breadcrumb\":{\"@id\":\"https:\/\/www.schramas.com\/winkel\/gazon-graszaad-1kg-dichtgroeiend-vast\/#breadcrumb\"},\"inLanguage\":\"sv-SE\",\"potentialAction\":[{\"@type\":\"ReadAction\",\"target\":[\"https:\/\/www.schramas.com\/winkel\/gazon-graszaad-1kg-dichtgroeiend-vast\/\"]}]},{\"@type\":\"ImageObject\",\"inLanguage\":\"sv-SE\",\"@id\":\"https:\/\/www.schramas.com\/winkel\/gazon-graszaad-1kg-dichtgroeiend-vast\/#primaryimage\",\"url\":\"https:\/\/www.schramas.com\/wp-content\/uploads\/2023\/04\/Gazon_1kg_dichtgroeiend.jpg\",\"contentUrl\":\"https:\/\/www.schramas.com\/wp-content\/uploads\/2023\/04\/Gazon_1kg_dichtgroeiend.jpg\",\"width\":1600,\"height\":1600},{\"@type\":\"BreadcrumbList\",\"@id\":\"https:\/\/www.schramas.com\/winkel\/gazon-graszaad-1kg-dichtgroeiend-vast\/#breadcrumb\",\"itemListElement\":[{\"@type\":\"ListItem\",\"position\":1,\"name\":\"Product\",\"item\":\"https:\/\/www.schramas.com\/assortiment\/\"},{\"@type\":\"ListItem\",\"position\":2,\"name\":\"Zaden\",\"item\":\"https:\/\/www.schramas.com\/product-category\/zaden\/\"},{\"@type\":\"ListItem\",\"position\":3,\"name\":\"Gazon &#8211; Graszaad &#8211; 1kg &#8211; Dichtgroeiend &#038; Vast\"}]},{\"@type\":\"WebSite\",\"@id\":\"https:\/\/www.schramas.com\/#website\",\"url\":\"https:\/\/www.schramas.com\/\",\"name\":\"Schramas.com | Tuinplanten eenvoudig online bestellen | Direct van onze Kwekerij\",\"description\":\"\",\"alternateName\":\"Schramas.com - Alle planten direct van de kweker\",\"potentialAction\":[{\"@type\":\"SearchAction\",\"target\":{\"@type\":\"EntryPoint\",\"urlTemplate\":\"https:\/\/www.schramas.com\/?s={search_term_string}\"},\"query-input\":{\"@type\":\"PropertyValueSpecification\",\"valueRequired\":true,\"valueName\":\"search_term_string\"}}],\"inLanguage\":\"sv-SE\"}]}<\/script>\n<!-- \/ Yoast SEO plugin. -->","yoast_head_json":{"title":"Gr\u00e4smatta - Gr\u00e4sfr\u00f6 - 1kg - K\u00f6p T\u00e4t &amp; Fast | V\u00e4xter enkelt online | Schramas.com","robots":{"index":"index","follow":"follow","max-snippet":"max-snippet:-1","max-image-preview":"max-image-preview:large","max-video-preview":"max-video-preview:-1"},"canonical":"https:\/\/www.schramas.com\/se\/butik\/grasmatta-grasfro-1kg-tatvaxande-fast\/","og_locale":"sv_SE","og_type":"article","og_title":"Gazon - Graszaad - 1kg - Dichtgroeiend & Vast kopen | Planten eenvoudig online bestellen | Schramas.com","og_description":"1kg Graszaad  Florsilva graszaad  Dichtgroeiend &amp; Vast","og_url":"https:\/\/www.schramas.com\/se\/butik\/grasmatta-grasfro-1kg-tatvaxande-fast\/","og_site_name":"Planten eenvoudig online bestellen | Schramas.com","article_publisher":"https:\/\/www.facebook.com\/Schramascom-106872874153195\/","article_modified_time":"2025-07-10T10:18:05+00:00","og_image":[{"width":1600,"height":1600,"url":"https:\/\/www.schramas.com\/wp-content\/uploads\/2023\/04\/Gazon_1kg_dichtgroeiend.jpg","type":"image\/jpeg"}],"twitter_card":"summary_large_image","twitter_misc":{"Ber\u00e4knad l\u00e4stid":"1 minut"},"schema":{"@context":"https:\/\/schema.org","@graph":[{"@type":["WebPage","ItemPage"],"@id":"https:\/\/www.schramas.com\/winkel\/gazon-graszaad-1kg-dichtgroeiend-vast\/","url":"https:\/\/www.schramas.com\/winkel\/gazon-graszaad-1kg-dichtgroeiend-vast\/","name":"Gr\u00e4smatta - Gr\u00e4sfr\u00f6 - 1kg - K\u00f6p T\u00e4t &amp; Fast | V\u00e4xter enkelt online | Schramas.com","isPartOf":{"@id":"https:\/\/www.schramas.com\/#website"},"primaryImageOfPage":{"@id":"https:\/\/www.schramas.com\/winkel\/gazon-graszaad-1kg-dichtgroeiend-vast\/#primaryimage"},"image":{"@id":"https:\/\/www.schramas.com\/winkel\/gazon-graszaad-1kg-dichtgroeiend-vast\/#primaryimage"},"thumbnailUrl":"https:\/\/www.schramas.com\/wp-content\/uploads\/2023\/04\/Gazon_1kg_dichtgroeiend.jpg","datePublished":"2023-04-26T13:10:03+00:00","dateModified":"2025-07-10T10:18:05+00:00","breadcrumb":{"@id":"https:\/\/www.schramas.com\/winkel\/gazon-graszaad-1kg-dichtgroeiend-vast\/#breadcrumb"},"inLanguage":"sv-SE","potentialAction":[{"@type":"ReadAction","target":["https:\/\/www.schramas.com\/winkel\/gazon-graszaad-1kg-dichtgroeiend-vast\/"]}]},{"@type":"ImageObject","inLanguage":"sv-SE","@id":"https:\/\/www.schramas.com\/winkel\/gazon-graszaad-1kg-dichtgroeiend-vast\/#primaryimage","url":"https:\/\/www.schramas.com\/wp-content\/uploads\/2023\/04\/Gazon_1kg_dichtgroeiend.jpg","contentUrl":"https:\/\/www.schramas.com\/wp-content\/uploads\/2023\/04\/Gazon_1kg_dichtgroeiend.jpg","width":1600,"height":1600},{"@type":"BreadcrumbList","@id":"https:\/\/www.schramas.com\/winkel\/gazon-graszaad-1kg-dichtgroeiend-vast\/#breadcrumb","itemListElement":[{"@type":"ListItem","position":1,"name":"Product","item":"https:\/\/www.schramas.com\/assortiment\/"},{"@type":"ListItem","position":2,"name":"Zaden","item":"https:\/\/www.schramas.com\/product-category\/zaden\/"},{"@type":"ListItem","position":3,"name":"Gazon &#8211; Graszaad &#8211; 1kg &#8211; Dichtgroeiend &#038; Vast"}]},{"@type":"WebSite","@id":"https:\/\/www.schramas.com\/#website","url":"https:\/\/www.schramas.com\/","name":"Schramas.com | Tr\u00e4dg\u00e5rdsv\u00e4xter som enkelt kan best\u00e4llas online | Direkt fr\u00e5n v\u00e5r plantskola","description":"","alternateName":"Schramas.com - Alle planten direct van de kweker","potentialAction":[{"@type":"SearchAction","target":{"@type":"EntryPoint","urlTemplate":"https:\/\/www.schramas.com\/?s={search_term_string}"},"query-input":{"@type":"PropertyValueSpecification","valueRequired":true,"valueName":"search_term_string"}}],"inLanguage":"sv-SE"}]}},"_links":{"self":[{"href":"https:\/\/www.schramas.com\/se\/wp-json\/wp\/v2\/product\/24800","targetHints":{"allow":["GET"]}}],"collection":[{"href":"https:\/\/www.schramas.com\/se\/wp-json\/wp\/v2\/product"}],"about":[{"href":"https:\/\/www.schramas.com\/se\/wp-json\/wp\/v2\/types\/product"}],"version-history":[{"count":0,"href":"https:\/\/www.schramas.com\/se\/wp-json\/wp\/v2\/product\/24800\/revisions"}],"wp:featuredmedia":[{"embeddable":true,"href":"https:\/\/www.schramas.com\/se\/wp-json\/wp\/v2\/media\/24814"}],"wp:attachment":[{"href":"https:\/\/www.schramas.com\/se\/wp-json\/wp\/v2\/media?parent=24800"}],"wp:term":[{"taxonomy":"product_brand","embeddable":true,"href":"https:\/\/www.schramas.com\/se\/wp-json\/wp\/v2\/product_brand?post=24800"},{"taxonomy":"product_cat","embeddable":true,"href":"https:\/\/www.schramas.com\/se\/wp-json\/wp\/v2\/product_cat?post=24800"},{"taxonomy":"product_tag","embeddable":true,"href":"https:\/\/www.schramas.com\/se\/wp-json\/wp\/v2\/product_tag?post=24800"}],"curies":[{"name":"wp","href":"https:\/\/api.w.org\/{rel}","templated":true}]}}