{"id":24811,"date":"2023-04-26T15:51:49","date_gmt":"2023-04-26T13:51:49","guid":{"rendered":"https:\/\/www.schramas.com\/?post_type=product&#038;p=24811"},"modified":"2025-07-10T12:18:06","modified_gmt":"2025-07-10T10:18:06","slug":"grasmatta-grasfro-500gr-skuggtolerant-stark","status":"publish","type":"product","link":"https:\/\/www.schramas.com\/se\/butik\/grasmatta-grasfro-500gr-skuggtolerant-stark\/","title":{"rendered":"Gr\u00e4smatta - Gr\u00e4sfr\u00f6 - 500gr - Skuggt\u00e5lig &amp; Stark"},"content":{"rendered":"<p>Med Florsilva gr\u00e4sfr\u00f6 kan du skapa en gr\u00f6n och fyllig gr\u00e4smatta \u00e4ven i de skuggigaste delarna av din tr\u00e4dg\u00e5rd. Gr\u00e4sfr\u00f6et \u00e4r speciellt utvalt f\u00f6r sorter som v\u00e4xer och trivs bra i skugga, vilket g\u00f6r att du kan f\u00e5 en vacker gr\u00e4smatta utan att oroa dig f\u00f6r kala fl\u00e4ckar eller svagt ljus.<\/p>\n<p>Blandningen inneh\u00e5ller en kombination av gr\u00e4sarter som \u00e4r b\u00e5de skuggtoleranta och tramptoleranta. Det inneb\u00e4r att gr\u00e4sfr\u00f6et inte bara \u00e4r motst\u00e5ndskraftigt mot svagt ljus utan ocks\u00e5 mot frekvent anv\u00e4ndning och trampning, vilket g\u00f6r det perfekt f\u00f6r b\u00e5de prydnads- och lekgr\u00e4smattor.<\/p>\n<p>Gr\u00e4sfr\u00f6et \u00e4r ocks\u00e5 idealiskt f\u00f6r l\u00e5ngvarig anv\u00e4ndning och kan anv\u00e4ndas i flera \u00e5r utan att f\u00f6rlora kvalitet. Det v\u00e4xer snabbt och t\u00e4tt, vilket ger ogr\u00e4set mindre chans att v\u00e4xa och h\u00e5ller din gr\u00e4smatta vacker hela tiden.<\/p>\n<p>Med den praktiska Spreader Box \u00e4r det enkelt att sprida gr\u00e4sfr\u00f6et j\u00e4mnt \u00f6ver gr\u00e4smattan f\u00f6r optimalt resultat. Innan du s\u00e5r fr\u00f6na ska du rensa gr\u00e4smattan fr\u00e5n mossa och ogr\u00e4s och kratta jorden. L\u00e4gg sedan p\u00e5 ett tunt lager gr\u00e4smatteg\u00f6dsel innan du s\u00e5r gr\u00e4sfr\u00f6na. H\u00e5ll jorden fuktig tills gr\u00e4sfr\u00f6et har grott.<\/p>\n<p>Kort sagt, om du letar efter en gr\u00e4sfr\u00f6blandning som \u00e4r perfekt l\u00e4mpad f\u00f6r skuggiga omr\u00e5den \u00e4r Florsilva det perfekta valet. Med sina skuggtoleranta och tramptoleranta sorter \u00e4r gr\u00e4sfr\u00f6et ett utm\u00e4rkt alternativ f\u00f6r alla som vill ha en gr\u00f6n och fyllig gr\u00e4smatta, \u00e4ven i skuggan.<\/p>","protected":false},"excerpt":{"rendered":"<p>500 gram Gr\u00e4sfr\u00f6<\/p>\n<p>Florsilva gr\u00e4sfr\u00f6<\/p>\n<p>Skuggt\u00e5lig &amp; stark<\/p>","protected":false},"featured_media":24816,"template":"","meta":{"_joinchat":[]},"product_brand":[],"product_cat":[1055,1051],"product_tag":[],"class_list":{"0":"post-24811","1":"product","2":"type-product","3":"status-publish","4":"has-post-thumbnail","6":"product_cat-gazon-gras-zaad","7":"product_cat-zaden","9":"first","10":"outofstock","11":"taxable","12":"shipping-taxable","13":"purchasable","14":"product-type-simple"},"yoast_head":"<!-- This site is optimized with the Yoast SEO plugin v24.2 - https:\/\/yoast.com\/wordpress\/plugins\/seo\/ -->\n<title>Gazon - Graszaad - 500gr - Schaduw tolerant &amp; Sterk kopen | Planten eenvoudig online bestellen | Schramas.com<\/title>\n<meta name=\"robots\" content=\"index, follow, max-snippet:-1, max-image-preview:large, max-video-preview:-1\" \/>\n<link rel=\"canonical\" href=\"https:\/\/www.schramas.com\/se\/butik\/grasmatta-grasfro-500gr-skuggtolerant-stark\/\" \/>\n<meta property=\"og:locale\" content=\"sv_SE\" \/>\n<meta property=\"og:type\" content=\"article\" \/>\n<meta property=\"og:title\" content=\"Gazon - Graszaad - 500gr - Schaduw tolerant &amp; Sterk kopen | Planten eenvoudig online bestellen | Schramas.com\" \/>\n<meta property=\"og:description\" content=\"500 Gram Graszaad  Florsilva graszaad  Schaduw tolerant &amp; Sterk\" \/>\n<meta property=\"og:url\" content=\"https:\/\/www.schramas.com\/se\/butik\/grasmatta-grasfro-500gr-skuggtolerant-stark\/\" \/>\n<meta property=\"og:site_name\" content=\"Planten eenvoudig online bestellen | Schramas.com\" \/>\n<meta property=\"article:publisher\" content=\"https:\/\/www.facebook.com\/Schramascom-106872874153195\/\" \/>\n<meta property=\"article:modified_time\" content=\"2025-07-10T10:18:06+00:00\" \/>\n<meta property=\"og:image\" content=\"https:\/\/www.schramas.com\/wp-content\/uploads\/2023\/04\/Gazon_500gr_schaduw.png\" \/>\n\t<meta property=\"og:image:width\" content=\"837\" \/>\n\t<meta property=\"og:image:height\" content=\"838\" \/>\n\t<meta property=\"og:image:type\" content=\"image\/png\" \/>\n<meta name=\"twitter:card\" content=\"summary_large_image\" \/>\n<meta name=\"twitter:label1\" content=\"Ber\u00e4knad l\u00e4stid\" \/>\n\t<meta name=\"twitter:data1\" content=\"1 minut\" \/>\n<script type=\"application\/ld+json\" class=\"yoast-schema-graph\">{\"@context\":\"https:\/\/schema.org\",\"@graph\":[{\"@type\":[\"WebPage\",\"ItemPage\"],\"@id\":\"https:\/\/www.schramas.com\/winkel\/gazon-graszaad-500gr-schaduw-tolerant-sterk\/\",\"url\":\"https:\/\/www.schramas.com\/winkel\/gazon-graszaad-500gr-schaduw-tolerant-sterk\/\",\"name\":\"Gazon - Graszaad - 500gr - Schaduw tolerant & Sterk kopen | Planten eenvoudig online bestellen | Schramas.com\",\"isPartOf\":{\"@id\":\"https:\/\/www.schramas.com\/#website\"},\"primaryImageOfPage\":{\"@id\":\"https:\/\/www.schramas.com\/winkel\/gazon-graszaad-500gr-schaduw-tolerant-sterk\/#primaryimage\"},\"image\":{\"@id\":\"https:\/\/www.schramas.com\/winkel\/gazon-graszaad-500gr-schaduw-tolerant-sterk\/#primaryimage\"},\"thumbnailUrl\":\"https:\/\/www.schramas.com\/wp-content\/uploads\/2023\/04\/Gazon_500gr_schaduw.png\",\"datePublished\":\"2023-04-26T13:51:49+00:00\",\"dateModified\":\"2025-07-10T10:18:06+00:00\",\"breadcrumb\":{\"@id\":\"https:\/\/www.schramas.com\/winkel\/gazon-graszaad-500gr-schaduw-tolerant-sterk\/#breadcrumb\"},\"inLanguage\":\"sv-SE\",\"potentialAction\":[{\"@type\":\"ReadAction\",\"target\":[\"https:\/\/www.schramas.com\/winkel\/gazon-graszaad-500gr-schaduw-tolerant-sterk\/\"]}]},{\"@type\":\"ImageObject\",\"inLanguage\":\"sv-SE\",\"@id\":\"https:\/\/www.schramas.com\/winkel\/gazon-graszaad-500gr-schaduw-tolerant-sterk\/#primaryimage\",\"url\":\"https:\/\/www.schramas.com\/wp-content\/uploads\/2023\/04\/Gazon_500gr_schaduw.png\",\"contentUrl\":\"https:\/\/www.schramas.com\/wp-content\/uploads\/2023\/04\/Gazon_500gr_schaduw.png\",\"width\":837,\"height\":838},{\"@type\":\"BreadcrumbList\",\"@id\":\"https:\/\/www.schramas.com\/winkel\/gazon-graszaad-500gr-schaduw-tolerant-sterk\/#breadcrumb\",\"itemListElement\":[{\"@type\":\"ListItem\",\"position\":1,\"name\":\"Product\",\"item\":\"https:\/\/www.schramas.com\/assortiment\/\"},{\"@type\":\"ListItem\",\"position\":2,\"name\":\"Zaden\",\"item\":\"https:\/\/www.schramas.com\/product-category\/zaden\/\"},{\"@type\":\"ListItem\",\"position\":3,\"name\":\"Gazon &#8211; Graszaad &#8211; 500gr &#8211; Schaduw tolerant &#038; Sterk\"}]},{\"@type\":\"WebSite\",\"@id\":\"https:\/\/www.schramas.com\/#website\",\"url\":\"https:\/\/www.schramas.com\/\",\"name\":\"Schramas.com | Tuinplanten eenvoudig online bestellen | Direct van onze Kwekerij\",\"description\":\"\",\"alternateName\":\"Schramas.com - Alle planten direct van de kweker\",\"potentialAction\":[{\"@type\":\"SearchAction\",\"target\":{\"@type\":\"EntryPoint\",\"urlTemplate\":\"https:\/\/www.schramas.com\/?s={search_term_string}\"},\"query-input\":{\"@type\":\"PropertyValueSpecification\",\"valueRequired\":true,\"valueName\":\"search_term_string\"}}],\"inLanguage\":\"sv-SE\"}]}<\/script>\n<!-- \/ Yoast SEO plugin. -->","yoast_head_json":{"title":"Gr\u00e4smatta - Gr\u00e4sfr\u00f6 - 500gr - K\u00f6p Skuggt\u00e5liga &amp; Starka | V\u00e4xter enkelt online | Schramas.com","robots":{"index":"index","follow":"follow","max-snippet":"max-snippet:-1","max-image-preview":"max-image-preview:large","max-video-preview":"max-video-preview:-1"},"canonical":"https:\/\/www.schramas.com\/se\/butik\/grasmatta-grasfro-500gr-skuggtolerant-stark\/","og_locale":"sv_SE","og_type":"article","og_title":"Gazon - Graszaad - 500gr - Schaduw tolerant & Sterk kopen | Planten eenvoudig online bestellen | Schramas.com","og_description":"500 Gram Graszaad  Florsilva graszaad  Schaduw tolerant &amp; Sterk","og_url":"https:\/\/www.schramas.com\/se\/butik\/grasmatta-grasfro-500gr-skuggtolerant-stark\/","og_site_name":"Planten eenvoudig online bestellen | Schramas.com","article_publisher":"https:\/\/www.facebook.com\/Schramascom-106872874153195\/","article_modified_time":"2025-07-10T10:18:06+00:00","og_image":[{"width":837,"height":838,"url":"https:\/\/www.schramas.com\/wp-content\/uploads\/2023\/04\/Gazon_500gr_schaduw.png","type":"image\/png"}],"twitter_card":"summary_large_image","twitter_misc":{"Ber\u00e4knad l\u00e4stid":"1 minut"},"schema":{"@context":"https:\/\/schema.org","@graph":[{"@type":["WebPage","ItemPage"],"@id":"https:\/\/www.schramas.com\/winkel\/gazon-graszaad-500gr-schaduw-tolerant-sterk\/","url":"https:\/\/www.schramas.com\/winkel\/gazon-graszaad-500gr-schaduw-tolerant-sterk\/","name":"Gr\u00e4smatta - Gr\u00e4sfr\u00f6 - 500gr - K\u00f6p Skuggt\u00e5liga &amp; Starka | V\u00e4xter enkelt online | Schramas.com","isPartOf":{"@id":"https:\/\/www.schramas.com\/#website"},"primaryImageOfPage":{"@id":"https:\/\/www.schramas.com\/winkel\/gazon-graszaad-500gr-schaduw-tolerant-sterk\/#primaryimage"},"image":{"@id":"https:\/\/www.schramas.com\/winkel\/gazon-graszaad-500gr-schaduw-tolerant-sterk\/#primaryimage"},"thumbnailUrl":"https:\/\/www.schramas.com\/wp-content\/uploads\/2023\/04\/Gazon_500gr_schaduw.png","datePublished":"2023-04-26T13:51:49+00:00","dateModified":"2025-07-10T10:18:06+00:00","breadcrumb":{"@id":"https:\/\/www.schramas.com\/winkel\/gazon-graszaad-500gr-schaduw-tolerant-sterk\/#breadcrumb"},"inLanguage":"sv-SE","potentialAction":[{"@type":"ReadAction","target":["https:\/\/www.schramas.com\/winkel\/gazon-graszaad-500gr-schaduw-tolerant-sterk\/"]}]},{"@type":"ImageObject","inLanguage":"sv-SE","@id":"https:\/\/www.schramas.com\/winkel\/gazon-graszaad-500gr-schaduw-tolerant-sterk\/#primaryimage","url":"https:\/\/www.schramas.com\/wp-content\/uploads\/2023\/04\/Gazon_500gr_schaduw.png","contentUrl":"https:\/\/www.schramas.com\/wp-content\/uploads\/2023\/04\/Gazon_500gr_schaduw.png","width":837,"height":838},{"@type":"BreadcrumbList","@id":"https:\/\/www.schramas.com\/winkel\/gazon-graszaad-500gr-schaduw-tolerant-sterk\/#breadcrumb","itemListElement":[{"@type":"ListItem","position":1,"name":"Product","item":"https:\/\/www.schramas.com\/assortiment\/"},{"@type":"ListItem","position":2,"name":"Zaden","item":"https:\/\/www.schramas.com\/product-category\/zaden\/"},{"@type":"ListItem","position":3,"name":"Gazon &#8211; Graszaad &#8211; 500gr &#8211; Schaduw tolerant &#038; Sterk"}]},{"@type":"WebSite","@id":"https:\/\/www.schramas.com\/#website","url":"https:\/\/www.schramas.com\/","name":"Schramas.com | Tr\u00e4dg\u00e5rdsv\u00e4xter som enkelt kan best\u00e4llas online | Direkt fr\u00e5n v\u00e5r plantskola","description":"","alternateName":"Schramas.com - Alle planten direct van de kweker","potentialAction":[{"@type":"SearchAction","target":{"@type":"EntryPoint","urlTemplate":"https:\/\/www.schramas.com\/?s={search_term_string}"},"query-input":{"@type":"PropertyValueSpecification","valueRequired":true,"valueName":"search_term_string"}}],"inLanguage":"sv-SE"}]}},"_links":{"self":[{"href":"https:\/\/www.schramas.com\/se\/wp-json\/wp\/v2\/product\/24811","targetHints":{"allow":["GET"]}}],"collection":[{"href":"https:\/\/www.schramas.com\/se\/wp-json\/wp\/v2\/product"}],"about":[{"href":"https:\/\/www.schramas.com\/se\/wp-json\/wp\/v2\/types\/product"}],"version-history":[{"count":0,"href":"https:\/\/www.schramas.com\/se\/wp-json\/wp\/v2\/product\/24811\/revisions"}],"wp:featuredmedia":[{"embeddable":true,"href":"https:\/\/www.schramas.com\/se\/wp-json\/wp\/v2\/media\/24816"}],"wp:attachment":[{"href":"https:\/\/www.schramas.com\/se\/wp-json\/wp\/v2\/media?parent=24811"}],"wp:term":[{"taxonomy":"product_brand","embeddable":true,"href":"https:\/\/www.schramas.com\/se\/wp-json\/wp\/v2\/product_brand?post=24811"},{"taxonomy":"product_cat","embeddable":true,"href":"https:\/\/www.schramas.com\/se\/wp-json\/wp\/v2\/product_cat?post=24811"},{"taxonomy":"product_tag","embeddable":true,"href":"https:\/\/www.schramas.com\/se\/wp-json\/wp\/v2\/product_tag?post=24811"}],"curies":[{"name":"wp","href":"https:\/\/api.w.org\/{rel}","templated":true}]}}