{"id":25077,"date":"2023-05-02T16:52:44","date_gmt":"2023-05-02T14:52:44","guid":{"rendered":"https:\/\/www.schramas.com\/?post_type=product&#038;p=25077"},"modified":"2025-07-10T12:18:09","modified_gmt":"2025-07-10T10:18:09","slug":"plommon-tomat-san-marzano-lungo-2-solanum-lycopersicum","status":"publish","type":"product","link":"https:\/\/www.schramas.com\/se\/butik\/plommon-tomat-san-marzano-lungo-2-solanum-lycopersicum\/","title":{"rendered":"Plommontomat &#039;San Marzano Lungo 2&#039; (Solanum lycopersicum)"},"content":{"rendered":"","protected":false},"excerpt":{"rendered":"","protected":false},"featured_media":25100,"template":"","meta":{"_joinchat":[]},"product_brand":[],"product_cat":[1052,1051],"product_tag":[],"class_list":{"0":"post-25077","1":"product","2":"type-product","3":"status-publish","4":"has-post-thumbnail","6":"product_cat-groente-fruit","7":"product_cat-zaden","9":"first","10":"outofstock","11":"taxable","12":"shipping-taxable","13":"purchasable","14":"product-type-simple"},"yoast_head":"<!-- This site is optimized with the Yoast SEO plugin v24.2 - https:\/\/yoast.com\/wordpress\/plugins\/seo\/ -->\n<title>Pruimtomaat &#039;San Marzano Lungo 2&#039; (Solanum lycopersicum) kopen | Planten eenvoudig online bestellen | Schramas.com<\/title>\n<meta name=\"robots\" content=\"index, follow, max-snippet:-1, max-image-preview:large, max-video-preview:-1\" \/>\n<link rel=\"canonical\" href=\"https:\/\/www.schramas.com\/se\/butik\/plommon-tomat-san-marzano-lungo-2-solanum-lycopersicum\/\" \/>\n<meta property=\"og:locale\" content=\"sv_SE\" \/>\n<meta property=\"og:type\" content=\"article\" \/>\n<meta property=\"og:title\" content=\"Pruimtomaat &#039;San Marzano Lungo 2&#039; (Solanum lycopersicum) kopen | Planten eenvoudig online bestellen | Schramas.com\" \/>\n<meta property=\"og:url\" content=\"https:\/\/www.schramas.com\/se\/butik\/plommon-tomat-san-marzano-lungo-2-solanum-lycopersicum\/\" \/>\n<meta property=\"og:site_name\" content=\"Planten eenvoudig online bestellen | Schramas.com\" \/>\n<meta property=\"article:publisher\" content=\"https:\/\/www.facebook.com\/Schramascom-106872874153195\/\" \/>\n<meta property=\"article:modified_time\" content=\"2025-07-10T10:18:09+00:00\" \/>\n<meta property=\"og:image\" content=\"https:\/\/www.schramas.com\/wp-content\/uploads\/2023\/05\/Pomodoro-s.-Marzano-Lungo-2.png\" \/>\n\t<meta property=\"og:image:width\" content=\"738\" \/>\n\t<meta property=\"og:image:height\" content=\"739\" \/>\n\t<meta property=\"og:image:type\" content=\"image\/png\" \/>\n<meta name=\"twitter:card\" content=\"summary_large_image\" \/>\n<script type=\"application\/ld+json\" class=\"yoast-schema-graph\">{\"@context\":\"https:\/\/schema.org\",\"@graph\":[{\"@type\":[\"WebPage\",\"ItemPage\"],\"@id\":\"https:\/\/www.schramas.com\/winkel\/pruimtomaat-san-marzano-lungo-2-solanum-lycopersicum\/\",\"url\":\"https:\/\/www.schramas.com\/winkel\/pruimtomaat-san-marzano-lungo-2-solanum-lycopersicum\/\",\"name\":\"Pruimtomaat 'San Marzano Lungo 2' (Solanum lycopersicum) kopen | Planten eenvoudig online bestellen | Schramas.com\",\"isPartOf\":{\"@id\":\"https:\/\/www.schramas.com\/#website\"},\"primaryImageOfPage\":{\"@id\":\"https:\/\/www.schramas.com\/winkel\/pruimtomaat-san-marzano-lungo-2-solanum-lycopersicum\/#primaryimage\"},\"image\":{\"@id\":\"https:\/\/www.schramas.com\/winkel\/pruimtomaat-san-marzano-lungo-2-solanum-lycopersicum\/#primaryimage\"},\"thumbnailUrl\":\"https:\/\/www.schramas.com\/wp-content\/uploads\/2023\/05\/Pomodoro-s.-Marzano-Lungo-2.png\",\"datePublished\":\"2023-05-02T14:52:44+00:00\",\"dateModified\":\"2025-07-10T10:18:09+00:00\",\"breadcrumb\":{\"@id\":\"https:\/\/www.schramas.com\/winkel\/pruimtomaat-san-marzano-lungo-2-solanum-lycopersicum\/#breadcrumb\"},\"inLanguage\":\"sv-SE\",\"potentialAction\":[{\"@type\":\"ReadAction\",\"target\":[\"https:\/\/www.schramas.com\/winkel\/pruimtomaat-san-marzano-lungo-2-solanum-lycopersicum\/\"]}]},{\"@type\":\"ImageObject\",\"inLanguage\":\"sv-SE\",\"@id\":\"https:\/\/www.schramas.com\/winkel\/pruimtomaat-san-marzano-lungo-2-solanum-lycopersicum\/#primaryimage\",\"url\":\"https:\/\/www.schramas.com\/wp-content\/uploads\/2023\/05\/Pomodoro-s.-Marzano-Lungo-2.png\",\"contentUrl\":\"https:\/\/www.schramas.com\/wp-content\/uploads\/2023\/05\/Pomodoro-s.-Marzano-Lungo-2.png\",\"width\":738,\"height\":739},{\"@type\":\"BreadcrumbList\",\"@id\":\"https:\/\/www.schramas.com\/winkel\/pruimtomaat-san-marzano-lungo-2-solanum-lycopersicum\/#breadcrumb\",\"itemListElement\":[{\"@type\":\"ListItem\",\"position\":1,\"name\":\"Product\",\"item\":\"https:\/\/www.schramas.com\/assortiment\/\"},{\"@type\":\"ListItem\",\"position\":2,\"name\":\"Zaden\",\"item\":\"https:\/\/www.schramas.com\/product-category\/zaden\/\"},{\"@type\":\"ListItem\",\"position\":3,\"name\":\"Pruimtomaat &#8216;San Marzano Lungo 2&#8217; (Solanum lycopersicum)\"}]},{\"@type\":\"WebSite\",\"@id\":\"https:\/\/www.schramas.com\/#website\",\"url\":\"https:\/\/www.schramas.com\/\",\"name\":\"Schramas.com | Tuinplanten eenvoudig online bestellen | Direct van onze Kwekerij\",\"description\":\"\",\"alternateName\":\"Schramas.com - Alle planten direct van de kweker\",\"potentialAction\":[{\"@type\":\"SearchAction\",\"target\":{\"@type\":\"EntryPoint\",\"urlTemplate\":\"https:\/\/www.schramas.com\/?s={search_term_string}\"},\"query-input\":{\"@type\":\"PropertyValueSpecification\",\"valueRequired\":true,\"valueName\":\"search_term_string\"}}],\"inLanguage\":\"sv-SE\"}]}<\/script>\n<!-- \/ Yoast SEO plugin. -->","yoast_head_json":{"title":"K\u00f6p plommontomat &#039;San Marzano Lungo 2&#039; (Solanum lycopersicum) | Best\u00e4ll enkelt v\u00e4xter online | Schramas.com","robots":{"index":"index","follow":"follow","max-snippet":"max-snippet:-1","max-image-preview":"max-image-preview:large","max-video-preview":"max-video-preview:-1"},"canonical":"https:\/\/www.schramas.com\/se\/butik\/plommon-tomat-san-marzano-lungo-2-solanum-lycopersicum\/","og_locale":"sv_SE","og_type":"article","og_title":"Pruimtomaat 'San Marzano Lungo 2' (Solanum lycopersicum) kopen | Planten eenvoudig online bestellen | Schramas.com","og_url":"https:\/\/www.schramas.com\/se\/butik\/plommon-tomat-san-marzano-lungo-2-solanum-lycopersicum\/","og_site_name":"Planten eenvoudig online bestellen | Schramas.com","article_publisher":"https:\/\/www.facebook.com\/Schramascom-106872874153195\/","article_modified_time":"2025-07-10T10:18:09+00:00","og_image":[{"width":738,"height":739,"url":"https:\/\/www.schramas.com\/wp-content\/uploads\/2023\/05\/Pomodoro-s.-Marzano-Lungo-2.png","type":"image\/png"}],"twitter_card":"summary_large_image","schema":{"@context":"https:\/\/schema.org","@graph":[{"@type":["WebPage","ItemPage"],"@id":"https:\/\/www.schramas.com\/winkel\/pruimtomaat-san-marzano-lungo-2-solanum-lycopersicum\/","url":"https:\/\/www.schramas.com\/winkel\/pruimtomaat-san-marzano-lungo-2-solanum-lycopersicum\/","name":"K\u00f6p plommontomat &#039;San Marzano Lungo 2&#039; (Solanum lycopersicum) | Best\u00e4ll enkelt v\u00e4xter online | Schramas.com","isPartOf":{"@id":"https:\/\/www.schramas.com\/#website"},"primaryImageOfPage":{"@id":"https:\/\/www.schramas.com\/winkel\/pruimtomaat-san-marzano-lungo-2-solanum-lycopersicum\/#primaryimage"},"image":{"@id":"https:\/\/www.schramas.com\/winkel\/pruimtomaat-san-marzano-lungo-2-solanum-lycopersicum\/#primaryimage"},"thumbnailUrl":"https:\/\/www.schramas.com\/wp-content\/uploads\/2023\/05\/Pomodoro-s.-Marzano-Lungo-2.png","datePublished":"2023-05-02T14:52:44+00:00","dateModified":"2025-07-10T10:18:09+00:00","breadcrumb":{"@id":"https:\/\/www.schramas.com\/winkel\/pruimtomaat-san-marzano-lungo-2-solanum-lycopersicum\/#breadcrumb"},"inLanguage":"sv-SE","potentialAction":[{"@type":"ReadAction","target":["https:\/\/www.schramas.com\/winkel\/pruimtomaat-san-marzano-lungo-2-solanum-lycopersicum\/"]}]},{"@type":"ImageObject","inLanguage":"sv-SE","@id":"https:\/\/www.schramas.com\/winkel\/pruimtomaat-san-marzano-lungo-2-solanum-lycopersicum\/#primaryimage","url":"https:\/\/www.schramas.com\/wp-content\/uploads\/2023\/05\/Pomodoro-s.-Marzano-Lungo-2.png","contentUrl":"https:\/\/www.schramas.com\/wp-content\/uploads\/2023\/05\/Pomodoro-s.-Marzano-Lungo-2.png","width":738,"height":739},{"@type":"BreadcrumbList","@id":"https:\/\/www.schramas.com\/winkel\/pruimtomaat-san-marzano-lungo-2-solanum-lycopersicum\/#breadcrumb","itemListElement":[{"@type":"ListItem","position":1,"name":"Product","item":"https:\/\/www.schramas.com\/assortiment\/"},{"@type":"ListItem","position":2,"name":"Zaden","item":"https:\/\/www.schramas.com\/product-category\/zaden\/"},{"@type":"ListItem","position":3,"name":"Pruimtomaat &#8216;San Marzano Lungo 2&#8217; (Solanum lycopersicum)"}]},{"@type":"WebSite","@id":"https:\/\/www.schramas.com\/#website","url":"https:\/\/www.schramas.com\/","name":"Schramas.com | Tr\u00e4dg\u00e5rdsv\u00e4xter som enkelt kan best\u00e4llas online | Direkt fr\u00e5n v\u00e5r plantskola","description":"","alternateName":"Schramas.com - Alle planten direct van de kweker","potentialAction":[{"@type":"SearchAction","target":{"@type":"EntryPoint","urlTemplate":"https:\/\/www.schramas.com\/?s={search_term_string}"},"query-input":{"@type":"PropertyValueSpecification","valueRequired":true,"valueName":"search_term_string"}}],"inLanguage":"sv-SE"}]}},"_links":{"self":[{"href":"https:\/\/www.schramas.com\/se\/wp-json\/wp\/v2\/product\/25077","targetHints":{"allow":["GET"]}}],"collection":[{"href":"https:\/\/www.schramas.com\/se\/wp-json\/wp\/v2\/product"}],"about":[{"href":"https:\/\/www.schramas.com\/se\/wp-json\/wp\/v2\/types\/product"}],"version-history":[{"count":1,"href":"https:\/\/www.schramas.com\/se\/wp-json\/wp\/v2\/product\/25077\/revisions"}],"predecessor-version":[{"id":47438,"href":"https:\/\/www.schramas.com\/se\/wp-json\/wp\/v2\/product\/25077\/revisions\/47438"}],"wp:featuredmedia":[{"embeddable":true,"href":"https:\/\/www.schramas.com\/se\/wp-json\/wp\/v2\/media\/25100"}],"wp:attachment":[{"href":"https:\/\/www.schramas.com\/se\/wp-json\/wp\/v2\/media?parent=25077"}],"wp:term":[{"taxonomy":"product_brand","embeddable":true,"href":"https:\/\/www.schramas.com\/se\/wp-json\/wp\/v2\/product_brand?post=25077"},{"taxonomy":"product_cat","embeddable":true,"href":"https:\/\/www.schramas.com\/se\/wp-json\/wp\/v2\/product_cat?post=25077"},{"taxonomy":"product_tag","embeddable":true,"href":"https:\/\/www.schramas.com\/se\/wp-json\/wp\/v2\/product_tag?post=25077"}],"curies":[{"name":"wp","href":"https:\/\/api.w.org\/{rel}","templated":true}]}}