{"id":25261,"date":"2023-05-04T15:30:51","date_gmt":"2023-05-04T13:30:51","guid":{"rendered":"https:\/\/www.schramas.com\/?post_type=product&#038;p=25261"},"modified":"2026-04-14T16:20:51","modified_gmt":"2026-04-14T14:20:51","slug":"var-eller-salladslok-vit-lisbon-allium-cepa","status":"publish","type":"product","link":"https:\/\/www.schramas.com\/se\/butik\/var-eller-salladslok-vit-lisbon-allium-cepa\/","title":{"rendered":"Salladsl\u00f6k eller salladsl\u00f6k 'White Lisbon' (Allium cepa)"},"content":{"rendered":"","protected":false},"excerpt":{"rendered":"","protected":false},"featured_media":25267,"template":"","meta":{"_joinchat":[]},"product_brand":[],"product_cat":[1052,1051],"product_tag":[],"class_list":{"0":"post-25261","1":"product","2":"type-product","3":"status-publish","4":"has-post-thumbnail","6":"product_cat-groente-fruit","7":"product_cat-zaden","9":"first","10":"outofstock","11":"taxable","12":"shipping-taxable","13":"purchasable","14":"product-type-simple"},"yoast_head":"<!-- This site is optimized with the Yoast SEO plugin v24.2 - https:\/\/yoast.com\/wordpress\/plugins\/seo\/ -->\n<title>Lente- of Bosui &#039;White Lisbon&#039; (Allium cepa) kopen | Planten eenvoudig online bestellen | Schramas.com<\/title>\n<meta name=\"robots\" content=\"index, follow, max-snippet:-1, max-image-preview:large, max-video-preview:-1\" \/>\n<link rel=\"canonical\" href=\"https:\/\/www.schramas.com\/se\/butik\/var-eller-salladslok-vit-lisbon-allium-cepa\/\" \/>\n<meta property=\"og:locale\" content=\"sv_SE\" \/>\n<meta property=\"og:type\" content=\"article\" \/>\n<meta property=\"og:title\" content=\"Lente- of Bosui &#039;White Lisbon&#039; (Allium cepa) kopen | Planten eenvoudig online bestellen | Schramas.com\" \/>\n<meta property=\"og:url\" content=\"https:\/\/www.schramas.com\/se\/butik\/var-eller-salladslok-vit-lisbon-allium-cepa\/\" \/>\n<meta property=\"og:site_name\" content=\"Planten eenvoudig online bestellen | Schramas.com\" \/>\n<meta property=\"article:publisher\" content=\"https:\/\/www.facebook.com\/Schramascom-106872874153195\/\" \/>\n<meta property=\"article:modified_time\" content=\"2026-04-14T14:20:51+00:00\" \/>\n<meta property=\"og:image\" content=\"http:\/\/www.schramas.com\/wp-content\/uploads\/2023\/05\/Cipolla-White-Lisbon.png\" \/>\n\t<meta property=\"og:image:width\" content=\"806\" \/>\n\t<meta property=\"og:image:height\" content=\"806\" \/>\n\t<meta property=\"og:image:type\" content=\"image\/png\" \/>\n<meta name=\"twitter:card\" content=\"summary_large_image\" \/>\n<script type=\"application\/ld+json\" class=\"yoast-schema-graph\">{\"@context\":\"https:\/\/schema.org\",\"@graph\":[{\"@type\":[\"WebPage\",\"ItemPage\"],\"@id\":\"https:\/\/www.schramas.com\/winkel\/lente-of-bosui-white-lisbon-allium-cepa\/\",\"url\":\"https:\/\/www.schramas.com\/winkel\/lente-of-bosui-white-lisbon-allium-cepa\/\",\"name\":\"Lente- of Bosui 'White Lisbon' (Allium cepa) kopen | Planten eenvoudig online bestellen | Schramas.com\",\"isPartOf\":{\"@id\":\"https:\/\/www.schramas.com\/#website\"},\"primaryImageOfPage\":{\"@id\":\"https:\/\/www.schramas.com\/winkel\/lente-of-bosui-white-lisbon-allium-cepa\/#primaryimage\"},\"image\":{\"@id\":\"https:\/\/www.schramas.com\/winkel\/lente-of-bosui-white-lisbon-allium-cepa\/#primaryimage\"},\"thumbnailUrl\":\"https:\/\/www.schramas.com\/wp-content\/uploads\/2023\/05\/Cipolla-White-Lisbon.png\",\"datePublished\":\"2023-05-04T13:30:51+00:00\",\"dateModified\":\"2026-04-14T14:20:51+00:00\",\"breadcrumb\":{\"@id\":\"https:\/\/www.schramas.com\/winkel\/lente-of-bosui-white-lisbon-allium-cepa\/#breadcrumb\"},\"inLanguage\":\"sv-SE\",\"potentialAction\":[{\"@type\":\"ReadAction\",\"target\":[\"https:\/\/www.schramas.com\/winkel\/lente-of-bosui-white-lisbon-allium-cepa\/\"]}]},{\"@type\":\"ImageObject\",\"inLanguage\":\"sv-SE\",\"@id\":\"https:\/\/www.schramas.com\/winkel\/lente-of-bosui-white-lisbon-allium-cepa\/#primaryimage\",\"url\":\"https:\/\/www.schramas.com\/wp-content\/uploads\/2023\/05\/Cipolla-White-Lisbon.png\",\"contentUrl\":\"https:\/\/www.schramas.com\/wp-content\/uploads\/2023\/05\/Cipolla-White-Lisbon.png\",\"width\":806,\"height\":806},{\"@type\":\"BreadcrumbList\",\"@id\":\"https:\/\/www.schramas.com\/winkel\/lente-of-bosui-white-lisbon-allium-cepa\/#breadcrumb\",\"itemListElement\":[{\"@type\":\"ListItem\",\"position\":1,\"name\":\"Product\",\"item\":\"https:\/\/www.schramas.com\/assortiment\/\"},{\"@type\":\"ListItem\",\"position\":2,\"name\":\"Zaden\",\"item\":\"https:\/\/www.schramas.com\/product-category\/zaden\/\"},{\"@type\":\"ListItem\",\"position\":3,\"name\":\"Lente- of Bosui &#8216;White Lisbon&#8217; (Allium cepa)\"}]},{\"@type\":\"WebSite\",\"@id\":\"https:\/\/www.schramas.com\/#website\",\"url\":\"https:\/\/www.schramas.com\/\",\"name\":\"Schramas.com | Tuinplanten eenvoudig online bestellen | Direct van onze Kwekerij\",\"description\":\"\",\"alternateName\":\"Schramas.com - Alle planten direct van de kweker\",\"potentialAction\":[{\"@type\":\"SearchAction\",\"target\":{\"@type\":\"EntryPoint\",\"urlTemplate\":\"https:\/\/www.schramas.com\/?s={search_term_string}\"},\"query-input\":{\"@type\":\"PropertyValueSpecification\",\"valueRequired\":true,\"valueName\":\"search_term_string\"}}],\"inLanguage\":\"sv-SE\"}]}<\/script>\n<!-- \/ Yoast SEO plugin. -->","yoast_head_json":{"title":"K\u00f6p v\u00e5rl\u00f6k eller v\u00e5rl\u00f6k 'White Lisbon' (Allium cepa) | K\u00f6p v\u00e4xter enkelt online | Schramas.com","robots":{"index":"index","follow":"follow","max-snippet":"max-snippet:-1","max-image-preview":"max-image-preview:large","max-video-preview":"max-video-preview:-1"},"canonical":"https:\/\/www.schramas.com\/se\/butik\/var-eller-salladslok-vit-lisbon-allium-cepa\/","og_locale":"sv_SE","og_type":"article","og_title":"Lente- of Bosui 'White Lisbon' (Allium cepa) kopen | Planten eenvoudig online bestellen | Schramas.com","og_url":"https:\/\/www.schramas.com\/se\/butik\/var-eller-salladslok-vit-lisbon-allium-cepa\/","og_site_name":"Planten eenvoudig online bestellen | Schramas.com","article_publisher":"https:\/\/www.facebook.com\/Schramascom-106872874153195\/","article_modified_time":"2026-04-14T14:20:51+00:00","og_image":[{"width":806,"height":806,"url":"http:\/\/www.schramas.com\/wp-content\/uploads\/2023\/05\/Cipolla-White-Lisbon.png","type":"image\/png"}],"twitter_card":"summary_large_image","schema":{"@context":"https:\/\/schema.org","@graph":[{"@type":["WebPage","ItemPage"],"@id":"https:\/\/www.schramas.com\/winkel\/lente-of-bosui-white-lisbon-allium-cepa\/","url":"https:\/\/www.schramas.com\/winkel\/lente-of-bosui-white-lisbon-allium-cepa\/","name":"K\u00f6p v\u00e5rl\u00f6k eller v\u00e5rl\u00f6k 'White Lisbon' (Allium cepa) | K\u00f6p v\u00e4xter enkelt online | Schramas.com","isPartOf":{"@id":"https:\/\/www.schramas.com\/#website"},"primaryImageOfPage":{"@id":"https:\/\/www.schramas.com\/winkel\/lente-of-bosui-white-lisbon-allium-cepa\/#primaryimage"},"image":{"@id":"https:\/\/www.schramas.com\/winkel\/lente-of-bosui-white-lisbon-allium-cepa\/#primaryimage"},"thumbnailUrl":"https:\/\/www.schramas.com\/wp-content\/uploads\/2023\/05\/Cipolla-White-Lisbon.png","datePublished":"2023-05-04T13:30:51+00:00","dateModified":"2026-04-14T14:20:51+00:00","breadcrumb":{"@id":"https:\/\/www.schramas.com\/winkel\/lente-of-bosui-white-lisbon-allium-cepa\/#breadcrumb"},"inLanguage":"sv-SE","potentialAction":[{"@type":"ReadAction","target":["https:\/\/www.schramas.com\/winkel\/lente-of-bosui-white-lisbon-allium-cepa\/"]}]},{"@type":"ImageObject","inLanguage":"sv-SE","@id":"https:\/\/www.schramas.com\/winkel\/lente-of-bosui-white-lisbon-allium-cepa\/#primaryimage","url":"https:\/\/www.schramas.com\/wp-content\/uploads\/2023\/05\/Cipolla-White-Lisbon.png","contentUrl":"https:\/\/www.schramas.com\/wp-content\/uploads\/2023\/05\/Cipolla-White-Lisbon.png","width":806,"height":806},{"@type":"BreadcrumbList","@id":"https:\/\/www.schramas.com\/winkel\/lente-of-bosui-white-lisbon-allium-cepa\/#breadcrumb","itemListElement":[{"@type":"ListItem","position":1,"name":"Product","item":"https:\/\/www.schramas.com\/assortiment\/"},{"@type":"ListItem","position":2,"name":"Zaden","item":"https:\/\/www.schramas.com\/product-category\/zaden\/"},{"@type":"ListItem","position":3,"name":"Lente- of Bosui &#8216;White Lisbon&#8217; (Allium cepa)"}]},{"@type":"WebSite","@id":"https:\/\/www.schramas.com\/#website","url":"https:\/\/www.schramas.com\/","name":"Schramas.com | Tr\u00e4dg\u00e5rdsv\u00e4xter som enkelt kan best\u00e4llas online | Direkt fr\u00e5n v\u00e5r plantskola","description":"","alternateName":"Schramas.com - Alle planten direct van de kweker","potentialAction":[{"@type":"SearchAction","target":{"@type":"EntryPoint","urlTemplate":"https:\/\/www.schramas.com\/?s={search_term_string}"},"query-input":{"@type":"PropertyValueSpecification","valueRequired":true,"valueName":"search_term_string"}}],"inLanguage":"sv-SE"}]}},"_links":{"self":[{"href":"https:\/\/www.schramas.com\/se\/wp-json\/wp\/v2\/product\/25261","targetHints":{"allow":["GET"]}}],"collection":[{"href":"https:\/\/www.schramas.com\/se\/wp-json\/wp\/v2\/product"}],"about":[{"href":"https:\/\/www.schramas.com\/se\/wp-json\/wp\/v2\/types\/product"}],"version-history":[{"count":1,"href":"https:\/\/www.schramas.com\/se\/wp-json\/wp\/v2\/product\/25261\/revisions"}],"predecessor-version":[{"id":71651,"href":"https:\/\/www.schramas.com\/se\/wp-json\/wp\/v2\/product\/25261\/revisions\/71651"}],"wp:featuredmedia":[{"embeddable":true,"href":"https:\/\/www.schramas.com\/se\/wp-json\/wp\/v2\/media\/25267"}],"wp:attachment":[{"href":"https:\/\/www.schramas.com\/se\/wp-json\/wp\/v2\/media?parent=25261"}],"wp:term":[{"taxonomy":"product_brand","embeddable":true,"href":"https:\/\/www.schramas.com\/se\/wp-json\/wp\/v2\/product_brand?post=25261"},{"taxonomy":"product_cat","embeddable":true,"href":"https:\/\/www.schramas.com\/se\/wp-json\/wp\/v2\/product_cat?post=25261"},{"taxonomy":"product_tag","embeddable":true,"href":"https:\/\/www.schramas.com\/se\/wp-json\/wp\/v2\/product_tag?post=25261"}],"curies":[{"name":"wp","href":"https:\/\/api.w.org\/{rel}","templated":true}]}}