{"id":25428,"date":"2023-05-09T11:26:46","date_gmt":"2023-05-09T09:26:46","guid":{"rendered":"https:\/\/www.schramas.com\/?post_type=product&#038;p=25428"},"modified":"2026-03-26T16:35:36","modified_gmt":"2026-03-26T15:35:36","slug":"uppsattning-av-3-vinbar-jonkheer-van-tets-blanka-titania-ribes-rubrum-hojd-50cm-rotstock","status":"publish","type":"product","link":"https:\/\/www.schramas.com\/se\/butik\/uppsattning-av-3-vinbar-jonkheer-van-tets-blanka-titania-ribes-rubrum-hojd-50cm-rotstock\/","title":{"rendered":"Upps\u00e4ttning av 3 vinb\u00e4r - 'Jonkheer van Tets', 'Blanka', 'Titania' - Ribes rubrum - H\u00f6jd 50cm - Rotstock"},"content":{"rendered":"<p>Njut av en uts\u00f6kt sk\u00f6rd med denna upps\u00e4ttning av 3 vinb\u00e4r, best\u00e5ende av sorterna 'Jonkheer van Tets', 'Blanka' och 'Titania'. Dessa buskar \u00e4r alla av sorten Ribes rubrum och blir ca 175 cm h\u00f6ga. I denna upps\u00e4ttning f\u00e5r du tre buskar som rotstock. Nedan f\u00f6ljer de viktigaste egenskaperna:<\/p>\n<ul>\n<li>Tre olika sorter, s\u00e5 en varierad sk\u00f6rd<\/li>\n<li>Ribes rubrum, en vanlig sort som \u00e4r k\u00e4nd f\u00f6r sina s\u00f6ta och saftiga b\u00e4r<\/li>\n<li>Vinb\u00e4r \u00e4r rika p\u00e5 C-vitamin och antioxidanter, s\u00e5 de \u00e4r inte bara goda utan ocks\u00e5 h\u00e4lsosamma<\/li>\n<li>L\u00e4tt att underh\u00e5lla och sk\u00f6ta, perfekt f\u00f6r nyb\u00f6rjare i tr\u00e4dg\u00e5rden<\/li>\n<\/ul>\n<p>Best\u00e4ll denna upps\u00e4ttning med 3 vinb\u00e4r nu och njut snart av en uts\u00f6kt sk\u00f6rd full av s\u00f6ta och saftiga b\u00e4r!<\/p>\n<p>OBSERVERA: Levereras som rotstock, vilket inneb\u00e4r att den kommer fr\u00e5n kylan och \u00e4nnu inte har n\u00e5gra blad.<\/p>","protected":false},"excerpt":{"rendered":"<p>Ribes rubrum 'Jonkheer van Tets', 'Blanka', 'Titania'<\/p>\n<p>Vinb\u00e4r<\/p>\n<p>Smak: friskt s\u00f6t.<\/p>\n<p>H\u00f6jd max: 1,75 - 2 meter<\/p>\n<p>L\u00e4mplig f\u00f6r b\u00e5de uteplats och \u00f6ppen mark.<\/p>\n<p>Sj\u00e4lvpollinerande.<\/p>\n<p>Hardy.<\/p>\n<p>Leveransh\u00f6jd inkl. kruka: +\/_50 cm<\/p>\n<p>Obs: Levereras som rotstock, allts\u00e5 ingen kruka och inga blad!<\/p>","protected":false},"featured_media":25429,"template":"","meta":{"_joinchat":[]},"product_brand":[],"product_cat":[41,1011,234,867],"product_tag":[711,1008,710,661,1039],"class_list":{"0":"post-25428","1":"product","2":"type-product","3":"status-publish","4":"has-post-thumbnail","6":"product_cat-aalbessen","7":"product_cat-fruit-deals","8":"product_cat-fruitstruiken","9":"product_cat-pakket-deals","10":"product_tag-aalbessen","11":"product_tag-blanka","12":"product_tag-jonkheer-van-tets","13":"product_tag-titania","14":"product_tag-wortelgoed","16":"first","17":"outofstock","18":"taxable","19":"shipping-taxable","20":"purchasable","21":"product-type-simple"},"yoast_head":"<!-- This site is optimized with the Yoast SEO plugin v24.2 - https:\/\/yoast.com\/wordpress\/plugins\/seo\/ -->\n<title>Set van 3 Aalbessen - &#039;Jonkheer van Tets&#039;, &#039;Blanka&#039;, &#039;Titania&#039; - Ribes rubrum - Hoogte 50cm - Wortelgoed kopen | Planten eenvoudig online bestellen | Schramas.com<\/title>\n<meta name=\"robots\" content=\"index, follow, max-snippet:-1, max-image-preview:large, max-video-preview:-1\" \/>\n<link rel=\"canonical\" href=\"https:\/\/www.schramas.com\/se\/butik\/uppsattning-av-3-vinbar-jonkheer-van-tets-blanka-titania-ribes-rubrum-hojd-50cm-rotstock\/\" \/>\n<meta property=\"og:locale\" content=\"sv_SE\" \/>\n<meta property=\"og:type\" content=\"article\" \/>\n<meta property=\"og:title\" content=\"Set van 3 Aalbessen - &#039;Jonkheer van Tets&#039;, &#039;Blanka&#039;, &#039;Titania&#039; - Ribes rubrum - Hoogte 50cm - Wortelgoed kopen | Planten eenvoudig online bestellen | Schramas.com\" \/>\n<meta property=\"og:description\" content=\"Ribes rubrum &#039;Jonkheer van Tets&#039;, &#039;Blanka&#039;, &#039;Titania&#039;  Aalbessen  Smaak: fris zoet.  Hoogte max: 1,75 - 2 meter  Geschikt voor zowel patio als volle grond.  Zelf bestuivend.  Winterhard.  Leverhoogte incl. pot: +\/_50 cm  Let op: Geleverd als wortelgoed, dus zonder pot en geen bladeren!\" \/>\n<meta property=\"og:url\" content=\"https:\/\/www.schramas.com\/se\/butik\/uppsattning-av-3-vinbar-jonkheer-van-tets-blanka-titania-ribes-rubrum-hojd-50cm-rotstock\/\" \/>\n<meta property=\"og:site_name\" content=\"Planten eenvoudig online bestellen | Schramas.com\" \/>\n<meta property=\"article:publisher\" content=\"https:\/\/www.facebook.com\/Schramascom-106872874153195\/\" \/>\n<meta property=\"article:modified_time\" content=\"2026-03-26T15:35:36+00:00\" \/>\n<meta property=\"og:image\" content=\"http:\/\/www.schramas.com\/wp-content\/uploads\/2023\/05\/Aalbes-wortelgoed-pakketdeal-9-stuks.jpg\" \/>\n\t<meta property=\"og:image:width\" content=\"1600\" \/>\n\t<meta property=\"og:image:height\" content=\"1600\" \/>\n\t<meta property=\"og:image:type\" content=\"image\/jpeg\" \/>\n<meta name=\"twitter:card\" content=\"summary_large_image\" \/>\n<meta name=\"twitter:label1\" content=\"Ber\u00e4knad l\u00e4stid\" \/>\n\t<meta name=\"twitter:data1\" content=\"1 minut\" \/>\n<script type=\"application\/ld+json\" class=\"yoast-schema-graph\">{\"@context\":\"https:\/\/schema.org\",\"@graph\":[{\"@type\":[\"WebPage\",\"ItemPage\"],\"@id\":\"https:\/\/www.schramas.com\/winkel\/set-van-3-aalbessen-jonkheer-van-tets-blanka-titania-ribes-rubrum-hoogte-50cm-wortelgoed\/\",\"url\":\"https:\/\/www.schramas.com\/winkel\/set-van-3-aalbessen-jonkheer-van-tets-blanka-titania-ribes-rubrum-hoogte-50cm-wortelgoed\/\",\"name\":\"Set van 3 Aalbessen - 'Jonkheer van Tets', 'Blanka', 'Titania' - Ribes rubrum - Hoogte 50cm - Wortelgoed kopen | Planten eenvoudig online bestellen | Schramas.com\",\"isPartOf\":{\"@id\":\"https:\/\/www.schramas.com\/#website\"},\"primaryImageOfPage\":{\"@id\":\"https:\/\/www.schramas.com\/winkel\/set-van-3-aalbessen-jonkheer-van-tets-blanka-titania-ribes-rubrum-hoogte-50cm-wortelgoed\/#primaryimage\"},\"image\":{\"@id\":\"https:\/\/www.schramas.com\/winkel\/set-van-3-aalbessen-jonkheer-van-tets-blanka-titania-ribes-rubrum-hoogte-50cm-wortelgoed\/#primaryimage\"},\"thumbnailUrl\":\"https:\/\/www.schramas.com\/wp-content\/uploads\/2023\/05\/Aalbes-wortelgoed-pakketdeal-9-stuks.jpg\",\"datePublished\":\"2023-05-09T09:26:46+00:00\",\"dateModified\":\"2026-03-26T15:35:36+00:00\",\"breadcrumb\":{\"@id\":\"https:\/\/www.schramas.com\/winkel\/set-van-3-aalbessen-jonkheer-van-tets-blanka-titania-ribes-rubrum-hoogte-50cm-wortelgoed\/#breadcrumb\"},\"inLanguage\":\"sv-SE\",\"potentialAction\":[{\"@type\":\"ReadAction\",\"target\":[\"https:\/\/www.schramas.com\/winkel\/set-van-3-aalbessen-jonkheer-van-tets-blanka-titania-ribes-rubrum-hoogte-50cm-wortelgoed\/\"]}]},{\"@type\":\"ImageObject\",\"inLanguage\":\"sv-SE\",\"@id\":\"https:\/\/www.schramas.com\/winkel\/set-van-3-aalbessen-jonkheer-van-tets-blanka-titania-ribes-rubrum-hoogte-50cm-wortelgoed\/#primaryimage\",\"url\":\"https:\/\/www.schramas.com\/wp-content\/uploads\/2023\/05\/Aalbes-wortelgoed-pakketdeal-9-stuks.jpg\",\"contentUrl\":\"https:\/\/www.schramas.com\/wp-content\/uploads\/2023\/05\/Aalbes-wortelgoed-pakketdeal-9-stuks.jpg\",\"width\":1600,\"height\":1600},{\"@type\":\"BreadcrumbList\",\"@id\":\"https:\/\/www.schramas.com\/winkel\/set-van-3-aalbessen-jonkheer-van-tets-blanka-titania-ribes-rubrum-hoogte-50cm-wortelgoed\/#breadcrumb\",\"itemListElement\":[{\"@type\":\"ListItem\",\"position\":1,\"name\":\"Product\",\"item\":\"https:\/\/www.schramas.com\/assortiment\/\"},{\"@type\":\"ListItem\",\"position\":2,\"name\":\"Bomen &amp; Struiken\",\"item\":\"https:\/\/www.schramas.com\/product-category\/bomen-struiken\/\"},{\"@type\":\"ListItem\",\"position\":3,\"name\":\"Fruitstruiken\",\"item\":\"https:\/\/www.schramas.com\/de\/produktkategorie\/baume-und-straucher\/obststraucher\/\"},{\"@type\":\"ListItem\",\"position\":4,\"name\":\"Set van 3 Aalbessen &#8211; &#8216;Jonkheer van Tets&#8217;, &#8216;Blanka&#8217;, &#8216;Titania&#8217; &#8211; Ribes rubrum &#8211; Hoogte 50cm &#8211; Wortelgoed\"}]},{\"@type\":\"WebSite\",\"@id\":\"https:\/\/www.schramas.com\/#website\",\"url\":\"https:\/\/www.schramas.com\/\",\"name\":\"Schramas.com | Tuinplanten eenvoudig online bestellen | Direct van onze Kwekerij\",\"description\":\"\",\"alternateName\":\"Schramas.com - Alle planten direct van de kweker\",\"potentialAction\":[{\"@type\":\"SearchAction\",\"target\":{\"@type\":\"EntryPoint\",\"urlTemplate\":\"https:\/\/www.schramas.com\/?s={search_term_string}\"},\"query-input\":{\"@type\":\"PropertyValueSpecification\",\"valueRequired\":true,\"valueName\":\"search_term_string\"}}],\"inLanguage\":\"sv-SE\"}]}<\/script>\n<!-- \/ Yoast SEO plugin. -->","yoast_head_json":{"title":"Upps\u00e4ttning av 3 vinb\u00e4r - 'Jonkheer van Tets', 'Blanka', 'Titania' - Ribes rubrum - H\u00f6jd 50cm - K\u00f6p rotstock | V\u00e4xter enkelt online | Schramas.com","robots":{"index":"index","follow":"follow","max-snippet":"max-snippet:-1","max-image-preview":"max-image-preview:large","max-video-preview":"max-video-preview:-1"},"canonical":"https:\/\/www.schramas.com\/se\/butik\/uppsattning-av-3-vinbar-jonkheer-van-tets-blanka-titania-ribes-rubrum-hojd-50cm-rotstock\/","og_locale":"sv_SE","og_type":"article","og_title":"Set van 3 Aalbessen - 'Jonkheer van Tets', 'Blanka', 'Titania' - Ribes rubrum - Hoogte 50cm - Wortelgoed kopen | Planten eenvoudig online bestellen | Schramas.com","og_description":"Ribes rubrum 'Jonkheer van Tets', 'Blanka', 'Titania'  Aalbessen  Smaak: fris zoet.  Hoogte max: 1,75 - 2 meter  Geschikt voor zowel patio als volle grond.  Zelf bestuivend.  Winterhard.  Leverhoogte incl. pot: +\/_50 cm  Let op: Geleverd als wortelgoed, dus zonder pot en geen bladeren!","og_url":"https:\/\/www.schramas.com\/se\/butik\/uppsattning-av-3-vinbar-jonkheer-van-tets-blanka-titania-ribes-rubrum-hojd-50cm-rotstock\/","og_site_name":"Planten eenvoudig online bestellen | Schramas.com","article_publisher":"https:\/\/www.facebook.com\/Schramascom-106872874153195\/","article_modified_time":"2026-03-26T15:35:36+00:00","og_image":[{"width":1600,"height":1600,"url":"http:\/\/www.schramas.com\/wp-content\/uploads\/2023\/05\/Aalbes-wortelgoed-pakketdeal-9-stuks.jpg","type":"image\/jpeg"}],"twitter_card":"summary_large_image","twitter_misc":{"Ber\u00e4knad l\u00e4stid":"1 minut"},"schema":{"@context":"https:\/\/schema.org","@graph":[{"@type":["WebPage","ItemPage"],"@id":"https:\/\/www.schramas.com\/winkel\/set-van-3-aalbessen-jonkheer-van-tets-blanka-titania-ribes-rubrum-hoogte-50cm-wortelgoed\/","url":"https:\/\/www.schramas.com\/winkel\/set-van-3-aalbessen-jonkheer-van-tets-blanka-titania-ribes-rubrum-hoogte-50cm-wortelgoed\/","name":"Upps\u00e4ttning av 3 vinb\u00e4r - 'Jonkheer van Tets', 'Blanka', 'Titania' - Ribes rubrum - H\u00f6jd 50cm - K\u00f6p rotstock | V\u00e4xter enkelt online | Schramas.com","isPartOf":{"@id":"https:\/\/www.schramas.com\/#website"},"primaryImageOfPage":{"@id":"https:\/\/www.schramas.com\/winkel\/set-van-3-aalbessen-jonkheer-van-tets-blanka-titania-ribes-rubrum-hoogte-50cm-wortelgoed\/#primaryimage"},"image":{"@id":"https:\/\/www.schramas.com\/winkel\/set-van-3-aalbessen-jonkheer-van-tets-blanka-titania-ribes-rubrum-hoogte-50cm-wortelgoed\/#primaryimage"},"thumbnailUrl":"https:\/\/www.schramas.com\/wp-content\/uploads\/2023\/05\/Aalbes-wortelgoed-pakketdeal-9-stuks.jpg","datePublished":"2023-05-09T09:26:46+00:00","dateModified":"2026-03-26T15:35:36+00:00","breadcrumb":{"@id":"https:\/\/www.schramas.com\/winkel\/set-van-3-aalbessen-jonkheer-van-tets-blanka-titania-ribes-rubrum-hoogte-50cm-wortelgoed\/#breadcrumb"},"inLanguage":"sv-SE","potentialAction":[{"@type":"ReadAction","target":["https:\/\/www.schramas.com\/winkel\/set-van-3-aalbessen-jonkheer-van-tets-blanka-titania-ribes-rubrum-hoogte-50cm-wortelgoed\/"]}]},{"@type":"ImageObject","inLanguage":"sv-SE","@id":"https:\/\/www.schramas.com\/winkel\/set-van-3-aalbessen-jonkheer-van-tets-blanka-titania-ribes-rubrum-hoogte-50cm-wortelgoed\/#primaryimage","url":"https:\/\/www.schramas.com\/wp-content\/uploads\/2023\/05\/Aalbes-wortelgoed-pakketdeal-9-stuks.jpg","contentUrl":"https:\/\/www.schramas.com\/wp-content\/uploads\/2023\/05\/Aalbes-wortelgoed-pakketdeal-9-stuks.jpg","width":1600,"height":1600},{"@type":"BreadcrumbList","@id":"https:\/\/www.schramas.com\/winkel\/set-van-3-aalbessen-jonkheer-van-tets-blanka-titania-ribes-rubrum-hoogte-50cm-wortelgoed\/#breadcrumb","itemListElement":[{"@type":"ListItem","position":1,"name":"Product","item":"https:\/\/www.schramas.com\/assortiment\/"},{"@type":"ListItem","position":2,"name":"Bomen &amp; Struiken","item":"https:\/\/www.schramas.com\/product-category\/bomen-struiken\/"},{"@type":"ListItem","position":3,"name":"Fruitstruiken","item":"https:\/\/www.schramas.com\/de\/produktkategorie\/baume-und-straucher\/obststraucher\/"},{"@type":"ListItem","position":4,"name":"Set van 3 Aalbessen &#8211; &#8216;Jonkheer van Tets&#8217;, &#8216;Blanka&#8217;, &#8216;Titania&#8217; &#8211; Ribes rubrum &#8211; Hoogte 50cm &#8211; Wortelgoed"}]},{"@type":"WebSite","@id":"https:\/\/www.schramas.com\/#website","url":"https:\/\/www.schramas.com\/","name":"Schramas.com | Tr\u00e4dg\u00e5rdsv\u00e4xter som enkelt kan best\u00e4llas online | Direkt fr\u00e5n v\u00e5r plantskola","description":"","alternateName":"Schramas.com - Alle planten direct van de kweker","potentialAction":[{"@type":"SearchAction","target":{"@type":"EntryPoint","urlTemplate":"https:\/\/www.schramas.com\/?s={search_term_string}"},"query-input":{"@type":"PropertyValueSpecification","valueRequired":true,"valueName":"search_term_string"}}],"inLanguage":"sv-SE"}]}},"_links":{"self":[{"href":"https:\/\/www.schramas.com\/se\/wp-json\/wp\/v2\/product\/25428","targetHints":{"allow":["GET"]}}],"collection":[{"href":"https:\/\/www.schramas.com\/se\/wp-json\/wp\/v2\/product"}],"about":[{"href":"https:\/\/www.schramas.com\/se\/wp-json\/wp\/v2\/types\/product"}],"version-history":[{"count":1,"href":"https:\/\/www.schramas.com\/se\/wp-json\/wp\/v2\/product\/25428\/revisions"}],"predecessor-version":[{"id":57539,"href":"https:\/\/www.schramas.com\/se\/wp-json\/wp\/v2\/product\/25428\/revisions\/57539"}],"wp:featuredmedia":[{"embeddable":true,"href":"https:\/\/www.schramas.com\/se\/wp-json\/wp\/v2\/media\/25429"}],"wp:attachment":[{"href":"https:\/\/www.schramas.com\/se\/wp-json\/wp\/v2\/media?parent=25428"}],"wp:term":[{"taxonomy":"product_brand","embeddable":true,"href":"https:\/\/www.schramas.com\/se\/wp-json\/wp\/v2\/product_brand?post=25428"},{"taxonomy":"product_cat","embeddable":true,"href":"https:\/\/www.schramas.com\/se\/wp-json\/wp\/v2\/product_cat?post=25428"},{"taxonomy":"product_tag","embeddable":true,"href":"https:\/\/www.schramas.com\/se\/wp-json\/wp\/v2\/product_tag?post=25428"}],"curies":[{"name":"wp","href":"https:\/\/api.w.org\/{rel}","templated":true}]}}