{"id":26258,"date":"2023-06-13T15:41:13","date_gmt":"2023-06-13T13:41:13","guid":{"rendered":"https:\/\/www.schramas.com\/?post_type=product&#038;p=26258"},"modified":"2026-03-26T16:35:43","modified_gmt":"2026-03-26T15:35:43","slug":"uppsattning-av-3-exotiska-frukttrad-1-aprikos-1-persika-1-nektarin-hojd-90cm-5-liters-kruka-mix-b","status":"publish","type":"product","link":"https:\/\/www.schramas.com\/se\/butik\/uppsattning-av-3-exotiska-frukttrad-1-aprikos-1-persika-1-nektarin-hojd-90cm-5-liters-kruka-mix-b\/","title":{"rendered":"Set med 3 exotiska frukttr\u00e4d - 1 aprikos, 1 persika, 1 nektarin - H\u00f6jd +90 cm - 5 liters kruka - Mix B"},"content":{"rendered":"<p><strong>Aprikossort: Prunus armeniaca 'Luizet' aprikos<\/strong><\/p>\n<p>Prunus Armeniaca 'Luizet' \u00e4r ett aprikostr\u00e4d med stora, s\u00f6ta, vackra orangegula frukter. Det \u00e4r sj\u00e4lvpollinerande och fertilt och blommar n\u00e5got l\u00e4ngre \u00e4n andra aprikoser, med ljusrosa stj\u00e4rnformade blommor. P\u00e5 grund av aprikosens tidiga blomning \u00e4r det l\u00e4mpligt att skydda blomman fr\u00e5n nattfrost och plantera tr\u00e4det i ett skyddat och soligt l\u00e4ge. H\u00e4rdigt, t\u00e5l torka och lockar till sig bin och fj\u00e4rilar.<\/p>\n<p>&nbsp;<\/p>\n<p><strong>Produktspecifikationer<\/strong><\/p>\n<ul>\n<li>Prunus Armeniaca 'Luizet', aprikos<\/li>\n<li>Aprikos<\/li>\n<li>Smak: mjuka saftiga frukter med en fin arom<\/li>\n<li>Frukts\u00e4ttningsperiod: augusti<\/li>\n<li>Fruktf\u00e4rg: orange, rund oval, l\u00e4tt h\u00e5rig<\/li>\n<li>Max h\u00f6jd: ca 3 -5 m p\u00e5 friland beroende p\u00e5 besk\u00e4rning och grundstam<\/li>\n<li>Sj\u00e4lvpollinerande<\/li>\n<li>L\u00e4mplig f\u00f6r b\u00e5de uteplats och \u00f6ppen mark (i skyddat och soligt l\u00e4ge)<\/li>\n<\/ul>\n<p>&nbsp;<\/p>\n<p><strong>Persikosort: Prunus persica 'Donut' vild persikotr\u00e4d<\/strong><\/p>\n<p>Den v\u00e4lk\u00e4nda platta eller vilda persikan som ocks\u00e5 \u00e4r saftig och s\u00f6t! Detta persikotr\u00e4d v\u00e4xer utm\u00e4rkt \u00e4ven i Europa, vi rekommenderar ett varmt skyddat l\u00e4ge och att skydda det fr\u00e5n frost det f\u00f6rsta \u00e5ret. Den platta vilda persikan ger mycket smak och h\u00e5ller sig l\u00e4tt n\u00e4r man \u00e4ter den. Bara f\u00f6r blomningen \u00e4r detta persikotr\u00e4d underbart att ha i din tr\u00e4dg\u00e5rd! Persikan blommar mycket tidigt p\u00e5 \u00e5ret (februari mars) och d\u00e5 \u00e4r det viktigt att skydda blomman fr\u00e5n frost.  Persikor \u00e4r sj\u00e4lvpollinerande och kan d\u00e4rf\u00f6r st\u00e5 ensamma.<\/p>\n<p>&nbsp;<\/p>\n<p><strong>Produktspecifikationer<\/strong><\/p>\n<ul>\n<li>Prunus persica 'Donut'<\/li>\n<li>Donut flat eller vild persika<\/li>\n<li>Smak: s\u00f6t.<\/li>\n<li>Fruktens f\u00e4rg: gulr\u00f6d.<\/li>\n<li>L\u00e4mplig f\u00f6r b\u00e5de uteplats och \u00f6ppen mark.<\/li>\n<li>sj\u00e4lvpollinerande<\/li>\n<li>Skydda fr\u00e5n frost f\u00f6rsta \u00e5ret.<\/li>\n<\/ul>\n<p>&nbsp;<\/p>\n<p><strong>Nektarin-sort: Prunus Persica 'Fire Top' nektarin<\/strong><\/p>\n<p>Nektarinen 'Fire Top' \u00e4r en v\u00e4lsmakande, gul frukt som mognar mitt i s\u00e4songen. Nektarintr\u00e4det har medelstarka, halvuppr\u00e4tta blad med god sj\u00e4lvpollinering. Det blommar vackert med rosformade blommor som inte \u00e4r s\u00e4rskilt k\u00e4nsliga f\u00f6r vinterfrost. Frukten \u00e4r medelstor och rund. Skalet \u00e4r sl\u00e4tt och n\u00e4stan 100% gl\u00e4nsande m\u00f6rkr\u00f6tt till lila. K\u00f6ttet \u00e4r mycket gult, n\u00e5got r\u00f6daktigt runt k\u00e4rnan, fast och saftigt, med en kryddig-aromatisk smak och perfekt syra. K\u00e4rnan \u00e4r delvis l\u00f6stagbar och frukten h\u00e5ller sig bra. Sk\u00f6rden sker i slutet av juli och avkastningen \u00e4r h\u00f6g och regelbunden, men gallring av frukten \u00e4r ofta n\u00f6dv\u00e4ndig.<\/p>\n<p>&nbsp;<\/p>\n<p><strong>Produktspecifikationer<\/strong><\/p>\n<ul>\n<li>Prunus Persica 'Fire Top'<\/li>\n<li>Smak: kryddig-aromatisk smak och perfekt syra<\/li>\n<li>Fruktf\u00e4rg: r\u00f6d till lila med orange bakgrund<\/li>\n<li>H\u00f6jd max: 4-5 meter<\/li>\n<li>L\u00e4mplig f\u00f6r b\u00e5de uteplats och \u00f6ppen mark - skyddat och soligt l\u00e4ge<\/li>\n<li>Sj\u00e4lvpollinerande<\/li>\n<li><\/li>\n<\/ul>\n<p>&nbsp;<\/p>","protected":false},"excerpt":{"rendered":"<p>Aprikossort: Prunus armeniaca 'Luizet' aprikos<\/p>\n<p>Persikosort: Prunus persica 'Donut' vild persikotr\u00e4d<\/p>\n<p>Nektarin-sort: Prunus Persica 'Fire Top' nektarin<\/p>\n<p>Leveransh\u00f6jd inkl. kruka: ca 90 cm<\/p>\n<p>Krukstorlek: 5 liter<\/p>\n<p>L\u00e4mplig f\u00f6r b\u00e5de uteplats och \u00f6ppen mark<\/p>","protected":false},"featured_media":26259,"template":"","meta":{"_joinchat":[]},"product_brand":[],"product_cat":[262,1011,233,2391,867],"product_tag":[309,973,938,1022,576],"class_list":{"0":"post-26258","1":"product","2":"type-product","3":"status-publish","4":"has-post-thumbnail","6":"product_cat-bomen-struiken","7":"product_cat-fruit-deals","8":"product_cat-fruitbomen","9":"product_cat-mediterrane-en-exotische-fruitplanten","10":"product_cat-pakket-deals","11":"product_tag-abrikoos","12":"product_tag-exotisch","13":"product_tag-fruitbomen-set","14":"product_tag-nectarine","15":"product_tag-perzik","17":"first","18":"outofstock","19":"taxable","20":"shipping-taxable","21":"purchasable","22":"product-type-simple"},"yoast_head":"<!-- This site is optimized with the Yoast SEO plugin v24.2 - https:\/\/yoast.com\/wordpress\/plugins\/seo\/ -->\n<title>Set van 3 Exotische fruitbomen - 1 Abrikoos, 1 Perzik, 1 Nectarine - Hoogte +90cm - 5 Liter pot - Mix B kopen | Planten eenvoudig online bestellen | Schramas.com<\/title>\n<meta name=\"robots\" content=\"index, follow, max-snippet:-1, max-image-preview:large, max-video-preview:-1\" \/>\n<link rel=\"canonical\" href=\"https:\/\/www.schramas.com\/se\/butik\/uppsattning-av-3-exotiska-frukttrad-1-aprikos-1-persika-1-nektarin-hojd-90cm-5-liters-kruka-mix-b\/\" \/>\n<meta property=\"og:locale\" content=\"sv_SE\" \/>\n<meta property=\"og:type\" content=\"article\" \/>\n<meta property=\"og:title\" content=\"Set van 3 Exotische fruitbomen - 1 Abrikoos, 1 Perzik, 1 Nectarine - Hoogte +90cm - 5 Liter pot - Mix B kopen | Planten eenvoudig online bestellen | Schramas.com\" \/>\n<meta property=\"og:description\" content=\"Abrikoos vari\u00ebteit: Prunus armeniaca &#039;Luizet&#039; abrikoos  Perzik vari\u00ebteit: Prunus persica &#039;Donut&#039; wilde perzikboom  Nectarine vari\u00ebteit: Prunus Persica \u2018Fire Top\u2019 nectarine  Leverhoogte incl. pot: ca. 90 cm  Potmaat: 5 liter  Geschikt voor zowel patio als volle grond\" \/>\n<meta property=\"og:url\" content=\"https:\/\/www.schramas.com\/se\/butik\/uppsattning-av-3-exotiska-frukttrad-1-aprikos-1-persika-1-nektarin-hojd-90cm-5-liters-kruka-mix-b\/\" \/>\n<meta property=\"og:site_name\" content=\"Planten eenvoudig online bestellen | Schramas.com\" \/>\n<meta property=\"article:publisher\" content=\"https:\/\/www.facebook.com\/Schramascom-106872874153195\/\" \/>\n<meta property=\"article:modified_time\" content=\"2026-03-26T15:35:43+00:00\" \/>\n<meta property=\"og:image\" content=\"http:\/\/www.schramas.com\/wp-content\/uploads\/2023\/06\/Pakketdeal-Exotische-fruitbomen-set-3-5L-B.jpg\" \/>\n\t<meta property=\"og:image:width\" content=\"1600\" \/>\n\t<meta property=\"og:image:height\" content=\"1600\" \/>\n\t<meta property=\"og:image:type\" content=\"image\/jpeg\" \/>\n<meta name=\"twitter:card\" content=\"summary_large_image\" \/>\n<meta name=\"twitter:label1\" content=\"Ber\u00e4knad l\u00e4stid\" \/>\n\t<meta name=\"twitter:data1\" content=\"2 minuter\" \/>\n<script type=\"application\/ld+json\" class=\"yoast-schema-graph\">{\"@context\":\"https:\/\/schema.org\",\"@graph\":[{\"@type\":[\"WebPage\",\"ItemPage\"],\"@id\":\"https:\/\/www.schramas.com\/winkel\/set-van-3-exotische-fruitbomen-1-abrikoos-1-perzik-1-nectarine-hoogte-90cm-5-liter-pot-mix-b\/\",\"url\":\"https:\/\/www.schramas.com\/winkel\/set-van-3-exotische-fruitbomen-1-abrikoos-1-perzik-1-nectarine-hoogte-90cm-5-liter-pot-mix-b\/\",\"name\":\"Set van 3 Exotische fruitbomen - 1 Abrikoos, 1 Perzik, 1 Nectarine - Hoogte +90cm - 5 Liter pot - Mix B kopen | Planten eenvoudig online bestellen | Schramas.com\",\"isPartOf\":{\"@id\":\"https:\/\/www.schramas.com\/#website\"},\"primaryImageOfPage\":{\"@id\":\"https:\/\/www.schramas.com\/winkel\/set-van-3-exotische-fruitbomen-1-abrikoos-1-perzik-1-nectarine-hoogte-90cm-5-liter-pot-mix-b\/#primaryimage\"},\"image\":{\"@id\":\"https:\/\/www.schramas.com\/winkel\/set-van-3-exotische-fruitbomen-1-abrikoos-1-perzik-1-nectarine-hoogte-90cm-5-liter-pot-mix-b\/#primaryimage\"},\"thumbnailUrl\":\"https:\/\/www.schramas.com\/wp-content\/uploads\/2023\/06\/Pakketdeal-Exotische-fruitbomen-set-3-5L-B.jpg\",\"datePublished\":\"2023-06-13T13:41:13+00:00\",\"dateModified\":\"2026-03-26T15:35:43+00:00\",\"breadcrumb\":{\"@id\":\"https:\/\/www.schramas.com\/winkel\/set-van-3-exotische-fruitbomen-1-abrikoos-1-perzik-1-nectarine-hoogte-90cm-5-liter-pot-mix-b\/#breadcrumb\"},\"inLanguage\":\"sv-SE\",\"potentialAction\":[{\"@type\":\"ReadAction\",\"target\":[\"https:\/\/www.schramas.com\/winkel\/set-van-3-exotische-fruitbomen-1-abrikoos-1-perzik-1-nectarine-hoogte-90cm-5-liter-pot-mix-b\/\"]}]},{\"@type\":\"ImageObject\",\"inLanguage\":\"sv-SE\",\"@id\":\"https:\/\/www.schramas.com\/winkel\/set-van-3-exotische-fruitbomen-1-abrikoos-1-perzik-1-nectarine-hoogte-90cm-5-liter-pot-mix-b\/#primaryimage\",\"url\":\"https:\/\/www.schramas.com\/wp-content\/uploads\/2023\/06\/Pakketdeal-Exotische-fruitbomen-set-3-5L-B.jpg\",\"contentUrl\":\"https:\/\/www.schramas.com\/wp-content\/uploads\/2023\/06\/Pakketdeal-Exotische-fruitbomen-set-3-5L-B.jpg\",\"width\":1600,\"height\":1600},{\"@type\":\"BreadcrumbList\",\"@id\":\"https:\/\/www.schramas.com\/winkel\/set-van-3-exotische-fruitbomen-1-abrikoos-1-perzik-1-nectarine-hoogte-90cm-5-liter-pot-mix-b\/#breadcrumb\",\"itemListElement\":[{\"@type\":\"ListItem\",\"position\":1,\"name\":\"Product\",\"item\":\"https:\/\/www.schramas.com\/assortiment\/\"},{\"@type\":\"ListItem\",\"position\":2,\"name\":\"Bomen &amp; Struiken\",\"item\":\"https:\/\/www.schramas.com\/product-category\/bomen-struiken\/\"},{\"@type\":\"ListItem\",\"position\":3,\"name\":\"Specials\",\"item\":\"https:\/\/www.schramas.com\/product-category\/bomen-struiken\/specials\/\"},{\"@type\":\"ListItem\",\"position\":4,\"name\":\"Mediterrane en Exotische Fruitplanten\",\"item\":\"https:\/\/www.schramas.com\/product-category\/bomen-struiken\/specials\/mediterrane-en-exotische-fruitplanten\/\"},{\"@type\":\"ListItem\",\"position\":5,\"name\":\"Set van 3 Exotische fruitbomen &#8211; 1 Abrikoos, 1 Perzik, 1 Nectarine &#8211; Hoogte +90cm &#8211; 5 Liter pot &#8211; Mix B\"}]},{\"@type\":\"WebSite\",\"@id\":\"https:\/\/www.schramas.com\/#website\",\"url\":\"https:\/\/www.schramas.com\/\",\"name\":\"Schramas.com | Tuinplanten eenvoudig online bestellen | Direct van onze Kwekerij\",\"description\":\"\",\"alternateName\":\"Schramas.com - Alle planten direct van de kweker\",\"potentialAction\":[{\"@type\":\"SearchAction\",\"target\":{\"@type\":\"EntryPoint\",\"urlTemplate\":\"https:\/\/www.schramas.com\/?s={search_term_string}\"},\"query-input\":{\"@type\":\"PropertyValueSpecification\",\"valueRequired\":true,\"valueName\":\"search_term_string\"}}],\"inLanguage\":\"sv-SE\"}]}<\/script>\n<!-- \/ Yoast SEO plugin. -->","yoast_head_json":{"title":"Set med 3 exotiska frukttr\u00e4d - 1 aprikos, 1 persika, 1 nektarin - H\u00f6jd +90cm - 5 liters kruka - K\u00f6p Mix B | V\u00e4xter enkel onlinebest\u00e4llning | Schramas.com","robots":{"index":"index","follow":"follow","max-snippet":"max-snippet:-1","max-image-preview":"max-image-preview:large","max-video-preview":"max-video-preview:-1"},"canonical":"https:\/\/www.schramas.com\/se\/butik\/uppsattning-av-3-exotiska-frukttrad-1-aprikos-1-persika-1-nektarin-hojd-90cm-5-liters-kruka-mix-b\/","og_locale":"sv_SE","og_type":"article","og_title":"Set van 3 Exotische fruitbomen - 1 Abrikoos, 1 Perzik, 1 Nectarine - Hoogte +90cm - 5 Liter pot - Mix B kopen | Planten eenvoudig online bestellen | Schramas.com","og_description":"Abrikoos vari\u00ebteit: Prunus armeniaca 'Luizet' abrikoos  Perzik vari\u00ebteit: Prunus persica 'Donut' wilde perzikboom  Nectarine vari\u00ebteit: Prunus Persica \u2018Fire Top\u2019 nectarine  Leverhoogte incl. pot: ca. 90 cm  Potmaat: 5 liter  Geschikt voor zowel patio als volle grond","og_url":"https:\/\/www.schramas.com\/se\/butik\/uppsattning-av-3-exotiska-frukttrad-1-aprikos-1-persika-1-nektarin-hojd-90cm-5-liters-kruka-mix-b\/","og_site_name":"Planten eenvoudig online bestellen | Schramas.com","article_publisher":"https:\/\/www.facebook.com\/Schramascom-106872874153195\/","article_modified_time":"2026-03-26T15:35:43+00:00","og_image":[{"width":1600,"height":1600,"url":"http:\/\/www.schramas.com\/wp-content\/uploads\/2023\/06\/Pakketdeal-Exotische-fruitbomen-set-3-5L-B.jpg","type":"image\/jpeg"}],"twitter_card":"summary_large_image","twitter_misc":{"Ber\u00e4knad l\u00e4stid":"2 minuter"},"schema":{"@context":"https:\/\/schema.org","@graph":[{"@type":["WebPage","ItemPage"],"@id":"https:\/\/www.schramas.com\/winkel\/set-van-3-exotische-fruitbomen-1-abrikoos-1-perzik-1-nectarine-hoogte-90cm-5-liter-pot-mix-b\/","url":"https:\/\/www.schramas.com\/winkel\/set-van-3-exotische-fruitbomen-1-abrikoos-1-perzik-1-nectarine-hoogte-90cm-5-liter-pot-mix-b\/","name":"Set med 3 exotiska frukttr\u00e4d - 1 aprikos, 1 persika, 1 nektarin - H\u00f6jd +90cm - 5 liters kruka - K\u00f6p Mix B | V\u00e4xter enkel onlinebest\u00e4llning | Schramas.com","isPartOf":{"@id":"https:\/\/www.schramas.com\/#website"},"primaryImageOfPage":{"@id":"https:\/\/www.schramas.com\/winkel\/set-van-3-exotische-fruitbomen-1-abrikoos-1-perzik-1-nectarine-hoogte-90cm-5-liter-pot-mix-b\/#primaryimage"},"image":{"@id":"https:\/\/www.schramas.com\/winkel\/set-van-3-exotische-fruitbomen-1-abrikoos-1-perzik-1-nectarine-hoogte-90cm-5-liter-pot-mix-b\/#primaryimage"},"thumbnailUrl":"https:\/\/www.schramas.com\/wp-content\/uploads\/2023\/06\/Pakketdeal-Exotische-fruitbomen-set-3-5L-B.jpg","datePublished":"2023-06-13T13:41:13+00:00","dateModified":"2026-03-26T15:35:43+00:00","breadcrumb":{"@id":"https:\/\/www.schramas.com\/winkel\/set-van-3-exotische-fruitbomen-1-abrikoos-1-perzik-1-nectarine-hoogte-90cm-5-liter-pot-mix-b\/#breadcrumb"},"inLanguage":"sv-SE","potentialAction":[{"@type":"ReadAction","target":["https:\/\/www.schramas.com\/winkel\/set-van-3-exotische-fruitbomen-1-abrikoos-1-perzik-1-nectarine-hoogte-90cm-5-liter-pot-mix-b\/"]}]},{"@type":"ImageObject","inLanguage":"sv-SE","@id":"https:\/\/www.schramas.com\/winkel\/set-van-3-exotische-fruitbomen-1-abrikoos-1-perzik-1-nectarine-hoogte-90cm-5-liter-pot-mix-b\/#primaryimage","url":"https:\/\/www.schramas.com\/wp-content\/uploads\/2023\/06\/Pakketdeal-Exotische-fruitbomen-set-3-5L-B.jpg","contentUrl":"https:\/\/www.schramas.com\/wp-content\/uploads\/2023\/06\/Pakketdeal-Exotische-fruitbomen-set-3-5L-B.jpg","width":1600,"height":1600},{"@type":"BreadcrumbList","@id":"https:\/\/www.schramas.com\/winkel\/set-van-3-exotische-fruitbomen-1-abrikoos-1-perzik-1-nectarine-hoogte-90cm-5-liter-pot-mix-b\/#breadcrumb","itemListElement":[{"@type":"ListItem","position":1,"name":"Product","item":"https:\/\/www.schramas.com\/assortiment\/"},{"@type":"ListItem","position":2,"name":"Bomen &amp; Struiken","item":"https:\/\/www.schramas.com\/product-category\/bomen-struiken\/"},{"@type":"ListItem","position":3,"name":"Specials","item":"https:\/\/www.schramas.com\/product-category\/bomen-struiken\/specials\/"},{"@type":"ListItem","position":4,"name":"Mediterrane en Exotische Fruitplanten","item":"https:\/\/www.schramas.com\/product-category\/bomen-struiken\/specials\/mediterrane-en-exotische-fruitplanten\/"},{"@type":"ListItem","position":5,"name":"Set van 3 Exotische fruitbomen &#8211; 1 Abrikoos, 1 Perzik, 1 Nectarine &#8211; Hoogte +90cm &#8211; 5 Liter pot &#8211; Mix B"}]},{"@type":"WebSite","@id":"https:\/\/www.schramas.com\/#website","url":"https:\/\/www.schramas.com\/","name":"Schramas.com | Tr\u00e4dg\u00e5rdsv\u00e4xter som enkelt kan best\u00e4llas online | Direkt fr\u00e5n v\u00e5r plantskola","description":"","alternateName":"Schramas.com - Alle planten direct van de kweker","potentialAction":[{"@type":"SearchAction","target":{"@type":"EntryPoint","urlTemplate":"https:\/\/www.schramas.com\/?s={search_term_string}"},"query-input":{"@type":"PropertyValueSpecification","valueRequired":true,"valueName":"search_term_string"}}],"inLanguage":"sv-SE"}]}},"_links":{"self":[{"href":"https:\/\/www.schramas.com\/se\/wp-json\/wp\/v2\/product\/26258","targetHints":{"allow":["GET"]}}],"collection":[{"href":"https:\/\/www.schramas.com\/se\/wp-json\/wp\/v2\/product"}],"about":[{"href":"https:\/\/www.schramas.com\/se\/wp-json\/wp\/v2\/types\/product"}],"version-history":[{"count":2,"href":"https:\/\/www.schramas.com\/se\/wp-json\/wp\/v2\/product\/26258\/revisions"}],"predecessor-version":[{"id":46286,"href":"https:\/\/www.schramas.com\/se\/wp-json\/wp\/v2\/product\/26258\/revisions\/46286"}],"wp:featuredmedia":[{"embeddable":true,"href":"https:\/\/www.schramas.com\/se\/wp-json\/wp\/v2\/media\/26259"}],"wp:attachment":[{"href":"https:\/\/www.schramas.com\/se\/wp-json\/wp\/v2\/media?parent=26258"}],"wp:term":[{"taxonomy":"product_brand","embeddable":true,"href":"https:\/\/www.schramas.com\/se\/wp-json\/wp\/v2\/product_brand?post=26258"},{"taxonomy":"product_cat","embeddable":true,"href":"https:\/\/www.schramas.com\/se\/wp-json\/wp\/v2\/product_cat?post=26258"},{"taxonomy":"product_tag","embeddable":true,"href":"https:\/\/www.schramas.com\/se\/wp-json\/wp\/v2\/product_tag?post=26258"}],"curies":[{"name":"wp","href":"https:\/\/api.w.org\/{rel}","templated":true}]}}