{"id":26412,"date":"2023-06-22T12:13:40","date_gmt":"2023-06-22T10:13:40","guid":{"rendered":"https:\/\/www.schramas.com\/?post_type=product&#038;p=26412"},"modified":"2026-03-26T16:35:44","modified_gmt":"2026-03-26T15:35:44","slug":"pieris-japonica-mountain-fire-rock-heather-2-liter-kruka","status":"publish","type":"product","link":"https:\/\/www.schramas.com\/se\/butik\/pieris-japonica-mountain-fire-rock-heather-2-liter-kruka\/","title":{"rendered":"Pieris Japonica 'Mountain fire' - Klippljung - 2 liter kruka"},"content":{"rendered":"<div class=\"group w-full text-gray-800 dark:text-gray-100 border-b border-black\/10 dark:border-gray-900\/50 bg-gray-50 dark:bg-[#444654]\">\n<div class=\"flex p-4 gap-4 text-base md:gap-6 md:max-w-2xl lg:max-w-[38rem] xl:max-w-3xl md:py-6 lg:px-0 m-auto\">\n<div class=\"relative flex w-[calc(100%-50px)] flex-col gap-1 md:gap-3 lg:w-[calc(100%-115px)]\">\n<div class=\"flex flex-grow flex-col gap-3\">\n<div class=\"min-h-[20px] flex flex-col items-start gap-4 whitespace-pre-wrap break-words\">\n<div class=\"markdown prose w-full break-words dark:prose-invert light\"><\/div>\n<\/div>\n<\/div>\n<div class=\"flex justify-between lg:block\">\n<div class=\"text-gray-400 flex self-end lg:self-center justify-center mt-2 gap-2 md:gap-3 lg:gap-1 lg:absolute lg:top-0 lg:translate-x-full lg:right-0 lg:mt-0 lg:pl-2 visible\">\n<p>L\u00e4gg till ett eldigt element i din tr\u00e4dg\u00e5rd med Pieris Japonica 'Mountain Fire', \u00e4ven k\u00e4nd som Rock Heath. Denna vackra buske \u00e4r ett sl\u00e5ende tillskott till alla tr\u00e4dg\u00e5rdar och levereras i en praktisk 2-liters kruka.<\/p>\n<div class=\"flex gap-1\">\n<p>Pieris Japonica 'Mountain Fire' \u00e4r en vintergr\u00f6n buske med i\u00f6gonfallande r\u00f6df\u00e4rgade nya skott som \u00e4r n\u00e4rvarande under hela \u00e5ret. P\u00e5 v\u00e5ren blommar busken med klasar av h\u00e4ngande vita blommor som ger en subtil och elegant kontrast till det m\u00f6rkgr\u00f6na bladverket. Blommorna lockar till sig fj\u00e4rilar och bin och ger liv \u00e5t din tr\u00e4dg\u00e5rd med surret fr\u00e5n dessa nyttiga pollinat\u00f6rer.<\/p>\n<p>Denna klipphed v\u00e4xer b\u00e4st i v\u00e4ldr\u00e4nerad jord som \u00e4r l\u00e4tt sur. Det \u00e4r en kompakt buske som kan n\u00e5 en h\u00f6jd av ca 1 meter. Det \u00e4r l\u00e4mpligt att plantera busken p\u00e5 en skyddad plats i halvskugga till full skugga, d\u00e4r den skyddas fr\u00e5n den starka middagssolen.<\/p>\n<p>Pieris Japonica 'Mountain Fire' \u00e4r en h\u00e4rdig buske som st\u00e5r emot kalla temperaturer bra. Den kr\u00e4ver lite underh\u00e5ll och \u00e4r i allm\u00e4nhet en l\u00e4ttsk\u00f6tt v\u00e4xt. Besk\u00e4r vid behov efter blomningen f\u00f6r att bibeh\u00e5lla \u00f6nskad form och storlek.<\/p>\n<p>Ge f\u00e4rg och liv till din tr\u00e4dg\u00e5rd med den vackra Pieris Japonica 'Mountain Fire'. Best\u00e4ll din egen idag och njut av de livfulla r\u00f6da skotten och de vita blommorna som denna buske har att erbjuda.<\/p>\n<\/div>\n<\/div>\n<\/div>\n<\/div>\n<\/div>\n<\/div>","protected":false},"excerpt":{"rendered":"<p>Pieris Japonica 'Mountain fire'<\/p>\n<p>Rock Heath<\/p>\n<p>Max. h\u00f6jd: 150 cm<\/p>\n<p>Leveransh\u00f6jd inkl. kruka: ca 40 cm<\/p>\n<p>Krukstorlek: 2 liter<\/p>","protected":false},"featured_media":26570,"template":"","meta":{"_joinchat":[]},"product_brand":[],"product_cat":[16,480,303,300,229,805],"product_tag":[798,499,797,351],"class_list":{"0":"post-26412","1":"product","2":"type-product","3":"status-publish","4":"has-post-thumbnail","6":"product_cat-diversen","7":"product_cat-diversen-struiken","8":"product_cat-groenblijvende-heesters","9":"product_cat-heesters","10":"product_cat-sierheesters","11":"product_cat-winter","12":"product_tag-bont-blad","13":"product_tag-groenblijvend","14":"product_tag-japanse-vingerplant","15":"product_tag-winterhard","16":"pa_bloeimaanden-juni","17":"pa_bloeimaanden-augustus","18":"pa_groeihoogte-150-200-cm","19":"pa_pot-zonder-pot","21":"first","22":"outofstock","23":"taxable","24":"shipping-taxable","25":"purchasable","26":"product-type-simple"},"yoast_head":"<!-- This site is optimized with the Yoast SEO plugin v24.2 - https:\/\/yoast.com\/wordpress\/plugins\/seo\/ -->\n<title>Pieris Japonica &#039;Mountain fire&#039; - Rotsheide - 2 liter pot kopen | Planten eenvoudig online bestellen | Schramas.com<\/title>\n<meta name=\"robots\" content=\"index, follow, max-snippet:-1, max-image-preview:large, max-video-preview:-1\" \/>\n<link rel=\"canonical\" href=\"https:\/\/www.schramas.com\/se\/butik\/pieris-japonica-mountain-fire-rock-heather-2-liter-kruka\/\" \/>\n<meta property=\"og:locale\" content=\"sv_SE\" \/>\n<meta property=\"og:type\" content=\"article\" \/>\n<meta property=\"og:title\" content=\"Pieris Japonica &#039;Mountain fire&#039; - Rotsheide - 2 liter pot kopen | Planten eenvoudig online bestellen | Schramas.com\" \/>\n<meta property=\"og:description\" content=\"Pieris Japonica &#039;Mountain fire&#039;  Rotsheide  Max. hoogte: 150cm  Leverhoogte incl. pot: ca. 40 cm  Potmaat: 2 liter\" \/>\n<meta property=\"og:url\" content=\"https:\/\/www.schramas.com\/se\/butik\/pieris-japonica-mountain-fire-rock-heather-2-liter-kruka\/\" \/>\n<meta property=\"og:site_name\" content=\"Planten eenvoudig online bestellen | Schramas.com\" \/>\n<meta property=\"article:publisher\" content=\"https:\/\/www.facebook.com\/Schramascom-106872874153195\/\" \/>\n<meta property=\"article:modified_time\" content=\"2026-03-26T15:35:44+00:00\" \/>\n<meta property=\"og:image\" content=\"https:\/\/www.schramas.com\/wp-content\/uploads\/2023\/06\/Pieris-japonica-Mountain-fire.jpg\" \/>\n\t<meta property=\"og:image:width\" content=\"1600\" \/>\n\t<meta property=\"og:image:height\" content=\"1600\" \/>\n\t<meta property=\"og:image:type\" content=\"image\/jpeg\" \/>\n<meta name=\"twitter:card\" content=\"summary_large_image\" \/>\n<meta name=\"twitter:label1\" content=\"Ber\u00e4knad l\u00e4stid\" \/>\n\t<meta name=\"twitter:data1\" content=\"1 minut\" \/>\n<script type=\"application\/ld+json\" class=\"yoast-schema-graph\">{\"@context\":\"https:\/\/schema.org\",\"@graph\":[{\"@type\":[\"WebPage\",\"ItemPage\"],\"@id\":\"https:\/\/www.schramas.com\/winkel\/pieris-japonica-mountain-fire-rotsheide-2-liter-pot\/\",\"url\":\"https:\/\/www.schramas.com\/winkel\/pieris-japonica-mountain-fire-rotsheide-2-liter-pot\/\",\"name\":\"Pieris Japonica 'Mountain fire' - Rotsheide - 2 liter pot kopen | Planten eenvoudig online bestellen | Schramas.com\",\"isPartOf\":{\"@id\":\"https:\/\/www.schramas.com\/#website\"},\"primaryImageOfPage\":{\"@id\":\"https:\/\/www.schramas.com\/winkel\/pieris-japonica-mountain-fire-rotsheide-2-liter-pot\/#primaryimage\"},\"image\":{\"@id\":\"https:\/\/www.schramas.com\/winkel\/pieris-japonica-mountain-fire-rotsheide-2-liter-pot\/#primaryimage\"},\"thumbnailUrl\":\"https:\/\/www.schramas.com\/wp-content\/uploads\/2023\/06\/Pieris-japonica-Mountain-fire.jpg\",\"datePublished\":\"2023-06-22T10:13:40+00:00\",\"dateModified\":\"2026-03-26T15:35:44+00:00\",\"breadcrumb\":{\"@id\":\"https:\/\/www.schramas.com\/winkel\/pieris-japonica-mountain-fire-rotsheide-2-liter-pot\/#breadcrumb\"},\"inLanguage\":\"sv-SE\",\"potentialAction\":[{\"@type\":\"ReadAction\",\"target\":[\"https:\/\/www.schramas.com\/winkel\/pieris-japonica-mountain-fire-rotsheide-2-liter-pot\/\"]}]},{\"@type\":\"ImageObject\",\"inLanguage\":\"sv-SE\",\"@id\":\"https:\/\/www.schramas.com\/winkel\/pieris-japonica-mountain-fire-rotsheide-2-liter-pot\/#primaryimage\",\"url\":\"https:\/\/www.schramas.com\/wp-content\/uploads\/2023\/06\/Pieris-japonica-Mountain-fire.jpg\",\"contentUrl\":\"https:\/\/www.schramas.com\/wp-content\/uploads\/2023\/06\/Pieris-japonica-Mountain-fire.jpg\",\"width\":1600,\"height\":1600},{\"@type\":\"BreadcrumbList\",\"@id\":\"https:\/\/www.schramas.com\/winkel\/pieris-japonica-mountain-fire-rotsheide-2-liter-pot\/#breadcrumb\",\"itemListElement\":[{\"@type\":\"ListItem\",\"position\":1,\"name\":\"Product\",\"item\":\"https:\/\/www.schramas.com\/assortiment\/\"},{\"@type\":\"ListItem\",\"position\":2,\"name\":\"Tuinplanten\",\"item\":\"https:\/\/www.schramas.com\/product-category\/planten-heesters\/\"},{\"@type\":\"ListItem\",\"position\":3,\"name\":\"Heesters\",\"item\":\"https:\/\/www.schramas.com\/product-category\/planten-heesters\/heesters\/\"},{\"@type\":\"ListItem\",\"position\":4,\"name\":\"Sierheesters\",\"item\":\"https:\/\/www.schramas.com\/product-category\/planten-heesters\/heesters\/sierheesters\/\"},{\"@type\":\"ListItem\",\"position\":5,\"name\":\"Pieris Japonica &#8216;Mountain fire&#8217; &#8211; Rotsheide &#8211; 2 liter pot\"}]},{\"@type\":\"WebSite\",\"@id\":\"https:\/\/www.schramas.com\/#website\",\"url\":\"https:\/\/www.schramas.com\/\",\"name\":\"Schramas.com | Tuinplanten eenvoudig online bestellen | Direct van onze Kwekerij\",\"description\":\"\",\"alternateName\":\"Schramas.com - Alle planten direct van de kweker\",\"potentialAction\":[{\"@type\":\"SearchAction\",\"target\":{\"@type\":\"EntryPoint\",\"urlTemplate\":\"https:\/\/www.schramas.com\/?s={search_term_string}\"},\"query-input\":{\"@type\":\"PropertyValueSpecification\",\"valueRequired\":true,\"valueName\":\"search_term_string\"}}],\"inLanguage\":\"sv-SE\"}]}<\/script>\n<!-- \/ Yoast SEO plugin. -->","yoast_head_json":{"title":"Pieris Japonica 'Mountain fire' - Klippljung - k\u00f6p 2 liters kruka | V\u00e4xter enkel onlinebest\u00e4llning | Schramas.com","robots":{"index":"index","follow":"follow","max-snippet":"max-snippet:-1","max-image-preview":"max-image-preview:large","max-video-preview":"max-video-preview:-1"},"canonical":"https:\/\/www.schramas.com\/se\/butik\/pieris-japonica-mountain-fire-rock-heather-2-liter-kruka\/","og_locale":"sv_SE","og_type":"article","og_title":"Pieris Japonica 'Mountain fire' - Rotsheide - 2 liter pot kopen | Planten eenvoudig online bestellen | Schramas.com","og_description":"Pieris Japonica 'Mountain fire'  Rotsheide  Max. hoogte: 150cm  Leverhoogte incl. pot: ca. 40 cm  Potmaat: 2 liter","og_url":"https:\/\/www.schramas.com\/se\/butik\/pieris-japonica-mountain-fire-rock-heather-2-liter-kruka\/","og_site_name":"Planten eenvoudig online bestellen | Schramas.com","article_publisher":"https:\/\/www.facebook.com\/Schramascom-106872874153195\/","article_modified_time":"2026-03-26T15:35:44+00:00","og_image":[{"width":1600,"height":1600,"url":"https:\/\/www.schramas.com\/wp-content\/uploads\/2023\/06\/Pieris-japonica-Mountain-fire.jpg","type":"image\/jpeg"}],"twitter_card":"summary_large_image","twitter_misc":{"Ber\u00e4knad l\u00e4stid":"1 minut"},"schema":{"@context":"https:\/\/schema.org","@graph":[{"@type":["WebPage","ItemPage"],"@id":"https:\/\/www.schramas.com\/winkel\/pieris-japonica-mountain-fire-rotsheide-2-liter-pot\/","url":"https:\/\/www.schramas.com\/winkel\/pieris-japonica-mountain-fire-rotsheide-2-liter-pot\/","name":"Pieris Japonica 'Mountain fire' - Klippljung - k\u00f6p 2 liters kruka | V\u00e4xter enkel onlinebest\u00e4llning | Schramas.com","isPartOf":{"@id":"https:\/\/www.schramas.com\/#website"},"primaryImageOfPage":{"@id":"https:\/\/www.schramas.com\/winkel\/pieris-japonica-mountain-fire-rotsheide-2-liter-pot\/#primaryimage"},"image":{"@id":"https:\/\/www.schramas.com\/winkel\/pieris-japonica-mountain-fire-rotsheide-2-liter-pot\/#primaryimage"},"thumbnailUrl":"https:\/\/www.schramas.com\/wp-content\/uploads\/2023\/06\/Pieris-japonica-Mountain-fire.jpg","datePublished":"2023-06-22T10:13:40+00:00","dateModified":"2026-03-26T15:35:44+00:00","breadcrumb":{"@id":"https:\/\/www.schramas.com\/winkel\/pieris-japonica-mountain-fire-rotsheide-2-liter-pot\/#breadcrumb"},"inLanguage":"sv-SE","potentialAction":[{"@type":"ReadAction","target":["https:\/\/www.schramas.com\/winkel\/pieris-japonica-mountain-fire-rotsheide-2-liter-pot\/"]}]},{"@type":"ImageObject","inLanguage":"sv-SE","@id":"https:\/\/www.schramas.com\/winkel\/pieris-japonica-mountain-fire-rotsheide-2-liter-pot\/#primaryimage","url":"https:\/\/www.schramas.com\/wp-content\/uploads\/2023\/06\/Pieris-japonica-Mountain-fire.jpg","contentUrl":"https:\/\/www.schramas.com\/wp-content\/uploads\/2023\/06\/Pieris-japonica-Mountain-fire.jpg","width":1600,"height":1600},{"@type":"BreadcrumbList","@id":"https:\/\/www.schramas.com\/winkel\/pieris-japonica-mountain-fire-rotsheide-2-liter-pot\/#breadcrumb","itemListElement":[{"@type":"ListItem","position":1,"name":"Product","item":"https:\/\/www.schramas.com\/assortiment\/"},{"@type":"ListItem","position":2,"name":"Tuinplanten","item":"https:\/\/www.schramas.com\/product-category\/planten-heesters\/"},{"@type":"ListItem","position":3,"name":"Heesters","item":"https:\/\/www.schramas.com\/product-category\/planten-heesters\/heesters\/"},{"@type":"ListItem","position":4,"name":"Sierheesters","item":"https:\/\/www.schramas.com\/product-category\/planten-heesters\/heesters\/sierheesters\/"},{"@type":"ListItem","position":5,"name":"Pieris Japonica &#8216;Mountain fire&#8217; &#8211; Rotsheide &#8211; 2 liter pot"}]},{"@type":"WebSite","@id":"https:\/\/www.schramas.com\/#website","url":"https:\/\/www.schramas.com\/","name":"Schramas.com | Tr\u00e4dg\u00e5rdsv\u00e4xter som enkelt kan best\u00e4llas online | Direkt fr\u00e5n v\u00e5r plantskola","description":"","alternateName":"Schramas.com - Alle planten direct van de kweker","potentialAction":[{"@type":"SearchAction","target":{"@type":"EntryPoint","urlTemplate":"https:\/\/www.schramas.com\/?s={search_term_string}"},"query-input":{"@type":"PropertyValueSpecification","valueRequired":true,"valueName":"search_term_string"}}],"inLanguage":"sv-SE"}]}},"_links":{"self":[{"href":"https:\/\/www.schramas.com\/se\/wp-json\/wp\/v2\/product\/26412","targetHints":{"allow":["GET"]}}],"collection":[{"href":"https:\/\/www.schramas.com\/se\/wp-json\/wp\/v2\/product"}],"about":[{"href":"https:\/\/www.schramas.com\/se\/wp-json\/wp\/v2\/types\/product"}],"version-history":[{"count":1,"href":"https:\/\/www.schramas.com\/se\/wp-json\/wp\/v2\/product\/26412\/revisions"}],"predecessor-version":[{"id":47683,"href":"https:\/\/www.schramas.com\/se\/wp-json\/wp\/v2\/product\/26412\/revisions\/47683"}],"wp:featuredmedia":[{"embeddable":true,"href":"https:\/\/www.schramas.com\/se\/wp-json\/wp\/v2\/media\/26570"}],"wp:attachment":[{"href":"https:\/\/www.schramas.com\/se\/wp-json\/wp\/v2\/media?parent=26412"}],"wp:term":[{"taxonomy":"product_brand","embeddable":true,"href":"https:\/\/www.schramas.com\/se\/wp-json\/wp\/v2\/product_brand?post=26412"},{"taxonomy":"product_cat","embeddable":true,"href":"https:\/\/www.schramas.com\/se\/wp-json\/wp\/v2\/product_cat?post=26412"},{"taxonomy":"product_tag","embeddable":true,"href":"https:\/\/www.schramas.com\/se\/wp-json\/wp\/v2\/product_tag?post=26412"}],"curies":[{"name":"wp","href":"https:\/\/api.w.org\/{rel}","templated":true}]}}