{"id":27834,"date":"2023-09-12T14:32:01","date_gmt":"2023-09-12T12:32:01","guid":{"rendered":"https:\/\/www.schramas.com\/winkel\/cydonia-oblonga-portugal-kweepeer\/"},"modified":"2025-07-10T12:18:15","modified_gmt":"2025-07-10T10:18:15","slug":"cydonia-oblonga-portugalisk-kvitten","status":"publish","type":"product","link":"https:\/\/www.schramas.com\/se\/butik\/cydonia-oblonga-portugalisk-kvitten\/","title":{"rendered":"Cydonia oblonga 'Portugal' kvitten"},"content":{"rendered":"<p>&#039;Portugal&#039; \u00e4r en variant av Cydonia oblonga, k\u00e4nd f\u00f6r sina stora, aromatiska kvitten. Dessa frukter \u00e4r mycket l\u00e4mpliga f\u00f6r olika kulinariska till\u00e4mpningar och \u00e4r k\u00e4nda f\u00f6r sin uts\u00f6kta smak.<\/p>","protected":false},"excerpt":{"rendered":"<p>&#039;Portugal&#039; \u00e4r en variant av Cydonia oblonga, k\u00e4nd f\u00f6r sina stora, aromatiska kvitten. Dessa frukter \u00e4r mycket l\u00e4mpliga f\u00f6r olika kulinariska till\u00e4mpningar och \u00e4r k\u00e4nda f\u00f6r sin uts\u00f6kta smak.<\/p>","protected":false},"featured_media":0,"template":"","meta":{"_joinchat":[]},"product_brand":[],"product_cat":[],"product_tag":[1101,1091,1098],"class_list":{"0":"post-27834","1":"product","2":"type-product","3":"status-publish","5":"product_tag-aromatisch","6":"product_tag-culinair","7":"product_tag-kweepeer","9":"first","10":"outofstock","11":"taxable","12":"shipping-taxable","13":"purchasable","14":"product-type-simple"},"yoast_head":"<!-- This site is optimized with the Yoast SEO plugin v24.2 - https:\/\/yoast.com\/wordpress\/plugins\/seo\/ -->\n<title>Cydonia oblonga &#039;Portugal&#039; Kweepeer kopen | Planten eenvoudig online bestellen | Schramas.com<\/title>\n<meta name=\"robots\" content=\"index, follow, max-snippet:-1, max-image-preview:large, max-video-preview:-1\" \/>\n<link rel=\"canonical\" href=\"https:\/\/www.schramas.com\/se\/butik\/cydonia-oblonga-portugalisk-kvitten\/\" \/>\n<meta property=\"og:locale\" content=\"sv_SE\" \/>\n<meta property=\"og:type\" content=\"article\" \/>\n<meta property=\"og:title\" content=\"Cydonia oblonga &#039;Portugal&#039; Kweepeer kopen | Planten eenvoudig online bestellen | Schramas.com\" \/>\n<meta property=\"og:description\" content=\"&#8216;Portugal&#8217; is een vari?teit van de Cydonia oblonga, bekend om zijn grote, aromatische kweeperen. Deze vruchten zijn zeer geschikt voor verschillende culinaire toepassingen en staan bekend om hun heerlijke smaak.\" \/>\n<meta property=\"og:url\" content=\"https:\/\/www.schramas.com\/se\/butik\/cydonia-oblonga-portugalisk-kvitten\/\" \/>\n<meta property=\"og:site_name\" content=\"Planten eenvoudig online bestellen | Schramas.com\" \/>\n<meta property=\"article:publisher\" content=\"https:\/\/www.facebook.com\/Schramascom-106872874153195\/\" \/>\n<meta property=\"article:modified_time\" content=\"2025-07-10T10:18:15+00:00\" \/>\n<meta property=\"og:image\" content=\"https:\/\/www.schramas.com\/wp-content\/uploads\/2020\/11\/210913-Logo-ontwerp-versie-2-amazon-grijs.png\" \/>\n\t<meta property=\"og:image:width\" content=\"1446\" \/>\n\t<meta property=\"og:image:height\" content=\"700\" \/>\n\t<meta property=\"og:image:type\" content=\"image\/png\" \/>\n<meta name=\"twitter:card\" content=\"summary_large_image\" \/>\n<script type=\"application\/ld+json\" class=\"yoast-schema-graph\">{\"@context\":\"https:\/\/schema.org\",\"@graph\":[{\"@type\":[\"WebPage\",\"ItemPage\"],\"@id\":\"https:\/\/www.schramas.com\/winkel\/cydonia-oblonga-portugal-kweepeer\/\",\"url\":\"https:\/\/www.schramas.com\/winkel\/cydonia-oblonga-portugal-kweepeer\/\",\"name\":\"Cydonia oblonga 'Portugal' Kweepeer kopen | Planten eenvoudig online bestellen | Schramas.com\",\"isPartOf\":{\"@id\":\"https:\/\/www.schramas.com\/#website\"},\"datePublished\":\"2023-09-12T12:32:01+00:00\",\"dateModified\":\"2025-07-10T10:18:15+00:00\",\"breadcrumb\":{\"@id\":\"https:\/\/www.schramas.com\/winkel\/cydonia-oblonga-portugal-kweepeer\/#breadcrumb\"},\"inLanguage\":\"sv-SE\",\"potentialAction\":[{\"@type\":\"ReadAction\",\"target\":[\"https:\/\/www.schramas.com\/winkel\/cydonia-oblonga-portugal-kweepeer\/\"]}]},{\"@type\":\"BreadcrumbList\",\"@id\":\"https:\/\/www.schramas.com\/winkel\/cydonia-oblonga-portugal-kweepeer\/#breadcrumb\",\"itemListElement\":[{\"@type\":\"ListItem\",\"position\":1,\"name\":\"Product\",\"item\":\"https:\/\/www.schramas.com\/assortiment\/\"},{\"@type\":\"ListItem\",\"position\":2,\"name\":\"Offerte aanvragen\",\"item\":\"https:\/\/www.schramas.com\/product-category\/offerte-aanvragen\/\"},{\"@type\":\"ListItem\",\"position\":3,\"name\":\"Cydonia oblonga &#8216;Portugal&#8217; Kweepeer\"}]},{\"@type\":\"WebSite\",\"@id\":\"https:\/\/www.schramas.com\/#website\",\"url\":\"https:\/\/www.schramas.com\/\",\"name\":\"Schramas.com | Tuinplanten eenvoudig online bestellen | Direct van onze Kwekerij\",\"description\":\"\",\"alternateName\":\"Schramas.com - Alle planten direct van de kweker\",\"potentialAction\":[{\"@type\":\"SearchAction\",\"target\":{\"@type\":\"EntryPoint\",\"urlTemplate\":\"https:\/\/www.schramas.com\/?s={search_term_string}\"},\"query-input\":{\"@type\":\"PropertyValueSpecification\",\"valueRequired\":true,\"valueName\":\"search_term_string\"}}],\"inLanguage\":\"sv-SE\"}]}<\/script>\n<!-- \/ Yoast SEO plugin. -->","yoast_head_json":{"title":"K\u00f6p Cydonia oblonga &#039;Portugal&#039; Quince | Best\u00e4ll enkelt v\u00e4xter online | Schramas.com","robots":{"index":"index","follow":"follow","max-snippet":"max-snippet:-1","max-image-preview":"max-image-preview:large","max-video-preview":"max-video-preview:-1"},"canonical":"https:\/\/www.schramas.com\/se\/butik\/cydonia-oblonga-portugalisk-kvitten\/","og_locale":"sv_SE","og_type":"article","og_title":"Cydonia oblonga 'Portugal' Kweepeer kopen | Planten eenvoudig online bestellen | Schramas.com","og_description":"&#8216;Portugal&#8217; is een vari?teit van de Cydonia oblonga, bekend om zijn grote, aromatische kweeperen. Deze vruchten zijn zeer geschikt voor verschillende culinaire toepassingen en staan bekend om hun heerlijke smaak.","og_url":"https:\/\/www.schramas.com\/se\/butik\/cydonia-oblonga-portugalisk-kvitten\/","og_site_name":"Planten eenvoudig online bestellen | Schramas.com","article_publisher":"https:\/\/www.facebook.com\/Schramascom-106872874153195\/","article_modified_time":"2025-07-10T10:18:15+00:00","og_image":[{"width":1446,"height":700,"url":"https:\/\/www.schramas.com\/wp-content\/uploads\/2020\/11\/210913-Logo-ontwerp-versie-2-amazon-grijs.png","type":"image\/png"}],"twitter_card":"summary_large_image","schema":{"@context":"https:\/\/schema.org","@graph":[{"@type":["WebPage","ItemPage"],"@id":"https:\/\/www.schramas.com\/winkel\/cydonia-oblonga-portugal-kweepeer\/","url":"https:\/\/www.schramas.com\/winkel\/cydonia-oblonga-portugal-kweepeer\/","name":"K\u00f6p Cydonia oblonga &#039;Portugal&#039; Quince | Best\u00e4ll enkelt v\u00e4xter online | Schramas.com","isPartOf":{"@id":"https:\/\/www.schramas.com\/#website"},"datePublished":"2023-09-12T12:32:01+00:00","dateModified":"2025-07-10T10:18:15+00:00","breadcrumb":{"@id":"https:\/\/www.schramas.com\/winkel\/cydonia-oblonga-portugal-kweepeer\/#breadcrumb"},"inLanguage":"sv-SE","potentialAction":[{"@type":"ReadAction","target":["https:\/\/www.schramas.com\/winkel\/cydonia-oblonga-portugal-kweepeer\/"]}]},{"@type":"BreadcrumbList","@id":"https:\/\/www.schramas.com\/winkel\/cydonia-oblonga-portugal-kweepeer\/#breadcrumb","itemListElement":[{"@type":"ListItem","position":1,"name":"Product","item":"https:\/\/www.schramas.com\/assortiment\/"},{"@type":"ListItem","position":2,"name":"Offerte aanvragen","item":"https:\/\/www.schramas.com\/product-category\/offerte-aanvragen\/"},{"@type":"ListItem","position":3,"name":"Cydonia oblonga &#8216;Portugal&#8217; Kweepeer"}]},{"@type":"WebSite","@id":"https:\/\/www.schramas.com\/#website","url":"https:\/\/www.schramas.com\/","name":"Schramas.com | Tr\u00e4dg\u00e5rdsv\u00e4xter som enkelt kan best\u00e4llas online | Direkt fr\u00e5n v\u00e5r plantskola","description":"","alternateName":"Schramas.com - Alle planten direct van de kweker","potentialAction":[{"@type":"SearchAction","target":{"@type":"EntryPoint","urlTemplate":"https:\/\/www.schramas.com\/?s={search_term_string}"},"query-input":{"@type":"PropertyValueSpecification","valueRequired":true,"valueName":"search_term_string"}}],"inLanguage":"sv-SE"}]}},"_links":{"self":[{"href":"https:\/\/www.schramas.com\/se\/wp-json\/wp\/v2\/product\/27834","targetHints":{"allow":["GET"]}}],"collection":[{"href":"https:\/\/www.schramas.com\/se\/wp-json\/wp\/v2\/product"}],"about":[{"href":"https:\/\/www.schramas.com\/se\/wp-json\/wp\/v2\/types\/product"}],"version-history":[{"count":0,"href":"https:\/\/www.schramas.com\/se\/wp-json\/wp\/v2\/product\/27834\/revisions"}],"wp:attachment":[{"href":"https:\/\/www.schramas.com\/se\/wp-json\/wp\/v2\/media?parent=27834"}],"wp:term":[{"taxonomy":"product_brand","embeddable":true,"href":"https:\/\/www.schramas.com\/se\/wp-json\/wp\/v2\/product_brand?post=27834"},{"taxonomy":"product_cat","embeddable":true,"href":"https:\/\/www.schramas.com\/se\/wp-json\/wp\/v2\/product_cat?post=27834"},{"taxonomy":"product_tag","embeddable":true,"href":"https:\/\/www.schramas.com\/se\/wp-json\/wp\/v2\/product_tag?post=27834"}],"curies":[{"name":"wp","href":"https:\/\/api.w.org\/{rel}","templated":true}]}}