{"id":27848,"date":"2023-09-12T14:32:02","date_gmt":"2023-09-12T12:32:02","guid":{"rendered":"https:\/\/www.schramas.com\/winkel\/fragaria-ananassa-tago\/"},"modified":"2025-07-10T12:18:17","modified_gmt":"2025-07-10T10:18:17","slug":"fragaria-ananassa-tago","status":"publish","type":"product","link":"https:\/\/www.schramas.com\/se\/butik\/fragaria-ananassa-tago\/","title":{"rendered":"Fragaria ananassa 'Tago'"},"content":{"rendered":"<p>&#039;Tago&#039; \u00e4r en sl\u00e5ende sort av jordgubbar, k\u00e4nd f\u00f6r sina koniska frukter. Denna sort producerar jordgubbar med en djupr\u00f6d f\u00e4rg och en s\u00f6t, saftig smak. Frukterna \u00e4r perfekta f\u00f6r f\u00e4rsk anv\u00e4ndning och kan \u00e4ven anv\u00e4ndas i olika r\u00e4tter. Ett visuellt tilltalande och smakfullt tillskott till tr\u00e4dg\u00e5rden!<\/p>","protected":false},"excerpt":{"rendered":"<p>&#039;Tago&#039; \u00e4r en sl\u00e5ende sort av jordgubbar, k\u00e4nd f\u00f6r sina koniska frukter. Denna sort producerar jordgubbar med en djupr\u00f6d f\u00e4rg och en s\u00f6t, saftig smak. Frukterna \u00e4r perfekta f\u00f6r f\u00e4rsk anv\u00e4ndning och kan \u00e4ven anv\u00e4ndas i olika r\u00e4tter. Ett visuellt tilltalande och smakfullt tillskott till tr\u00e4dg\u00e5rden!<\/p>","protected":false},"featured_media":0,"template":"","meta":{"_joinchat":[]},"product_brand":[],"product_cat":[],"product_tag":[919,1115,587,328],"class_list":{"0":"post-27848","1":"product","2":"type-product","3":"status-publish","5":"product_tag-aardbei","6":"product_tag-conisch","7":"product_tag-rood","8":"product_tag-zoet","10":"first","11":"outofstock","12":"taxable","13":"shipping-taxable","14":"purchasable","15":"product-type-simple"},"yoast_head":"<!-- This site is optimized with the Yoast SEO plugin v24.2 - https:\/\/yoast.com\/wordpress\/plugins\/seo\/ -->\n<title>Fragaria ananassa &#039;Tago&#039; kopen | Planten eenvoudig online bestellen | Schramas.com<\/title>\n<meta name=\"robots\" content=\"index, follow, max-snippet:-1, max-image-preview:large, max-video-preview:-1\" \/>\n<link rel=\"canonical\" href=\"https:\/\/www.schramas.com\/se\/butik\/fragaria-ananassa-tago\/\" \/>\n<meta property=\"og:locale\" content=\"sv_SE\" \/>\n<meta property=\"og:type\" content=\"article\" \/>\n<meta property=\"og:title\" content=\"Fragaria ananassa &#039;Tago&#039; kopen | Planten eenvoudig online bestellen | Schramas.com\" \/>\n<meta property=\"og:description\" content=\"&#8216;Tago&#8217; is een opvallende vari?teit van aardbeien, bekend om zijn conische vruchten. Deze cultivar produceert aardbeien met een dieprode kleur en een zoete, sappige smaak. De vruchten zijn perfect voor vers gebruik en kunnen ook worden verwerkt in diverse gerechten. Een visueel aantrekkelijke en smaakvolle toevoeging aan de tuin!\" \/>\n<meta property=\"og:url\" content=\"https:\/\/www.schramas.com\/se\/butik\/fragaria-ananassa-tago\/\" \/>\n<meta property=\"og:site_name\" content=\"Planten eenvoudig online bestellen | Schramas.com\" \/>\n<meta property=\"article:publisher\" content=\"https:\/\/www.facebook.com\/Schramascom-106872874153195\/\" \/>\n<meta property=\"article:modified_time\" content=\"2025-07-10T10:18:17+00:00\" \/>\n<meta property=\"og:image\" content=\"https:\/\/www.schramas.com\/wp-content\/uploads\/2020\/11\/210913-Logo-ontwerp-versie-2-amazon-grijs.png\" \/>\n\t<meta property=\"og:image:width\" content=\"1446\" \/>\n\t<meta property=\"og:image:height\" content=\"700\" \/>\n\t<meta property=\"og:image:type\" content=\"image\/png\" \/>\n<meta name=\"twitter:card\" content=\"summary_large_image\" \/>\n<script type=\"application\/ld+json\" class=\"yoast-schema-graph\">{\"@context\":\"https:\/\/schema.org\",\"@graph\":[{\"@type\":[\"WebPage\",\"ItemPage\"],\"@id\":\"https:\/\/www.schramas.com\/winkel\/fragaria-ananassa-tago\/\",\"url\":\"https:\/\/www.schramas.com\/winkel\/fragaria-ananassa-tago\/\",\"name\":\"Fragaria ananassa 'Tago' kopen | Planten eenvoudig online bestellen | Schramas.com\",\"isPartOf\":{\"@id\":\"https:\/\/www.schramas.com\/#website\"},\"datePublished\":\"2023-09-12T12:32:02+00:00\",\"dateModified\":\"2025-07-10T10:18:17+00:00\",\"breadcrumb\":{\"@id\":\"https:\/\/www.schramas.com\/winkel\/fragaria-ananassa-tago\/#breadcrumb\"},\"inLanguage\":\"sv-SE\",\"potentialAction\":[{\"@type\":\"ReadAction\",\"target\":[\"https:\/\/www.schramas.com\/winkel\/fragaria-ananassa-tago\/\"]}]},{\"@type\":\"BreadcrumbList\",\"@id\":\"https:\/\/www.schramas.com\/winkel\/fragaria-ananassa-tago\/#breadcrumb\",\"itemListElement\":[{\"@type\":\"ListItem\",\"position\":1,\"name\":\"Product\",\"item\":\"https:\/\/www.schramas.com\/assortiment\/\"},{\"@type\":\"ListItem\",\"position\":2,\"name\":\"Offerte aanvragen\",\"item\":\"https:\/\/www.schramas.com\/product-category\/offerte-aanvragen\/\"},{\"@type\":\"ListItem\",\"position\":3,\"name\":\"Fragaria ananassa &#8216;Tago&#8217;\"}]},{\"@type\":\"WebSite\",\"@id\":\"https:\/\/www.schramas.com\/#website\",\"url\":\"https:\/\/www.schramas.com\/\",\"name\":\"Schramas.com | Tuinplanten eenvoudig online bestellen | Direct van onze Kwekerij\",\"description\":\"\",\"alternateName\":\"Schramas.com - Alle planten direct van de kweker\",\"potentialAction\":[{\"@type\":\"SearchAction\",\"target\":{\"@type\":\"EntryPoint\",\"urlTemplate\":\"https:\/\/www.schramas.com\/?s={search_term_string}\"},\"query-input\":{\"@type\":\"PropertyValueSpecification\",\"valueRequired\":true,\"valueName\":\"search_term_string\"}}],\"inLanguage\":\"sv-SE\"}]}<\/script>\n<!-- \/ Yoast SEO plugin. -->","yoast_head_json":{"title":"K\u00f6p Fragaria ananassa &#039;Tago&#039; | Best\u00e4ll enkelt v\u00e4xter online | Schramas.com","robots":{"index":"index","follow":"follow","max-snippet":"max-snippet:-1","max-image-preview":"max-image-preview:large","max-video-preview":"max-video-preview:-1"},"canonical":"https:\/\/www.schramas.com\/se\/butik\/fragaria-ananassa-tago\/","og_locale":"sv_SE","og_type":"article","og_title":"Fragaria ananassa 'Tago' kopen | Planten eenvoudig online bestellen | Schramas.com","og_description":"&#8216;Tago&#8217; is een opvallende vari?teit van aardbeien, bekend om zijn conische vruchten. Deze cultivar produceert aardbeien met een dieprode kleur en een zoete, sappige smaak. De vruchten zijn perfect voor vers gebruik en kunnen ook worden verwerkt in diverse gerechten. Een visueel aantrekkelijke en smaakvolle toevoeging aan de tuin!","og_url":"https:\/\/www.schramas.com\/se\/butik\/fragaria-ananassa-tago\/","og_site_name":"Planten eenvoudig online bestellen | Schramas.com","article_publisher":"https:\/\/www.facebook.com\/Schramascom-106872874153195\/","article_modified_time":"2025-07-10T10:18:17+00:00","og_image":[{"width":1446,"height":700,"url":"https:\/\/www.schramas.com\/wp-content\/uploads\/2020\/11\/210913-Logo-ontwerp-versie-2-amazon-grijs.png","type":"image\/png"}],"twitter_card":"summary_large_image","schema":{"@context":"https:\/\/schema.org","@graph":[{"@type":["WebPage","ItemPage"],"@id":"https:\/\/www.schramas.com\/winkel\/fragaria-ananassa-tago\/","url":"https:\/\/www.schramas.com\/winkel\/fragaria-ananassa-tago\/","name":"K\u00f6p Fragaria ananassa &#039;Tago&#039; | Best\u00e4ll enkelt v\u00e4xter online | Schramas.com","isPartOf":{"@id":"https:\/\/www.schramas.com\/#website"},"datePublished":"2023-09-12T12:32:02+00:00","dateModified":"2025-07-10T10:18:17+00:00","breadcrumb":{"@id":"https:\/\/www.schramas.com\/winkel\/fragaria-ananassa-tago\/#breadcrumb"},"inLanguage":"sv-SE","potentialAction":[{"@type":"ReadAction","target":["https:\/\/www.schramas.com\/winkel\/fragaria-ananassa-tago\/"]}]},{"@type":"BreadcrumbList","@id":"https:\/\/www.schramas.com\/winkel\/fragaria-ananassa-tago\/#breadcrumb","itemListElement":[{"@type":"ListItem","position":1,"name":"Product","item":"https:\/\/www.schramas.com\/assortiment\/"},{"@type":"ListItem","position":2,"name":"Offerte aanvragen","item":"https:\/\/www.schramas.com\/product-category\/offerte-aanvragen\/"},{"@type":"ListItem","position":3,"name":"Fragaria ananassa &#8216;Tago&#8217;"}]},{"@type":"WebSite","@id":"https:\/\/www.schramas.com\/#website","url":"https:\/\/www.schramas.com\/","name":"Schramas.com | Tr\u00e4dg\u00e5rdsv\u00e4xter som enkelt kan best\u00e4llas online | Direkt fr\u00e5n v\u00e5r plantskola","description":"","alternateName":"Schramas.com - Alle planten direct van de kweker","potentialAction":[{"@type":"SearchAction","target":{"@type":"EntryPoint","urlTemplate":"https:\/\/www.schramas.com\/?s={search_term_string}"},"query-input":{"@type":"PropertyValueSpecification","valueRequired":true,"valueName":"search_term_string"}}],"inLanguage":"sv-SE"}]}},"_links":{"self":[{"href":"https:\/\/www.schramas.com\/se\/wp-json\/wp\/v2\/product\/27848","targetHints":{"allow":["GET"]}}],"collection":[{"href":"https:\/\/www.schramas.com\/se\/wp-json\/wp\/v2\/product"}],"about":[{"href":"https:\/\/www.schramas.com\/se\/wp-json\/wp\/v2\/types\/product"}],"version-history":[{"count":0,"href":"https:\/\/www.schramas.com\/se\/wp-json\/wp\/v2\/product\/27848\/revisions"}],"wp:attachment":[{"href":"https:\/\/www.schramas.com\/se\/wp-json\/wp\/v2\/media?parent=27848"}],"wp:term":[{"taxonomy":"product_brand","embeddable":true,"href":"https:\/\/www.schramas.com\/se\/wp-json\/wp\/v2\/product_brand?post=27848"},{"taxonomy":"product_cat","embeddable":true,"href":"https:\/\/www.schramas.com\/se\/wp-json\/wp\/v2\/product_cat?post=27848"},{"taxonomy":"product_tag","embeddable":true,"href":"https:\/\/www.schramas.com\/se\/wp-json\/wp\/v2\/product_tag?post=27848"}],"curies":[{"name":"wp","href":"https:\/\/api.w.org\/{rel}","templated":true}]}}