{"id":27856,"date":"2023-09-12T14:32:05","date_gmt":"2023-09-12T12:32:05","guid":{"rendered":"https:\/\/www.schramas.com\/winkel\/malus-domestica-benoni-appel\/"},"modified":"2025-07-10T12:18:17","modified_gmt":"2025-07-10T10:18:17","slug":"malus-domestica-benoni-apple","status":"publish","type":"product","link":"https:\/\/www.schramas.com\/se\/butik\/malus-domestica-benoni-apple\/","title":{"rendered":"Malus domestica 'Benoni' \u00e4pple"},"content":{"rendered":"<p>&#039;Benoni&#039; \u00e4r en sl\u00e5ende variant av \u00e4ppeltr\u00e4det, k\u00e4nt f\u00f6r sitt skarpa k\u00f6tt och s\u00f6ta smak. Denna sort producerar \u00e4pplen med en r\u00f6d rodnad och en uppfriskande, fruktig smak. \u00c4pplena l\u00e4mpar sig f\u00f6r f\u00e4rskt bruk och kan \u00e4ven anv\u00e4ndas i olika r\u00e4tter. &#039;Benoni&#039; \u00e4r ett smakfullt tillskott till alla tr\u00e4dg\u00e5rdar.<\/p>","protected":false},"excerpt":{"rendered":"<p>&#039;Benoni&#039; \u00e4r en sl\u00e5ende variant av \u00e4ppeltr\u00e4det, k\u00e4nt f\u00f6r sitt skarpa k\u00f6tt och s\u00f6ta smak. Denna sort producerar \u00e4pplen med en r\u00f6d rodnad och en uppfriskande, fruktig smak. \u00c4pplena l\u00e4mpar sig f\u00f6r f\u00e4rskt bruk och kan \u00e4ven anv\u00e4ndas i olika r\u00e4tter. &#039;Benoni&#039; \u00e4r ett smakfullt tillskott till alla tr\u00e4dg\u00e5rdar.<\/p>","protected":false},"featured_media":0,"template":"","meta":{"_joinchat":[]},"product_brand":[],"product_cat":[],"product_tag":[569,1124,1125,328],"class_list":{"0":"post-27856","1":"product","2":"type-product","3":"status-publish","5":"product_tag-appel","6":"product_tag-knapperig","7":"product_tag-rode-blos","8":"product_tag-zoet","10":"first","11":"outofstock","12":"taxable","13":"shipping-taxable","14":"purchasable","15":"product-type-simple"},"yoast_head":"<!-- This site is optimized with the Yoast SEO plugin v24.2 - https:\/\/yoast.com\/wordpress\/plugins\/seo\/ -->\n<title>Malus domestica &#039;Benoni&#039; Appel kopen | Planten eenvoudig online bestellen | Schramas.com<\/title>\n<meta name=\"robots\" content=\"index, follow, max-snippet:-1, max-image-preview:large, max-video-preview:-1\" \/>\n<link rel=\"canonical\" href=\"https:\/\/www.schramas.com\/se\/butik\/malus-domestica-benoni-apple\/\" \/>\n<meta property=\"og:locale\" content=\"sv_SE\" \/>\n<meta property=\"og:type\" content=\"article\" \/>\n<meta property=\"og:title\" content=\"Malus domestica &#039;Benoni&#039; Appel kopen | Planten eenvoudig online bestellen | Schramas.com\" \/>\n<meta property=\"og:description\" content=\"&#8216;Benoni&#8217; is een opvallende vari?teit van de appelboom, bekend om zijn knapperige vruchtvlees en zoete smaak. Deze cultivar produceert appels met een rode blos en een verfrissende, fruitige smaak. De appels zijn geschikt voor vers gebruik en kunnen ook worden verwerkt in diverse gerechten. &#8216;Benoni&#8217; is een smaakvolle toevoeging aan elke tuin.\" \/>\n<meta property=\"og:url\" content=\"https:\/\/www.schramas.com\/se\/butik\/malus-domestica-benoni-apple\/\" \/>\n<meta property=\"og:site_name\" content=\"Planten eenvoudig online bestellen | Schramas.com\" \/>\n<meta property=\"article:publisher\" content=\"https:\/\/www.facebook.com\/Schramascom-106872874153195\/\" \/>\n<meta property=\"article:modified_time\" content=\"2025-07-10T10:18:17+00:00\" \/>\n<meta property=\"og:image\" content=\"https:\/\/www.schramas.com\/wp-content\/uploads\/2020\/11\/210913-Logo-ontwerp-versie-2-amazon-grijs.png\" \/>\n\t<meta property=\"og:image:width\" content=\"1446\" \/>\n\t<meta property=\"og:image:height\" content=\"700\" \/>\n\t<meta property=\"og:image:type\" content=\"image\/png\" \/>\n<meta name=\"twitter:card\" content=\"summary_large_image\" \/>\n<script type=\"application\/ld+json\" class=\"yoast-schema-graph\">{\"@context\":\"https:\/\/schema.org\",\"@graph\":[{\"@type\":[\"WebPage\",\"ItemPage\"],\"@id\":\"https:\/\/www.schramas.com\/winkel\/malus-domestica-benoni-appel\/\",\"url\":\"https:\/\/www.schramas.com\/winkel\/malus-domestica-benoni-appel\/\",\"name\":\"Malus domestica 'Benoni' Appel kopen | Planten eenvoudig online bestellen | Schramas.com\",\"isPartOf\":{\"@id\":\"https:\/\/www.schramas.com\/#website\"},\"datePublished\":\"2023-09-12T12:32:05+00:00\",\"dateModified\":\"2025-07-10T10:18:17+00:00\",\"breadcrumb\":{\"@id\":\"https:\/\/www.schramas.com\/winkel\/malus-domestica-benoni-appel\/#breadcrumb\"},\"inLanguage\":\"sv-SE\",\"potentialAction\":[{\"@type\":\"ReadAction\",\"target\":[\"https:\/\/www.schramas.com\/winkel\/malus-domestica-benoni-appel\/\"]}]},{\"@type\":\"BreadcrumbList\",\"@id\":\"https:\/\/www.schramas.com\/winkel\/malus-domestica-benoni-appel\/#breadcrumb\",\"itemListElement\":[{\"@type\":\"ListItem\",\"position\":1,\"name\":\"Product\",\"item\":\"https:\/\/www.schramas.com\/assortiment\/\"},{\"@type\":\"ListItem\",\"position\":2,\"name\":\"Offerte aanvragen\",\"item\":\"https:\/\/www.schramas.com\/product-category\/offerte-aanvragen\/\"},{\"@type\":\"ListItem\",\"position\":3,\"name\":\"Malus domestica &#8216;Benoni&#8217; Appel\"}]},{\"@type\":\"WebSite\",\"@id\":\"https:\/\/www.schramas.com\/#website\",\"url\":\"https:\/\/www.schramas.com\/\",\"name\":\"Schramas.com | Tuinplanten eenvoudig online bestellen | Direct van onze Kwekerij\",\"description\":\"\",\"alternateName\":\"Schramas.com - Alle planten direct van de kweker\",\"potentialAction\":[{\"@type\":\"SearchAction\",\"target\":{\"@type\":\"EntryPoint\",\"urlTemplate\":\"https:\/\/www.schramas.com\/?s={search_term_string}\"},\"query-input\":{\"@type\":\"PropertyValueSpecification\",\"valueRequired\":true,\"valueName\":\"search_term_string\"}}],\"inLanguage\":\"sv-SE\"}]}<\/script>\n<!-- \/ Yoast SEO plugin. -->","yoast_head_json":{"title":"K\u00f6p Malus domestica &#039;Benoni&#039; Apple | Best\u00e4ll enkelt v\u00e4xter online | Schramas.com","robots":{"index":"index","follow":"follow","max-snippet":"max-snippet:-1","max-image-preview":"max-image-preview:large","max-video-preview":"max-video-preview:-1"},"canonical":"https:\/\/www.schramas.com\/se\/butik\/malus-domestica-benoni-apple\/","og_locale":"sv_SE","og_type":"article","og_title":"Malus domestica 'Benoni' Appel kopen | Planten eenvoudig online bestellen | Schramas.com","og_description":"&#8216;Benoni&#8217; is een opvallende vari?teit van de appelboom, bekend om zijn knapperige vruchtvlees en zoete smaak. Deze cultivar produceert appels met een rode blos en een verfrissende, fruitige smaak. De appels zijn geschikt voor vers gebruik en kunnen ook worden verwerkt in diverse gerechten. &#8216;Benoni&#8217; is een smaakvolle toevoeging aan elke tuin.","og_url":"https:\/\/www.schramas.com\/se\/butik\/malus-domestica-benoni-apple\/","og_site_name":"Planten eenvoudig online bestellen | Schramas.com","article_publisher":"https:\/\/www.facebook.com\/Schramascom-106872874153195\/","article_modified_time":"2025-07-10T10:18:17+00:00","og_image":[{"width":1446,"height":700,"url":"https:\/\/www.schramas.com\/wp-content\/uploads\/2020\/11\/210913-Logo-ontwerp-versie-2-amazon-grijs.png","type":"image\/png"}],"twitter_card":"summary_large_image","schema":{"@context":"https:\/\/schema.org","@graph":[{"@type":["WebPage","ItemPage"],"@id":"https:\/\/www.schramas.com\/winkel\/malus-domestica-benoni-appel\/","url":"https:\/\/www.schramas.com\/winkel\/malus-domestica-benoni-appel\/","name":"K\u00f6p Malus domestica &#039;Benoni&#039; Apple | Best\u00e4ll enkelt v\u00e4xter online | Schramas.com","isPartOf":{"@id":"https:\/\/www.schramas.com\/#website"},"datePublished":"2023-09-12T12:32:05+00:00","dateModified":"2025-07-10T10:18:17+00:00","breadcrumb":{"@id":"https:\/\/www.schramas.com\/winkel\/malus-domestica-benoni-appel\/#breadcrumb"},"inLanguage":"sv-SE","potentialAction":[{"@type":"ReadAction","target":["https:\/\/www.schramas.com\/winkel\/malus-domestica-benoni-appel\/"]}]},{"@type":"BreadcrumbList","@id":"https:\/\/www.schramas.com\/winkel\/malus-domestica-benoni-appel\/#breadcrumb","itemListElement":[{"@type":"ListItem","position":1,"name":"Product","item":"https:\/\/www.schramas.com\/assortiment\/"},{"@type":"ListItem","position":2,"name":"Offerte aanvragen","item":"https:\/\/www.schramas.com\/product-category\/offerte-aanvragen\/"},{"@type":"ListItem","position":3,"name":"Malus domestica &#8216;Benoni&#8217; Appel"}]},{"@type":"WebSite","@id":"https:\/\/www.schramas.com\/#website","url":"https:\/\/www.schramas.com\/","name":"Schramas.com | Tr\u00e4dg\u00e5rdsv\u00e4xter som enkelt kan best\u00e4llas online | Direkt fr\u00e5n v\u00e5r plantskola","description":"","alternateName":"Schramas.com - Alle planten direct van de kweker","potentialAction":[{"@type":"SearchAction","target":{"@type":"EntryPoint","urlTemplate":"https:\/\/www.schramas.com\/?s={search_term_string}"},"query-input":{"@type":"PropertyValueSpecification","valueRequired":true,"valueName":"search_term_string"}}],"inLanguage":"sv-SE"}]}},"_links":{"self":[{"href":"https:\/\/www.schramas.com\/se\/wp-json\/wp\/v2\/product\/27856","targetHints":{"allow":["GET"]}}],"collection":[{"href":"https:\/\/www.schramas.com\/se\/wp-json\/wp\/v2\/product"}],"about":[{"href":"https:\/\/www.schramas.com\/se\/wp-json\/wp\/v2\/types\/product"}],"version-history":[{"count":0,"href":"https:\/\/www.schramas.com\/se\/wp-json\/wp\/v2\/product\/27856\/revisions"}],"wp:attachment":[{"href":"https:\/\/www.schramas.com\/se\/wp-json\/wp\/v2\/media?parent=27856"}],"wp:term":[{"taxonomy":"product_brand","embeddable":true,"href":"https:\/\/www.schramas.com\/se\/wp-json\/wp\/v2\/product_brand?post=27856"},{"taxonomy":"product_cat","embeddable":true,"href":"https:\/\/www.schramas.com\/se\/wp-json\/wp\/v2\/product_cat?post=27856"},{"taxonomy":"product_tag","embeddable":true,"href":"https:\/\/www.schramas.com\/se\/wp-json\/wp\/v2\/product_tag?post=27856"}],"curies":[{"name":"wp","href":"https:\/\/api.w.org\/{rel}","templated":true}]}}