{"id":27881,"date":"2023-09-12T14:32:09","date_gmt":"2023-09-12T12:32:09","guid":{"rendered":"https:\/\/www.schramas.com\/winkel\/malus-domestica-notarisappel-appel\/"},"modified":"2025-07-10T12:18:20","modified_gmt":"2025-07-10T10:18:20","slug":"malus-domestica-notarie-apple","status":"publish","type":"product","link":"https:\/\/www.schramas.com\/se\/butik\/malus-domestica-notarie-apple\/","title":{"rendered":"Malus domestica &#039;Notary Apple&#039; Apple"},"content":{"rendered":"<p>&#039;Notarisappel&#039; \u00e4r en holl\u00e4ndsk variant av \u00e4ppeltr\u00e4det, k\u00e4nd f\u00f6r sina utm\u00e4rkta lagringsegenskaper och s\u00f6ta smak. Denna sort producerar \u00e4pplen med en gyllengul f\u00e4rg och en krispig konsistens. \u00c4pplena l\u00e4mpar sig f\u00f6r l\u00e5ngtidsf\u00f6rvaring och kan \u00e4ven anv\u00e4ndas i olika r\u00e4tter. &quot;Notaris \u00e4pple&quot; \u00e4r en lokal favorit.<\/p>","protected":false},"excerpt":{"rendered":"<p>&#039;Notarisappel&#039; \u00e4r en holl\u00e4ndsk variant av \u00e4ppeltr\u00e4det, k\u00e4nd f\u00f6r sina utm\u00e4rkta lagringsegenskaper och s\u00f6ta smak. Denna sort producerar \u00e4pplen med en gyllengul f\u00e4rg och en krispig konsistens. \u00c4pplena l\u00e4mpar sig f\u00f6r l\u00e5ngtidsf\u00f6rvaring och kan \u00e4ven anv\u00e4ndas i olika r\u00e4tter. &quot;Notaris \u00e4pple&quot; \u00e4r en lokal favorit.<\/p>","protected":false},"featured_media":0,"template":"","meta":{"_joinchat":[]},"product_brand":[],"product_cat":[],"product_tag":[569,1130,1138,328],"class_list":{"0":"post-27881","1":"product","2":"type-product","3":"status-publish","5":"product_tag-appel","6":"product_tag-bewaarbaar","7":"product_tag-goudgeel","8":"product_tag-zoet","10":"first","11":"outofstock","12":"taxable","13":"shipping-taxable","14":"purchasable","15":"product-type-simple"},"yoast_head":"<!-- This site is optimized with the Yoast SEO plugin v24.2 - https:\/\/yoast.com\/wordpress\/plugins\/seo\/ -->\n<title>Malus domestica &#039;Notarisappel&#039; Appel kopen | Planten eenvoudig online bestellen | Schramas.com<\/title>\n<meta name=\"robots\" content=\"index, follow, max-snippet:-1, max-image-preview:large, max-video-preview:-1\" \/>\n<link rel=\"canonical\" href=\"https:\/\/www.schramas.com\/se\/butik\/malus-domestica-notarie-apple\/\" \/>\n<meta property=\"og:locale\" content=\"sv_SE\" \/>\n<meta property=\"og:type\" content=\"article\" \/>\n<meta property=\"og:title\" content=\"Malus domestica &#039;Notarisappel&#039; Appel kopen | Planten eenvoudig online bestellen | Schramas.com\" \/>\n<meta property=\"og:description\" content=\"&#8216;Notarisappel&#8217; is een Nederlandse vari?teit van de appelboom, bekend om zijn uitstekende bewaarkwaliteiten en zoete smaak. Deze cultivar produceert appels met een goudgele kleur en een knapperige textuur. De appels zijn geschikt voor langdurige opslag en kunnen ook worden verwerkt in diverse gerechten. &#8216;Notarisappel&#8217; is een lokale favoriet.\" \/>\n<meta property=\"og:url\" content=\"https:\/\/www.schramas.com\/se\/butik\/malus-domestica-notarie-apple\/\" \/>\n<meta property=\"og:site_name\" content=\"Planten eenvoudig online bestellen | Schramas.com\" \/>\n<meta property=\"article:publisher\" content=\"https:\/\/www.facebook.com\/Schramascom-106872874153195\/\" \/>\n<meta property=\"article:modified_time\" content=\"2025-07-10T10:18:20+00:00\" \/>\n<meta property=\"og:image\" content=\"https:\/\/www.schramas.com\/wp-content\/uploads\/2020\/11\/210913-Logo-ontwerp-versie-2-amazon-grijs.png\" \/>\n\t<meta property=\"og:image:width\" content=\"1446\" \/>\n\t<meta property=\"og:image:height\" content=\"700\" \/>\n\t<meta property=\"og:image:type\" content=\"image\/png\" \/>\n<meta name=\"twitter:card\" content=\"summary_large_image\" \/>\n<script type=\"application\/ld+json\" class=\"yoast-schema-graph\">{\"@context\":\"https:\/\/schema.org\",\"@graph\":[{\"@type\":[\"WebPage\",\"ItemPage\"],\"@id\":\"https:\/\/www.schramas.com\/winkel\/malus-domestica-notarisappel-appel\/\",\"url\":\"https:\/\/www.schramas.com\/winkel\/malus-domestica-notarisappel-appel\/\",\"name\":\"Malus domestica 'Notarisappel' Appel kopen | Planten eenvoudig online bestellen | Schramas.com\",\"isPartOf\":{\"@id\":\"https:\/\/www.schramas.com\/#website\"},\"datePublished\":\"2023-09-12T12:32:09+00:00\",\"dateModified\":\"2025-07-10T10:18:20+00:00\",\"breadcrumb\":{\"@id\":\"https:\/\/www.schramas.com\/winkel\/malus-domestica-notarisappel-appel\/#breadcrumb\"},\"inLanguage\":\"sv-SE\",\"potentialAction\":[{\"@type\":\"ReadAction\",\"target\":[\"https:\/\/www.schramas.com\/winkel\/malus-domestica-notarisappel-appel\/\"]}]},{\"@type\":\"BreadcrumbList\",\"@id\":\"https:\/\/www.schramas.com\/winkel\/malus-domestica-notarisappel-appel\/#breadcrumb\",\"itemListElement\":[{\"@type\":\"ListItem\",\"position\":1,\"name\":\"Product\",\"item\":\"https:\/\/www.schramas.com\/assortiment\/\"},{\"@type\":\"ListItem\",\"position\":2,\"name\":\"Offerte aanvragen\",\"item\":\"https:\/\/www.schramas.com\/product-category\/offerte-aanvragen\/\"},{\"@type\":\"ListItem\",\"position\":3,\"name\":\"Malus domestica &#8216;Notarisappel&#8217; Appel\"}]},{\"@type\":\"WebSite\",\"@id\":\"https:\/\/www.schramas.com\/#website\",\"url\":\"https:\/\/www.schramas.com\/\",\"name\":\"Schramas.com | Tuinplanten eenvoudig online bestellen | Direct van onze Kwekerij\",\"description\":\"\",\"alternateName\":\"Schramas.com - Alle planten direct van de kweker\",\"potentialAction\":[{\"@type\":\"SearchAction\",\"target\":{\"@type\":\"EntryPoint\",\"urlTemplate\":\"https:\/\/www.schramas.com\/?s={search_term_string}\"},\"query-input\":{\"@type\":\"PropertyValueSpecification\",\"valueRequired\":true,\"valueName\":\"search_term_string\"}}],\"inLanguage\":\"sv-SE\"}]}<\/script>\n<!-- \/ Yoast SEO plugin. -->","yoast_head_json":{"title":"K\u00f6p Malus domestica &#039;Notary Apple&#039; Apple | Best\u00e4ll enkelt v\u00e4xter online | Schramas.com","robots":{"index":"index","follow":"follow","max-snippet":"max-snippet:-1","max-image-preview":"max-image-preview:large","max-video-preview":"max-video-preview:-1"},"canonical":"https:\/\/www.schramas.com\/se\/butik\/malus-domestica-notarie-apple\/","og_locale":"sv_SE","og_type":"article","og_title":"Malus domestica 'Notarisappel' Appel kopen | Planten eenvoudig online bestellen | Schramas.com","og_description":"&#8216;Notarisappel&#8217; is een Nederlandse vari?teit van de appelboom, bekend om zijn uitstekende bewaarkwaliteiten en zoete smaak. Deze cultivar produceert appels met een goudgele kleur en een knapperige textuur. De appels zijn geschikt voor langdurige opslag en kunnen ook worden verwerkt in diverse gerechten. &#8216;Notarisappel&#8217; is een lokale favoriet.","og_url":"https:\/\/www.schramas.com\/se\/butik\/malus-domestica-notarie-apple\/","og_site_name":"Planten eenvoudig online bestellen | Schramas.com","article_publisher":"https:\/\/www.facebook.com\/Schramascom-106872874153195\/","article_modified_time":"2025-07-10T10:18:20+00:00","og_image":[{"width":1446,"height":700,"url":"https:\/\/www.schramas.com\/wp-content\/uploads\/2020\/11\/210913-Logo-ontwerp-versie-2-amazon-grijs.png","type":"image\/png"}],"twitter_card":"summary_large_image","schema":{"@context":"https:\/\/schema.org","@graph":[{"@type":["WebPage","ItemPage"],"@id":"https:\/\/www.schramas.com\/winkel\/malus-domestica-notarisappel-appel\/","url":"https:\/\/www.schramas.com\/winkel\/malus-domestica-notarisappel-appel\/","name":"K\u00f6p Malus domestica &#039;Notary Apple&#039; Apple | Best\u00e4ll enkelt v\u00e4xter online | Schramas.com","isPartOf":{"@id":"https:\/\/www.schramas.com\/#website"},"datePublished":"2023-09-12T12:32:09+00:00","dateModified":"2025-07-10T10:18:20+00:00","breadcrumb":{"@id":"https:\/\/www.schramas.com\/winkel\/malus-domestica-notarisappel-appel\/#breadcrumb"},"inLanguage":"sv-SE","potentialAction":[{"@type":"ReadAction","target":["https:\/\/www.schramas.com\/winkel\/malus-domestica-notarisappel-appel\/"]}]},{"@type":"BreadcrumbList","@id":"https:\/\/www.schramas.com\/winkel\/malus-domestica-notarisappel-appel\/#breadcrumb","itemListElement":[{"@type":"ListItem","position":1,"name":"Product","item":"https:\/\/www.schramas.com\/assortiment\/"},{"@type":"ListItem","position":2,"name":"Offerte aanvragen","item":"https:\/\/www.schramas.com\/product-category\/offerte-aanvragen\/"},{"@type":"ListItem","position":3,"name":"Malus domestica &#8216;Notarisappel&#8217; Appel"}]},{"@type":"WebSite","@id":"https:\/\/www.schramas.com\/#website","url":"https:\/\/www.schramas.com\/","name":"Schramas.com | Tr\u00e4dg\u00e5rdsv\u00e4xter som enkelt kan best\u00e4llas online | Direkt fr\u00e5n v\u00e5r plantskola","description":"","alternateName":"Schramas.com - Alle planten direct van de kweker","potentialAction":[{"@type":"SearchAction","target":{"@type":"EntryPoint","urlTemplate":"https:\/\/www.schramas.com\/?s={search_term_string}"},"query-input":{"@type":"PropertyValueSpecification","valueRequired":true,"valueName":"search_term_string"}}],"inLanguage":"sv-SE"}]}},"_links":{"self":[{"href":"https:\/\/www.schramas.com\/se\/wp-json\/wp\/v2\/product\/27881","targetHints":{"allow":["GET"]}}],"collection":[{"href":"https:\/\/www.schramas.com\/se\/wp-json\/wp\/v2\/product"}],"about":[{"href":"https:\/\/www.schramas.com\/se\/wp-json\/wp\/v2\/types\/product"}],"version-history":[{"count":0,"href":"https:\/\/www.schramas.com\/se\/wp-json\/wp\/v2\/product\/27881\/revisions"}],"wp:attachment":[{"href":"https:\/\/www.schramas.com\/se\/wp-json\/wp\/v2\/media?parent=27881"}],"wp:term":[{"taxonomy":"product_brand","embeddable":true,"href":"https:\/\/www.schramas.com\/se\/wp-json\/wp\/v2\/product_brand?post=27881"},{"taxonomy":"product_cat","embeddable":true,"href":"https:\/\/www.schramas.com\/se\/wp-json\/wp\/v2\/product_cat?post=27881"},{"taxonomy":"product_tag","embeddable":true,"href":"https:\/\/www.schramas.com\/se\/wp-json\/wp\/v2\/product_tag?post=27881"}],"curies":[{"name":"wp","href":"https:\/\/api.w.org\/{rel}","templated":true}]}}