{"id":27890,"date":"2023-09-12T14:32:12","date_gmt":"2023-09-12T12:32:12","guid":{"rendered":"https:\/\/www.schramas.com\/winkel\/malus-domestica-rosette-appelboom\/"},"modified":"2025-07-10T12:18:21","modified_gmt":"2025-07-10T10:18:21","slug":"malus-domestica-rosett-appeltrad","status":"publish","type":"product","link":"https:\/\/www.schramas.com\/se\/butik\/malus-domestica-rosett-appeltrad\/","title":{"rendered":"Malus domestica &#039;Rosette&#039; \u00c4ppeltr\u00e4d"},"content":{"rendered":"<p>&#039;Rosette&#039; \u00e4r en kompakt variant av \u00e4ppeltr\u00e4det, k\u00e4nd f\u00f6r sin l\u00e4mplighet f\u00f6r sm\u00e5 tr\u00e4dg\u00e5rdar och terrasser. Denna sort producerar medelstora \u00e4pplen med en fr\u00e4sch smak och krispig konsistens. \u00c4pplena har en gr\u00f6n-gul f\u00e4rg med en l\u00e4tt rouge. &#039;Rosett&#039; \u00e4r ett idealiskt val f\u00f6r begr\u00e4nsade utrymmen.<\/p>","protected":false},"excerpt":{"rendered":"<p>&#039;Rosette&#039; \u00e4r en kompakt variant av \u00e4ppeltr\u00e4det, k\u00e4nd f\u00f6r sin l\u00e4mplighet f\u00f6r sm\u00e5 tr\u00e4dg\u00e5rdar och terrasser. Denna sort producerar medelstora \u00e4pplen med en fr\u00e4sch smak och krispig konsistens. \u00c4pplena har en gr\u00f6n-gul f\u00e4rg med en l\u00e4tt rouge. &#039;Rosett&#039; \u00e4r ett idealiskt val f\u00f6r begr\u00e4nsade utrymmen.<\/p>","protected":false},"featured_media":0,"template":"","meta":{"_joinchat":[]},"product_brand":[],"product_cat":[],"product_tag":[569,1104,1146,1145,1124],"class_list":{"0":"post-27890","1":"product","2":"type-product","3":"status-publish","5":"product_tag-appel","6":"product_tag-compact","7":"product_tag-fris","8":"product_tag-geschikt-voor-kleine-tuinen","9":"product_tag-knapperig","11":"first","12":"outofstock","13":"taxable","14":"shipping-taxable","15":"purchasable","16":"product-type-simple"},"yoast_head":"<!-- This site is optimized with the Yoast SEO plugin v24.2 - https:\/\/yoast.com\/wordpress\/plugins\/seo\/ -->\n<title>Malus domestica &#039;Rosette&#039; Appelboom kopen | Planten eenvoudig online bestellen | Schramas.com<\/title>\n<meta name=\"robots\" content=\"index, follow, max-snippet:-1, max-image-preview:large, max-video-preview:-1\" \/>\n<link rel=\"canonical\" href=\"https:\/\/www.schramas.com\/se\/butik\/malus-domestica-rosett-appeltrad\/\" \/>\n<meta property=\"og:locale\" content=\"sv_SE\" \/>\n<meta property=\"og:type\" content=\"article\" \/>\n<meta property=\"og:title\" content=\"Malus domestica &#039;Rosette&#039; Appelboom kopen | Planten eenvoudig online bestellen | Schramas.com\" \/>\n<meta property=\"og:description\" content=\"&#8216;Rosette&#8217; is een compacte vari?teit van de appelboom, bekend om zijn geschiktheid voor kleine tuinen en terrassen. Deze cultivar produceert middelgrote appels met een frisse smaak en een knapperige textuur. De appels hebben een groengele kleur met een lichte blos. &#8216;Rosette&#8217; is een ideale keuze voor beperkte ruimtes.\" \/>\n<meta property=\"og:url\" content=\"https:\/\/www.schramas.com\/se\/butik\/malus-domestica-rosett-appeltrad\/\" \/>\n<meta property=\"og:site_name\" content=\"Planten eenvoudig online bestellen | Schramas.com\" \/>\n<meta property=\"article:publisher\" content=\"https:\/\/www.facebook.com\/Schramascom-106872874153195\/\" \/>\n<meta property=\"article:modified_time\" content=\"2025-07-10T10:18:21+00:00\" \/>\n<meta property=\"og:image\" content=\"https:\/\/www.schramas.com\/wp-content\/uploads\/2020\/11\/210913-Logo-ontwerp-versie-2-amazon-grijs.png\" \/>\n\t<meta property=\"og:image:width\" content=\"1446\" \/>\n\t<meta property=\"og:image:height\" content=\"700\" \/>\n\t<meta property=\"og:image:type\" content=\"image\/png\" \/>\n<meta name=\"twitter:card\" content=\"summary_large_image\" \/>\n<script type=\"application\/ld+json\" class=\"yoast-schema-graph\">{\"@context\":\"https:\/\/schema.org\",\"@graph\":[{\"@type\":[\"WebPage\",\"ItemPage\"],\"@id\":\"https:\/\/www.schramas.com\/winkel\/malus-domestica-rosette-appelboom\/\",\"url\":\"https:\/\/www.schramas.com\/winkel\/malus-domestica-rosette-appelboom\/\",\"name\":\"Malus domestica 'Rosette' Appelboom kopen | Planten eenvoudig online bestellen | Schramas.com\",\"isPartOf\":{\"@id\":\"https:\/\/www.schramas.com\/#website\"},\"datePublished\":\"2023-09-12T12:32:12+00:00\",\"dateModified\":\"2025-07-10T10:18:21+00:00\",\"breadcrumb\":{\"@id\":\"https:\/\/www.schramas.com\/winkel\/malus-domestica-rosette-appelboom\/#breadcrumb\"},\"inLanguage\":\"sv-SE\",\"potentialAction\":[{\"@type\":\"ReadAction\",\"target\":[\"https:\/\/www.schramas.com\/winkel\/malus-domestica-rosette-appelboom\/\"]}]},{\"@type\":\"BreadcrumbList\",\"@id\":\"https:\/\/www.schramas.com\/winkel\/malus-domestica-rosette-appelboom\/#breadcrumb\",\"itemListElement\":[{\"@type\":\"ListItem\",\"position\":1,\"name\":\"Product\",\"item\":\"https:\/\/www.schramas.com\/assortiment\/\"},{\"@type\":\"ListItem\",\"position\":2,\"name\":\"Malus domestica &#8216;Rosette&#8217; Appelboom\"}]},{\"@type\":\"WebSite\",\"@id\":\"https:\/\/www.schramas.com\/#website\",\"url\":\"https:\/\/www.schramas.com\/\",\"name\":\"Schramas.com | Tuinplanten eenvoudig online bestellen | Direct van onze Kwekerij\",\"description\":\"\",\"alternateName\":\"Schramas.com - Alle planten direct van de kweker\",\"potentialAction\":[{\"@type\":\"SearchAction\",\"target\":{\"@type\":\"EntryPoint\",\"urlTemplate\":\"https:\/\/www.schramas.com\/?s={search_term_string}\"},\"query-input\":{\"@type\":\"PropertyValueSpecification\",\"valueRequired\":true,\"valueName\":\"search_term_string\"}}],\"inLanguage\":\"sv-SE\"}]}<\/script>\n<!-- \/ Yoast SEO plugin. -->","yoast_head_json":{"title":"K\u00f6p Malus domestica &#039;Rosette&#039; \u00c4ppeltr\u00e4d | Best\u00e4ll enkelt v\u00e4xter online | Schramas.com","robots":{"index":"index","follow":"follow","max-snippet":"max-snippet:-1","max-image-preview":"max-image-preview:large","max-video-preview":"max-video-preview:-1"},"canonical":"https:\/\/www.schramas.com\/se\/butik\/malus-domestica-rosett-appeltrad\/","og_locale":"sv_SE","og_type":"article","og_title":"Malus domestica 'Rosette' Appelboom kopen | Planten eenvoudig online bestellen | Schramas.com","og_description":"&#8216;Rosette&#8217; is een compacte vari?teit van de appelboom, bekend om zijn geschiktheid voor kleine tuinen en terrassen. Deze cultivar produceert middelgrote appels met een frisse smaak en een knapperige textuur. De appels hebben een groengele kleur met een lichte blos. &#8216;Rosette&#8217; is een ideale keuze voor beperkte ruimtes.","og_url":"https:\/\/www.schramas.com\/se\/butik\/malus-domestica-rosett-appeltrad\/","og_site_name":"Planten eenvoudig online bestellen | Schramas.com","article_publisher":"https:\/\/www.facebook.com\/Schramascom-106872874153195\/","article_modified_time":"2025-07-10T10:18:21+00:00","og_image":[{"width":1446,"height":700,"url":"https:\/\/www.schramas.com\/wp-content\/uploads\/2020\/11\/210913-Logo-ontwerp-versie-2-amazon-grijs.png","type":"image\/png"}],"twitter_card":"summary_large_image","schema":{"@context":"https:\/\/schema.org","@graph":[{"@type":["WebPage","ItemPage"],"@id":"https:\/\/www.schramas.com\/winkel\/malus-domestica-rosette-appelboom\/","url":"https:\/\/www.schramas.com\/winkel\/malus-domestica-rosette-appelboom\/","name":"K\u00f6p Malus domestica &#039;Rosette&#039; \u00c4ppeltr\u00e4d | Best\u00e4ll enkelt v\u00e4xter online | Schramas.com","isPartOf":{"@id":"https:\/\/www.schramas.com\/#website"},"datePublished":"2023-09-12T12:32:12+00:00","dateModified":"2025-07-10T10:18:21+00:00","breadcrumb":{"@id":"https:\/\/www.schramas.com\/winkel\/malus-domestica-rosette-appelboom\/#breadcrumb"},"inLanguage":"sv-SE","potentialAction":[{"@type":"ReadAction","target":["https:\/\/www.schramas.com\/winkel\/malus-domestica-rosette-appelboom\/"]}]},{"@type":"BreadcrumbList","@id":"https:\/\/www.schramas.com\/winkel\/malus-domestica-rosette-appelboom\/#breadcrumb","itemListElement":[{"@type":"ListItem","position":1,"name":"Product","item":"https:\/\/www.schramas.com\/assortiment\/"},{"@type":"ListItem","position":2,"name":"Malus domestica &#8216;Rosette&#8217; Appelboom"}]},{"@type":"WebSite","@id":"https:\/\/www.schramas.com\/#website","url":"https:\/\/www.schramas.com\/","name":"Schramas.com | Tr\u00e4dg\u00e5rdsv\u00e4xter som enkelt kan best\u00e4llas online | Direkt fr\u00e5n v\u00e5r plantskola","description":"","alternateName":"Schramas.com - Alle planten direct van de kweker","potentialAction":[{"@type":"SearchAction","target":{"@type":"EntryPoint","urlTemplate":"https:\/\/www.schramas.com\/?s={search_term_string}"},"query-input":{"@type":"PropertyValueSpecification","valueRequired":true,"valueName":"search_term_string"}}],"inLanguage":"sv-SE"}]}},"_links":{"self":[{"href":"https:\/\/www.schramas.com\/se\/wp-json\/wp\/v2\/product\/27890","targetHints":{"allow":["GET"]}}],"collection":[{"href":"https:\/\/www.schramas.com\/se\/wp-json\/wp\/v2\/product"}],"about":[{"href":"https:\/\/www.schramas.com\/se\/wp-json\/wp\/v2\/types\/product"}],"version-history":[{"count":0,"href":"https:\/\/www.schramas.com\/se\/wp-json\/wp\/v2\/product\/27890\/revisions"}],"wp:attachment":[{"href":"https:\/\/www.schramas.com\/se\/wp-json\/wp\/v2\/media?parent=27890"}],"wp:term":[{"taxonomy":"product_brand","embeddable":true,"href":"https:\/\/www.schramas.com\/se\/wp-json\/wp\/v2\/product_brand?post=27890"},{"taxonomy":"product_cat","embeddable":true,"href":"https:\/\/www.schramas.com\/se\/wp-json\/wp\/v2\/product_cat?post=27890"},{"taxonomy":"product_tag","embeddable":true,"href":"https:\/\/www.schramas.com\/se\/wp-json\/wp\/v2\/product_tag?post=27890"}],"curies":[{"name":"wp","href":"https:\/\/api.w.org\/{rel}","templated":true}]}}