{"id":27934,"date":"2023-09-12T14:32:19","date_gmt":"2023-09-12T12:32:19","guid":{"rendered":"https:\/\/www.schramas.com\/winkel\/prunus-domestica-reine-claude-verte-pruim\/"},"modified":"2025-07-10T12:18:32","modified_gmt":"2025-07-10T10:18:32","slug":"prunus-domestica-reine-claude-verte-plommon","status":"publish","type":"product","link":"https:\/\/www.schramas.com\/se\/butik\/prunus-domestica-reine-claude-verte-plommon\/","title":{"rendered":"Prunus domestica &#039;Reine Claude Verte&#039; plommon"},"content":{"rendered":"<p>&#039;Reine Claude Verte&#039; \u00e4r en plommonsort med ovala, gr\u00f6na frukter och s\u00f6t smak. Denna sort \u00e4r l\u00e4mplig f\u00f6r f\u00e4rsk anv\u00e4ndning och kan anv\u00e4ndas i sylt och desserter. Den gr\u00f6na f\u00e4rgen och s\u00f6tman g\u00f6r &#039;Reine Claude Verte&#039; till ett enast\u00e5ende val bland plommon\u00e4lskare.<\/p>","protected":false},"excerpt":{"rendered":"<p>&#039;Reine Claude Verte&#039; \u00e4r en plommonsort med ovala, gr\u00f6na frukter och s\u00f6t smak. Denna sort \u00e4r l\u00e4mplig f\u00f6r f\u00e4rsk anv\u00e4ndning och kan anv\u00e4ndas i sylt och desserter. Den gr\u00f6na f\u00e4rgen och s\u00f6tman g\u00f6r &#039;Reine Claude Verte&#039; till ett enast\u00e5ende val bland plommon\u00e4lskare.<\/p>","protected":false},"featured_media":0,"template":"","meta":{"_joinchat":[]},"product_brand":[],"product_cat":[],"product_tag":[589,1173,573,328,1175],"class_list":{"0":"post-27934","1":"product","2":"type-product","3":"status-publish","5":"product_tag-groen","6":"product_tag-ovaal","7":"product_tag-pruim","8":"product_tag-zoet","9":"product_tag-zoete-smaak","11":"first","12":"outofstock","13":"taxable","14":"shipping-taxable","15":"purchasable","16":"product-type-simple"},"yoast_head":"<!-- This site is optimized with the Yoast SEO plugin v24.2 - https:\/\/yoast.com\/wordpress\/plugins\/seo\/ -->\n<title>Prunus domestica &#039;Reine Claude Verte&#039; Pruim kopen | Planten eenvoudig online bestellen | Schramas.com<\/title>\n<meta name=\"robots\" content=\"index, follow, max-snippet:-1, max-image-preview:large, max-video-preview:-1\" \/>\n<link rel=\"canonical\" href=\"https:\/\/www.schramas.com\/se\/butik\/prunus-domestica-reine-claude-verte-plommon\/\" \/>\n<meta property=\"og:locale\" content=\"sv_SE\" \/>\n<meta property=\"og:type\" content=\"article\" \/>\n<meta property=\"og:title\" content=\"Prunus domestica &#039;Reine Claude Verte&#039; Pruim kopen | Planten eenvoudig online bestellen | Schramas.com\" \/>\n<meta property=\"og:description\" content=\"&#8216;Reine Claude Verte&#8217; is een pruimensoort met ovale, groene vruchten en een zoete smaak. Deze cultivar is geschikt voor vers gebruik en kan worden verwerkt in jams en desserts. De groene kleur en zoetheid maken &#8216;Reine Claude Verte&#8217; tot een opvallende keuze onder pruimenliefhebbers.\" \/>\n<meta property=\"og:url\" content=\"https:\/\/www.schramas.com\/se\/butik\/prunus-domestica-reine-claude-verte-plommon\/\" \/>\n<meta property=\"og:site_name\" content=\"Planten eenvoudig online bestellen | Schramas.com\" \/>\n<meta property=\"article:publisher\" content=\"https:\/\/www.facebook.com\/Schramascom-106872874153195\/\" \/>\n<meta property=\"article:modified_time\" content=\"2025-07-10T10:18:32+00:00\" \/>\n<meta property=\"og:image\" content=\"https:\/\/www.schramas.com\/wp-content\/uploads\/2020\/11\/210913-Logo-ontwerp-versie-2-amazon-grijs.png\" \/>\n\t<meta property=\"og:image:width\" content=\"1446\" \/>\n\t<meta property=\"og:image:height\" content=\"700\" \/>\n\t<meta property=\"og:image:type\" content=\"image\/png\" \/>\n<meta name=\"twitter:card\" content=\"summary_large_image\" \/>\n<script type=\"application\/ld+json\" class=\"yoast-schema-graph\">{\"@context\":\"https:\/\/schema.org\",\"@graph\":[{\"@type\":[\"WebPage\",\"ItemPage\"],\"@id\":\"https:\/\/www.schramas.com\/winkel\/prunus-domestica-reine-claude-verte-pruim\/\",\"url\":\"https:\/\/www.schramas.com\/winkel\/prunus-domestica-reine-claude-verte-pruim\/\",\"name\":\"Prunus domestica 'Reine Claude Verte' Pruim kopen | Planten eenvoudig online bestellen | Schramas.com\",\"isPartOf\":{\"@id\":\"https:\/\/www.schramas.com\/#website\"},\"datePublished\":\"2023-09-12T12:32:19+00:00\",\"dateModified\":\"2025-07-10T10:18:32+00:00\",\"breadcrumb\":{\"@id\":\"https:\/\/www.schramas.com\/winkel\/prunus-domestica-reine-claude-verte-pruim\/#breadcrumb\"},\"inLanguage\":\"sv-SE\",\"potentialAction\":[{\"@type\":\"ReadAction\",\"target\":[\"https:\/\/www.schramas.com\/winkel\/prunus-domestica-reine-claude-verte-pruim\/\"]}]},{\"@type\":\"BreadcrumbList\",\"@id\":\"https:\/\/www.schramas.com\/winkel\/prunus-domestica-reine-claude-verte-pruim\/#breadcrumb\",\"itemListElement\":[{\"@type\":\"ListItem\",\"position\":1,\"name\":\"Product\",\"item\":\"https:\/\/www.schramas.com\/assortiment\/\"},{\"@type\":\"ListItem\",\"position\":2,\"name\":\"Offerte aanvragen\",\"item\":\"https:\/\/www.schramas.com\/product-category\/offerte-aanvragen\/\"},{\"@type\":\"ListItem\",\"position\":3,\"name\":\"Prunus domestica &#8216;Reine Claude Verte&#8217; Pruim\"}]},{\"@type\":\"WebSite\",\"@id\":\"https:\/\/www.schramas.com\/#website\",\"url\":\"https:\/\/www.schramas.com\/\",\"name\":\"Schramas.com | Tuinplanten eenvoudig online bestellen | Direct van onze Kwekerij\",\"description\":\"\",\"alternateName\":\"Schramas.com - Alle planten direct van de kweker\",\"potentialAction\":[{\"@type\":\"SearchAction\",\"target\":{\"@type\":\"EntryPoint\",\"urlTemplate\":\"https:\/\/www.schramas.com\/?s={search_term_string}\"},\"query-input\":{\"@type\":\"PropertyValueSpecification\",\"valueRequired\":true,\"valueName\":\"search_term_string\"}}],\"inLanguage\":\"sv-SE\"}]}<\/script>\n<!-- \/ Yoast SEO plugin. -->","yoast_head_json":{"title":"K\u00f6p Prunus domestica &#039;Reine Claude Verte&#039; plommon | Best\u00e4ll enkelt v\u00e4xter online | Schramas.com","robots":{"index":"index","follow":"follow","max-snippet":"max-snippet:-1","max-image-preview":"max-image-preview:large","max-video-preview":"max-video-preview:-1"},"canonical":"https:\/\/www.schramas.com\/se\/butik\/prunus-domestica-reine-claude-verte-plommon\/","og_locale":"sv_SE","og_type":"article","og_title":"Prunus domestica 'Reine Claude Verte' Pruim kopen | Planten eenvoudig online bestellen | Schramas.com","og_description":"&#8216;Reine Claude Verte&#8217; is een pruimensoort met ovale, groene vruchten en een zoete smaak. Deze cultivar is geschikt voor vers gebruik en kan worden verwerkt in jams en desserts. De groene kleur en zoetheid maken &#8216;Reine Claude Verte&#8217; tot een opvallende keuze onder pruimenliefhebbers.","og_url":"https:\/\/www.schramas.com\/se\/butik\/prunus-domestica-reine-claude-verte-plommon\/","og_site_name":"Planten eenvoudig online bestellen | Schramas.com","article_publisher":"https:\/\/www.facebook.com\/Schramascom-106872874153195\/","article_modified_time":"2025-07-10T10:18:32+00:00","og_image":[{"width":1446,"height":700,"url":"https:\/\/www.schramas.com\/wp-content\/uploads\/2020\/11\/210913-Logo-ontwerp-versie-2-amazon-grijs.png","type":"image\/png"}],"twitter_card":"summary_large_image","schema":{"@context":"https:\/\/schema.org","@graph":[{"@type":["WebPage","ItemPage"],"@id":"https:\/\/www.schramas.com\/winkel\/prunus-domestica-reine-claude-verte-pruim\/","url":"https:\/\/www.schramas.com\/winkel\/prunus-domestica-reine-claude-verte-pruim\/","name":"K\u00f6p Prunus domestica &#039;Reine Claude Verte&#039; plommon | Best\u00e4ll enkelt v\u00e4xter online | Schramas.com","isPartOf":{"@id":"https:\/\/www.schramas.com\/#website"},"datePublished":"2023-09-12T12:32:19+00:00","dateModified":"2025-07-10T10:18:32+00:00","breadcrumb":{"@id":"https:\/\/www.schramas.com\/winkel\/prunus-domestica-reine-claude-verte-pruim\/#breadcrumb"},"inLanguage":"sv-SE","potentialAction":[{"@type":"ReadAction","target":["https:\/\/www.schramas.com\/winkel\/prunus-domestica-reine-claude-verte-pruim\/"]}]},{"@type":"BreadcrumbList","@id":"https:\/\/www.schramas.com\/winkel\/prunus-domestica-reine-claude-verte-pruim\/#breadcrumb","itemListElement":[{"@type":"ListItem","position":1,"name":"Product","item":"https:\/\/www.schramas.com\/assortiment\/"},{"@type":"ListItem","position":2,"name":"Offerte aanvragen","item":"https:\/\/www.schramas.com\/product-category\/offerte-aanvragen\/"},{"@type":"ListItem","position":3,"name":"Prunus domestica &#8216;Reine Claude Verte&#8217; Pruim"}]},{"@type":"WebSite","@id":"https:\/\/www.schramas.com\/#website","url":"https:\/\/www.schramas.com\/","name":"Schramas.com | Tr\u00e4dg\u00e5rdsv\u00e4xter som enkelt kan best\u00e4llas online | Direkt fr\u00e5n v\u00e5r plantskola","description":"","alternateName":"Schramas.com - Alle planten direct van de kweker","potentialAction":[{"@type":"SearchAction","target":{"@type":"EntryPoint","urlTemplate":"https:\/\/www.schramas.com\/?s={search_term_string}"},"query-input":{"@type":"PropertyValueSpecification","valueRequired":true,"valueName":"search_term_string"}}],"inLanguage":"sv-SE"}]}},"_links":{"self":[{"href":"https:\/\/www.schramas.com\/se\/wp-json\/wp\/v2\/product\/27934","targetHints":{"allow":["GET"]}}],"collection":[{"href":"https:\/\/www.schramas.com\/se\/wp-json\/wp\/v2\/product"}],"about":[{"href":"https:\/\/www.schramas.com\/se\/wp-json\/wp\/v2\/types\/product"}],"version-history":[{"count":0,"href":"https:\/\/www.schramas.com\/se\/wp-json\/wp\/v2\/product\/27934\/revisions"}],"wp:attachment":[{"href":"https:\/\/www.schramas.com\/se\/wp-json\/wp\/v2\/media?parent=27934"}],"wp:term":[{"taxonomy":"product_brand","embeddable":true,"href":"https:\/\/www.schramas.com\/se\/wp-json\/wp\/v2\/product_brand?post=27934"},{"taxonomy":"product_cat","embeddable":true,"href":"https:\/\/www.schramas.com\/se\/wp-json\/wp\/v2\/product_cat?post=27934"},{"taxonomy":"product_tag","embeddable":true,"href":"https:\/\/www.schramas.com\/se\/wp-json\/wp\/v2\/product_tag?post=27934"}],"curies":[{"name":"wp","href":"https:\/\/api.w.org\/{rel}","templated":true}]}}