{"id":27942,"date":"2023-09-12T14:32:20","date_gmt":"2023-09-12T12:32:20","guid":{"rendered":"https:\/\/www.schramas.com\/winkel\/pyrus-communis-bonne-louise-davranches-peer\/"},"modified":"2025-07-10T12:18:33","modified_gmt":"2025-07-10T10:18:33","slug":"pyrus-communis-bonne-louise-davranches-paron","status":"publish","type":"product","link":"https:\/\/www.schramas.com\/se\/butik\/pyrus-communis-bonne-louise-davranches-paron\/","title":{"rendered":"Pyrus communis &#039;Bonne Louise d&#039;Avranches&#039; p\u00e4ron"},"content":{"rendered":"<p>&#039;Bonne Louise d&#039;Avranches&#039; \u00e4r en p\u00e4ronsort med stora, saftiga frukter och s\u00f6t smak. Denna sort \u00e4r l\u00e4mplig f\u00f6r f\u00e4rsk anv\u00e4ndning och kan anv\u00e4ndas i sylt och desserter. Storleken och saftigheten g\u00f6r &#039;Bonne Louise d&#039;Avranches&#039; till ett popul\u00e4rt val bland p\u00e4ron\u00e4lskare.<\/p>","protected":false},"excerpt":{"rendered":"<p>&#039;Bonne Louise d&#039;Avranches&#039; \u00e4r en p\u00e4ronsort med stora, saftiga frukter och s\u00f6t smak. Denna sort \u00e4r l\u00e4mplig f\u00f6r f\u00e4rsk anv\u00e4ndning och kan anv\u00e4ndas i sylt och desserter. Storleken och saftigheten g\u00f6r &#039;Bonne Louise d&#039;Avranches&#039; till ett popul\u00e4rt val bland p\u00e4ron\u00e4lskare.<\/p>","protected":false},"featured_media":0,"template":"","meta":{"_joinchat":[]},"product_brand":[],"product_cat":[],"product_tag":[1095,572,1023,328],"class_list":{"0":"post-27942","1":"product","2":"type-product","3":"status-publish","5":"product_tag-groot","6":"product_tag-peer","7":"product_tag-sappig","8":"product_tag-zoet","10":"first","11":"outofstock","12":"taxable","13":"shipping-taxable","14":"purchasable","15":"product-type-simple"},"yoast_head":"<!-- This site is optimized with the Yoast SEO plugin v24.2 - https:\/\/yoast.com\/wordpress\/plugins\/seo\/ -->\n<title>Pyrus communis &#039;Bonne Louise d&#039;Avranches&#039; Peer kopen | Planten eenvoudig online bestellen | Schramas.com<\/title>\n<meta name=\"robots\" content=\"index, follow, max-snippet:-1, max-image-preview:large, max-video-preview:-1\" \/>\n<link rel=\"canonical\" href=\"https:\/\/www.schramas.com\/se\/butik\/pyrus-communis-bonne-louise-davranches-paron\/\" \/>\n<meta property=\"og:locale\" content=\"sv_SE\" \/>\n<meta property=\"og:type\" content=\"article\" \/>\n<meta property=\"og:title\" content=\"Pyrus communis &#039;Bonne Louise d&#039;Avranches&#039; Peer kopen | Planten eenvoudig online bestellen | Schramas.com\" \/>\n<meta property=\"og:description\" content=\"&#8216;Bonne Louise d&#8217;Avranches&#8217; is een perensoort met grote, sappige vruchten en een zoete smaak. Deze cultivar is geschikt voor vers gebruik en kan worden verwerkt in jams en desserts. De grootte en de sappigheid maken &#8216;Bonne Louise d&#8217;Avranches&#8217; tot een geliefde keuze onder perenliefhebbers.\" \/>\n<meta property=\"og:url\" content=\"https:\/\/www.schramas.com\/se\/butik\/pyrus-communis-bonne-louise-davranches-paron\/\" \/>\n<meta property=\"og:site_name\" content=\"Planten eenvoudig online bestellen | Schramas.com\" \/>\n<meta property=\"article:publisher\" content=\"https:\/\/www.facebook.com\/Schramascom-106872874153195\/\" \/>\n<meta property=\"article:modified_time\" content=\"2025-07-10T10:18:33+00:00\" \/>\n<meta property=\"og:image\" content=\"https:\/\/www.schramas.com\/wp-content\/uploads\/2020\/11\/210913-Logo-ontwerp-versie-2-amazon-grijs.png\" \/>\n\t<meta property=\"og:image:width\" content=\"1446\" \/>\n\t<meta property=\"og:image:height\" content=\"700\" \/>\n\t<meta property=\"og:image:type\" content=\"image\/png\" \/>\n<meta name=\"twitter:card\" content=\"summary_large_image\" \/>\n<script type=\"application\/ld+json\" class=\"yoast-schema-graph\">{\"@context\":\"https:\/\/schema.org\",\"@graph\":[{\"@type\":[\"WebPage\",\"ItemPage\"],\"@id\":\"https:\/\/www.schramas.com\/winkel\/pyrus-communis-bonne-louise-davranches-peer\/\",\"url\":\"https:\/\/www.schramas.com\/winkel\/pyrus-communis-bonne-louise-davranches-peer\/\",\"name\":\"Pyrus communis 'Bonne Louise d'Avranches' Peer kopen | Planten eenvoudig online bestellen | Schramas.com\",\"isPartOf\":{\"@id\":\"https:\/\/www.schramas.com\/#website\"},\"datePublished\":\"2023-09-12T12:32:20+00:00\",\"dateModified\":\"2025-07-10T10:18:33+00:00\",\"breadcrumb\":{\"@id\":\"https:\/\/www.schramas.com\/winkel\/pyrus-communis-bonne-louise-davranches-peer\/#breadcrumb\"},\"inLanguage\":\"sv-SE\",\"potentialAction\":[{\"@type\":\"ReadAction\",\"target\":[\"https:\/\/www.schramas.com\/winkel\/pyrus-communis-bonne-louise-davranches-peer\/\"]}]},{\"@type\":\"BreadcrumbList\",\"@id\":\"https:\/\/www.schramas.com\/winkel\/pyrus-communis-bonne-louise-davranches-peer\/#breadcrumb\",\"itemListElement\":[{\"@type\":\"ListItem\",\"position\":1,\"name\":\"Product\",\"item\":\"https:\/\/www.schramas.com\/assortiment\/\"},{\"@type\":\"ListItem\",\"position\":2,\"name\":\"Offerte aanvragen\",\"item\":\"https:\/\/www.schramas.com\/product-category\/offerte-aanvragen\/\"},{\"@type\":\"ListItem\",\"position\":3,\"name\":\"Pyrus communis &#8216;Bonne Louise d&#8217;Avranches&#8217; Peer\"}]},{\"@type\":\"WebSite\",\"@id\":\"https:\/\/www.schramas.com\/#website\",\"url\":\"https:\/\/www.schramas.com\/\",\"name\":\"Schramas.com | Tuinplanten eenvoudig online bestellen | Direct van onze Kwekerij\",\"description\":\"\",\"alternateName\":\"Schramas.com - Alle planten direct van de kweker\",\"potentialAction\":[{\"@type\":\"SearchAction\",\"target\":{\"@type\":\"EntryPoint\",\"urlTemplate\":\"https:\/\/www.schramas.com\/?s={search_term_string}\"},\"query-input\":{\"@type\":\"PropertyValueSpecification\",\"valueRequired\":true,\"valueName\":\"search_term_string\"}}],\"inLanguage\":\"sv-SE\"}]}<\/script>\n<!-- \/ Yoast SEO plugin. -->","yoast_head_json":{"title":"K\u00f6p Pyrus communis &#039;Bonne Louise d&#039;Avranches&#039; p\u00e4ron | Best\u00e4ll enkelt v\u00e4xter online | Schramas.com","robots":{"index":"index","follow":"follow","max-snippet":"max-snippet:-1","max-image-preview":"max-image-preview:large","max-video-preview":"max-video-preview:-1"},"canonical":"https:\/\/www.schramas.com\/se\/butik\/pyrus-communis-bonne-louise-davranches-paron\/","og_locale":"sv_SE","og_type":"article","og_title":"Pyrus communis 'Bonne Louise d'Avranches' Peer kopen | Planten eenvoudig online bestellen | Schramas.com","og_description":"&#8216;Bonne Louise d&#8217;Avranches&#8217; is een perensoort met grote, sappige vruchten en een zoete smaak. Deze cultivar is geschikt voor vers gebruik en kan worden verwerkt in jams en desserts. De grootte en de sappigheid maken &#8216;Bonne Louise d&#8217;Avranches&#8217; tot een geliefde keuze onder perenliefhebbers.","og_url":"https:\/\/www.schramas.com\/se\/butik\/pyrus-communis-bonne-louise-davranches-paron\/","og_site_name":"Planten eenvoudig online bestellen | Schramas.com","article_publisher":"https:\/\/www.facebook.com\/Schramascom-106872874153195\/","article_modified_time":"2025-07-10T10:18:33+00:00","og_image":[{"width":1446,"height":700,"url":"https:\/\/www.schramas.com\/wp-content\/uploads\/2020\/11\/210913-Logo-ontwerp-versie-2-amazon-grijs.png","type":"image\/png"}],"twitter_card":"summary_large_image","schema":{"@context":"https:\/\/schema.org","@graph":[{"@type":["WebPage","ItemPage"],"@id":"https:\/\/www.schramas.com\/winkel\/pyrus-communis-bonne-louise-davranches-peer\/","url":"https:\/\/www.schramas.com\/winkel\/pyrus-communis-bonne-louise-davranches-peer\/","name":"K\u00f6p Pyrus communis &#039;Bonne Louise d&#039;Avranches&#039; p\u00e4ron | Best\u00e4ll enkelt v\u00e4xter online | Schramas.com","isPartOf":{"@id":"https:\/\/www.schramas.com\/#website"},"datePublished":"2023-09-12T12:32:20+00:00","dateModified":"2025-07-10T10:18:33+00:00","breadcrumb":{"@id":"https:\/\/www.schramas.com\/winkel\/pyrus-communis-bonne-louise-davranches-peer\/#breadcrumb"},"inLanguage":"sv-SE","potentialAction":[{"@type":"ReadAction","target":["https:\/\/www.schramas.com\/winkel\/pyrus-communis-bonne-louise-davranches-peer\/"]}]},{"@type":"BreadcrumbList","@id":"https:\/\/www.schramas.com\/winkel\/pyrus-communis-bonne-louise-davranches-peer\/#breadcrumb","itemListElement":[{"@type":"ListItem","position":1,"name":"Product","item":"https:\/\/www.schramas.com\/assortiment\/"},{"@type":"ListItem","position":2,"name":"Offerte aanvragen","item":"https:\/\/www.schramas.com\/product-category\/offerte-aanvragen\/"},{"@type":"ListItem","position":3,"name":"Pyrus communis &#8216;Bonne Louise d&#8217;Avranches&#8217; Peer"}]},{"@type":"WebSite","@id":"https:\/\/www.schramas.com\/#website","url":"https:\/\/www.schramas.com\/","name":"Schramas.com | Tr\u00e4dg\u00e5rdsv\u00e4xter som enkelt kan best\u00e4llas online | Direkt fr\u00e5n v\u00e5r plantskola","description":"","alternateName":"Schramas.com - Alle planten direct van de kweker","potentialAction":[{"@type":"SearchAction","target":{"@type":"EntryPoint","urlTemplate":"https:\/\/www.schramas.com\/?s={search_term_string}"},"query-input":{"@type":"PropertyValueSpecification","valueRequired":true,"valueName":"search_term_string"}}],"inLanguage":"sv-SE"}]}},"_links":{"self":[{"href":"https:\/\/www.schramas.com\/se\/wp-json\/wp\/v2\/product\/27942","targetHints":{"allow":["GET"]}}],"collection":[{"href":"https:\/\/www.schramas.com\/se\/wp-json\/wp\/v2\/product"}],"about":[{"href":"https:\/\/www.schramas.com\/se\/wp-json\/wp\/v2\/types\/product"}],"version-history":[{"count":0,"href":"https:\/\/www.schramas.com\/se\/wp-json\/wp\/v2\/product\/27942\/revisions"}],"wp:attachment":[{"href":"https:\/\/www.schramas.com\/se\/wp-json\/wp\/v2\/media?parent=27942"}],"wp:term":[{"taxonomy":"product_brand","embeddable":true,"href":"https:\/\/www.schramas.com\/se\/wp-json\/wp\/v2\/product_brand?post=27942"},{"taxonomy":"product_cat","embeddable":true,"href":"https:\/\/www.schramas.com\/se\/wp-json\/wp\/v2\/product_cat?post=27942"},{"taxonomy":"product_tag","embeddable":true,"href":"https:\/\/www.schramas.com\/se\/wp-json\/wp\/v2\/product_tag?post=27942"}],"curies":[{"name":"wp","href":"https:\/\/api.w.org\/{rel}","templated":true}]}}