{"id":27982,"date":"2023-09-12T14:32:30","date_gmt":"2023-09-12T12:32:30","guid":{"rendered":"https:\/\/www.schramas.com\/winkel\/vitis-regent\/"},"modified":"2025-07-10T12:18:36","modified_gmt":"2025-07-10T10:18:36","slug":"vitis-regent","status":"publish","type":"product","link":"https:\/\/www.schramas.com\/se\/butik\/vitis-regent\/","title":{"rendered":"Vitis 'Regent' (vinranka)"},"content":{"rendered":"<p>'Regent' \u00e4r en vinranka med medelstora, m\u00f6rkbl\u00e5 druvor. Denna druvsort \u00e4r k\u00e4nd f\u00f6r sin utm\u00e4rkta smak och l\u00e4mpar sig f\u00f6r f\u00e4rskt bruk och f\u00f6r framst\u00e4llning av juice eller vin. Busken trivs bra i v\u00e5rt klimat och \u00e4r ett popul\u00e4rt val bland druv\u00e4lskare.<\/p>","protected":false},"excerpt":{"rendered":"<p>'Regent' \u00e4r en vinranka med medelstora, m\u00f6rkbl\u00e5 druvor. Denna druvsort \u00e4r k\u00e4nd f\u00f6r sin utm\u00e4rkta smak och l\u00e4mpar sig f\u00f6r f\u00e4rskt bruk och f\u00f6r framst\u00e4llning av juice eller vin. Busken trivs bra i v\u00e5rt klimat och \u00e4r ett popul\u00e4rt val bland druv\u00e4lskare.<\/p>","protected":false},"featured_media":0,"template":"","meta":{"_joinchat":[]},"product_brand":[],"product_cat":[],"product_tag":[1217,1213,1214,1216,1192,1215,1067],"class_list":{"0":"post-27982","1":"product","2":"type-product","3":"status-publish","5":"product_tag-donkerblauw","6":"product_tag-druivenstruik","7":"product_tag-middelgrote-druiven","8":"product_tag-sap","9":"product_tag-uitstekende-smaak","10":"product_tag-vers-gebruik","11":"product_tag-wijn","13":"first","14":"outofstock","15":"taxable","16":"shipping-taxable","17":"purchasable","18":"product-type-simple"},"yoast_head":"<!-- This site is optimized with the Yoast SEO plugin v24.2 - https:\/\/yoast.com\/wordpress\/plugins\/seo\/ -->\n<title>Vitis &#039;Regent&#039; (Druivenstruik) kopen | Planten eenvoudig online bestellen | Schramas.com<\/title>\n<meta name=\"robots\" content=\"index, follow, max-snippet:-1, max-image-preview:large, max-video-preview:-1\" \/>\n<link rel=\"canonical\" href=\"https:\/\/www.schramas.com\/se\/da\/butik\/vitis-regner\/\" \/>\n<meta property=\"og:locale\" content=\"sv_SE\" \/>\n<meta property=\"og:type\" content=\"article\" \/>\n<meta property=\"og:title\" content=\"Vitis &#039;Regent&#039; (Druivenstruik) kopen | Planten eenvoudig online bestellen | Schramas.com\" \/>\n<meta property=\"og:description\" content=\"&#8216;Regent&#8217; is een druivenstruik met middelgrote, donkerblauwe druiven. Deze druivensoort staat bekend om zijn uitstekende smaak en is geschikt voor vers gebruik en het maken van sap of wijn. De struik gedijt goed in ons klimaat en is een populaire keuze onder druivenliefhebbers.\" \/>\n<meta property=\"og:url\" content=\"https:\/\/www.schramas.com\/se\/da\/butik\/vitis-regner\/\" \/>\n<meta property=\"og:site_name\" content=\"Planten eenvoudig online bestellen | Schramas.com\" \/>\n<meta property=\"article:publisher\" content=\"https:\/\/www.facebook.com\/Schramascom-106872874153195\/\" \/>\n<meta property=\"article:modified_time\" content=\"2025-07-10T10:18:36+00:00\" \/>\n<meta property=\"og:image\" content=\"https:\/\/www.schramas.com\/wp-content\/uploads\/2020\/11\/210913-Logo-ontwerp-versie-2-amazon-grijs.png\" \/>\n\t<meta property=\"og:image:width\" content=\"1446\" \/>\n\t<meta property=\"og:image:height\" content=\"700\" \/>\n\t<meta property=\"og:image:type\" content=\"image\/png\" \/>\n<meta name=\"twitter:card\" content=\"summary_large_image\" \/>\n<script type=\"application\/ld+json\" class=\"yoast-schema-graph\">{\"@context\":\"https:\/\/schema.org\",\"@graph\":[{\"@type\":[\"WebPage\",\"ItemPage\"],\"@id\":\"https:\/\/www.schramas.com\/da\/butik\/vitis-regner\/\",\"url\":\"https:\/\/www.schramas.com\/da\/butik\/vitis-regner\/\",\"name\":\"Vitis 'Regent' (Druivenstruik) kopen | Planten eenvoudig online bestellen | Schramas.com\",\"isPartOf\":{\"@id\":\"https:\/\/www.schramas.com\/#website\"},\"datePublished\":\"2023-09-12T12:32:30+00:00\",\"dateModified\":\"2025-07-10T10:18:36+00:00\",\"breadcrumb\":{\"@id\":\"https:\/\/www.schramas.com\/da\/butik\/vitis-regner\/#breadcrumb\"},\"inLanguage\":\"sv-SE\",\"potentialAction\":[{\"@type\":\"ReadAction\",\"target\":[\"https:\/\/www.schramas.com\/da\/butik\/vitis-regner\/\"]}]},{\"@type\":\"BreadcrumbList\",\"@id\":\"https:\/\/www.schramas.com\/da\/butik\/vitis-regner\/#breadcrumb\",\"itemListElement\":[{\"@type\":\"ListItem\",\"position\":1,\"name\":\"Product\",\"item\":\"https:\/\/www.schramas.com\/assortiment\/\"},{\"@type\":\"ListItem\",\"position\":2,\"name\":\"Vitis &#8216;Regent&#8217; (Druivenstruik)\"}]},{\"@type\":\"WebSite\",\"@id\":\"https:\/\/www.schramas.com\/#website\",\"url\":\"https:\/\/www.schramas.com\/\",\"name\":\"Schramas.com | Tuinplanten eenvoudig online bestellen | Direct van onze Kwekerij\",\"description\":\"\",\"alternateName\":\"Schramas.com - Alle planten direct van de kweker\",\"potentialAction\":[{\"@type\":\"SearchAction\",\"target\":{\"@type\":\"EntryPoint\",\"urlTemplate\":\"https:\/\/www.schramas.com\/?s={search_term_string}\"},\"query-input\":{\"@type\":\"PropertyValueSpecification\",\"valueRequired\":true,\"valueName\":\"search_term_string\"}}],\"inLanguage\":\"sv-SE\"}]}<\/script>\n<!-- \/ Yoast SEO plugin. -->","yoast_head_json":{"title":"K\u00f6p Vitis 'Regent' (Grapevine) | K\u00f6p v\u00e4xter enkelt online | Schramas.com","robots":{"index":"index","follow":"follow","max-snippet":"max-snippet:-1","max-image-preview":"max-image-preview:large","max-video-preview":"max-video-preview:-1"},"canonical":"https:\/\/www.schramas.com\/se\/da\/butik\/vitis-regner\/","og_locale":"sv_SE","og_type":"article","og_title":"Vitis 'Regent' (Druivenstruik) kopen | Planten eenvoudig online bestellen | Schramas.com","og_description":"&#8216;Regent&#8217; is een druivenstruik met middelgrote, donkerblauwe druiven. Deze druivensoort staat bekend om zijn uitstekende smaak en is geschikt voor vers gebruik en het maken van sap of wijn. De struik gedijt goed in ons klimaat en is een populaire keuze onder druivenliefhebbers.","og_url":"https:\/\/www.schramas.com\/se\/da\/butik\/vitis-regner\/","og_site_name":"Planten eenvoudig online bestellen | Schramas.com","article_publisher":"https:\/\/www.facebook.com\/Schramascom-106872874153195\/","article_modified_time":"2025-07-10T10:18:36+00:00","og_image":[{"width":1446,"height":700,"url":"https:\/\/www.schramas.com\/wp-content\/uploads\/2020\/11\/210913-Logo-ontwerp-versie-2-amazon-grijs.png","type":"image\/png"}],"twitter_card":"summary_large_image","schema":{"@context":"https:\/\/schema.org","@graph":[{"@type":["WebPage","ItemPage"],"@id":"https:\/\/www.schramas.com\/da\/butik\/vitis-regner\/","url":"https:\/\/www.schramas.com\/da\/butik\/vitis-regner\/","name":"K\u00f6p Vitis 'Regent' (Grapevine) | K\u00f6p v\u00e4xter enkelt online | Schramas.com","isPartOf":{"@id":"https:\/\/www.schramas.com\/#website"},"datePublished":"2023-09-12T12:32:30+00:00","dateModified":"2025-07-10T10:18:36+00:00","breadcrumb":{"@id":"https:\/\/www.schramas.com\/da\/butik\/vitis-regner\/#breadcrumb"},"inLanguage":"sv-SE","potentialAction":[{"@type":"ReadAction","target":["https:\/\/www.schramas.com\/da\/butik\/vitis-regner\/"]}]},{"@type":"BreadcrumbList","@id":"https:\/\/www.schramas.com\/da\/butik\/vitis-regner\/#breadcrumb","itemListElement":[{"@type":"ListItem","position":1,"name":"Product","item":"https:\/\/www.schramas.com\/assortiment\/"},{"@type":"ListItem","position":2,"name":"Vitis &#8216;Regent&#8217; (Druivenstruik)"}]},{"@type":"WebSite","@id":"https:\/\/www.schramas.com\/#website","url":"https:\/\/www.schramas.com\/","name":"Schramas.com | Tr\u00e4dg\u00e5rdsv\u00e4xter som enkelt kan best\u00e4llas online | Direkt fr\u00e5n v\u00e5r plantskola","description":"","alternateName":"Schramas.com - Alle planten direct van de kweker","potentialAction":[{"@type":"SearchAction","target":{"@type":"EntryPoint","urlTemplate":"https:\/\/www.schramas.com\/?s={search_term_string}"},"query-input":{"@type":"PropertyValueSpecification","valueRequired":true,"valueName":"search_term_string"}}],"inLanguage":"sv-SE"}]}},"_links":{"self":[{"href":"https:\/\/www.schramas.com\/se\/wp-json\/wp\/v2\/product\/27982","targetHints":{"allow":["GET"]}}],"collection":[{"href":"https:\/\/www.schramas.com\/se\/wp-json\/wp\/v2\/product"}],"about":[{"href":"https:\/\/www.schramas.com\/se\/wp-json\/wp\/v2\/types\/product"}],"version-history":[{"count":0,"href":"https:\/\/www.schramas.com\/se\/wp-json\/wp\/v2\/product\/27982\/revisions"}],"wp:attachment":[{"href":"https:\/\/www.schramas.com\/se\/wp-json\/wp\/v2\/media?parent=27982"}],"wp:term":[{"taxonomy":"product_brand","embeddable":true,"href":"https:\/\/www.schramas.com\/se\/wp-json\/wp\/v2\/product_brand?post=27982"},{"taxonomy":"product_cat","embeddable":true,"href":"https:\/\/www.schramas.com\/se\/wp-json\/wp\/v2\/product_cat?post=27982"},{"taxonomy":"product_tag","embeddable":true,"href":"https:\/\/www.schramas.com\/se\/wp-json\/wp\/v2\/product_tag?post=27982"}],"curies":[{"name":"wp","href":"https:\/\/api.w.org\/{rel}","templated":true}]}}