{"id":27986,"date":"2023-09-12T14:32:30","date_gmt":"2023-09-12T12:32:30","guid":{"rendered":"https:\/\/www.schramas.com\/winkel\/vitis-vinifera-crimson-blauwe-druif\/"},"modified":"2025-07-10T12:18:36","modified_gmt":"2025-07-10T10:18:36","slug":"vitis-vinifera-crimson-blue-druva","status":"publish","type":"product","link":"https:\/\/www.schramas.com\/se\/butik\/vitis-vinifera-crimson-blue-druva\/","title":{"rendered":"Vitis vinifera 'Crimson' Bl\u00e5 druva"},"content":{"rendered":"<p>'Crimson' \u00e4r en sort av bl\u00e5 druva med medelstora, saftiga druvor. Denna druvsort \u00e4r k\u00e4nd f\u00f6r sin s\u00f6ta och fruktiga smak. L\u00e4mplig f\u00f6r b\u00e5de f\u00e4rskkonsumtion och f\u00f6r att g\u00f6ra juice eller vin. Busken trivs bra i v\u00e5rt klimat och \u00e4r popul\u00e4r bland druvodlare.<\/p>","protected":false},"excerpt":{"rendered":"<p>'Crimson' \u00e4r en sort av bl\u00e5 druva med medelstora, saftiga druvor. Denna druvsort \u00e4r k\u00e4nd f\u00f6r sin s\u00f6ta och fruktiga smak. L\u00e4mplig f\u00f6r b\u00e5de f\u00e4rskkonsumtion och f\u00f6r att g\u00f6ra juice eller vin. Busken trivs bra i v\u00e5rt klimat och \u00e4r popul\u00e4r bland druvodlare.<\/p>","protected":false},"featured_media":0,"template":"","meta":{"_joinchat":[]},"product_brand":[],"product_cat":[],"product_tag":[745,1221,1214,1216,1023,1215,1067,328],"class_list":{"0":"post-27986","1":"product","2":"type-product","3":"status-publish","5":"product_tag-blauwe-druif","6":"product_tag-fruitig","7":"product_tag-middelgrote-druiven","8":"product_tag-sap","9":"product_tag-sappig","10":"product_tag-vers-gebruik","11":"product_tag-wijn","12":"product_tag-zoet","14":"first","15":"outofstock","16":"taxable","17":"shipping-taxable","18":"purchasable","19":"product-type-simple"},"yoast_head":"<!-- This site is optimized with the Yoast SEO plugin v24.2 - https:\/\/yoast.com\/wordpress\/plugins\/seo\/ -->\n<title>Vitis vinifera &#039;Crimson&#039; Blauwe druif kopen | Planten eenvoudig online bestellen | Schramas.com<\/title>\n<meta name=\"robots\" content=\"index, follow, max-snippet:-1, max-image-preview:large, max-video-preview:-1\" \/>\n<link rel=\"canonical\" href=\"https:\/\/www.schramas.com\/se\/butik\/vitis-vinifera-crimson-blue-druva\/\" \/>\n<meta property=\"og:locale\" content=\"sv_SE\" \/>\n<meta property=\"og:type\" content=\"article\" \/>\n<meta property=\"og:title\" content=\"Vitis vinifera &#039;Crimson&#039; Blauwe druif kopen | Planten eenvoudig online bestellen | Schramas.com\" \/>\n<meta property=\"og:description\" content=\"&#8216;Crimson&#8217; is een vari?teit van de blauwe druif met middelgrote, sappige druiven. Deze druivensoort staat bekend om zijn zoete en fruitige smaak. Geschikt voor zowel vers gebruik als het maken van sap of wijn. De struik gedijt goed in ons klimaat en is populair onder druivenkwekers.\" \/>\n<meta property=\"og:url\" content=\"https:\/\/www.schramas.com\/se\/butik\/vitis-vinifera-crimson-blue-druva\/\" \/>\n<meta property=\"og:site_name\" content=\"Planten eenvoudig online bestellen | Schramas.com\" \/>\n<meta property=\"article:publisher\" content=\"https:\/\/www.facebook.com\/Schramascom-106872874153195\/\" \/>\n<meta property=\"article:modified_time\" content=\"2025-07-10T10:18:36+00:00\" \/>\n<meta property=\"og:image\" content=\"https:\/\/www.schramas.com\/wp-content\/uploads\/2020\/11\/210913-Logo-ontwerp-versie-2-amazon-grijs.png\" \/>\n\t<meta property=\"og:image:width\" content=\"1446\" \/>\n\t<meta property=\"og:image:height\" content=\"700\" \/>\n\t<meta property=\"og:image:type\" content=\"image\/png\" \/>\n<meta name=\"twitter:card\" content=\"summary_large_image\" \/>\n<script type=\"application\/ld+json\" class=\"yoast-schema-graph\">{\"@context\":\"https:\/\/schema.org\",\"@graph\":[{\"@type\":[\"WebPage\",\"ItemPage\"],\"@id\":\"https:\/\/www.schramas.com\/winkel\/vitis-vinifera-crimson-blauwe-druif\/\",\"url\":\"https:\/\/www.schramas.com\/winkel\/vitis-vinifera-crimson-blauwe-druif\/\",\"name\":\"Vitis vinifera 'Crimson' Blauwe druif kopen | Planten eenvoudig online bestellen | Schramas.com\",\"isPartOf\":{\"@id\":\"https:\/\/www.schramas.com\/#website\"},\"datePublished\":\"2023-09-12T12:32:30+00:00\",\"dateModified\":\"2025-07-10T10:18:36+00:00\",\"breadcrumb\":{\"@id\":\"https:\/\/www.schramas.com\/winkel\/vitis-vinifera-crimson-blauwe-druif\/#breadcrumb\"},\"inLanguage\":\"sv-SE\",\"potentialAction\":[{\"@type\":\"ReadAction\",\"target\":[\"https:\/\/www.schramas.com\/winkel\/vitis-vinifera-crimson-blauwe-druif\/\"]}]},{\"@type\":\"BreadcrumbList\",\"@id\":\"https:\/\/www.schramas.com\/winkel\/vitis-vinifera-crimson-blauwe-druif\/#breadcrumb\",\"itemListElement\":[{\"@type\":\"ListItem\",\"position\":1,\"name\":\"Product\",\"item\":\"https:\/\/www.schramas.com\/assortiment\/\"},{\"@type\":\"ListItem\",\"position\":2,\"name\":\"Offerte aanvragen\",\"item\":\"https:\/\/www.schramas.com\/product-category\/offerte-aanvragen\/\"},{\"@type\":\"ListItem\",\"position\":3,\"name\":\"Vitis vinifera &#8216;Crimson&#8217; Blauwe druif\"}]},{\"@type\":\"WebSite\",\"@id\":\"https:\/\/www.schramas.com\/#website\",\"url\":\"https:\/\/www.schramas.com\/\",\"name\":\"Schramas.com | Tuinplanten eenvoudig online bestellen | Direct van onze Kwekerij\",\"description\":\"\",\"alternateName\":\"Schramas.com - Alle planten direct van de kweker\",\"potentialAction\":[{\"@type\":\"SearchAction\",\"target\":{\"@type\":\"EntryPoint\",\"urlTemplate\":\"https:\/\/www.schramas.com\/?s={search_term_string}\"},\"query-input\":{\"@type\":\"PropertyValueSpecification\",\"valueRequired\":true,\"valueName\":\"search_term_string\"}}],\"inLanguage\":\"sv-SE\"}]}<\/script>\n<!-- \/ Yoast SEO plugin. -->","yoast_head_json":{"title":"K\u00f6p Vitis vinifera 'Crimson' Bl\u00e5 druva | K\u00f6p v\u00e4xter enkelt online | Schramas.com","robots":{"index":"index","follow":"follow","max-snippet":"max-snippet:-1","max-image-preview":"max-image-preview:large","max-video-preview":"max-video-preview:-1"},"canonical":"https:\/\/www.schramas.com\/se\/butik\/vitis-vinifera-crimson-blue-druva\/","og_locale":"sv_SE","og_type":"article","og_title":"Vitis vinifera 'Crimson' Blauwe druif kopen | Planten eenvoudig online bestellen | Schramas.com","og_description":"&#8216;Crimson&#8217; is een vari?teit van de blauwe druif met middelgrote, sappige druiven. Deze druivensoort staat bekend om zijn zoete en fruitige smaak. Geschikt voor zowel vers gebruik als het maken van sap of wijn. De struik gedijt goed in ons klimaat en is populair onder druivenkwekers.","og_url":"https:\/\/www.schramas.com\/se\/butik\/vitis-vinifera-crimson-blue-druva\/","og_site_name":"Planten eenvoudig online bestellen | Schramas.com","article_publisher":"https:\/\/www.facebook.com\/Schramascom-106872874153195\/","article_modified_time":"2025-07-10T10:18:36+00:00","og_image":[{"width":1446,"height":700,"url":"https:\/\/www.schramas.com\/wp-content\/uploads\/2020\/11\/210913-Logo-ontwerp-versie-2-amazon-grijs.png","type":"image\/png"}],"twitter_card":"summary_large_image","schema":{"@context":"https:\/\/schema.org","@graph":[{"@type":["WebPage","ItemPage"],"@id":"https:\/\/www.schramas.com\/winkel\/vitis-vinifera-crimson-blauwe-druif\/","url":"https:\/\/www.schramas.com\/winkel\/vitis-vinifera-crimson-blauwe-druif\/","name":"K\u00f6p Vitis vinifera 'Crimson' Bl\u00e5 druva | K\u00f6p v\u00e4xter enkelt online | Schramas.com","isPartOf":{"@id":"https:\/\/www.schramas.com\/#website"},"datePublished":"2023-09-12T12:32:30+00:00","dateModified":"2025-07-10T10:18:36+00:00","breadcrumb":{"@id":"https:\/\/www.schramas.com\/winkel\/vitis-vinifera-crimson-blauwe-druif\/#breadcrumb"},"inLanguage":"sv-SE","potentialAction":[{"@type":"ReadAction","target":["https:\/\/www.schramas.com\/winkel\/vitis-vinifera-crimson-blauwe-druif\/"]}]},{"@type":"BreadcrumbList","@id":"https:\/\/www.schramas.com\/winkel\/vitis-vinifera-crimson-blauwe-druif\/#breadcrumb","itemListElement":[{"@type":"ListItem","position":1,"name":"Product","item":"https:\/\/www.schramas.com\/assortiment\/"},{"@type":"ListItem","position":2,"name":"Offerte aanvragen","item":"https:\/\/www.schramas.com\/product-category\/offerte-aanvragen\/"},{"@type":"ListItem","position":3,"name":"Vitis vinifera &#8216;Crimson&#8217; Blauwe druif"}]},{"@type":"WebSite","@id":"https:\/\/www.schramas.com\/#website","url":"https:\/\/www.schramas.com\/","name":"Schramas.com | Tr\u00e4dg\u00e5rdsv\u00e4xter som enkelt kan best\u00e4llas online | Direkt fr\u00e5n v\u00e5r plantskola","description":"","alternateName":"Schramas.com - Alle planten direct van de kweker","potentialAction":[{"@type":"SearchAction","target":{"@type":"EntryPoint","urlTemplate":"https:\/\/www.schramas.com\/?s={search_term_string}"},"query-input":{"@type":"PropertyValueSpecification","valueRequired":true,"valueName":"search_term_string"}}],"inLanguage":"sv-SE"}]}},"_links":{"self":[{"href":"https:\/\/www.schramas.com\/se\/wp-json\/wp\/v2\/product\/27986","targetHints":{"allow":["GET"]}}],"collection":[{"href":"https:\/\/www.schramas.com\/se\/wp-json\/wp\/v2\/product"}],"about":[{"href":"https:\/\/www.schramas.com\/se\/wp-json\/wp\/v2\/types\/product"}],"version-history":[{"count":0,"href":"https:\/\/www.schramas.com\/se\/wp-json\/wp\/v2\/product\/27986\/revisions"}],"wp:attachment":[{"href":"https:\/\/www.schramas.com\/se\/wp-json\/wp\/v2\/media?parent=27986"}],"wp:term":[{"taxonomy":"product_brand","embeddable":true,"href":"https:\/\/www.schramas.com\/se\/wp-json\/wp\/v2\/product_brand?post=27986"},{"taxonomy":"product_cat","embeddable":true,"href":"https:\/\/www.schramas.com\/se\/wp-json\/wp\/v2\/product_cat?post=27986"},{"taxonomy":"product_tag","embeddable":true,"href":"https:\/\/www.schramas.com\/se\/wp-json\/wp\/v2\/product_tag?post=27986"}],"curies":[{"name":"wp","href":"https:\/\/api.w.org\/{rel}","templated":true}]}}