{"id":28529,"date":"2023-09-26T15:03:27","date_gmt":"2023-09-26T13:03:27","guid":{"rendered":"https:\/\/www.schramas.com\/?post_type=product&#038;p=28529"},"modified":"2026-04-29T18:46:02","modified_gmt":"2026-04-29T16:46:02","slug":"rhododendron-catawbiense-grandiflorum-rosa-blommor-hojd-40-50cm-15-liter-kruka","status":"publish","type":"product","link":"https:\/\/www.schramas.com\/se\/butik\/rhododendron-catawbiense-grandiflorum-rosa-blommor-hojd-40-50cm-15-liter-kruka\/","title":{"rendered":"Rhododendron 'Catawbiense Grandiflorum' Rosa blommor - H\u00f6jd 60cm - 1,5 liter kruka"},"content":{"rendered":"<p>Denna vintergr\u00f6na sk\u00f6nhet, Rhododendron 'Catawbiense Grandiflorum', tillf\u00f6r m\u00e5ngsidig prakt till din tr\u00e4dg\u00e5rd. Med en h\u00f6jd och bredd p\u00e5 upp till 2 meter \u00e4r den ett robust tillskott till ditt utomhusutrymme.<\/p>\n<p>Blomningsperioden i maj till b\u00f6rjan av juni f\u00f6rtrollar med ett \u00f6verfl\u00f6d av lilaf\u00e4rgade blommor som pryder tr\u00e4dg\u00e5rden. Denna Rhododendron trivs b\u00e4st i halvskugga till soliga l\u00e4gen och k\u00e4nner sig hemma l\u00e4ngs skogsbryn. Den f\u00e5r sin b\u00e4sta blomning i humusrik, sur (skogs-) jord.<\/p>\n<p>Sk\u00f6tseln \u00e4r enkel: besk\u00e4rning \u00e4r s\u00e4llan n\u00f6dv\u00e4ndig, det r\u00e4cker med att ta bort vissna blommor f\u00f6r att bevara v\u00e4xtens energi. Skulle den v\u00e4xa sig f\u00f6r stor kan den besk\u00e4ras tillbaka till den gamla veden. F\u00f6rv\u00e4nta dig inte blommor f\u00f6rsta \u00e5ret, men efter det kommer Rhododendron att blomma rikligt igen.<\/p>","protected":false},"excerpt":{"rendered":"<p>Rhododendron 'Catawbiense Grandiflorum' Rosa<\/p>\n<p>L\u00e4mplig f\u00f6r b\u00e5de uteplats och \u00f6ppen mark.<\/p>\n<p>Blomst\u00e4llning: Rosa blomklasar<\/p>\n<p>Blomningstid: maj-juni<\/p>\n<p>Leveransh\u00f6jd inkl. kruka: 40+ cm<\/p>\n<p>Max. h\u00f6jd: ca 150 cm<\/p>","protected":false},"featured_media":28532,"template":"","meta":{"_joinchat":[]},"product_brand":[],"product_cat":[262,303,300,229,305],"product_tag":[499,1043,1041,536,495,1044,351,1042],"class_list":{"0":"post-28529","1":"product","2":"type-product","3":"status-publish","4":"has-post-thumbnail","6":"product_cat-bomen-struiken","7":"product_cat-groenblijvende-heesters","8":"product_cat-heesters","9":"product_cat-sierheesters","10":"product_cat-planten-heesters","11":"product_tag-groenblijvend","12":"product_tag-heidefamillie","13":"product_tag-rhododendron","14":"product_tag-roze","15":"product_tag-sierheester","16":"product_tag-wintergroen","17":"product_tag-winterhard","18":"product_tag-zure-grond","19":"pa_bloeimaanden-april","20":"pa_bloeimaanden-mei","21":"pa_ewd_uwcf_colors-groen-2","22":"pa_ewd_uwcf_colors-roze","23":"pa_ewd_uwcf_colors-wit","24":"pa_groeihoogte-150-200-cm","25":"pa_pot-zonder-pot","27":"first","28":"instock","29":"taxable","30":"shipping-taxable","31":"purchasable","32":"product-type-simple"},"yoast_head":"<!-- This site is optimized with the Yoast SEO plugin v24.2 - https:\/\/yoast.com\/wordpress\/plugins\/seo\/ -->\n<title>Rhododendron &#039;Catawbiense Grandiflorum&#039; Roze bloemen - Hoogte 60cm - 1,5 liter pot kopen | Planten eenvoudig online bestellen | Schramas.com<\/title>\n<meta name=\"robots\" content=\"index, follow, max-snippet:-1, max-image-preview:large, max-video-preview:-1\" \/>\n<link rel=\"canonical\" href=\"https:\/\/www.schramas.com\/se\/butik\/rhododendron-catawbiense-grandiflorum-rosa-blommor-hojd-40-50cm-15-liter-kruka\/\" \/>\n<meta property=\"og:locale\" content=\"sv_SE\" \/>\n<meta property=\"og:type\" content=\"article\" \/>\n<meta property=\"og:title\" content=\"Rhododendron &#039;Catawbiense Grandiflorum&#039; Roze bloemen - Hoogte 60cm - 1,5 liter pot kopen | Planten eenvoudig online bestellen | Schramas.com\" \/>\n<meta property=\"og:description\" content=\"Rhododendron &#039;Catawbiense Grandiflorum&#039; Roze  Geschikt voor zowel patio als volle grond.  Bloeiwijze: Roze bloemtuilen  Bloeitijd: mei-juni  Leverhoogte incl. pot: 40+ cm  Max. hoogte: circa 150 cm\" \/>\n<meta property=\"og:url\" content=\"https:\/\/www.schramas.com\/se\/butik\/rhododendron-catawbiense-grandiflorum-rosa-blommor-hojd-40-50cm-15-liter-kruka\/\" \/>\n<meta property=\"og:site_name\" content=\"Planten eenvoudig online bestellen | Schramas.com\" \/>\n<meta property=\"article:publisher\" content=\"https:\/\/www.facebook.com\/Schramascom-106872874153195\/\" \/>\n<meta property=\"article:modified_time\" content=\"2026-04-29T16:46:02+00:00\" \/>\n<meta property=\"og:image\" content=\"http:\/\/www.schramas.com\/wp-content\/uploads\/2023\/09\/Rhododendron-Catawbiense-Grandiflorum-sfeer.jpg\" \/>\n\t<meta property=\"og:image:width\" content=\"1600\" \/>\n\t<meta property=\"og:image:height\" content=\"1600\" \/>\n\t<meta property=\"og:image:type\" content=\"image\/jpeg\" \/>\n<meta name=\"twitter:card\" content=\"summary_large_image\" \/>\n<meta name=\"twitter:label1\" content=\"Ber\u00e4knad l\u00e4stid\" \/>\n\t<meta name=\"twitter:data1\" content=\"1 minut\" \/>\n<script type=\"application\/ld+json\" class=\"yoast-schema-graph\">{\"@context\":\"https:\/\/schema.org\",\"@graph\":[{\"@type\":[\"WebPage\",\"ItemPage\"],\"@id\":\"https:\/\/www.schramas.com\/winkel\/rhododendron-catawbiense-grandiflorum-roze-bloemen-hoogte-40-50cm-15-liter-pot\/\",\"url\":\"https:\/\/www.schramas.com\/winkel\/rhododendron-catawbiense-grandiflorum-roze-bloemen-hoogte-40-50cm-15-liter-pot\/\",\"name\":\"Rhododendron 'Catawbiense Grandiflorum' Roze bloemen - Hoogte 60cm - 1,5 liter pot kopen | Planten eenvoudig online bestellen | Schramas.com\",\"isPartOf\":{\"@id\":\"https:\/\/www.schramas.com\/#website\"},\"primaryImageOfPage\":{\"@id\":\"https:\/\/www.schramas.com\/winkel\/rhododendron-catawbiense-grandiflorum-roze-bloemen-hoogte-40-50cm-15-liter-pot\/#primaryimage\"},\"image\":{\"@id\":\"https:\/\/www.schramas.com\/winkel\/rhododendron-catawbiense-grandiflorum-roze-bloemen-hoogte-40-50cm-15-liter-pot\/#primaryimage\"},\"thumbnailUrl\":\"https:\/\/www.schramas.com\/wp-content\/uploads\/2023\/09\/Rhododendron-Catawbiense-Grandiflorum-sfeer.jpg\",\"datePublished\":\"2023-09-26T13:03:27+00:00\",\"dateModified\":\"2026-04-29T16:46:02+00:00\",\"breadcrumb\":{\"@id\":\"https:\/\/www.schramas.com\/winkel\/rhododendron-catawbiense-grandiflorum-roze-bloemen-hoogte-40-50cm-15-liter-pot\/#breadcrumb\"},\"inLanguage\":\"sv-SE\",\"potentialAction\":[{\"@type\":\"ReadAction\",\"target\":[\"https:\/\/www.schramas.com\/winkel\/rhododendron-catawbiense-grandiflorum-roze-bloemen-hoogte-40-50cm-15-liter-pot\/\"]}]},{\"@type\":\"ImageObject\",\"inLanguage\":\"sv-SE\",\"@id\":\"https:\/\/www.schramas.com\/winkel\/rhododendron-catawbiense-grandiflorum-roze-bloemen-hoogte-40-50cm-15-liter-pot\/#primaryimage\",\"url\":\"https:\/\/www.schramas.com\/wp-content\/uploads\/2023\/09\/Rhododendron-Catawbiense-Grandiflorum-sfeer.jpg\",\"contentUrl\":\"https:\/\/www.schramas.com\/wp-content\/uploads\/2023\/09\/Rhododendron-Catawbiense-Grandiflorum-sfeer.jpg\",\"width\":1600,\"height\":1600},{\"@type\":\"BreadcrumbList\",\"@id\":\"https:\/\/www.schramas.com\/winkel\/rhododendron-catawbiense-grandiflorum-roze-bloemen-hoogte-40-50cm-15-liter-pot\/#breadcrumb\",\"itemListElement\":[{\"@type\":\"ListItem\",\"position\":1,\"name\":\"Product\",\"item\":\"https:\/\/www.schramas.com\/assortiment\/\"},{\"@type\":\"ListItem\",\"position\":2,\"name\":\"Bomen &amp; Struiken\",\"item\":\"https:\/\/www.schramas.com\/product-category\/bomen-struiken\/\"},{\"@type\":\"ListItem\",\"position\":3,\"name\":\"Rhododendron &#8216;Catawbiense Grandiflorum&#8217; Roze bloemen &#8211; Hoogte 60cm &#8211; 1,5 liter pot\"}]},{\"@type\":\"WebSite\",\"@id\":\"https:\/\/www.schramas.com\/#website\",\"url\":\"https:\/\/www.schramas.com\/\",\"name\":\"Schramas.com | Tuinplanten eenvoudig online bestellen | Direct van onze Kwekerij\",\"description\":\"\",\"alternateName\":\"Schramas.com - Alle planten direct van de kweker\",\"potentialAction\":[{\"@type\":\"SearchAction\",\"target\":{\"@type\":\"EntryPoint\",\"urlTemplate\":\"https:\/\/www.schramas.com\/?s={search_term_string}\"},\"query-input\":{\"@type\":\"PropertyValueSpecification\",\"valueRequired\":true,\"valueName\":\"search_term_string\"}}],\"inLanguage\":\"sv-SE\"}]}<\/script>\n<!-- \/ Yoast SEO plugin. -->","yoast_head_json":{"title":"Rhododendron 'Catawbiense Grandiflorum' Rosa blommor - H\u00f6jd 60cm - K\u00f6p 1,5 liters kruka | K\u00f6p v\u00e4xter enkelt online | Schramas.com","robots":{"index":"index","follow":"follow","max-snippet":"max-snippet:-1","max-image-preview":"max-image-preview:large","max-video-preview":"max-video-preview:-1"},"canonical":"https:\/\/www.schramas.com\/se\/butik\/rhododendron-catawbiense-grandiflorum-rosa-blommor-hojd-40-50cm-15-liter-kruka\/","og_locale":"sv_SE","og_type":"article","og_title":"Rhododendron 'Catawbiense Grandiflorum' Roze bloemen - Hoogte 60cm - 1,5 liter pot kopen | Planten eenvoudig online bestellen | Schramas.com","og_description":"Rhododendron 'Catawbiense Grandiflorum' Roze  Geschikt voor zowel patio als volle grond.  Bloeiwijze: Roze bloemtuilen  Bloeitijd: mei-juni  Leverhoogte incl. pot: 40+ cm  Max. hoogte: circa 150 cm","og_url":"https:\/\/www.schramas.com\/se\/butik\/rhododendron-catawbiense-grandiflorum-rosa-blommor-hojd-40-50cm-15-liter-kruka\/","og_site_name":"Planten eenvoudig online bestellen | Schramas.com","article_publisher":"https:\/\/www.facebook.com\/Schramascom-106872874153195\/","article_modified_time":"2026-04-29T16:46:02+00:00","og_image":[{"width":1600,"height":1600,"url":"http:\/\/www.schramas.com\/wp-content\/uploads\/2023\/09\/Rhododendron-Catawbiense-Grandiflorum-sfeer.jpg","type":"image\/jpeg"}],"twitter_card":"summary_large_image","twitter_misc":{"Ber\u00e4knad l\u00e4stid":"1 minut"},"schema":{"@context":"https:\/\/schema.org","@graph":[{"@type":["WebPage","ItemPage"],"@id":"https:\/\/www.schramas.com\/winkel\/rhododendron-catawbiense-grandiflorum-roze-bloemen-hoogte-40-50cm-15-liter-pot\/","url":"https:\/\/www.schramas.com\/winkel\/rhododendron-catawbiense-grandiflorum-roze-bloemen-hoogte-40-50cm-15-liter-pot\/","name":"Rhododendron 'Catawbiense Grandiflorum' Rosa blommor - H\u00f6jd 60cm - K\u00f6p 1,5 liters kruka | K\u00f6p v\u00e4xter enkelt online | Schramas.com","isPartOf":{"@id":"https:\/\/www.schramas.com\/#website"},"primaryImageOfPage":{"@id":"https:\/\/www.schramas.com\/winkel\/rhododendron-catawbiense-grandiflorum-roze-bloemen-hoogte-40-50cm-15-liter-pot\/#primaryimage"},"image":{"@id":"https:\/\/www.schramas.com\/winkel\/rhododendron-catawbiense-grandiflorum-roze-bloemen-hoogte-40-50cm-15-liter-pot\/#primaryimage"},"thumbnailUrl":"https:\/\/www.schramas.com\/wp-content\/uploads\/2023\/09\/Rhododendron-Catawbiense-Grandiflorum-sfeer.jpg","datePublished":"2023-09-26T13:03:27+00:00","dateModified":"2026-04-29T16:46:02+00:00","breadcrumb":{"@id":"https:\/\/www.schramas.com\/winkel\/rhododendron-catawbiense-grandiflorum-roze-bloemen-hoogte-40-50cm-15-liter-pot\/#breadcrumb"},"inLanguage":"sv-SE","potentialAction":[{"@type":"ReadAction","target":["https:\/\/www.schramas.com\/winkel\/rhododendron-catawbiense-grandiflorum-roze-bloemen-hoogte-40-50cm-15-liter-pot\/"]}]},{"@type":"ImageObject","inLanguage":"sv-SE","@id":"https:\/\/www.schramas.com\/winkel\/rhododendron-catawbiense-grandiflorum-roze-bloemen-hoogte-40-50cm-15-liter-pot\/#primaryimage","url":"https:\/\/www.schramas.com\/wp-content\/uploads\/2023\/09\/Rhododendron-Catawbiense-Grandiflorum-sfeer.jpg","contentUrl":"https:\/\/www.schramas.com\/wp-content\/uploads\/2023\/09\/Rhododendron-Catawbiense-Grandiflorum-sfeer.jpg","width":1600,"height":1600},{"@type":"BreadcrumbList","@id":"https:\/\/www.schramas.com\/winkel\/rhododendron-catawbiense-grandiflorum-roze-bloemen-hoogte-40-50cm-15-liter-pot\/#breadcrumb","itemListElement":[{"@type":"ListItem","position":1,"name":"Product","item":"https:\/\/www.schramas.com\/assortiment\/"},{"@type":"ListItem","position":2,"name":"Bomen &amp; Struiken","item":"https:\/\/www.schramas.com\/product-category\/bomen-struiken\/"},{"@type":"ListItem","position":3,"name":"Rhododendron &#8216;Catawbiense Grandiflorum&#8217; Roze bloemen &#8211; Hoogte 60cm &#8211; 1,5 liter pot"}]},{"@type":"WebSite","@id":"https:\/\/www.schramas.com\/#website","url":"https:\/\/www.schramas.com\/","name":"Schramas.com | Tr\u00e4dg\u00e5rdsv\u00e4xter som enkelt kan best\u00e4llas online | Direkt fr\u00e5n v\u00e5r plantskola","description":"","alternateName":"Schramas.com - Alle planten direct van de kweker","potentialAction":[{"@type":"SearchAction","target":{"@type":"EntryPoint","urlTemplate":"https:\/\/www.schramas.com\/?s={search_term_string}"},"query-input":{"@type":"PropertyValueSpecification","valueRequired":true,"valueName":"search_term_string"}}],"inLanguage":"sv-SE"}]}},"_links":{"self":[{"href":"https:\/\/www.schramas.com\/se\/wp-json\/wp\/v2\/product\/28529","targetHints":{"allow":["GET"]}}],"collection":[{"href":"https:\/\/www.schramas.com\/se\/wp-json\/wp\/v2\/product"}],"about":[{"href":"https:\/\/www.schramas.com\/se\/wp-json\/wp\/v2\/types\/product"}],"version-history":[{"count":1,"href":"https:\/\/www.schramas.com\/se\/wp-json\/wp\/v2\/product\/28529\/revisions"}],"predecessor-version":[{"id":40916,"href":"https:\/\/www.schramas.com\/se\/wp-json\/wp\/v2\/product\/28529\/revisions\/40916"}],"wp:featuredmedia":[{"embeddable":true,"href":"https:\/\/www.schramas.com\/se\/wp-json\/wp\/v2\/media\/28532"}],"wp:attachment":[{"href":"https:\/\/www.schramas.com\/se\/wp-json\/wp\/v2\/media?parent=28529"}],"wp:term":[{"taxonomy":"product_brand","embeddable":true,"href":"https:\/\/www.schramas.com\/se\/wp-json\/wp\/v2\/product_brand?post=28529"},{"taxonomy":"product_cat","embeddable":true,"href":"https:\/\/www.schramas.com\/se\/wp-json\/wp\/v2\/product_cat?post=28529"},{"taxonomy":"product_tag","embeddable":true,"href":"https:\/\/www.schramas.com\/se\/wp-json\/wp\/v2\/product_tag?post=28529"}],"curies":[{"name":"wp","href":"https:\/\/api.w.org\/{rel}","templated":true}]}}