{"id":28534,"date":"2023-09-26T15:41:30","date_gmt":"2023-09-26T13:41:30","guid":{"rendered":"https:\/\/www.schramas.com\/?post_type=product&#038;p=28534"},"modified":"2026-04-19T11:13:25","modified_gmt":"2026-04-19T09:13:25","slug":"camellia-japonica-tricolor-tre-farger-hojd-30-40cm-15-liter-kruka","status":"publish","type":"product","link":"https:\/\/www.schramas.com\/se\/butik\/camellia-japonica-tricolor-tre-farger-hojd-30-40cm-15-liter-kruka\/","title":{"rendered":"Camellia japonica &#039;Tricolor&#039; Tre f\u00e4rger \u2013 H\u00f6jd 40 cm \u2013 1,5 liters kruka"},"content":{"rendered":"<p>Camelia japonica 'Tricolor' \u00e4r en vacker vintergr\u00f6n buske som kombinerar tre f\u00e4rger i en kruka! Med sina dubbla blommor och sitt sl\u00e5ende prydnadsv\u00e4rde \u00e4r denna h\u00e4rdiga sk\u00f6nhet ett riktigt blickf\u00e5ng. Oavsett om det \u00e4r i en rabatt eller i en kruka k\u00e4nner sig v\u00e4xten hemma var som helst. Under blomningsperioden fr\u00e5n februari till april stj\u00e4l den h\u00e4r h\u00e4rdiga Camellia showen p\u00e5 din balkong, terrass eller i tr\u00e4dg\u00e5rden.<\/p>\n<p>Den h\u00e4r upp till 150 cm h\u00f6ga prydnadsbusken kommer att ge m\u00e5nga f\u00e4rger till ditt utomhusutrymme. Den trivs b\u00e4st i ett skyddat l\u00e4ge med halvskugga. Sk\u00f6tseln \u00e4r minimal och v\u00e4xten har ett m\u00e5ttligt behov av vatten.<\/p>\n<p>&nbsp;<\/p>","protected":false},"excerpt":{"rendered":"<p>Camellia japonica 'Tricolor' Tre f\u00e4rger<\/p>\n<p>L\u00e4mplig f\u00f6r b\u00e5de uteplats och \u00f6ppen mark.<\/p>\n<p>Blomst\u00e4llning: Tre f\u00e4rger<\/p>\n<p>Blomningstid: februari-april<\/p>\n<p>Leveransh\u00f6jd inkl. kruka: 30-40 cm<\/p>\n<p>Max. h\u00f6jd: ca 200 cm<\/p>","protected":false},"featured_media":28535,"template":"","meta":{"_joinchat":[]},"product_brand":[],"product_cat":[262,303,300,229,305],"product_tag":[1228,499,536,495,1229,1044,351],"class_list":{"0":"post-28534","1":"product","2":"type-product","3":"status-publish","4":"has-post-thumbnail","6":"product_cat-bomen-struiken","7":"product_cat-groenblijvende-heesters","8":"product_cat-heesters","9":"product_cat-sierheesters","10":"product_cat-planten-heesters","11":"product_tag-drie-kleuren","12":"product_tag-groenblijvend","13":"product_tag-roze","14":"product_tag-sierheester","15":"product_tag-tricolor","16":"product_tag-wintergroen","17":"product_tag-winterhard","18":"pa_bloeimaanden-april","19":"pa_bloeimaanden-mei","20":"pa_ewd_uwcf_colors-groen-2","21":"pa_ewd_uwcf_colors-roze","22":"pa_ewd_uwcf_colors-wit","23":"pa_groeihoogte-150-200-cm","24":"pa_pot-zonder-pot","26":"first","27":"instock","28":"taxable","29":"shipping-taxable","30":"purchasable","31":"product-type-simple"},"yoast_head":"<!-- This site is optimized with the Yoast SEO plugin v24.2 - https:\/\/yoast.com\/wordpress\/plugins\/seo\/ -->\n<title>Camellia japonica &#039;Tricolor&#039; Drie kleuren - Hoogte 40cm - 1,5 liter pot kopen | Planten eenvoudig online bestellen | Schramas.com<\/title>\n<meta name=\"robots\" content=\"index, follow, max-snippet:-1, max-image-preview:large, max-video-preview:-1\" \/>\n<link rel=\"canonical\" href=\"https:\/\/www.schramas.com\/se\/butik\/camellia-japonica-tricolor-tre-farger-hojd-30-40cm-15-liter-kruka\/\" \/>\n<meta property=\"og:locale\" content=\"sv_SE\" \/>\n<meta property=\"og:type\" content=\"article\" \/>\n<meta property=\"og:title\" content=\"Camellia japonica &#039;Tricolor&#039; Drie kleuren - Hoogte 40cm - 1,5 liter pot kopen | Planten eenvoudig online bestellen | Schramas.com\" \/>\n<meta property=\"og:description\" content=\"Camelia japonica &#039;Tricolor&#039; Drie kleuren  Geschikt voor zowel patio als volle grond.  Bloeiwijze: Drie kleuren  Bloeitijd: Februari-april  Leverhoogte incl. pot: 30-40 cm  Max. hoogte: circa 200 cm\" \/>\n<meta property=\"og:url\" content=\"https:\/\/www.schramas.com\/se\/butik\/camellia-japonica-tricolor-tre-farger-hojd-30-40cm-15-liter-kruka\/\" \/>\n<meta property=\"og:site_name\" content=\"Planten eenvoudig online bestellen | Schramas.com\" \/>\n<meta property=\"article:publisher\" content=\"https:\/\/www.facebook.com\/Schramascom-106872874153195\/\" \/>\n<meta property=\"article:modified_time\" content=\"2026-04-19T09:13:25+00:00\" \/>\n<meta property=\"og:image\" content=\"http:\/\/www.schramas.com\/wp-content\/uploads\/2023\/09\/Camelia-Tricolor-sfeer.jpg\" \/>\n\t<meta property=\"og:image:width\" content=\"1600\" \/>\n\t<meta property=\"og:image:height\" content=\"1600\" \/>\n\t<meta property=\"og:image:type\" content=\"image\/jpeg\" \/>\n<meta name=\"twitter:card\" content=\"summary_large_image\" \/>\n<meta name=\"twitter:label1\" content=\"Ber\u00e4knad l\u00e4stid\" \/>\n\t<meta name=\"twitter:data1\" content=\"1 minut\" \/>\n<script type=\"application\/ld+json\" class=\"yoast-schema-graph\">{\"@context\":\"https:\/\/schema.org\",\"@graph\":[{\"@type\":[\"WebPage\",\"ItemPage\"],\"@id\":\"https:\/\/www.schramas.com\/winkel\/camelia-japonica-tricolor-drie-kleuren-hoogte-30-40cm-15-liter-pot\/\",\"url\":\"https:\/\/www.schramas.com\/winkel\/camelia-japonica-tricolor-drie-kleuren-hoogte-30-40cm-15-liter-pot\/\",\"name\":\"Camellia japonica 'Tricolor' Drie kleuren - Hoogte 40cm - 1,5 liter pot kopen | Planten eenvoudig online bestellen | Schramas.com\",\"isPartOf\":{\"@id\":\"https:\/\/www.schramas.com\/#website\"},\"primaryImageOfPage\":{\"@id\":\"https:\/\/www.schramas.com\/winkel\/camelia-japonica-tricolor-drie-kleuren-hoogte-30-40cm-15-liter-pot\/#primaryimage\"},\"image\":{\"@id\":\"https:\/\/www.schramas.com\/winkel\/camelia-japonica-tricolor-drie-kleuren-hoogte-30-40cm-15-liter-pot\/#primaryimage\"},\"thumbnailUrl\":\"https:\/\/www.schramas.com\/wp-content\/uploads\/2023\/09\/Camelia-Tricolor-sfeer.jpg\",\"datePublished\":\"2023-09-26T13:41:30+00:00\",\"dateModified\":\"2026-04-19T09:13:25+00:00\",\"breadcrumb\":{\"@id\":\"https:\/\/www.schramas.com\/winkel\/camelia-japonica-tricolor-drie-kleuren-hoogte-30-40cm-15-liter-pot\/#breadcrumb\"},\"inLanguage\":\"sv-SE\",\"potentialAction\":[{\"@type\":\"ReadAction\",\"target\":[\"https:\/\/www.schramas.com\/winkel\/camelia-japonica-tricolor-drie-kleuren-hoogte-30-40cm-15-liter-pot\/\"]}]},{\"@type\":\"ImageObject\",\"inLanguage\":\"sv-SE\",\"@id\":\"https:\/\/www.schramas.com\/winkel\/camelia-japonica-tricolor-drie-kleuren-hoogte-30-40cm-15-liter-pot\/#primaryimage\",\"url\":\"https:\/\/www.schramas.com\/wp-content\/uploads\/2023\/09\/Camelia-Tricolor-sfeer.jpg\",\"contentUrl\":\"https:\/\/www.schramas.com\/wp-content\/uploads\/2023\/09\/Camelia-Tricolor-sfeer.jpg\",\"width\":1600,\"height\":1600},{\"@type\":\"BreadcrumbList\",\"@id\":\"https:\/\/www.schramas.com\/winkel\/camelia-japonica-tricolor-drie-kleuren-hoogte-30-40cm-15-liter-pot\/#breadcrumb\",\"itemListElement\":[{\"@type\":\"ListItem\",\"position\":1,\"name\":\"Product\",\"item\":\"https:\/\/www.schramas.com\/assortiment\/\"},{\"@type\":\"ListItem\",\"position\":2,\"name\":\"Bomen &amp; Struiken\",\"item\":\"https:\/\/www.schramas.com\/product-category\/bomen-struiken\/\"},{\"@type\":\"ListItem\",\"position\":3,\"name\":\"Camellia japonica &#8216;Tricolor&#8217; Drie kleuren &#8211; Hoogte 40cm &#8211; 1,5 liter pot\"}]},{\"@type\":\"WebSite\",\"@id\":\"https:\/\/www.schramas.com\/#website\",\"url\":\"https:\/\/www.schramas.com\/\",\"name\":\"Schramas.com | Tuinplanten eenvoudig online bestellen | Direct van onze Kwekerij\",\"description\":\"\",\"alternateName\":\"Schramas.com - Alle planten direct van de kweker\",\"potentialAction\":[{\"@type\":\"SearchAction\",\"target\":{\"@type\":\"EntryPoint\",\"urlTemplate\":\"https:\/\/www.schramas.com\/?s={search_term_string}\"},\"query-input\":{\"@type\":\"PropertyValueSpecification\",\"valueRequired\":true,\"valueName\":\"search_term_string\"}}],\"inLanguage\":\"sv-SE\"}]}<\/script>\n<!-- \/ Yoast SEO plugin. -->","yoast_head_json":{"title":"K\u00f6p Camellia japonica &#039;Tricolor&#039; Tre f\u00e4rger - H\u00f6jd 40cm - 1,5 liters kruka | Best\u00e4ll enkelt v\u00e4xter online | Schramas.com","robots":{"index":"index","follow":"follow","max-snippet":"max-snippet:-1","max-image-preview":"max-image-preview:large","max-video-preview":"max-video-preview:-1"},"canonical":"https:\/\/www.schramas.com\/se\/butik\/camellia-japonica-tricolor-tre-farger-hojd-30-40cm-15-liter-kruka\/","og_locale":"sv_SE","og_type":"article","og_title":"Camellia japonica 'Tricolor' Drie kleuren - Hoogte 40cm - 1,5 liter pot kopen | Planten eenvoudig online bestellen | Schramas.com","og_description":"Camelia japonica 'Tricolor' Drie kleuren  Geschikt voor zowel patio als volle grond.  Bloeiwijze: Drie kleuren  Bloeitijd: Februari-april  Leverhoogte incl. pot: 30-40 cm  Max. hoogte: circa 200 cm","og_url":"https:\/\/www.schramas.com\/se\/butik\/camellia-japonica-tricolor-tre-farger-hojd-30-40cm-15-liter-kruka\/","og_site_name":"Planten eenvoudig online bestellen | Schramas.com","article_publisher":"https:\/\/www.facebook.com\/Schramascom-106872874153195\/","article_modified_time":"2026-04-19T09:13:25+00:00","og_image":[{"width":1600,"height":1600,"url":"http:\/\/www.schramas.com\/wp-content\/uploads\/2023\/09\/Camelia-Tricolor-sfeer.jpg","type":"image\/jpeg"}],"twitter_card":"summary_large_image","twitter_misc":{"Ber\u00e4knad l\u00e4stid":"1 minut"},"schema":{"@context":"https:\/\/schema.org","@graph":[{"@type":["WebPage","ItemPage"],"@id":"https:\/\/www.schramas.com\/winkel\/camelia-japonica-tricolor-drie-kleuren-hoogte-30-40cm-15-liter-pot\/","url":"https:\/\/www.schramas.com\/winkel\/camelia-japonica-tricolor-drie-kleuren-hoogte-30-40cm-15-liter-pot\/","name":"K\u00f6p Camellia japonica &#039;Tricolor&#039; Tre f\u00e4rger - H\u00f6jd 40cm - 1,5 liters kruka | Best\u00e4ll enkelt v\u00e4xter online | Schramas.com","isPartOf":{"@id":"https:\/\/www.schramas.com\/#website"},"primaryImageOfPage":{"@id":"https:\/\/www.schramas.com\/winkel\/camelia-japonica-tricolor-drie-kleuren-hoogte-30-40cm-15-liter-pot\/#primaryimage"},"image":{"@id":"https:\/\/www.schramas.com\/winkel\/camelia-japonica-tricolor-drie-kleuren-hoogte-30-40cm-15-liter-pot\/#primaryimage"},"thumbnailUrl":"https:\/\/www.schramas.com\/wp-content\/uploads\/2023\/09\/Camelia-Tricolor-sfeer.jpg","datePublished":"2023-09-26T13:41:30+00:00","dateModified":"2026-04-19T09:13:25+00:00","breadcrumb":{"@id":"https:\/\/www.schramas.com\/winkel\/camelia-japonica-tricolor-drie-kleuren-hoogte-30-40cm-15-liter-pot\/#breadcrumb"},"inLanguage":"sv-SE","potentialAction":[{"@type":"ReadAction","target":["https:\/\/www.schramas.com\/winkel\/camelia-japonica-tricolor-drie-kleuren-hoogte-30-40cm-15-liter-pot\/"]}]},{"@type":"ImageObject","inLanguage":"sv-SE","@id":"https:\/\/www.schramas.com\/winkel\/camelia-japonica-tricolor-drie-kleuren-hoogte-30-40cm-15-liter-pot\/#primaryimage","url":"https:\/\/www.schramas.com\/wp-content\/uploads\/2023\/09\/Camelia-Tricolor-sfeer.jpg","contentUrl":"https:\/\/www.schramas.com\/wp-content\/uploads\/2023\/09\/Camelia-Tricolor-sfeer.jpg","width":1600,"height":1600},{"@type":"BreadcrumbList","@id":"https:\/\/www.schramas.com\/winkel\/camelia-japonica-tricolor-drie-kleuren-hoogte-30-40cm-15-liter-pot\/#breadcrumb","itemListElement":[{"@type":"ListItem","position":1,"name":"Product","item":"https:\/\/www.schramas.com\/assortiment\/"},{"@type":"ListItem","position":2,"name":"Bomen &amp; Struiken","item":"https:\/\/www.schramas.com\/product-category\/bomen-struiken\/"},{"@type":"ListItem","position":3,"name":"Camellia japonica &#8216;Tricolor&#8217; Drie kleuren &#8211; Hoogte 40cm &#8211; 1,5 liter pot"}]},{"@type":"WebSite","@id":"https:\/\/www.schramas.com\/#website","url":"https:\/\/www.schramas.com\/","name":"Schramas.com | Tr\u00e4dg\u00e5rdsv\u00e4xter som enkelt kan best\u00e4llas online | Direkt fr\u00e5n v\u00e5r plantskola","description":"","alternateName":"Schramas.com - Alle planten direct van de kweker","potentialAction":[{"@type":"SearchAction","target":{"@type":"EntryPoint","urlTemplate":"https:\/\/www.schramas.com\/?s={search_term_string}"},"query-input":{"@type":"PropertyValueSpecification","valueRequired":true,"valueName":"search_term_string"}}],"inLanguage":"sv-SE"}]}},"_links":{"self":[{"href":"https:\/\/www.schramas.com\/se\/wp-json\/wp\/v2\/product\/28534","targetHints":{"allow":["GET"]}}],"collection":[{"href":"https:\/\/www.schramas.com\/se\/wp-json\/wp\/v2\/product"}],"about":[{"href":"https:\/\/www.schramas.com\/se\/wp-json\/wp\/v2\/types\/product"}],"version-history":[{"count":1,"href":"https:\/\/www.schramas.com\/se\/wp-json\/wp\/v2\/product\/28534\/revisions"}],"predecessor-version":[{"id":45934,"href":"https:\/\/www.schramas.com\/se\/wp-json\/wp\/v2\/product\/28534\/revisions\/45934"}],"wp:featuredmedia":[{"embeddable":true,"href":"https:\/\/www.schramas.com\/se\/wp-json\/wp\/v2\/media\/28535"}],"wp:attachment":[{"href":"https:\/\/www.schramas.com\/se\/wp-json\/wp\/v2\/media?parent=28534"}],"wp:term":[{"taxonomy":"product_brand","embeddable":true,"href":"https:\/\/www.schramas.com\/se\/wp-json\/wp\/v2\/product_brand?post=28534"},{"taxonomy":"product_cat","embeddable":true,"href":"https:\/\/www.schramas.com\/se\/wp-json\/wp\/v2\/product_cat?post=28534"},{"taxonomy":"product_tag","embeddable":true,"href":"https:\/\/www.schramas.com\/se\/wp-json\/wp\/v2\/product_tag?post=28534"}],"curies":[{"name":"wp","href":"https:\/\/api.w.org\/{rel}","templated":true}]}}