{"id":28582,"date":"2023-09-27T12:22:17","date_gmt":"2023-09-27T10:22:17","guid":{"rendered":"https:\/\/www.schramas.com\/?post_type=product&#038;p=28582"},"modified":"2026-04-14T15:51:43","modified_gmt":"2026-04-14T13:51:43","slug":"uppsattning-av-4-stjarnor-av-toscane-trachelospermum-jasminoides-hojd-25cm-9cm-kruka","status":"publish","type":"product","link":"https:\/\/www.schramas.com\/se\/butik\/uppsattning-av-4-stjarnor-av-toscane-trachelospermum-jasminoides-hojd-25cm-9cm-kruka\/","title":{"rendered":"Set om 4 'Star of Tuscany'- Trachelospermum jasminoides - H\u00f6jd 25cm - 9cm kruka"},"content":{"rendered":"<p>Denna upps\u00e4ttning best\u00e5r av fyra exemplar av den f\u00f6rtrollande Trachelospermum jasminoides 'Star of Tuscany' (Selbra). Med en h\u00f6jd p\u00e5 25 cm och levereras i 9 cm krukor.<\/p>\n<p>'Star of Tuscany', \u00e4ven k\u00e4nd som Jasmine 'Star of Tuscany' (Trachelospermum Jasminoides 'Star of Toscane'), \u00e4r en vintergr\u00f6n kl\u00e4tterv\u00e4xt med gl\u00e4nsande m\u00f6rkgr\u00f6na blad. Blommorna \u00e4r mjukt gula till f\u00e4rgen och sprider en stark, fr\u00e4sch och s\u00f6t doft som p\u00e5minner om jasmin. Denna buske f\u00f6rblir gr\u00f6n \u00e5ret runt och ger din tr\u00e4dg\u00e5rd en varaktig prakt.<\/p>\n<p>Med en maximal h\u00f6jd p\u00e5 400 cm och t\u00e4t tillv\u00e4xt kan 'Star of Tuscany' ocks\u00e5 fungera som en vacker h\u00e4ck. Blomningsperioden str\u00e4cker sig fr\u00e5n maj till september och v\u00e4xten trivs i b\u00e5de full sol och halvskugga. Detta g\u00f6r den l\u00e4mplig f\u00f6r en m\u00e4ngd olika milj\u00f6er, fr\u00e5n stadstr\u00e4dg\u00e5rdar till balkonger.<\/p>\n<p>Besk\u00e4rning \u00e4r m\u00f6jlig efter blomningen, men inte absolut n\u00f6dv\u00e4ndig. Dessutom \u00e4r \"Star of Tuscany\" h\u00e4rdig i -10 till -15 grader Celsius, f\u00f6rutsatt att r\u00f6tterna h\u00e5lls torra p\u00e5 vintern. \u00c4ven om v\u00e4xten fryser kommer den tillbaka p\u00e5 v\u00e5ren med nya rankor.<\/p>\n<p>'Star of Tuscany' trivs b\u00e5de i full jord och i en kruka p\u00e5 en balkong. Under vintern \u00e4r det dock l\u00e4mpligt att vara f\u00f6rsiktig med vattningen. Ge ditt uterum en touch av toskansk prakt med dessa extraordin\u00e4ra kl\u00e4tterv\u00e4xter.<\/p>","protected":false},"excerpt":{"rendered":"<p>4x Trachelospermum 'Star of Tuscany' toskansk jasmin<\/p>\n<p>L\u00e4mplig f\u00f6r b\u00e5de uteplats och \u00f6ppen mark.<\/p>\n<p>Blomst\u00e4llning: Gula blommor<\/p>\n<p>Blomningstid: maj, juni, juli, augusti<\/p>\n<p>Leveransh\u00f6jd inkl. kruka: 25 cm<\/p>\n<p>Max. h\u00f6jd: ca 400 cm<\/p>","protected":false},"featured_media":28583,"template":"","meta":{"_joinchat":[]},"product_brand":[],"product_cat":[262,304,867,1012,305],"product_tag":[689,1234,866,1233,529,1235],"class_list":{"0":"post-28582","1":"product","2":"type-product","3":"status-publish","4":"has-post-thumbnail","6":"product_cat-bomen-struiken","7":"product_cat-klimplanten","8":"product_cat-pakket-deals","9":"product_cat-overige-deals","10":"product_cat-planten-heesters","11":"product_tag-geel","12":"product_tag-gele-jasmijn","13":"product_tag-jasmijn","14":"product_tag-jasminoides","15":"product_tag-klimplant","16":"product_tag-selbra","17":"pa_ewd_uwcf_colors-geel","18":"pa_ewd_uwcf_colors-groen-2","19":"pa_groeihoogte-300-cm","20":"pa_pot-9-cm-pot","22":"first","23":"instock","24":"taxable","25":"shipping-taxable","26":"purchasable","27":"product-type-simple"},"yoast_head":"<!-- This site is optimized with the Yoast SEO plugin v24.2 - https:\/\/yoast.com\/wordpress\/plugins\/seo\/ -->\n<title>Set Van 4 &#039;Star of Toscane&#039;- Trachelospermum jasminoides \u2013 Hoogte 25cm - 9cm pot kopen | Planten eenvoudig online bestellen | Schramas.com<\/title>\n<meta name=\"robots\" content=\"index, follow, max-snippet:-1, max-image-preview:large, max-video-preview:-1\" \/>\n<link rel=\"canonical\" href=\"https:\/\/www.schramas.com\/se\/butik\/uppsattning-av-4-stjarnor-av-toscane-trachelospermum-jasminoides-hojd-25cm-9cm-kruka\/\" \/>\n<meta property=\"og:locale\" content=\"sv_SE\" \/>\n<meta property=\"og:type\" content=\"article\" \/>\n<meta property=\"og:title\" content=\"Set Van 4 &#039;Star of Toscane&#039;- Trachelospermum jasminoides \u2013 Hoogte 25cm - 9cm pot kopen | Planten eenvoudig online bestellen | Schramas.com\" \/>\n<meta property=\"og:description\" content=\"4x Trachelospermum \u2018Star of Toscane\u2019 Toscaanse jasmijn  Geschikt voor zowel patio als volle grond.  Bloeiwijze: Gele bloemen  Bloeitijd: mei, juni, juli, augustus  Leverhoogte incl. pot: 25 cm  Max. hoogte: circa 400 cm\" \/>\n<meta property=\"og:url\" content=\"https:\/\/www.schramas.com\/se\/butik\/uppsattning-av-4-stjarnor-av-toscane-trachelospermum-jasminoides-hojd-25cm-9cm-kruka\/\" \/>\n<meta property=\"og:site_name\" content=\"Planten eenvoudig online bestellen | Schramas.com\" \/>\n<meta property=\"article:publisher\" content=\"https:\/\/www.facebook.com\/Schramascom-106872874153195\/\" \/>\n<meta property=\"article:modified_time\" content=\"2026-04-14T13:51:43+00:00\" \/>\n<meta property=\"og:image\" content=\"http:\/\/www.schramas.com\/wp-content\/uploads\/2023\/09\/trachelospermum-jasminoides-star-of-toscane-sfeer.jpg\" \/>\n\t<meta property=\"og:image:width\" content=\"1600\" \/>\n\t<meta property=\"og:image:height\" content=\"1600\" \/>\n\t<meta property=\"og:image:type\" content=\"image\/jpeg\" \/>\n<meta name=\"twitter:card\" content=\"summary_large_image\" \/>\n<meta name=\"twitter:label1\" content=\"Ber\u00e4knad l\u00e4stid\" \/>\n\t<meta name=\"twitter:data1\" content=\"1 minut\" \/>\n<script type=\"application\/ld+json\" class=\"yoast-schema-graph\">{\"@context\":\"https:\/\/schema.org\",\"@graph\":[{\"@type\":[\"WebPage\",\"ItemPage\"],\"@id\":\"https:\/\/www.schramas.com\/winkel\/set-van-4-star-of-toscane-trachelospermum-jasminoides-hoogte-25cm-9cm-pot\/\",\"url\":\"https:\/\/www.schramas.com\/winkel\/set-van-4-star-of-toscane-trachelospermum-jasminoides-hoogte-25cm-9cm-pot\/\",\"name\":\"Set Van 4 'Star of Toscane'- Trachelospermum jasminoides \u2013 Hoogte 25cm - 9cm pot kopen | Planten eenvoudig online bestellen | Schramas.com\",\"isPartOf\":{\"@id\":\"https:\/\/www.schramas.com\/#website\"},\"primaryImageOfPage\":{\"@id\":\"https:\/\/www.schramas.com\/winkel\/set-van-4-star-of-toscane-trachelospermum-jasminoides-hoogte-25cm-9cm-pot\/#primaryimage\"},\"image\":{\"@id\":\"https:\/\/www.schramas.com\/winkel\/set-van-4-star-of-toscane-trachelospermum-jasminoides-hoogte-25cm-9cm-pot\/#primaryimage\"},\"thumbnailUrl\":\"https:\/\/www.schramas.com\/wp-content\/uploads\/2023\/09\/trachelospermum-jasminoides-star-of-toscane-sfeer.jpg\",\"datePublished\":\"2023-09-27T10:22:17+00:00\",\"dateModified\":\"2026-04-14T13:51:43+00:00\",\"breadcrumb\":{\"@id\":\"https:\/\/www.schramas.com\/winkel\/set-van-4-star-of-toscane-trachelospermum-jasminoides-hoogte-25cm-9cm-pot\/#breadcrumb\"},\"inLanguage\":\"sv-SE\",\"potentialAction\":[{\"@type\":\"ReadAction\",\"target\":[\"https:\/\/www.schramas.com\/winkel\/set-van-4-star-of-toscane-trachelospermum-jasminoides-hoogte-25cm-9cm-pot\/\"]}]},{\"@type\":\"ImageObject\",\"inLanguage\":\"sv-SE\",\"@id\":\"https:\/\/www.schramas.com\/winkel\/set-van-4-star-of-toscane-trachelospermum-jasminoides-hoogte-25cm-9cm-pot\/#primaryimage\",\"url\":\"https:\/\/www.schramas.com\/wp-content\/uploads\/2023\/09\/trachelospermum-jasminoides-star-of-toscane-sfeer.jpg\",\"contentUrl\":\"https:\/\/www.schramas.com\/wp-content\/uploads\/2023\/09\/trachelospermum-jasminoides-star-of-toscane-sfeer.jpg\",\"width\":1600,\"height\":1600},{\"@type\":\"BreadcrumbList\",\"@id\":\"https:\/\/www.schramas.com\/winkel\/set-van-4-star-of-toscane-trachelospermum-jasminoides-hoogte-25cm-9cm-pot\/#breadcrumb\",\"itemListElement\":[{\"@type\":\"ListItem\",\"position\":1,\"name\":\"Product\",\"item\":\"https:\/\/www.schramas.com\/assortiment\/\"},{\"@type\":\"ListItem\",\"position\":2,\"name\":\"Bomen &amp; Struiken\",\"item\":\"https:\/\/www.schramas.com\/product-category\/bomen-struiken\/\"},{\"@type\":\"ListItem\",\"position\":3,\"name\":\"Set Van 4 &#8216;Star of Toscane&#8217;- Trachelospermum jasminoides \u2013 Hoogte 25cm &#8211; 9cm pot\"}]},{\"@type\":\"WebSite\",\"@id\":\"https:\/\/www.schramas.com\/#website\",\"url\":\"https:\/\/www.schramas.com\/\",\"name\":\"Schramas.com | Tuinplanten eenvoudig online bestellen | Direct van onze Kwekerij\",\"description\":\"\",\"alternateName\":\"Schramas.com - Alle planten direct van de kweker\",\"potentialAction\":[{\"@type\":\"SearchAction\",\"target\":{\"@type\":\"EntryPoint\",\"urlTemplate\":\"https:\/\/www.schramas.com\/?s={search_term_string}\"},\"query-input\":{\"@type\":\"PropertyValueSpecification\",\"valueRequired\":true,\"valueName\":\"search_term_string\"}}],\"inLanguage\":\"sv-SE\"}]}<\/script>\n<!-- \/ Yoast SEO plugin. -->","yoast_head_json":{"title":"Set om 4 'Star of Tuscany'- Trachelospermum jasminoides - H\u00f6jd 25cm - 9cm kruka k\u00f6p | V\u00e4xter enkel online best\u00e4llning | Schramas.com","robots":{"index":"index","follow":"follow","max-snippet":"max-snippet:-1","max-image-preview":"max-image-preview:large","max-video-preview":"max-video-preview:-1"},"canonical":"https:\/\/www.schramas.com\/se\/butik\/uppsattning-av-4-stjarnor-av-toscane-trachelospermum-jasminoides-hojd-25cm-9cm-kruka\/","og_locale":"sv_SE","og_type":"article","og_title":"Set Van 4 'Star of Toscane'- Trachelospermum jasminoides \u2013 Hoogte 25cm - 9cm pot kopen | Planten eenvoudig online bestellen | Schramas.com","og_description":"4x Trachelospermum \u2018Star of Toscane\u2019 Toscaanse jasmijn  Geschikt voor zowel patio als volle grond.  Bloeiwijze: Gele bloemen  Bloeitijd: mei, juni, juli, augustus  Leverhoogte incl. pot: 25 cm  Max. hoogte: circa 400 cm","og_url":"https:\/\/www.schramas.com\/se\/butik\/uppsattning-av-4-stjarnor-av-toscane-trachelospermum-jasminoides-hojd-25cm-9cm-kruka\/","og_site_name":"Planten eenvoudig online bestellen | Schramas.com","article_publisher":"https:\/\/www.facebook.com\/Schramascom-106872874153195\/","article_modified_time":"2026-04-14T13:51:43+00:00","og_image":[{"width":1600,"height":1600,"url":"http:\/\/www.schramas.com\/wp-content\/uploads\/2023\/09\/trachelospermum-jasminoides-star-of-toscane-sfeer.jpg","type":"image\/jpeg"}],"twitter_card":"summary_large_image","twitter_misc":{"Ber\u00e4knad l\u00e4stid":"1 minut"},"schema":{"@context":"https:\/\/schema.org","@graph":[{"@type":["WebPage","ItemPage"],"@id":"https:\/\/www.schramas.com\/winkel\/set-van-4-star-of-toscane-trachelospermum-jasminoides-hoogte-25cm-9cm-pot\/","url":"https:\/\/www.schramas.com\/winkel\/set-van-4-star-of-toscane-trachelospermum-jasminoides-hoogte-25cm-9cm-pot\/","name":"Set om 4 'Star of Tuscany'- Trachelospermum jasminoides - H\u00f6jd 25cm - 9cm kruka k\u00f6p | V\u00e4xter enkel online best\u00e4llning | Schramas.com","isPartOf":{"@id":"https:\/\/www.schramas.com\/#website"},"primaryImageOfPage":{"@id":"https:\/\/www.schramas.com\/winkel\/set-van-4-star-of-toscane-trachelospermum-jasminoides-hoogte-25cm-9cm-pot\/#primaryimage"},"image":{"@id":"https:\/\/www.schramas.com\/winkel\/set-van-4-star-of-toscane-trachelospermum-jasminoides-hoogte-25cm-9cm-pot\/#primaryimage"},"thumbnailUrl":"https:\/\/www.schramas.com\/wp-content\/uploads\/2023\/09\/trachelospermum-jasminoides-star-of-toscane-sfeer.jpg","datePublished":"2023-09-27T10:22:17+00:00","dateModified":"2026-04-14T13:51:43+00:00","breadcrumb":{"@id":"https:\/\/www.schramas.com\/winkel\/set-van-4-star-of-toscane-trachelospermum-jasminoides-hoogte-25cm-9cm-pot\/#breadcrumb"},"inLanguage":"sv-SE","potentialAction":[{"@type":"ReadAction","target":["https:\/\/www.schramas.com\/winkel\/set-van-4-star-of-toscane-trachelospermum-jasminoides-hoogte-25cm-9cm-pot\/"]}]},{"@type":"ImageObject","inLanguage":"sv-SE","@id":"https:\/\/www.schramas.com\/winkel\/set-van-4-star-of-toscane-trachelospermum-jasminoides-hoogte-25cm-9cm-pot\/#primaryimage","url":"https:\/\/www.schramas.com\/wp-content\/uploads\/2023\/09\/trachelospermum-jasminoides-star-of-toscane-sfeer.jpg","contentUrl":"https:\/\/www.schramas.com\/wp-content\/uploads\/2023\/09\/trachelospermum-jasminoides-star-of-toscane-sfeer.jpg","width":1600,"height":1600},{"@type":"BreadcrumbList","@id":"https:\/\/www.schramas.com\/winkel\/set-van-4-star-of-toscane-trachelospermum-jasminoides-hoogte-25cm-9cm-pot\/#breadcrumb","itemListElement":[{"@type":"ListItem","position":1,"name":"Product","item":"https:\/\/www.schramas.com\/assortiment\/"},{"@type":"ListItem","position":2,"name":"Bomen &amp; Struiken","item":"https:\/\/www.schramas.com\/product-category\/bomen-struiken\/"},{"@type":"ListItem","position":3,"name":"Set Van 4 &#8216;Star of Toscane&#8217;- Trachelospermum jasminoides \u2013 Hoogte 25cm &#8211; 9cm pot"}]},{"@type":"WebSite","@id":"https:\/\/www.schramas.com\/#website","url":"https:\/\/www.schramas.com\/","name":"Schramas.com | Tr\u00e4dg\u00e5rdsv\u00e4xter som enkelt kan best\u00e4llas online | Direkt fr\u00e5n v\u00e5r plantskola","description":"","alternateName":"Schramas.com - Alle planten direct van de kweker","potentialAction":[{"@type":"SearchAction","target":{"@type":"EntryPoint","urlTemplate":"https:\/\/www.schramas.com\/?s={search_term_string}"},"query-input":{"@type":"PropertyValueSpecification","valueRequired":true,"valueName":"search_term_string"}}],"inLanguage":"sv-SE"}]}},"_links":{"self":[{"href":"https:\/\/www.schramas.com\/se\/wp-json\/wp\/v2\/product\/28582","targetHints":{"allow":["GET"]}}],"collection":[{"href":"https:\/\/www.schramas.com\/se\/wp-json\/wp\/v2\/product"}],"about":[{"href":"https:\/\/www.schramas.com\/se\/wp-json\/wp\/v2\/types\/product"}],"version-history":[{"count":1,"href":"https:\/\/www.schramas.com\/se\/wp-json\/wp\/v2\/product\/28582\/revisions"}],"predecessor-version":[{"id":46804,"href":"https:\/\/www.schramas.com\/se\/wp-json\/wp\/v2\/product\/28582\/revisions\/46804"}],"wp:featuredmedia":[{"embeddable":true,"href":"https:\/\/www.schramas.com\/se\/wp-json\/wp\/v2\/media\/28583"}],"wp:attachment":[{"href":"https:\/\/www.schramas.com\/se\/wp-json\/wp\/v2\/media?parent=28582"}],"wp:term":[{"taxonomy":"product_brand","embeddable":true,"href":"https:\/\/www.schramas.com\/se\/wp-json\/wp\/v2\/product_brand?post=28582"},{"taxonomy":"product_cat","embeddable":true,"href":"https:\/\/www.schramas.com\/se\/wp-json\/wp\/v2\/product_cat?post=28582"},{"taxonomy":"product_tag","embeddable":true,"href":"https:\/\/www.schramas.com\/se\/wp-json\/wp\/v2\/product_tag?post=28582"}],"curies":[{"name":"wp","href":"https:\/\/api.w.org\/{rel}","templated":true}]}}