{"id":28592,"date":"2023-09-27T13:47:51","date_gmt":"2023-09-27T11:47:51","guid":{"rendered":"https:\/\/www.schramas.com\/?post_type=product&#038;p=28592"},"modified":"2026-05-13T22:43:07","modified_gmt":"2026-05-13T20:43:07","slug":"uppsattning-av-4-mullbar-morus-bombycis-shin-tso-hojd-25cm-9cm-kruka","status":"publish","type":"product","link":"https:\/\/www.schramas.com\/se\/butik\/uppsattning-av-4-mullbar-morus-bombycis-shin-tso-hojd-25cm-9cm-kruka\/","title":{"rendered":"Upps\u00e4ttning med 4 mullb\u00e4r - Morus bombycis 'Shin Tso' - H\u00f6jd 25cm - 9cm kruka"},"content":{"rendered":"<p>Mullb\u00e4r Shin Tso \u00e4r en dold p\u00e4rla, prisad av finsmakare f\u00f6r sina exceptionellt aromatiska och v\u00e4lsmakande frukter. Denna relativt kompakta sort n\u00e5r en h\u00f6jd av ca 3 meter.<\/p>\n<p>I juli visar Shin Tso upp ganska stora, exceptionellt smakrika frukter. \u00c4ven om avkastningen inte \u00e4r \u00f6verv\u00e4ldigande kompenseras detta mer \u00e4n v\u00e4l av den utm\u00e4rkta smaken. Tr\u00e4dets blad \u00e4r vackert gl\u00e4nsande och ger en fin kontrast. Tr\u00e4det f\u00f6ljer sin egen rytm och tappar bladen sent p\u00e5 s\u00e4songen f\u00f6r att vakna tidigt p\u00e5 v\u00e5ren.<\/p>\n<p>Shin Tsos tillv\u00e4xt f\u00e5r en mer oregelbunden karakt\u00e4r n\u00e4r tr\u00e4det \u00e5ldras, tack vare dess elastiska ved. Dess blomning \u00e4r subtil men lockar till sig olika insekter och bidrar till ett h\u00e4lsosamt ekosystem.<\/p>\n<p>B\u00e4ren fr\u00e5n Morus \u00e4r en riktig fr\u00f6jd - bj\u00f6rnb\u00e4rsformade, s\u00f6ta och med god arom. F\u00f6rutom att \u00e4ta dem f\u00e4rska l\u00e4mpar sig frukten v\u00e4l f\u00f6r saftning, torkning och syltning.<\/p>\n<p>Morus \u00e4r k\u00e4nd som en superfood p\u00e5 grund av sitt h\u00f6ga inneh\u00e5ll av vitaminer, mineraler och fibrer.<\/p>\n<p>Placering: En skyddad plats i full sol eller halvskugga \u00e4r idealisk f\u00f6r Shin Tso. \u00c4ven om tr\u00e4det b\u00f6r skyddas mot frost under de f\u00f6rsta \u00e5ren, t\u00e5l det senare temperaturer ner till -15 grader Celsius.<\/p>\n<p>Familj av fikon, ursprungligen fr\u00e5n Kina.<\/p>","protected":false},"excerpt":{"rendered":"<p>4x Morus bombycis 'Shin Tso'<\/p>\n<p>Mullb\u00e4r<\/p>\n<p>Max. h\u00f6jd ca 300-400 cm<\/p>\n<p>L\u00f6vf\u00e4llande<\/p>\n<p>Hardy<\/p>\n<p>Levereras i en 9 cm stor kruka<\/p>","protected":false},"featured_media":28594,"template":"","meta":{"_joinchat":[]},"product_brand":[],"product_cat":[262,1011,233,2391,999,867],"product_tag":[1242,1243,1240,1241,351],"class_list":{"0":"post-28592","1":"product","2":"type-product","3":"status-publish","4":"has-post-thumbnail","6":"product_cat-bomen-struiken","7":"product_cat-fruit-deals","8":"product_cat-fruitbomen","9":"product_cat-mediterrane-en-exotische-fruitplanten","10":"product_cat-moerbeien","11":"product_cat-pakket-deals","12":"product_tag-braamachtig","13":"product_tag-famillie-vijg","14":"product_tag-moerbei","15":"product_tag-shin-tso","16":"product_tag-winterhard","17":"pa_ewd_uwcf_colors-geel","18":"pa_ewd_uwcf_colors-groen-2","19":"pa_groeihoogte-300-cm","20":"pa_pot-9-cm-pot","22":"first","23":"instock","24":"taxable","25":"shipping-taxable","26":"purchasable","27":"product-type-simple"},"yoast_head":"<!-- This site is optimized with the Yoast SEO plugin v24.2 - https:\/\/yoast.com\/wordpress\/plugins\/seo\/ -->\n<title>Set Van 4 Moerbeien - Morus bombycis &#039;Shin Tso&#039; \u2013 Hoogte 25cm - 9cm pot kopen | Planten eenvoudig online bestellen | Schramas.com<\/title>\n<meta name=\"robots\" content=\"index, follow, max-snippet:-1, max-image-preview:large, max-video-preview:-1\" \/>\n<link rel=\"canonical\" href=\"https:\/\/www.schramas.com\/se\/butik\/uppsattning-av-4-mullbar-morus-bombycis-shin-tso-hojd-25cm-9cm-kruka\/\" \/>\n<meta property=\"og:locale\" content=\"sv_SE\" \/>\n<meta property=\"og:type\" content=\"article\" \/>\n<meta property=\"og:title\" content=\"Set Van 4 Moerbeien - Morus bombycis &#039;Shin Tso&#039; \u2013 Hoogte 25cm - 9cm pot kopen | Planten eenvoudig online bestellen | Schramas.com\" \/>\n<meta property=\"og:description\" content=\"4x Morus bombycis \u2018Shin Tso\u2019  Moerbei  Max. hoogte ca. 300-400 cm  Bladverliezend  Winterhard  Geleverd in een 9cm pot\" \/>\n<meta property=\"og:url\" content=\"https:\/\/www.schramas.com\/se\/butik\/uppsattning-av-4-mullbar-morus-bombycis-shin-tso-hojd-25cm-9cm-kruka\/\" \/>\n<meta property=\"og:site_name\" content=\"Planten eenvoudig online bestellen | Schramas.com\" \/>\n<meta property=\"article:publisher\" content=\"https:\/\/www.facebook.com\/Schramascom-106872874153195\/\" \/>\n<meta property=\"article:modified_time\" content=\"2026-05-13T20:43:07+00:00\" \/>\n<meta property=\"og:image\" content=\"http:\/\/www.schramas.com\/wp-content\/uploads\/2023\/09\/Morus-shin-tso-sfeer.jpg\" \/>\n\t<meta property=\"og:image:width\" content=\"1600\" \/>\n\t<meta property=\"og:image:height\" content=\"1600\" \/>\n\t<meta property=\"og:image:type\" content=\"image\/jpeg\" \/>\n<meta name=\"twitter:card\" content=\"summary_large_image\" \/>\n<meta name=\"twitter:label1\" content=\"Ber\u00e4knad l\u00e4stid\" \/>\n\t<meta name=\"twitter:data1\" content=\"1 minut\" \/>\n<script type=\"application\/ld+json\" class=\"yoast-schema-graph\">{\"@context\":\"https:\/\/schema.org\",\"@graph\":[{\"@type\":[\"WebPage\",\"ItemPage\"],\"@id\":\"https:\/\/www.schramas.com\/winkel\/set-van-4-moerbeien-morus-bombycis-shin-tso-hoogte-25cm-9cm-pot\/\",\"url\":\"https:\/\/www.schramas.com\/winkel\/set-van-4-moerbeien-morus-bombycis-shin-tso-hoogte-25cm-9cm-pot\/\",\"name\":\"Set Van 4 Moerbeien - Morus bombycis 'Shin Tso' \u2013 Hoogte 25cm - 9cm pot kopen | Planten eenvoudig online bestellen | Schramas.com\",\"isPartOf\":{\"@id\":\"https:\/\/www.schramas.com\/#website\"},\"primaryImageOfPage\":{\"@id\":\"https:\/\/www.schramas.com\/winkel\/set-van-4-moerbeien-morus-bombycis-shin-tso-hoogte-25cm-9cm-pot\/#primaryimage\"},\"image\":{\"@id\":\"https:\/\/www.schramas.com\/winkel\/set-van-4-moerbeien-morus-bombycis-shin-tso-hoogte-25cm-9cm-pot\/#primaryimage\"},\"thumbnailUrl\":\"https:\/\/www.schramas.com\/wp-content\/uploads\/2023\/09\/Morus-shin-tso-sfeer.jpg\",\"datePublished\":\"2023-09-27T11:47:51+00:00\",\"dateModified\":\"2026-05-13T20:43:07+00:00\",\"breadcrumb\":{\"@id\":\"https:\/\/www.schramas.com\/winkel\/set-van-4-moerbeien-morus-bombycis-shin-tso-hoogte-25cm-9cm-pot\/#breadcrumb\"},\"inLanguage\":\"sv-SE\",\"potentialAction\":[{\"@type\":\"ReadAction\",\"target\":[\"https:\/\/www.schramas.com\/winkel\/set-van-4-moerbeien-morus-bombycis-shin-tso-hoogte-25cm-9cm-pot\/\"]}]},{\"@type\":\"ImageObject\",\"inLanguage\":\"sv-SE\",\"@id\":\"https:\/\/www.schramas.com\/winkel\/set-van-4-moerbeien-morus-bombycis-shin-tso-hoogte-25cm-9cm-pot\/#primaryimage\",\"url\":\"https:\/\/www.schramas.com\/wp-content\/uploads\/2023\/09\/Morus-shin-tso-sfeer.jpg\",\"contentUrl\":\"https:\/\/www.schramas.com\/wp-content\/uploads\/2023\/09\/Morus-shin-tso-sfeer.jpg\",\"width\":1600,\"height\":1600},{\"@type\":\"BreadcrumbList\",\"@id\":\"https:\/\/www.schramas.com\/winkel\/set-van-4-moerbeien-morus-bombycis-shin-tso-hoogte-25cm-9cm-pot\/#breadcrumb\",\"itemListElement\":[{\"@type\":\"ListItem\",\"position\":1,\"name\":\"Product\",\"item\":\"https:\/\/www.schramas.com\/assortiment\/\"},{\"@type\":\"ListItem\",\"position\":2,\"name\":\"Bomen &amp; Struiken\",\"item\":\"https:\/\/www.schramas.com\/product-category\/bomen-struiken\/\"},{\"@type\":\"ListItem\",\"position\":3,\"name\":\"Set Van 4 Moerbeien &#8211; Morus bombycis &#8216;Shin Tso&#8217; \u2013 Hoogte 25cm &#8211; 9cm pot\"}]},{\"@type\":\"WebSite\",\"@id\":\"https:\/\/www.schramas.com\/#website\",\"url\":\"https:\/\/www.schramas.com\/\",\"name\":\"Schramas.com | Tuinplanten eenvoudig online bestellen | Direct van onze Kwekerij\",\"description\":\"\",\"alternateName\":\"Schramas.com - Alle planten direct van de kweker\",\"potentialAction\":[{\"@type\":\"SearchAction\",\"target\":{\"@type\":\"EntryPoint\",\"urlTemplate\":\"https:\/\/www.schramas.com\/?s={search_term_string}\"},\"query-input\":{\"@type\":\"PropertyValueSpecification\",\"valueRequired\":true,\"valueName\":\"search_term_string\"}}],\"inLanguage\":\"sv-SE\"}]}<\/script>\n<!-- \/ Yoast SEO plugin. -->","yoast_head_json":{"title":"Upps\u00e4ttning av 4 mullb\u00e4r - Morus bombycis 'Shin Tso' - H\u00f6jd 25cm - 9cm kruka k\u00f6p | V\u00e4xter enkel onlinebest\u00e4llning | Schramas.com","robots":{"index":"index","follow":"follow","max-snippet":"max-snippet:-1","max-image-preview":"max-image-preview:large","max-video-preview":"max-video-preview:-1"},"canonical":"https:\/\/www.schramas.com\/se\/butik\/uppsattning-av-4-mullbar-morus-bombycis-shin-tso-hojd-25cm-9cm-kruka\/","og_locale":"sv_SE","og_type":"article","og_title":"Set Van 4 Moerbeien - Morus bombycis 'Shin Tso' \u2013 Hoogte 25cm - 9cm pot kopen | Planten eenvoudig online bestellen | Schramas.com","og_description":"4x Morus bombycis \u2018Shin Tso\u2019  Moerbei  Max. hoogte ca. 300-400 cm  Bladverliezend  Winterhard  Geleverd in een 9cm pot","og_url":"https:\/\/www.schramas.com\/se\/butik\/uppsattning-av-4-mullbar-morus-bombycis-shin-tso-hojd-25cm-9cm-kruka\/","og_site_name":"Planten eenvoudig online bestellen | Schramas.com","article_publisher":"https:\/\/www.facebook.com\/Schramascom-106872874153195\/","article_modified_time":"2026-05-13T20:43:07+00:00","og_image":[{"width":1600,"height":1600,"url":"http:\/\/www.schramas.com\/wp-content\/uploads\/2023\/09\/Morus-shin-tso-sfeer.jpg","type":"image\/jpeg"}],"twitter_card":"summary_large_image","twitter_misc":{"Ber\u00e4knad l\u00e4stid":"1 minut"},"schema":{"@context":"https:\/\/schema.org","@graph":[{"@type":["WebPage","ItemPage"],"@id":"https:\/\/www.schramas.com\/winkel\/set-van-4-moerbeien-morus-bombycis-shin-tso-hoogte-25cm-9cm-pot\/","url":"https:\/\/www.schramas.com\/winkel\/set-van-4-moerbeien-morus-bombycis-shin-tso-hoogte-25cm-9cm-pot\/","name":"Upps\u00e4ttning av 4 mullb\u00e4r - Morus bombycis 'Shin Tso' - H\u00f6jd 25cm - 9cm kruka k\u00f6p | V\u00e4xter enkel onlinebest\u00e4llning | Schramas.com","isPartOf":{"@id":"https:\/\/www.schramas.com\/#website"},"primaryImageOfPage":{"@id":"https:\/\/www.schramas.com\/winkel\/set-van-4-moerbeien-morus-bombycis-shin-tso-hoogte-25cm-9cm-pot\/#primaryimage"},"image":{"@id":"https:\/\/www.schramas.com\/winkel\/set-van-4-moerbeien-morus-bombycis-shin-tso-hoogte-25cm-9cm-pot\/#primaryimage"},"thumbnailUrl":"https:\/\/www.schramas.com\/wp-content\/uploads\/2023\/09\/Morus-shin-tso-sfeer.jpg","datePublished":"2023-09-27T11:47:51+00:00","dateModified":"2026-05-13T20:43:07+00:00","breadcrumb":{"@id":"https:\/\/www.schramas.com\/winkel\/set-van-4-moerbeien-morus-bombycis-shin-tso-hoogte-25cm-9cm-pot\/#breadcrumb"},"inLanguage":"sv-SE","potentialAction":[{"@type":"ReadAction","target":["https:\/\/www.schramas.com\/winkel\/set-van-4-moerbeien-morus-bombycis-shin-tso-hoogte-25cm-9cm-pot\/"]}]},{"@type":"ImageObject","inLanguage":"sv-SE","@id":"https:\/\/www.schramas.com\/winkel\/set-van-4-moerbeien-morus-bombycis-shin-tso-hoogte-25cm-9cm-pot\/#primaryimage","url":"https:\/\/www.schramas.com\/wp-content\/uploads\/2023\/09\/Morus-shin-tso-sfeer.jpg","contentUrl":"https:\/\/www.schramas.com\/wp-content\/uploads\/2023\/09\/Morus-shin-tso-sfeer.jpg","width":1600,"height":1600},{"@type":"BreadcrumbList","@id":"https:\/\/www.schramas.com\/winkel\/set-van-4-moerbeien-morus-bombycis-shin-tso-hoogte-25cm-9cm-pot\/#breadcrumb","itemListElement":[{"@type":"ListItem","position":1,"name":"Product","item":"https:\/\/www.schramas.com\/assortiment\/"},{"@type":"ListItem","position":2,"name":"Bomen &amp; Struiken","item":"https:\/\/www.schramas.com\/product-category\/bomen-struiken\/"},{"@type":"ListItem","position":3,"name":"Set Van 4 Moerbeien &#8211; Morus bombycis &#8216;Shin Tso&#8217; \u2013 Hoogte 25cm &#8211; 9cm pot"}]},{"@type":"WebSite","@id":"https:\/\/www.schramas.com\/#website","url":"https:\/\/www.schramas.com\/","name":"Schramas.com | Tr\u00e4dg\u00e5rdsv\u00e4xter som enkelt kan best\u00e4llas online | Direkt fr\u00e5n v\u00e5r plantskola","description":"","alternateName":"Schramas.com - Alle planten direct van de kweker","potentialAction":[{"@type":"SearchAction","target":{"@type":"EntryPoint","urlTemplate":"https:\/\/www.schramas.com\/?s={search_term_string}"},"query-input":{"@type":"PropertyValueSpecification","valueRequired":true,"valueName":"search_term_string"}}],"inLanguage":"sv-SE"}]}},"_links":{"self":[{"href":"https:\/\/www.schramas.com\/se\/wp-json\/wp\/v2\/product\/28592","targetHints":{"allow":["GET"]}}],"collection":[{"href":"https:\/\/www.schramas.com\/se\/wp-json\/wp\/v2\/product"}],"about":[{"href":"https:\/\/www.schramas.com\/se\/wp-json\/wp\/v2\/types\/product"}],"version-history":[{"count":1,"href":"https:\/\/www.schramas.com\/se\/wp-json\/wp\/v2\/product\/28592\/revisions"}],"predecessor-version":[{"id":46284,"href":"https:\/\/www.schramas.com\/se\/wp-json\/wp\/v2\/product\/28592\/revisions\/46284"}],"wp:featuredmedia":[{"embeddable":true,"href":"https:\/\/www.schramas.com\/se\/wp-json\/wp\/v2\/media\/28594"}],"wp:attachment":[{"href":"https:\/\/www.schramas.com\/se\/wp-json\/wp\/v2\/media?parent=28592"}],"wp:term":[{"taxonomy":"product_brand","embeddable":true,"href":"https:\/\/www.schramas.com\/se\/wp-json\/wp\/v2\/product_brand?post=28592"},{"taxonomy":"product_cat","embeddable":true,"href":"https:\/\/www.schramas.com\/se\/wp-json\/wp\/v2\/product_cat?post=28592"},{"taxonomy":"product_tag","embeddable":true,"href":"https:\/\/www.schramas.com\/se\/wp-json\/wp\/v2\/product_tag?post=28592"}],"curies":[{"name":"wp","href":"https:\/\/api.w.org\/{rel}","templated":true}]}}