{"id":28597,"date":"2023-09-27T14:02:06","date_gmt":"2023-09-27T12:02:06","guid":{"rendered":"https:\/\/www.schramas.com\/?post_type=product&#038;p=28597"},"modified":"2026-05-10T10:52:27","modified_gmt":"2026-05-10T08:52:27","slug":"set-med-4-bjornbar-rubus-fruticosus-svart-satin-taggfri-vintergron-trippelkrona-tayberry-hojd-25cm-9cm-kruka","status":"publish","type":"product","link":"https:\/\/www.schramas.com\/se\/butik\/set-med-4-bjornbar-rubus-fruticosus-svart-satin-taggfri-vintergron-trippelkrona-tayberry-hojd-25cm-9cm-kruka\/","title":{"rendered":"Set med 4 bj\u00f6rnb\u00e4r - Rubus fruticosus - Black Satin, Thornless Evergreen, Triple Crown, Tayberry - h\u00f6jd 25 cm - 9 cm kruka"},"content":{"rendered":"<div class=\"flex-1 overflow-hidden\">\n<div class=\"react-scroll-to-bottom--css-kbcqf-79elbk h-full dark:bg-gray-800\">\n<div class=\"react-scroll-to-bottom--css-kbcqf-1n7m0yu\">\n<div class=\"flex flex-col text-sm dark:bg-gray-800\">\n<div class=\"group w-full text-token-text-primary border-b border-black\/10 gizmo:border-0 dark:border-gray-900\/50 gizmo:dark:border-0 bg-gray-50 gizmo:bg-transparent dark:bg-[#444654] gizmo:dark:bg-transparent\" data-testid=\"conversation-turn-107\">\n<div class=\"p-4 justify-center text-base md:gap-6 md:py-6 m-auto\">\n<div class=\"flex flex-1 gap-4 text-base mx-auto md:gap-6 md:max-w-2xl lg:max-w-[38rem] xl:max-w-3xl }\">\n<div class=\"relative flex w-[calc(100%-50px)] flex-col gap-1 md:gap-3 lg:w-[calc(100%-115px)]\">\n<div class=\"flex flex-grow flex-col gap-3 max-w-full\">\n<div class=\"min-h-[20px] flex flex-col items-start gap-3 overflow-x-auto whitespace-pre-wrap break-words\">\n<div class=\"markdown prose w-full break-words dark:prose-invert light\">\n<p>Detta set inneh\u00e5ller fyra olika bj\u00f6rnb\u00e4rsvarianter: &#039;Black Satin&#039;, &#039;Thornless Evergreen&#039;, &#039;Triple Crown&#039; och &#039;Tayberry&#039;. Varje bj\u00f6rnb\u00e4r har en h\u00f6jd p\u00e5 25 cm och levereras i en 9 cm kruka.<\/p>\n<p><strong>Rubus fruticosus &#039;Black Satin&#039;<\/strong>: Ett taggfritt bj\u00f6rnb\u00e4r som ger l\u00e4ckra saftiga frukter. Dessa svarta frukter \u00e4r stora och har en utm\u00e4rkt smak. De \u00e4r l\u00e4mpliga f\u00f6r direkt konsumtion och kan \u00e4ven anv\u00e4ndas i kakor. Detta bj\u00f6rnb\u00e4r trivs p\u00e5 en solig plats och kan \u00e4ven v\u00e4xa i halvskugga. Blomning sker i maj-juni, f\u00f6ljt av frukts\u00e4ttning fr\u00e5n juli till september. Med r\u00e4tt sk\u00f6tsel och \u00e5rlig besk\u00e4rning kan en bra sk\u00f6rd f\u00f6rv\u00e4ntas. Detta bj\u00f6rnb\u00e4r \u00e4r mycket t\u00e5ligt och t\u00e5l temperaturer ner till -28 grader Celsius. Det \u00e4r inte mottagligt f\u00f6r sjukdomar och kr\u00e4ver lite befruktning.<\/p>\n<p><strong>Rubus fruticosus &#039;Thornless Evergreen&#039;<\/strong>: Detta taggl\u00f6sa bj\u00f6rnb\u00e4r b\u00e4r frukt fr\u00e5n juli till oktober. Frukterna beh\u00f6ver mycket sol och tid f\u00f6r att mogna. P\u00e5 h\u00f6sten kan de sk\u00f6rdas och anv\u00e4ndas till sylt, lik\u00f6r eller juice. Detta bj\u00f6rnb\u00e4r v\u00e4xer b\u00e4st p\u00e5 lerjord och k\u00e4nns som hemma p\u00e5 en skyddad plats. Vid frost \u00e4r det l\u00e4mpligt att t\u00e4cka plantorna.<\/p>\n<p><strong>Rubus fruticosus 'Triple Crown'<\/strong>: Denna relativt nya, taggl\u00f6sa bj\u00f6rnb\u00e4rssort utm\u00e4rker sig p\u00e5 flera fronter. Den \u00e4r mycket produktiv med stora, v\u00e4lsmakande frukter. De starka stj\u00e4lkarna \u00e4r resistenta mot sjukdomar och frost. Frukterna \u00e4r ganska stora och har en vacker f\u00e4rg. De \u00e4r l\u00e4tta att plocka och kan \u00e4tas f\u00e4rska eller f\u00f6r\u00e4dlas till till exempel sylt, vin och desserter. Detta bj\u00f6rnb\u00e4r \u00e4r inte mottagligt f\u00f6r sjukdomar och kr\u00e4ver lite befruktning.<\/p>\n<p><strong>Rubus &#039;Tayberry&#039;<\/strong>: En korsning mellan bj\u00f6rnb\u00e4r och hallon. N\u00e5got taggig, med stora, djupr\u00f6da frukter som \u00e4r dubbelt s\u00e5 stora som hallon. De har en s\u00f6tsyrlig smak och kan anv\u00e4ndas till juice, garnering eller direkt konsumtion. Sk\u00f6rdetiden \u00e4r i juli-augusti. Denna v\u00e4xt trivs b\u00e4st i ett soligt l\u00e4ge och gamla grenar b\u00f6r besk\u00e4ras regelbundet.<\/p>\n<\/div>\n<\/div>\n<\/div>\n<\/div>\n<\/div>\n<\/div>\n<\/div>\n<p>&nbsp;<\/p>\n<\/div>\n<\/div>\n<\/div>\n<\/div>","protected":false},"excerpt":{"rendered":"<p>4x Rubus bj\u00f6rnb\u00e4r<\/p>\n<p>&#039;Black Satin&#039;, &#039;Thornless Evergreen&#039;, &#039;Triple Crown&#039; och &#039;Tayberry&#039;<\/p>\n<p>Max. h\u00f6jd ca 300-400 cm<\/p>\n<p>L\u00f6vf\u00e4llande<\/p>\n<p>Hardy<\/p>\n<p>Levereras i en 9 cm stor kruka<\/p>","protected":false},"featured_media":28598,"template":"","meta":{"_joinchat":[]},"product_brand":[],"product_cat":[262,44,1011,234,867],"product_tag":[731,1244,1245,597],"class_list":{"0":"post-28597","1":"product","2":"type-product","3":"status-publish","4":"has-post-thumbnail","6":"product_cat-bomen-struiken","7":"product_cat-bramen","8":"product_cat-fruit-deals","9":"product_cat-fruitstruiken","10":"product_cat-pakket-deals","11":"product_tag-braam","12":"product_tag-bramen-mix","13":"product_tag-bramenplant","14":"product_tag-framboos","15":"pa_ewd_uwcf_colors-mixed","16":"pa_ewd_uwcf_colors-rood-2","17":"pa_groeihoogte-300-cm","18":"pa_pot-9-cm-pot","20":"first","21":"instock","22":"taxable","23":"shipping-taxable","24":"purchasable","25":"product-type-simple"},"yoast_head":"<!-- This site is optimized with the Yoast SEO plugin v24.2 - https:\/\/yoast.com\/wordpress\/plugins\/seo\/ -->\n<title>Set Van 4 Bramen - Rubus fruticosus -Black Satin, Thornless Evergreen, Triple Crown, Tayberry - Hoogte 25cm - 9cm pot kopen | Planten eenvoudig online bestellen | Schramas.com<\/title>\n<meta name=\"robots\" content=\"index, follow, max-snippet:-1, max-image-preview:large, max-video-preview:-1\" \/>\n<link rel=\"canonical\" href=\"https:\/\/www.schramas.com\/se\/butik\/set-med-4-bjornbar-rubus-fruticosus-svart-satin-taggfri-vintergron-trippelkrona-tayberry-hojd-25cm-9cm-kruka\/\" \/>\n<meta property=\"og:locale\" content=\"sv_SE\" \/>\n<meta property=\"og:type\" content=\"article\" \/>\n<meta property=\"og:title\" content=\"Set Van 4 Bramen - Rubus fruticosus -Black Satin, Thornless Evergreen, Triple Crown, Tayberry - Hoogte 25cm - 9cm pot kopen | Planten eenvoudig online bestellen | Schramas.com\" \/>\n<meta property=\"og:description\" content=\"4x Rubus braam  &#039;Black Satin&#039;, &#039;Thornless Evergreen&#039;, \u2018Triple Crown\u2019 en &#039;Tayberry&#039;  Max. hoogte ca. 300-400 cm  Bladverliezend  Winterhard  Geleverd in een 9cm pot\" \/>\n<meta property=\"og:url\" content=\"https:\/\/www.schramas.com\/se\/butik\/set-med-4-bjornbar-rubus-fruticosus-svart-satin-taggfri-vintergron-trippelkrona-tayberry-hojd-25cm-9cm-kruka\/\" \/>\n<meta property=\"og:site_name\" content=\"Planten eenvoudig online bestellen | Schramas.com\" \/>\n<meta property=\"article:publisher\" content=\"https:\/\/www.facebook.com\/Schramascom-106872874153195\/\" \/>\n<meta property=\"article:modified_time\" content=\"2026-05-10T08:52:27+00:00\" \/>\n<meta property=\"og:image\" content=\"http:\/\/www.schramas.com\/wp-content\/uploads\/2023\/09\/rubus-bramen-p9-pakketdeal-sfeer.jpg\" \/>\n\t<meta property=\"og:image:width\" content=\"1600\" \/>\n\t<meta property=\"og:image:height\" content=\"1600\" \/>\n\t<meta property=\"og:image:type\" content=\"image\/jpeg\" \/>\n<meta name=\"twitter:card\" content=\"summary_large_image\" \/>\n<meta name=\"twitter:label1\" content=\"Ber\u00e4knad l\u00e4stid\" \/>\n\t<meta name=\"twitter:data1\" content=\"1 minut\" \/>\n<script type=\"application\/ld+json\" class=\"yoast-schema-graph\">{\"@context\":\"https:\/\/schema.org\",\"@graph\":[{\"@type\":[\"WebPage\",\"ItemPage\"],\"@id\":\"https:\/\/www.schramas.com\/winkel\/set-van-4-bramen-rubus-fruticosus-black-satin-thornless-evergreen-triple-crown-tayberry-hoogte-25cm-9cm-pot\/\",\"url\":\"https:\/\/www.schramas.com\/winkel\/set-van-4-bramen-rubus-fruticosus-black-satin-thornless-evergreen-triple-crown-tayberry-hoogte-25cm-9cm-pot\/\",\"name\":\"Set Van 4 Bramen - Rubus fruticosus -Black Satin, Thornless Evergreen, Triple Crown, Tayberry - Hoogte 25cm - 9cm pot kopen | Planten eenvoudig online bestellen | Schramas.com\",\"isPartOf\":{\"@id\":\"https:\/\/www.schramas.com\/#website\"},\"primaryImageOfPage\":{\"@id\":\"https:\/\/www.schramas.com\/winkel\/set-van-4-bramen-rubus-fruticosus-black-satin-thornless-evergreen-triple-crown-tayberry-hoogte-25cm-9cm-pot\/#primaryimage\"},\"image\":{\"@id\":\"https:\/\/www.schramas.com\/winkel\/set-van-4-bramen-rubus-fruticosus-black-satin-thornless-evergreen-triple-crown-tayberry-hoogte-25cm-9cm-pot\/#primaryimage\"},\"thumbnailUrl\":\"https:\/\/www.schramas.com\/wp-content\/uploads\/2023\/09\/rubus-bramen-p9-pakketdeal-sfeer.jpg\",\"datePublished\":\"2023-09-27T12:02:06+00:00\",\"dateModified\":\"2026-05-10T08:52:27+00:00\",\"breadcrumb\":{\"@id\":\"https:\/\/www.schramas.com\/winkel\/set-van-4-bramen-rubus-fruticosus-black-satin-thornless-evergreen-triple-crown-tayberry-hoogte-25cm-9cm-pot\/#breadcrumb\"},\"inLanguage\":\"sv-SE\",\"potentialAction\":[{\"@type\":\"ReadAction\",\"target\":[\"https:\/\/www.schramas.com\/winkel\/set-van-4-bramen-rubus-fruticosus-black-satin-thornless-evergreen-triple-crown-tayberry-hoogte-25cm-9cm-pot\/\"]}]},{\"@type\":\"ImageObject\",\"inLanguage\":\"sv-SE\",\"@id\":\"https:\/\/www.schramas.com\/winkel\/set-van-4-bramen-rubus-fruticosus-black-satin-thornless-evergreen-triple-crown-tayberry-hoogte-25cm-9cm-pot\/#primaryimage\",\"url\":\"https:\/\/www.schramas.com\/wp-content\/uploads\/2023\/09\/rubus-bramen-p9-pakketdeal-sfeer.jpg\",\"contentUrl\":\"https:\/\/www.schramas.com\/wp-content\/uploads\/2023\/09\/rubus-bramen-p9-pakketdeal-sfeer.jpg\",\"width\":1600,\"height\":1600},{\"@type\":\"BreadcrumbList\",\"@id\":\"https:\/\/www.schramas.com\/winkel\/set-van-4-bramen-rubus-fruticosus-black-satin-thornless-evergreen-triple-crown-tayberry-hoogte-25cm-9cm-pot\/#breadcrumb\",\"itemListElement\":[{\"@type\":\"ListItem\",\"position\":1,\"name\":\"Product\",\"item\":\"https:\/\/www.schramas.com\/assortiment\/\"},{\"@type\":\"ListItem\",\"position\":2,\"name\":\"Bomen &amp; Struiken\",\"item\":\"https:\/\/www.schramas.com\/product-category\/bomen-struiken\/\"},{\"@type\":\"ListItem\",\"position\":3,\"name\":\"Fruitstruiken\",\"item\":\"https:\/\/www.schramas.com\/de\/produktkategorie\/baume-und-straucher\/obststraucher\/\"},{\"@type\":\"ListItem\",\"position\":4,\"name\":\"Bramen\",\"item\":\"https:\/\/www.schramas.com\/product-category\/bomen-struiken\/fruitstruiken\/bramen\/\"},{\"@type\":\"ListItem\",\"position\":5,\"name\":\"Set Van 4 Bramen &#8211; Rubus fruticosus -Black Satin, Thornless Evergreen, Triple Crown, Tayberry &#8211; Hoogte 25cm &#8211; 9cm pot\"}]},{\"@type\":\"WebSite\",\"@id\":\"https:\/\/www.schramas.com\/#website\",\"url\":\"https:\/\/www.schramas.com\/\",\"name\":\"Schramas.com | Tuinplanten eenvoudig online bestellen | Direct van onze Kwekerij\",\"description\":\"\",\"alternateName\":\"Schramas.com - Alle planten direct van de kweker\",\"potentialAction\":[{\"@type\":\"SearchAction\",\"target\":{\"@type\":\"EntryPoint\",\"urlTemplate\":\"https:\/\/www.schramas.com\/?s={search_term_string}\"},\"query-input\":{\"@type\":\"PropertyValueSpecification\",\"valueRequired\":true,\"valueName\":\"search_term_string\"}}],\"inLanguage\":\"sv-SE\"}]}<\/script>\n<!-- \/ Yoast SEO plugin. -->","yoast_head_json":{"title":"K\u00f6p Set med 4 bj\u00f6rnb\u00e4r - Rubus fruticosus -Svart satin, Taggfri vintergr\u00f6n, Trippelkrona, Tayberry - H\u00f6jd 25cm - 9cm kruka | Best\u00e4ll enkelt v\u00e4xter online | Schramas.com","robots":{"index":"index","follow":"follow","max-snippet":"max-snippet:-1","max-image-preview":"max-image-preview:large","max-video-preview":"max-video-preview:-1"},"canonical":"https:\/\/www.schramas.com\/se\/butik\/set-med-4-bjornbar-rubus-fruticosus-svart-satin-taggfri-vintergron-trippelkrona-tayberry-hojd-25cm-9cm-kruka\/","og_locale":"sv_SE","og_type":"article","og_title":"Set Van 4 Bramen - Rubus fruticosus -Black Satin, Thornless Evergreen, Triple Crown, Tayberry - Hoogte 25cm - 9cm pot kopen | Planten eenvoudig online bestellen | Schramas.com","og_description":"4x Rubus braam  'Black Satin', 'Thornless Evergreen', \u2018Triple Crown\u2019 en 'Tayberry'  Max. hoogte ca. 300-400 cm  Bladverliezend  Winterhard  Geleverd in een 9cm pot","og_url":"https:\/\/www.schramas.com\/se\/butik\/set-med-4-bjornbar-rubus-fruticosus-svart-satin-taggfri-vintergron-trippelkrona-tayberry-hojd-25cm-9cm-kruka\/","og_site_name":"Planten eenvoudig online bestellen | Schramas.com","article_publisher":"https:\/\/www.facebook.com\/Schramascom-106872874153195\/","article_modified_time":"2026-05-10T08:52:27+00:00","og_image":[{"width":1600,"height":1600,"url":"http:\/\/www.schramas.com\/wp-content\/uploads\/2023\/09\/rubus-bramen-p9-pakketdeal-sfeer.jpg","type":"image\/jpeg"}],"twitter_card":"summary_large_image","twitter_misc":{"Ber\u00e4knad l\u00e4stid":"1 minut"},"schema":{"@context":"https:\/\/schema.org","@graph":[{"@type":["WebPage","ItemPage"],"@id":"https:\/\/www.schramas.com\/winkel\/set-van-4-bramen-rubus-fruticosus-black-satin-thornless-evergreen-triple-crown-tayberry-hoogte-25cm-9cm-pot\/","url":"https:\/\/www.schramas.com\/winkel\/set-van-4-bramen-rubus-fruticosus-black-satin-thornless-evergreen-triple-crown-tayberry-hoogte-25cm-9cm-pot\/","name":"K\u00f6p Set med 4 bj\u00f6rnb\u00e4r - Rubus fruticosus -Svart satin, Taggfri vintergr\u00f6n, Trippelkrona, Tayberry - H\u00f6jd 25cm - 9cm kruka | Best\u00e4ll enkelt v\u00e4xter online | Schramas.com","isPartOf":{"@id":"https:\/\/www.schramas.com\/#website"},"primaryImageOfPage":{"@id":"https:\/\/www.schramas.com\/winkel\/set-van-4-bramen-rubus-fruticosus-black-satin-thornless-evergreen-triple-crown-tayberry-hoogte-25cm-9cm-pot\/#primaryimage"},"image":{"@id":"https:\/\/www.schramas.com\/winkel\/set-van-4-bramen-rubus-fruticosus-black-satin-thornless-evergreen-triple-crown-tayberry-hoogte-25cm-9cm-pot\/#primaryimage"},"thumbnailUrl":"https:\/\/www.schramas.com\/wp-content\/uploads\/2023\/09\/rubus-bramen-p9-pakketdeal-sfeer.jpg","datePublished":"2023-09-27T12:02:06+00:00","dateModified":"2026-05-10T08:52:27+00:00","breadcrumb":{"@id":"https:\/\/www.schramas.com\/winkel\/set-van-4-bramen-rubus-fruticosus-black-satin-thornless-evergreen-triple-crown-tayberry-hoogte-25cm-9cm-pot\/#breadcrumb"},"inLanguage":"sv-SE","potentialAction":[{"@type":"ReadAction","target":["https:\/\/www.schramas.com\/winkel\/set-van-4-bramen-rubus-fruticosus-black-satin-thornless-evergreen-triple-crown-tayberry-hoogte-25cm-9cm-pot\/"]}]},{"@type":"ImageObject","inLanguage":"sv-SE","@id":"https:\/\/www.schramas.com\/winkel\/set-van-4-bramen-rubus-fruticosus-black-satin-thornless-evergreen-triple-crown-tayberry-hoogte-25cm-9cm-pot\/#primaryimage","url":"https:\/\/www.schramas.com\/wp-content\/uploads\/2023\/09\/rubus-bramen-p9-pakketdeal-sfeer.jpg","contentUrl":"https:\/\/www.schramas.com\/wp-content\/uploads\/2023\/09\/rubus-bramen-p9-pakketdeal-sfeer.jpg","width":1600,"height":1600},{"@type":"BreadcrumbList","@id":"https:\/\/www.schramas.com\/winkel\/set-van-4-bramen-rubus-fruticosus-black-satin-thornless-evergreen-triple-crown-tayberry-hoogte-25cm-9cm-pot\/#breadcrumb","itemListElement":[{"@type":"ListItem","position":1,"name":"Product","item":"https:\/\/www.schramas.com\/assortiment\/"},{"@type":"ListItem","position":2,"name":"Bomen &amp; Struiken","item":"https:\/\/www.schramas.com\/product-category\/bomen-struiken\/"},{"@type":"ListItem","position":3,"name":"Fruitstruiken","item":"https:\/\/www.schramas.com\/de\/produktkategorie\/baume-und-straucher\/obststraucher\/"},{"@type":"ListItem","position":4,"name":"Bramen","item":"https:\/\/www.schramas.com\/product-category\/bomen-struiken\/fruitstruiken\/bramen\/"},{"@type":"ListItem","position":5,"name":"Set Van 4 Bramen &#8211; Rubus fruticosus -Black Satin, Thornless Evergreen, Triple Crown, Tayberry &#8211; Hoogte 25cm &#8211; 9cm pot"}]},{"@type":"WebSite","@id":"https:\/\/www.schramas.com\/#website","url":"https:\/\/www.schramas.com\/","name":"Schramas.com | Tr\u00e4dg\u00e5rdsv\u00e4xter som enkelt kan best\u00e4llas online | Direkt fr\u00e5n v\u00e5r plantskola","description":"","alternateName":"Schramas.com - Alle planten direct van de kweker","potentialAction":[{"@type":"SearchAction","target":{"@type":"EntryPoint","urlTemplate":"https:\/\/www.schramas.com\/?s={search_term_string}"},"query-input":{"@type":"PropertyValueSpecification","valueRequired":true,"valueName":"search_term_string"}}],"inLanguage":"sv-SE"}]}},"_links":{"self":[{"href":"https:\/\/www.schramas.com\/se\/wp-json\/wp\/v2\/product\/28597","targetHints":{"allow":["GET"]}}],"collection":[{"href":"https:\/\/www.schramas.com\/se\/wp-json\/wp\/v2\/product"}],"about":[{"href":"https:\/\/www.schramas.com\/se\/wp-json\/wp\/v2\/types\/product"}],"version-history":[{"count":1,"href":"https:\/\/www.schramas.com\/se\/wp-json\/wp\/v2\/product\/28597\/revisions"}],"predecessor-version":[{"id":50646,"href":"https:\/\/www.schramas.com\/se\/wp-json\/wp\/v2\/product\/28597\/revisions\/50646"}],"wp:featuredmedia":[{"embeddable":true,"href":"https:\/\/www.schramas.com\/se\/wp-json\/wp\/v2\/media\/28598"}],"wp:attachment":[{"href":"https:\/\/www.schramas.com\/se\/wp-json\/wp\/v2\/media?parent=28597"}],"wp:term":[{"taxonomy":"product_brand","embeddable":true,"href":"https:\/\/www.schramas.com\/se\/wp-json\/wp\/v2\/product_brand?post=28597"},{"taxonomy":"product_cat","embeddable":true,"href":"https:\/\/www.schramas.com\/se\/wp-json\/wp\/v2\/product_cat?post=28597"},{"taxonomy":"product_tag","embeddable":true,"href":"https:\/\/www.schramas.com\/se\/wp-json\/wp\/v2\/product_tag?post=28597"}],"curies":[{"name":"wp","href":"https:\/\/api.w.org\/{rel}","templated":true}]}}