{"id":28655,"date":"2023-09-28T16:25:47","date_gmt":"2023-09-28T14:25:47","guid":{"rendered":"https:\/\/www.schramas.com\/?post_type=product&#038;p=28655"},"modified":"2026-04-29T12:26:34","modified_gmt":"2026-04-29T10:26:34","slug":"set-med-2-vinbarstrad-prince-william-amelanchier-hojd-30cm-9cm-kruka","status":"publish","type":"product","link":"https:\/\/www.schramas.com\/se\/butik\/set-med-2-vinbarstrad-prince-william-amelanchier-hojd-30cm-9cm-kruka\/","title":{"rendered":"Upps\u00e4ttning av 2 vinb\u00e4rstr\u00e4d - 'Prince William' - Amelanchier - H\u00f6jd 30cm - 9cm kruka"},"content":{"rendered":"<p>Uppt\u00e4ck Amelanchier canadensis &#039;Prince William&#039;, en kompakt sort bland vinb\u00e4rstr\u00e4den som b\u00e4r frukt \u00e4ven i ung \u00e5lder. Dess unga blad \u00e4r subtilt h\u00e5riga och p\u00e5 h\u00f6sten f\u00f6rvandlas den till en lysande oranger\u00f6d f\u00e4rg, vilket skiljer den fr\u00e5n sin sl\u00e4kting, Amelanchier lamarckii.<\/p>\n<p>Detta vackra tr\u00e4d blommar rikligt med sm\u00e5 vita blommor som liknar stj\u00e4rnformade \u00e4delstenar. Detta f\u00f6ljs av \u00e4tbara lila-svarta frukter som mognar i juli. De \u00e4r inte bara behagligt s\u00f6ta i smaken, utan ocks\u00e5 underbart saftiga, perfekta f\u00f6r att g\u00f6ra l\u00e4cker sylt.<\/p>\n<p>Amelanchier canadensis &#039;Prince William&#039; \u00e4r inte s\u00e4rskilt kr\u00e4vande n\u00e4r det kommer till jord, men f\u00f6redrar kalkfattig och v\u00e4ldr\u00e4nerad jord. \u00c4ven om den k\u00e4mpar med intensiv v\u00e4rme och torra somrar, ger dess vackra blommor och h\u00f6stf\u00e4rger en unik charm till alla utomhusutrymmen.<\/p>\n<p>F\u00f6r frisk tillv\u00e4xt och en str\u00e5lande krona rekommenderas att besk\u00e4ra efter blomning eller i februari. Ta bort gamla grenar och se till att mitten av kronan f\u00f6rblir \u00f6ppen. Med sina blygsamma krav och sl\u00e5ende egenskaper \u00e4r Amelanchier canadensis &#039;Prince William&#039; ett v\u00e4rdefullt tillskott till alla tr\u00e4dg\u00e5rdar.\u201d<\/p>","protected":false},"excerpt":{"rendered":"<p>2x Amelanchier canadensis &#039;Prince William&#039;<\/p>\n<p>Vinb\u00e4rstr\u00e4d<\/p>\n<p>Max h\u00f6jd: ca 2 meter<\/p>\n<p>Leveransh\u00f6jd inkl. kruka: ca 30 cm<\/p>\n<p>Krukans storlek: 9cm<\/p>\n<p>L\u00e4mplig f\u00f6r b\u00e5de balkong, uteplats och \u00f6ppen mark<\/p>","protected":false},"featured_media":28657,"template":"","meta":{"_joinchat":[]},"product_brand":[],"product_cat":[262,1011,233,234,867,3193],"product_tag":[1259,1260,1258,1250],"class_list":{"0":"post-28655","1":"product","2":"type-product","3":"status-publish","4":"has-post-thumbnail","6":"product_cat-bomen-struiken","7":"product_cat-fruit-deals","8":"product_cat-fruitbomen","9":"product_cat-fruitstruiken","10":"product_cat-pakket-deals","11":"product_cat-sierbomen","12":"product_tag-amelanchier","13":"product_tag-canadensis","14":"product_tag-krenten","15":"product_tag-krentenboom","16":"pa_ewd_uwcf_colors-groen-2","17":"pa_ewd_uwcf_colors-mixed","18":"pa_groeihoogte-150-200-cm","19":"pa_pot-9-cm-pot","21":"first","22":"instock","23":"taxable","24":"shipping-taxable","25":"purchasable","26":"product-type-simple"},"yoast_head":"<!-- This site is optimized with the Yoast SEO plugin v24.2 - https:\/\/yoast.com\/wordpress\/plugins\/seo\/ -->\n<title>Set van 2 Krentenboompjes - &#039;Prince William&#039; - Amelanchier - Hoogte 30cm - 9cm pot kopen | Planten eenvoudig online bestellen | Schramas.com<\/title>\n<meta name=\"robots\" content=\"index, follow, max-snippet:-1, max-image-preview:large, max-video-preview:-1\" \/>\n<link rel=\"canonical\" href=\"https:\/\/www.schramas.com\/se\/butik\/set-med-2-vinbarstrad-prince-william-amelanchier-hojd-30cm-9cm-kruka\/\" \/>\n<meta property=\"og:locale\" content=\"sv_SE\" \/>\n<meta property=\"og:type\" content=\"article\" \/>\n<meta property=\"og:title\" content=\"Set van 2 Krentenboompjes - &#039;Prince William&#039; - Amelanchier - Hoogte 30cm - 9cm pot kopen | Planten eenvoudig online bestellen | Schramas.com\" \/>\n<meta property=\"og:description\" content=\"2x Amelanchier canadensis &#039;Prince William&#039;  Krentenboom  Hoogte max.: ca. 2 meter  Leverhoogte incl. pot: ca. 30 cm  Potmaat: 9cm  Geschikt voor zowel balkon, patio als volle grond\" \/>\n<meta property=\"og:url\" content=\"https:\/\/www.schramas.com\/se\/butik\/set-med-2-vinbarstrad-prince-william-amelanchier-hojd-30cm-9cm-kruka\/\" \/>\n<meta property=\"og:site_name\" content=\"Planten eenvoudig online bestellen | Schramas.com\" \/>\n<meta property=\"article:publisher\" content=\"https:\/\/www.facebook.com\/Schramascom-106872874153195\/\" \/>\n<meta property=\"article:modified_time\" content=\"2026-04-29T10:26:34+00:00\" \/>\n<meta property=\"og:image\" content=\"http:\/\/www.schramas.com\/wp-content\/uploads\/2023\/09\/Amelanchier-Prince-William-sfeer.jpg\" \/>\n\t<meta property=\"og:image:width\" content=\"795\" \/>\n\t<meta property=\"og:image:height\" content=\"796\" \/>\n\t<meta property=\"og:image:type\" content=\"image\/jpeg\" \/>\n<meta name=\"twitter:card\" content=\"summary_large_image\" \/>\n<meta name=\"twitter:label1\" content=\"Ber\u00e4knad l\u00e4stid\" \/>\n\t<meta name=\"twitter:data1\" content=\"1 minut\" \/>\n<script type=\"application\/ld+json\" class=\"yoast-schema-graph\">{\"@context\":\"https:\/\/schema.org\",\"@graph\":[{\"@type\":[\"WebPage\",\"ItemPage\"],\"@id\":\"https:\/\/www.schramas.com\/winkel\/set-van-2-krentenboompjes-prince-william-amelanchier-hoogte-30cm-9cm-pot\/\",\"url\":\"https:\/\/www.schramas.com\/winkel\/set-van-2-krentenboompjes-prince-william-amelanchier-hoogte-30cm-9cm-pot\/\",\"name\":\"Set van 2 Krentenboompjes - 'Prince William' - Amelanchier - Hoogte 30cm - 9cm pot kopen | Planten eenvoudig online bestellen | Schramas.com\",\"isPartOf\":{\"@id\":\"https:\/\/www.schramas.com\/#website\"},\"primaryImageOfPage\":{\"@id\":\"https:\/\/www.schramas.com\/winkel\/set-van-2-krentenboompjes-prince-william-amelanchier-hoogte-30cm-9cm-pot\/#primaryimage\"},\"image\":{\"@id\":\"https:\/\/www.schramas.com\/winkel\/set-van-2-krentenboompjes-prince-william-amelanchier-hoogte-30cm-9cm-pot\/#primaryimage\"},\"thumbnailUrl\":\"https:\/\/www.schramas.com\/wp-content\/uploads\/2023\/09\/Amelanchier-Prince-William-sfeer.jpg\",\"datePublished\":\"2023-09-28T14:25:47+00:00\",\"dateModified\":\"2026-04-29T10:26:34+00:00\",\"breadcrumb\":{\"@id\":\"https:\/\/www.schramas.com\/winkel\/set-van-2-krentenboompjes-prince-william-amelanchier-hoogte-30cm-9cm-pot\/#breadcrumb\"},\"inLanguage\":\"sv-SE\",\"potentialAction\":[{\"@type\":\"ReadAction\",\"target\":[\"https:\/\/www.schramas.com\/winkel\/set-van-2-krentenboompjes-prince-william-amelanchier-hoogte-30cm-9cm-pot\/\"]}]},{\"@type\":\"ImageObject\",\"inLanguage\":\"sv-SE\",\"@id\":\"https:\/\/www.schramas.com\/winkel\/set-van-2-krentenboompjes-prince-william-amelanchier-hoogte-30cm-9cm-pot\/#primaryimage\",\"url\":\"https:\/\/www.schramas.com\/wp-content\/uploads\/2023\/09\/Amelanchier-Prince-William-sfeer.jpg\",\"contentUrl\":\"https:\/\/www.schramas.com\/wp-content\/uploads\/2023\/09\/Amelanchier-Prince-William-sfeer.jpg\",\"width\":795,\"height\":796},{\"@type\":\"BreadcrumbList\",\"@id\":\"https:\/\/www.schramas.com\/winkel\/set-van-2-krentenboompjes-prince-william-amelanchier-hoogte-30cm-9cm-pot\/#breadcrumb\",\"itemListElement\":[{\"@type\":\"ListItem\",\"position\":1,\"name\":\"Product\",\"item\":\"https:\/\/www.schramas.com\/assortiment\/\"},{\"@type\":\"ListItem\",\"position\":2,\"name\":\"Bomen &amp; Struiken\",\"item\":\"https:\/\/www.schramas.com\/product-category\/bomen-struiken\/\"},{\"@type\":\"ListItem\",\"position\":3,\"name\":\"Set van 2 Krentenboompjes &#8211; &#8216;Prince William&#8217; &#8211; Amelanchier &#8211; Hoogte 30cm &#8211; 9cm pot\"}]},{\"@type\":\"WebSite\",\"@id\":\"https:\/\/www.schramas.com\/#website\",\"url\":\"https:\/\/www.schramas.com\/\",\"name\":\"Schramas.com | Tuinplanten eenvoudig online bestellen | Direct van onze Kwekerij\",\"description\":\"\",\"alternateName\":\"Schramas.com - Alle planten direct van de kweker\",\"potentialAction\":[{\"@type\":\"SearchAction\",\"target\":{\"@type\":\"EntryPoint\",\"urlTemplate\":\"https:\/\/www.schramas.com\/?s={search_term_string}\"},\"query-input\":{\"@type\":\"PropertyValueSpecification\",\"valueRequired\":true,\"valueName\":\"search_term_string\"}}],\"inLanguage\":\"sv-SE\"}]}<\/script>\n<!-- \/ Yoast SEO plugin. -->","yoast_head_json":{"title":"K\u00f6p set med 2 vinb\u00e4rstr\u00e4d - &#039;Prince William&#039; - Amelanchier - H\u00f6jd 30cm - 9cm kruka | Best\u00e4ll enkelt v\u00e4xter online | Schramas.com","robots":{"index":"index","follow":"follow","max-snippet":"max-snippet:-1","max-image-preview":"max-image-preview:large","max-video-preview":"max-video-preview:-1"},"canonical":"https:\/\/www.schramas.com\/se\/butik\/set-med-2-vinbarstrad-prince-william-amelanchier-hojd-30cm-9cm-kruka\/","og_locale":"sv_SE","og_type":"article","og_title":"Set van 2 Krentenboompjes - 'Prince William' - Amelanchier - Hoogte 30cm - 9cm pot kopen | Planten eenvoudig online bestellen | Schramas.com","og_description":"2x Amelanchier canadensis 'Prince William'  Krentenboom  Hoogte max.: ca. 2 meter  Leverhoogte incl. pot: ca. 30 cm  Potmaat: 9cm  Geschikt voor zowel balkon, patio als volle grond","og_url":"https:\/\/www.schramas.com\/se\/butik\/set-med-2-vinbarstrad-prince-william-amelanchier-hojd-30cm-9cm-kruka\/","og_site_name":"Planten eenvoudig online bestellen | Schramas.com","article_publisher":"https:\/\/www.facebook.com\/Schramascom-106872874153195\/","article_modified_time":"2026-04-29T10:26:34+00:00","og_image":[{"width":795,"height":796,"url":"http:\/\/www.schramas.com\/wp-content\/uploads\/2023\/09\/Amelanchier-Prince-William-sfeer.jpg","type":"image\/jpeg"}],"twitter_card":"summary_large_image","twitter_misc":{"Ber\u00e4knad l\u00e4stid":"1 minut"},"schema":{"@context":"https:\/\/schema.org","@graph":[{"@type":["WebPage","ItemPage"],"@id":"https:\/\/www.schramas.com\/winkel\/set-van-2-krentenboompjes-prince-william-amelanchier-hoogte-30cm-9cm-pot\/","url":"https:\/\/www.schramas.com\/winkel\/set-van-2-krentenboompjes-prince-william-amelanchier-hoogte-30cm-9cm-pot\/","name":"K\u00f6p set med 2 vinb\u00e4rstr\u00e4d - &#039;Prince William&#039; - Amelanchier - H\u00f6jd 30cm - 9cm kruka | Best\u00e4ll enkelt v\u00e4xter online | Schramas.com","isPartOf":{"@id":"https:\/\/www.schramas.com\/#website"},"primaryImageOfPage":{"@id":"https:\/\/www.schramas.com\/winkel\/set-van-2-krentenboompjes-prince-william-amelanchier-hoogte-30cm-9cm-pot\/#primaryimage"},"image":{"@id":"https:\/\/www.schramas.com\/winkel\/set-van-2-krentenboompjes-prince-william-amelanchier-hoogte-30cm-9cm-pot\/#primaryimage"},"thumbnailUrl":"https:\/\/www.schramas.com\/wp-content\/uploads\/2023\/09\/Amelanchier-Prince-William-sfeer.jpg","datePublished":"2023-09-28T14:25:47+00:00","dateModified":"2026-04-29T10:26:34+00:00","breadcrumb":{"@id":"https:\/\/www.schramas.com\/winkel\/set-van-2-krentenboompjes-prince-william-amelanchier-hoogte-30cm-9cm-pot\/#breadcrumb"},"inLanguage":"sv-SE","potentialAction":[{"@type":"ReadAction","target":["https:\/\/www.schramas.com\/winkel\/set-van-2-krentenboompjes-prince-william-amelanchier-hoogte-30cm-9cm-pot\/"]}]},{"@type":"ImageObject","inLanguage":"sv-SE","@id":"https:\/\/www.schramas.com\/winkel\/set-van-2-krentenboompjes-prince-william-amelanchier-hoogte-30cm-9cm-pot\/#primaryimage","url":"https:\/\/www.schramas.com\/wp-content\/uploads\/2023\/09\/Amelanchier-Prince-William-sfeer.jpg","contentUrl":"https:\/\/www.schramas.com\/wp-content\/uploads\/2023\/09\/Amelanchier-Prince-William-sfeer.jpg","width":795,"height":796},{"@type":"BreadcrumbList","@id":"https:\/\/www.schramas.com\/winkel\/set-van-2-krentenboompjes-prince-william-amelanchier-hoogte-30cm-9cm-pot\/#breadcrumb","itemListElement":[{"@type":"ListItem","position":1,"name":"Product","item":"https:\/\/www.schramas.com\/assortiment\/"},{"@type":"ListItem","position":2,"name":"Bomen &amp; Struiken","item":"https:\/\/www.schramas.com\/product-category\/bomen-struiken\/"},{"@type":"ListItem","position":3,"name":"Set van 2 Krentenboompjes &#8211; &#8216;Prince William&#8217; &#8211; Amelanchier &#8211; Hoogte 30cm &#8211; 9cm pot"}]},{"@type":"WebSite","@id":"https:\/\/www.schramas.com\/#website","url":"https:\/\/www.schramas.com\/","name":"Schramas.com | Tr\u00e4dg\u00e5rdsv\u00e4xter som enkelt kan best\u00e4llas online | Direkt fr\u00e5n v\u00e5r plantskola","description":"","alternateName":"Schramas.com - Alle planten direct van de kweker","potentialAction":[{"@type":"SearchAction","target":{"@type":"EntryPoint","urlTemplate":"https:\/\/www.schramas.com\/?s={search_term_string}"},"query-input":{"@type":"PropertyValueSpecification","valueRequired":true,"valueName":"search_term_string"}}],"inLanguage":"sv-SE"}]}},"_links":{"self":[{"href":"https:\/\/www.schramas.com\/se\/wp-json\/wp\/v2\/product\/28655","targetHints":{"allow":["GET"]}}],"collection":[{"href":"https:\/\/www.schramas.com\/se\/wp-json\/wp\/v2\/product"}],"about":[{"href":"https:\/\/www.schramas.com\/se\/wp-json\/wp\/v2\/types\/product"}],"version-history":[{"count":1,"href":"https:\/\/www.schramas.com\/se\/wp-json\/wp\/v2\/product\/28655\/revisions"}],"predecessor-version":[{"id":50449,"href":"https:\/\/www.schramas.com\/se\/wp-json\/wp\/v2\/product\/28655\/revisions\/50449"}],"wp:featuredmedia":[{"embeddable":true,"href":"https:\/\/www.schramas.com\/se\/wp-json\/wp\/v2\/media\/28657"}],"wp:attachment":[{"href":"https:\/\/www.schramas.com\/se\/wp-json\/wp\/v2\/media?parent=28655"}],"wp:term":[{"taxonomy":"product_brand","embeddable":true,"href":"https:\/\/www.schramas.com\/se\/wp-json\/wp\/v2\/product_brand?post=28655"},{"taxonomy":"product_cat","embeddable":true,"href":"https:\/\/www.schramas.com\/se\/wp-json\/wp\/v2\/product_cat?post=28655"},{"taxonomy":"product_tag","embeddable":true,"href":"https:\/\/www.schramas.com\/se\/wp-json\/wp\/v2\/product_tag?post=28655"}],"curies":[{"name":"wp","href":"https:\/\/api.w.org\/{rel}","templated":true}]}}