{"id":28660,"date":"2023-09-28T16:48:12","date_gmt":"2023-09-28T14:48:12","guid":{"rendered":"https:\/\/www.schramas.com\/?post_type=product&#038;p=28660"},"modified":"2026-03-26T16:35:54","modified_gmt":"2026-03-26T15:35:54","slug":"uppsattning-av-2-akebia-akebia-quinata-alba-kvitten-klattrande-bar-hojd-25cm-9cm-kruka","status":"publish","type":"product","link":"https:\/\/www.schramas.com\/se\/butik\/uppsattning-av-2-akebia-akebia-quinata-alba-kvitten-klattrande-bar-hojd-25cm-9cm-kruka\/","title":{"rendered":"Upps\u00e4ttning om 2 Akebia - Akebia quinata 'Alba' - Spottgurka\/kl\u00e4tterb\u00e4r - H\u00f6jd 25 cm - 9 cm kruka"},"content":{"rendered":"<p>Uppt\u00e4ck prakten hos Akebia quinata 'Alba', en l\u00f6vf\u00e4llande kl\u00e4tterv\u00e4xt som beh\u00e5ller en del av sina blad \u00e4ven under milda vintrar. Mellan april och juni pryder denna sk\u00f6nhet din tr\u00e4dg\u00e5rd med l\u00e5nga klasar av vita blommor. Honblommorna sitter l\u00e4ngst ner i klasarna, medan hanblommorna sitter h\u00f6gst upp. Med en mild v\u00e5r kan du f\u00f6rv\u00e4nta dig \u00e4nnu rikare blomning.<\/p>\n<p>Efter blomningen och en varm sommar kommer de speciella \u00e4tbara frukterna, som liknar sm\u00e5 gurkor och blir ca 5-10 cm stora. Placera Akebia quinata p\u00e5 en skyddad plats med solljus till halvskugga, men skydda undersidan mot f\u00f6r mycket stark sol. \u00c4ven om denna vinranka ocks\u00e5 kan trivas i skuggan blir blomningen d\u00e5 mindre riklig.<\/p>\n<p>Vid plantering ska du v\u00e4lja r\u00e4tt plats direkt, eftersom transplantation inte riktigt \u00e4r till Akebia quinatas smak. Under det f\u00f6rsta \u00e5ret \u00e4r det l\u00e4mpligt att skydda det fr\u00e5n frost. Annars \u00e4r denna v\u00e4xt inte kr\u00e4vande, men den f\u00f6redrar fuktig, v\u00e4ldr\u00e4nerad och n\u00e4ringsrik jord.<\/p>\n<p>Akebia quinata \u00e4r en riktig prydnad f\u00f6r din tr\u00e4dg\u00e5rd, b\u00e5de p\u00e5 grund av sina doftande blommor, frukter och blad. \u00c4ven rankorna \u00e4r dekorativa och kan anv\u00e4ndas i blomsterarrangemang. Denna vackra v\u00e4xt kan f\u00f6r\u00f6kas genom skiktning eller genom att ta sticklingar av halvtr\u00e4.<\/p>","protected":false},"excerpt":{"rendered":"<p>2x Akebia quinata 'Alba'<\/p>\n<p>Spottgurka\/kl\u00e4tterv\u00e4xt\/kl\u00e4ttrande v\u00e4xt<\/p>\n<p>Max h\u00f6jd: ca 4 meter<\/p>\n<p>Leveransh\u00f6jd inkl. kruka: ca 25 cm<\/p>\n<p>Krukans storlek: 9cm<\/p>\n<p>L\u00e4mplig f\u00f6r b\u00e5de balkong, uteplats och \u00f6ppen mark<\/p>","protected":false},"featured_media":28667,"template":"","meta":{"_joinchat":[]},"product_brand":[],"product_cat":[262,480,1011,234,304,867,305],"product_tag":[1261,529,1262],"class_list":{"0":"post-28660","1":"product","2":"type-product","3":"status-publish","4":"has-post-thumbnail","6":"product_cat-bomen-struiken","7":"product_cat-diversen-struiken","8":"product_cat-fruit-deals","9":"product_cat-fruitstruiken","10":"product_cat-klimplanten","11":"product_cat-pakket-deals","12":"product_cat-planten-heesters","13":"product_tag-augurk","14":"product_tag-klimplant","15":"product_tag-schijnaugurk","16":"pa_ewd_uwcf_colors-groen-2","17":"pa_ewd_uwcf_colors-mixed","18":"pa_groeihoogte-300-cm","19":"pa_pot-9-cm-pot","21":"first","22":"outofstock","23":"taxable","24":"shipping-taxable","25":"purchasable","26":"product-type-simple"},"yoast_head":"<!-- This site is optimized with the Yoast SEO plugin v24.2 - https:\/\/yoast.com\/wordpress\/plugins\/seo\/ -->\n<title>Set van 2 Akebia - Akebia quinata &#039;Alba&#039; - Schijnaugurk\/klimbes - Hoogte 25cm - 9cm pot kopen | Planten eenvoudig online bestellen | Schramas.com<\/title>\n<meta name=\"robots\" content=\"index, follow, max-snippet:-1, max-image-preview:large, max-video-preview:-1\" \/>\n<link rel=\"canonical\" href=\"https:\/\/www.schramas.com\/se\/butik\/uppsattning-av-2-akebia-akebia-quinata-alba-kvitten-klattrande-bar-hojd-25cm-9cm-kruka\/\" \/>\n<meta property=\"og:locale\" content=\"sv_SE\" \/>\n<meta property=\"og:type\" content=\"article\" \/>\n<meta property=\"og:title\" content=\"Set van 2 Akebia - Akebia quinata &#039;Alba&#039; - Schijnaugurk\/klimbes - Hoogte 25cm - 9cm pot kopen | Planten eenvoudig online bestellen | Schramas.com\" \/>\n<meta property=\"og:description\" content=\"2x Akebia quinata &#039;Alba&#039;  Schijnaugurk\/klimbes\/klimplant  Hoogte max.: ca. 4 meter  Leverhoogte incl. pot: ca. 25 cm  Potmaat: 9cm  Geschikt voor zowel balkon, patio als volle grond\" \/>\n<meta property=\"og:url\" content=\"https:\/\/www.schramas.com\/se\/butik\/uppsattning-av-2-akebia-akebia-quinata-alba-kvitten-klattrande-bar-hojd-25cm-9cm-kruka\/\" \/>\n<meta property=\"og:site_name\" content=\"Planten eenvoudig online bestellen | Schramas.com\" \/>\n<meta property=\"article:publisher\" content=\"https:\/\/www.facebook.com\/Schramascom-106872874153195\/\" \/>\n<meta property=\"article:modified_time\" content=\"2026-03-26T15:35:54+00:00\" \/>\n<meta property=\"og:image\" content=\"http:\/\/www.schramas.com\/wp-content\/uploads\/2023\/09\/Akebia-quintata-sfeer.jpg\" \/>\n\t<meta property=\"og:image:width\" content=\"793\" \/>\n\t<meta property=\"og:image:height\" content=\"790\" \/>\n\t<meta property=\"og:image:type\" content=\"image\/jpeg\" \/>\n<meta name=\"twitter:card\" content=\"summary_large_image\" \/>\n<meta name=\"twitter:label1\" content=\"Ber\u00e4knad l\u00e4stid\" \/>\n\t<meta name=\"twitter:data1\" content=\"1 minut\" \/>\n<script type=\"application\/ld+json\" class=\"yoast-schema-graph\">{\"@context\":\"https:\/\/schema.org\",\"@graph\":[{\"@type\":[\"WebPage\",\"ItemPage\"],\"@id\":\"https:\/\/www.schramas.com\/winkel\/set-van-2-akebia-akebia-quinata-alba-schijnaugurk-klimbes-hoogte-25cm-9cm-pot\/\",\"url\":\"https:\/\/www.schramas.com\/winkel\/set-van-2-akebia-akebia-quinata-alba-schijnaugurk-klimbes-hoogte-25cm-9cm-pot\/\",\"name\":\"Set van 2 Akebia - Akebia quinata 'Alba' - Schijnaugurk\/klimbes - Hoogte 25cm - 9cm pot kopen | Planten eenvoudig online bestellen | Schramas.com\",\"isPartOf\":{\"@id\":\"https:\/\/www.schramas.com\/#website\"},\"primaryImageOfPage\":{\"@id\":\"https:\/\/www.schramas.com\/winkel\/set-van-2-akebia-akebia-quinata-alba-schijnaugurk-klimbes-hoogte-25cm-9cm-pot\/#primaryimage\"},\"image\":{\"@id\":\"https:\/\/www.schramas.com\/winkel\/set-van-2-akebia-akebia-quinata-alba-schijnaugurk-klimbes-hoogte-25cm-9cm-pot\/#primaryimage\"},\"thumbnailUrl\":\"https:\/\/www.schramas.com\/wp-content\/uploads\/2023\/09\/Akebia-quintata-sfeer.jpg\",\"datePublished\":\"2023-09-28T14:48:12+00:00\",\"dateModified\":\"2026-03-26T15:35:54+00:00\",\"breadcrumb\":{\"@id\":\"https:\/\/www.schramas.com\/winkel\/set-van-2-akebia-akebia-quinata-alba-schijnaugurk-klimbes-hoogte-25cm-9cm-pot\/#breadcrumb\"},\"inLanguage\":\"sv-SE\",\"potentialAction\":[{\"@type\":\"ReadAction\",\"target\":[\"https:\/\/www.schramas.com\/winkel\/set-van-2-akebia-akebia-quinata-alba-schijnaugurk-klimbes-hoogte-25cm-9cm-pot\/\"]}]},{\"@type\":\"ImageObject\",\"inLanguage\":\"sv-SE\",\"@id\":\"https:\/\/www.schramas.com\/winkel\/set-van-2-akebia-akebia-quinata-alba-schijnaugurk-klimbes-hoogte-25cm-9cm-pot\/#primaryimage\",\"url\":\"https:\/\/www.schramas.com\/wp-content\/uploads\/2023\/09\/Akebia-quintata-sfeer.jpg\",\"contentUrl\":\"https:\/\/www.schramas.com\/wp-content\/uploads\/2023\/09\/Akebia-quintata-sfeer.jpg\",\"width\":793,\"height\":790},{\"@type\":\"BreadcrumbList\",\"@id\":\"https:\/\/www.schramas.com\/winkel\/set-van-2-akebia-akebia-quinata-alba-schijnaugurk-klimbes-hoogte-25cm-9cm-pot\/#breadcrumb\",\"itemListElement\":[{\"@type\":\"ListItem\",\"position\":1,\"name\":\"Product\",\"item\":\"https:\/\/www.schramas.com\/assortiment\/\"},{\"@type\":\"ListItem\",\"position\":2,\"name\":\"Bomen &amp; Struiken\",\"item\":\"https:\/\/www.schramas.com\/product-category\/bomen-struiken\/\"},{\"@type\":\"ListItem\",\"position\":3,\"name\":\"Set van 2 Akebia &#8211; Akebia quinata &#8216;Alba&#8217; &#8211; Schijnaugurk\/klimbes &#8211; Hoogte 25cm &#8211; 9cm pot\"}]},{\"@type\":\"WebSite\",\"@id\":\"https:\/\/www.schramas.com\/#website\",\"url\":\"https:\/\/www.schramas.com\/\",\"name\":\"Schramas.com | Tuinplanten eenvoudig online bestellen | Direct van onze Kwekerij\",\"description\":\"\",\"alternateName\":\"Schramas.com - Alle planten direct van de kweker\",\"potentialAction\":[{\"@type\":\"SearchAction\",\"target\":{\"@type\":\"EntryPoint\",\"urlTemplate\":\"https:\/\/www.schramas.com\/?s={search_term_string}\"},\"query-input\":{\"@type\":\"PropertyValueSpecification\",\"valueRequired\":true,\"valueName\":\"search_term_string\"}}],\"inLanguage\":\"sv-SE\"}]}<\/script>\n<!-- \/ Yoast SEO plugin. -->","yoast_head_json":{"title":"Upps\u00e4ttning av 2 Akebia - Akebia quinata 'Alba' - Mock gurka \/ kl\u00e4ttrande b\u00e4r - H\u00f6jd 25cm - 9cm kruka k\u00f6p | K\u00f6p v\u00e4xter enkelt online | Schramas.com","robots":{"index":"index","follow":"follow","max-snippet":"max-snippet:-1","max-image-preview":"max-image-preview:large","max-video-preview":"max-video-preview:-1"},"canonical":"https:\/\/www.schramas.com\/se\/butik\/uppsattning-av-2-akebia-akebia-quinata-alba-kvitten-klattrande-bar-hojd-25cm-9cm-kruka\/","og_locale":"sv_SE","og_type":"article","og_title":"Set van 2 Akebia - Akebia quinata 'Alba' - Schijnaugurk\/klimbes - Hoogte 25cm - 9cm pot kopen | Planten eenvoudig online bestellen | Schramas.com","og_description":"2x Akebia quinata 'Alba'  Schijnaugurk\/klimbes\/klimplant  Hoogte max.: ca. 4 meter  Leverhoogte incl. pot: ca. 25 cm  Potmaat: 9cm  Geschikt voor zowel balkon, patio als volle grond","og_url":"https:\/\/www.schramas.com\/se\/butik\/uppsattning-av-2-akebia-akebia-quinata-alba-kvitten-klattrande-bar-hojd-25cm-9cm-kruka\/","og_site_name":"Planten eenvoudig online bestellen | Schramas.com","article_publisher":"https:\/\/www.facebook.com\/Schramascom-106872874153195\/","article_modified_time":"2026-03-26T15:35:54+00:00","og_image":[{"width":793,"height":790,"url":"http:\/\/www.schramas.com\/wp-content\/uploads\/2023\/09\/Akebia-quintata-sfeer.jpg","type":"image\/jpeg"}],"twitter_card":"summary_large_image","twitter_misc":{"Ber\u00e4knad l\u00e4stid":"1 minut"},"schema":{"@context":"https:\/\/schema.org","@graph":[{"@type":["WebPage","ItemPage"],"@id":"https:\/\/www.schramas.com\/winkel\/set-van-2-akebia-akebia-quinata-alba-schijnaugurk-klimbes-hoogte-25cm-9cm-pot\/","url":"https:\/\/www.schramas.com\/winkel\/set-van-2-akebia-akebia-quinata-alba-schijnaugurk-klimbes-hoogte-25cm-9cm-pot\/","name":"Upps\u00e4ttning av 2 Akebia - Akebia quinata 'Alba' - Mock gurka \/ kl\u00e4ttrande b\u00e4r - H\u00f6jd 25cm - 9cm kruka k\u00f6p | K\u00f6p v\u00e4xter enkelt online | Schramas.com","isPartOf":{"@id":"https:\/\/www.schramas.com\/#website"},"primaryImageOfPage":{"@id":"https:\/\/www.schramas.com\/winkel\/set-van-2-akebia-akebia-quinata-alba-schijnaugurk-klimbes-hoogte-25cm-9cm-pot\/#primaryimage"},"image":{"@id":"https:\/\/www.schramas.com\/winkel\/set-van-2-akebia-akebia-quinata-alba-schijnaugurk-klimbes-hoogte-25cm-9cm-pot\/#primaryimage"},"thumbnailUrl":"https:\/\/www.schramas.com\/wp-content\/uploads\/2023\/09\/Akebia-quintata-sfeer.jpg","datePublished":"2023-09-28T14:48:12+00:00","dateModified":"2026-03-26T15:35:54+00:00","breadcrumb":{"@id":"https:\/\/www.schramas.com\/winkel\/set-van-2-akebia-akebia-quinata-alba-schijnaugurk-klimbes-hoogte-25cm-9cm-pot\/#breadcrumb"},"inLanguage":"sv-SE","potentialAction":[{"@type":"ReadAction","target":["https:\/\/www.schramas.com\/winkel\/set-van-2-akebia-akebia-quinata-alba-schijnaugurk-klimbes-hoogte-25cm-9cm-pot\/"]}]},{"@type":"ImageObject","inLanguage":"sv-SE","@id":"https:\/\/www.schramas.com\/winkel\/set-van-2-akebia-akebia-quinata-alba-schijnaugurk-klimbes-hoogte-25cm-9cm-pot\/#primaryimage","url":"https:\/\/www.schramas.com\/wp-content\/uploads\/2023\/09\/Akebia-quintata-sfeer.jpg","contentUrl":"https:\/\/www.schramas.com\/wp-content\/uploads\/2023\/09\/Akebia-quintata-sfeer.jpg","width":793,"height":790},{"@type":"BreadcrumbList","@id":"https:\/\/www.schramas.com\/winkel\/set-van-2-akebia-akebia-quinata-alba-schijnaugurk-klimbes-hoogte-25cm-9cm-pot\/#breadcrumb","itemListElement":[{"@type":"ListItem","position":1,"name":"Product","item":"https:\/\/www.schramas.com\/assortiment\/"},{"@type":"ListItem","position":2,"name":"Bomen &amp; Struiken","item":"https:\/\/www.schramas.com\/product-category\/bomen-struiken\/"},{"@type":"ListItem","position":3,"name":"Set van 2 Akebia &#8211; Akebia quinata &#8216;Alba&#8217; &#8211; Schijnaugurk\/klimbes &#8211; Hoogte 25cm &#8211; 9cm pot"}]},{"@type":"WebSite","@id":"https:\/\/www.schramas.com\/#website","url":"https:\/\/www.schramas.com\/","name":"Schramas.com | Tr\u00e4dg\u00e5rdsv\u00e4xter som enkelt kan best\u00e4llas online | Direkt fr\u00e5n v\u00e5r plantskola","description":"","alternateName":"Schramas.com - Alle planten direct van de kweker","potentialAction":[{"@type":"SearchAction","target":{"@type":"EntryPoint","urlTemplate":"https:\/\/www.schramas.com\/?s={search_term_string}"},"query-input":{"@type":"PropertyValueSpecification","valueRequired":true,"valueName":"search_term_string"}}],"inLanguage":"sv-SE"}]}},"_links":{"self":[{"href":"https:\/\/www.schramas.com\/se\/wp-json\/wp\/v2\/product\/28660","targetHints":{"allow":["GET"]}}],"collection":[{"href":"https:\/\/www.schramas.com\/se\/wp-json\/wp\/v2\/product"}],"about":[{"href":"https:\/\/www.schramas.com\/se\/wp-json\/wp\/v2\/types\/product"}],"version-history":[{"count":1,"href":"https:\/\/www.schramas.com\/se\/wp-json\/wp\/v2\/product\/28660\/revisions"}],"predecessor-version":[{"id":46796,"href":"https:\/\/www.schramas.com\/se\/wp-json\/wp\/v2\/product\/28660\/revisions\/46796"}],"wp:featuredmedia":[{"embeddable":true,"href":"https:\/\/www.schramas.com\/se\/wp-json\/wp\/v2\/media\/28667"}],"wp:attachment":[{"href":"https:\/\/www.schramas.com\/se\/wp-json\/wp\/v2\/media?parent=28660"}],"wp:term":[{"taxonomy":"product_brand","embeddable":true,"href":"https:\/\/www.schramas.com\/se\/wp-json\/wp\/v2\/product_brand?post=28660"},{"taxonomy":"product_cat","embeddable":true,"href":"https:\/\/www.schramas.com\/se\/wp-json\/wp\/v2\/product_cat?post=28660"},{"taxonomy":"product_tag","embeddable":true,"href":"https:\/\/www.schramas.com\/se\/wp-json\/wp\/v2\/product_tag?post=28660"}],"curies":[{"name":"wp","href":"https:\/\/api.w.org\/{rel}","templated":true}]}}