{"id":28690,"date":"2023-09-29T13:29:41","date_gmt":"2023-09-29T11:29:41","guid":{"rendered":"https:\/\/www.schramas.com\/?post_type=product&#038;p=28690"},"modified":"2026-03-26T16:35:55","modified_gmt":"2026-03-26T15:35:55","slug":"uppsattning-av-2-druvor-vitis-vinifera-vanessa-hojd-50cm-11cm-kruka","status":"publish","type":"product","link":"https:\/\/www.schramas.com\/se\/butik\/uppsattning-av-2-druvor-vitis-vinifera-vanessa-hojd-50cm-11cm-kruka\/","title":{"rendered":"Upps\u00e4ttning av 2 druvor - Vitis vinifera 'Vanessa' - H\u00f6jd 50cm - 11cm kruka"},"content":{"rendered":"<p>Vitis vinifera 'Vanessa' \u00e4r en robust v\u00e4xt som utm\u00e4rker sig genom sin goda h\u00e4lsa. Denna druvv\u00e4xt \u00e4r exceptionellt h\u00e4rdig och uppvisar h\u00f6g motst\u00e5ndskraft mot mj\u00f6ldagg. I Nederl\u00e4nderna mognar druvorna bra, s\u00e5 de kan vanligtvis sk\u00f6rdas i september. De blekr\u00f6da frukterna \u00e4r fria fr\u00e5n k\u00e4rnor, vilket bidrar till njutningen. \u00c4ven om druvorna \u00e4r sm\u00e5 till storleken g\u00f6r detta dem faktiskt mycket l\u00e4mpliga f\u00f6r odling utomhus. Dessutom har denna druva en l\u00e5ng h\u00e5llbarhetstid. \"Vanessa\" framh\u00e5lls ofta som den b\u00e4sta k\u00e4rnfria druvan f\u00f6r det holl\u00e4ndska klimatet.<\/p>\n<ul>\n<li>Blommande m\u00e5nad: Juni<\/li>\n<li>Bladf\u00e4rg: Gr\u00f6n<\/li>\n<li>Vintergr\u00f6n: L\u00f6vf\u00e4llande<\/li>\n<li>H\u00e4rdighet: God vinterh\u00e4rdighet<\/li>\n<li>Position: Sol<\/li>\n<li>Livsmilj\u00f6: fuktig jord<\/li>\n<\/ul>","protected":false},"excerpt":{"rendered":"<p>2x Vitis vinifera 'Vanessa'<\/p>\n<p>R\u00f6d druva<\/p>\n<p>Max h\u00f6jd: ca 4 meter<\/p>\n<p>Leveransh\u00f6jd inkl. kruka: ca 50 cm<\/p>\n<p>Krukans storlek: 11cm<\/p>\n<p>L\u00e4mplig f\u00f6r b\u00e5de balkong, uteplats och \u00f6ppen mark<\/p>","protected":false},"featured_media":28692,"template":"","meta":{"_joinchat":[]},"product_brand":[],"product_cat":[262,39,1011,234,867],"product_tag":[1267,966,1269,1274,1275,1276,1268,1273],"class_list":{"0":"post-28690","1":"product","2":"type-product","3":"status-publish","4":"has-post-thumbnail","6":"product_cat-bomen-struiken","7":"product_cat-druiven","8":"product_cat-fruit-deals","9":"product_cat-fruitstruiken","10":"product_cat-pakket-deals","11":"product_tag-druivenplant","12":"product_tag-rode-druif","13":"product_tag-sappigedruiven","14":"product_tag-tafeldruif","15":"product_tag-tuinieren","16":"product_tag-vanessa","17":"product_tag-vitisvinifera","18":"product_tag-wijnproductie","19":"pa_groeihoogte-300-cm","20":"pa_pot-105-cm-pot","22":"first","23":"outofstock","24":"taxable","25":"shipping-taxable","26":"purchasable","27":"product-type-simple"},"yoast_head":"<!-- This site is optimized with the Yoast SEO plugin v24.2 - https:\/\/yoast.com\/wordpress\/plugins\/seo\/ -->\n<title>Set van 2 Druiven - Vitis vinifera &#039;Vanessa&#039; - Hoogte 50cm - 11cm pot kopen | Planten eenvoudig online bestellen | Schramas.com<\/title>\n<meta name=\"robots\" content=\"index, follow, max-snippet:-1, max-image-preview:large, max-video-preview:-1\" \/>\n<link rel=\"canonical\" href=\"https:\/\/www.schramas.com\/se\/butik\/uppsattning-av-2-druvor-vitis-vinifera-vanessa-hojd-50cm-11cm-kruka\/\" \/>\n<meta property=\"og:locale\" content=\"sv_SE\" \/>\n<meta property=\"og:type\" content=\"article\" \/>\n<meta property=\"og:title\" content=\"Set van 2 Druiven - Vitis vinifera &#039;Vanessa&#039; - Hoogte 50cm - 11cm pot kopen | Planten eenvoudig online bestellen | Schramas.com\" \/>\n<meta property=\"og:description\" content=\"2x Vitis vinifera &#039;Vanessa&#039;  Rode druif  Hoogte max.: ca. 4 meter  Leverhoogte incl. pot: ca. 50 cm  Potmaat: 11cm  Geschikt voor zowel balkon, patio als volle grond\" \/>\n<meta property=\"og:url\" content=\"https:\/\/www.schramas.com\/se\/butik\/uppsattning-av-2-druvor-vitis-vinifera-vanessa-hojd-50cm-11cm-kruka\/\" \/>\n<meta property=\"og:site_name\" content=\"Planten eenvoudig online bestellen | Schramas.com\" \/>\n<meta property=\"article:publisher\" content=\"https:\/\/www.facebook.com\/Schramascom-106872874153195\/\" \/>\n<meta property=\"article:modified_time\" content=\"2026-03-26T15:35:55+00:00\" \/>\n<meta property=\"og:image\" content=\"https:\/\/www.schramas.com\/wp-content\/uploads\/2023\/09\/Vitis-vinifera-Vanessa-sfeer.jpg\" \/>\n\t<meta property=\"og:image:width\" content=\"788\" \/>\n\t<meta property=\"og:image:height\" content=\"786\" \/>\n\t<meta property=\"og:image:type\" content=\"image\/jpeg\" \/>\n<meta name=\"twitter:card\" content=\"summary_large_image\" \/>\n<meta name=\"twitter:label1\" content=\"Ber\u00e4knad l\u00e4stid\" \/>\n\t<meta name=\"twitter:data1\" content=\"1 minut\" \/>\n<script type=\"application\/ld+json\" class=\"yoast-schema-graph\">{\"@context\":\"https:\/\/schema.org\",\"@graph\":[{\"@type\":[\"WebPage\",\"ItemPage\"],\"@id\":\"https:\/\/www.schramas.com\/winkel\/set-van-2-druiven-vitis-vinifera-vanessa-hoogte-50cm-11cm-pot\/\",\"url\":\"https:\/\/www.schramas.com\/winkel\/set-van-2-druiven-vitis-vinifera-vanessa-hoogte-50cm-11cm-pot\/\",\"name\":\"Set van 2 Druiven - Vitis vinifera 'Vanessa' - Hoogte 50cm - 11cm pot kopen | Planten eenvoudig online bestellen | Schramas.com\",\"isPartOf\":{\"@id\":\"https:\/\/www.schramas.com\/#website\"},\"primaryImageOfPage\":{\"@id\":\"https:\/\/www.schramas.com\/winkel\/set-van-2-druiven-vitis-vinifera-vanessa-hoogte-50cm-11cm-pot\/#primaryimage\"},\"image\":{\"@id\":\"https:\/\/www.schramas.com\/winkel\/set-van-2-druiven-vitis-vinifera-vanessa-hoogte-50cm-11cm-pot\/#primaryimage\"},\"thumbnailUrl\":\"https:\/\/www.schramas.com\/wp-content\/uploads\/2023\/09\/Vitis-vinifera-Vanessa-sfeer.jpg\",\"datePublished\":\"2023-09-29T11:29:41+00:00\",\"dateModified\":\"2026-03-26T15:35:55+00:00\",\"breadcrumb\":{\"@id\":\"https:\/\/www.schramas.com\/winkel\/set-van-2-druiven-vitis-vinifera-vanessa-hoogte-50cm-11cm-pot\/#breadcrumb\"},\"inLanguage\":\"sv-SE\",\"potentialAction\":[{\"@type\":\"ReadAction\",\"target\":[\"https:\/\/www.schramas.com\/winkel\/set-van-2-druiven-vitis-vinifera-vanessa-hoogte-50cm-11cm-pot\/\"]}]},{\"@type\":\"ImageObject\",\"inLanguage\":\"sv-SE\",\"@id\":\"https:\/\/www.schramas.com\/winkel\/set-van-2-druiven-vitis-vinifera-vanessa-hoogte-50cm-11cm-pot\/#primaryimage\",\"url\":\"https:\/\/www.schramas.com\/wp-content\/uploads\/2023\/09\/Vitis-vinifera-Vanessa-sfeer.jpg\",\"contentUrl\":\"https:\/\/www.schramas.com\/wp-content\/uploads\/2023\/09\/Vitis-vinifera-Vanessa-sfeer.jpg\",\"width\":788,\"height\":786},{\"@type\":\"BreadcrumbList\",\"@id\":\"https:\/\/www.schramas.com\/winkel\/set-van-2-druiven-vitis-vinifera-vanessa-hoogte-50cm-11cm-pot\/#breadcrumb\",\"itemListElement\":[{\"@type\":\"ListItem\",\"position\":1,\"name\":\"Product\",\"item\":\"https:\/\/www.schramas.com\/assortiment\/\"},{\"@type\":\"ListItem\",\"position\":2,\"name\":\"Bomen &amp; Struiken\",\"item\":\"https:\/\/www.schramas.com\/product-category\/bomen-struiken\/\"},{\"@type\":\"ListItem\",\"position\":3,\"name\":\"Set van 2 Druiven &#8211; Vitis vinifera &#8216;Vanessa&#8217; &#8211; Hoogte 50cm &#8211; 11cm pot\"}]},{\"@type\":\"WebSite\",\"@id\":\"https:\/\/www.schramas.com\/#website\",\"url\":\"https:\/\/www.schramas.com\/\",\"name\":\"Schramas.com | Tuinplanten eenvoudig online bestellen | Direct van onze Kwekerij\",\"description\":\"\",\"alternateName\":\"Schramas.com - Alle planten direct van de kweker\",\"potentialAction\":[{\"@type\":\"SearchAction\",\"target\":{\"@type\":\"EntryPoint\",\"urlTemplate\":\"https:\/\/www.schramas.com\/?s={search_term_string}\"},\"query-input\":{\"@type\":\"PropertyValueSpecification\",\"valueRequired\":true,\"valueName\":\"search_term_string\"}}],\"inLanguage\":\"sv-SE\"}]}<\/script>\n<!-- \/ Yoast SEO plugin. -->","yoast_head_json":{"title":"Upps\u00e4ttning av 2 druvor - Vitis vinifera 'Vanessa' - H\u00f6jd 50cm - k\u00f6p 11cm kruka | K\u00f6p v\u00e4xter enkelt online | Schramas.com","robots":{"index":"index","follow":"follow","max-snippet":"max-snippet:-1","max-image-preview":"max-image-preview:large","max-video-preview":"max-video-preview:-1"},"canonical":"https:\/\/www.schramas.com\/se\/butik\/uppsattning-av-2-druvor-vitis-vinifera-vanessa-hojd-50cm-11cm-kruka\/","og_locale":"sv_SE","og_type":"article","og_title":"Set van 2 Druiven - Vitis vinifera 'Vanessa' - Hoogte 50cm - 11cm pot kopen | Planten eenvoudig online bestellen | Schramas.com","og_description":"2x Vitis vinifera 'Vanessa'  Rode druif  Hoogte max.: ca. 4 meter  Leverhoogte incl. pot: ca. 50 cm  Potmaat: 11cm  Geschikt voor zowel balkon, patio als volle grond","og_url":"https:\/\/www.schramas.com\/se\/butik\/uppsattning-av-2-druvor-vitis-vinifera-vanessa-hojd-50cm-11cm-kruka\/","og_site_name":"Planten eenvoudig online bestellen | Schramas.com","article_publisher":"https:\/\/www.facebook.com\/Schramascom-106872874153195\/","article_modified_time":"2026-03-26T15:35:55+00:00","og_image":[{"width":788,"height":786,"url":"https:\/\/www.schramas.com\/wp-content\/uploads\/2023\/09\/Vitis-vinifera-Vanessa-sfeer.jpg","type":"image\/jpeg"}],"twitter_card":"summary_large_image","twitter_misc":{"Ber\u00e4knad l\u00e4stid":"1 minut"},"schema":{"@context":"https:\/\/schema.org","@graph":[{"@type":["WebPage","ItemPage"],"@id":"https:\/\/www.schramas.com\/winkel\/set-van-2-druiven-vitis-vinifera-vanessa-hoogte-50cm-11cm-pot\/","url":"https:\/\/www.schramas.com\/winkel\/set-van-2-druiven-vitis-vinifera-vanessa-hoogte-50cm-11cm-pot\/","name":"Upps\u00e4ttning av 2 druvor - Vitis vinifera 'Vanessa' - H\u00f6jd 50cm - k\u00f6p 11cm kruka | K\u00f6p v\u00e4xter enkelt online | Schramas.com","isPartOf":{"@id":"https:\/\/www.schramas.com\/#website"},"primaryImageOfPage":{"@id":"https:\/\/www.schramas.com\/winkel\/set-van-2-druiven-vitis-vinifera-vanessa-hoogte-50cm-11cm-pot\/#primaryimage"},"image":{"@id":"https:\/\/www.schramas.com\/winkel\/set-van-2-druiven-vitis-vinifera-vanessa-hoogte-50cm-11cm-pot\/#primaryimage"},"thumbnailUrl":"https:\/\/www.schramas.com\/wp-content\/uploads\/2023\/09\/Vitis-vinifera-Vanessa-sfeer.jpg","datePublished":"2023-09-29T11:29:41+00:00","dateModified":"2026-03-26T15:35:55+00:00","breadcrumb":{"@id":"https:\/\/www.schramas.com\/winkel\/set-van-2-druiven-vitis-vinifera-vanessa-hoogte-50cm-11cm-pot\/#breadcrumb"},"inLanguage":"sv-SE","potentialAction":[{"@type":"ReadAction","target":["https:\/\/www.schramas.com\/winkel\/set-van-2-druiven-vitis-vinifera-vanessa-hoogte-50cm-11cm-pot\/"]}]},{"@type":"ImageObject","inLanguage":"sv-SE","@id":"https:\/\/www.schramas.com\/winkel\/set-van-2-druiven-vitis-vinifera-vanessa-hoogte-50cm-11cm-pot\/#primaryimage","url":"https:\/\/www.schramas.com\/wp-content\/uploads\/2023\/09\/Vitis-vinifera-Vanessa-sfeer.jpg","contentUrl":"https:\/\/www.schramas.com\/wp-content\/uploads\/2023\/09\/Vitis-vinifera-Vanessa-sfeer.jpg","width":788,"height":786},{"@type":"BreadcrumbList","@id":"https:\/\/www.schramas.com\/winkel\/set-van-2-druiven-vitis-vinifera-vanessa-hoogte-50cm-11cm-pot\/#breadcrumb","itemListElement":[{"@type":"ListItem","position":1,"name":"Product","item":"https:\/\/www.schramas.com\/assortiment\/"},{"@type":"ListItem","position":2,"name":"Bomen &amp; Struiken","item":"https:\/\/www.schramas.com\/product-category\/bomen-struiken\/"},{"@type":"ListItem","position":3,"name":"Set van 2 Druiven &#8211; Vitis vinifera &#8216;Vanessa&#8217; &#8211; Hoogte 50cm &#8211; 11cm pot"}]},{"@type":"WebSite","@id":"https:\/\/www.schramas.com\/#website","url":"https:\/\/www.schramas.com\/","name":"Schramas.com | Tr\u00e4dg\u00e5rdsv\u00e4xter som enkelt kan best\u00e4llas online | Direkt fr\u00e5n v\u00e5r plantskola","description":"","alternateName":"Schramas.com - Alle planten direct van de kweker","potentialAction":[{"@type":"SearchAction","target":{"@type":"EntryPoint","urlTemplate":"https:\/\/www.schramas.com\/?s={search_term_string}"},"query-input":{"@type":"PropertyValueSpecification","valueRequired":true,"valueName":"search_term_string"}}],"inLanguage":"sv-SE"}]}},"_links":{"self":[{"href":"https:\/\/www.schramas.com\/se\/wp-json\/wp\/v2\/product\/28690","targetHints":{"allow":["GET"]}}],"collection":[{"href":"https:\/\/www.schramas.com\/se\/wp-json\/wp\/v2\/product"}],"about":[{"href":"https:\/\/www.schramas.com\/se\/wp-json\/wp\/v2\/types\/product"}],"version-history":[{"count":0,"href":"https:\/\/www.schramas.com\/se\/wp-json\/wp\/v2\/product\/28690\/revisions"}],"wp:featuredmedia":[{"embeddable":true,"href":"https:\/\/www.schramas.com\/se\/wp-json\/wp\/v2\/media\/28692"}],"wp:attachment":[{"href":"https:\/\/www.schramas.com\/se\/wp-json\/wp\/v2\/media?parent=28690"}],"wp:term":[{"taxonomy":"product_brand","embeddable":true,"href":"https:\/\/www.schramas.com\/se\/wp-json\/wp\/v2\/product_brand?post=28690"},{"taxonomy":"product_cat","embeddable":true,"href":"https:\/\/www.schramas.com\/se\/wp-json\/wp\/v2\/product_cat?post=28690"},{"taxonomy":"product_tag","embeddable":true,"href":"https:\/\/www.schramas.com\/se\/wp-json\/wp\/v2\/product_tag?post=28690"}],"curies":[{"name":"wp","href":"https:\/\/api.w.org\/{rel}","templated":true}]}}