{"id":28997,"date":"2023-10-19T11:30:09","date_gmt":"2023-10-19T09:30:09","guid":{"rendered":"https:\/\/www.schramas.com\/?post_type=product&#038;p=28997"},"modified":"2026-03-26T16:35:57","modified_gmt":"2026-03-26T15:35:57","slug":"set-om-4-gul-flader-sambucus-nigra-golden-tower-hojd-25cm-9cm-kruka","status":"publish","type":"product","link":"https:\/\/www.schramas.com\/se\/butik\/set-om-4-gul-flader-sambucus-nigra-golden-tower-hojd-25cm-9cm-kruka\/","title":{"rendered":"Set om 4 gul fl\u00e4der - Sambucus nigra 'Golden Tower' - H\u00f6jd 25cm - 9cm kruka"},"content":{"rendered":"<p>Sambucus nigra 'Golden Tower' \u00e4r ett anm\u00e4rkningsv\u00e4rt tillskott till alla tr\u00e4dg\u00e5rdar. Denna kompakta buske drar till sig uppm\u00e4rksamhet med sina lysande ljusgula blad. De unga skotten lyser i en livlig gul f\u00e4rg och \u00f6verg\u00e5r gradvis till en vacker gr\u00f6ngul f\u00e4rg.<\/p>\n<p>I juni visar \"Golden Tower\" upp ett stort antal underbart doftande vita blommor, som senare ger plats f\u00f6r dekorativa b\u00e4r. Redan namnet 'Golden Tower' avsl\u00f6jar allt som \u00e4r speciellt med denna Sambucus nigra. V\u00e4xten har ett elegant, slankt och uppr\u00e4tt v\u00e4xts\u00e4tt. De gr\u00f6ngula bladen ser ut att glittra som guld i solljuset och har dessutom en f\u00f6rtrollande djupt inskuren form.<\/p>\n<p>Det som g\u00f6r den h\u00e4r busken extra attraktiv \u00e4r att den \u00e4r l\u00e4ttsk\u00f6tt. Placera den i fuktig, humusrik jord p\u00e5 en plats i halvskugga. Med en h\u00e4rdighet p\u00e5 -22\u00b0C klarar 'Golden Tower' kyla bra. S\u00e5 sm\u00e5ningom n\u00e5r denna buske en h\u00f6jd p\u00e5 3 meter och en bredd p\u00e5 70 cm. Tack vare sin slanka form passar den perfekt i b\u00e5de stora och sm\u00e5 tr\u00e4dg\u00e5rdar.<\/p>\n<p>Oavsett om du v\u00e4ljer en solit\u00e4r plats i en kruka, en kombination med andra v\u00e4xter eller i en buskplantering k\u00e4nner sig 'Golden Tower' hemma \u00f6verallt. Den \u00e4r ocks\u00e5 s\u00e4rskilt l\u00e4mplig f\u00f6r strukturerade rabatter. Med sin st\u00e5tliga h\u00f6jd och sin sl\u00e5ende f\u00e4rg ger 'Golden Tower' din tr\u00e4dg\u00e5rd en touch av magi!<\/p>","protected":false},"excerpt":{"rendered":"<p>4x Sambucus nigra 'Golden Tower'<\/p>\n<p>Gul fl\u00e4der<\/p>\n<p>Max. h\u00f6jd ca 300-400 cm<\/p>\n<p>L\u00f6vf\u00e4llande<\/p>\n<p>Hardy<\/p>\n<p>Levereras i en 9 cm stor kruka<\/p>","protected":false},"featured_media":28999,"template":"","meta":{"_joinchat":[]},"product_brand":[],"product_cat":[302,262,1011,234,300,867,1012,229,305],"product_tag":[1296,1299,1295,1294,1298,1300,1297,766],"class_list":{"0":"post-28997","1":"product","2":"type-product","3":"status-publish","4":"has-post-thumbnail","6":"product_cat-bladverliezende-heesters","7":"product_cat-bomen-struiken","8":"product_cat-fruit-deals","9":"product_cat-fruitstruiken","10":"product_cat-heesters","11":"product_cat-pakket-deals","12":"product_cat-overige-deals","13":"product_cat-sierheesters","14":"product_cat-planten-heesters","15":"product_tag-compacteheester","16":"product_tag-elegantegroei","17":"product_tag-heldergelebladeren","18":"product_tag-sambucusnigragoldentower","19":"product_tag-vlierbessen","20":"product_tag-winterhardheid","21":"product_tag-wittebloemen","22":"product_tag-bladverliezend","23":"pa_groeihoogte-300-cm","24":"pa_pot-9-cm-pot","26":"first","27":"outofstock","28":"taxable","29":"shipping-taxable","30":"purchasable","31":"product-type-simple"},"yoast_head":"<!-- This site is optimized with the Yoast SEO plugin v24.2 - https:\/\/yoast.com\/wordpress\/plugins\/seo\/ -->\n<title>Set Van 4 Gele vlier - Sambucus nigra &#039;Golden Tower&#039; \u2013 Hoogte 25cm - 9cm pot kopen | Planten eenvoudig online bestellen | Schramas.com<\/title>\n<meta name=\"robots\" content=\"index, follow, max-snippet:-1, max-image-preview:large, max-video-preview:-1\" \/>\n<link rel=\"canonical\" href=\"https:\/\/www.schramas.com\/se\/butik\/set-om-4-gul-flader-sambucus-nigra-golden-tower-hojd-25cm-9cm-kruka\/\" \/>\n<meta property=\"og:locale\" content=\"sv_SE\" \/>\n<meta property=\"og:type\" content=\"article\" \/>\n<meta property=\"og:title\" content=\"Set Van 4 Gele vlier - Sambucus nigra &#039;Golden Tower&#039; \u2013 Hoogte 25cm - 9cm pot kopen | Planten eenvoudig online bestellen | Schramas.com\" \/>\n<meta property=\"og:description\" content=\"4x Sambucus nigra &#039;Golden Tower&#039;  Gele vlier  Max. hoogte ca. 300-400 cm  Bladverliezend  Winterhard  Geleverd in een 9cm pot\" \/>\n<meta property=\"og:url\" content=\"https:\/\/www.schramas.com\/se\/butik\/set-om-4-gul-flader-sambucus-nigra-golden-tower-hojd-25cm-9cm-kruka\/\" \/>\n<meta property=\"og:site_name\" content=\"Planten eenvoudig online bestellen | Schramas.com\" \/>\n<meta property=\"article:publisher\" content=\"https:\/\/www.facebook.com\/Schramascom-106872874153195\/\" \/>\n<meta property=\"article:modified_time\" content=\"2026-03-26T15:35:57+00:00\" \/>\n<meta property=\"og:image\" content=\"http:\/\/www.schramas.com\/wp-content\/uploads\/2023\/10\/Sambucus-nigra-Golden-Tower-sfeer.jpg\" \/>\n\t<meta property=\"og:image:width\" content=\"1600\" \/>\n\t<meta property=\"og:image:height\" content=\"1600\" \/>\n\t<meta property=\"og:image:type\" content=\"image\/jpeg\" \/>\n<meta name=\"twitter:card\" content=\"summary_large_image\" \/>\n<meta name=\"twitter:label1\" content=\"Ber\u00e4knad l\u00e4stid\" \/>\n\t<meta name=\"twitter:data1\" content=\"1 minut\" \/>\n<script type=\"application\/ld+json\" class=\"yoast-schema-graph\">{\"@context\":\"https:\/\/schema.org\",\"@graph\":[{\"@type\":[\"WebPage\",\"ItemPage\"],\"@id\":\"https:\/\/www.schramas.com\/winkel\/set-van-4-gele-vlier-sambucus-nigra-golden-tower-hoogte-25cm-9cm-pot\/\",\"url\":\"https:\/\/www.schramas.com\/winkel\/set-van-4-gele-vlier-sambucus-nigra-golden-tower-hoogte-25cm-9cm-pot\/\",\"name\":\"Set Van 4 Gele vlier - Sambucus nigra 'Golden Tower' \u2013 Hoogte 25cm - 9cm pot kopen | Planten eenvoudig online bestellen | Schramas.com\",\"isPartOf\":{\"@id\":\"https:\/\/www.schramas.com\/#website\"},\"primaryImageOfPage\":{\"@id\":\"https:\/\/www.schramas.com\/winkel\/set-van-4-gele-vlier-sambucus-nigra-golden-tower-hoogte-25cm-9cm-pot\/#primaryimage\"},\"image\":{\"@id\":\"https:\/\/www.schramas.com\/winkel\/set-van-4-gele-vlier-sambucus-nigra-golden-tower-hoogte-25cm-9cm-pot\/#primaryimage\"},\"thumbnailUrl\":\"https:\/\/www.schramas.com\/wp-content\/uploads\/2023\/10\/Sambucus-nigra-Golden-Tower-sfeer.jpg\",\"datePublished\":\"2023-10-19T09:30:09+00:00\",\"dateModified\":\"2026-03-26T15:35:57+00:00\",\"breadcrumb\":{\"@id\":\"https:\/\/www.schramas.com\/winkel\/set-van-4-gele-vlier-sambucus-nigra-golden-tower-hoogte-25cm-9cm-pot\/#breadcrumb\"},\"inLanguage\":\"sv-SE\",\"potentialAction\":[{\"@type\":\"ReadAction\",\"target\":[\"https:\/\/www.schramas.com\/winkel\/set-van-4-gele-vlier-sambucus-nigra-golden-tower-hoogte-25cm-9cm-pot\/\"]}]},{\"@type\":\"ImageObject\",\"inLanguage\":\"sv-SE\",\"@id\":\"https:\/\/www.schramas.com\/winkel\/set-van-4-gele-vlier-sambucus-nigra-golden-tower-hoogte-25cm-9cm-pot\/#primaryimage\",\"url\":\"https:\/\/www.schramas.com\/wp-content\/uploads\/2023\/10\/Sambucus-nigra-Golden-Tower-sfeer.jpg\",\"contentUrl\":\"https:\/\/www.schramas.com\/wp-content\/uploads\/2023\/10\/Sambucus-nigra-Golden-Tower-sfeer.jpg\",\"width\":1600,\"height\":1600},{\"@type\":\"BreadcrumbList\",\"@id\":\"https:\/\/www.schramas.com\/winkel\/set-van-4-gele-vlier-sambucus-nigra-golden-tower-hoogte-25cm-9cm-pot\/#breadcrumb\",\"itemListElement\":[{\"@type\":\"ListItem\",\"position\":1,\"name\":\"Product\",\"item\":\"https:\/\/www.schramas.com\/assortiment\/\"},{\"@type\":\"ListItem\",\"position\":2,\"name\":\"Bomen &amp; Struiken\",\"item\":\"https:\/\/www.schramas.com\/product-category\/bomen-struiken\/\"},{\"@type\":\"ListItem\",\"position\":3,\"name\":\"Set Van 4 Gele vlier &#8211; Sambucus nigra &#8216;Golden Tower&#8217; \u2013 Hoogte 25cm &#8211; 9cm pot\"}]},{\"@type\":\"WebSite\",\"@id\":\"https:\/\/www.schramas.com\/#website\",\"url\":\"https:\/\/www.schramas.com\/\",\"name\":\"Schramas.com | Tuinplanten eenvoudig online bestellen | Direct van onze Kwekerij\",\"description\":\"\",\"alternateName\":\"Schramas.com - Alle planten direct van de kweker\",\"potentialAction\":[{\"@type\":\"SearchAction\",\"target\":{\"@type\":\"EntryPoint\",\"urlTemplate\":\"https:\/\/www.schramas.com\/?s={search_term_string}\"},\"query-input\":{\"@type\":\"PropertyValueSpecification\",\"valueRequired\":true,\"valueName\":\"search_term_string\"}}],\"inLanguage\":\"sv-SE\"}]}<\/script>\n<!-- \/ Yoast SEO plugin. -->","yoast_head_json":{"title":"Set om 4 gul fl\u00e4der - Sambucus nigra 'Golden Tower' - K\u00f6ph\u00f6jd 25cm - 9cm kruka | K\u00f6p v\u00e4xter enkelt online | Schramas.com","robots":{"index":"index","follow":"follow","max-snippet":"max-snippet:-1","max-image-preview":"max-image-preview:large","max-video-preview":"max-video-preview:-1"},"canonical":"https:\/\/www.schramas.com\/se\/butik\/set-om-4-gul-flader-sambucus-nigra-golden-tower-hojd-25cm-9cm-kruka\/","og_locale":"sv_SE","og_type":"article","og_title":"Set Van 4 Gele vlier - Sambucus nigra 'Golden Tower' \u2013 Hoogte 25cm - 9cm pot kopen | Planten eenvoudig online bestellen | Schramas.com","og_description":"4x Sambucus nigra 'Golden Tower'  Gele vlier  Max. hoogte ca. 300-400 cm  Bladverliezend  Winterhard  Geleverd in een 9cm pot","og_url":"https:\/\/www.schramas.com\/se\/butik\/set-om-4-gul-flader-sambucus-nigra-golden-tower-hojd-25cm-9cm-kruka\/","og_site_name":"Planten eenvoudig online bestellen | Schramas.com","article_publisher":"https:\/\/www.facebook.com\/Schramascom-106872874153195\/","article_modified_time":"2026-03-26T15:35:57+00:00","og_image":[{"width":1600,"height":1600,"url":"http:\/\/www.schramas.com\/wp-content\/uploads\/2023\/10\/Sambucus-nigra-Golden-Tower-sfeer.jpg","type":"image\/jpeg"}],"twitter_card":"summary_large_image","twitter_misc":{"Ber\u00e4knad l\u00e4stid":"1 minut"},"schema":{"@context":"https:\/\/schema.org","@graph":[{"@type":["WebPage","ItemPage"],"@id":"https:\/\/www.schramas.com\/winkel\/set-van-4-gele-vlier-sambucus-nigra-golden-tower-hoogte-25cm-9cm-pot\/","url":"https:\/\/www.schramas.com\/winkel\/set-van-4-gele-vlier-sambucus-nigra-golden-tower-hoogte-25cm-9cm-pot\/","name":"Set om 4 gul fl\u00e4der - Sambucus nigra 'Golden Tower' - K\u00f6ph\u00f6jd 25cm - 9cm kruka | K\u00f6p v\u00e4xter enkelt online | Schramas.com","isPartOf":{"@id":"https:\/\/www.schramas.com\/#website"},"primaryImageOfPage":{"@id":"https:\/\/www.schramas.com\/winkel\/set-van-4-gele-vlier-sambucus-nigra-golden-tower-hoogte-25cm-9cm-pot\/#primaryimage"},"image":{"@id":"https:\/\/www.schramas.com\/winkel\/set-van-4-gele-vlier-sambucus-nigra-golden-tower-hoogte-25cm-9cm-pot\/#primaryimage"},"thumbnailUrl":"https:\/\/www.schramas.com\/wp-content\/uploads\/2023\/10\/Sambucus-nigra-Golden-Tower-sfeer.jpg","datePublished":"2023-10-19T09:30:09+00:00","dateModified":"2026-03-26T15:35:57+00:00","breadcrumb":{"@id":"https:\/\/www.schramas.com\/winkel\/set-van-4-gele-vlier-sambucus-nigra-golden-tower-hoogte-25cm-9cm-pot\/#breadcrumb"},"inLanguage":"sv-SE","potentialAction":[{"@type":"ReadAction","target":["https:\/\/www.schramas.com\/winkel\/set-van-4-gele-vlier-sambucus-nigra-golden-tower-hoogte-25cm-9cm-pot\/"]}]},{"@type":"ImageObject","inLanguage":"sv-SE","@id":"https:\/\/www.schramas.com\/winkel\/set-van-4-gele-vlier-sambucus-nigra-golden-tower-hoogte-25cm-9cm-pot\/#primaryimage","url":"https:\/\/www.schramas.com\/wp-content\/uploads\/2023\/10\/Sambucus-nigra-Golden-Tower-sfeer.jpg","contentUrl":"https:\/\/www.schramas.com\/wp-content\/uploads\/2023\/10\/Sambucus-nigra-Golden-Tower-sfeer.jpg","width":1600,"height":1600},{"@type":"BreadcrumbList","@id":"https:\/\/www.schramas.com\/winkel\/set-van-4-gele-vlier-sambucus-nigra-golden-tower-hoogte-25cm-9cm-pot\/#breadcrumb","itemListElement":[{"@type":"ListItem","position":1,"name":"Product","item":"https:\/\/www.schramas.com\/assortiment\/"},{"@type":"ListItem","position":2,"name":"Bomen &amp; Struiken","item":"https:\/\/www.schramas.com\/product-category\/bomen-struiken\/"},{"@type":"ListItem","position":3,"name":"Set Van 4 Gele vlier &#8211; Sambucus nigra &#8216;Golden Tower&#8217; \u2013 Hoogte 25cm &#8211; 9cm pot"}]},{"@type":"WebSite","@id":"https:\/\/www.schramas.com\/#website","url":"https:\/\/www.schramas.com\/","name":"Schramas.com | Tr\u00e4dg\u00e5rdsv\u00e4xter som enkelt kan best\u00e4llas online | Direkt fr\u00e5n v\u00e5r plantskola","description":"","alternateName":"Schramas.com - Alle planten direct van de kweker","potentialAction":[{"@type":"SearchAction","target":{"@type":"EntryPoint","urlTemplate":"https:\/\/www.schramas.com\/?s={search_term_string}"},"query-input":{"@type":"PropertyValueSpecification","valueRequired":true,"valueName":"search_term_string"}}],"inLanguage":"sv-SE"}]}},"_links":{"self":[{"href":"https:\/\/www.schramas.com\/se\/wp-json\/wp\/v2\/product\/28997","targetHints":{"allow":["GET"]}}],"collection":[{"href":"https:\/\/www.schramas.com\/se\/wp-json\/wp\/v2\/product"}],"about":[{"href":"https:\/\/www.schramas.com\/se\/wp-json\/wp\/v2\/types\/product"}],"version-history":[{"count":1,"href":"https:\/\/www.schramas.com\/se\/wp-json\/wp\/v2\/product\/28997\/revisions"}],"predecessor-version":[{"id":60937,"href":"https:\/\/www.schramas.com\/se\/wp-json\/wp\/v2\/product\/28997\/revisions\/60937"}],"wp:featuredmedia":[{"embeddable":true,"href":"https:\/\/www.schramas.com\/se\/wp-json\/wp\/v2\/media\/28999"}],"wp:attachment":[{"href":"https:\/\/www.schramas.com\/se\/wp-json\/wp\/v2\/media?parent=28997"}],"wp:term":[{"taxonomy":"product_brand","embeddable":true,"href":"https:\/\/www.schramas.com\/se\/wp-json\/wp\/v2\/product_brand?post=28997"},{"taxonomy":"product_cat","embeddable":true,"href":"https:\/\/www.schramas.com\/se\/wp-json\/wp\/v2\/product_cat?post=28997"},{"taxonomy":"product_tag","embeddable":true,"href":"https:\/\/www.schramas.com\/se\/wp-json\/wp\/v2\/product_tag?post=28997"}],"curies":[{"name":"wp","href":"https:\/\/api.w.org\/{rel}","templated":true}]}}