{"id":29262,"date":"2023-10-27T17:50:19","date_gmt":"2023-10-27T15:50:19","guid":{"rendered":"https:\/\/www.schramas.com\/?post_type=product&#038;p=29262"},"modified":"2026-03-26T16:36:09","modified_gmt":"2026-03-26T15:36:09","slug":"magnolia-kobus-nordjapansk-magnolia-hojd-100cm-14cm-kruka","status":"publish","type":"product","link":"https:\/\/www.schramas.com\/se\/butik\/magnolia-kobus-nordjapansk-magnolia-hojd-100cm-14cm-kruka\/","title":{"rendered":"Magnolia kobus - Nordlig japansk magnolia - H\u00f6jd 100cm - 14cm kruka"},"content":{"rendered":"<div class=\"group final-completion w-full text-token-text-primary border-b border-black\/10 gizmo:border-0 dark:border-gray-900\/50 gizmo:dark:border-0 bg-gray-50 gizmo:bg-transparent dark:bg-[#444654] gizmo:dark:bg-transparent\" data-testid=\"conversation-turn-292\">\n<div class=\"p-4 gizmo:py-2 justify-center text-base md:gap-6 md:py-6 m-auto\">\n<div class=\"flex flex-1 gap-4 text-base mx-auto md:gap-6 gizmo:gap-3 gizmo:md:px-5 gizmo:lg:px-1 gizmo:xl:px-5 md:max-w-2xl lg:max-w-[38rem] gizmo:md:max-w-3xl gizmo:lg:max-w-[40rem] gizmo:xl:max-w-[48rem] xl:max-w-3xl }\">\n<div class=\"relative flex w-[calc(100%-50px)] flex-col gizmo:w-full lg:w-[calc(100%-115px)] agent-turn\">\n<div class=\"flex-col gap-1 md:gap-3\">\n<div class=\"flex flex-grow flex-col gap-3 max-w-full\">\n<div class=\"min-h-[20px] flex flex-col items-start gap-3 whitespace-pre-wrap break-words overflow-x-auto\">\n<div class=\"markdown prose w-full break-words dark:prose-invert light\">\n<p>Magnolia kobus, \u00e4ven k\u00e4nd som b\u00e4vertr\u00e4det eller falskt tulpantr\u00e4d, f\u00f6rtrollar med en frodig blomning av stora, rent vita blommor runt april m\u00e5nad. N\u00e4r tr\u00e4det \u00e5ldras blir denna blomning \u00e4nnu rikare och rikare. De djupgr\u00f6na l\u00f6ven brukar f\u00e5 en vacker gul h\u00f6stf\u00e4rg. R\u00f6da frukter kan ocks\u00e5 dyka upp efter blomningen. Denna magnolia v\u00e4xer stadigt och passar d\u00e4rf\u00f6r \u00e4ven i mindre tr\u00e4dg\u00e5rdar.<\/p>\n<p>\u00c4ven om Magnolia kobus s\u00e5 sm\u00e5ningom kan n\u00e5 en h\u00f6jd av 8 till 10 meter, \u00e4r tillv\u00e4xten l\u00e5ngsam och huvudsakligen uppr\u00e4tt i b\u00f6rjan. F\u00f6rst vid en senare \u00e5lder kommer kronan att vidgas till en bred \u00e4ggform. De sl\u00e4ta grenarna har ulliga h\u00e5riga knoppar. Bladen, kortspetsade och ovala till formen, blir vackert gula p\u00e5 h\u00f6sten. Blommorna, helt \u00f6ppnade, dyker upp innan l\u00f6ven kommer fram och har en diameter p\u00e5 cirka 10 cm. Se upp f\u00f6r sen nattfrost, som kan skada blommorna. \u00c4ven om unga M. kobus-exemplar inte blommar ymnigt, utvecklas de till produktiva blommor med \u00e5ren. Plantor kan beh\u00f6va v\u00e4nta lite l\u00e4ngre f\u00f6r att blomma. Efter blomningen uppst\u00e5r m\u00f6rkr\u00f6da fr\u00f6skidor, ur vilka det rosar\u00f6da fr\u00f6et kommer fram. Detta tr\u00e4ds r\u00f6tter v\u00e4xer b\u00e5de ytligt och djupt ner i marken.<\/p>\n<p>Magnolia kobus \u00e4r mycket t\u00e5lig och trivs b\u00e4st i soligt l\u00e4ge.<\/p>\n<\/div>\n<\/div>\n<\/div>\n<div class=\"flex justify-between empty:hidden gizmo:justify-start gizmo:gap-3 lg:block gizmo:lg:flex\">\n<div class=\"text-gray-400 flex self-end lg:self-center justify-center gizmo:lg:justify-start mt-2 gizmo:mt-0 visible lg:gap-1 lg:absolute lg:top-0 lg:translate-x-full lg:right-0 lg:mt-0 lg:pl-2 gap-2 md:gap-3\">\n<p>&nbsp;<\/p>\n<div class=\"flex gap-1 gizmo:gap-3\"><\/div>\n<\/div>\n<\/div>\n<\/div>\n<\/div>\n<\/div>\n<\/div>\n<\/div>","protected":false},"excerpt":{"rendered":"<p>Magnolia kobus<\/p>\n<p>Nordjapansk magnolia eller b\u00e4vertr\u00e4d<\/p>\n<p>Max h\u00f6jd: 8 meter<\/p>\n<p>Leveransh\u00f6jd inkl kruka: ca 100 cm<\/p>\n<p>Krukstorlek: 14 cm kruka<\/p>","protected":false},"featured_media":29259,"template":"","meta":{"_joinchat":[]},"product_brand":[],"product_cat":[262,867,1012,3193,290,229],"product_tag":[1328,1563,1566,1562,1519,1564,1518,1565,876],"class_list":{"0":"post-29262","1":"product","2":"type-product","3":"status-publish","4":"has-post-thumbnail","6":"product_cat-bomen-struiken","7":"product_cat-pakket-deals","8":"product_cat-overige-deals","9":"product_cat-sierbomen","10":"product_cat-sierheester","11":"product_cat-sierheesters","12":"product_tag-tuinbeplanting","13":"product_tag-bevallige-bloesems","14":"product_tag-bladverliezende-bomen","15":"product_tag-bloeiende-bomen","16":"product_tag-landschapsarchitectuur","17":"product_tag-sierbomen","18":"product_tag-tuinontwerp","19":"product_tag-voorjaarsbloei","20":"product_tag-witte-bloemen","21":"pa_ewd_uwcf_colors-rood-2","22":"pa_groeihoogte-200-300-cm","23":"pa_pot-zonder-pot","25":"first","26":"instock","27":"taxable","28":"shipping-taxable","29":"purchasable","30":"product-type-simple"},"yoast_head":"<!-- This site is optimized with the Yoast SEO plugin v24.2 - https:\/\/yoast.com\/wordpress\/plugins\/seo\/ -->\n<title>Magnolia kobus - Noordelijke Japanse magnolia - Hoogte 100cm - 14cm pot kopen | Planten eenvoudig online bestellen | Schramas.com<\/title>\n<meta name=\"robots\" content=\"index, follow, max-snippet:-1, max-image-preview:large, max-video-preview:-1\" \/>\n<link rel=\"canonical\" href=\"https:\/\/www.schramas.com\/se\/butik\/magnolia-kobus-nordjapansk-magnolia-hojd-100cm-14cm-kruka\/\" \/>\n<meta property=\"og:locale\" content=\"sv_SE\" \/>\n<meta property=\"og:type\" content=\"article\" \/>\n<meta property=\"og:title\" content=\"Magnolia kobus - Noordelijke Japanse magnolia - Hoogte 100cm - 14cm pot kopen | Planten eenvoudig online bestellen | Schramas.com\" \/>\n<meta property=\"og:description\" content=\"Magnolia kobus  Noordelijke Japanse magnolia of Beverboom  Hoogte max: 8 meter  Leverhoogte incl. pot: circa 100 cm  Potmaat: 14cm pot\" \/>\n<meta property=\"og:url\" content=\"https:\/\/www.schramas.com\/se\/butik\/magnolia-kobus-nordjapansk-magnolia-hojd-100cm-14cm-kruka\/\" \/>\n<meta property=\"og:site_name\" content=\"Planten eenvoudig online bestellen | Schramas.com\" \/>\n<meta property=\"article:publisher\" content=\"https:\/\/www.facebook.com\/Schramascom-106872874153195\/\" \/>\n<meta property=\"article:modified_time\" content=\"2026-03-26T15:36:09+00:00\" \/>\n<meta property=\"og:image\" content=\"http:\/\/www.schramas.com\/wp-content\/uploads\/2023\/10\/Mangolia-kobus-sfeer.jpg\" \/>\n\t<meta property=\"og:image:width\" content=\"855\" \/>\n\t<meta property=\"og:image:height\" content=\"858\" \/>\n\t<meta property=\"og:image:type\" content=\"image\/jpeg\" \/>\n<meta name=\"twitter:card\" content=\"summary_large_image\" \/>\n<meta name=\"twitter:label1\" content=\"Ber\u00e4knad l\u00e4stid\" \/>\n\t<meta name=\"twitter:data1\" content=\"1 minut\" \/>\n<script type=\"application\/ld+json\" class=\"yoast-schema-graph\">{\"@context\":\"https:\/\/schema.org\",\"@graph\":[{\"@type\":[\"WebPage\",\"ItemPage\"],\"@id\":\"https:\/\/www.schramas.com\/winkel\/magnolia-kobus-noordelijke-japanse-magnolia-hoogte-100cm-14cm-pot\/\",\"url\":\"https:\/\/www.schramas.com\/winkel\/magnolia-kobus-noordelijke-japanse-magnolia-hoogte-100cm-14cm-pot\/\",\"name\":\"Magnolia kobus - Noordelijke Japanse magnolia - Hoogte 100cm - 14cm pot kopen | Planten eenvoudig online bestellen | Schramas.com\",\"isPartOf\":{\"@id\":\"https:\/\/www.schramas.com\/#website\"},\"primaryImageOfPage\":{\"@id\":\"https:\/\/www.schramas.com\/winkel\/magnolia-kobus-noordelijke-japanse-magnolia-hoogte-100cm-14cm-pot\/#primaryimage\"},\"image\":{\"@id\":\"https:\/\/www.schramas.com\/winkel\/magnolia-kobus-noordelijke-japanse-magnolia-hoogte-100cm-14cm-pot\/#primaryimage\"},\"thumbnailUrl\":\"https:\/\/www.schramas.com\/wp-content\/uploads\/2023\/10\/Mangolia-kobus-sfeer.jpg\",\"datePublished\":\"2023-10-27T15:50:19+00:00\",\"dateModified\":\"2026-03-26T15:36:09+00:00\",\"breadcrumb\":{\"@id\":\"https:\/\/www.schramas.com\/winkel\/magnolia-kobus-noordelijke-japanse-magnolia-hoogte-100cm-14cm-pot\/#breadcrumb\"},\"inLanguage\":\"sv-SE\",\"potentialAction\":[{\"@type\":\"ReadAction\",\"target\":[\"https:\/\/www.schramas.com\/winkel\/magnolia-kobus-noordelijke-japanse-magnolia-hoogte-100cm-14cm-pot\/\"]}]},{\"@type\":\"ImageObject\",\"inLanguage\":\"sv-SE\",\"@id\":\"https:\/\/www.schramas.com\/winkel\/magnolia-kobus-noordelijke-japanse-magnolia-hoogte-100cm-14cm-pot\/#primaryimage\",\"url\":\"https:\/\/www.schramas.com\/wp-content\/uploads\/2023\/10\/Mangolia-kobus-sfeer.jpg\",\"contentUrl\":\"https:\/\/www.schramas.com\/wp-content\/uploads\/2023\/10\/Mangolia-kobus-sfeer.jpg\",\"width\":855,\"height\":858},{\"@type\":\"BreadcrumbList\",\"@id\":\"https:\/\/www.schramas.com\/winkel\/magnolia-kobus-noordelijke-japanse-magnolia-hoogte-100cm-14cm-pot\/#breadcrumb\",\"itemListElement\":[{\"@type\":\"ListItem\",\"position\":1,\"name\":\"Product\",\"item\":\"https:\/\/www.schramas.com\/assortiment\/\"},{\"@type\":\"ListItem\",\"position\":2,\"name\":\"Bomen &amp; Struiken\",\"item\":\"https:\/\/www.schramas.com\/product-category\/bomen-struiken\/\"},{\"@type\":\"ListItem\",\"position\":3,\"name\":\"Magnolia kobus &#8211; Noordelijke Japanse magnolia &#8211; Hoogte 100cm &#8211; 14cm pot\"}]},{\"@type\":\"WebSite\",\"@id\":\"https:\/\/www.schramas.com\/#website\",\"url\":\"https:\/\/www.schramas.com\/\",\"name\":\"Schramas.com | Tuinplanten eenvoudig online bestellen | Direct van onze Kwekerij\",\"description\":\"\",\"alternateName\":\"Schramas.com - Alle planten direct van de kweker\",\"potentialAction\":[{\"@type\":\"SearchAction\",\"target\":{\"@type\":\"EntryPoint\",\"urlTemplate\":\"https:\/\/www.schramas.com\/?s={search_term_string}\"},\"query-input\":{\"@type\":\"PropertyValueSpecification\",\"valueRequired\":true,\"valueName\":\"search_term_string\"}}],\"inLanguage\":\"sv-SE\"}]}<\/script>\n<!-- \/ Yoast SEO plugin. -->","yoast_head_json":{"title":"K\u00f6p Magnolia kobus - Nordjapansk magnolia - H\u00f6jd 100cm - 14cm kruka | Best\u00e4ll enkelt v\u00e4xter online | Schramas.com","robots":{"index":"index","follow":"follow","max-snippet":"max-snippet:-1","max-image-preview":"max-image-preview:large","max-video-preview":"max-video-preview:-1"},"canonical":"https:\/\/www.schramas.com\/se\/butik\/magnolia-kobus-nordjapansk-magnolia-hojd-100cm-14cm-kruka\/","og_locale":"sv_SE","og_type":"article","og_title":"Magnolia kobus - Noordelijke Japanse magnolia - Hoogte 100cm - 14cm pot kopen | Planten eenvoudig online bestellen | Schramas.com","og_description":"Magnolia kobus  Noordelijke Japanse magnolia of Beverboom  Hoogte max: 8 meter  Leverhoogte incl. pot: circa 100 cm  Potmaat: 14cm pot","og_url":"https:\/\/www.schramas.com\/se\/butik\/magnolia-kobus-nordjapansk-magnolia-hojd-100cm-14cm-kruka\/","og_site_name":"Planten eenvoudig online bestellen | Schramas.com","article_publisher":"https:\/\/www.facebook.com\/Schramascom-106872874153195\/","article_modified_time":"2026-03-26T15:36:09+00:00","og_image":[{"width":855,"height":858,"url":"http:\/\/www.schramas.com\/wp-content\/uploads\/2023\/10\/Mangolia-kobus-sfeer.jpg","type":"image\/jpeg"}],"twitter_card":"summary_large_image","twitter_misc":{"Ber\u00e4knad l\u00e4stid":"1 minut"},"schema":{"@context":"https:\/\/schema.org","@graph":[{"@type":["WebPage","ItemPage"],"@id":"https:\/\/www.schramas.com\/winkel\/magnolia-kobus-noordelijke-japanse-magnolia-hoogte-100cm-14cm-pot\/","url":"https:\/\/www.schramas.com\/winkel\/magnolia-kobus-noordelijke-japanse-magnolia-hoogte-100cm-14cm-pot\/","name":"K\u00f6p Magnolia kobus - Nordjapansk magnolia - H\u00f6jd 100cm - 14cm kruka | Best\u00e4ll enkelt v\u00e4xter online | Schramas.com","isPartOf":{"@id":"https:\/\/www.schramas.com\/#website"},"primaryImageOfPage":{"@id":"https:\/\/www.schramas.com\/winkel\/magnolia-kobus-noordelijke-japanse-magnolia-hoogte-100cm-14cm-pot\/#primaryimage"},"image":{"@id":"https:\/\/www.schramas.com\/winkel\/magnolia-kobus-noordelijke-japanse-magnolia-hoogte-100cm-14cm-pot\/#primaryimage"},"thumbnailUrl":"https:\/\/www.schramas.com\/wp-content\/uploads\/2023\/10\/Mangolia-kobus-sfeer.jpg","datePublished":"2023-10-27T15:50:19+00:00","dateModified":"2026-03-26T15:36:09+00:00","breadcrumb":{"@id":"https:\/\/www.schramas.com\/winkel\/magnolia-kobus-noordelijke-japanse-magnolia-hoogte-100cm-14cm-pot\/#breadcrumb"},"inLanguage":"sv-SE","potentialAction":[{"@type":"ReadAction","target":["https:\/\/www.schramas.com\/winkel\/magnolia-kobus-noordelijke-japanse-magnolia-hoogte-100cm-14cm-pot\/"]}]},{"@type":"ImageObject","inLanguage":"sv-SE","@id":"https:\/\/www.schramas.com\/winkel\/magnolia-kobus-noordelijke-japanse-magnolia-hoogte-100cm-14cm-pot\/#primaryimage","url":"https:\/\/www.schramas.com\/wp-content\/uploads\/2023\/10\/Mangolia-kobus-sfeer.jpg","contentUrl":"https:\/\/www.schramas.com\/wp-content\/uploads\/2023\/10\/Mangolia-kobus-sfeer.jpg","width":855,"height":858},{"@type":"BreadcrumbList","@id":"https:\/\/www.schramas.com\/winkel\/magnolia-kobus-noordelijke-japanse-magnolia-hoogte-100cm-14cm-pot\/#breadcrumb","itemListElement":[{"@type":"ListItem","position":1,"name":"Product","item":"https:\/\/www.schramas.com\/assortiment\/"},{"@type":"ListItem","position":2,"name":"Bomen &amp; Struiken","item":"https:\/\/www.schramas.com\/product-category\/bomen-struiken\/"},{"@type":"ListItem","position":3,"name":"Magnolia kobus &#8211; Noordelijke Japanse magnolia &#8211; Hoogte 100cm &#8211; 14cm pot"}]},{"@type":"WebSite","@id":"https:\/\/www.schramas.com\/#website","url":"https:\/\/www.schramas.com\/","name":"Schramas.com | Tr\u00e4dg\u00e5rdsv\u00e4xter som enkelt kan best\u00e4llas online | Direkt fr\u00e5n v\u00e5r plantskola","description":"","alternateName":"Schramas.com - Alle planten direct van de kweker","potentialAction":[{"@type":"SearchAction","target":{"@type":"EntryPoint","urlTemplate":"https:\/\/www.schramas.com\/?s={search_term_string}"},"query-input":{"@type":"PropertyValueSpecification","valueRequired":true,"valueName":"search_term_string"}}],"inLanguage":"sv-SE"}]}},"_links":{"self":[{"href":"https:\/\/www.schramas.com\/se\/wp-json\/wp\/v2\/product\/29262","targetHints":{"allow":["GET"]}}],"collection":[{"href":"https:\/\/www.schramas.com\/se\/wp-json\/wp\/v2\/product"}],"about":[{"href":"https:\/\/www.schramas.com\/se\/wp-json\/wp\/v2\/types\/product"}],"version-history":[{"count":1,"href":"https:\/\/www.schramas.com\/se\/wp-json\/wp\/v2\/product\/29262\/revisions"}],"predecessor-version":[{"id":54307,"href":"https:\/\/www.schramas.com\/se\/wp-json\/wp\/v2\/product\/29262\/revisions\/54307"}],"wp:featuredmedia":[{"embeddable":true,"href":"https:\/\/www.schramas.com\/se\/wp-json\/wp\/v2\/media\/29259"}],"wp:attachment":[{"href":"https:\/\/www.schramas.com\/se\/wp-json\/wp\/v2\/media?parent=29262"}],"wp:term":[{"taxonomy":"product_brand","embeddable":true,"href":"https:\/\/www.schramas.com\/se\/wp-json\/wp\/v2\/product_brand?post=29262"},{"taxonomy":"product_cat","embeddable":true,"href":"https:\/\/www.schramas.com\/se\/wp-json\/wp\/v2\/product_cat?post=29262"},{"taxonomy":"product_tag","embeddable":true,"href":"https:\/\/www.schramas.com\/se\/wp-json\/wp\/v2\/product_tag?post=29262"}],"curies":[{"name":"wp","href":"https:\/\/api.w.org\/{rel}","templated":true}]}}