{"id":40458,"date":"2024-05-14T10:25:27","date_gmt":"2024-05-14T08:25:27","guid":{"rendered":"https:\/\/www.schramas.com\/?post_type=product&#038;p=40458"},"modified":"2026-03-26T16:36:19","modified_gmt":"2026-03-26T15:36:19","slug":"cucumis-metuliferus-kiwano-behornad-melon-arlig-hojd-70cm-2-liters-kruka","status":"publish","type":"product","link":"https:\/\/www.schramas.com\/se\/butik\/cucumis-metuliferus-kiwano-behornad-melon-arlig-hojd-70cm-2-liters-kruka\/","title":{"rendered":"Cucumis metuliferus Kiwano - hornmelon - Ett\u00e5rig - H\u00f6jd 70cm - 2 liter kruka"},"content":{"rendered":"<p>Uppt\u00e4ck den exotiska v\u00e4rlden av hornmelon, \u00e4ven k\u00e4nd som kiwano (Cucumis metuliferus). Denna speciella v\u00e4xt tillh\u00f6r gurkfamiljen (Cucurbitaceae) och \u00e4r k\u00e4nd f\u00f6r sin unika l\u00e5ngstr\u00e4ckta, ovala frukt med karakt\u00e4ristiska horn. Ursprungligen fr\u00e5n Kalahari i Afrika har den behornade melonen spridit sig \u00f6ver v\u00e4rlden tack vare sin sp\u00e4nnande smak och sl\u00e5ende utseende.<\/p>\n<p>Kiwano introducerades p\u00e5 marknaden i b\u00f6rjan av 1980-talet fr\u00e5n Nya Zeeland och \u00e4r en sann uppt\u00e4ckt f\u00f6r \u00e4lskare av exotisk frukt. \u00c4ven om namnet p\u00e5minner om kiwin, \u00e4r den behornade melonen inte en sl\u00e4kting till denna frukt. \u00c4nd\u00e5 delar de scen som exotiska delikatesser fr\u00e5n Nya Zeeland.<\/p>\n<p>Det fasta skalet p\u00e5 den behornade melonen str\u00e4cker sig fr\u00e5n gr\u00f6n-orange till ljust orange, medan det saftiga k\u00f6ttet \u00e4r ljust gr\u00f6nt, \u00f6vers\u00e5llat med fr\u00f6n. Smaken p\u00e5 kiwanon \u00e4r uppfriskande och vattnig, med en subtil kombination av banan, melon och gurka. Till skillnad fr\u00e5n gurkor \u00e4ts den behornade melonen mogen. Med en utm\u00e4rkt h\u00e5llbarhet p\u00e5 sex m\u00e5nader.<\/p>\n<p>Denna ett\u00e5riga \u00f6rtartade v\u00e4xt trivs i tr\u00e4dg\u00e5rdar eller v\u00e4xthus och ger en exotisk touch. K\u00f6ttet av de taggiga frukterna, gr\u00f6nt och saftigt, erbjuder en uts\u00f6kt smakupplevelse som passar perfekt till b\u00e5de salta och s\u00f6ta r\u00e4tter.<\/p>\n<div class=\"flex flex-grow flex-col max-w-full\">\n<div class=\"min-h-[20px] text-message flex flex-col items-start whitespace-pre-wrap break-words [.text-message+&amp;]:mt-5 juice:w-full juice:items-end overflow-x-auto gap-3\" dir=\"auto\" data-message-author-role=\"assistant\" data-message-id=\"c1f363df-43c3-460f-81e8-eb7712492206\">\n<div class=\"markdown prose w-full break-words dark:prose-invert light\">\n<p>S\u00e4kerst\u00e4ll pollinering i v\u00e4xthus genom att h\u00e5lla d\u00f6rrar och f\u00f6nster \u00f6ppna under dagen. Sk\u00f6rdbar fr\u00e5n juni till hela sommaren.<\/p>\n<\/div>\n<\/div>\n<\/div>\n<p>Med sin unika smak, sl\u00e5ende utseende och m\u00e5ngsidighet i k\u00f6ket \u00e4r den behornade melonen ett m\u00e5ste f\u00f6r \u00e4lskare av speciella frukter.<\/p>","protected":false},"excerpt":{"rendered":"<p>Cucumis metuliferus Kiwano<\/p>\n<p>Hornad melon<\/p>\n<p>Smak: fr\u00e4sch smak.<\/p>\n<p>Fruktf\u00e4rg: orange<\/p>\n<p>H\u00f6jd max: 1,5 meter<\/p>\n<p>Leveransh\u00f6jd inkl. kruka: ca 70 cm<\/p>\n<p>Krukstorlek: 2 liter<\/p>","protected":false},"featured_media":40462,"template":"","meta":{"_joinchat":[]},"product_brand":[],"product_cat":[262,234,2391,294],"product_tag":[1763,1756,1762,1759,1758,1757,1760,1761,1275],"class_list":{"0":"post-40458","1":"product","2":"type-product","3":"status-publish","4":"has-post-thumbnail","6":"product_cat-bomen-struiken","7":"product_cat-fruitstruiken","8":"product_cat-mediterrane-en-exotische-fruitplanten","9":"product_cat-specials","10":"product_tag-afrikaanse-oorsprong","11":"product_tag-cucumis-metuliferus","12":"product_tag-eenjarige-plant","13":"product_tag-exotisch-fruit","14":"product_tag-gehoornde-meloen","15":"product_tag-kiwano","16":"product_tag-komkommerfamilie","17":"product_tag-smaakervaring","18":"product_tag-tuinieren","19":"pa_ewd_uwcf_colors-oranje","20":"pa_groeihoogte-60-150-cm","21":"pa_pot-zonder-pot","23":"first","24":"outofstock","25":"taxable","26":"shipping-taxable","27":"purchasable","28":"product-type-simple"},"yoast_head":"<!-- This site is optimized with the Yoast SEO plugin v24.2 - https:\/\/yoast.com\/wordpress\/plugins\/seo\/ -->\n<title>Cucumis metuliferus Kiwano - gehoornde meloen - Eenjarig - Hoogte 70cm - 2 liter pot kopen | Planten eenvoudig online bestellen | Schramas.com<\/title>\n<meta name=\"robots\" content=\"index, follow, max-snippet:-1, max-image-preview:large, max-video-preview:-1\" \/>\n<link rel=\"canonical\" href=\"https:\/\/www.schramas.com\/se\/butik\/cucumis-metuliferus-kiwano-behornad-melon-arlig-hojd-70cm-2-liters-kruka\/\" \/>\n<meta property=\"og:locale\" content=\"sv_SE\" \/>\n<meta property=\"og:type\" content=\"article\" \/>\n<meta property=\"og:title\" content=\"Cucumis metuliferus Kiwano - gehoornde meloen - Eenjarig - Hoogte 70cm - 2 liter pot kopen | Planten eenvoudig online bestellen | Schramas.com\" \/>\n<meta property=\"og:description\" content=\"Cucumis metuliferus Kiwano  Gehoornde meloen  Smaak: frisse smaak.  Kleur vrucht: oranje  Hoogte max: 1,5 meter  Leverhoogte incl. pot: ca. 70cm  Pot maat: 2 liter\" \/>\n<meta property=\"og:url\" content=\"https:\/\/www.schramas.com\/se\/butik\/cucumis-metuliferus-kiwano-behornad-melon-arlig-hojd-70cm-2-liters-kruka\/\" \/>\n<meta property=\"og:site_name\" content=\"Planten eenvoudig online bestellen | Schramas.com\" \/>\n<meta property=\"article:publisher\" content=\"https:\/\/www.facebook.com\/Schramascom-106872874153195\/\" \/>\n<meta property=\"article:modified_time\" content=\"2026-03-26T15:36:19+00:00\" \/>\n<meta property=\"og:image\" content=\"http:\/\/www.schramas.com\/wp-content\/uploads\/2024\/05\/Kiwano-sfeer.jpg\" \/>\n\t<meta property=\"og:image:width\" content=\"1200\" \/>\n\t<meta property=\"og:image:height\" content=\"1200\" \/>\n\t<meta property=\"og:image:type\" content=\"image\/jpeg\" \/>\n<meta name=\"twitter:card\" content=\"summary_large_image\" \/>\n<meta name=\"twitter:label1\" content=\"Ber\u00e4knad l\u00e4stid\" \/>\n\t<meta name=\"twitter:data1\" content=\"1 minut\" \/>\n<script type=\"application\/ld+json\" class=\"yoast-schema-graph\">{\"@context\":\"https:\/\/schema.org\",\"@graph\":[{\"@type\":[\"WebPage\",\"ItemPage\"],\"@id\":\"https:\/\/www.schramas.com\/winkel\/cucumis-metuliferus-kiwano-gehoornde-meloen-eenjarig-hoogte-70cm-2-liter-pot\/\",\"url\":\"https:\/\/www.schramas.com\/winkel\/cucumis-metuliferus-kiwano-gehoornde-meloen-eenjarig-hoogte-70cm-2-liter-pot\/\",\"name\":\"Cucumis metuliferus Kiwano - gehoornde meloen - Eenjarig - Hoogte 70cm - 2 liter pot kopen | Planten eenvoudig online bestellen | Schramas.com\",\"isPartOf\":{\"@id\":\"https:\/\/www.schramas.com\/#website\"},\"primaryImageOfPage\":{\"@id\":\"https:\/\/www.schramas.com\/winkel\/cucumis-metuliferus-kiwano-gehoornde-meloen-eenjarig-hoogte-70cm-2-liter-pot\/#primaryimage\"},\"image\":{\"@id\":\"https:\/\/www.schramas.com\/winkel\/cucumis-metuliferus-kiwano-gehoornde-meloen-eenjarig-hoogte-70cm-2-liter-pot\/#primaryimage\"},\"thumbnailUrl\":\"https:\/\/www.schramas.com\/wp-content\/uploads\/2024\/05\/Kiwano-sfeer.jpg\",\"datePublished\":\"2024-05-14T08:25:27+00:00\",\"dateModified\":\"2026-03-26T15:36:19+00:00\",\"breadcrumb\":{\"@id\":\"https:\/\/www.schramas.com\/winkel\/cucumis-metuliferus-kiwano-gehoornde-meloen-eenjarig-hoogte-70cm-2-liter-pot\/#breadcrumb\"},\"inLanguage\":\"sv-SE\",\"potentialAction\":[{\"@type\":\"ReadAction\",\"target\":[\"https:\/\/www.schramas.com\/winkel\/cucumis-metuliferus-kiwano-gehoornde-meloen-eenjarig-hoogte-70cm-2-liter-pot\/\"]}]},{\"@type\":\"ImageObject\",\"inLanguage\":\"sv-SE\",\"@id\":\"https:\/\/www.schramas.com\/winkel\/cucumis-metuliferus-kiwano-gehoornde-meloen-eenjarig-hoogte-70cm-2-liter-pot\/#primaryimage\",\"url\":\"https:\/\/www.schramas.com\/wp-content\/uploads\/2024\/05\/Kiwano-sfeer.jpg\",\"contentUrl\":\"https:\/\/www.schramas.com\/wp-content\/uploads\/2024\/05\/Kiwano-sfeer.jpg\",\"width\":1200,\"height\":1200},{\"@type\":\"BreadcrumbList\",\"@id\":\"https:\/\/www.schramas.com\/winkel\/cucumis-metuliferus-kiwano-gehoornde-meloen-eenjarig-hoogte-70cm-2-liter-pot\/#breadcrumb\",\"itemListElement\":[{\"@type\":\"ListItem\",\"position\":1,\"name\":\"Product\",\"item\":\"https:\/\/www.schramas.com\/assortiment\/\"},{\"@type\":\"ListItem\",\"position\":2,\"name\":\"Bomen &amp; Struiken\",\"item\":\"https:\/\/www.schramas.com\/product-category\/bomen-struiken\/\"},{\"@type\":\"ListItem\",\"position\":3,\"name\":\"Specials\",\"item\":\"https:\/\/www.schramas.com\/product-category\/bomen-struiken\/specials\/\"},{\"@type\":\"ListItem\",\"position\":4,\"name\":\"Mediterrane en Exotische Fruitplanten\",\"item\":\"https:\/\/www.schramas.com\/product-category\/bomen-struiken\/specials\/mediterrane-en-exotische-fruitplanten\/\"},{\"@type\":\"ListItem\",\"position\":5,\"name\":\"Cucumis metuliferus Kiwano &#8211; gehoornde meloen &#8211; Eenjarig &#8211; Hoogte 70cm &#8211; 2 liter pot\"}]},{\"@type\":\"WebSite\",\"@id\":\"https:\/\/www.schramas.com\/#website\",\"url\":\"https:\/\/www.schramas.com\/\",\"name\":\"Schramas.com | Tuinplanten eenvoudig online bestellen | Direct van onze Kwekerij\",\"description\":\"\",\"alternateName\":\"Schramas.com - Alle planten direct van de kweker\",\"potentialAction\":[{\"@type\":\"SearchAction\",\"target\":{\"@type\":\"EntryPoint\",\"urlTemplate\":\"https:\/\/www.schramas.com\/?s={search_term_string}\"},\"query-input\":{\"@type\":\"PropertyValueSpecification\",\"valueRequired\":true,\"valueName\":\"search_term_string\"}}],\"inLanguage\":\"sv-SE\"}]}<\/script>\n<!-- \/ Yoast SEO plugin. -->","yoast_head_json":{"title":"K\u00f6p Cucumis metuliferus Kiwano - hornmelon - Ett\u00e5rig - H\u00f6jd 70cm - 2 liters kruka | Best\u00e4ll enkelt v\u00e4xter online | Schramas.com","robots":{"index":"index","follow":"follow","max-snippet":"max-snippet:-1","max-image-preview":"max-image-preview:large","max-video-preview":"max-video-preview:-1"},"canonical":"https:\/\/www.schramas.com\/se\/butik\/cucumis-metuliferus-kiwano-behornad-melon-arlig-hojd-70cm-2-liters-kruka\/","og_locale":"sv_SE","og_type":"article","og_title":"Cucumis metuliferus Kiwano - gehoornde meloen - Eenjarig - Hoogte 70cm - 2 liter pot kopen | Planten eenvoudig online bestellen | Schramas.com","og_description":"Cucumis metuliferus Kiwano  Gehoornde meloen  Smaak: frisse smaak.  Kleur vrucht: oranje  Hoogte max: 1,5 meter  Leverhoogte incl. pot: ca. 70cm  Pot maat: 2 liter","og_url":"https:\/\/www.schramas.com\/se\/butik\/cucumis-metuliferus-kiwano-behornad-melon-arlig-hojd-70cm-2-liters-kruka\/","og_site_name":"Planten eenvoudig online bestellen | Schramas.com","article_publisher":"https:\/\/www.facebook.com\/Schramascom-106872874153195\/","article_modified_time":"2026-03-26T15:36:19+00:00","og_image":[{"width":1200,"height":1200,"url":"http:\/\/www.schramas.com\/wp-content\/uploads\/2024\/05\/Kiwano-sfeer.jpg","type":"image\/jpeg"}],"twitter_card":"summary_large_image","twitter_misc":{"Ber\u00e4knad l\u00e4stid":"1 minut"},"schema":{"@context":"https:\/\/schema.org","@graph":[{"@type":["WebPage","ItemPage"],"@id":"https:\/\/www.schramas.com\/winkel\/cucumis-metuliferus-kiwano-gehoornde-meloen-eenjarig-hoogte-70cm-2-liter-pot\/","url":"https:\/\/www.schramas.com\/winkel\/cucumis-metuliferus-kiwano-gehoornde-meloen-eenjarig-hoogte-70cm-2-liter-pot\/","name":"K\u00f6p Cucumis metuliferus Kiwano - hornmelon - Ett\u00e5rig - H\u00f6jd 70cm - 2 liters kruka | Best\u00e4ll enkelt v\u00e4xter online | Schramas.com","isPartOf":{"@id":"https:\/\/www.schramas.com\/#website"},"primaryImageOfPage":{"@id":"https:\/\/www.schramas.com\/winkel\/cucumis-metuliferus-kiwano-gehoornde-meloen-eenjarig-hoogte-70cm-2-liter-pot\/#primaryimage"},"image":{"@id":"https:\/\/www.schramas.com\/winkel\/cucumis-metuliferus-kiwano-gehoornde-meloen-eenjarig-hoogte-70cm-2-liter-pot\/#primaryimage"},"thumbnailUrl":"https:\/\/www.schramas.com\/wp-content\/uploads\/2024\/05\/Kiwano-sfeer.jpg","datePublished":"2024-05-14T08:25:27+00:00","dateModified":"2026-03-26T15:36:19+00:00","breadcrumb":{"@id":"https:\/\/www.schramas.com\/winkel\/cucumis-metuliferus-kiwano-gehoornde-meloen-eenjarig-hoogte-70cm-2-liter-pot\/#breadcrumb"},"inLanguage":"sv-SE","potentialAction":[{"@type":"ReadAction","target":["https:\/\/www.schramas.com\/winkel\/cucumis-metuliferus-kiwano-gehoornde-meloen-eenjarig-hoogte-70cm-2-liter-pot\/"]}]},{"@type":"ImageObject","inLanguage":"sv-SE","@id":"https:\/\/www.schramas.com\/winkel\/cucumis-metuliferus-kiwano-gehoornde-meloen-eenjarig-hoogte-70cm-2-liter-pot\/#primaryimage","url":"https:\/\/www.schramas.com\/wp-content\/uploads\/2024\/05\/Kiwano-sfeer.jpg","contentUrl":"https:\/\/www.schramas.com\/wp-content\/uploads\/2024\/05\/Kiwano-sfeer.jpg","width":1200,"height":1200},{"@type":"BreadcrumbList","@id":"https:\/\/www.schramas.com\/winkel\/cucumis-metuliferus-kiwano-gehoornde-meloen-eenjarig-hoogte-70cm-2-liter-pot\/#breadcrumb","itemListElement":[{"@type":"ListItem","position":1,"name":"Product","item":"https:\/\/www.schramas.com\/assortiment\/"},{"@type":"ListItem","position":2,"name":"Bomen &amp; Struiken","item":"https:\/\/www.schramas.com\/product-category\/bomen-struiken\/"},{"@type":"ListItem","position":3,"name":"Specials","item":"https:\/\/www.schramas.com\/product-category\/bomen-struiken\/specials\/"},{"@type":"ListItem","position":4,"name":"Mediterrane en Exotische Fruitplanten","item":"https:\/\/www.schramas.com\/product-category\/bomen-struiken\/specials\/mediterrane-en-exotische-fruitplanten\/"},{"@type":"ListItem","position":5,"name":"Cucumis metuliferus Kiwano &#8211; gehoornde meloen &#8211; Eenjarig &#8211; Hoogte 70cm &#8211; 2 liter pot"}]},{"@type":"WebSite","@id":"https:\/\/www.schramas.com\/#website","url":"https:\/\/www.schramas.com\/","name":"Schramas.com | Tr\u00e4dg\u00e5rdsv\u00e4xter som enkelt kan best\u00e4llas online | Direkt fr\u00e5n v\u00e5r plantskola","description":"","alternateName":"Schramas.com - Alle planten direct van de kweker","potentialAction":[{"@type":"SearchAction","target":{"@type":"EntryPoint","urlTemplate":"https:\/\/www.schramas.com\/?s={search_term_string}"},"query-input":{"@type":"PropertyValueSpecification","valueRequired":true,"valueName":"search_term_string"}}],"inLanguage":"sv-SE"}]}},"_links":{"self":[{"href":"https:\/\/www.schramas.com\/se\/wp-json\/wp\/v2\/product\/40458","targetHints":{"allow":["GET"]}}],"collection":[{"href":"https:\/\/www.schramas.com\/se\/wp-json\/wp\/v2\/product"}],"about":[{"href":"https:\/\/www.schramas.com\/se\/wp-json\/wp\/v2\/types\/product"}],"version-history":[{"count":3,"href":"https:\/\/www.schramas.com\/se\/wp-json\/wp\/v2\/product\/40458\/revisions"}],"predecessor-version":[{"id":40464,"href":"https:\/\/www.schramas.com\/se\/wp-json\/wp\/v2\/product\/40458\/revisions\/40464"}],"wp:featuredmedia":[{"embeddable":true,"href":"https:\/\/www.schramas.com\/se\/wp-json\/wp\/v2\/media\/40462"}],"wp:attachment":[{"href":"https:\/\/www.schramas.com\/se\/wp-json\/wp\/v2\/media?parent=40458"}],"wp:term":[{"taxonomy":"product_brand","embeddable":true,"href":"https:\/\/www.schramas.com\/se\/wp-json\/wp\/v2\/product_brand?post=40458"},{"taxonomy":"product_cat","embeddable":true,"href":"https:\/\/www.schramas.com\/se\/wp-json\/wp\/v2\/product_cat?post=40458"},{"taxonomy":"product_tag","embeddable":true,"href":"https:\/\/www.schramas.com\/se\/wp-json\/wp\/v2\/product_tag?post=40458"}],"curies":[{"name":"wp","href":"https:\/\/api.w.org\/{rel}","templated":true}]}}