{"id":40610,"date":"2024-05-16T16:42:23","date_gmt":"2024-05-16T14:42:23","guid":{"rendered":"https:\/\/www.schramas.com\/?post_type=product&#038;p=40610"},"modified":"2026-04-29T10:51:13","modified_gmt":"2026-04-29T08:51:13","slug":"diospyrus-kaki-duo-tva-arter-pa-ett-trad-5-liters-kruka","status":"publish","type":"product","link":"https:\/\/www.schramas.com\/se\/butik\/diospyrus-kaki-duo-tva-arter-pa-ett-trad-5-liters-kruka\/","title":{"rendered":"Diospyrus Kaki 'Duo' tv\u00e5 arter p\u00e5 ett tr\u00e4d, 5-liters kruka"},"content":{"rendered":"<p>M\u00f6t Diospyrus Kaki 'Duo', ett unikt tr\u00e4d med tv\u00e5 olika sorter: 'Jiro' och 'Cioccolatino'. 'Jiro' \u00e4r ett h\u00e4rdigt och sj\u00e4lvpollinerande tr\u00e4d med uts\u00f6kta frukter. Blomningen sker i maj och frukterna mognar i november. De s\u00f6ta frukterna har toner av aprikos utan en sur eftersmak och mognar n\u00e4r alla blad redan har fallit av tr\u00e4det.<\/p>\n<p>Sorten \"Cioccolatino\" av Diospyrus Kaki, \u00e4ven k\u00e4nd som Sharonfrukt, \u00e4r k\u00e4nd f\u00f6r sitt mycket s\u00f6ta fruktk\u00f6tt. Frukterna \u00e4r medelstora, runda och har ett orangef\u00e4rgat skal. J\u00e4mf\u00f6rt med andra persimmonsorter mognar de tidigt p\u00e5 h\u00f6sten, vanligtvis i september - oktober. Blomningen sker runt den f\u00f6rsta veckan i juni. Denna sort har genomsnittlig v\u00e4xtkraft, genomsnittlig f\u00f6rgrening och god produktion.<\/p>\n<p>Detta vackra tr\u00e4d med graci\u00f6sa blad \u00e4r en p\u00e4rla f\u00f6r (den \u00e4tbara) tr\u00e4dg\u00e5rden och f\u00f6redrar en skuggig och varm plats i full sol i alla genomsl\u00e4ppliga goda jordar. Skydda tr\u00e4det fr\u00e5n sen nattfrost p\u00e5 v\u00e5ren under de f\u00f6rsta \u00e5ren och fr\u00e5n str\u00e4ng frost p\u00e5 vintern.<\/p>\n<p>Diospyrus Kaki 'Duo' \u00e4r delvis h\u00e4rdig som ett exotiskt frukttr\u00e4d. De unga skotten kan ibland frysa efter en h\u00e5rd frost, men i allm\u00e4nhet t\u00e5l tr\u00e4det vintern bra.<\/p>","protected":false},"excerpt":{"rendered":"<p>Diosryros khaki DUO<\/p>\n<p>Smak: s\u00f6t<\/p>\n<p>Fruktens f\u00e4rg: Orange<\/p>\n<p>H\u00f6jd max: 3,5 - 4 meter<\/p>\n<p>Hardy<\/p>\n<p>Leveransh\u00f6jd +80cm<\/p>\n<p>5 liters burk<\/p>","protected":false},"featured_media":40612,"template":"","meta":{"_joinchat":[]},"product_brand":[],"product_cat":[262,147,233,931,2391,294],"product_tag":[670,352,1040,671,672,351,316],"class_list":{"0":"post-40610","1":"product","2":"type-product","3":"status-publish","4":"has-post-thumbnail","6":"product_cat-bomen-struiken","7":"product_cat-duo-fruit","8":"product_cat-fruitbomen","9":"product_cat-kaki","10":"product_cat-mediterrane-en-exotische-fruitplanten","11":"product_cat-specials","12":"product_tag-diospyros","13":"product_tag-geent","14":"product_tag-jiro","15":"product_tag-kaki","16":"product_tag-sharon","17":"product_tag-winterhard","18":"product_tag-zelfbestuivend","19":"pa_bloeimaanden-mei","20":"pa_ewd_uwcf_colors-oranje","21":"pa_groeihoogte-300-cm","22":"pa_pot-zonder-pot","24":"first","25":"instock","26":"taxable","27":"shipping-taxable","28":"purchasable","29":"product-type-simple"},"yoast_head":"<!-- This site is optimized with the Yoast SEO plugin v24.2 - https:\/\/yoast.com\/wordpress\/plugins\/seo\/ -->\n<title>Diospyrus Kaki \u2018Duo\u2019 twee soorten aan \u00e9\u00e9n boom, 5 liter pot kopen | Planten eenvoudig online bestellen | Schramas.com<\/title>\n<meta name=\"robots\" content=\"index, follow, max-snippet:-1, max-image-preview:large, max-video-preview:-1\" \/>\n<link rel=\"canonical\" href=\"https:\/\/www.schramas.com\/se\/butik\/diospyrus-kaki-duo-tva-arter-pa-ett-trad-5-liters-kruka\/\" \/>\n<meta property=\"og:locale\" content=\"sv_SE\" \/>\n<meta property=\"og:type\" content=\"article\" \/>\n<meta property=\"og:title\" content=\"Diospyrus Kaki \u2018Duo\u2019 twee soorten aan \u00e9\u00e9n boom, 5 liter pot kopen | Planten eenvoudig online bestellen | Schramas.com\" \/>\n<meta property=\"og:description\" content=\"Diosryros kaki DUO  Smaak: zoet  Kleur vrucht: Oranje  Hoogte max: 3,5 - 4 meter  Winterhard  Leverhoogte +80cm  5 liter pot\" \/>\n<meta property=\"og:url\" content=\"https:\/\/www.schramas.com\/se\/butik\/diospyrus-kaki-duo-tva-arter-pa-ett-trad-5-liters-kruka\/\" \/>\n<meta property=\"og:site_name\" content=\"Planten eenvoudig online bestellen | Schramas.com\" \/>\n<meta property=\"article:publisher\" content=\"https:\/\/www.facebook.com\/Schramascom-106872874153195\/\" \/>\n<meta property=\"article:modified_time\" content=\"2026-04-29T08:51:13+00:00\" \/>\n<meta property=\"og:image\" content=\"http:\/\/www.schramas.com\/wp-content\/uploads\/2024\/05\/Kaki-DUO-sfeer.jpg\" \/>\n\t<meta property=\"og:image:width\" content=\"1200\" \/>\n\t<meta property=\"og:image:height\" content=\"1200\" \/>\n\t<meta property=\"og:image:type\" content=\"image\/jpeg\" \/>\n<meta name=\"twitter:card\" content=\"summary_large_image\" \/>\n<meta name=\"twitter:label1\" content=\"Ber\u00e4knad l\u00e4stid\" \/>\n\t<meta name=\"twitter:data1\" content=\"1 minut\" \/>\n<script type=\"application\/ld+json\" class=\"yoast-schema-graph\">{\"@context\":\"https:\/\/schema.org\",\"@graph\":[{\"@type\":[\"WebPage\",\"ItemPage\"],\"@id\":\"https:\/\/www.schramas.com\/winkel\/diospyrus-kaki-duo-twee-soorten-aan-een-boom-5-liter-pot\/\",\"url\":\"https:\/\/www.schramas.com\/winkel\/diospyrus-kaki-duo-twee-soorten-aan-een-boom-5-liter-pot\/\",\"name\":\"Diospyrus Kaki \u2018Duo\u2019 twee soorten aan \u00e9\u00e9n boom, 5 liter pot kopen | Planten eenvoudig online bestellen | Schramas.com\",\"isPartOf\":{\"@id\":\"https:\/\/www.schramas.com\/#website\"},\"primaryImageOfPage\":{\"@id\":\"https:\/\/www.schramas.com\/winkel\/diospyrus-kaki-duo-twee-soorten-aan-een-boom-5-liter-pot\/#primaryimage\"},\"image\":{\"@id\":\"https:\/\/www.schramas.com\/winkel\/diospyrus-kaki-duo-twee-soorten-aan-een-boom-5-liter-pot\/#primaryimage\"},\"thumbnailUrl\":\"https:\/\/www.schramas.com\/wp-content\/uploads\/2024\/05\/Kaki-DUO-sfeer.jpg\",\"datePublished\":\"2024-05-16T14:42:23+00:00\",\"dateModified\":\"2026-04-29T08:51:13+00:00\",\"breadcrumb\":{\"@id\":\"https:\/\/www.schramas.com\/winkel\/diospyrus-kaki-duo-twee-soorten-aan-een-boom-5-liter-pot\/#breadcrumb\"},\"inLanguage\":\"sv-SE\",\"potentialAction\":[{\"@type\":\"ReadAction\",\"target\":[\"https:\/\/www.schramas.com\/winkel\/diospyrus-kaki-duo-twee-soorten-aan-een-boom-5-liter-pot\/\"]}]},{\"@type\":\"ImageObject\",\"inLanguage\":\"sv-SE\",\"@id\":\"https:\/\/www.schramas.com\/winkel\/diospyrus-kaki-duo-twee-soorten-aan-een-boom-5-liter-pot\/#primaryimage\",\"url\":\"https:\/\/www.schramas.com\/wp-content\/uploads\/2024\/05\/Kaki-DUO-sfeer.jpg\",\"contentUrl\":\"https:\/\/www.schramas.com\/wp-content\/uploads\/2024\/05\/Kaki-DUO-sfeer.jpg\",\"width\":1200,\"height\":1200},{\"@type\":\"BreadcrumbList\",\"@id\":\"https:\/\/www.schramas.com\/winkel\/diospyrus-kaki-duo-twee-soorten-aan-een-boom-5-liter-pot\/#breadcrumb\",\"itemListElement\":[{\"@type\":\"ListItem\",\"position\":1,\"name\":\"Product\",\"item\":\"https:\/\/www.schramas.com\/assortiment\/\"},{\"@type\":\"ListItem\",\"position\":2,\"name\":\"Bomen &amp; Struiken\",\"item\":\"https:\/\/www.schramas.com\/product-category\/bomen-struiken\/\"},{\"@type\":\"ListItem\",\"position\":3,\"name\":\"Specials\",\"item\":\"https:\/\/www.schramas.com\/product-category\/bomen-struiken\/specials\/\"},{\"@type\":\"ListItem\",\"position\":4,\"name\":\"Duo-Fruit\",\"item\":\"https:\/\/www.schramas.com\/product-category\/bomen-struiken\/specials\/duo-fruit\/\"},{\"@type\":\"ListItem\",\"position\":5,\"name\":\"Diospyrus Kaki \u2018Duo\u2019 twee soorten aan \u00e9\u00e9n boom, 5 liter pot\"}]},{\"@type\":\"WebSite\",\"@id\":\"https:\/\/www.schramas.com\/#website\",\"url\":\"https:\/\/www.schramas.com\/\",\"name\":\"Schramas.com | Tuinplanten eenvoudig online bestellen | Direct van onze Kwekerij\",\"description\":\"\",\"alternateName\":\"Schramas.com - Alle planten direct van de kweker\",\"potentialAction\":[{\"@type\":\"SearchAction\",\"target\":{\"@type\":\"EntryPoint\",\"urlTemplate\":\"https:\/\/www.schramas.com\/?s={search_term_string}\"},\"query-input\":{\"@type\":\"PropertyValueSpecification\",\"valueRequired\":true,\"valueName\":\"search_term_string\"}}],\"inLanguage\":\"sv-SE\"}]}<\/script>\n<!-- \/ Yoast SEO plugin. -->","yoast_head_json":{"title":"Diospyrus Kaki 'Duo' tv\u00e5 sorter p\u00e5 ett tr\u00e4d, k\u00f6p 5 liters kruka | V\u00e4xter enkel onlinebest\u00e4llning | Schramas.com","robots":{"index":"index","follow":"follow","max-snippet":"max-snippet:-1","max-image-preview":"max-image-preview:large","max-video-preview":"max-video-preview:-1"},"canonical":"https:\/\/www.schramas.com\/se\/butik\/diospyrus-kaki-duo-tva-arter-pa-ett-trad-5-liters-kruka\/","og_locale":"sv_SE","og_type":"article","og_title":"Diospyrus Kaki \u2018Duo\u2019 twee soorten aan \u00e9\u00e9n boom, 5 liter pot kopen | Planten eenvoudig online bestellen | Schramas.com","og_description":"Diosryros kaki DUO  Smaak: zoet  Kleur vrucht: Oranje  Hoogte max: 3,5 - 4 meter  Winterhard  Leverhoogte +80cm  5 liter pot","og_url":"https:\/\/www.schramas.com\/se\/butik\/diospyrus-kaki-duo-tva-arter-pa-ett-trad-5-liters-kruka\/","og_site_name":"Planten eenvoudig online bestellen | Schramas.com","article_publisher":"https:\/\/www.facebook.com\/Schramascom-106872874153195\/","article_modified_time":"2026-04-29T08:51:13+00:00","og_image":[{"width":1200,"height":1200,"url":"http:\/\/www.schramas.com\/wp-content\/uploads\/2024\/05\/Kaki-DUO-sfeer.jpg","type":"image\/jpeg"}],"twitter_card":"summary_large_image","twitter_misc":{"Ber\u00e4knad l\u00e4stid":"1 minut"},"schema":{"@context":"https:\/\/schema.org","@graph":[{"@type":["WebPage","ItemPage"],"@id":"https:\/\/www.schramas.com\/winkel\/diospyrus-kaki-duo-twee-soorten-aan-een-boom-5-liter-pot\/","url":"https:\/\/www.schramas.com\/winkel\/diospyrus-kaki-duo-twee-soorten-aan-een-boom-5-liter-pot\/","name":"Diospyrus Kaki 'Duo' tv\u00e5 sorter p\u00e5 ett tr\u00e4d, k\u00f6p 5 liters kruka | V\u00e4xter enkel onlinebest\u00e4llning | Schramas.com","isPartOf":{"@id":"https:\/\/www.schramas.com\/#website"},"primaryImageOfPage":{"@id":"https:\/\/www.schramas.com\/winkel\/diospyrus-kaki-duo-twee-soorten-aan-een-boom-5-liter-pot\/#primaryimage"},"image":{"@id":"https:\/\/www.schramas.com\/winkel\/diospyrus-kaki-duo-twee-soorten-aan-een-boom-5-liter-pot\/#primaryimage"},"thumbnailUrl":"https:\/\/www.schramas.com\/wp-content\/uploads\/2024\/05\/Kaki-DUO-sfeer.jpg","datePublished":"2024-05-16T14:42:23+00:00","dateModified":"2026-04-29T08:51:13+00:00","breadcrumb":{"@id":"https:\/\/www.schramas.com\/winkel\/diospyrus-kaki-duo-twee-soorten-aan-een-boom-5-liter-pot\/#breadcrumb"},"inLanguage":"sv-SE","potentialAction":[{"@type":"ReadAction","target":["https:\/\/www.schramas.com\/winkel\/diospyrus-kaki-duo-twee-soorten-aan-een-boom-5-liter-pot\/"]}]},{"@type":"ImageObject","inLanguage":"sv-SE","@id":"https:\/\/www.schramas.com\/winkel\/diospyrus-kaki-duo-twee-soorten-aan-een-boom-5-liter-pot\/#primaryimage","url":"https:\/\/www.schramas.com\/wp-content\/uploads\/2024\/05\/Kaki-DUO-sfeer.jpg","contentUrl":"https:\/\/www.schramas.com\/wp-content\/uploads\/2024\/05\/Kaki-DUO-sfeer.jpg","width":1200,"height":1200},{"@type":"BreadcrumbList","@id":"https:\/\/www.schramas.com\/winkel\/diospyrus-kaki-duo-twee-soorten-aan-een-boom-5-liter-pot\/#breadcrumb","itemListElement":[{"@type":"ListItem","position":1,"name":"Product","item":"https:\/\/www.schramas.com\/assortiment\/"},{"@type":"ListItem","position":2,"name":"Bomen &amp; Struiken","item":"https:\/\/www.schramas.com\/product-category\/bomen-struiken\/"},{"@type":"ListItem","position":3,"name":"Specials","item":"https:\/\/www.schramas.com\/product-category\/bomen-struiken\/specials\/"},{"@type":"ListItem","position":4,"name":"Duo-Fruit","item":"https:\/\/www.schramas.com\/product-category\/bomen-struiken\/specials\/duo-fruit\/"},{"@type":"ListItem","position":5,"name":"Diospyrus Kaki \u2018Duo\u2019 twee soorten aan \u00e9\u00e9n boom, 5 liter pot"}]},{"@type":"WebSite","@id":"https:\/\/www.schramas.com\/#website","url":"https:\/\/www.schramas.com\/","name":"Schramas.com | Tr\u00e4dg\u00e5rdsv\u00e4xter som enkelt kan best\u00e4llas online | Direkt fr\u00e5n v\u00e5r plantskola","description":"","alternateName":"Schramas.com - Alle planten direct van de kweker","potentialAction":[{"@type":"SearchAction","target":{"@type":"EntryPoint","urlTemplate":"https:\/\/www.schramas.com\/?s={search_term_string}"},"query-input":{"@type":"PropertyValueSpecification","valueRequired":true,"valueName":"search_term_string"}}],"inLanguage":"sv-SE"}]}},"_links":{"self":[{"href":"https:\/\/www.schramas.com\/se\/wp-json\/wp\/v2\/product\/40610","targetHints":{"allow":["GET"]}}],"collection":[{"href":"https:\/\/www.schramas.com\/se\/wp-json\/wp\/v2\/product"}],"about":[{"href":"https:\/\/www.schramas.com\/se\/wp-json\/wp\/v2\/types\/product"}],"version-history":[{"count":3,"href":"https:\/\/www.schramas.com\/se\/wp-json\/wp\/v2\/product\/40610\/revisions"}],"predecessor-version":[{"id":40618,"href":"https:\/\/www.schramas.com\/se\/wp-json\/wp\/v2\/product\/40610\/revisions\/40618"}],"wp:featuredmedia":[{"embeddable":true,"href":"https:\/\/www.schramas.com\/se\/wp-json\/wp\/v2\/media\/40612"}],"wp:attachment":[{"href":"https:\/\/www.schramas.com\/se\/wp-json\/wp\/v2\/media?parent=40610"}],"wp:term":[{"taxonomy":"product_brand","embeddable":true,"href":"https:\/\/www.schramas.com\/se\/wp-json\/wp\/v2\/product_brand?post=40610"},{"taxonomy":"product_cat","embeddable":true,"href":"https:\/\/www.schramas.com\/se\/wp-json\/wp\/v2\/product_cat?post=40610"},{"taxonomy":"product_tag","embeddable":true,"href":"https:\/\/www.schramas.com\/se\/wp-json\/wp\/v2\/product_tag?post=40610"}],"curies":[{"name":"wp","href":"https:\/\/api.w.org\/{rel}","templated":true}]}}