{"id":40845,"date":"2024-05-22T14:45:51","date_gmt":"2024-05-22T12:45:51","guid":{"rendered":"https:\/\/www.schramas.com\/?post_type=product&#038;p=40845"},"modified":"2026-04-22T13:11:44","modified_gmt":"2026-04-22T11:11:44","slug":"mespilus-germanica-westerveldmispel-5-liters-kruka","status":"publish","type":"product","link":"https:\/\/www.schramas.com\/se\/butik\/mespilus-germanica-westerveldmispel-5-liters-kruka\/","title":{"rendered":"Mespilus Germanica 'Westerveld', Mispel, 5-liters kruka"},"content":{"rendered":"<p>Mespilus germanica 'Westerveld' \u00e4r ett l\u00e5ngsamv\u00e4xande litet tr\u00e4d med en karakteristisk sf\u00e4risk krona som kan bli upp till ca 6 meter h\u00f6gt. De unga kvistarna \u00e4r gr\u00e5 och ullh\u00e5riga, medan den \u00e4ldre barken \u00e4r ljusgr\u00e5 och sl\u00e4t. De l\u00e5ngstr\u00e4ckta, \u00e4ggrunda bladen \u00e4r mycket fint tandade och kan vara mjukt h\u00e5riga, s\u00e4rskilt som unga. P\u00e5 h\u00f6sten skiftar bladen i vackra nyanser fr\u00e5n r\u00f6dbrunt till djupt gyllengult.<\/p>\n<p>De bruna, h\u00e5rda frukterna hos 'Westerveld' har anm\u00e4rkningsv\u00e4rt stora kalyxl\u00e4ppar och blir \u00e4tliga f\u00f6rst n\u00e4r de b\u00f6rjar ruttna, ofta efter den f\u00f6rsta nattfrosten. Den h\u00e4r sorten b\u00e4r garanterat mycket stora frukter varje \u00e5r och \u00e4r k\u00e4nd f\u00f6r sina st\u00f6rre frukter j\u00e4mf\u00f6rt med arten. Den introducerades och namngavs i Nederl\u00e4nderna av plantskolan Westerveld omkring 1975.<\/p>\n<p>Mespilus germanica 'Westerveld' blommar i maj och juni med vita blommor p\u00e5 den 2-\u00e5riga veden och kan sj\u00e4lvpollinera. Som l\u00e5gstammig krukv\u00e4xt n\u00e5r detta mispeltr\u00e4d en h\u00f6jd p\u00e5 ca 5-6 meter. Frukterna \u00e4r ganska stora och har en mild smak. Det idealiska l\u00e4get f\u00f6r Mespilus germanica 'Westerveld' \u00e4r soligt till halvskuggigt. Denna sort \u00e4r ett f\u00f6r\u00e4dlat urval och passar s\u00e4rskilt bra i mindre tr\u00e4dg\u00e5rdar, d\u00e4r den inte bara ger en vacker blomning i maj, utan ocks\u00e5 bjuder p\u00e5 uts\u00f6kta frukter att plocka och smaka p\u00e5.<\/p>","protected":false},"excerpt":{"rendered":"<p>Mespilus Germanica Westerveld<\/p>\n<p>Mispel<\/p>\n<p>H\u00f6jd max: 6 meter<\/p>\n<p>Hardy<\/p>\n<p>Leveransh\u00f6jd 100 cm<\/p>\n<p>5 liters burk<\/p>","protected":false},"featured_media":40847,"template":"","meta":{"_joinchat":[]},"product_brand":[],"product_cat":[262,233,4522,3193],"product_tag":[1381,1890,1503,1277,1351,1474,852,1888,1155,1887,1502,1275,1889,351,876,316],"class_list":{"0":"post-40845","1":"product","2":"type-product","3":"status-publish","4":"has-post-thumbnail","6":"product_cat-bomen-struiken","7":"product_cat-fruitbomen","8":"product_cat-mespilus-germanica","9":"product_cat-sierbomen","10":"product_tag-bloesem","11":"product_tag-boomkwekerij","12":"product_tag-eetbare-vruchten","13":"product_tag-fruitboom","14":"product_tag-halfschaduw","15":"product_tag-herfstkleuren","16":"product_tag-langzaam-groeiend","17":"product_tag-mespilus-germanica","18":"product_tag-mispel","19":"product_tag-natuur","20":"product_tag-sierboom","21":"product_tag-tuinieren","22":"product_tag-westerveld","23":"product_tag-winterhard","24":"product_tag-witte-bloemen","25":"product_tag-zelfbestuivend","26":"pa_ewd_uwcf_colors-groen-2","27":"pa_groeihoogte-300-cm","28":"pa_pot-5-liter-pot","30":"first","31":"instock","32":"taxable","33":"shipping-taxable","34":"purchasable","35":"product-type-simple"},"yoast_head":"<!-- This site is optimized with the Yoast SEO plugin v24.2 - https:\/\/yoast.com\/wordpress\/plugins\/seo\/ -->\n<title>Mespilus Germanica &#039;Westerveld&#039;, Mispel, 5 liter pot kopen | Planten eenvoudig online bestellen | Schramas.com<\/title>\n<meta name=\"robots\" content=\"index, follow, max-snippet:-1, max-image-preview:large, max-video-preview:-1\" \/>\n<link rel=\"canonical\" href=\"https:\/\/www.schramas.com\/se\/butik\/mespilus-germanica-westerveldmispel-5-liters-kruka\/\" \/>\n<meta property=\"og:locale\" content=\"sv_SE\" \/>\n<meta property=\"og:type\" content=\"article\" \/>\n<meta property=\"og:title\" content=\"Mespilus Germanica &#039;Westerveld&#039;, Mispel, 5 liter pot kopen | Planten eenvoudig online bestellen | Schramas.com\" \/>\n<meta property=\"og:description\" content=\"Mespilus Germanica Westerveld  Mispel  Hoogte max: 6 meter  Winterhard  Leverhoogte 100cm  5 liter pot\" \/>\n<meta property=\"og:url\" content=\"https:\/\/www.schramas.com\/se\/butik\/mespilus-germanica-westerveldmispel-5-liters-kruka\/\" \/>\n<meta property=\"og:site_name\" content=\"Planten eenvoudig online bestellen | Schramas.com\" \/>\n<meta property=\"article:publisher\" content=\"https:\/\/www.facebook.com\/Schramascom-106872874153195\/\" \/>\n<meta property=\"article:modified_time\" content=\"2026-04-22T11:11:44+00:00\" \/>\n<meta property=\"og:image\" content=\"http:\/\/www.schramas.com\/wp-content\/uploads\/2024\/05\/Mespilus-germanica-Westerveld-sfeer.jpg\" \/>\n\t<meta property=\"og:image:width\" content=\"1200\" \/>\n\t<meta property=\"og:image:height\" content=\"1200\" \/>\n\t<meta property=\"og:image:type\" content=\"image\/jpeg\" \/>\n<meta name=\"twitter:card\" content=\"summary_large_image\" \/>\n<meta name=\"twitter:label1\" content=\"Ber\u00e4knad l\u00e4stid\" \/>\n\t<meta name=\"twitter:data1\" content=\"1 minut\" \/>\n<script type=\"application\/ld+json\" class=\"yoast-schema-graph\">{\"@context\":\"https:\/\/schema.org\",\"@graph\":[{\"@type\":[\"WebPage\",\"ItemPage\"],\"@id\":\"https:\/\/www.schramas.com\/winkel\/mespilus-germanica-westerveld-mispel-5-liter-pot\/\",\"url\":\"https:\/\/www.schramas.com\/winkel\/mespilus-germanica-westerveld-mispel-5-liter-pot\/\",\"name\":\"Mespilus Germanica 'Westerveld', Mispel, 5 liter pot kopen | Planten eenvoudig online bestellen | Schramas.com\",\"isPartOf\":{\"@id\":\"https:\/\/www.schramas.com\/#website\"},\"primaryImageOfPage\":{\"@id\":\"https:\/\/www.schramas.com\/winkel\/mespilus-germanica-westerveld-mispel-5-liter-pot\/#primaryimage\"},\"image\":{\"@id\":\"https:\/\/www.schramas.com\/winkel\/mespilus-germanica-westerveld-mispel-5-liter-pot\/#primaryimage\"},\"thumbnailUrl\":\"https:\/\/www.schramas.com\/wp-content\/uploads\/2024\/05\/Mespilus-germanica-Westerveld-sfeer.jpg\",\"datePublished\":\"2024-05-22T12:45:51+00:00\",\"dateModified\":\"2026-04-22T11:11:44+00:00\",\"breadcrumb\":{\"@id\":\"https:\/\/www.schramas.com\/winkel\/mespilus-germanica-westerveld-mispel-5-liter-pot\/#breadcrumb\"},\"inLanguage\":\"sv-SE\",\"potentialAction\":[{\"@type\":\"ReadAction\",\"target\":[\"https:\/\/www.schramas.com\/winkel\/mespilus-germanica-westerveld-mispel-5-liter-pot\/\"]}]},{\"@type\":\"ImageObject\",\"inLanguage\":\"sv-SE\",\"@id\":\"https:\/\/www.schramas.com\/winkel\/mespilus-germanica-westerveld-mispel-5-liter-pot\/#primaryimage\",\"url\":\"https:\/\/www.schramas.com\/wp-content\/uploads\/2024\/05\/Mespilus-germanica-Westerveld-sfeer.jpg\",\"contentUrl\":\"https:\/\/www.schramas.com\/wp-content\/uploads\/2024\/05\/Mespilus-germanica-Westerveld-sfeer.jpg\",\"width\":1200,\"height\":1200},{\"@type\":\"BreadcrumbList\",\"@id\":\"https:\/\/www.schramas.com\/winkel\/mespilus-germanica-westerveld-mispel-5-liter-pot\/#breadcrumb\",\"itemListElement\":[{\"@type\":\"ListItem\",\"position\":1,\"name\":\"Product\",\"item\":\"https:\/\/www.schramas.com\/assortiment\/\"},{\"@type\":\"ListItem\",\"position\":2,\"name\":\"Bomen &amp; Struiken\",\"item\":\"https:\/\/www.schramas.com\/product-category\/bomen-struiken\/\"},{\"@type\":\"ListItem\",\"position\":3,\"name\":\"Mespilus Germanica &#8216;Westerveld&#8217;, Mispel, 5 liter pot\"}]},{\"@type\":\"WebSite\",\"@id\":\"https:\/\/www.schramas.com\/#website\",\"url\":\"https:\/\/www.schramas.com\/\",\"name\":\"Schramas.com | Tuinplanten eenvoudig online bestellen | Direct van onze Kwekerij\",\"description\":\"\",\"alternateName\":\"Schramas.com - Alle planten direct van de kweker\",\"potentialAction\":[{\"@type\":\"SearchAction\",\"target\":{\"@type\":\"EntryPoint\",\"urlTemplate\":\"https:\/\/www.schramas.com\/?s={search_term_string}\"},\"query-input\":{\"@type\":\"PropertyValueSpecification\",\"valueRequired\":true,\"valueName\":\"search_term_string\"}}],\"inLanguage\":\"sv-SE\"}]}<\/script>\n<!-- \/ Yoast SEO plugin. -->","yoast_head_json":{"title":"K\u00f6p Mespilus Germanica 'Westerveld', Mispel, 5 liters kruka | K\u00f6p v\u00e4xter enkelt online | Schramas.com","robots":{"index":"index","follow":"follow","max-snippet":"max-snippet:-1","max-image-preview":"max-image-preview:large","max-video-preview":"max-video-preview:-1"},"canonical":"https:\/\/www.schramas.com\/se\/butik\/mespilus-germanica-westerveldmispel-5-liters-kruka\/","og_locale":"sv_SE","og_type":"article","og_title":"Mespilus Germanica 'Westerveld', Mispel, 5 liter pot kopen | Planten eenvoudig online bestellen | Schramas.com","og_description":"Mespilus Germanica Westerveld  Mispel  Hoogte max: 6 meter  Winterhard  Leverhoogte 100cm  5 liter pot","og_url":"https:\/\/www.schramas.com\/se\/butik\/mespilus-germanica-westerveldmispel-5-liters-kruka\/","og_site_name":"Planten eenvoudig online bestellen | Schramas.com","article_publisher":"https:\/\/www.facebook.com\/Schramascom-106872874153195\/","article_modified_time":"2026-04-22T11:11:44+00:00","og_image":[{"width":1200,"height":1200,"url":"http:\/\/www.schramas.com\/wp-content\/uploads\/2024\/05\/Mespilus-germanica-Westerveld-sfeer.jpg","type":"image\/jpeg"}],"twitter_card":"summary_large_image","twitter_misc":{"Ber\u00e4knad l\u00e4stid":"1 minut"},"schema":{"@context":"https:\/\/schema.org","@graph":[{"@type":["WebPage","ItemPage"],"@id":"https:\/\/www.schramas.com\/winkel\/mespilus-germanica-westerveld-mispel-5-liter-pot\/","url":"https:\/\/www.schramas.com\/winkel\/mespilus-germanica-westerveld-mispel-5-liter-pot\/","name":"K\u00f6p Mespilus Germanica 'Westerveld', Mispel, 5 liters kruka | K\u00f6p v\u00e4xter enkelt online | Schramas.com","isPartOf":{"@id":"https:\/\/www.schramas.com\/#website"},"primaryImageOfPage":{"@id":"https:\/\/www.schramas.com\/winkel\/mespilus-germanica-westerveld-mispel-5-liter-pot\/#primaryimage"},"image":{"@id":"https:\/\/www.schramas.com\/winkel\/mespilus-germanica-westerveld-mispel-5-liter-pot\/#primaryimage"},"thumbnailUrl":"https:\/\/www.schramas.com\/wp-content\/uploads\/2024\/05\/Mespilus-germanica-Westerveld-sfeer.jpg","datePublished":"2024-05-22T12:45:51+00:00","dateModified":"2026-04-22T11:11:44+00:00","breadcrumb":{"@id":"https:\/\/www.schramas.com\/winkel\/mespilus-germanica-westerveld-mispel-5-liter-pot\/#breadcrumb"},"inLanguage":"sv-SE","potentialAction":[{"@type":"ReadAction","target":["https:\/\/www.schramas.com\/winkel\/mespilus-germanica-westerveld-mispel-5-liter-pot\/"]}]},{"@type":"ImageObject","inLanguage":"sv-SE","@id":"https:\/\/www.schramas.com\/winkel\/mespilus-germanica-westerveld-mispel-5-liter-pot\/#primaryimage","url":"https:\/\/www.schramas.com\/wp-content\/uploads\/2024\/05\/Mespilus-germanica-Westerveld-sfeer.jpg","contentUrl":"https:\/\/www.schramas.com\/wp-content\/uploads\/2024\/05\/Mespilus-germanica-Westerveld-sfeer.jpg","width":1200,"height":1200},{"@type":"BreadcrumbList","@id":"https:\/\/www.schramas.com\/winkel\/mespilus-germanica-westerveld-mispel-5-liter-pot\/#breadcrumb","itemListElement":[{"@type":"ListItem","position":1,"name":"Product","item":"https:\/\/www.schramas.com\/assortiment\/"},{"@type":"ListItem","position":2,"name":"Bomen &amp; Struiken","item":"https:\/\/www.schramas.com\/product-category\/bomen-struiken\/"},{"@type":"ListItem","position":3,"name":"Mespilus Germanica &#8216;Westerveld&#8217;, Mispel, 5 liter pot"}]},{"@type":"WebSite","@id":"https:\/\/www.schramas.com\/#website","url":"https:\/\/www.schramas.com\/","name":"Schramas.com | Tr\u00e4dg\u00e5rdsv\u00e4xter som enkelt kan best\u00e4llas online | Direkt fr\u00e5n v\u00e5r plantskola","description":"","alternateName":"Schramas.com - Alle planten direct van de kweker","potentialAction":[{"@type":"SearchAction","target":{"@type":"EntryPoint","urlTemplate":"https:\/\/www.schramas.com\/?s={search_term_string}"},"query-input":{"@type":"PropertyValueSpecification","valueRequired":true,"valueName":"search_term_string"}}],"inLanguage":"sv-SE"}]}},"_links":{"self":[{"href":"https:\/\/www.schramas.com\/se\/wp-json\/wp\/v2\/product\/40845","targetHints":{"allow":["GET"]}}],"collection":[{"href":"https:\/\/www.schramas.com\/se\/wp-json\/wp\/v2\/product"}],"about":[{"href":"https:\/\/www.schramas.com\/se\/wp-json\/wp\/v2\/types\/product"}],"version-history":[{"count":3,"href":"https:\/\/www.schramas.com\/se\/wp-json\/wp\/v2\/product\/40845\/revisions"}],"predecessor-version":[{"id":40851,"href":"https:\/\/www.schramas.com\/se\/wp-json\/wp\/v2\/product\/40845\/revisions\/40851"}],"wp:featuredmedia":[{"embeddable":true,"href":"https:\/\/www.schramas.com\/se\/wp-json\/wp\/v2\/media\/40847"}],"wp:attachment":[{"href":"https:\/\/www.schramas.com\/se\/wp-json\/wp\/v2\/media?parent=40845"}],"wp:term":[{"taxonomy":"product_brand","embeddable":true,"href":"https:\/\/www.schramas.com\/se\/wp-json\/wp\/v2\/product_brand?post=40845"},{"taxonomy":"product_cat","embeddable":true,"href":"https:\/\/www.schramas.com\/se\/wp-json\/wp\/v2\/product_cat?post=40845"},{"taxonomy":"product_tag","embeddable":true,"href":"https:\/\/www.schramas.com\/se\/wp-json\/wp\/v2\/product_tag?post=40845"}],"curies":[{"name":"wp","href":"https:\/\/api.w.org\/{rel}","templated":true}]}}