{"id":41400,"date":"2024-06-04T14:31:31","date_gmt":"2024-06-04T12:31:31","guid":{"rendered":"https:\/\/www.schramas.com\/?post_type=product&#038;p=41400"},"modified":"2026-05-04T21:41:39","modified_gmt":"2026-05-04T19:41:39","slug":"uppsattning-av-3-lammfot-gras-pennisetum-alopecuroides-viridescens-hojd-40cm-2-liter-kruka","status":"publish","type":"product","link":"https:\/\/www.schramas.com\/se\/butik\/uppsattning-av-3-lammfot-gras-pennisetum-alopecuroides-viridescens-hojd-40cm-2-liter-kruka\/","title":{"rendered":"Set om 3 Lampe julstj\u00e4rna gr\u00e4s - Pennisetum alopecuroides 'Viridescens' - H\u00f6jd 40cm - 2 liters kruka"},"content":{"rendered":"<p>Detta set med 3 Lampepoets-gr\u00e4s \u00e4r ett vackert prydnadsgr\u00e4s med smala blad som \u00e4r m\u00f6rkgr\u00f6na med en ljust lila nyans. Plantorna blir upp till 40 cm h\u00f6ga och blommar fr\u00e5n sensommaren med ljusrosa till purpurrosa blomst\u00e4llningar som kan sitta kvar p\u00e5 plantan till l\u00e5ngt in p\u00e5 vintern och sedan missf\u00e4rgas till silvergr\u00e5tt.<\/p>\n<p>'Viridescens' v\u00e4xer med v\u00e4lvt bladverk, naturligt i vacker l\u00f6kform. Prydnadsgr\u00e4set \u00e4r h\u00e4rdigt och tappar sina blad p\u00e5 senvintern. De gr\u00f6na bladen blir gr\u00f6ngula p\u00e5 h\u00f6sten, vilket g\u00f6r v\u00e4xten till ett f\u00e4rgstarkt tillskott i h\u00f6sttr\u00e4dg\u00e5rden.<\/p>\n<p><strong>Paket:<\/strong><\/p>\n<ul>\n<li>3 x Lampepoetsgr\u00e4s (Pennisetum alopecuroides 'Viridescens') i 17 cm krukor<\/li>\n<li>H\u00f6jd: ca 40 cm<\/li>\n<li>Blomningsm\u00e5nader: sensommar till tidig h\u00f6st<\/li>\n<\/ul>\n<p><strong>Funktioner:<\/strong><\/p>\n<ul>\n<li>Hardy<\/li>\n<li>L\u00f6vf\u00e4llande v\u00e4xt<\/li>\n<li>Uppn\u00e5r en h\u00f6jd av ca 75 cm<\/li>\n<li>V\u00e4xer med \u00f6verh\u00e4ngande bladverk, naturligt i en vacker sf\u00e4risk form<\/li>\n<li>Vacker i full sol men \u00e4ven i skugga<\/li>\n<li>Smala blad som \u00e4r m\u00f6rkgr\u00f6na i f\u00e4rgen med en l\u00e4tt lila ton<\/li>\n<li>Ljusa blomst\u00e4llningar p\u00e5 sensommaren och tidig h\u00f6st<\/li>\n<\/ul>\n<p><strong>Sk\u00f6tsel och underh\u00e5ll:<\/strong><\/p>\n<ul>\n<li>Ge gr\u00e4set v\u00e4ldr\u00e4nerad jord och lite vatten<\/li>\n<li>Besk\u00e4r v\u00e4xterna p\u00e5 v\u00e5ren f\u00f6r att uppmuntra ny tillv\u00e4xt<\/li>\n<li>\u00d6ka luftfuktigheten p\u00e5 sommaren f\u00f6r att f\u00f6rhindra uttorkning<\/li>\n<li>Besk\u00e4r v\u00e4xterna p\u00e5 h\u00f6sten f\u00f6r att bibeh\u00e5lla vintersilhuetten<\/li>\n<\/ul>","protected":false},"excerpt":{"rendered":"<p>3x Pennisetum alopecuroides 'Viridescens'<\/p>\n<p>Lampe polish gr\u00e4s<\/p>\n<p>H\u00f6jd max: 75cm<\/p>\n<p>Leveransh\u00f6jd inkl. kruka: ca 40 cm<\/p>\n<p>Krukans storlek: 17cm<\/p>","protected":false},"featured_media":41402,"template":"","meta":{"_joinchat":[]},"product_brand":[],"product_cat":[867,1012,226,305],"product_tag":[1998,1434,1994,2003,1719,2000,2002,1995,1991,2005,2001,1996,1997,627,1993,2004,1914,1999,351,1917],"class_list":{"0":"post-41400","1":"product","2":"type-product","3":"status-publish","4":"has-post-thumbnail","6":"product_cat-pakket-deals","7":"product_cat-overige-deals","8":"product_cat-siergrassen","9":"product_cat-planten-heesters","10":"product_tag-bladverliezende-plant","11":"product_tag-bloeiende-plant","12":"product_tag-border","13":"product_tag-goudbruin-blad","14":"product_tag-gras","15":"product_tag-heesters","16":"product_tag-herfstbloei","17":"product_tag-inrichten","18":"product_tag-lampepoetsersgras","19":"product_tag-overhangend-loof","20":"product_tag-pennisetum-alopecuroides-viridescens","21":"product_tag-plantenbak","22":"product_tag-potten","23":"product_tag-siergras","24":"product_tag-siergrassen","25":"product_tag-smal-blad","26":"product_tag-tuin","27":"product_tag-vaste-planten","28":"product_tag-winterhard","29":"product_tag-zomerbloei","30":"pa_ewd_uwcf_colors-groen-2","31":"pa_groeihoogte-50-100-cm","32":"pa_pot-zonder-pot","34":"first","35":"instock","36":"taxable","37":"shipping-taxable","38":"purchasable","39":"product-type-simple"},"yoast_head":"<!-- This site is optimized with the Yoast SEO plugin v24.2 - https:\/\/yoast.com\/wordpress\/plugins\/seo\/ -->\n<title>Set van 3 Lampepoetsersgras - Pennisetum alopecuroides &#039;Viridescens&#039; \u2013 Hoogte 40cm \u2013 2 liter pot kopen | Planten eenvoudig online bestellen | Schramas.com<\/title>\n<meta name=\"robots\" content=\"index, follow, max-snippet:-1, max-image-preview:large, max-video-preview:-1\" \/>\n<link rel=\"canonical\" href=\"https:\/\/www.schramas.com\/se\/butik\/uppsattning-av-3-lammfot-gras-pennisetum-alopecuroides-viridescens-hojd-40cm-2-liter-kruka\/\" \/>\n<meta property=\"og:locale\" content=\"sv_SE\" \/>\n<meta property=\"og:type\" content=\"article\" \/>\n<meta property=\"og:title\" content=\"Set van 3 Lampepoetsersgras - Pennisetum alopecuroides &#039;Viridescens&#039; \u2013 Hoogte 40cm \u2013 2 liter pot kopen | Planten eenvoudig online bestellen | Schramas.com\" \/>\n<meta property=\"og:description\" content=\"3x Pennisetum alopecuroides &#039;Viridescens&#039;  Lampepoetsersgras  Hoogte max: 75cm  Leverhoogte incl. pot: circa 40 cm  Potmaat: 17cm\" \/>\n<meta property=\"og:url\" content=\"https:\/\/www.schramas.com\/se\/butik\/uppsattning-av-3-lammfot-gras-pennisetum-alopecuroides-viridescens-hojd-40cm-2-liter-kruka\/\" \/>\n<meta property=\"og:site_name\" content=\"Planten eenvoudig online bestellen | Schramas.com\" \/>\n<meta property=\"article:publisher\" content=\"https:\/\/www.facebook.com\/Schramascom-106872874153195\/\" \/>\n<meta property=\"article:modified_time\" content=\"2026-05-04T19:41:39+00:00\" \/>\n<meta property=\"og:image\" content=\"https:\/\/www.schramas.com\/wp-content\/uploads\/2024\/06\/pennisetum-viridescens-sfeer.jpg\" \/>\n\t<meta property=\"og:image:width\" content=\"1200\" \/>\n\t<meta property=\"og:image:height\" content=\"1200\" \/>\n\t<meta property=\"og:image:type\" content=\"image\/jpeg\" \/>\n<meta name=\"twitter:card\" content=\"summary_large_image\" \/>\n<meta name=\"twitter:label1\" content=\"Ber\u00e4knad l\u00e4stid\" \/>\n\t<meta name=\"twitter:data1\" content=\"1 minut\" \/>\n<script type=\"application\/ld+json\" class=\"yoast-schema-graph\">{\"@context\":\"https:\/\/schema.org\",\"@graph\":[{\"@type\":[\"WebPage\",\"ItemPage\"],\"@id\":\"https:\/\/www.schramas.com\/winkel\/set-van-3-lampepoetsersgras-pennisetum-alopecuroides-viridescens-hoogte-40cm-2-liter-pot\/\",\"url\":\"https:\/\/www.schramas.com\/winkel\/set-van-3-lampepoetsersgras-pennisetum-alopecuroides-viridescens-hoogte-40cm-2-liter-pot\/\",\"name\":\"Set van 3 Lampepoetsersgras - Pennisetum alopecuroides 'Viridescens' \u2013 Hoogte 40cm \u2013 2 liter pot kopen | Planten eenvoudig online bestellen | Schramas.com\",\"isPartOf\":{\"@id\":\"https:\/\/www.schramas.com\/#website\"},\"primaryImageOfPage\":{\"@id\":\"https:\/\/www.schramas.com\/winkel\/set-van-3-lampepoetsersgras-pennisetum-alopecuroides-viridescens-hoogte-40cm-2-liter-pot\/#primaryimage\"},\"image\":{\"@id\":\"https:\/\/www.schramas.com\/winkel\/set-van-3-lampepoetsersgras-pennisetum-alopecuroides-viridescens-hoogte-40cm-2-liter-pot\/#primaryimage\"},\"thumbnailUrl\":\"https:\/\/www.schramas.com\/wp-content\/uploads\/2024\/06\/pennisetum-viridescens-sfeer.jpg\",\"datePublished\":\"2024-06-04T12:31:31+00:00\",\"dateModified\":\"2026-05-04T19:41:39+00:00\",\"breadcrumb\":{\"@id\":\"https:\/\/www.schramas.com\/winkel\/set-van-3-lampepoetsersgras-pennisetum-alopecuroides-viridescens-hoogte-40cm-2-liter-pot\/#breadcrumb\"},\"inLanguage\":\"sv-SE\",\"potentialAction\":[{\"@type\":\"ReadAction\",\"target\":[\"https:\/\/www.schramas.com\/winkel\/set-van-3-lampepoetsersgras-pennisetum-alopecuroides-viridescens-hoogte-40cm-2-liter-pot\/\"]}]},{\"@type\":\"ImageObject\",\"inLanguage\":\"sv-SE\",\"@id\":\"https:\/\/www.schramas.com\/winkel\/set-van-3-lampepoetsersgras-pennisetum-alopecuroides-viridescens-hoogte-40cm-2-liter-pot\/#primaryimage\",\"url\":\"https:\/\/www.schramas.com\/wp-content\/uploads\/2024\/06\/pennisetum-viridescens-sfeer.jpg\",\"contentUrl\":\"https:\/\/www.schramas.com\/wp-content\/uploads\/2024\/06\/pennisetum-viridescens-sfeer.jpg\",\"width\":1200,\"height\":1200},{\"@type\":\"BreadcrumbList\",\"@id\":\"https:\/\/www.schramas.com\/winkel\/set-van-3-lampepoetsersgras-pennisetum-alopecuroides-viridescens-hoogte-40cm-2-liter-pot\/#breadcrumb\",\"itemListElement\":[{\"@type\":\"ListItem\",\"position\":1,\"name\":\"Product\",\"item\":\"https:\/\/www.schramas.com\/assortiment\/\"},{\"@type\":\"ListItem\",\"position\":2,\"name\":\"Tuinplanten\",\"item\":\"https:\/\/www.schramas.com\/product-category\/planten-heesters\/\"},{\"@type\":\"ListItem\",\"position\":3,\"name\":\"Set van 3 Lampepoetsersgras &#8211; Pennisetum alopecuroides &#8216;Viridescens&#8217; \u2013 Hoogte 40cm \u2013 2 liter pot\"}]},{\"@type\":\"WebSite\",\"@id\":\"https:\/\/www.schramas.com\/#website\",\"url\":\"https:\/\/www.schramas.com\/\",\"name\":\"Schramas.com | Tuinplanten eenvoudig online bestellen | Direct van onze Kwekerij\",\"description\":\"\",\"alternateName\":\"Schramas.com - Alle planten direct van de kweker\",\"potentialAction\":[{\"@type\":\"SearchAction\",\"target\":{\"@type\":\"EntryPoint\",\"urlTemplate\":\"https:\/\/www.schramas.com\/?s={search_term_string}\"},\"query-input\":{\"@type\":\"PropertyValueSpecification\",\"valueRequired\":true,\"valueName\":\"search_term_string\"}}],\"inLanguage\":\"sv-SE\"}]}<\/script>\n<!-- \/ Yoast SEO plugin. -->","yoast_head_json":{"title":"Set om 3 Lampe julstj\u00e4rna gr\u00e4s - Pennisetum alopecuroides 'Viridescens' - H\u00f6jd 40cm - K\u00f6p 2 liters kruka | K\u00f6p v\u00e4xter enkelt online | Schramas.com","robots":{"index":"index","follow":"follow","max-snippet":"max-snippet:-1","max-image-preview":"max-image-preview:large","max-video-preview":"max-video-preview:-1"},"canonical":"https:\/\/www.schramas.com\/se\/butik\/uppsattning-av-3-lammfot-gras-pennisetum-alopecuroides-viridescens-hojd-40cm-2-liter-kruka\/","og_locale":"sv_SE","og_type":"article","og_title":"Set van 3 Lampepoetsersgras - Pennisetum alopecuroides 'Viridescens' \u2013 Hoogte 40cm \u2013 2 liter pot kopen | Planten eenvoudig online bestellen | Schramas.com","og_description":"3x Pennisetum alopecuroides 'Viridescens'  Lampepoetsersgras  Hoogte max: 75cm  Leverhoogte incl. pot: circa 40 cm  Potmaat: 17cm","og_url":"https:\/\/www.schramas.com\/se\/butik\/uppsattning-av-3-lammfot-gras-pennisetum-alopecuroides-viridescens-hojd-40cm-2-liter-kruka\/","og_site_name":"Planten eenvoudig online bestellen | Schramas.com","article_publisher":"https:\/\/www.facebook.com\/Schramascom-106872874153195\/","article_modified_time":"2026-05-04T19:41:39+00:00","og_image":[{"width":1200,"height":1200,"url":"https:\/\/www.schramas.com\/wp-content\/uploads\/2024\/06\/pennisetum-viridescens-sfeer.jpg","type":"image\/jpeg"}],"twitter_card":"summary_large_image","twitter_misc":{"Ber\u00e4knad l\u00e4stid":"1 minut"},"schema":{"@context":"https:\/\/schema.org","@graph":[{"@type":["WebPage","ItemPage"],"@id":"https:\/\/www.schramas.com\/winkel\/set-van-3-lampepoetsersgras-pennisetum-alopecuroides-viridescens-hoogte-40cm-2-liter-pot\/","url":"https:\/\/www.schramas.com\/winkel\/set-van-3-lampepoetsersgras-pennisetum-alopecuroides-viridescens-hoogte-40cm-2-liter-pot\/","name":"Set om 3 Lampe julstj\u00e4rna gr\u00e4s - Pennisetum alopecuroides 'Viridescens' - H\u00f6jd 40cm - K\u00f6p 2 liters kruka | K\u00f6p v\u00e4xter enkelt online | Schramas.com","isPartOf":{"@id":"https:\/\/www.schramas.com\/#website"},"primaryImageOfPage":{"@id":"https:\/\/www.schramas.com\/winkel\/set-van-3-lampepoetsersgras-pennisetum-alopecuroides-viridescens-hoogte-40cm-2-liter-pot\/#primaryimage"},"image":{"@id":"https:\/\/www.schramas.com\/winkel\/set-van-3-lampepoetsersgras-pennisetum-alopecuroides-viridescens-hoogte-40cm-2-liter-pot\/#primaryimage"},"thumbnailUrl":"https:\/\/www.schramas.com\/wp-content\/uploads\/2024\/06\/pennisetum-viridescens-sfeer.jpg","datePublished":"2024-06-04T12:31:31+00:00","dateModified":"2026-05-04T19:41:39+00:00","breadcrumb":{"@id":"https:\/\/www.schramas.com\/winkel\/set-van-3-lampepoetsersgras-pennisetum-alopecuroides-viridescens-hoogte-40cm-2-liter-pot\/#breadcrumb"},"inLanguage":"sv-SE","potentialAction":[{"@type":"ReadAction","target":["https:\/\/www.schramas.com\/winkel\/set-van-3-lampepoetsersgras-pennisetum-alopecuroides-viridescens-hoogte-40cm-2-liter-pot\/"]}]},{"@type":"ImageObject","inLanguage":"sv-SE","@id":"https:\/\/www.schramas.com\/winkel\/set-van-3-lampepoetsersgras-pennisetum-alopecuroides-viridescens-hoogte-40cm-2-liter-pot\/#primaryimage","url":"https:\/\/www.schramas.com\/wp-content\/uploads\/2024\/06\/pennisetum-viridescens-sfeer.jpg","contentUrl":"https:\/\/www.schramas.com\/wp-content\/uploads\/2024\/06\/pennisetum-viridescens-sfeer.jpg","width":1200,"height":1200},{"@type":"BreadcrumbList","@id":"https:\/\/www.schramas.com\/winkel\/set-van-3-lampepoetsersgras-pennisetum-alopecuroides-viridescens-hoogte-40cm-2-liter-pot\/#breadcrumb","itemListElement":[{"@type":"ListItem","position":1,"name":"Product","item":"https:\/\/www.schramas.com\/assortiment\/"},{"@type":"ListItem","position":2,"name":"Tuinplanten","item":"https:\/\/www.schramas.com\/product-category\/planten-heesters\/"},{"@type":"ListItem","position":3,"name":"Set van 3 Lampepoetsersgras &#8211; Pennisetum alopecuroides &#8216;Viridescens&#8217; \u2013 Hoogte 40cm \u2013 2 liter pot"}]},{"@type":"WebSite","@id":"https:\/\/www.schramas.com\/#website","url":"https:\/\/www.schramas.com\/","name":"Schramas.com | Tr\u00e4dg\u00e5rdsv\u00e4xter som enkelt kan best\u00e4llas online | Direkt fr\u00e5n v\u00e5r plantskola","description":"","alternateName":"Schramas.com - Alle planten direct van de kweker","potentialAction":[{"@type":"SearchAction","target":{"@type":"EntryPoint","urlTemplate":"https:\/\/www.schramas.com\/?s={search_term_string}"},"query-input":{"@type":"PropertyValueSpecification","valueRequired":true,"valueName":"search_term_string"}}],"inLanguage":"sv-SE"}]}},"_links":{"self":[{"href":"https:\/\/www.schramas.com\/se\/wp-json\/wp\/v2\/product\/41400","targetHints":{"allow":["GET"]}}],"collection":[{"href":"https:\/\/www.schramas.com\/se\/wp-json\/wp\/v2\/product"}],"about":[{"href":"https:\/\/www.schramas.com\/se\/wp-json\/wp\/v2\/types\/product"}],"version-history":[{"count":3,"href":"https:\/\/www.schramas.com\/se\/wp-json\/wp\/v2\/product\/41400\/revisions"}],"predecessor-version":[{"id":41406,"href":"https:\/\/www.schramas.com\/se\/wp-json\/wp\/v2\/product\/41400\/revisions\/41406"}],"wp:featuredmedia":[{"embeddable":true,"href":"https:\/\/www.schramas.com\/se\/wp-json\/wp\/v2\/media\/41402"}],"wp:attachment":[{"href":"https:\/\/www.schramas.com\/se\/wp-json\/wp\/v2\/media?parent=41400"}],"wp:term":[{"taxonomy":"product_brand","embeddable":true,"href":"https:\/\/www.schramas.com\/se\/wp-json\/wp\/v2\/product_brand?post=41400"},{"taxonomy":"product_cat","embeddable":true,"href":"https:\/\/www.schramas.com\/se\/wp-json\/wp\/v2\/product_cat?post=41400"},{"taxonomy":"product_tag","embeddable":true,"href":"https:\/\/www.schramas.com\/se\/wp-json\/wp\/v2\/product_tag?post=41400"}],"curies":[{"name":"wp","href":"https:\/\/api.w.org\/{rel}","templated":true}]}}