{"id":42649,"date":"2024-07-25T10:47:20","date_gmt":"2024-07-25T08:47:20","guid":{"rendered":"https:\/\/www.schramas.com\/?post_type=product&#038;p=42649"},"modified":"2026-04-15T08:06:14","modified_gmt":"2026-04-15T06:06:14","slug":"uppsattning-av-2-himmel-bambu-nandina-domestica-firepower-hojd-35cm-12cm-kruka","status":"publish","type":"product","link":"https:\/\/www.schramas.com\/se\/butik\/uppsattning-av-2-himmel-bambu-nandina-domestica-firepower-hojd-35cm-12cm-kruka\/","title":{"rendered":"Upps\u00e4ttning med 2 bambu - Nandina domestica 'Firepower' - H\u00f6jd 35 cm - 12 cm kruka"},"content":{"rendered":"<p>Nandina domestica 'Firepower', \u00e4ven k\u00e4nd som Heavenly Bamboo, \u00e4r en sl\u00e5ende och m\u00e5ngsidig vintergr\u00f6n buske. \u00c4ven om namnet antyder att det \u00e4r en bambuart \u00e4r detta inte fallet, och den h\u00e4r v\u00e4xten kommer inte heller att sprida sig. Setet inneh\u00e5ller tv\u00e5 v\u00e4xter, var och en i en 12 cm kruka och med en h\u00f6jd p\u00e5 ca 35 cm.<\/p>\n<p><strong>Funktioner:<\/strong><\/p>\n<ul>\n<li><strong>F\u00e4rgstarkt blad:<\/strong> Bladen p\u00e5 'Firepower' varierar under \u00e5rstiderna, med f\u00e4rger som skiftar fr\u00e5n livligt r\u00f6tt och rosa p\u00e5 v\u00e5ren, till gult och gr\u00f6nt p\u00e5 sommaren och slutligen en blandning av r\u00f6tt, orange och gr\u00f6nt p\u00e5 h\u00f6sten och vintern. Dessa dynamiska nyanser g\u00f6r v\u00e4xten till ett riktigt blickf\u00e5ng.<\/li>\n<li><strong>Blomning och frukt:<\/strong> P\u00e5 sommaren f\u00e5r Nandina domestica 'Firepower' fina vita blommor, som senare under s\u00e4songen f\u00f6ljs av dekorativa r\u00f6da b\u00e4r. Dessa b\u00e4r \u00e4r ofta synliga l\u00e5ngt in p\u00e5 vintern och ger en best\u00e5ende dekorativ effekt.<\/li>\n<li><strong>Tillv\u00e4xt och underh\u00e5ll:<\/strong> Denna v\u00e4xt v\u00e4xer uppr\u00e4tt till buskigt och n\u00e5r en sluth\u00f6jd p\u00e5 ca 50 cm. Nandina 'Firepower' \u00e4r torkt\u00e5lig och kan planteras i b\u00e5de full sol och halvskugga. Busken sprider sig inte, vilket inneb\u00e4r att den h\u00e5ller sig snyggt p\u00e5 plats utan att ta \u00f6ver tr\u00e4dg\u00e5rden.<\/li>\n<li><strong>Ans\u00f6kan:<\/strong> Celestial Bamboo \u00e4r mycket m\u00e5ngsidig och kan anv\u00e4ndas som solit\u00e4r i en kruka p\u00e5 uteplatsen eller balkongen, i rabatter som accentv\u00e4xt eller i gruppplanteringar. Den \u00e4r ocks\u00e5 l\u00e4mplig f\u00f6r att skapa l\u00e5ga h\u00e4ckar.<\/li>\n<\/ul>\n<p><strong>Ta hand om dig:<\/strong><\/p>\n<p>Nandina domestica 'Firepower' kr\u00e4ver lite underh\u00e5ll och beh\u00f6ver bara sporadisk besk\u00e4rning f\u00f6r att beh\u00e5lla en fin form. Det \u00e4r en idealisk v\u00e4xt f\u00f6r b\u00e5de nyb\u00f6rjare och erfarna tr\u00e4dg\u00e5rdsm\u00e4stare som vill ha lite underh\u00e5ll men stor visuell effekt.<\/p>","protected":false},"excerpt":{"rendered":"<div class=\"elementor-element elementor-element-22a0eea elementor-widget elementor-widget-woocommerce-product-short-description\" data-id=\"22a0eea\" data-element_type=\"widget\" data-widget_type=\"woocommerce-product-short-description.default\">\n<div class=\"elementor-widget-container\">\n<div class=\"woocommerce-product-details__short-description\">\n<p>Nandina domestica 'Firepower'<\/p>\n<p>L\u00e5tsasbambu, himmelsk bambu<\/p>\n<p>Blomst\u00e4llning: r\u00f6df\u00e4rgade blad<\/p>\n<p>Max. h\u00f6jd 50-60 cm<\/p>\n<p>H\u00e5ller sig gr\u00f6n.<\/p>\n<p>Hardy<\/p>\n<p>Leveransh\u00f6jd inkl. kruka: 35-40 cm<\/p>\n<p>Krukstorlek: 12cm kruka<\/p>\n<\/div>\n<\/div>\n<\/div>\n<div class=\"elementor-element elementor-element-e241044 elementor-widget elementor-widget-woocommerce-product-price\" data-id=\"e241044\" data-element_type=\"widget\" data-widget_type=\"woocommerce-product-price.default\">\n<div class=\"elementor-widget-container\"><\/div>\n<\/div>","protected":false},"featured_media":42653,"template":"","meta":{"_joinchat":[]},"product_brand":[],"product_cat":[303,300,867,1012,229,305],"product_tag":[603,1369,2076,1497,2072,499,2073,2074,2075,2071,930,1541,1275,1518,610,351],"class_list":{"0":"post-42649","1":"product","2":"type-product","3":"status-publish","4":"has-post-thumbnail","6":"product_cat-groenblijvende-heesters","7":"product_cat-heesters","8":"product_cat-pakket-deals","9":"product_cat-overige-deals","10":"product_cat-sierheesters","11":"product_cat-planten-heesters","12":"product_tag-bessen","13":"product_tag-borderplant","14":"product_tag-decoratieve-plant","15":"product_tag-droogtetolerant","16":"product_tag-firepower","17":"product_tag-groenblijvend","18":"product_tag-hemelse-bamboe","19":"product_tag-kleurrijk-blad","20":"product_tag-laag-onderhoud","21":"product_tag-nandina-domestica","22":"product_tag-sierstruik","23":"product_tag-terrasplant","24":"product_tag-tuinieren","25":"product_tag-tuinontwerp","26":"product_tag-tuinplant","27":"product_tag-winterhard","28":"pa_ewd_uwcf_colors-groen-2","29":"pa_groeihoogte-50-100-cm","30":"pa_pot-1-5-liter-pot","32":"first","33":"outofstock","34":"taxable","35":"shipping-taxable","36":"purchasable","37":"product-type-simple"},"yoast_head":"<!-- This site is optimized with the Yoast SEO plugin v24.2 - https:\/\/yoast.com\/wordpress\/plugins\/seo\/ -->\n<title>Set van 2 hemelse bamboe - Nandina domestica &#039;Firepower&#039; - Hoogte 35cm - 12cm pot kopen | Planten eenvoudig online bestellen | Schramas.com<\/title>\n<meta name=\"robots\" content=\"index, follow, max-snippet:-1, max-image-preview:large, max-video-preview:-1\" \/>\n<link rel=\"canonical\" href=\"https:\/\/www.schramas.com\/se\/butik\/uppsattning-av-2-himmel-bambu-nandina-domestica-firepower-hojd-35cm-12cm-kruka\/\" \/>\n<meta property=\"og:locale\" content=\"sv_SE\" \/>\n<meta property=\"og:type\" content=\"article\" \/>\n<meta property=\"og:title\" content=\"Set van 2 hemelse bamboe - Nandina domestica &#039;Firepower&#039; - Hoogte 35cm - 12cm pot kopen | Planten eenvoudig online bestellen | Schramas.com\" \/>\n<meta property=\"og:description\" content=\"Nandina domestica &#039;Firepower&#039;  Schijnbamboe, hemelse bamboe  Bloeiwijze: rood gekleurd blad  Max. hoogte 50-60 cm  Groen blijvend.  Winterhard  Leverhoogte incl. pot: 35-40 cm  Potmaat: 12cm pot\" \/>\n<meta property=\"og:url\" content=\"https:\/\/www.schramas.com\/se\/butik\/uppsattning-av-2-himmel-bambu-nandina-domestica-firepower-hojd-35cm-12cm-kruka\/\" \/>\n<meta property=\"og:site_name\" content=\"Planten eenvoudig online bestellen | Schramas.com\" \/>\n<meta property=\"article:publisher\" content=\"https:\/\/www.facebook.com\/Schramascom-106872874153195\/\" \/>\n<meta property=\"article:modified_time\" content=\"2026-04-15T06:06:14+00:00\" \/>\n<meta property=\"og:image\" content=\"http:\/\/www.schramas.com\/wp-content\/uploads\/2024\/07\/Nandina-domestica-Firepower-sfeer.jpg\" \/>\n\t<meta property=\"og:image:width\" content=\"1200\" \/>\n\t<meta property=\"og:image:height\" content=\"1200\" \/>\n\t<meta property=\"og:image:type\" content=\"image\/jpeg\" \/>\n<meta name=\"twitter:card\" content=\"summary_large_image\" \/>\n<meta name=\"twitter:label1\" content=\"Ber\u00e4knad l\u00e4stid\" \/>\n\t<meta name=\"twitter:data1\" content=\"1 minut\" \/>\n<script type=\"application\/ld+json\" class=\"yoast-schema-graph\">{\"@context\":\"https:\/\/schema.org\",\"@graph\":[{\"@type\":[\"WebPage\",\"ItemPage\"],\"@id\":\"https:\/\/www.schramas.com\/winkel\/set-van-2-hemelse-bamboe-nandina-domestica-firepower-hoogte-35cm-12cm-pot\/\",\"url\":\"https:\/\/www.schramas.com\/winkel\/set-van-2-hemelse-bamboe-nandina-domestica-firepower-hoogte-35cm-12cm-pot\/\",\"name\":\"Set van 2 hemelse bamboe - Nandina domestica 'Firepower' - Hoogte 35cm - 12cm pot kopen | Planten eenvoudig online bestellen | Schramas.com\",\"isPartOf\":{\"@id\":\"https:\/\/www.schramas.com\/#website\"},\"primaryImageOfPage\":{\"@id\":\"https:\/\/www.schramas.com\/winkel\/set-van-2-hemelse-bamboe-nandina-domestica-firepower-hoogte-35cm-12cm-pot\/#primaryimage\"},\"image\":{\"@id\":\"https:\/\/www.schramas.com\/winkel\/set-van-2-hemelse-bamboe-nandina-domestica-firepower-hoogte-35cm-12cm-pot\/#primaryimage\"},\"thumbnailUrl\":\"https:\/\/www.schramas.com\/wp-content\/uploads\/2024\/07\/Nandina-domestica-Firepower-sfeer.jpg\",\"datePublished\":\"2024-07-25T08:47:20+00:00\",\"dateModified\":\"2026-04-15T06:06:14+00:00\",\"breadcrumb\":{\"@id\":\"https:\/\/www.schramas.com\/winkel\/set-van-2-hemelse-bamboe-nandina-domestica-firepower-hoogte-35cm-12cm-pot\/#breadcrumb\"},\"inLanguage\":\"sv-SE\",\"potentialAction\":[{\"@type\":\"ReadAction\",\"target\":[\"https:\/\/www.schramas.com\/winkel\/set-van-2-hemelse-bamboe-nandina-domestica-firepower-hoogte-35cm-12cm-pot\/\"]}]},{\"@type\":\"ImageObject\",\"inLanguage\":\"sv-SE\",\"@id\":\"https:\/\/www.schramas.com\/winkel\/set-van-2-hemelse-bamboe-nandina-domestica-firepower-hoogte-35cm-12cm-pot\/#primaryimage\",\"url\":\"https:\/\/www.schramas.com\/wp-content\/uploads\/2024\/07\/Nandina-domestica-Firepower-sfeer.jpg\",\"contentUrl\":\"https:\/\/www.schramas.com\/wp-content\/uploads\/2024\/07\/Nandina-domestica-Firepower-sfeer.jpg\",\"width\":1200,\"height\":1200},{\"@type\":\"BreadcrumbList\",\"@id\":\"https:\/\/www.schramas.com\/winkel\/set-van-2-hemelse-bamboe-nandina-domestica-firepower-hoogte-35cm-12cm-pot\/#breadcrumb\",\"itemListElement\":[{\"@type\":\"ListItem\",\"position\":1,\"name\":\"Product\",\"item\":\"https:\/\/www.schramas.com\/assortiment\/\"},{\"@type\":\"ListItem\",\"position\":2,\"name\":\"Pakketdeals\",\"item\":\"https:\/\/www.schramas.com\/product-category\/pakket-deals\/\"},{\"@type\":\"ListItem\",\"position\":3,\"name\":\"Set van 2 hemelse bamboe &#8211; Nandina domestica &#8216;Firepower&#8217; &#8211; Hoogte 35cm &#8211; 12cm pot\"}]},{\"@type\":\"WebSite\",\"@id\":\"https:\/\/www.schramas.com\/#website\",\"url\":\"https:\/\/www.schramas.com\/\",\"name\":\"Schramas.com | Tuinplanten eenvoudig online bestellen | Direct van onze Kwekerij\",\"description\":\"\",\"alternateName\":\"Schramas.com - Alle planten direct van de kweker\",\"potentialAction\":[{\"@type\":\"SearchAction\",\"target\":{\"@type\":\"EntryPoint\",\"urlTemplate\":\"https:\/\/www.schramas.com\/?s={search_term_string}\"},\"query-input\":{\"@type\":\"PropertyValueSpecification\",\"valueRequired\":true,\"valueName\":\"search_term_string\"}}],\"inLanguage\":\"sv-SE\"}]}<\/script>\n<!-- \/ Yoast SEO plugin. -->","yoast_head_json":{"title":"Upps\u00e4ttning av 2 himmelska bambu - Nandina domestica 'Firepower' - H\u00f6jd 35cm - K\u00f6p 12cm kruka | V\u00e4xter enkel onlinebest\u00e4llning | Schramas.com","robots":{"index":"index","follow":"follow","max-snippet":"max-snippet:-1","max-image-preview":"max-image-preview:large","max-video-preview":"max-video-preview:-1"},"canonical":"https:\/\/www.schramas.com\/se\/butik\/uppsattning-av-2-himmel-bambu-nandina-domestica-firepower-hojd-35cm-12cm-kruka\/","og_locale":"sv_SE","og_type":"article","og_title":"Set van 2 hemelse bamboe - Nandina domestica 'Firepower' - Hoogte 35cm - 12cm pot kopen | Planten eenvoudig online bestellen | Schramas.com","og_description":"Nandina domestica 'Firepower'  Schijnbamboe, hemelse bamboe  Bloeiwijze: rood gekleurd blad  Max. hoogte 50-60 cm  Groen blijvend.  Winterhard  Leverhoogte incl. pot: 35-40 cm  Potmaat: 12cm pot","og_url":"https:\/\/www.schramas.com\/se\/butik\/uppsattning-av-2-himmel-bambu-nandina-domestica-firepower-hojd-35cm-12cm-kruka\/","og_site_name":"Planten eenvoudig online bestellen | Schramas.com","article_publisher":"https:\/\/www.facebook.com\/Schramascom-106872874153195\/","article_modified_time":"2026-04-15T06:06:14+00:00","og_image":[{"width":1200,"height":1200,"url":"http:\/\/www.schramas.com\/wp-content\/uploads\/2024\/07\/Nandina-domestica-Firepower-sfeer.jpg","type":"image\/jpeg"}],"twitter_card":"summary_large_image","twitter_misc":{"Ber\u00e4knad l\u00e4stid":"1 minut"},"schema":{"@context":"https:\/\/schema.org","@graph":[{"@type":["WebPage","ItemPage"],"@id":"https:\/\/www.schramas.com\/winkel\/set-van-2-hemelse-bamboe-nandina-domestica-firepower-hoogte-35cm-12cm-pot\/","url":"https:\/\/www.schramas.com\/winkel\/set-van-2-hemelse-bamboe-nandina-domestica-firepower-hoogte-35cm-12cm-pot\/","name":"Upps\u00e4ttning av 2 himmelska bambu - Nandina domestica 'Firepower' - H\u00f6jd 35cm - K\u00f6p 12cm kruka | V\u00e4xter enkel onlinebest\u00e4llning | Schramas.com","isPartOf":{"@id":"https:\/\/www.schramas.com\/#website"},"primaryImageOfPage":{"@id":"https:\/\/www.schramas.com\/winkel\/set-van-2-hemelse-bamboe-nandina-domestica-firepower-hoogte-35cm-12cm-pot\/#primaryimage"},"image":{"@id":"https:\/\/www.schramas.com\/winkel\/set-van-2-hemelse-bamboe-nandina-domestica-firepower-hoogte-35cm-12cm-pot\/#primaryimage"},"thumbnailUrl":"https:\/\/www.schramas.com\/wp-content\/uploads\/2024\/07\/Nandina-domestica-Firepower-sfeer.jpg","datePublished":"2024-07-25T08:47:20+00:00","dateModified":"2026-04-15T06:06:14+00:00","breadcrumb":{"@id":"https:\/\/www.schramas.com\/winkel\/set-van-2-hemelse-bamboe-nandina-domestica-firepower-hoogte-35cm-12cm-pot\/#breadcrumb"},"inLanguage":"sv-SE","potentialAction":[{"@type":"ReadAction","target":["https:\/\/www.schramas.com\/winkel\/set-van-2-hemelse-bamboe-nandina-domestica-firepower-hoogte-35cm-12cm-pot\/"]}]},{"@type":"ImageObject","inLanguage":"sv-SE","@id":"https:\/\/www.schramas.com\/winkel\/set-van-2-hemelse-bamboe-nandina-domestica-firepower-hoogte-35cm-12cm-pot\/#primaryimage","url":"https:\/\/www.schramas.com\/wp-content\/uploads\/2024\/07\/Nandina-domestica-Firepower-sfeer.jpg","contentUrl":"https:\/\/www.schramas.com\/wp-content\/uploads\/2024\/07\/Nandina-domestica-Firepower-sfeer.jpg","width":1200,"height":1200},{"@type":"BreadcrumbList","@id":"https:\/\/www.schramas.com\/winkel\/set-van-2-hemelse-bamboe-nandina-domestica-firepower-hoogte-35cm-12cm-pot\/#breadcrumb","itemListElement":[{"@type":"ListItem","position":1,"name":"Product","item":"https:\/\/www.schramas.com\/assortiment\/"},{"@type":"ListItem","position":2,"name":"Pakketdeals","item":"https:\/\/www.schramas.com\/product-category\/pakket-deals\/"},{"@type":"ListItem","position":3,"name":"Set van 2 hemelse bamboe &#8211; Nandina domestica &#8216;Firepower&#8217; &#8211; Hoogte 35cm &#8211; 12cm pot"}]},{"@type":"WebSite","@id":"https:\/\/www.schramas.com\/#website","url":"https:\/\/www.schramas.com\/","name":"Schramas.com | Tr\u00e4dg\u00e5rdsv\u00e4xter som enkelt kan best\u00e4llas online | Direkt fr\u00e5n v\u00e5r plantskola","description":"","alternateName":"Schramas.com - Alle planten direct van de kweker","potentialAction":[{"@type":"SearchAction","target":{"@type":"EntryPoint","urlTemplate":"https:\/\/www.schramas.com\/?s={search_term_string}"},"query-input":{"@type":"PropertyValueSpecification","valueRequired":true,"valueName":"search_term_string"}}],"inLanguage":"sv-SE"}]}},"_links":{"self":[{"href":"https:\/\/www.schramas.com\/se\/wp-json\/wp\/v2\/product\/42649","targetHints":{"allow":["GET"]}}],"collection":[{"href":"https:\/\/www.schramas.com\/se\/wp-json\/wp\/v2\/product"}],"about":[{"href":"https:\/\/www.schramas.com\/se\/wp-json\/wp\/v2\/types\/product"}],"version-history":[{"count":4,"href":"https:\/\/www.schramas.com\/se\/wp-json\/wp\/v2\/product\/42649\/revisions"}],"predecessor-version":[{"id":42660,"href":"https:\/\/www.schramas.com\/se\/wp-json\/wp\/v2\/product\/42649\/revisions\/42660"}],"wp:featuredmedia":[{"embeddable":true,"href":"https:\/\/www.schramas.com\/se\/wp-json\/wp\/v2\/media\/42653"}],"wp:attachment":[{"href":"https:\/\/www.schramas.com\/se\/wp-json\/wp\/v2\/media?parent=42649"}],"wp:term":[{"taxonomy":"product_brand","embeddable":true,"href":"https:\/\/www.schramas.com\/se\/wp-json\/wp\/v2\/product_brand?post=42649"},{"taxonomy":"product_cat","embeddable":true,"href":"https:\/\/www.schramas.com\/se\/wp-json\/wp\/v2\/product_cat?post=42649"},{"taxonomy":"product_tag","embeddable":true,"href":"https:\/\/www.schramas.com\/se\/wp-json\/wp\/v2\/product_tag?post=42649"}],"curies":[{"name":"wp","href":"https:\/\/api.w.org\/{rel}","templated":true}]}}