{"id":47367,"date":"2025-02-25T14:18:02","date_gmt":"2025-02-25T13:18:02","guid":{"rendered":"https:\/\/www.schramas.com\/?post_type=product&#038;p=47367"},"modified":"2026-04-25T18:13:03","modified_gmt":"2026-04-25T16:13:03","slug":"agapanthus-silver-moon-afrikaanse-lelie-wortelgoed-5-stuks","status":"publish","type":"product","link":"https:\/\/www.schramas.com\/se\/butik\/agapanthus-silver-moon-afrikaanse-lelie-wortelgoed-5-stuks\/","title":{"rendered":"Agapanthus &#039;Silver Moon&#039; \u2013 Afrikansk lilja \u2013 Barrot \u2013 5 st"},"content":{"rendered":"<div>\n<p class=\"break-words\">De Agapanthus &#8216;Silver Moon&#8217;, ook wel Afrikaanse lelie genoemd, is een bijzondere verschijning die elke tuin of terras verrijkt. Deze compacte, bladverliezende soort onderscheidt zich met haar unieke zilverbont blad en een overvloed aan kleine, blauwe bloemen. Met een hoogte van ongeveer 60 cm en een breedte van 40 cm is deze plant ideaal voor zowel de border als een pot. Haar rijke bloei en opvallende bladkleur maken haar een echte eyecatcher.<\/p>\n<p class=\"break-words\">Oorspronkelijk afkomstig uit Zuid-Afrika, vraagt de &#8216;Silver Moon&#8217; om een zonnige standplaats met goed doorlatende grond. Geef haar regelmatig een kleine hoeveelheid water en voed haar in maart, mei en augustus met stikstofarme mest voor optimale groei. Na de bloei kan ze eventueel verpot worden. Deze Agapanthus is matig winterhard: in de volle grond overleeft ze de winter op een beschutte plek onder een laag blad of stro, terwijl ze in een pot droog en vorstvrij overwinterd moet worden. Een unieke en veelzijdige plant die niet snel vergeten wordt!<\/p>\n<\/div>","protected":false},"excerpt":{"rendered":"<p>5x Agapanthus &#8216;Silver Moon&#8217;<\/p>\n<p>Afrikaanse lelie<\/p>\n<p>H\u00f6jd: 60 cm<\/p>\n<p>Leveransmetod: R\u00f6tter<\/p>\n<p>&nbsp;<\/p>","protected":false},"featured_media":47368,"template":"","meta":{"_joinchat":[]},"product_brand":[],"product_cat":[305,306],"product_tag":[],"class_list":{"0":"post-47367","1":"product","2":"type-product","3":"status-publish","4":"has-post-thumbnail","6":"product_cat-planten-heesters","7":"product_cat-vaste-planten","8":"pa_pot-naaktwortelig","10":"first","11":"instock","12":"taxable","13":"shipping-taxable","14":"purchasable","15":"product-type-simple"},"yoast_head":"<!-- This site is optimized with the Yoast SEO plugin v24.2 - https:\/\/yoast.com\/wordpress\/plugins\/seo\/ -->\n<title>Agapanthus &#039;Silver Moon&#039; - Afrikaanse lelie - Wortelgoed - 5 stuks kopen | Planten eenvoudig online bestellen | Schramas.com<\/title>\n<meta name=\"robots\" content=\"index, follow, max-snippet:-1, max-image-preview:large, max-video-preview:-1\" \/>\n<link rel=\"canonical\" href=\"https:\/\/www.schramas.com\/se\/butik\/agapanthus-silver-moon-afrikaanse-lelie-wortelgoed-5-stuks\/\" \/>\n<meta property=\"og:locale\" content=\"sv_SE\" \/>\n<meta property=\"og:type\" content=\"article\" \/>\n<meta property=\"og:title\" content=\"Agapanthus &#039;Silver Moon&#039; - Afrikaanse lelie - Wortelgoed - 5 stuks kopen | Planten eenvoudig online bestellen | Schramas.com\" \/>\n<meta property=\"og:description\" content=\"5x Agapanthus &#039;Silver Moon&#039;  Afrikaanse lelie  Hoogte: 60cm  Leverwijze: Wortelgoed  &nbsp;\" \/>\n<meta property=\"og:url\" content=\"https:\/\/www.schramas.com\/se\/butik\/agapanthus-silver-moon-afrikaanse-lelie-wortelgoed-5-stuks\/\" \/>\n<meta property=\"og:site_name\" content=\"Planten eenvoudig online bestellen | Schramas.com\" \/>\n<meta property=\"article:publisher\" content=\"https:\/\/www.facebook.com\/Schramascom-106872874153195\/\" \/>\n<meta property=\"article:modified_time\" content=\"2026-04-25T16:13:03+00:00\" \/>\n<meta property=\"og:image\" content=\"https:\/\/www.schramas.com\/wp-content\/uploads\/2025\/02\/Agapanthus-Silver-Moon.webp\" \/>\n\t<meta property=\"og:image:width\" content=\"500\" \/>\n\t<meta property=\"og:image:height\" content=\"500\" \/>\n\t<meta property=\"og:image:type\" content=\"image\/webp\" \/>\n<meta name=\"twitter:card\" content=\"summary_large_image\" \/>\n<meta name=\"twitter:label1\" content=\"Ber\u00e4knad l\u00e4stid\" \/>\n\t<meta name=\"twitter:data1\" content=\"1 minut\" \/>\n<script type=\"application\/ld+json\" class=\"yoast-schema-graph\">{\"@context\":\"https:\/\/schema.org\",\"@graph\":[{\"@type\":[\"WebPage\",\"ItemPage\"],\"@id\":\"https:\/\/www.schramas.com\/winkel\/agapanthus-silver-moon-afrikaanse-lelie-wortelgoed-5-stuks\/\",\"url\":\"https:\/\/www.schramas.com\/winkel\/agapanthus-silver-moon-afrikaanse-lelie-wortelgoed-5-stuks\/\",\"name\":\"Agapanthus 'Silver Moon' - Afrikaanse lelie - Wortelgoed - 5 stuks kopen | Planten eenvoudig online bestellen | Schramas.com\",\"isPartOf\":{\"@id\":\"https:\/\/www.schramas.com\/#website\"},\"primaryImageOfPage\":{\"@id\":\"https:\/\/www.schramas.com\/winkel\/agapanthus-silver-moon-afrikaanse-lelie-wortelgoed-5-stuks\/#primaryimage\"},\"image\":{\"@id\":\"https:\/\/www.schramas.com\/winkel\/agapanthus-silver-moon-afrikaanse-lelie-wortelgoed-5-stuks\/#primaryimage\"},\"thumbnailUrl\":\"https:\/\/www.schramas.com\/wp-content\/uploads\/2025\/02\/Agapanthus-Silver-Moon.webp\",\"datePublished\":\"2025-02-25T13:18:02+00:00\",\"dateModified\":\"2026-04-25T16:13:03+00:00\",\"breadcrumb\":{\"@id\":\"https:\/\/www.schramas.com\/winkel\/agapanthus-silver-moon-afrikaanse-lelie-wortelgoed-5-stuks\/#breadcrumb\"},\"inLanguage\":\"sv-SE\",\"potentialAction\":[{\"@type\":\"ReadAction\",\"target\":[\"https:\/\/www.schramas.com\/winkel\/agapanthus-silver-moon-afrikaanse-lelie-wortelgoed-5-stuks\/\"]}]},{\"@type\":\"ImageObject\",\"inLanguage\":\"sv-SE\",\"@id\":\"https:\/\/www.schramas.com\/winkel\/agapanthus-silver-moon-afrikaanse-lelie-wortelgoed-5-stuks\/#primaryimage\",\"url\":\"https:\/\/www.schramas.com\/wp-content\/uploads\/2025\/02\/Agapanthus-Silver-Moon.webp\",\"contentUrl\":\"https:\/\/www.schramas.com\/wp-content\/uploads\/2025\/02\/Agapanthus-Silver-Moon.webp\",\"width\":500,\"height\":500},{\"@type\":\"BreadcrumbList\",\"@id\":\"https:\/\/www.schramas.com\/winkel\/agapanthus-silver-moon-afrikaanse-lelie-wortelgoed-5-stuks\/#breadcrumb\",\"itemListElement\":[{\"@type\":\"ListItem\",\"position\":1,\"name\":\"Product\",\"item\":\"https:\/\/www.schramas.com\/assortiment\/\"},{\"@type\":\"ListItem\",\"position\":2,\"name\":\"Tuinplanten\",\"item\":\"https:\/\/www.schramas.com\/product-category\/planten-heesters\/\"},{\"@type\":\"ListItem\",\"position\":3,\"name\":\"Agapanthus &#8216;Silver Moon&#8217; &#8211; Afrikaanse lelie &#8211; Wortelgoed &#8211; 5 stuks\"}]},{\"@type\":\"WebSite\",\"@id\":\"https:\/\/www.schramas.com\/#website\",\"url\":\"https:\/\/www.schramas.com\/\",\"name\":\"Schramas.com | Tuinplanten eenvoudig online bestellen | Direct van onze Kwekerij\",\"description\":\"\",\"alternateName\":\"Schramas.com - Alle planten direct van de kweker\",\"potentialAction\":[{\"@type\":\"SearchAction\",\"target\":{\"@type\":\"EntryPoint\",\"urlTemplate\":\"https:\/\/www.schramas.com\/?s={search_term_string}\"},\"query-input\":{\"@type\":\"PropertyValueSpecification\",\"valueRequired\":true,\"valueName\":\"search_term_string\"}}],\"inLanguage\":\"sv-SE\"}]}<\/script>\n<!-- \/ Yoast SEO plugin. -->","yoast_head_json":{"title":"Agapanthus 'Silver Moon' - Afrikaanse lelie - Wortelgoed - 5 stuks kopen | Planten eenvoudig online bestellen | Schramas.com","robots":{"index":"index","follow":"follow","max-snippet":"max-snippet:-1","max-image-preview":"max-image-preview:large","max-video-preview":"max-video-preview:-1"},"canonical":"https:\/\/www.schramas.com\/se\/butik\/agapanthus-silver-moon-afrikaanse-lelie-wortelgoed-5-stuks\/","og_locale":"sv_SE","og_type":"article","og_title":"Agapanthus 'Silver Moon' - Afrikaanse lelie - Wortelgoed - 5 stuks kopen | Planten eenvoudig online bestellen | Schramas.com","og_description":"5x Agapanthus 'Silver Moon'  Afrikaanse lelie  Hoogte: 60cm  Leverwijze: Wortelgoed  &nbsp;","og_url":"https:\/\/www.schramas.com\/se\/butik\/agapanthus-silver-moon-afrikaanse-lelie-wortelgoed-5-stuks\/","og_site_name":"Planten eenvoudig online bestellen | Schramas.com","article_publisher":"https:\/\/www.facebook.com\/Schramascom-106872874153195\/","article_modified_time":"2026-04-25T16:13:03+00:00","og_image":[{"width":500,"height":500,"url":"https:\/\/www.schramas.com\/wp-content\/uploads\/2025\/02\/Agapanthus-Silver-Moon.webp","type":"image\/webp"}],"twitter_card":"summary_large_image","twitter_misc":{"Ber\u00e4knad l\u00e4stid":"1 minut"},"schema":{"@context":"https:\/\/schema.org","@graph":[{"@type":["WebPage","ItemPage"],"@id":"https:\/\/www.schramas.com\/winkel\/agapanthus-silver-moon-afrikaanse-lelie-wortelgoed-5-stuks\/","url":"https:\/\/www.schramas.com\/winkel\/agapanthus-silver-moon-afrikaanse-lelie-wortelgoed-5-stuks\/","name":"Agapanthus 'Silver Moon' - Afrikaanse lelie - Wortelgoed - 5 stuks kopen | Planten eenvoudig online bestellen | Schramas.com","isPartOf":{"@id":"https:\/\/www.schramas.com\/#website"},"primaryImageOfPage":{"@id":"https:\/\/www.schramas.com\/winkel\/agapanthus-silver-moon-afrikaanse-lelie-wortelgoed-5-stuks\/#primaryimage"},"image":{"@id":"https:\/\/www.schramas.com\/winkel\/agapanthus-silver-moon-afrikaanse-lelie-wortelgoed-5-stuks\/#primaryimage"},"thumbnailUrl":"https:\/\/www.schramas.com\/wp-content\/uploads\/2025\/02\/Agapanthus-Silver-Moon.webp","datePublished":"2025-02-25T13:18:02+00:00","dateModified":"2026-04-25T16:13:03+00:00","breadcrumb":{"@id":"https:\/\/www.schramas.com\/winkel\/agapanthus-silver-moon-afrikaanse-lelie-wortelgoed-5-stuks\/#breadcrumb"},"inLanguage":"sv-SE","potentialAction":[{"@type":"ReadAction","target":["https:\/\/www.schramas.com\/winkel\/agapanthus-silver-moon-afrikaanse-lelie-wortelgoed-5-stuks\/"]}]},{"@type":"ImageObject","inLanguage":"sv-SE","@id":"https:\/\/www.schramas.com\/winkel\/agapanthus-silver-moon-afrikaanse-lelie-wortelgoed-5-stuks\/#primaryimage","url":"https:\/\/www.schramas.com\/wp-content\/uploads\/2025\/02\/Agapanthus-Silver-Moon.webp","contentUrl":"https:\/\/www.schramas.com\/wp-content\/uploads\/2025\/02\/Agapanthus-Silver-Moon.webp","width":500,"height":500},{"@type":"BreadcrumbList","@id":"https:\/\/www.schramas.com\/winkel\/agapanthus-silver-moon-afrikaanse-lelie-wortelgoed-5-stuks\/#breadcrumb","itemListElement":[{"@type":"ListItem","position":1,"name":"Product","item":"https:\/\/www.schramas.com\/assortiment\/"},{"@type":"ListItem","position":2,"name":"Tuinplanten","item":"https:\/\/www.schramas.com\/product-category\/planten-heesters\/"},{"@type":"ListItem","position":3,"name":"Agapanthus &#8216;Silver Moon&#8217; &#8211; Afrikaanse lelie &#8211; Wortelgoed &#8211; 5 stuks"}]},{"@type":"WebSite","@id":"https:\/\/www.schramas.com\/#website","url":"https:\/\/www.schramas.com\/","name":"Schramas.com | Tr\u00e4dg\u00e5rdsv\u00e4xter som enkelt kan best\u00e4llas online | Direkt fr\u00e5n v\u00e5r plantskola","description":"","alternateName":"Schramas.com - Alle planten direct van de kweker","potentialAction":[{"@type":"SearchAction","target":{"@type":"EntryPoint","urlTemplate":"https:\/\/www.schramas.com\/?s={search_term_string}"},"query-input":{"@type":"PropertyValueSpecification","valueRequired":true,"valueName":"search_term_string"}}],"inLanguage":"sv-SE"}]}},"_links":{"self":[{"href":"https:\/\/www.schramas.com\/se\/wp-json\/wp\/v2\/product\/47367","targetHints":{"allow":["GET"]}}],"collection":[{"href":"https:\/\/www.schramas.com\/se\/wp-json\/wp\/v2\/product"}],"about":[{"href":"https:\/\/www.schramas.com\/se\/wp-json\/wp\/v2\/types\/product"}],"version-history":[{"count":1,"href":"https:\/\/www.schramas.com\/se\/wp-json\/wp\/v2\/product\/47367\/revisions"}],"predecessor-version":[{"id":47369,"href":"https:\/\/www.schramas.com\/se\/wp-json\/wp\/v2\/product\/47367\/revisions\/47369"}],"wp:featuredmedia":[{"embeddable":true,"href":"https:\/\/www.schramas.com\/se\/wp-json\/wp\/v2\/media\/47368"}],"wp:attachment":[{"href":"https:\/\/www.schramas.com\/se\/wp-json\/wp\/v2\/media?parent=47367"}],"wp:term":[{"taxonomy":"product_brand","embeddable":true,"href":"https:\/\/www.schramas.com\/se\/wp-json\/wp\/v2\/product_brand?post=47367"},{"taxonomy":"product_cat","embeddable":true,"href":"https:\/\/www.schramas.com\/se\/wp-json\/wp\/v2\/product_cat?post=47367"},{"taxonomy":"product_tag","embeddable":true,"href":"https:\/\/www.schramas.com\/se\/wp-json\/wp\/v2\/product_tag?post=47367"}],"curies":[{"name":"wp","href":"https:\/\/api.w.org\/{rel}","templated":true}]}}