{"id":47725,"date":"2025-03-04T14:10:12","date_gmt":"2025-03-04T13:10:12","guid":{"rendered":"https:\/\/www.schramas.com\/?post_type=product&#038;p=47725"},"modified":"2026-04-13T21:07:36","modified_gmt":"2026-04-13T19:07:36","slug":"astrantia-major-pink-pride-zeeuws-knoopje-wortelgoed-5-st","status":"publish","type":"product","link":"https:\/\/www.schramas.com\/se\/butik\/astrantia-major-pink-pride-zeeuws-knoopje-wortelgoed-5-st\/","title":{"rendered":"Astrantia major 'Pink Pride' - Zeelandskn\u00f6l - Rotstockar - 5 stycken"},"content":{"rendered":"<div>\n<p class=\"break-words\">Ge din tr\u00e4dg\u00e5rd en subtil elegans med Astrantia major 'Pink Pride', en vacker zeel\u00e4ndsk kn\u00f6l som glittrar med gammaldags rosa blommor fr\u00e5n juli till augusti. Denna perenn n\u00e5r en h\u00f6jd av 60-80 cm och blommar rikligt med fint strukturerade blomhuvuden omgivna av h\u00f6gblad med gr\u00f6na spetsar. Denna 'Pink Pride' \u00e4r perfekt f\u00f6r rabatter och trivs i b\u00e5de sol och halvskugga, i n\u00e4ringsrik, v\u00e4ldr\u00e4nerad och fuktig jord - undvik dock den starka middagssolen.<\/p>\n<p class=\"break-words\">Denna l\u00e4ttsk\u00f6tta sk\u00f6nhet kr\u00e4ver lite sk\u00f6tsel: besk\u00e4r utblommade blommor f\u00f6r att f\u00e5 en chans att blomma om och ta bort fula blad f\u00f6re vintern. Se upp f\u00f6r sniglar, men annars \u00e4r denna v\u00e4xt en l\u00e4ttodlad v\u00e4xt, \u00e4ven under varmare somrar. F\u00f6r\u00f6ka sig? Riv av plantan p\u00e5 v\u00e5ren och plantera om. Ett p\u00e5litligt och snyggt tillskott till alla tr\u00e4dg\u00e5rdar!<\/p>\n<\/div>","protected":false},"excerpt":{"rendered":"<p>5x Astrantia major 'Pink Pride'<\/p>\n<p>Zeeland knapp<\/p>\n<p>H\u00f6jd: 80 cm<\/p>\n<p>Leveransmetod: R\u00f6tter<\/p>\n<p>&nbsp;<\/p>","protected":false},"featured_media":47728,"template":"","meta":{"_joinchat":[]},"product_brand":[],"product_cat":[305,306],"product_tag":[2454,2449,1369,2456,1351,2453,1354,2452,2450,1406,784,2457,2455,2451],"class_list":{"0":"post-47725","1":"product","2":"type-product","3":"status-publish","4":"has-post-thumbnail","6":"product_cat-planten-heesters","7":"product_cat-vaste-planten","8":"product_tag-60-80-cm-hoog","9":"product_tag-astrantia-major","10":"product_tag-borderplant","11":"product_tag-goed-doorlatend","12":"product_tag-halfschaduw","13":"product_tag-juli-augustus","14":"product_tag-onderhoudsvriendelijk","15":"product_tag-oudroze-bloemen","16":"product_tag-pink-pride","17":"product_tag-rijkbloeiend","18":"product_tag-vaste-plant","19":"product_tag-vochtig","20":"product_tag-voedingsrijke-grond","21":"product_tag-zeeuws-knoopje","22":"pa_pot-naaktwortelig","24":"first","25":"instock","26":"taxable","27":"shipping-taxable","28":"purchasable","29":"product-type-simple"},"yoast_head":"<!-- This site is optimized with the Yoast SEO plugin v24.2 - https:\/\/yoast.com\/wordpress\/plugins\/seo\/ -->\n<title>Astrantia major &#039;Pink Pride&#039; - Zeeuws knoopje - Wortelgoed - 5 stuks kopen | Planten eenvoudig online bestellen | Schramas.com<\/title>\n<meta name=\"robots\" content=\"index, follow, max-snippet:-1, max-image-preview:large, max-video-preview:-1\" \/>\n<link rel=\"canonical\" href=\"https:\/\/www.schramas.com\/se\/butik\/astrantia-major-pink-pride-zeeuws-knoopje-wortelgoed-5-st\/\" \/>\n<meta property=\"og:locale\" content=\"sv_SE\" \/>\n<meta property=\"og:type\" content=\"article\" \/>\n<meta property=\"og:title\" content=\"Astrantia major &#039;Pink Pride&#039; - Zeeuws knoopje - Wortelgoed - 5 stuks kopen | Planten eenvoudig online bestellen | Schramas.com\" \/>\n<meta property=\"og:description\" content=\"5x Astrantia major &#039;Pink Pride&#039;  Zeeuws knoopje  Hoogte: 80cm  Leverwijze: Wortelgoed  &nbsp;\" \/>\n<meta property=\"og:url\" content=\"https:\/\/www.schramas.com\/se\/butik\/astrantia-major-pink-pride-zeeuws-knoopje-wortelgoed-5-st\/\" \/>\n<meta property=\"og:site_name\" content=\"Planten eenvoudig online bestellen | Schramas.com\" \/>\n<meta property=\"article:publisher\" content=\"https:\/\/www.facebook.com\/Schramascom-106872874153195\/\" \/>\n<meta property=\"article:modified_time\" content=\"2026-04-13T19:07:36+00:00\" \/>\n<meta property=\"og:image\" content=\"https:\/\/www.schramas.com\/wp-content\/uploads\/2025\/03\/Astrantia-major-Pink-Pride.webp\" \/>\n\t<meta property=\"og:image:width\" content=\"500\" \/>\n\t<meta property=\"og:image:height\" content=\"500\" \/>\n\t<meta property=\"og:image:type\" content=\"image\/webp\" \/>\n<meta name=\"twitter:card\" content=\"summary_large_image\" \/>\n<meta name=\"twitter:label1\" content=\"Ber\u00e4knad l\u00e4stid\" \/>\n\t<meta name=\"twitter:data1\" content=\"1 minut\" \/>\n<script type=\"application\/ld+json\" class=\"yoast-schema-graph\">{\"@context\":\"https:\/\/schema.org\",\"@graph\":[{\"@type\":[\"WebPage\",\"ItemPage\"],\"@id\":\"https:\/\/www.schramas.com\/winkel\/astrantia-major-pink-pride-zeeuws-knoopje-wortelgoed-5-stuks\/\",\"url\":\"https:\/\/www.schramas.com\/winkel\/astrantia-major-pink-pride-zeeuws-knoopje-wortelgoed-5-stuks\/\",\"name\":\"Astrantia major 'Pink Pride' - Zeeuws knoopje - Wortelgoed - 5 stuks kopen | Planten eenvoudig online bestellen | Schramas.com\",\"isPartOf\":{\"@id\":\"https:\/\/www.schramas.com\/#website\"},\"primaryImageOfPage\":{\"@id\":\"https:\/\/www.schramas.com\/winkel\/astrantia-major-pink-pride-zeeuws-knoopje-wortelgoed-5-stuks\/#primaryimage\"},\"image\":{\"@id\":\"https:\/\/www.schramas.com\/winkel\/astrantia-major-pink-pride-zeeuws-knoopje-wortelgoed-5-stuks\/#primaryimage\"},\"thumbnailUrl\":\"https:\/\/www.schramas.com\/wp-content\/uploads\/2025\/03\/Astrantia-major-Pink-Pride.webp\",\"datePublished\":\"2025-03-04T13:10:12+00:00\",\"dateModified\":\"2026-04-13T19:07:36+00:00\",\"breadcrumb\":{\"@id\":\"https:\/\/www.schramas.com\/winkel\/astrantia-major-pink-pride-zeeuws-knoopje-wortelgoed-5-stuks\/#breadcrumb\"},\"inLanguage\":\"sv-SE\",\"potentialAction\":[{\"@type\":\"ReadAction\",\"target\":[\"https:\/\/www.schramas.com\/winkel\/astrantia-major-pink-pride-zeeuws-knoopje-wortelgoed-5-stuks\/\"]}]},{\"@type\":\"ImageObject\",\"inLanguage\":\"sv-SE\",\"@id\":\"https:\/\/www.schramas.com\/winkel\/astrantia-major-pink-pride-zeeuws-knoopje-wortelgoed-5-stuks\/#primaryimage\",\"url\":\"https:\/\/www.schramas.com\/wp-content\/uploads\/2025\/03\/Astrantia-major-Pink-Pride.webp\",\"contentUrl\":\"https:\/\/www.schramas.com\/wp-content\/uploads\/2025\/03\/Astrantia-major-Pink-Pride.webp\",\"width\":500,\"height\":500},{\"@type\":\"BreadcrumbList\",\"@id\":\"https:\/\/www.schramas.com\/winkel\/astrantia-major-pink-pride-zeeuws-knoopje-wortelgoed-5-stuks\/#breadcrumb\",\"itemListElement\":[{\"@type\":\"ListItem\",\"position\":1,\"name\":\"Product\",\"item\":\"https:\/\/www.schramas.com\/assortiment\/\"},{\"@type\":\"ListItem\",\"position\":2,\"name\":\"Tuinplanten\",\"item\":\"https:\/\/www.schramas.com\/product-category\/planten-heesters\/\"},{\"@type\":\"ListItem\",\"position\":3,\"name\":\"Astrantia major &#8216;Pink Pride&#8217; &#8211; Zeeuws knoopje &#8211; Wortelgoed &#8211; 5 stuks\"}]},{\"@type\":\"WebSite\",\"@id\":\"https:\/\/www.schramas.com\/#website\",\"url\":\"https:\/\/www.schramas.com\/\",\"name\":\"Schramas.com | Tuinplanten eenvoudig online bestellen | Direct van onze Kwekerij\",\"description\":\"\",\"alternateName\":\"Schramas.com - Alle planten direct van de kweker\",\"potentialAction\":[{\"@type\":\"SearchAction\",\"target\":{\"@type\":\"EntryPoint\",\"urlTemplate\":\"https:\/\/www.schramas.com\/?s={search_term_string}\"},\"query-input\":{\"@type\":\"PropertyValueSpecification\",\"valueRequired\":true,\"valueName\":\"search_term_string\"}}],\"inLanguage\":\"sv-SE\"}]}<\/script>\n<!-- \/ Yoast SEO plugin. -->","yoast_head_json":{"title":"Astrantia major 'Pink Pride' - Zeeland knot - Grundstammar - K\u00f6p 5 v\u00e4xter | V\u00e4xter enkelt online | Schramas.com","robots":{"index":"index","follow":"follow","max-snippet":"max-snippet:-1","max-image-preview":"max-image-preview:large","max-video-preview":"max-video-preview:-1"},"canonical":"https:\/\/www.schramas.com\/se\/butik\/astrantia-major-pink-pride-zeeuws-knoopje-wortelgoed-5-st\/","og_locale":"sv_SE","og_type":"article","og_title":"Astrantia major 'Pink Pride' - Zeeuws knoopje - Wortelgoed - 5 stuks kopen | Planten eenvoudig online bestellen | Schramas.com","og_description":"5x Astrantia major 'Pink Pride'  Zeeuws knoopje  Hoogte: 80cm  Leverwijze: Wortelgoed  &nbsp;","og_url":"https:\/\/www.schramas.com\/se\/butik\/astrantia-major-pink-pride-zeeuws-knoopje-wortelgoed-5-st\/","og_site_name":"Planten eenvoudig online bestellen | Schramas.com","article_publisher":"https:\/\/www.facebook.com\/Schramascom-106872874153195\/","article_modified_time":"2026-04-13T19:07:36+00:00","og_image":[{"width":500,"height":500,"url":"https:\/\/www.schramas.com\/wp-content\/uploads\/2025\/03\/Astrantia-major-Pink-Pride.webp","type":"image\/webp"}],"twitter_card":"summary_large_image","twitter_misc":{"Ber\u00e4knad l\u00e4stid":"1 minut"},"schema":{"@context":"https:\/\/schema.org","@graph":[{"@type":["WebPage","ItemPage"],"@id":"https:\/\/www.schramas.com\/winkel\/astrantia-major-pink-pride-zeeuws-knoopje-wortelgoed-5-stuks\/","url":"https:\/\/www.schramas.com\/winkel\/astrantia-major-pink-pride-zeeuws-knoopje-wortelgoed-5-stuks\/","name":"Astrantia major 'Pink Pride' - Zeeland knot - Grundstammar - K\u00f6p 5 v\u00e4xter | V\u00e4xter enkelt online | Schramas.com","isPartOf":{"@id":"https:\/\/www.schramas.com\/#website"},"primaryImageOfPage":{"@id":"https:\/\/www.schramas.com\/winkel\/astrantia-major-pink-pride-zeeuws-knoopje-wortelgoed-5-stuks\/#primaryimage"},"image":{"@id":"https:\/\/www.schramas.com\/winkel\/astrantia-major-pink-pride-zeeuws-knoopje-wortelgoed-5-stuks\/#primaryimage"},"thumbnailUrl":"https:\/\/www.schramas.com\/wp-content\/uploads\/2025\/03\/Astrantia-major-Pink-Pride.webp","datePublished":"2025-03-04T13:10:12+00:00","dateModified":"2026-04-13T19:07:36+00:00","breadcrumb":{"@id":"https:\/\/www.schramas.com\/winkel\/astrantia-major-pink-pride-zeeuws-knoopje-wortelgoed-5-stuks\/#breadcrumb"},"inLanguage":"sv-SE","potentialAction":[{"@type":"ReadAction","target":["https:\/\/www.schramas.com\/winkel\/astrantia-major-pink-pride-zeeuws-knoopje-wortelgoed-5-stuks\/"]}]},{"@type":"ImageObject","inLanguage":"sv-SE","@id":"https:\/\/www.schramas.com\/winkel\/astrantia-major-pink-pride-zeeuws-knoopje-wortelgoed-5-stuks\/#primaryimage","url":"https:\/\/www.schramas.com\/wp-content\/uploads\/2025\/03\/Astrantia-major-Pink-Pride.webp","contentUrl":"https:\/\/www.schramas.com\/wp-content\/uploads\/2025\/03\/Astrantia-major-Pink-Pride.webp","width":500,"height":500},{"@type":"BreadcrumbList","@id":"https:\/\/www.schramas.com\/winkel\/astrantia-major-pink-pride-zeeuws-knoopje-wortelgoed-5-stuks\/#breadcrumb","itemListElement":[{"@type":"ListItem","position":1,"name":"Product","item":"https:\/\/www.schramas.com\/assortiment\/"},{"@type":"ListItem","position":2,"name":"Tuinplanten","item":"https:\/\/www.schramas.com\/product-category\/planten-heesters\/"},{"@type":"ListItem","position":3,"name":"Astrantia major &#8216;Pink Pride&#8217; &#8211; Zeeuws knoopje &#8211; Wortelgoed &#8211; 5 stuks"}]},{"@type":"WebSite","@id":"https:\/\/www.schramas.com\/#website","url":"https:\/\/www.schramas.com\/","name":"Schramas.com | Tr\u00e4dg\u00e5rdsv\u00e4xter som enkelt kan best\u00e4llas online | Direkt fr\u00e5n v\u00e5r plantskola","description":"","alternateName":"Schramas.com - Alle planten direct van de kweker","potentialAction":[{"@type":"SearchAction","target":{"@type":"EntryPoint","urlTemplate":"https:\/\/www.schramas.com\/?s={search_term_string}"},"query-input":{"@type":"PropertyValueSpecification","valueRequired":true,"valueName":"search_term_string"}}],"inLanguage":"sv-SE"}]}},"_links":{"self":[{"href":"https:\/\/www.schramas.com\/se\/wp-json\/wp\/v2\/product\/47725","targetHints":{"allow":["GET"]}}],"collection":[{"href":"https:\/\/www.schramas.com\/se\/wp-json\/wp\/v2\/product"}],"about":[{"href":"https:\/\/www.schramas.com\/se\/wp-json\/wp\/v2\/types\/product"}],"version-history":[{"count":1,"href":"https:\/\/www.schramas.com\/se\/wp-json\/wp\/v2\/product\/47725\/revisions"}],"predecessor-version":[{"id":47729,"href":"https:\/\/www.schramas.com\/se\/wp-json\/wp\/v2\/product\/47725\/revisions\/47729"}],"wp:featuredmedia":[{"embeddable":true,"href":"https:\/\/www.schramas.com\/se\/wp-json\/wp\/v2\/media\/47728"}],"wp:attachment":[{"href":"https:\/\/www.schramas.com\/se\/wp-json\/wp\/v2\/media?parent=47725"}],"wp:term":[{"taxonomy":"product_brand","embeddable":true,"href":"https:\/\/www.schramas.com\/se\/wp-json\/wp\/v2\/product_brand?post=47725"},{"taxonomy":"product_cat","embeddable":true,"href":"https:\/\/www.schramas.com\/se\/wp-json\/wp\/v2\/product_cat?post=47725"},{"taxonomy":"product_tag","embeddable":true,"href":"https:\/\/www.schramas.com\/se\/wp-json\/wp\/v2\/product_tag?post=47725"}],"curies":[{"name":"wp","href":"https:\/\/api.w.org\/{rel}","templated":true}]}}