{"id":48563,"date":"2025-03-20T08:43:33","date_gmt":"2025-03-20T07:43:33","guid":{"rendered":"https:\/\/www.schramas.com\/?post_type=product&#038;p=48563"},"modified":"2026-04-14T12:56:19","modified_gmt":"2026-04-14T10:56:19","slug":"heuchera-micrantha-palace-purple-bellflower-grundstam-5-stycken","status":"publish","type":"product","link":"https:\/\/www.schramas.com\/se\/butik\/heuchera-micrantha-palace-purple-bellflower-grundstam-5-stycken\/","title":{"rendered":"Heuchera micrantha 'Palace Purple' - Purpurklocka - Grundstammar - 5 stycken"},"content":{"rendered":"<div>\n<p class=\"break-words\">Heuchera micrantha 'Palace Purple', \u00e4ven k\u00e4nd som Purplebell, \u00e4r en popul\u00e4r perenn med vackra r\u00f6dbruna till purpurr\u00f6da blad. Den blommar p\u00e5 sommaren med sm\u00e5, gr\u00e4ddvita blommor i klasar som reser sig \u00f6ver bladen. V\u00e4xten blir ca 50 cm h\u00f6g och f\u00f6rblir halvgr\u00f6n under milda vintrar, vilket ger din tr\u00e4dg\u00e5rd lite f\u00e4rg \u00e4ven d\u00e5.<\/p>\n<p class=\"break-words\">Den trivs b\u00e4st i halvskugga eller sol, men inte i stark sol, eftersom bladen d\u00e5 kan br\u00e4nnas. Anv\u00e4nd en bra, genomsl\u00e4pplig tr\u00e4dg\u00e5rdsjord med lite humus. Den h\u00e4r starka v\u00e4xten \u00e4r perfekt som markt\u00e4ckare eller kantv\u00e4xt, kr\u00e4ver lite sk\u00f6tsel och kombineras vackert med andra v\u00e4xter. Ett enkelt och sl\u00e5ende val!<\/p>\n<\/div>","protected":false},"excerpt":{"rendered":"<p>5x Heuchera micrantha 'Palace Purple'<\/p>\n<p>Purpurklocka<\/p>\n<p>H\u00f6jd: 40 cm<\/p>\n<p>Leveransmetod: R\u00f6tter<\/p>\n<p>&nbsp;<\/p>","protected":false},"featured_media":48564,"template":"","meta":{"_joinchat":[]},"product_brand":[],"product_cat":[305,306],"product_tag":[2548,659,1369,1391,1351,2549,2544,2462,2545,2541,2546,784,876,2547,1476],"class_list":{"0":"post-48563","1":"product","2":"type-product","3":"status-publish","4":"has-post-thumbnail","6":"product_cat-planten-heesters","7":"product_cat-vaste-planten","8":"product_tag-50-cm-hoog","9":"product_tag-bodembedekker","10":"product_tag-borderplant","11":"product_tag-doorlatende-grond","12":"product_tag-halfschaduw","13":"product_tag-halfwintergroen","14":"product_tag-heuchera-micrantha","15":"product_tag-makkelijke-plant","16":"product_tag-palace-purple","17":"product_tag-purperklokje","18":"product_tag-roodbruin-blad","19":"product_tag-vaste-plant","20":"product_tag-witte-bloemen","21":"product_tag-zomer","22":"product_tag-zon","23":"pa_pot-naaktwortelig","25":"first","26":"instock","27":"taxable","28":"shipping-taxable","29":"purchasable","30":"product-type-simple"},"yoast_head":"<!-- This site is optimized with the Yoast SEO plugin v24.2 - https:\/\/yoast.com\/wordpress\/plugins\/seo\/ -->\n<title>Heuchera micrantha &#039;Palace Purple&#039; - Purperklokje - Wortelgoed - 5 stuks kopen | Planten eenvoudig online bestellen | Schramas.com<\/title>\n<meta name=\"robots\" content=\"index, follow, max-snippet:-1, max-image-preview:large, max-video-preview:-1\" \/>\n<link rel=\"canonical\" href=\"https:\/\/www.schramas.com\/se\/butik\/heuchera-micrantha-palace-purple-bellflower-grundstam-5-stycken\/\" \/>\n<meta property=\"og:locale\" content=\"sv_SE\" \/>\n<meta property=\"og:type\" content=\"article\" \/>\n<meta property=\"og:title\" content=\"Heuchera micrantha &#039;Palace Purple&#039; - Purperklokje - Wortelgoed - 5 stuks kopen | Planten eenvoudig online bestellen | Schramas.com\" \/>\n<meta property=\"og:description\" content=\"5x Heuchera micrantha &#039;Palace Purple&#039;  Purperklokje  Hoogte: 40cm  Leverwijze: Wortelgoed  &nbsp;\" \/>\n<meta property=\"og:url\" content=\"https:\/\/www.schramas.com\/se\/butik\/heuchera-micrantha-palace-purple-bellflower-grundstam-5-stycken\/\" \/>\n<meta property=\"og:site_name\" content=\"Planten eenvoudig online bestellen | Schramas.com\" \/>\n<meta property=\"article:publisher\" content=\"https:\/\/www.facebook.com\/Schramascom-106872874153195\/\" \/>\n<meta property=\"article:modified_time\" content=\"2026-04-14T10:56:19+00:00\" \/>\n<meta property=\"og:image\" content=\"https:\/\/www.schramas.com\/wp-content\/uploads\/2025\/03\/Heuchera-micrantha-Palace-Purple.webp\" \/>\n\t<meta property=\"og:image:width\" content=\"500\" \/>\n\t<meta property=\"og:image:height\" content=\"500\" \/>\n\t<meta property=\"og:image:type\" content=\"image\/webp\" \/>\n<meta name=\"twitter:card\" content=\"summary_large_image\" \/>\n<meta name=\"twitter:label1\" content=\"Ber\u00e4knad l\u00e4stid\" \/>\n\t<meta name=\"twitter:data1\" content=\"1 minut\" \/>\n<script type=\"application\/ld+json\" class=\"yoast-schema-graph\">{\"@context\":\"https:\/\/schema.org\",\"@graph\":[{\"@type\":[\"WebPage\",\"ItemPage\"],\"@id\":\"https:\/\/www.schramas.com\/winkel\/heuchera-micrantha-palace-purple-purperklokje-wortelgoed-5-stuks\/\",\"url\":\"https:\/\/www.schramas.com\/winkel\/heuchera-micrantha-palace-purple-purperklokje-wortelgoed-5-stuks\/\",\"name\":\"Heuchera micrantha 'Palace Purple' - Purperklokje - Wortelgoed - 5 stuks kopen | Planten eenvoudig online bestellen | Schramas.com\",\"isPartOf\":{\"@id\":\"https:\/\/www.schramas.com\/#website\"},\"primaryImageOfPage\":{\"@id\":\"https:\/\/www.schramas.com\/winkel\/heuchera-micrantha-palace-purple-purperklokje-wortelgoed-5-stuks\/#primaryimage\"},\"image\":{\"@id\":\"https:\/\/www.schramas.com\/winkel\/heuchera-micrantha-palace-purple-purperklokje-wortelgoed-5-stuks\/#primaryimage\"},\"thumbnailUrl\":\"https:\/\/www.schramas.com\/wp-content\/uploads\/2025\/03\/Heuchera-micrantha-Palace-Purple.webp\",\"datePublished\":\"2025-03-20T07:43:33+00:00\",\"dateModified\":\"2026-04-14T10:56:19+00:00\",\"breadcrumb\":{\"@id\":\"https:\/\/www.schramas.com\/winkel\/heuchera-micrantha-palace-purple-purperklokje-wortelgoed-5-stuks\/#breadcrumb\"},\"inLanguage\":\"sv-SE\",\"potentialAction\":[{\"@type\":\"ReadAction\",\"target\":[\"https:\/\/www.schramas.com\/winkel\/heuchera-micrantha-palace-purple-purperklokje-wortelgoed-5-stuks\/\"]}]},{\"@type\":\"ImageObject\",\"inLanguage\":\"sv-SE\",\"@id\":\"https:\/\/www.schramas.com\/winkel\/heuchera-micrantha-palace-purple-purperklokje-wortelgoed-5-stuks\/#primaryimage\",\"url\":\"https:\/\/www.schramas.com\/wp-content\/uploads\/2025\/03\/Heuchera-micrantha-Palace-Purple.webp\",\"contentUrl\":\"https:\/\/www.schramas.com\/wp-content\/uploads\/2025\/03\/Heuchera-micrantha-Palace-Purple.webp\",\"width\":500,\"height\":500},{\"@type\":\"BreadcrumbList\",\"@id\":\"https:\/\/www.schramas.com\/winkel\/heuchera-micrantha-palace-purple-purperklokje-wortelgoed-5-stuks\/#breadcrumb\",\"itemListElement\":[{\"@type\":\"ListItem\",\"position\":1,\"name\":\"Product\",\"item\":\"https:\/\/www.schramas.com\/assortiment\/\"},{\"@type\":\"ListItem\",\"position\":2,\"name\":\"Tuinplanten\",\"item\":\"https:\/\/www.schramas.com\/product-category\/planten-heesters\/\"},{\"@type\":\"ListItem\",\"position\":3,\"name\":\"Heuchera micrantha &#8216;Palace Purple&#8217; &#8211; Purperklokje &#8211; Wortelgoed &#8211; 5 stuks\"}]},{\"@type\":\"WebSite\",\"@id\":\"https:\/\/www.schramas.com\/#website\",\"url\":\"https:\/\/www.schramas.com\/\",\"name\":\"Schramas.com | Tuinplanten eenvoudig online bestellen | Direct van onze Kwekerij\",\"description\":\"\",\"alternateName\":\"Schramas.com - Alle planten direct van de kweker\",\"potentialAction\":[{\"@type\":\"SearchAction\",\"target\":{\"@type\":\"EntryPoint\",\"urlTemplate\":\"https:\/\/www.schramas.com\/?s={search_term_string}\"},\"query-input\":{\"@type\":\"PropertyValueSpecification\",\"valueRequired\":true,\"valueName\":\"search_term_string\"}}],\"inLanguage\":\"sv-SE\"}]}<\/script>\n<!-- \/ Yoast SEO plugin. -->","yoast_head_json":{"title":"Heuchera micrantha 'Palace Purple' - Purplebell - Rotstockar - k\u00f6p 5 v\u00e4xter | V\u00e4xter enkel onlinebest\u00e4llning | Schramas.com","robots":{"index":"index","follow":"follow","max-snippet":"max-snippet:-1","max-image-preview":"max-image-preview:large","max-video-preview":"max-video-preview:-1"},"canonical":"https:\/\/www.schramas.com\/se\/butik\/heuchera-micrantha-palace-purple-bellflower-grundstam-5-stycken\/","og_locale":"sv_SE","og_type":"article","og_title":"Heuchera micrantha 'Palace Purple' - Purperklokje - Wortelgoed - 5 stuks kopen | Planten eenvoudig online bestellen | Schramas.com","og_description":"5x Heuchera micrantha 'Palace Purple'  Purperklokje  Hoogte: 40cm  Leverwijze: Wortelgoed  &nbsp;","og_url":"https:\/\/www.schramas.com\/se\/butik\/heuchera-micrantha-palace-purple-bellflower-grundstam-5-stycken\/","og_site_name":"Planten eenvoudig online bestellen | Schramas.com","article_publisher":"https:\/\/www.facebook.com\/Schramascom-106872874153195\/","article_modified_time":"2026-04-14T10:56:19+00:00","og_image":[{"width":500,"height":500,"url":"https:\/\/www.schramas.com\/wp-content\/uploads\/2025\/03\/Heuchera-micrantha-Palace-Purple.webp","type":"image\/webp"}],"twitter_card":"summary_large_image","twitter_misc":{"Ber\u00e4knad l\u00e4stid":"1 minut"},"schema":{"@context":"https:\/\/schema.org","@graph":[{"@type":["WebPage","ItemPage"],"@id":"https:\/\/www.schramas.com\/winkel\/heuchera-micrantha-palace-purple-purperklokje-wortelgoed-5-stuks\/","url":"https:\/\/www.schramas.com\/winkel\/heuchera-micrantha-palace-purple-purperklokje-wortelgoed-5-stuks\/","name":"Heuchera micrantha 'Palace Purple' - Purplebell - Rotstockar - k\u00f6p 5 v\u00e4xter | V\u00e4xter enkel onlinebest\u00e4llning | Schramas.com","isPartOf":{"@id":"https:\/\/www.schramas.com\/#website"},"primaryImageOfPage":{"@id":"https:\/\/www.schramas.com\/winkel\/heuchera-micrantha-palace-purple-purperklokje-wortelgoed-5-stuks\/#primaryimage"},"image":{"@id":"https:\/\/www.schramas.com\/winkel\/heuchera-micrantha-palace-purple-purperklokje-wortelgoed-5-stuks\/#primaryimage"},"thumbnailUrl":"https:\/\/www.schramas.com\/wp-content\/uploads\/2025\/03\/Heuchera-micrantha-Palace-Purple.webp","datePublished":"2025-03-20T07:43:33+00:00","dateModified":"2026-04-14T10:56:19+00:00","breadcrumb":{"@id":"https:\/\/www.schramas.com\/winkel\/heuchera-micrantha-palace-purple-purperklokje-wortelgoed-5-stuks\/#breadcrumb"},"inLanguage":"sv-SE","potentialAction":[{"@type":"ReadAction","target":["https:\/\/www.schramas.com\/winkel\/heuchera-micrantha-palace-purple-purperklokje-wortelgoed-5-stuks\/"]}]},{"@type":"ImageObject","inLanguage":"sv-SE","@id":"https:\/\/www.schramas.com\/winkel\/heuchera-micrantha-palace-purple-purperklokje-wortelgoed-5-stuks\/#primaryimage","url":"https:\/\/www.schramas.com\/wp-content\/uploads\/2025\/03\/Heuchera-micrantha-Palace-Purple.webp","contentUrl":"https:\/\/www.schramas.com\/wp-content\/uploads\/2025\/03\/Heuchera-micrantha-Palace-Purple.webp","width":500,"height":500},{"@type":"BreadcrumbList","@id":"https:\/\/www.schramas.com\/winkel\/heuchera-micrantha-palace-purple-purperklokje-wortelgoed-5-stuks\/#breadcrumb","itemListElement":[{"@type":"ListItem","position":1,"name":"Product","item":"https:\/\/www.schramas.com\/assortiment\/"},{"@type":"ListItem","position":2,"name":"Tuinplanten","item":"https:\/\/www.schramas.com\/product-category\/planten-heesters\/"},{"@type":"ListItem","position":3,"name":"Heuchera micrantha &#8216;Palace Purple&#8217; &#8211; Purperklokje &#8211; Wortelgoed &#8211; 5 stuks"}]},{"@type":"WebSite","@id":"https:\/\/www.schramas.com\/#website","url":"https:\/\/www.schramas.com\/","name":"Schramas.com | Tr\u00e4dg\u00e5rdsv\u00e4xter som enkelt kan best\u00e4llas online | Direkt fr\u00e5n v\u00e5r plantskola","description":"","alternateName":"Schramas.com - Alle planten direct van de kweker","potentialAction":[{"@type":"SearchAction","target":{"@type":"EntryPoint","urlTemplate":"https:\/\/www.schramas.com\/?s={search_term_string}"},"query-input":{"@type":"PropertyValueSpecification","valueRequired":true,"valueName":"search_term_string"}}],"inLanguage":"sv-SE"}]}},"_links":{"self":[{"href":"https:\/\/www.schramas.com\/se\/wp-json\/wp\/v2\/product\/48563","targetHints":{"allow":["GET"]}}],"collection":[{"href":"https:\/\/www.schramas.com\/se\/wp-json\/wp\/v2\/product"}],"about":[{"href":"https:\/\/www.schramas.com\/se\/wp-json\/wp\/v2\/types\/product"}],"version-history":[{"count":1,"href":"https:\/\/www.schramas.com\/se\/wp-json\/wp\/v2\/product\/48563\/revisions"}],"predecessor-version":[{"id":48565,"href":"https:\/\/www.schramas.com\/se\/wp-json\/wp\/v2\/product\/48563\/revisions\/48565"}],"wp:featuredmedia":[{"embeddable":true,"href":"https:\/\/www.schramas.com\/se\/wp-json\/wp\/v2\/media\/48564"}],"wp:attachment":[{"href":"https:\/\/www.schramas.com\/se\/wp-json\/wp\/v2\/media?parent=48563"}],"wp:term":[{"taxonomy":"product_brand","embeddable":true,"href":"https:\/\/www.schramas.com\/se\/wp-json\/wp\/v2\/product_brand?post=48563"},{"taxonomy":"product_cat","embeddable":true,"href":"https:\/\/www.schramas.com\/se\/wp-json\/wp\/v2\/product_cat?post=48563"},{"taxonomy":"product_tag","embeddable":true,"href":"https:\/\/www.schramas.com\/se\/wp-json\/wp\/v2\/product_tag?post=48563"}],"curies":[{"name":"wp","href":"https:\/\/api.w.org\/{rel}","templated":true}]}}