{"id":48584,"date":"2025-03-20T10:28:10","date_gmt":"2025-03-20T09:28:10","guid":{"rendered":"https:\/\/www.schramas.com\/?post_type=product&#038;p=48584"},"modified":"2026-03-26T16:37:16","modified_gmt":"2026-03-26T15:37:16","slug":"iris-sibirica-shirley-pope-skagglos-iris-grundstam-5-stycken","status":"publish","type":"product","link":"https:\/\/www.schramas.com\/se\/butik\/iris-sibirica-shirley-pope-skagglos-iris-grundstam-5-stycken\/","title":{"rendered":"Iris Sibirica 'Shirley Pope' - Sk\u00e4ggl\u00f6s Iris - Rotstock - 5 plantor"},"content":{"rendered":"<div>\n<p class=\"break-words\">Iris sibirica 'Shirley Pope', \u00e4ven kallad Beardless Iris, \u00e4r en l\u00e4ttsk\u00f6tt perenn med m\u00f6rkt violettbl\u00e5 blommor och en silvervit till gul fl\u00e4ck. Den blommar i juni och juli och blir 70-90 cm h\u00f6g. De gr\u00e4sbevuxna, bl\u00e5gr\u00f6na bladen f\u00f6rblir vackra till sen h\u00f6st och efter blomningen kommer de svartbruna fr\u00f6kapslarna.<\/p>\n<p class=\"break-words\">Denna v\u00e4xt v\u00e4xer bra i b\u00e5de torr och fuktig jord, men gillar en v\u00e5t plats mest, till exempel n\u00e4ra en dammkant - den ska bara inte vara i vattnet. Den sprider sig l\u00e5ngsamt genom sina r\u00f6tter. Perfekt f\u00f6r en enkel, f\u00e4rgglad tr\u00e4dg\u00e5rd!<\/p>\n<\/div>","protected":false},"excerpt":{"rendered":"<p>5x Iris Sibirica 'Shirley Pope'<\/p>\n<p>Sibirisk lis eller sk\u00e4ggl\u00f6s Iris<\/p>\n<p>H\u00f6jd: 80 cm<\/p>\n<p>Leveransmetod: R\u00f6tter<\/p>\n<p>&nbsp;<\/p>","protected":false},"featured_media":48599,"template":"","meta":{"_joinchat":[]},"product_brand":[],"product_cat":[305,306],"product_tag":[2558,2552,2431,1831,1351,2550,2442,2462,2557,784,2439,2553,2287,351,1476],"class_list":{"0":"post-48584","1":"product","2":"type-product","3":"status-publish","4":"has-post-thumbnail","6":"product_cat-planten-heesters","7":"product_cat-vaste-planten","8":"product_tag-70-90-cm-hoog","9":"product_tag-baardloze-iris","10":"product_tag-blauwgroen-blad","11":"product_tag-droge-grond","12":"product_tag-halfschaduw","13":"product_tag-iris-sibirica","14":"product_tag-juni-juli","15":"product_tag-makkelijke-plant","16":"product_tag-shirley-pope","17":"product_tag-vaste-plant","18":"product_tag-vijverrand","19":"product_tag-violetblauwe-bloemen","20":"product_tag-vochtige-grond","21":"product_tag-winterhard","22":"product_tag-zon","23":"pa_pot-naaktwortelig","25":"first","26":"instock","27":"taxable","28":"shipping-taxable","29":"purchasable","30":"product-type-simple"},"yoast_head":"<!-- This site is optimized with the Yoast SEO plugin v24.2 - https:\/\/yoast.com\/wordpress\/plugins\/seo\/ -->\n<title>Iris Sibirica &#039;Shirley Pope&#039; - Baardloze Iris - Wortelgoed - 5 stuks kopen | Planten eenvoudig online bestellen | Schramas.com<\/title>\n<meta name=\"robots\" content=\"index, follow, max-snippet:-1, max-image-preview:large, max-video-preview:-1\" \/>\n<link rel=\"canonical\" href=\"https:\/\/www.schramas.com\/se\/butik\/iris-sibirica-shirley-pope-skagglos-iris-grundstam-5-stycken\/\" \/>\n<meta property=\"og:locale\" content=\"sv_SE\" \/>\n<meta property=\"og:type\" content=\"article\" \/>\n<meta property=\"og:title\" content=\"Iris Sibirica &#039;Shirley Pope&#039; - Baardloze Iris - Wortelgoed - 5 stuks kopen | Planten eenvoudig online bestellen | Schramas.com\" \/>\n<meta property=\"og:description\" content=\"5x Iris Sibirica &#039;Shirley Pope&#039;  Siberische lis of Baardloze Iris  Hoogte: 80cm  Leverwijze: Wortelgoed  &nbsp;\" \/>\n<meta property=\"og:url\" content=\"https:\/\/www.schramas.com\/se\/butik\/iris-sibirica-shirley-pope-skagglos-iris-grundstam-5-stycken\/\" \/>\n<meta property=\"og:site_name\" content=\"Planten eenvoudig online bestellen | Schramas.com\" \/>\n<meta property=\"article:publisher\" content=\"https:\/\/www.facebook.com\/Schramascom-106872874153195\/\" \/>\n<meta property=\"article:modified_time\" content=\"2026-03-26T15:37:16+00:00\" \/>\n<meta property=\"og:image\" content=\"https:\/\/www.schramas.com\/wp-content\/uploads\/2025\/03\/Shirley-Pope.webp\" \/>\n\t<meta property=\"og:image:width\" content=\"500\" \/>\n\t<meta property=\"og:image:height\" content=\"500\" \/>\n\t<meta property=\"og:image:type\" content=\"image\/webp\" \/>\n<meta name=\"twitter:card\" content=\"summary_large_image\" \/>\n<meta name=\"twitter:label1\" content=\"Ber\u00e4knad l\u00e4stid\" \/>\n\t<meta name=\"twitter:data1\" content=\"1 minut\" \/>\n<script type=\"application\/ld+json\" class=\"yoast-schema-graph\">{\"@context\":\"https:\/\/schema.org\",\"@graph\":[{\"@type\":[\"WebPage\",\"ItemPage\"],\"@id\":\"https:\/\/www.schramas.com\/winkel\/iris-sibirica-shirley-pope-baardloze-iris-wortelgoed-5-stuks\/\",\"url\":\"https:\/\/www.schramas.com\/winkel\/iris-sibirica-shirley-pope-baardloze-iris-wortelgoed-5-stuks\/\",\"name\":\"Iris Sibirica 'Shirley Pope' - Baardloze Iris - Wortelgoed - 5 stuks kopen | Planten eenvoudig online bestellen | Schramas.com\",\"isPartOf\":{\"@id\":\"https:\/\/www.schramas.com\/#website\"},\"primaryImageOfPage\":{\"@id\":\"https:\/\/www.schramas.com\/winkel\/iris-sibirica-shirley-pope-baardloze-iris-wortelgoed-5-stuks\/#primaryimage\"},\"image\":{\"@id\":\"https:\/\/www.schramas.com\/winkel\/iris-sibirica-shirley-pope-baardloze-iris-wortelgoed-5-stuks\/#primaryimage\"},\"thumbnailUrl\":\"https:\/\/www.schramas.com\/wp-content\/uploads\/2025\/03\/Shirley-Pope.webp\",\"datePublished\":\"2025-03-20T09:28:10+00:00\",\"dateModified\":\"2026-03-26T15:37:16+00:00\",\"breadcrumb\":{\"@id\":\"https:\/\/www.schramas.com\/winkel\/iris-sibirica-shirley-pope-baardloze-iris-wortelgoed-5-stuks\/#breadcrumb\"},\"inLanguage\":\"sv-SE\",\"potentialAction\":[{\"@type\":\"ReadAction\",\"target\":[\"https:\/\/www.schramas.com\/winkel\/iris-sibirica-shirley-pope-baardloze-iris-wortelgoed-5-stuks\/\"]}]},{\"@type\":\"ImageObject\",\"inLanguage\":\"sv-SE\",\"@id\":\"https:\/\/www.schramas.com\/winkel\/iris-sibirica-shirley-pope-baardloze-iris-wortelgoed-5-stuks\/#primaryimage\",\"url\":\"https:\/\/www.schramas.com\/wp-content\/uploads\/2025\/03\/Shirley-Pope.webp\",\"contentUrl\":\"https:\/\/www.schramas.com\/wp-content\/uploads\/2025\/03\/Shirley-Pope.webp\",\"width\":500,\"height\":500},{\"@type\":\"BreadcrumbList\",\"@id\":\"https:\/\/www.schramas.com\/winkel\/iris-sibirica-shirley-pope-baardloze-iris-wortelgoed-5-stuks\/#breadcrumb\",\"itemListElement\":[{\"@type\":\"ListItem\",\"position\":1,\"name\":\"Product\",\"item\":\"https:\/\/www.schramas.com\/assortiment\/\"},{\"@type\":\"ListItem\",\"position\":2,\"name\":\"Tuinplanten\",\"item\":\"https:\/\/www.schramas.com\/product-category\/planten-heesters\/\"},{\"@type\":\"ListItem\",\"position\":3,\"name\":\"Iris Sibirica &#8216;Shirley Pope&#8217; &#8211; Baardloze Iris &#8211; Wortelgoed &#8211; 5 stuks\"}]},{\"@type\":\"WebSite\",\"@id\":\"https:\/\/www.schramas.com\/#website\",\"url\":\"https:\/\/www.schramas.com\/\",\"name\":\"Schramas.com | Tuinplanten eenvoudig online bestellen | Direct van onze Kwekerij\",\"description\":\"\",\"alternateName\":\"Schramas.com - Alle planten direct van de kweker\",\"potentialAction\":[{\"@type\":\"SearchAction\",\"target\":{\"@type\":\"EntryPoint\",\"urlTemplate\":\"https:\/\/www.schramas.com\/?s={search_term_string}\"},\"query-input\":{\"@type\":\"PropertyValueSpecification\",\"valueRequired\":true,\"valueName\":\"search_term_string\"}}],\"inLanguage\":\"sv-SE\"}]}<\/script>\n<!-- \/ Yoast SEO plugin. -->","yoast_head_json":{"title":"Iris Sibirica 'Shirley Pope' - Sk\u00e4ggl\u00f6s Iris - Rotstock - k\u00f6p 5 v\u00e4xter | V\u00e4xter enkel onlinebest\u00e4llning | Schramas.com","robots":{"index":"index","follow":"follow","max-snippet":"max-snippet:-1","max-image-preview":"max-image-preview:large","max-video-preview":"max-video-preview:-1"},"canonical":"https:\/\/www.schramas.com\/se\/butik\/iris-sibirica-shirley-pope-skagglos-iris-grundstam-5-stycken\/","og_locale":"sv_SE","og_type":"article","og_title":"Iris Sibirica 'Shirley Pope' - Baardloze Iris - Wortelgoed - 5 stuks kopen | Planten eenvoudig online bestellen | Schramas.com","og_description":"5x Iris Sibirica 'Shirley Pope'  Siberische lis of Baardloze Iris  Hoogte: 80cm  Leverwijze: Wortelgoed  &nbsp;","og_url":"https:\/\/www.schramas.com\/se\/butik\/iris-sibirica-shirley-pope-skagglos-iris-grundstam-5-stycken\/","og_site_name":"Planten eenvoudig online bestellen | Schramas.com","article_publisher":"https:\/\/www.facebook.com\/Schramascom-106872874153195\/","article_modified_time":"2026-03-26T15:37:16+00:00","og_image":[{"width":500,"height":500,"url":"https:\/\/www.schramas.com\/wp-content\/uploads\/2025\/03\/Shirley-Pope.webp","type":"image\/webp"}],"twitter_card":"summary_large_image","twitter_misc":{"Ber\u00e4knad l\u00e4stid":"1 minut"},"schema":{"@context":"https:\/\/schema.org","@graph":[{"@type":["WebPage","ItemPage"],"@id":"https:\/\/www.schramas.com\/winkel\/iris-sibirica-shirley-pope-baardloze-iris-wortelgoed-5-stuks\/","url":"https:\/\/www.schramas.com\/winkel\/iris-sibirica-shirley-pope-baardloze-iris-wortelgoed-5-stuks\/","name":"Iris Sibirica 'Shirley Pope' - Sk\u00e4ggl\u00f6s Iris - Rotstock - k\u00f6p 5 v\u00e4xter | V\u00e4xter enkel onlinebest\u00e4llning | Schramas.com","isPartOf":{"@id":"https:\/\/www.schramas.com\/#website"},"primaryImageOfPage":{"@id":"https:\/\/www.schramas.com\/winkel\/iris-sibirica-shirley-pope-baardloze-iris-wortelgoed-5-stuks\/#primaryimage"},"image":{"@id":"https:\/\/www.schramas.com\/winkel\/iris-sibirica-shirley-pope-baardloze-iris-wortelgoed-5-stuks\/#primaryimage"},"thumbnailUrl":"https:\/\/www.schramas.com\/wp-content\/uploads\/2025\/03\/Shirley-Pope.webp","datePublished":"2025-03-20T09:28:10+00:00","dateModified":"2026-03-26T15:37:16+00:00","breadcrumb":{"@id":"https:\/\/www.schramas.com\/winkel\/iris-sibirica-shirley-pope-baardloze-iris-wortelgoed-5-stuks\/#breadcrumb"},"inLanguage":"sv-SE","potentialAction":[{"@type":"ReadAction","target":["https:\/\/www.schramas.com\/winkel\/iris-sibirica-shirley-pope-baardloze-iris-wortelgoed-5-stuks\/"]}]},{"@type":"ImageObject","inLanguage":"sv-SE","@id":"https:\/\/www.schramas.com\/winkel\/iris-sibirica-shirley-pope-baardloze-iris-wortelgoed-5-stuks\/#primaryimage","url":"https:\/\/www.schramas.com\/wp-content\/uploads\/2025\/03\/Shirley-Pope.webp","contentUrl":"https:\/\/www.schramas.com\/wp-content\/uploads\/2025\/03\/Shirley-Pope.webp","width":500,"height":500},{"@type":"BreadcrumbList","@id":"https:\/\/www.schramas.com\/winkel\/iris-sibirica-shirley-pope-baardloze-iris-wortelgoed-5-stuks\/#breadcrumb","itemListElement":[{"@type":"ListItem","position":1,"name":"Product","item":"https:\/\/www.schramas.com\/assortiment\/"},{"@type":"ListItem","position":2,"name":"Tuinplanten","item":"https:\/\/www.schramas.com\/product-category\/planten-heesters\/"},{"@type":"ListItem","position":3,"name":"Iris Sibirica &#8216;Shirley Pope&#8217; &#8211; Baardloze Iris &#8211; Wortelgoed &#8211; 5 stuks"}]},{"@type":"WebSite","@id":"https:\/\/www.schramas.com\/#website","url":"https:\/\/www.schramas.com\/","name":"Schramas.com | Tr\u00e4dg\u00e5rdsv\u00e4xter som enkelt kan best\u00e4llas online | Direkt fr\u00e5n v\u00e5r plantskola","description":"","alternateName":"Schramas.com - Alle planten direct van de kweker","potentialAction":[{"@type":"SearchAction","target":{"@type":"EntryPoint","urlTemplate":"https:\/\/www.schramas.com\/?s={search_term_string}"},"query-input":{"@type":"PropertyValueSpecification","valueRequired":true,"valueName":"search_term_string"}}],"inLanguage":"sv-SE"}]}},"_links":{"self":[{"href":"https:\/\/www.schramas.com\/se\/wp-json\/wp\/v2\/product\/48584","targetHints":{"allow":["GET"]}}],"collection":[{"href":"https:\/\/www.schramas.com\/se\/wp-json\/wp\/v2\/product"}],"about":[{"href":"https:\/\/www.schramas.com\/se\/wp-json\/wp\/v2\/types\/product"}],"version-history":[{"count":1,"href":"https:\/\/www.schramas.com\/se\/wp-json\/wp\/v2\/product\/48584\/revisions"}],"predecessor-version":[{"id":48600,"href":"https:\/\/www.schramas.com\/se\/wp-json\/wp\/v2\/product\/48584\/revisions\/48600"}],"wp:featuredmedia":[{"embeddable":true,"href":"https:\/\/www.schramas.com\/se\/wp-json\/wp\/v2\/media\/48599"}],"wp:attachment":[{"href":"https:\/\/www.schramas.com\/se\/wp-json\/wp\/v2\/media?parent=48584"}],"wp:term":[{"taxonomy":"product_brand","embeddable":true,"href":"https:\/\/www.schramas.com\/se\/wp-json\/wp\/v2\/product_brand?post=48584"},{"taxonomy":"product_cat","embeddable":true,"href":"https:\/\/www.schramas.com\/se\/wp-json\/wp\/v2\/product_cat?post=48584"},{"taxonomy":"product_tag","embeddable":true,"href":"https:\/\/www.schramas.com\/se\/wp-json\/wp\/v2\/product_tag?post=48584"}],"curies":[{"name":"wp","href":"https:\/\/api.w.org\/{rel}","templated":true}]}}