{"id":5158,"date":"2018-11-07T09:12:23","date_gmt":"2018-11-07T08:12:23","guid":{"rendered":"https:\/\/schramas.nl\/?post_type=product&#038;p=5158"},"modified":"2026-04-20T23:46:56","modified_gmt":"2026-04-20T21:46:56","slug":"duo-apple","status":"publish","type":"product","link":"https:\/\/www.schramas.com\/se\/butik\/duo-apple\/","title":{"rendered":"Malus Domestica 'Duo', tv\u00e5 sorter p\u00e5 ett tr\u00e4d, 5-liters kruka"},"content":{"rendered":"<p>Detta unika s\u00e5 kallade duo-\u00e4ppeltr\u00e4d producerar tv\u00e5 sorters hand\u00e4pplen: Golden Delicious, ett gult \u00e4pple, och Elstar, ett r\u00f6tt \u00e4pple. Med hj\u00e4lp av en traditionell ympningsmetod - ett exakt handarbete - odlar vi fruktb\u00e4rande grenar fr\u00e5n tv\u00e5 olika \u00e4ppeltr\u00e4d p\u00e5 en grundstam. Resultatet blir att \u00e4ppeltr\u00e4det b\u00e4r f\u00e4rska gr\u00f6na blad av Golden Delicious p\u00e5 ena sidan och blad av elstar p\u00e5 den andra.<\/p>","protected":false},"excerpt":{"rendered":"<p>Malus domestica Elstar och Golden Delicious<\/p>\n<p>Duo-\u00e4pple: tv\u00e5 \u00e4ppelsorter p\u00e5 en grundstam<\/p>\n<p>Smak: frisk-s\u00f6t<\/p>\n<p>F\u00e4rg: r\u00f6d och gul<\/p>\n<p>Maximal h\u00f6jd: ca 2,5-3 meter<\/p>\n<p>Sj\u00e4lvpollinerande<\/p>\n<p>Leveransh\u00f6jd inkl. kruka: ca 100 cm<\/p>\n<p>Krukstorlek: 5 liter<\/p>\n<p>L\u00e4mplig f\u00f6r b\u00e5de uteplats och \u00f6ppen mark<\/p>","protected":false},"featured_media":20649,"template":"","meta":{"_joinchat":[]},"product_brand":[],"product_cat":[20,262,147,233,294],"product_tag":[569,638,697,584,352,583,351,316],"class_list":{"0":"post-5158","1":"product","2":"type-product","3":"status-publish","4":"has-post-thumbnail","6":"product_cat-appels","7":"product_cat-bomen-struiken","8":"product_cat-duo-fruit","9":"product_cat-fruitbomen","10":"product_cat-specials","11":"product_tag-appel","12":"product_tag-duo","13":"product_tag-duofruit","14":"product_tag-fris-zoet","15":"product_tag-geent","16":"product_tag-rood-geel","17":"product_tag-winterhard","18":"product_tag-zelfbestuivend","19":"pa_bloeimaanden-maart","20":"pa_bloeimaanden-april","21":"pa_ewd_uwcf_colors-geel","22":"pa_groeihoogte-200-300-cm","23":"pa_pot-met-pot","25":"first","26":"instock","27":"taxable","28":"shipping-taxable","29":"purchasable","30":"product-type-simple"},"yoast_head":"<!-- This site is optimized with the Yoast SEO plugin v24.2 - https:\/\/yoast.com\/wordpress\/plugins\/seo\/ -->\n<title>Malus Domestica &#039;Duo&#039;, twee soorten aan \u00e9\u00e9n boom, 5 liter pot kopen | Planten eenvoudig online bestellen | Schramas.com<\/title>\n<meta name=\"robots\" content=\"index, follow, max-snippet:-1, max-image-preview:large, max-video-preview:-1\" \/>\n<link rel=\"canonical\" href=\"https:\/\/www.schramas.com\/se\/butik\/duo-apple\/\" \/>\n<meta property=\"og:locale\" content=\"sv_SE\" \/>\n<meta property=\"og:type\" content=\"article\" \/>\n<meta property=\"og:title\" content=\"Malus Domestica &#039;Duo&#039;, twee soorten aan \u00e9\u00e9n boom, 5 liter pot kopen | Planten eenvoudig online bestellen | Schramas.com\" \/>\n<meta property=\"og:description\" content=\"Malus domestica Elstar en Golden Delicious  Duo appel: twee appelvari\u00ebteiten op \u00e9\u00e9n onderstam  Smaak: friszoet  Kleur: rood en geel  Hoogte max.: ca. 2,5-3 meter  Zelfbestuivend  Leverhoogte incl. pot: ca. 100 cm  Potmaat: 5 liter  Geschikt voor zowel patio als volle grond\" \/>\n<meta property=\"og:url\" content=\"https:\/\/www.schramas.com\/se\/butik\/duo-apple\/\" \/>\n<meta property=\"og:site_name\" content=\"Planten eenvoudig online bestellen | Schramas.com\" \/>\n<meta property=\"article:publisher\" content=\"https:\/\/www.facebook.com\/Schramascom-106872874153195\/\" \/>\n<meta property=\"article:modified_time\" content=\"2026-04-20T21:46:56+00:00\" \/>\n<meta property=\"og:image\" content=\"http:\/\/www.schramas.com\/wp-content\/uploads\/2018\/11\/Duo-sfeer_1.jpg\" \/>\n\t<meta property=\"og:image:width\" content=\"1200\" \/>\n\t<meta property=\"og:image:height\" content=\"1200\" \/>\n\t<meta property=\"og:image:type\" content=\"image\/jpeg\" \/>\n<meta name=\"twitter:card\" content=\"summary_large_image\" \/>\n<script type=\"application\/ld+json\" class=\"yoast-schema-graph\">{\"@context\":\"https:\/\/schema.org\",\"@graph\":[{\"@type\":[\"WebPage\",\"ItemPage\"],\"@id\":\"https:\/\/www.schramas.com\/winkel\/duo-appel\/\",\"url\":\"https:\/\/www.schramas.com\/winkel\/duo-appel\/\",\"name\":\"Malus Domestica 'Duo', twee soorten aan \u00e9\u00e9n boom, 5 liter pot kopen | Planten eenvoudig online bestellen | Schramas.com\",\"isPartOf\":{\"@id\":\"https:\/\/www.schramas.com\/#website\"},\"primaryImageOfPage\":{\"@id\":\"https:\/\/www.schramas.com\/winkel\/duo-appel\/#primaryimage\"},\"image\":{\"@id\":\"https:\/\/www.schramas.com\/winkel\/duo-appel\/#primaryimage\"},\"thumbnailUrl\":\"https:\/\/www.schramas.com\/wp-content\/uploads\/2018\/11\/Duo-sfeer_1.jpg\",\"datePublished\":\"2018-11-07T08:12:23+00:00\",\"dateModified\":\"2026-04-20T21:46:56+00:00\",\"breadcrumb\":{\"@id\":\"https:\/\/www.schramas.com\/winkel\/duo-appel\/#breadcrumb\"},\"inLanguage\":\"sv-SE\",\"potentialAction\":[{\"@type\":\"ReadAction\",\"target\":[\"https:\/\/www.schramas.com\/winkel\/duo-appel\/\"]}]},{\"@type\":\"ImageObject\",\"inLanguage\":\"sv-SE\",\"@id\":\"https:\/\/www.schramas.com\/winkel\/duo-appel\/#primaryimage\",\"url\":\"https:\/\/www.schramas.com\/wp-content\/uploads\/2018\/11\/Duo-sfeer_1.jpg\",\"contentUrl\":\"https:\/\/www.schramas.com\/wp-content\/uploads\/2018\/11\/Duo-sfeer_1.jpg\",\"width\":1200,\"height\":1200},{\"@type\":\"BreadcrumbList\",\"@id\":\"https:\/\/www.schramas.com\/winkel\/duo-appel\/#breadcrumb\",\"itemListElement\":[{\"@type\":\"ListItem\",\"position\":1,\"name\":\"Product\",\"item\":\"https:\/\/www.schramas.com\/assortiment\/\"},{\"@type\":\"ListItem\",\"position\":2,\"name\":\"Bomen &amp; Struiken\",\"item\":\"https:\/\/www.schramas.com\/product-category\/bomen-struiken\/\"},{\"@type\":\"ListItem\",\"position\":3,\"name\":\"Specials\",\"item\":\"https:\/\/www.schramas.com\/product-category\/bomen-struiken\/specials\/\"},{\"@type\":\"ListItem\",\"position\":4,\"name\":\"Duo-Fruit\",\"item\":\"https:\/\/www.schramas.com\/product-category\/bomen-struiken\/specials\/duo-fruit\/\"},{\"@type\":\"ListItem\",\"position\":5,\"name\":\"Malus Domestica &#8216;Duo&#8217;, twee soorten aan \u00e9\u00e9n boom, 5 liter pot\"}]},{\"@type\":\"WebSite\",\"@id\":\"https:\/\/www.schramas.com\/#website\",\"url\":\"https:\/\/www.schramas.com\/\",\"name\":\"Schramas.com | Tuinplanten eenvoudig online bestellen | Direct van onze Kwekerij\",\"description\":\"\",\"alternateName\":\"Schramas.com - Alle planten direct van de kweker\",\"potentialAction\":[{\"@type\":\"SearchAction\",\"target\":{\"@type\":\"EntryPoint\",\"urlTemplate\":\"https:\/\/www.schramas.com\/?s={search_term_string}\"},\"query-input\":{\"@type\":\"PropertyValueSpecification\",\"valueRequired\":true,\"valueName\":\"search_term_string\"}}],\"inLanguage\":\"sv-SE\"}]}<\/script>\n<!-- \/ Yoast SEO plugin. -->","yoast_head_json":{"title":"Malus Domestica 'Duo', tv\u00e5 sorter p\u00e5 ett tr\u00e4d, k\u00f6p 5 liters kruka | K\u00f6p v\u00e4xter enkelt online | Schramas.com","robots":{"index":"index","follow":"follow","max-snippet":"max-snippet:-1","max-image-preview":"max-image-preview:large","max-video-preview":"max-video-preview:-1"},"canonical":"https:\/\/www.schramas.com\/se\/butik\/duo-apple\/","og_locale":"sv_SE","og_type":"article","og_title":"Malus Domestica 'Duo', twee soorten aan \u00e9\u00e9n boom, 5 liter pot kopen | Planten eenvoudig online bestellen | Schramas.com","og_description":"Malus domestica Elstar en Golden Delicious  Duo appel: twee appelvari\u00ebteiten op \u00e9\u00e9n onderstam  Smaak: friszoet  Kleur: rood en geel  Hoogte max.: ca. 2,5-3 meter  Zelfbestuivend  Leverhoogte incl. pot: ca. 100 cm  Potmaat: 5 liter  Geschikt voor zowel patio als volle grond","og_url":"https:\/\/www.schramas.com\/se\/butik\/duo-apple\/","og_site_name":"Planten eenvoudig online bestellen | Schramas.com","article_publisher":"https:\/\/www.facebook.com\/Schramascom-106872874153195\/","article_modified_time":"2026-04-20T21:46:56+00:00","og_image":[{"width":1200,"height":1200,"url":"http:\/\/www.schramas.com\/wp-content\/uploads\/2018\/11\/Duo-sfeer_1.jpg","type":"image\/jpeg"}],"twitter_card":"summary_large_image","schema":{"@context":"https:\/\/schema.org","@graph":[{"@type":["WebPage","ItemPage"],"@id":"https:\/\/www.schramas.com\/winkel\/duo-appel\/","url":"https:\/\/www.schramas.com\/winkel\/duo-appel\/","name":"Malus Domestica 'Duo', tv\u00e5 sorter p\u00e5 ett tr\u00e4d, k\u00f6p 5 liters kruka | K\u00f6p v\u00e4xter enkelt online | Schramas.com","isPartOf":{"@id":"https:\/\/www.schramas.com\/#website"},"primaryImageOfPage":{"@id":"https:\/\/www.schramas.com\/winkel\/duo-appel\/#primaryimage"},"image":{"@id":"https:\/\/www.schramas.com\/winkel\/duo-appel\/#primaryimage"},"thumbnailUrl":"https:\/\/www.schramas.com\/wp-content\/uploads\/2018\/11\/Duo-sfeer_1.jpg","datePublished":"2018-11-07T08:12:23+00:00","dateModified":"2026-04-20T21:46:56+00:00","breadcrumb":{"@id":"https:\/\/www.schramas.com\/winkel\/duo-appel\/#breadcrumb"},"inLanguage":"sv-SE","potentialAction":[{"@type":"ReadAction","target":["https:\/\/www.schramas.com\/winkel\/duo-appel\/"]}]},{"@type":"ImageObject","inLanguage":"sv-SE","@id":"https:\/\/www.schramas.com\/winkel\/duo-appel\/#primaryimage","url":"https:\/\/www.schramas.com\/wp-content\/uploads\/2018\/11\/Duo-sfeer_1.jpg","contentUrl":"https:\/\/www.schramas.com\/wp-content\/uploads\/2018\/11\/Duo-sfeer_1.jpg","width":1200,"height":1200},{"@type":"BreadcrumbList","@id":"https:\/\/www.schramas.com\/winkel\/duo-appel\/#breadcrumb","itemListElement":[{"@type":"ListItem","position":1,"name":"Product","item":"https:\/\/www.schramas.com\/assortiment\/"},{"@type":"ListItem","position":2,"name":"Bomen &amp; Struiken","item":"https:\/\/www.schramas.com\/product-category\/bomen-struiken\/"},{"@type":"ListItem","position":3,"name":"Specials","item":"https:\/\/www.schramas.com\/product-category\/bomen-struiken\/specials\/"},{"@type":"ListItem","position":4,"name":"Duo-Fruit","item":"https:\/\/www.schramas.com\/product-category\/bomen-struiken\/specials\/duo-fruit\/"},{"@type":"ListItem","position":5,"name":"Malus Domestica &#8216;Duo&#8217;, twee soorten aan \u00e9\u00e9n boom, 5 liter pot"}]},{"@type":"WebSite","@id":"https:\/\/www.schramas.com\/#website","url":"https:\/\/www.schramas.com\/","name":"Schramas.com | Tr\u00e4dg\u00e5rdsv\u00e4xter som enkelt kan best\u00e4llas online | Direkt fr\u00e5n v\u00e5r plantskola","description":"","alternateName":"Schramas.com - Alle planten direct van de kweker","potentialAction":[{"@type":"SearchAction","target":{"@type":"EntryPoint","urlTemplate":"https:\/\/www.schramas.com\/?s={search_term_string}"},"query-input":{"@type":"PropertyValueSpecification","valueRequired":true,"valueName":"search_term_string"}}],"inLanguage":"sv-SE"}]}},"_links":{"self":[{"href":"https:\/\/www.schramas.com\/se\/wp-json\/wp\/v2\/product\/5158","targetHints":{"allow":["GET"]}}],"collection":[{"href":"https:\/\/www.schramas.com\/se\/wp-json\/wp\/v2\/product"}],"about":[{"href":"https:\/\/www.schramas.com\/se\/wp-json\/wp\/v2\/types\/product"}],"version-history":[{"count":1,"href":"https:\/\/www.schramas.com\/se\/wp-json\/wp\/v2\/product\/5158\/revisions"}],"predecessor-version":[{"id":53389,"href":"https:\/\/www.schramas.com\/se\/wp-json\/wp\/v2\/product\/5158\/revisions\/53389"}],"wp:featuredmedia":[{"embeddable":true,"href":"https:\/\/www.schramas.com\/se\/wp-json\/wp\/v2\/media\/20649"}],"wp:attachment":[{"href":"https:\/\/www.schramas.com\/se\/wp-json\/wp\/v2\/media?parent=5158"}],"wp:term":[{"taxonomy":"product_brand","embeddable":true,"href":"https:\/\/www.schramas.com\/se\/wp-json\/wp\/v2\/product_brand?post=5158"},{"taxonomy":"product_cat","embeddable":true,"href":"https:\/\/www.schramas.com\/se\/wp-json\/wp\/v2\/product_cat?post=5158"},{"taxonomy":"product_tag","embeddable":true,"href":"https:\/\/www.schramas.com\/se\/wp-json\/wp\/v2\/product_tag?post=5158"}],"curies":[{"name":"wp","href":"https:\/\/api.w.org\/{rel}","templated":true}]}}