{"id":52267,"date":"2025-05-20T11:52:56","date_gmt":"2025-05-20T09:52:56","guid":{"rendered":"https:\/\/www.schramas.com\/?post_type=product&#038;p=52267"},"modified":"2026-03-26T16:37:28","modified_gmt":"2026-03-26T15:37:28","slug":"hortensia-serrata-daredevil-japansk-bergshortensia-3-liter-kruka","status":"publish","type":"product","link":"https:\/\/www.schramas.com\/se\/butik\/hortensia-serrata-daredevil-japansk-bergshortensia-3-liter-kruka\/","title":{"rendered":"Hydrangea serrata 'Daredevil', japansk bergshortensia, 3-liters kruka"},"content":{"rendered":"<p class=\"\" data-start=\"99\" data-end=\"429\">Den <strong data-start=\"102\" data-end=\"135\">Hortensia serrata 'Daredevil'<\/strong> \u00e4r en sl\u00e5ende och kompakt <strong data-start=\"166\" data-end=\"191\">Japansk bergshortensia<\/strong> med spektakul\u00e4ra blad- och blomf\u00e4rger. Denna prydnadsbuske v\u00e4xer buskigt och uppr\u00e4tt till ca <strong data-start=\"284\" data-end=\"298\">75 cm h\u00f6g<\/strong> och \u00e4r d\u00e4rf\u00f6r idealisk f\u00f6r <strong data-start=\"328\" data-end=\"354\">Framf\u00f6r gr\u00e4nsen<\/strong>, a <strong data-start=\"360\" data-end=\"375\">liten tr\u00e4dg\u00e5rd<\/strong> eller som ett blickf\u00e5ng i en <strong data-start=\"401\" data-end=\"428\">gryta p\u00e5 terrass eller balkong<\/strong>.<\/p>\n<p class=\"\" data-start=\"431\" data-end=\"839\">Det som g\u00f6r denna hortensia unik \u00e4r den dekorativa, <strong data-start=\"483\" data-end=\"508\">djupt lila-gr\u00f6na blad<\/strong> som p\u00e5 h\u00f6sten \u00e4ndrar f\u00e4rg till <strong data-start=\"541\" data-end=\"565\">eldr\u00f6d eller orange<\/strong>. P\u00e5 sommaren (juni-juli) f\u00f6rekommer det <strong data-start=\"606\" data-end=\"630\">platt navelstr\u00e4ng<\/strong> i en intensiv <strong data-start=\"645\" data-end=\"671\">rosa till r\u00f6daktigt rosa nyans<\/strong>som kontrasterar vackert mot de m\u00f6rka bladen. De n\u00e4stan svarta stj\u00e4lkarna ger denna v\u00e4xt extra karakt\u00e4r. \u00c4ven om <strong data-start=\"787\" data-end=\"801\">torkad blomma<\/strong> beh\u00e5ller \"Daredevil\" sin djupa f\u00e4rg.<\/p>\n<p class=\"\" data-start=\"841\" data-end=\"1127\">\"Daredevil\" \u00e4r bra <strong data-start=\"861\" data-end=\"875\">Hardy<\/strong> och \u00e4lskar en plats i <strong data-start=\"904\" data-end=\"934\">halvsol till ljus skugga<\/strong> p\u00e5 en n\u00e4ringsrik, v\u00e4ldr\u00e4nerad jord. Tack vare sin <strong data-start=\"989\" data-end=\"1012\">kompakt tillv\u00e4xt<\/strong> och rik blomning \u00e4r denna v\u00e4xt ett utm\u00e4rkt val f\u00f6r alla som vill ha f\u00e4rg, kontrast och karakt\u00e4r i tr\u00e4dg\u00e5rden.<\/p>","protected":false},"excerpt":{"rendered":"<p>Hortensia serrata 'Daredevil'<\/p>\n<p>Japansk bergshortensia<\/p>\n<p>F\u00e4rg p\u00e5 blomman: R\u00f6d\/rosa<\/p>\n<p>Max h\u00f6jd: 1 meter<\/p>\n<p>leveransh\u00f6jd: 60-70 cm.<\/p>\n<p>Gryta: 3L kruka<\/p>","protected":false},"featured_media":52268,"template":"","meta":{"_joinchat":[]},"product_brand":[],"product_cat":[302,300,229,305],"product_tag":[1540,2753,1572,1369,1104,2751,2466,2756,1490,2747,2757,2750,2752,1951,1354,2755,2536,767,1407,2754,495,1541,784,351,1917],"class_list":{"0":"post-52267","1":"product","2":"type-product","3":"status-publish","4":"has-post-thumbnail","6":"product_cat-bladverliezende-heesters","7":"product_cat-heesters","8":"product_cat-sierheesters","9":"product_cat-planten-heesters","10":"product_tag-balkonplant","11":"product_tag-berghortensia","12":"product_tag-bloeiende-heester","13":"product_tag-borderplant","14":"product_tag-compact","15":"product_tag-daredevil","16":"product_tag-droogbloem","17":"product_tag-halfschaduw-plant","18":"product_tag-herfstverkleuring","19":"product_tag-hortensia-3-liter-pot","20":"product_tag-hortensia-in-pot","21":"product_tag-hydrangea-serrata","22":"product_tag-japanse-hortensia","23":"product_tag-kleine-tuin","24":"product_tag-onderhoudsvriendelijk","25":"product_tag-paars-blad","26":"product_tag-rode-bloemen","27":"product_tag-rood-blad","28":"product_tag-roze-bloemen","29":"product_tag-schermbloemige-hortensia","30":"product_tag-sierheester","31":"product_tag-terrasplant","32":"product_tag-vaste-plant","33":"product_tag-winterhard","34":"product_tag-zomerbloei","35":"pa_bloeimaanden-juli","36":"pa_bloeimaanden-december","37":"pa_ewd_uwcf_colors-rood-2","38":"pa_groeihoogte-200-300-cm","39":"pa_pot-met-pot","41":"first","42":"outofstock","43":"taxable","44":"shipping-taxable","45":"purchasable","46":"product-type-simple"},"yoast_head":"<!-- This site is optimized with the Yoast SEO plugin v24.2 - https:\/\/yoast.com\/wordpress\/plugins\/seo\/ -->\n<title>Hydrangea serrata &#039;Daredevil&#039;, Japanse berghortensia, 3 liter pot kopen | Planten eenvoudig online bestellen | Schramas.com<\/title>\n<meta name=\"robots\" content=\"index, follow, max-snippet:-1, max-image-preview:large, max-video-preview:-1\" \/>\n<link rel=\"canonical\" href=\"https:\/\/www.schramas.com\/se\/butik\/hortensia-serrata-daredevil-japansk-bergshortensia-3-liter-kruka\/\" \/>\n<meta property=\"og:locale\" content=\"sv_SE\" \/>\n<meta property=\"og:type\" content=\"article\" \/>\n<meta property=\"og:title\" content=\"Hydrangea serrata &#039;Daredevil&#039;, Japanse berghortensia, 3 liter pot kopen | Planten eenvoudig online bestellen | Schramas.com\" \/>\n<meta property=\"og:description\" content=\"Hydrangea serrata &#039;Daredevil&#039;  Japanse berghortensia  Kleur bloewijze: Rood\/roze  Max hoogte: 1 meter  leveringshoogte: 60-70 cm.  Potmaat : 3L pot\" \/>\n<meta property=\"og:url\" content=\"https:\/\/www.schramas.com\/se\/butik\/hortensia-serrata-daredevil-japansk-bergshortensia-3-liter-kruka\/\" \/>\n<meta property=\"og:site_name\" content=\"Planten eenvoudig online bestellen | Schramas.com\" \/>\n<meta property=\"article:publisher\" content=\"https:\/\/www.facebook.com\/Schramascom-106872874153195\/\" \/>\n<meta property=\"article:modified_time\" content=\"2026-03-26T15:37:28+00:00\" \/>\n<meta property=\"og:image\" content=\"http:\/\/www.schramas.com\/wp-content\/uploads\/2025\/05\/Hydrangea-serrata-Dare-Devilsfeer.webp\" \/>\n\t<meta property=\"og:image:width\" content=\"800\" \/>\n\t<meta property=\"og:image:height\" content=\"800\" \/>\n\t<meta property=\"og:image:type\" content=\"image\/webp\" \/>\n<meta name=\"twitter:card\" content=\"summary_large_image\" \/>\n<meta name=\"twitter:label1\" content=\"Ber\u00e4knad l\u00e4stid\" \/>\n\t<meta name=\"twitter:data1\" content=\"1 minut\" \/>\n<script type=\"application\/ld+json\" class=\"yoast-schema-graph\">{\"@context\":\"https:\/\/schema.org\",\"@graph\":[{\"@type\":[\"WebPage\",\"ItemPage\"],\"@id\":\"https:\/\/www.schramas.com\/winkel\/hydrangea-serrata-daredevil-japanse-berghortensia-3-liter-pot\/\",\"url\":\"https:\/\/www.schramas.com\/winkel\/hydrangea-serrata-daredevil-japanse-berghortensia-3-liter-pot\/\",\"name\":\"Hydrangea serrata 'Daredevil', Japanse berghortensia, 3 liter pot kopen | Planten eenvoudig online bestellen | Schramas.com\",\"isPartOf\":{\"@id\":\"https:\/\/www.schramas.com\/#website\"},\"primaryImageOfPage\":{\"@id\":\"https:\/\/www.schramas.com\/winkel\/hydrangea-serrata-daredevil-japanse-berghortensia-3-liter-pot\/#primaryimage\"},\"image\":{\"@id\":\"https:\/\/www.schramas.com\/winkel\/hydrangea-serrata-daredevil-japanse-berghortensia-3-liter-pot\/#primaryimage\"},\"thumbnailUrl\":\"https:\/\/www.schramas.com\/wp-content\/uploads\/2025\/05\/Hydrangea-serrata-Dare-Devilsfeer.webp\",\"datePublished\":\"2025-05-20T09:52:56+00:00\",\"dateModified\":\"2026-03-26T15:37:28+00:00\",\"breadcrumb\":{\"@id\":\"https:\/\/www.schramas.com\/winkel\/hydrangea-serrata-daredevil-japanse-berghortensia-3-liter-pot\/#breadcrumb\"},\"inLanguage\":\"sv-SE\",\"potentialAction\":[{\"@type\":\"ReadAction\",\"target\":[\"https:\/\/www.schramas.com\/winkel\/hydrangea-serrata-daredevil-japanse-berghortensia-3-liter-pot\/\"]}]},{\"@type\":\"ImageObject\",\"inLanguage\":\"sv-SE\",\"@id\":\"https:\/\/www.schramas.com\/winkel\/hydrangea-serrata-daredevil-japanse-berghortensia-3-liter-pot\/#primaryimage\",\"url\":\"https:\/\/www.schramas.com\/wp-content\/uploads\/2025\/05\/Hydrangea-serrata-Dare-Devilsfeer.webp\",\"contentUrl\":\"https:\/\/www.schramas.com\/wp-content\/uploads\/2025\/05\/Hydrangea-serrata-Dare-Devilsfeer.webp\",\"width\":800,\"height\":800},{\"@type\":\"BreadcrumbList\",\"@id\":\"https:\/\/www.schramas.com\/winkel\/hydrangea-serrata-daredevil-japanse-berghortensia-3-liter-pot\/#breadcrumb\",\"itemListElement\":[{\"@type\":\"ListItem\",\"position\":1,\"name\":\"Product\",\"item\":\"https:\/\/www.schramas.com\/assortiment\/\"},{\"@type\":\"ListItem\",\"position\":2,\"name\":\"Tuinplanten\",\"item\":\"https:\/\/www.schramas.com\/product-category\/planten-heesters\/\"},{\"@type\":\"ListItem\",\"position\":3,\"name\":\"Hydrangea serrata &#8216;Daredevil&#8217;, Japanse berghortensia, 3 liter pot\"}]},{\"@type\":\"WebSite\",\"@id\":\"https:\/\/www.schramas.com\/#website\",\"url\":\"https:\/\/www.schramas.com\/\",\"name\":\"Schramas.com | Tuinplanten eenvoudig online bestellen | Direct van onze Kwekerij\",\"description\":\"\",\"alternateName\":\"Schramas.com - Alle planten direct van de kweker\",\"potentialAction\":[{\"@type\":\"SearchAction\",\"target\":{\"@type\":\"EntryPoint\",\"urlTemplate\":\"https:\/\/www.schramas.com\/?s={search_term_string}\"},\"query-input\":{\"@type\":\"PropertyValueSpecification\",\"valueRequired\":true,\"valueName\":\"search_term_string\"}}],\"inLanguage\":\"sv-SE\"}]}<\/script>\n<!-- \/ Yoast SEO plugin. -->","yoast_head_json":{"title":"Hydrangea serrata 'Daredevil', japansk berghortensia, k\u00f6p 3 liters kruka | K\u00f6p v\u00e4xter enkelt online | Schramas.com","robots":{"index":"index","follow":"follow","max-snippet":"max-snippet:-1","max-image-preview":"max-image-preview:large","max-video-preview":"max-video-preview:-1"},"canonical":"https:\/\/www.schramas.com\/se\/butik\/hortensia-serrata-daredevil-japansk-bergshortensia-3-liter-kruka\/","og_locale":"sv_SE","og_type":"article","og_title":"Hydrangea serrata 'Daredevil', Japanse berghortensia, 3 liter pot kopen | Planten eenvoudig online bestellen | Schramas.com","og_description":"Hydrangea serrata 'Daredevil'  Japanse berghortensia  Kleur bloewijze: Rood\/roze  Max hoogte: 1 meter  leveringshoogte: 60-70 cm.  Potmaat : 3L pot","og_url":"https:\/\/www.schramas.com\/se\/butik\/hortensia-serrata-daredevil-japansk-bergshortensia-3-liter-kruka\/","og_site_name":"Planten eenvoudig online bestellen | Schramas.com","article_publisher":"https:\/\/www.facebook.com\/Schramascom-106872874153195\/","article_modified_time":"2026-03-26T15:37:28+00:00","og_image":[{"width":800,"height":800,"url":"http:\/\/www.schramas.com\/wp-content\/uploads\/2025\/05\/Hydrangea-serrata-Dare-Devilsfeer.webp","type":"image\/webp"}],"twitter_card":"summary_large_image","twitter_misc":{"Ber\u00e4knad l\u00e4stid":"1 minut"},"schema":{"@context":"https:\/\/schema.org","@graph":[{"@type":["WebPage","ItemPage"],"@id":"https:\/\/www.schramas.com\/winkel\/hydrangea-serrata-daredevil-japanse-berghortensia-3-liter-pot\/","url":"https:\/\/www.schramas.com\/winkel\/hydrangea-serrata-daredevil-japanse-berghortensia-3-liter-pot\/","name":"Hydrangea serrata 'Daredevil', japansk berghortensia, k\u00f6p 3 liters kruka | K\u00f6p v\u00e4xter enkelt online | Schramas.com","isPartOf":{"@id":"https:\/\/www.schramas.com\/#website"},"primaryImageOfPage":{"@id":"https:\/\/www.schramas.com\/winkel\/hydrangea-serrata-daredevil-japanse-berghortensia-3-liter-pot\/#primaryimage"},"image":{"@id":"https:\/\/www.schramas.com\/winkel\/hydrangea-serrata-daredevil-japanse-berghortensia-3-liter-pot\/#primaryimage"},"thumbnailUrl":"https:\/\/www.schramas.com\/wp-content\/uploads\/2025\/05\/Hydrangea-serrata-Dare-Devilsfeer.webp","datePublished":"2025-05-20T09:52:56+00:00","dateModified":"2026-03-26T15:37:28+00:00","breadcrumb":{"@id":"https:\/\/www.schramas.com\/winkel\/hydrangea-serrata-daredevil-japanse-berghortensia-3-liter-pot\/#breadcrumb"},"inLanguage":"sv-SE","potentialAction":[{"@type":"ReadAction","target":["https:\/\/www.schramas.com\/winkel\/hydrangea-serrata-daredevil-japanse-berghortensia-3-liter-pot\/"]}]},{"@type":"ImageObject","inLanguage":"sv-SE","@id":"https:\/\/www.schramas.com\/winkel\/hydrangea-serrata-daredevil-japanse-berghortensia-3-liter-pot\/#primaryimage","url":"https:\/\/www.schramas.com\/wp-content\/uploads\/2025\/05\/Hydrangea-serrata-Dare-Devilsfeer.webp","contentUrl":"https:\/\/www.schramas.com\/wp-content\/uploads\/2025\/05\/Hydrangea-serrata-Dare-Devilsfeer.webp","width":800,"height":800},{"@type":"BreadcrumbList","@id":"https:\/\/www.schramas.com\/winkel\/hydrangea-serrata-daredevil-japanse-berghortensia-3-liter-pot\/#breadcrumb","itemListElement":[{"@type":"ListItem","position":1,"name":"Product","item":"https:\/\/www.schramas.com\/assortiment\/"},{"@type":"ListItem","position":2,"name":"Tuinplanten","item":"https:\/\/www.schramas.com\/product-category\/planten-heesters\/"},{"@type":"ListItem","position":3,"name":"Hydrangea serrata &#8216;Daredevil&#8217;, Japanse berghortensia, 3 liter pot"}]},{"@type":"WebSite","@id":"https:\/\/www.schramas.com\/#website","url":"https:\/\/www.schramas.com\/","name":"Schramas.com | Tr\u00e4dg\u00e5rdsv\u00e4xter som enkelt kan best\u00e4llas online | Direkt fr\u00e5n v\u00e5r plantskola","description":"","alternateName":"Schramas.com - Alle planten direct van de kweker","potentialAction":[{"@type":"SearchAction","target":{"@type":"EntryPoint","urlTemplate":"https:\/\/www.schramas.com\/?s={search_term_string}"},"query-input":{"@type":"PropertyValueSpecification","valueRequired":true,"valueName":"search_term_string"}}],"inLanguage":"sv-SE"}]}},"_links":{"self":[{"href":"https:\/\/www.schramas.com\/se\/wp-json\/wp\/v2\/product\/52267","targetHints":{"allow":["GET"]}}],"collection":[{"href":"https:\/\/www.schramas.com\/se\/wp-json\/wp\/v2\/product"}],"about":[{"href":"https:\/\/www.schramas.com\/se\/wp-json\/wp\/v2\/types\/product"}],"version-history":[{"count":1,"href":"https:\/\/www.schramas.com\/se\/wp-json\/wp\/v2\/product\/52267\/revisions"}],"predecessor-version":[{"id":52273,"href":"https:\/\/www.schramas.com\/se\/wp-json\/wp\/v2\/product\/52267\/revisions\/52273"}],"wp:featuredmedia":[{"embeddable":true,"href":"https:\/\/www.schramas.com\/se\/wp-json\/wp\/v2\/media\/52268"}],"wp:attachment":[{"href":"https:\/\/www.schramas.com\/se\/wp-json\/wp\/v2\/media?parent=52267"}],"wp:term":[{"taxonomy":"product_brand","embeddable":true,"href":"https:\/\/www.schramas.com\/se\/wp-json\/wp\/v2\/product_brand?post=52267"},{"taxonomy":"product_cat","embeddable":true,"href":"https:\/\/www.schramas.com\/se\/wp-json\/wp\/v2\/product_cat?post=52267"},{"taxonomy":"product_tag","embeddable":true,"href":"https:\/\/www.schramas.com\/se\/wp-json\/wp\/v2\/product_tag?post=52267"}],"curies":[{"name":"wp","href":"https:\/\/api.w.org\/{rel}","templated":true}]}}