{"id":52275,"date":"2025-05-20T12:07:05","date_gmt":"2025-05-20T10:07:05","guid":{"rendered":"https:\/\/www.schramas.com\/?post_type=product&#038;p=52275"},"modified":"2026-05-04T21:36:25","modified_gmt":"2026-05-04T19:36:25","slug":"loropetalum-chinense-alltid-rod-haxbuske-3-liter-kruka","status":"publish","type":"product","link":"https:\/\/www.schramas.com\/se\/butik\/loropetalum-chinense-alltid-rod-haxbuske-3-liter-kruka\/","title":{"rendered":"Loropetalum chinense 'Ever Red'\u00ae, h\u00e4xbuske, 3-liters kruka"},"content":{"rendered":"<p class=\"\" data-start=\"93\" data-end=\"480\">Den <strong data-start=\"96\" data-end=\"132\">Loropetalum chinense \u2018Ever Red\u2019\u00ae<\/strong>, \u00e4ven k\u00e4nd som <strong data-start=\"153\" data-end=\"169\">h\u00e4xbuske<\/strong>, \u00e4r en kompakt, vintergr\u00f6n prydnadsbuske som omedelbart sticker ut med sin <strong data-start=\"239\" data-end=\"263\">djupt purpurr\u00f6da blad<\/strong> och spektakul\u00e4ra <strong data-start=\"281\" data-end=\"301\">eldr\u00f6da blommor<\/strong>. Denna sort har den mest intensiva blomf\u00e4rgen av alla Loropetalums och ger f\u00e4rg och kontrast till din tr\u00e4dg\u00e5rd eller uteplats fr\u00e5n tidig v\u00e5r till sommar.<\/p>\n<p class=\"\" data-start=\"482\" data-end=\"771\">\u2018Ever Red\u2019 v\u00e4xer l\u00e5ngsamt och kompakt till ca <strong data-start=\"533\" data-end=\"564\">75 cm h\u00f6g och 1 meter bred<\/strong>, vilket g\u00f6r den mycket l\u00e4mplig f\u00f6r <strong data-start=\"599\" data-end=\"616\">sm\u00e5 tr\u00e4dg\u00e5rdar<\/strong>, <strong data-start=\"618\" data-end=\"633\">bloml\u00e5dor<\/strong>, eller om <strong data-start=\"642\" data-end=\"655\">l\u00e5g h\u00e4ck<\/strong>. Dess <strong data-start=\"662\" data-end=\"682\">l\u00e5ngvarig blomning<\/strong>, Den sl\u00e5ende bladf\u00e4rgen och den graci\u00f6sa formen g\u00f6r den till ett riktigt blickf\u00e5ng i alla tr\u00e4dg\u00e5rdar.<\/p>\n<p class=\"\" data-start=\"773\" data-end=\"1155\">Denna h\u00e4xbuske m\u00e5r b\u00e4st p\u00e5 en <strong data-start=\"818\" data-end=\"855\">soligt till halvskuggigt l\u00e4ge<\/strong> i en <strong data-start=\"863\" data-end=\"915\">b\u00f6rdig, v\u00e4ldr\u00e4nerad och humusrik jord<\/strong>. Han \u00e4r <strong data-start=\"924\" data-end=\"954\">h\u00e4rdig till cirka -10\u00b0C<\/strong>, och i kallare omr\u00e5den kan du enkelt skydda den eller f\u00f6rvara den i krukor f\u00f6r att undvika frostskador. Sk\u00f6tseln \u00e4r minimal - det r\u00e4cker med enstaka l\u00e4tta besk\u00e4rningar efter blomningen f\u00f6r att h\u00e5lla formen fin.<\/p>\n<p class=\"\" data-start=\"1157\" data-end=\"1241\">Ge v\u00e4rme och f\u00e4rg till din tr\u00e4dg\u00e5rd med den vackra, djupr\u00f6da Loropetalum \u2018Ever Red\u2019\u00ae!<\/p>","protected":false},"excerpt":{"rendered":"<p>Loropetalum chinense \u2018Ever Red\u2019<\/p>\n<p>H\u00e4xbuske<\/p>\n<p>Blomst\u00e4llningsf\u00e4rg: R\u00f6d<\/p>\n<p>Max h\u00f6jd: 75 cm<\/p>\n<p>leveransh\u00f6jd: 40 cm.<\/p>\n<p>Gryta: 3L kruka<\/p>","protected":false},"featured_media":52276,"template":"","meta":{"_joinchat":[]},"product_brand":[],"product_cat":[303,300,229,305],"product_tag":[1924,1540,1572,2679,2766,2759,499,1351,2760,2767,2764,2758,1561,2761,2536,930,1441,1541,610,784,2762,1044,2765,2763,1476],"class_list":{"0":"post-52275","1":"product","2":"type-product","3":"status-publish","4":"has-post-thumbnail","6":"product_cat-groenblijvende-heesters","7":"product_cat-heesters","8":"product_cat-sierheesters","9":"product_cat-planten-heesters","10":"product_tag-3-liter-pot","11":"product_tag-balkonplant","12":"product_tag-bloeiende-heester","13":"product_tag-compacte-struik","14":"product_tag-containerplant","15":"product_tag-ever-red","16":"product_tag-groenblijvend","17":"product_tag-halfschaduw","18":"product_tag-heksenstruik","19":"product_tag-kleur-in-de-tuin","20":"product_tag-lage-haag","21":"product_tag-loropetalum-chinense","22":"product_tag-onderhoudsarm","23":"product_tag-purper-blad","24":"product_tag-rode-bloemen","25":"product_tag-sierstruik","26":"product_tag-solitair","27":"product_tag-terrasplant","28":"product_tag-tuinplant","29":"product_tag-vaste-plant","30":"product_tag-voorjaar-bloei","31":"product_tag-wintergroen","32":"product_tag-winterhard-tot-10c","33":"product_tag-zomer-bloei","34":"product_tag-zon","35":"pa_bloeimaanden-juli","36":"pa_bloeimaanden-december","37":"pa_ewd_uwcf_colors-rood-2","38":"pa_groeihoogte-200-300-cm","39":"pa_pot-met-pot","41":"first","42":"instock","43":"taxable","44":"shipping-taxable","45":"purchasable","46":"product-type-simple"},"yoast_head":"<!-- This site is optimized with the Yoast SEO plugin v24.2 - https:\/\/yoast.com\/wordpress\/plugins\/seo\/ -->\n<title>Loropetalum chinense &#039;Ever Red&#039;\u00ae, Heksenstruik, 3 liter pot kopen | Planten eenvoudig online bestellen | Schramas.com<\/title>\n<meta name=\"robots\" content=\"index, follow, max-snippet:-1, max-image-preview:large, max-video-preview:-1\" \/>\n<link rel=\"canonical\" href=\"https:\/\/www.schramas.com\/se\/butik\/loropetalum-chinense-alltid-rod-haxbuske-3-liter-kruka\/\" \/>\n<meta property=\"og:locale\" content=\"sv_SE\" \/>\n<meta property=\"og:type\" content=\"article\" \/>\n<meta property=\"og:title\" content=\"Loropetalum chinense &#039;Ever Red&#039;\u00ae, Heksenstruik, 3 liter pot kopen | Planten eenvoudig online bestellen | Schramas.com\" \/>\n<meta property=\"og:description\" content=\"Loropetalum chinense &#039;Ever Red&#039;  Heksenstruik  Kleur bloewijze: Rood  Max hoogte: 75 cm  leveringshoogte: 40 cm.  Potmaat : 3L pot\" \/>\n<meta property=\"og:url\" content=\"https:\/\/www.schramas.com\/se\/butik\/loropetalum-chinense-alltid-rod-haxbuske-3-liter-kruka\/\" \/>\n<meta property=\"og:site_name\" content=\"Planten eenvoudig online bestellen | Schramas.com\" \/>\n<meta property=\"article:publisher\" content=\"https:\/\/www.facebook.com\/Schramascom-106872874153195\/\" \/>\n<meta property=\"article:modified_time\" content=\"2026-05-04T19:36:25+00:00\" \/>\n<meta property=\"og:image\" content=\"http:\/\/www.schramas.com\/wp-content\/uploads\/2025\/05\/Loropetalum-chinense-\u2018Ever-Red-sfeer.webp\" \/>\n\t<meta property=\"og:image:width\" content=\"800\" \/>\n\t<meta property=\"og:image:height\" content=\"800\" \/>\n\t<meta property=\"og:image:type\" content=\"image\/webp\" \/>\n<meta name=\"twitter:card\" content=\"summary_large_image\" \/>\n<meta name=\"twitter:label1\" content=\"Ber\u00e4knad l\u00e4stid\" \/>\n\t<meta name=\"twitter:data1\" content=\"1 minut\" \/>\n<script type=\"application\/ld+json\" class=\"yoast-schema-graph\">{\"@context\":\"https:\/\/schema.org\",\"@graph\":[{\"@type\":[\"WebPage\",\"ItemPage\"],\"@id\":\"https:\/\/www.schramas.com\/winkel\/loropetalum-chinense-ever-red-heksenstruik-3-liter-pot\/\",\"url\":\"https:\/\/www.schramas.com\/winkel\/loropetalum-chinense-ever-red-heksenstruik-3-liter-pot\/\",\"name\":\"Loropetalum chinense 'Ever Red'\u00ae, Heksenstruik, 3 liter pot kopen | Planten eenvoudig online bestellen | Schramas.com\",\"isPartOf\":{\"@id\":\"https:\/\/www.schramas.com\/#website\"},\"primaryImageOfPage\":{\"@id\":\"https:\/\/www.schramas.com\/winkel\/loropetalum-chinense-ever-red-heksenstruik-3-liter-pot\/#primaryimage\"},\"image\":{\"@id\":\"https:\/\/www.schramas.com\/winkel\/loropetalum-chinense-ever-red-heksenstruik-3-liter-pot\/#primaryimage\"},\"thumbnailUrl\":\"https:\/\/www.schramas.com\/wp-content\/uploads\/2025\/05\/Loropetalum-chinense-\u2018Ever-Red-sfeer.webp\",\"datePublished\":\"2025-05-20T10:07:05+00:00\",\"dateModified\":\"2026-05-04T19:36:25+00:00\",\"breadcrumb\":{\"@id\":\"https:\/\/www.schramas.com\/winkel\/loropetalum-chinense-ever-red-heksenstruik-3-liter-pot\/#breadcrumb\"},\"inLanguage\":\"sv-SE\",\"potentialAction\":[{\"@type\":\"ReadAction\",\"target\":[\"https:\/\/www.schramas.com\/winkel\/loropetalum-chinense-ever-red-heksenstruik-3-liter-pot\/\"]}]},{\"@type\":\"ImageObject\",\"inLanguage\":\"sv-SE\",\"@id\":\"https:\/\/www.schramas.com\/winkel\/loropetalum-chinense-ever-red-heksenstruik-3-liter-pot\/#primaryimage\",\"url\":\"https:\/\/www.schramas.com\/wp-content\/uploads\/2025\/05\/Loropetalum-chinense-\u2018Ever-Red-sfeer.webp\",\"contentUrl\":\"https:\/\/www.schramas.com\/wp-content\/uploads\/2025\/05\/Loropetalum-chinense-\u2018Ever-Red-sfeer.webp\",\"width\":800,\"height\":800},{\"@type\":\"BreadcrumbList\",\"@id\":\"https:\/\/www.schramas.com\/winkel\/loropetalum-chinense-ever-red-heksenstruik-3-liter-pot\/#breadcrumb\",\"itemListElement\":[{\"@type\":\"ListItem\",\"position\":1,\"name\":\"Product\",\"item\":\"https:\/\/www.schramas.com\/assortiment\/\"},{\"@type\":\"ListItem\",\"position\":2,\"name\":\"Tuinplanten\",\"item\":\"https:\/\/www.schramas.com\/product-category\/planten-heesters\/\"},{\"@type\":\"ListItem\",\"position\":3,\"name\":\"Loropetalum chinense &#8216;Ever Red&#8217;\u00ae, Heksenstruik, 3 liter pot\"}]},{\"@type\":\"WebSite\",\"@id\":\"https:\/\/www.schramas.com\/#website\",\"url\":\"https:\/\/www.schramas.com\/\",\"name\":\"Schramas.com | Tuinplanten eenvoudig online bestellen | Direct van onze Kwekerij\",\"description\":\"\",\"alternateName\":\"Schramas.com - Alle planten direct van de kweker\",\"potentialAction\":[{\"@type\":\"SearchAction\",\"target\":{\"@type\":\"EntryPoint\",\"urlTemplate\":\"https:\/\/www.schramas.com\/?s={search_term_string}\"},\"query-input\":{\"@type\":\"PropertyValueSpecification\",\"valueRequired\":true,\"valueName\":\"search_term_string\"}}],\"inLanguage\":\"sv-SE\"}]}<\/script>\n<!-- \/ Yoast SEO plugin. -->","yoast_head_json":{"title":"K\u00f6p Loropetalum chinense 'Ever Red'\u00ae, H\u00e4xbuske, 3 liter kruka | K\u00f6p v\u00e4xter enkelt online | Schramas.com","robots":{"index":"index","follow":"follow","max-snippet":"max-snippet:-1","max-image-preview":"max-image-preview:large","max-video-preview":"max-video-preview:-1"},"canonical":"https:\/\/www.schramas.com\/se\/butik\/loropetalum-chinense-alltid-rod-haxbuske-3-liter-kruka\/","og_locale":"sv_SE","og_type":"article","og_title":"Loropetalum chinense 'Ever Red'\u00ae, Heksenstruik, 3 liter pot kopen | Planten eenvoudig online bestellen | Schramas.com","og_description":"Loropetalum chinense 'Ever Red'  Heksenstruik  Kleur bloewijze: Rood  Max hoogte: 75 cm  leveringshoogte: 40 cm.  Potmaat : 3L pot","og_url":"https:\/\/www.schramas.com\/se\/butik\/loropetalum-chinense-alltid-rod-haxbuske-3-liter-kruka\/","og_site_name":"Planten eenvoudig online bestellen | Schramas.com","article_publisher":"https:\/\/www.facebook.com\/Schramascom-106872874153195\/","article_modified_time":"2026-05-04T19:36:25+00:00","og_image":[{"width":800,"height":800,"url":"http:\/\/www.schramas.com\/wp-content\/uploads\/2025\/05\/Loropetalum-chinense-\u2018Ever-Red-sfeer.webp","type":"image\/webp"}],"twitter_card":"summary_large_image","twitter_misc":{"Ber\u00e4knad l\u00e4stid":"1 minut"},"schema":{"@context":"https:\/\/schema.org","@graph":[{"@type":["WebPage","ItemPage"],"@id":"https:\/\/www.schramas.com\/winkel\/loropetalum-chinense-ever-red-heksenstruik-3-liter-pot\/","url":"https:\/\/www.schramas.com\/winkel\/loropetalum-chinense-ever-red-heksenstruik-3-liter-pot\/","name":"K\u00f6p Loropetalum chinense 'Ever Red'\u00ae, H\u00e4xbuske, 3 liter kruka | K\u00f6p v\u00e4xter enkelt online | Schramas.com","isPartOf":{"@id":"https:\/\/www.schramas.com\/#website"},"primaryImageOfPage":{"@id":"https:\/\/www.schramas.com\/winkel\/loropetalum-chinense-ever-red-heksenstruik-3-liter-pot\/#primaryimage"},"image":{"@id":"https:\/\/www.schramas.com\/winkel\/loropetalum-chinense-ever-red-heksenstruik-3-liter-pot\/#primaryimage"},"thumbnailUrl":"https:\/\/www.schramas.com\/wp-content\/uploads\/2025\/05\/Loropetalum-chinense-\u2018Ever-Red-sfeer.webp","datePublished":"2025-05-20T10:07:05+00:00","dateModified":"2026-05-04T19:36:25+00:00","breadcrumb":{"@id":"https:\/\/www.schramas.com\/winkel\/loropetalum-chinense-ever-red-heksenstruik-3-liter-pot\/#breadcrumb"},"inLanguage":"sv-SE","potentialAction":[{"@type":"ReadAction","target":["https:\/\/www.schramas.com\/winkel\/loropetalum-chinense-ever-red-heksenstruik-3-liter-pot\/"]}]},{"@type":"ImageObject","inLanguage":"sv-SE","@id":"https:\/\/www.schramas.com\/winkel\/loropetalum-chinense-ever-red-heksenstruik-3-liter-pot\/#primaryimage","url":"https:\/\/www.schramas.com\/wp-content\/uploads\/2025\/05\/Loropetalum-chinense-\u2018Ever-Red-sfeer.webp","contentUrl":"https:\/\/www.schramas.com\/wp-content\/uploads\/2025\/05\/Loropetalum-chinense-\u2018Ever-Red-sfeer.webp","width":800,"height":800},{"@type":"BreadcrumbList","@id":"https:\/\/www.schramas.com\/winkel\/loropetalum-chinense-ever-red-heksenstruik-3-liter-pot\/#breadcrumb","itemListElement":[{"@type":"ListItem","position":1,"name":"Product","item":"https:\/\/www.schramas.com\/assortiment\/"},{"@type":"ListItem","position":2,"name":"Tuinplanten","item":"https:\/\/www.schramas.com\/product-category\/planten-heesters\/"},{"@type":"ListItem","position":3,"name":"Loropetalum chinense &#8216;Ever Red&#8217;\u00ae, Heksenstruik, 3 liter pot"}]},{"@type":"WebSite","@id":"https:\/\/www.schramas.com\/#website","url":"https:\/\/www.schramas.com\/","name":"Schramas.com | Tr\u00e4dg\u00e5rdsv\u00e4xter som enkelt kan best\u00e4llas online | Direkt fr\u00e5n v\u00e5r plantskola","description":"","alternateName":"Schramas.com - Alle planten direct van de kweker","potentialAction":[{"@type":"SearchAction","target":{"@type":"EntryPoint","urlTemplate":"https:\/\/www.schramas.com\/?s={search_term_string}"},"query-input":{"@type":"PropertyValueSpecification","valueRequired":true,"valueName":"search_term_string"}}],"inLanguage":"sv-SE"}]}},"_links":{"self":[{"href":"https:\/\/www.schramas.com\/se\/wp-json\/wp\/v2\/product\/52275","targetHints":{"allow":["GET"]}}],"collection":[{"href":"https:\/\/www.schramas.com\/se\/wp-json\/wp\/v2\/product"}],"about":[{"href":"https:\/\/www.schramas.com\/se\/wp-json\/wp\/v2\/types\/product"}],"version-history":[{"count":1,"href":"https:\/\/www.schramas.com\/se\/wp-json\/wp\/v2\/product\/52275\/revisions"}],"predecessor-version":[{"id":52280,"href":"https:\/\/www.schramas.com\/se\/wp-json\/wp\/v2\/product\/52275\/revisions\/52280"}],"wp:featuredmedia":[{"embeddable":true,"href":"https:\/\/www.schramas.com\/se\/wp-json\/wp\/v2\/media\/52276"}],"wp:attachment":[{"href":"https:\/\/www.schramas.com\/se\/wp-json\/wp\/v2\/media?parent=52275"}],"wp:term":[{"taxonomy":"product_brand","embeddable":true,"href":"https:\/\/www.schramas.com\/se\/wp-json\/wp\/v2\/product_brand?post=52275"},{"taxonomy":"product_cat","embeddable":true,"href":"https:\/\/www.schramas.com\/se\/wp-json\/wp\/v2\/product_cat?post=52275"},{"taxonomy":"product_tag","embeddable":true,"href":"https:\/\/www.schramas.com\/se\/wp-json\/wp\/v2\/product_tag?post=52275"}],"curies":[{"name":"wp","href":"https:\/\/api.w.org\/{rel}","templated":true}]}}