{"id":5246,"date":"2018-08-13T12:14:07","date_gmt":"2018-08-13T10:14:07","guid":{"rendered":"https:\/\/schramas.nl\/?post_type=product&#038;p=5246"},"modified":"2026-04-19T23:42:31","modified_gmt":"2026-04-19T21:42:31","slug":"bolero","status":"publish","type":"product","link":"https:\/\/www.schramas.com\/se\/butik\/bolero\/","title":{"rendered":"Malus domestica Ballerina 'Bolero' pelarformigt \u00e4ppeltr\u00e4d, 5-liters kruka"},"content":{"rendered":"<p>Ett \u00e4kta pelar\u00e4pple, vilket inneb\u00e4r att detta \u00e4ppeltr\u00e4d bara v\u00e4xer upp vinkelr\u00e4tt som en pelare och ger \u00e4pplena direkt till stammen.<\/p>\n<p>P\u00e5 grund av det mycket kompakta v\u00e4xts\u00e4ttet kan man plantera dessa kolonn\u00e4ppeltr\u00e4d ganska n\u00e4ra varandra och anv\u00e4nda dem till exempel f\u00f6r att skapa en avdelare mellan \u00e4ppeltr\u00e4d. Detta tr\u00e4d v\u00e4xer i allm\u00e4nhet inte h\u00f6gre \u00e4n cirka 180 cm. Ett blickf\u00e5ng f\u00f6r varje tr\u00e4dg\u00e5rd!<\/p>","protected":false},"excerpt":{"rendered":"<p>Malus domestica &#039;Ballerina Bolero&#039;<\/p>\n<p>Riktigt kolumn\u00e4ppeltr\u00e4d<\/p>\n<p>Smak: s\u00f6t<\/p>\n<p>Fruktf\u00e4rg: gr\u00f6ngul med l\u00e4tt rouge<\/p>\n<p>Maxh\u00f6jd: 2,5-3 meter<\/p>\n<p>Leveransh\u00f6jd inkl kruka: 80-120 cm<\/p>\n<p>Krukstorlek: 5 liter<\/p>\n<p>\u00c4ven om denna ballerina \u00e4r sj\u00e4lvpollinerande rekommenderar vi alltid att du placerar ett malus prydnads\u00e4pple inom 10 meter fr\u00e5n detta tr\u00e4d f\u00f6r korspollinering.<\/p>\n<p>L\u00e4mplig f\u00f6r b\u00e5de uteplats och \u00f6ppen mark<\/p>","protected":false},"featured_media":21267,"template":"","meta":{"_joinchat":[]},"product_brand":[],"product_cat":[20,262,233,152],"product_tag":[569,705,708,584,352,583,351,316,706],"class_list":{"0":"post-5246","1":"product","2":"type-product","3":"status-publish","4":"has-post-thumbnail","6":"product_cat-appels","7":"product_cat-bomen-struiken","8":"product_cat-fruitbomen","9":"product_cat-zuilfruit","10":"product_tag-appel","11":"product_tag-ballerina","12":"product_tag-bolero","13":"product_tag-fris-zoet","14":"product_tag-geent","15":"product_tag-rood-geel","16":"product_tag-winterhard","17":"product_tag-zelfbestuivend","18":"product_tag-zuilvorm","19":"pa_bloeimaanden-maart","20":"pa_bloeimaanden-april","21":"pa_groeihoogte-200-300-cm","22":"pa_pot-7-liter-pot","24":"first","25":"instock","26":"taxable","27":"shipping-taxable","28":"purchasable","29":"product-type-simple"},"yoast_head":"<!-- This site is optimized with the Yoast SEO plugin v24.2 - https:\/\/yoast.com\/wordpress\/plugins\/seo\/ -->\n<title>Malus domestica Ballerina &#039;Bolero&#039; zuilappelboom, 5 liter pot kopen | Planten eenvoudig online bestellen | Schramas.com<\/title>\n<meta name=\"robots\" content=\"index, follow, max-snippet:-1, max-image-preview:large, max-video-preview:-1\" \/>\n<link rel=\"canonical\" href=\"https:\/\/www.schramas.com\/se\/butik\/bolero\/\" \/>\n<meta property=\"og:locale\" content=\"sv_SE\" \/>\n<meta property=\"og:type\" content=\"article\" \/>\n<meta property=\"og:title\" content=\"Malus domestica Ballerina &#039;Bolero&#039; zuilappelboom, 5 liter pot kopen | Planten eenvoudig online bestellen | Schramas.com\" \/>\n<meta property=\"og:description\" content=\"Malus domestica &#039;Ballerina Bolero&#039;  Echte zuilappelboom  Smaak: zoet  Kleur vrucht: groengeel met een lichte blos  Maximale hoogte: 2,5-3 meter  Leverhoogte incl. pot: 80-120 cm  Pot maat: 5 liter  Hoewel deze ballerina zelfbestuivend is raden wij altijd aan een malus sierappel binnen 10 meter van deze boom te plaatsen voor kruisbestuiving.  Geschikt voor zowel patio als in volle grond\" \/>\n<meta property=\"og:url\" content=\"https:\/\/www.schramas.com\/se\/butik\/bolero\/\" \/>\n<meta property=\"og:site_name\" content=\"Planten eenvoudig online bestellen | Schramas.com\" \/>\n<meta property=\"article:publisher\" content=\"https:\/\/www.facebook.com\/Schramascom-106872874153195\/\" \/>\n<meta property=\"article:modified_time\" content=\"2026-04-19T21:42:31+00:00\" \/>\n<meta property=\"og:image\" content=\"https:\/\/www.schramas.com\/wp-content\/uploads\/2018\/08\/Bolero-5-liter-sfeer.jpg\" \/>\n\t<meta property=\"og:image:width\" content=\"1200\" \/>\n\t<meta property=\"og:image:height\" content=\"1200\" \/>\n\t<meta property=\"og:image:type\" content=\"image\/jpeg\" \/>\n<meta name=\"twitter:card\" content=\"summary_large_image\" \/>\n<script type=\"application\/ld+json\" class=\"yoast-schema-graph\">{\"@context\":\"https:\/\/schema.org\",\"@graph\":[{\"@type\":[\"WebPage\",\"ItemPage\"],\"@id\":\"https:\/\/www.schramas.com\/winkel\/bolero\/\",\"url\":\"https:\/\/www.schramas.com\/winkel\/bolero\/\",\"name\":\"Malus domestica Ballerina 'Bolero' zuilappelboom, 5 liter pot kopen | Planten eenvoudig online bestellen | Schramas.com\",\"isPartOf\":{\"@id\":\"https:\/\/www.schramas.com\/#website\"},\"primaryImageOfPage\":{\"@id\":\"https:\/\/www.schramas.com\/winkel\/bolero\/#primaryimage\"},\"image\":{\"@id\":\"https:\/\/www.schramas.com\/winkel\/bolero\/#primaryimage\"},\"thumbnailUrl\":\"https:\/\/www.schramas.com\/wp-content\/uploads\/2018\/08\/Bolero-5-liter-sfeer.jpg\",\"datePublished\":\"2018-08-13T10:14:07+00:00\",\"dateModified\":\"2026-04-19T21:42:31+00:00\",\"breadcrumb\":{\"@id\":\"https:\/\/www.schramas.com\/winkel\/bolero\/#breadcrumb\"},\"inLanguage\":\"sv-SE\",\"potentialAction\":[{\"@type\":\"ReadAction\",\"target\":[\"https:\/\/www.schramas.com\/winkel\/bolero\/\"]}]},{\"@type\":\"ImageObject\",\"inLanguage\":\"sv-SE\",\"@id\":\"https:\/\/www.schramas.com\/winkel\/bolero\/#primaryimage\",\"url\":\"https:\/\/www.schramas.com\/wp-content\/uploads\/2018\/08\/Bolero-5-liter-sfeer.jpg\",\"contentUrl\":\"https:\/\/www.schramas.com\/wp-content\/uploads\/2018\/08\/Bolero-5-liter-sfeer.jpg\",\"width\":1200,\"height\":1200},{\"@type\":\"BreadcrumbList\",\"@id\":\"https:\/\/www.schramas.com\/winkel\/bolero\/#breadcrumb\",\"itemListElement\":[{\"@type\":\"ListItem\",\"position\":1,\"name\":\"Product\",\"item\":\"https:\/\/www.schramas.com\/assortiment\/\"},{\"@type\":\"ListItem\",\"position\":2,\"name\":\"Bomen &amp; Struiken\",\"item\":\"https:\/\/www.schramas.com\/product-category\/bomen-struiken\/\"},{\"@type\":\"ListItem\",\"position\":3,\"name\":\"Fruitbomen\",\"item\":\"https:\/\/www.schramas.com\/product-category\/bomen-struiken\/fruitbomen\/\"},{\"@type\":\"ListItem\",\"position\":4,\"name\":\"Appels\",\"item\":\"https:\/\/www.schramas.com\/product-category\/bomen-struiken\/fruitbomen\/appels\/\"},{\"@type\":\"ListItem\",\"position\":5,\"name\":\"Malus domestica Ballerina &#8216;Bolero&#8217; zuilappelboom, 5 liter pot\"}]},{\"@type\":\"WebSite\",\"@id\":\"https:\/\/www.schramas.com\/#website\",\"url\":\"https:\/\/www.schramas.com\/\",\"name\":\"Schramas.com | Tuinplanten eenvoudig online bestellen | Direct van onze Kwekerij\",\"description\":\"\",\"alternateName\":\"Schramas.com - Alle planten direct van de kweker\",\"potentialAction\":[{\"@type\":\"SearchAction\",\"target\":{\"@type\":\"EntryPoint\",\"urlTemplate\":\"https:\/\/www.schramas.com\/?s={search_term_string}\"},\"query-input\":{\"@type\":\"PropertyValueSpecification\",\"valueRequired\":true,\"valueName\":\"search_term_string\"}}],\"inLanguage\":\"sv-SE\"}]}<\/script>\n<!-- \/ Yoast SEO plugin. -->","yoast_head_json":{"title":"K\u00f6p Malus domestica Ballerina &#039;Bolero&#039; kolumnartat \u00e4ppeltr\u00e4d, 5 liters kruka | Best\u00e4ll enkelt v\u00e4xter online | Schramas.com","robots":{"index":"index","follow":"follow","max-snippet":"max-snippet:-1","max-image-preview":"max-image-preview:large","max-video-preview":"max-video-preview:-1"},"canonical":"https:\/\/www.schramas.com\/se\/butik\/bolero\/","og_locale":"sv_SE","og_type":"article","og_title":"Malus domestica Ballerina 'Bolero' zuilappelboom, 5 liter pot kopen | Planten eenvoudig online bestellen | Schramas.com","og_description":"Malus domestica 'Ballerina Bolero'  Echte zuilappelboom  Smaak: zoet  Kleur vrucht: groengeel met een lichte blos  Maximale hoogte: 2,5-3 meter  Leverhoogte incl. pot: 80-120 cm  Pot maat: 5 liter  Hoewel deze ballerina zelfbestuivend is raden wij altijd aan een malus sierappel binnen 10 meter van deze boom te plaatsen voor kruisbestuiving.  Geschikt voor zowel patio als in volle grond","og_url":"https:\/\/www.schramas.com\/se\/butik\/bolero\/","og_site_name":"Planten eenvoudig online bestellen | Schramas.com","article_publisher":"https:\/\/www.facebook.com\/Schramascom-106872874153195\/","article_modified_time":"2026-04-19T21:42:31+00:00","og_image":[{"width":1200,"height":1200,"url":"https:\/\/www.schramas.com\/wp-content\/uploads\/2018\/08\/Bolero-5-liter-sfeer.jpg","type":"image\/jpeg"}],"twitter_card":"summary_large_image","schema":{"@context":"https:\/\/schema.org","@graph":[{"@type":["WebPage","ItemPage"],"@id":"https:\/\/www.schramas.com\/winkel\/bolero\/","url":"https:\/\/www.schramas.com\/winkel\/bolero\/","name":"K\u00f6p Malus domestica Ballerina &#039;Bolero&#039; kolumnartat \u00e4ppeltr\u00e4d, 5 liters kruka | Best\u00e4ll enkelt v\u00e4xter online | Schramas.com","isPartOf":{"@id":"https:\/\/www.schramas.com\/#website"},"primaryImageOfPage":{"@id":"https:\/\/www.schramas.com\/winkel\/bolero\/#primaryimage"},"image":{"@id":"https:\/\/www.schramas.com\/winkel\/bolero\/#primaryimage"},"thumbnailUrl":"https:\/\/www.schramas.com\/wp-content\/uploads\/2018\/08\/Bolero-5-liter-sfeer.jpg","datePublished":"2018-08-13T10:14:07+00:00","dateModified":"2026-04-19T21:42:31+00:00","breadcrumb":{"@id":"https:\/\/www.schramas.com\/winkel\/bolero\/#breadcrumb"},"inLanguage":"sv-SE","potentialAction":[{"@type":"ReadAction","target":["https:\/\/www.schramas.com\/winkel\/bolero\/"]}]},{"@type":"ImageObject","inLanguage":"sv-SE","@id":"https:\/\/www.schramas.com\/winkel\/bolero\/#primaryimage","url":"https:\/\/www.schramas.com\/wp-content\/uploads\/2018\/08\/Bolero-5-liter-sfeer.jpg","contentUrl":"https:\/\/www.schramas.com\/wp-content\/uploads\/2018\/08\/Bolero-5-liter-sfeer.jpg","width":1200,"height":1200},{"@type":"BreadcrumbList","@id":"https:\/\/www.schramas.com\/winkel\/bolero\/#breadcrumb","itemListElement":[{"@type":"ListItem","position":1,"name":"Product","item":"https:\/\/www.schramas.com\/assortiment\/"},{"@type":"ListItem","position":2,"name":"Bomen &amp; Struiken","item":"https:\/\/www.schramas.com\/product-category\/bomen-struiken\/"},{"@type":"ListItem","position":3,"name":"Fruitbomen","item":"https:\/\/www.schramas.com\/product-category\/bomen-struiken\/fruitbomen\/"},{"@type":"ListItem","position":4,"name":"Appels","item":"https:\/\/www.schramas.com\/product-category\/bomen-struiken\/fruitbomen\/appels\/"},{"@type":"ListItem","position":5,"name":"Malus domestica Ballerina &#8216;Bolero&#8217; zuilappelboom, 5 liter pot"}]},{"@type":"WebSite","@id":"https:\/\/www.schramas.com\/#website","url":"https:\/\/www.schramas.com\/","name":"Schramas.com | Tr\u00e4dg\u00e5rdsv\u00e4xter som enkelt kan best\u00e4llas online | Direkt fr\u00e5n v\u00e5r plantskola","description":"","alternateName":"Schramas.com - Alle planten direct van de kweker","potentialAction":[{"@type":"SearchAction","target":{"@type":"EntryPoint","urlTemplate":"https:\/\/www.schramas.com\/?s={search_term_string}"},"query-input":{"@type":"PropertyValueSpecification","valueRequired":true,"valueName":"search_term_string"}}],"inLanguage":"sv-SE"}]}},"_links":{"self":[{"href":"https:\/\/www.schramas.com\/se\/wp-json\/wp\/v2\/product\/5246","targetHints":{"allow":["GET"]}}],"collection":[{"href":"https:\/\/www.schramas.com\/se\/wp-json\/wp\/v2\/product"}],"about":[{"href":"https:\/\/www.schramas.com\/se\/wp-json\/wp\/v2\/types\/product"}],"version-history":[{"count":0,"href":"https:\/\/www.schramas.com\/se\/wp-json\/wp\/v2\/product\/5246\/revisions"}],"wp:featuredmedia":[{"embeddable":true,"href":"https:\/\/www.schramas.com\/se\/wp-json\/wp\/v2\/media\/21267"}],"wp:attachment":[{"href":"https:\/\/www.schramas.com\/se\/wp-json\/wp\/v2\/media?parent=5246"}],"wp:term":[{"taxonomy":"product_brand","embeddable":true,"href":"https:\/\/www.schramas.com\/se\/wp-json\/wp\/v2\/product_brand?post=5246"},{"taxonomy":"product_cat","embeddable":true,"href":"https:\/\/www.schramas.com\/se\/wp-json\/wp\/v2\/product_cat?post=5246"},{"taxonomy":"product_tag","embeddable":true,"href":"https:\/\/www.schramas.com\/se\/wp-json\/wp\/v2\/product_tag?post=5246"}],"curies":[{"name":"wp","href":"https:\/\/api.w.org\/{rel}","templated":true}]}}