{"id":52463,"date":"2025-05-22T15:28:42","date_gmt":"2025-05-22T13:28:42","guid":{"rendered":"https:\/\/www.schramas.com\/?post_type=product&#038;p=52463"},"modified":"2026-04-24T18:28:06","modified_gmt":"2026-04-24T16:28:06","slug":"uppsattning-av-4-vanlig-jasmin-jasminum-officinale-hojd-30cm-9cm-kruka","status":"publish","type":"product","link":"https:\/\/www.schramas.com\/se\/butik\/uppsattning-av-4-vanlig-jasmin-jasminum-officinale-hojd-30cm-9cm-kruka\/","title":{"rendered":"Set om 4 Vanlig jasmin - Jasminum officinale - H\u00f6jd 30cm - 9cm kruka"},"content":{"rendered":"<p data-start=\"106\" data-end=\"446\">Ge doft, f\u00e4rg och romantik till din tr\u00e4dg\u00e5rd med denna upps\u00e4ttning av 4 vanliga jasminer (<em data-start=\"185\" data-end=\"206\">Jasminum officinale<\/em>). Denna l\u00f6vf\u00e4llande kl\u00e4tterv\u00e4xt blommar fr\u00e5n <strong data-start=\"251\" data-end=\"273\">juni till september<\/strong> med ett \u00f6verfl\u00f6d av <strong data-start=\"296\" data-end=\"326\">vita, stj\u00e4rnformade blommor<\/strong> som sprider en h\u00e4rlig, subtil doft. Perfekt f\u00f6r pergolor, staket eller en solig fasad.<\/p>\n<p data-start=\"448\" data-end=\"707\">Den vanliga jasminen \u00e4r en <strong data-start=\"473\" data-end=\"518\">l\u00e5ngsamv\u00e4xande, slingrande slingerv\u00e4xt<\/strong> med graci\u00f6sa, fj\u00e4lliknande blad. Efter blomningen kan sm\u00e5 svarta b\u00e4r dyka upp. Med en maximal h\u00f6jd p\u00e5 ca <strong data-start=\"639\" data-end=\"650\">3 till 4 meter<\/strong> Denna jasmin \u00e4r perfekt f\u00f6r s\u00e5v\u00e4l kompakta som st\u00f6rre tr\u00e4dg\u00e5rdar.<\/p>\n<p data-start=\"709\" data-end=\"1014\">F\u00f6r optimal tillv\u00e4xt, v\u00e4xt <em data-start=\"742\" data-end=\"763\">Jasminum officinale<\/em> p\u00e5 en <strong data-start=\"771\" data-end=\"823\">skyddad plats i full sol eller l\u00e4tt skugga<\/strong>, helst i s\u00f6der- eller v\u00e4sterl\u00e4ge. V\u00e4xten gillar <strong data-start=\"882\" data-end=\"920\">b\u00f6rdig, v\u00e4ldr\u00e4nerad jord<\/strong> och \u00e4r h\u00e4rdig till ca -12\u00b0C, men ett l\u00e4tt skydd vid sv\u00e5r frost rekommenderas.<\/p>\n<p data-start=\"1021\" data-end=\"1036\"><strong data-start=\"1021\" data-end=\"1036\">Pluspo\u00e4ng:<\/strong><\/p>\n<ul data-start=\"1037\" data-end=\"1255\">\n<li data-start=\"1037\" data-end=\"1086\">\n<p data-start=\"1039\" data-end=\"1086\">Doftande vita blommor fr\u00e5n juni till september<\/p>\n<\/li>\n<li data-start=\"1087\" data-end=\"1127\">\n<p data-start=\"1089\" data-end=\"1127\">Attraktivt f\u00f6r bin och fj\u00e4rilar<\/p>\n<\/li>\n<li data-start=\"1128\" data-end=\"1159\">\n<p data-start=\"1130\" data-end=\"1159\">Kompakt, hanterbar tillv\u00e4xt<\/p>\n<\/li>\n<li data-start=\"1160\" data-end=\"1206\">\n<p data-start=\"1162\" data-end=\"1206\">L\u00e4mplig f\u00f6r pergola, staket eller balkong<\/p>\n<\/li>\n<li data-start=\"1207\" data-end=\"1255\">\n<p data-start=\"1209\" data-end=\"1255\">M\u00e5ttligt h\u00e4rdig och lite mottaglig f\u00f6r sjukdomar<\/p>\n<\/li>\n<\/ul>","protected":false},"excerpt":{"rendered":"<p>4x Jasminum officinale<\/p>\n<p>Vanlig jasmin<\/p>\n<p>Blomst\u00e4llning: Vit<\/p>\n<p>Max h\u00f6jd: ca 4 meter<\/p>\n<p>H\u00e4rdig till -12C<\/p>\n<p>Leveransh\u00f6jd inkl. kruka: ca 30 cm<\/p>\n<p>Krukans storlek: 9cm<\/p>","protected":false},"featured_media":52465,"template":"","meta":{"_joinchat":[]},"product_brand":[],"product_cat":[304,867,1012,305],"product_tag":[2856,2842,503,2873,1225,2872,2869,866,2870,2874,529,2661,2854,2642,1541,2875,610,504,351,2871,1917],"class_list":{"0":"post-52463","1":"product","2":"type-product","3":"status-publish","4":"has-post-thumbnail","6":"product_cat-klimplanten","7":"product_cat-pakket-deals","8":"product_cat-overige-deals","9":"product_cat-planten-heesters","10":"product_tag-25cm-hoog","11":"product_tag-9cm-pot","12":"product_tag-bijenplant","13":"product_tag-bloei-juni-september","14":"product_tag-geurende-bloemen","15":"product_tag-geurplant","16":"product_tag-gewone-jasmijn","17":"product_tag-jasmijn","18":"product_tag-jasminum-officinale","19":"product_tag-klimmer","20":"product_tag-klimplant","21":"product_tag-mediterrane-sfeer","22":"product_tag-pergola-plant","23":"product_tag-set-van-4","24":"product_tag-terrasplant","25":"product_tag-tuinparfum","26":"product_tag-tuinplant","27":"product_tag-vlinderplant","28":"product_tag-winterhard","29":"product_tag-witte-jasmijn","30":"product_tag-zomerbloei","31":"pa_ewd_uwcf_colors-groen-2","32":"pa_groeihoogte-300-cm","33":"pa_pot-9-cm-pot","35":"first","36":"instock","37":"taxable","38":"shipping-taxable","39":"purchasable","40":"product-type-simple"},"yoast_head":"<!-- This site is optimized with the Yoast SEO plugin v24.2 - https:\/\/yoast.com\/wordpress\/plugins\/seo\/ -->\n<title>Set van 4 Gewone jasmijn - Jasminum officinale - Hoogte 30cm \u2013 9cm pot kopen | Planten eenvoudig online bestellen | Schramas.com<\/title>\n<meta name=\"robots\" content=\"index, follow, max-snippet:-1, max-image-preview:large, max-video-preview:-1\" \/>\n<link rel=\"canonical\" href=\"https:\/\/www.schramas.com\/se\/butik\/uppsattning-av-4-vanlig-jasmin-jasminum-officinale-hojd-30cm-9cm-kruka\/\" \/>\n<meta property=\"og:locale\" content=\"sv_SE\" \/>\n<meta property=\"og:type\" content=\"article\" \/>\n<meta property=\"og:title\" content=\"Set van 4 Gewone jasmijn - Jasminum officinale - Hoogte 30cm \u2013 9cm pot kopen | Planten eenvoudig online bestellen | Schramas.com\" \/>\n<meta property=\"og:description\" content=\"4x Jasminum officinale  Gewone Jasmijn  Bloeiwijze: Wit  Hoogte max: circa 4 meter  Winterhard tot -12C  Leverhoogte incl. pot: circa 30 cm  Potmaat: 9cm\" \/>\n<meta property=\"og:url\" content=\"https:\/\/www.schramas.com\/se\/butik\/uppsattning-av-4-vanlig-jasmin-jasminum-officinale-hojd-30cm-9cm-kruka\/\" \/>\n<meta property=\"og:site_name\" content=\"Planten eenvoudig online bestellen | Schramas.com\" \/>\n<meta property=\"article:publisher\" content=\"https:\/\/www.facebook.com\/Schramascom-106872874153195\/\" \/>\n<meta property=\"article:modified_time\" content=\"2026-04-24T16:28:06+00:00\" \/>\n<meta property=\"og:image\" content=\"http:\/\/www.schramas.com\/wp-content\/uploads\/2025\/05\/Jasminum-officinale-sfeer.webp\" \/>\n\t<meta property=\"og:image:width\" content=\"800\" \/>\n\t<meta property=\"og:image:height\" content=\"800\" \/>\n\t<meta property=\"og:image:type\" content=\"image\/webp\" \/>\n<meta name=\"twitter:card\" content=\"summary_large_image\" \/>\n<meta name=\"twitter:label1\" content=\"Ber\u00e4knad l\u00e4stid\" \/>\n\t<meta name=\"twitter:data1\" content=\"1 minut\" \/>\n<script type=\"application\/ld+json\" class=\"yoast-schema-graph\">{\"@context\":\"https:\/\/schema.org\",\"@graph\":[{\"@type\":[\"WebPage\",\"ItemPage\"],\"@id\":\"https:\/\/www.schramas.com\/winkel\/set-van-4-gewone-jasmijn-jasminum-officinale-hoogte-30cm-9cm-pot\/\",\"url\":\"https:\/\/www.schramas.com\/winkel\/set-van-4-gewone-jasmijn-jasminum-officinale-hoogte-30cm-9cm-pot\/\",\"name\":\"Set van 4 Gewone jasmijn - Jasminum officinale - Hoogte 30cm \u2013 9cm pot kopen | Planten eenvoudig online bestellen | Schramas.com\",\"isPartOf\":{\"@id\":\"https:\/\/www.schramas.com\/#website\"},\"primaryImageOfPage\":{\"@id\":\"https:\/\/www.schramas.com\/winkel\/set-van-4-gewone-jasmijn-jasminum-officinale-hoogte-30cm-9cm-pot\/#primaryimage\"},\"image\":{\"@id\":\"https:\/\/www.schramas.com\/winkel\/set-van-4-gewone-jasmijn-jasminum-officinale-hoogte-30cm-9cm-pot\/#primaryimage\"},\"thumbnailUrl\":\"https:\/\/www.schramas.com\/wp-content\/uploads\/2025\/05\/Jasminum-officinale-sfeer.webp\",\"datePublished\":\"2025-05-22T13:28:42+00:00\",\"dateModified\":\"2026-04-24T16:28:06+00:00\",\"breadcrumb\":{\"@id\":\"https:\/\/www.schramas.com\/winkel\/set-van-4-gewone-jasmijn-jasminum-officinale-hoogte-30cm-9cm-pot\/#breadcrumb\"},\"inLanguage\":\"sv-SE\",\"potentialAction\":[{\"@type\":\"ReadAction\",\"target\":[\"https:\/\/www.schramas.com\/winkel\/set-van-4-gewone-jasmijn-jasminum-officinale-hoogte-30cm-9cm-pot\/\"]}]},{\"@type\":\"ImageObject\",\"inLanguage\":\"sv-SE\",\"@id\":\"https:\/\/www.schramas.com\/winkel\/set-van-4-gewone-jasmijn-jasminum-officinale-hoogte-30cm-9cm-pot\/#primaryimage\",\"url\":\"https:\/\/www.schramas.com\/wp-content\/uploads\/2025\/05\/Jasminum-officinale-sfeer.webp\",\"contentUrl\":\"https:\/\/www.schramas.com\/wp-content\/uploads\/2025\/05\/Jasminum-officinale-sfeer.webp\",\"width\":800,\"height\":800},{\"@type\":\"BreadcrumbList\",\"@id\":\"https:\/\/www.schramas.com\/winkel\/set-van-4-gewone-jasmijn-jasminum-officinale-hoogte-30cm-9cm-pot\/#breadcrumb\",\"itemListElement\":[{\"@type\":\"ListItem\",\"position\":1,\"name\":\"Product\",\"item\":\"https:\/\/www.schramas.com\/assortiment\/\"},{\"@type\":\"ListItem\",\"position\":2,\"name\":\"Pakketdeals\",\"item\":\"https:\/\/www.schramas.com\/product-category\/pakket-deals\/\"},{\"@type\":\"ListItem\",\"position\":3,\"name\":\"Set van 4 Gewone jasmijn &#8211; Jasminum officinale &#8211; Hoogte 30cm \u2013 9cm pot\"}]},{\"@type\":\"WebSite\",\"@id\":\"https:\/\/www.schramas.com\/#website\",\"url\":\"https:\/\/www.schramas.com\/\",\"name\":\"Schramas.com | Tuinplanten eenvoudig online bestellen | Direct van onze Kwekerij\",\"description\":\"\",\"alternateName\":\"Schramas.com - Alle planten direct van de kweker\",\"potentialAction\":[{\"@type\":\"SearchAction\",\"target\":{\"@type\":\"EntryPoint\",\"urlTemplate\":\"https:\/\/www.schramas.com\/?s={search_term_string}\"},\"query-input\":{\"@type\":\"PropertyValueSpecification\",\"valueRequired\":true,\"valueName\":\"search_term_string\"}}],\"inLanguage\":\"sv-SE\"}]}<\/script>\n<!-- \/ Yoast SEO plugin. -->","yoast_head_json":{"title":"Upps\u00e4ttning av 4 Vanlig jasmin - Jasminum officinale - H\u00f6jd 30cm - 9cm kruka k\u00f6p | V\u00e4xter enkel onlinebest\u00e4llning | Schramas.com","robots":{"index":"index","follow":"follow","max-snippet":"max-snippet:-1","max-image-preview":"max-image-preview:large","max-video-preview":"max-video-preview:-1"},"canonical":"https:\/\/www.schramas.com\/se\/butik\/uppsattning-av-4-vanlig-jasmin-jasminum-officinale-hojd-30cm-9cm-kruka\/","og_locale":"sv_SE","og_type":"article","og_title":"Set van 4 Gewone jasmijn - Jasminum officinale - Hoogte 30cm \u2013 9cm pot kopen | Planten eenvoudig online bestellen | Schramas.com","og_description":"4x Jasminum officinale  Gewone Jasmijn  Bloeiwijze: Wit  Hoogte max: circa 4 meter  Winterhard tot -12C  Leverhoogte incl. pot: circa 30 cm  Potmaat: 9cm","og_url":"https:\/\/www.schramas.com\/se\/butik\/uppsattning-av-4-vanlig-jasmin-jasminum-officinale-hojd-30cm-9cm-kruka\/","og_site_name":"Planten eenvoudig online bestellen | Schramas.com","article_publisher":"https:\/\/www.facebook.com\/Schramascom-106872874153195\/","article_modified_time":"2026-04-24T16:28:06+00:00","og_image":[{"width":800,"height":800,"url":"http:\/\/www.schramas.com\/wp-content\/uploads\/2025\/05\/Jasminum-officinale-sfeer.webp","type":"image\/webp"}],"twitter_card":"summary_large_image","twitter_misc":{"Ber\u00e4knad l\u00e4stid":"1 minut"},"schema":{"@context":"https:\/\/schema.org","@graph":[{"@type":["WebPage","ItemPage"],"@id":"https:\/\/www.schramas.com\/winkel\/set-van-4-gewone-jasmijn-jasminum-officinale-hoogte-30cm-9cm-pot\/","url":"https:\/\/www.schramas.com\/winkel\/set-van-4-gewone-jasmijn-jasminum-officinale-hoogte-30cm-9cm-pot\/","name":"Upps\u00e4ttning av 4 Vanlig jasmin - Jasminum officinale - H\u00f6jd 30cm - 9cm kruka k\u00f6p | V\u00e4xter enkel onlinebest\u00e4llning | Schramas.com","isPartOf":{"@id":"https:\/\/www.schramas.com\/#website"},"primaryImageOfPage":{"@id":"https:\/\/www.schramas.com\/winkel\/set-van-4-gewone-jasmijn-jasminum-officinale-hoogte-30cm-9cm-pot\/#primaryimage"},"image":{"@id":"https:\/\/www.schramas.com\/winkel\/set-van-4-gewone-jasmijn-jasminum-officinale-hoogte-30cm-9cm-pot\/#primaryimage"},"thumbnailUrl":"https:\/\/www.schramas.com\/wp-content\/uploads\/2025\/05\/Jasminum-officinale-sfeer.webp","datePublished":"2025-05-22T13:28:42+00:00","dateModified":"2026-04-24T16:28:06+00:00","breadcrumb":{"@id":"https:\/\/www.schramas.com\/winkel\/set-van-4-gewone-jasmijn-jasminum-officinale-hoogte-30cm-9cm-pot\/#breadcrumb"},"inLanguage":"sv-SE","potentialAction":[{"@type":"ReadAction","target":["https:\/\/www.schramas.com\/winkel\/set-van-4-gewone-jasmijn-jasminum-officinale-hoogte-30cm-9cm-pot\/"]}]},{"@type":"ImageObject","inLanguage":"sv-SE","@id":"https:\/\/www.schramas.com\/winkel\/set-van-4-gewone-jasmijn-jasminum-officinale-hoogte-30cm-9cm-pot\/#primaryimage","url":"https:\/\/www.schramas.com\/wp-content\/uploads\/2025\/05\/Jasminum-officinale-sfeer.webp","contentUrl":"https:\/\/www.schramas.com\/wp-content\/uploads\/2025\/05\/Jasminum-officinale-sfeer.webp","width":800,"height":800},{"@type":"BreadcrumbList","@id":"https:\/\/www.schramas.com\/winkel\/set-van-4-gewone-jasmijn-jasminum-officinale-hoogte-30cm-9cm-pot\/#breadcrumb","itemListElement":[{"@type":"ListItem","position":1,"name":"Product","item":"https:\/\/www.schramas.com\/assortiment\/"},{"@type":"ListItem","position":2,"name":"Pakketdeals","item":"https:\/\/www.schramas.com\/product-category\/pakket-deals\/"},{"@type":"ListItem","position":3,"name":"Set van 4 Gewone jasmijn &#8211; Jasminum officinale &#8211; Hoogte 30cm \u2013 9cm pot"}]},{"@type":"WebSite","@id":"https:\/\/www.schramas.com\/#website","url":"https:\/\/www.schramas.com\/","name":"Schramas.com | Tr\u00e4dg\u00e5rdsv\u00e4xter som enkelt kan best\u00e4llas online | Direkt fr\u00e5n v\u00e5r plantskola","description":"","alternateName":"Schramas.com - Alle planten direct van de kweker","potentialAction":[{"@type":"SearchAction","target":{"@type":"EntryPoint","urlTemplate":"https:\/\/www.schramas.com\/?s={search_term_string}"},"query-input":{"@type":"PropertyValueSpecification","valueRequired":true,"valueName":"search_term_string"}}],"inLanguage":"sv-SE"}]}},"_links":{"self":[{"href":"https:\/\/www.schramas.com\/se\/wp-json\/wp\/v2\/product\/52463","targetHints":{"allow":["GET"]}}],"collection":[{"href":"https:\/\/www.schramas.com\/se\/wp-json\/wp\/v2\/product"}],"about":[{"href":"https:\/\/www.schramas.com\/se\/wp-json\/wp\/v2\/types\/product"}],"version-history":[{"count":2,"href":"https:\/\/www.schramas.com\/se\/wp-json\/wp\/v2\/product\/52463\/revisions"}],"predecessor-version":[{"id":52470,"href":"https:\/\/www.schramas.com\/se\/wp-json\/wp\/v2\/product\/52463\/revisions\/52470"}],"wp:featuredmedia":[{"embeddable":true,"href":"https:\/\/www.schramas.com\/se\/wp-json\/wp\/v2\/media\/52465"}],"wp:attachment":[{"href":"https:\/\/www.schramas.com\/se\/wp-json\/wp\/v2\/media?parent=52463"}],"wp:term":[{"taxonomy":"product_brand","embeddable":true,"href":"https:\/\/www.schramas.com\/se\/wp-json\/wp\/v2\/product_brand?post=52463"},{"taxonomy":"product_cat","embeddable":true,"href":"https:\/\/www.schramas.com\/se\/wp-json\/wp\/v2\/product_cat?post=52463"},{"taxonomy":"product_tag","embeddable":true,"href":"https:\/\/www.schramas.com\/se\/wp-json\/wp\/v2\/product_tag?post=52463"}],"curies":[{"name":"wp","href":"https:\/\/api.w.org\/{rel}","templated":true}]}}