{"id":52534,"date":"2011-05-23T15:54:20","date_gmt":"2011-05-23T13:54:20","guid":{"rendered":"https:\/\/www.schramas.com\/?post_type=product&#038;p=52534"},"modified":"2026-03-26T16:37:34","modified_gmt":"2026-03-26T15:37:34","slug":"set-om-4-magnolia-magnolia-betty-hojd-35cm-9cm-kruka","status":"publish","type":"product","link":"https:\/\/www.schramas.com\/se\/butik\/set-om-4-magnolia-magnolia-betty-hojd-35cm-9cm-kruka\/","title":{"rendered":"Upps\u00e4ttning om 4 Magnolia - Magnolia 'Betty' - H\u00f6jd 35cm - 9cm kruka"},"content":{"rendered":"<p data-start=\"97\" data-end=\"610\">Magnolia \u2018Betty\u2019 \u00e4r en f\u00f6rtrollande v\u00e5rblomma som omedelbart drar till sig uppm\u00e4rksamhet med sina imponerande lilarosa blommor. Denna prydnadsbuske v\u00e4xer l\u00e5ngsamt till en medelstor buske eller ett kompakt tr\u00e4d som \u00e4r 4 till 6 meter h\u00f6gt, med en elegant, n\u00e5got oregelbunden krona. I april och maj sl\u00e5r de stora tulpanformade blommorna ut med en diameter p\u00e5 upp till 20 cm: lilar\u00f6da p\u00e5 utsidan, mjukt rosa till vita p\u00e5 insidan. Blomningen b\u00f6rjar p\u00e5 kala grenar, vilket g\u00f6r blomupplevelsen extra spektakul\u00e4r.<\/p>\n<p data-start=\"612\" data-end=\"1024\">Efter blomningen f\u00e5r v\u00e4xten friskt gr\u00f6na blad som blir vackert gyllengula p\u00e5 h\u00f6sten. Magnolia \u2018Betty\u2019 \u00e4r mycket t\u00e5lig och klarar temperaturer ner till -25\u00b0C. V\u00e4xten gillar en skyddad, solig plats och en humusrik, l\u00e4tt sur jord. Den relativt sena blomningen g\u00f6r att den \u00e4r mindre k\u00e4nslig f\u00f6r skador fr\u00e5n nattfrost \u00e4n m\u00e5nga andra magnolior. Ibland f\u00f6ljer en andra blomning p\u00e5 sommaren.<\/p>\n<p data-start=\"1026\" data-end=\"1175\">Tack vare sitt kompakta v\u00e4xts\u00e4tt \u00e4r Magnolia \u2018Betty\u2019 ett perfekt val f\u00f6r st\u00f6rre rabatter, som solit\u00e4r i en gr\u00e4smatta eller som blickf\u00e5ng i tr\u00e4dg\u00e5rden.<\/p>\n<p data-start=\"1182\" data-end=\"1197\"><strong data-start=\"1182\" data-end=\"1197\">Pluspo\u00e4ng:<\/strong><\/p>\n<ul data-start=\"1198\" data-end=\"1397\">\n<li data-start=\"1198\" data-end=\"1244\">\n<p data-start=\"1200\" data-end=\"1244\">Stora blommor med unik f\u00e4rgkombination<\/p>\n<\/li>\n<li data-start=\"1245\" data-end=\"1287\">\n<p data-start=\"1247\" data-end=\"1287\">Sen blomning: mindre risk f\u00f6r frostskador<\/p>\n<\/li>\n<li data-start=\"1288\" data-end=\"1343\">\n<p data-start=\"1290\" data-end=\"1343\">Mycket t\u00e5lig och l\u00e4mplig f\u00f6r holl\u00e4ndska tr\u00e4dg\u00e5rdar<\/p>\n<\/li>\n<li data-start=\"1344\" data-end=\"1377\">\n<p data-start=\"1346\" data-end=\"1377\">Ibland andra blomning p\u00e5 sommaren<\/p>\n<\/li>\n<li data-start=\"1378\" data-end=\"1397\">\n<p data-start=\"1380\" data-end=\"1397\">Vackra h\u00f6stl\u00f6v<\/p>\n<\/li>\n<\/ul>","protected":false},"excerpt":{"rendered":"<p>4x Magnolia \u2018Betty\u2019<\/p>\n<p>Magnolia<\/p>\n<p>Max. h\u00f6jd ca 400 cm<\/p>\n<p>L\u00f6vf\u00e4llande<\/p>\n<p>Hardy<\/p>\n<p>Levereras i en 9 cm stor kruka<\/p>","protected":false},"featured_media":52535,"template":"","meta":{"_joinchat":[]},"product_brand":[],"product_cat":[302,300,867,1012,229,305],"product_tag":[2886,2842,1945,766,1369,2274,1469,2935,2932,2933,1508,2701,1460,2642,495,1467,2936,610,2934,1565,351,1424],"class_list":{"0":"post-52534","1":"product","2":"type-product","3":"status-publish","4":"has-post-thumbnail","6":"product_cat-bladverliezende-heesters","7":"product_cat-heesters","8":"product_cat-pakket-deals","9":"product_cat-overige-deals","10":"product_cat-sierheesters","11":"product_cat-planten-heesters","12":"product_tag-35cm-hoog","13":"product_tag-9cm-pot","14":"product_tag-beverboom","15":"product_tag-bladverliezend","16":"product_tag-borderplant","17":"product_tag-compacte-boom","18":"product_tag-humusrijke-grond","19":"product_tag-late-bloei","20":"product_tag-magnolia","21":"product_tag-magnolia-betty","22":"product_tag-meerstammig","23":"product_tag-opvallende-bloei","24":"product_tag-paarsroze-bloemen","25":"product_tag-set-van-4","26":"product_tag-sierheester","27":"product_tag-solitairplant","28":"product_tag-tuinfavoriet","29":"product_tag-tuinplant","30":"product_tag-tulpvormige-bloemen","31":"product_tag-voorjaarsbloei","32":"product_tag-winterhard","33":"product_tag-zuurminnende-plant","34":"pa_ewd_uwcf_colors-groen-2","35":"pa_groeihoogte-300-cm","36":"pa_pot-9-cm-pot","38":"first","39":"instock","40":"taxable","41":"shipping-taxable","42":"purchasable","43":"product-type-simple"},"yoast_head":"<!-- This site is optimized with the Yoast SEO plugin v24.2 - https:\/\/yoast.com\/wordpress\/plugins\/seo\/ -->\n<title>Set Van 4 Magnolia - Magnolia &#039;Betty&#039; \u2013 Hoogte 35cm \u2013 9cm pot kopen | Planten eenvoudig online bestellen | Schramas.com<\/title>\n<meta name=\"robots\" content=\"index, follow, max-snippet:-1, max-image-preview:large, max-video-preview:-1\" \/>\n<link rel=\"canonical\" href=\"https:\/\/www.schramas.com\/se\/butik\/set-om-4-magnolia-magnolia-betty-hojd-35cm-9cm-kruka\/\" \/>\n<meta property=\"og:locale\" content=\"sv_SE\" \/>\n<meta property=\"og:type\" content=\"article\" \/>\n<meta property=\"og:title\" content=\"Set Van 4 Magnolia - Magnolia &#039;Betty&#039; \u2013 Hoogte 35cm \u2013 9cm pot kopen | Planten eenvoudig online bestellen | Schramas.com\" \/>\n<meta property=\"og:description\" content=\"4x Magnolia &#039;Betty&#039;  Magnolia  Max. hoogte ca. 400 cm  Bladverliezend  Winterhard  Geleverd in een 9cm pot\" \/>\n<meta property=\"og:url\" content=\"https:\/\/www.schramas.com\/se\/butik\/set-om-4-magnolia-magnolia-betty-hojd-35cm-9cm-kruka\/\" \/>\n<meta property=\"og:site_name\" content=\"Planten eenvoudig online bestellen | Schramas.com\" \/>\n<meta property=\"article:publisher\" content=\"https:\/\/www.facebook.com\/Schramascom-106872874153195\/\" \/>\n<meta property=\"article:modified_time\" content=\"2026-03-26T15:37:34+00:00\" \/>\n<meta property=\"og:image\" content=\"http:\/\/www.schramas.com\/wp-content\/uploads\/2025\/05\/Magnolia-Betty-sfeer.webp\" \/>\n\t<meta property=\"og:image:width\" content=\"800\" \/>\n\t<meta property=\"og:image:height\" content=\"800\" \/>\n\t<meta property=\"og:image:type\" content=\"image\/webp\" \/>\n<meta name=\"twitter:card\" content=\"summary_large_image\" \/>\n<meta name=\"twitter:label1\" content=\"Ber\u00e4knad l\u00e4stid\" \/>\n\t<meta name=\"twitter:data1\" content=\"1 minut\" \/>\n<script type=\"application\/ld+json\" class=\"yoast-schema-graph\">{\"@context\":\"https:\/\/schema.org\",\"@graph\":[{\"@type\":[\"WebPage\",\"ItemPage\"],\"@id\":\"https:\/\/www.schramas.com\/winkel\/set-van-4-magnolia-magnolia-betty-hoogte-35cm-9cm-pot\/\",\"url\":\"https:\/\/www.schramas.com\/winkel\/set-van-4-magnolia-magnolia-betty-hoogte-35cm-9cm-pot\/\",\"name\":\"Set Van 4 Magnolia - Magnolia 'Betty' \u2013 Hoogte 35cm \u2013 9cm pot kopen | Planten eenvoudig online bestellen | Schramas.com\",\"isPartOf\":{\"@id\":\"https:\/\/www.schramas.com\/#website\"},\"primaryImageOfPage\":{\"@id\":\"https:\/\/www.schramas.com\/winkel\/set-van-4-magnolia-magnolia-betty-hoogte-35cm-9cm-pot\/#primaryimage\"},\"image\":{\"@id\":\"https:\/\/www.schramas.com\/winkel\/set-van-4-magnolia-magnolia-betty-hoogte-35cm-9cm-pot\/#primaryimage\"},\"thumbnailUrl\":\"https:\/\/www.schramas.com\/wp-content\/uploads\/2025\/05\/Magnolia-Betty-sfeer.webp\",\"datePublished\":\"2011-05-23T13:54:20+00:00\",\"dateModified\":\"2026-03-26T15:37:34+00:00\",\"breadcrumb\":{\"@id\":\"https:\/\/www.schramas.com\/winkel\/set-van-4-magnolia-magnolia-betty-hoogte-35cm-9cm-pot\/#breadcrumb\"},\"inLanguage\":\"sv-SE\",\"potentialAction\":[{\"@type\":\"ReadAction\",\"target\":[\"https:\/\/www.schramas.com\/winkel\/set-van-4-magnolia-magnolia-betty-hoogte-35cm-9cm-pot\/\"]}]},{\"@type\":\"ImageObject\",\"inLanguage\":\"sv-SE\",\"@id\":\"https:\/\/www.schramas.com\/winkel\/set-van-4-magnolia-magnolia-betty-hoogte-35cm-9cm-pot\/#primaryimage\",\"url\":\"https:\/\/www.schramas.com\/wp-content\/uploads\/2025\/05\/Magnolia-Betty-sfeer.webp\",\"contentUrl\":\"https:\/\/www.schramas.com\/wp-content\/uploads\/2025\/05\/Magnolia-Betty-sfeer.webp\",\"width\":800,\"height\":800},{\"@type\":\"BreadcrumbList\",\"@id\":\"https:\/\/www.schramas.com\/winkel\/set-van-4-magnolia-magnolia-betty-hoogte-35cm-9cm-pot\/#breadcrumb\",\"itemListElement\":[{\"@type\":\"ListItem\",\"position\":1,\"name\":\"Product\",\"item\":\"https:\/\/www.schramas.com\/assortiment\/\"},{\"@type\":\"ListItem\",\"position\":2,\"name\":\"Pakketdeals\",\"item\":\"https:\/\/www.schramas.com\/product-category\/pakket-deals\/\"},{\"@type\":\"ListItem\",\"position\":3,\"name\":\"Set Van 4 Magnolia &#8211; Magnolia &#8216;Betty&#8217; \u2013 Hoogte 35cm \u2013 9cm pot\"}]},{\"@type\":\"WebSite\",\"@id\":\"https:\/\/www.schramas.com\/#website\",\"url\":\"https:\/\/www.schramas.com\/\",\"name\":\"Schramas.com | Tuinplanten eenvoudig online bestellen | Direct van onze Kwekerij\",\"description\":\"\",\"alternateName\":\"Schramas.com - Alle planten direct van de kweker\",\"potentialAction\":[{\"@type\":\"SearchAction\",\"target\":{\"@type\":\"EntryPoint\",\"urlTemplate\":\"https:\/\/www.schramas.com\/?s={search_term_string}\"},\"query-input\":{\"@type\":\"PropertyValueSpecification\",\"valueRequired\":true,\"valueName\":\"search_term_string\"}}],\"inLanguage\":\"sv-SE\"}]}<\/script>\n<!-- \/ Yoast SEO plugin. -->","yoast_head_json":{"title":"Set om 4 Magnolia - Magnolia 'Betty' - K\u00f6p h\u00f6jd 35cm - 9cm kruka | K\u00f6p v\u00e4xter enkelt online | Schramas.com","robots":{"index":"index","follow":"follow","max-snippet":"max-snippet:-1","max-image-preview":"max-image-preview:large","max-video-preview":"max-video-preview:-1"},"canonical":"https:\/\/www.schramas.com\/se\/butik\/set-om-4-magnolia-magnolia-betty-hojd-35cm-9cm-kruka\/","og_locale":"sv_SE","og_type":"article","og_title":"Set Van 4 Magnolia - Magnolia 'Betty' \u2013 Hoogte 35cm \u2013 9cm pot kopen | Planten eenvoudig online bestellen | Schramas.com","og_description":"4x Magnolia 'Betty'  Magnolia  Max. hoogte ca. 400 cm  Bladverliezend  Winterhard  Geleverd in een 9cm pot","og_url":"https:\/\/www.schramas.com\/se\/butik\/set-om-4-magnolia-magnolia-betty-hojd-35cm-9cm-kruka\/","og_site_name":"Planten eenvoudig online bestellen | Schramas.com","article_publisher":"https:\/\/www.facebook.com\/Schramascom-106872874153195\/","article_modified_time":"2026-03-26T15:37:34+00:00","og_image":[{"width":800,"height":800,"url":"http:\/\/www.schramas.com\/wp-content\/uploads\/2025\/05\/Magnolia-Betty-sfeer.webp","type":"image\/webp"}],"twitter_card":"summary_large_image","twitter_misc":{"Ber\u00e4knad l\u00e4stid":"1 minut"},"schema":{"@context":"https:\/\/schema.org","@graph":[{"@type":["WebPage","ItemPage"],"@id":"https:\/\/www.schramas.com\/winkel\/set-van-4-magnolia-magnolia-betty-hoogte-35cm-9cm-pot\/","url":"https:\/\/www.schramas.com\/winkel\/set-van-4-magnolia-magnolia-betty-hoogte-35cm-9cm-pot\/","name":"Set om 4 Magnolia - Magnolia 'Betty' - K\u00f6p h\u00f6jd 35cm - 9cm kruka | K\u00f6p v\u00e4xter enkelt online | Schramas.com","isPartOf":{"@id":"https:\/\/www.schramas.com\/#website"},"primaryImageOfPage":{"@id":"https:\/\/www.schramas.com\/winkel\/set-van-4-magnolia-magnolia-betty-hoogte-35cm-9cm-pot\/#primaryimage"},"image":{"@id":"https:\/\/www.schramas.com\/winkel\/set-van-4-magnolia-magnolia-betty-hoogte-35cm-9cm-pot\/#primaryimage"},"thumbnailUrl":"https:\/\/www.schramas.com\/wp-content\/uploads\/2025\/05\/Magnolia-Betty-sfeer.webp","datePublished":"2011-05-23T13:54:20+00:00","dateModified":"2026-03-26T15:37:34+00:00","breadcrumb":{"@id":"https:\/\/www.schramas.com\/winkel\/set-van-4-magnolia-magnolia-betty-hoogte-35cm-9cm-pot\/#breadcrumb"},"inLanguage":"sv-SE","potentialAction":[{"@type":"ReadAction","target":["https:\/\/www.schramas.com\/winkel\/set-van-4-magnolia-magnolia-betty-hoogte-35cm-9cm-pot\/"]}]},{"@type":"ImageObject","inLanguage":"sv-SE","@id":"https:\/\/www.schramas.com\/winkel\/set-van-4-magnolia-magnolia-betty-hoogte-35cm-9cm-pot\/#primaryimage","url":"https:\/\/www.schramas.com\/wp-content\/uploads\/2025\/05\/Magnolia-Betty-sfeer.webp","contentUrl":"https:\/\/www.schramas.com\/wp-content\/uploads\/2025\/05\/Magnolia-Betty-sfeer.webp","width":800,"height":800},{"@type":"BreadcrumbList","@id":"https:\/\/www.schramas.com\/winkel\/set-van-4-magnolia-magnolia-betty-hoogte-35cm-9cm-pot\/#breadcrumb","itemListElement":[{"@type":"ListItem","position":1,"name":"Product","item":"https:\/\/www.schramas.com\/assortiment\/"},{"@type":"ListItem","position":2,"name":"Pakketdeals","item":"https:\/\/www.schramas.com\/product-category\/pakket-deals\/"},{"@type":"ListItem","position":3,"name":"Set Van 4 Magnolia &#8211; Magnolia &#8216;Betty&#8217; \u2013 Hoogte 35cm \u2013 9cm pot"}]},{"@type":"WebSite","@id":"https:\/\/www.schramas.com\/#website","url":"https:\/\/www.schramas.com\/","name":"Schramas.com | Tr\u00e4dg\u00e5rdsv\u00e4xter som enkelt kan best\u00e4llas online | Direkt fr\u00e5n v\u00e5r plantskola","description":"","alternateName":"Schramas.com - Alle planten direct van de kweker","potentialAction":[{"@type":"SearchAction","target":{"@type":"EntryPoint","urlTemplate":"https:\/\/www.schramas.com\/?s={search_term_string}"},"query-input":{"@type":"PropertyValueSpecification","valueRequired":true,"valueName":"search_term_string"}}],"inLanguage":"sv-SE"}]}},"_links":{"self":[{"href":"https:\/\/www.schramas.com\/se\/wp-json\/wp\/v2\/product\/52534","targetHints":{"allow":["GET"]}}],"collection":[{"href":"https:\/\/www.schramas.com\/se\/wp-json\/wp\/v2\/product"}],"about":[{"href":"https:\/\/www.schramas.com\/se\/wp-json\/wp\/v2\/types\/product"}],"version-history":[{"count":1,"href":"https:\/\/www.schramas.com\/se\/wp-json\/wp\/v2\/product\/52534\/revisions"}],"predecessor-version":[{"id":52540,"href":"https:\/\/www.schramas.com\/se\/wp-json\/wp\/v2\/product\/52534\/revisions\/52540"}],"wp:featuredmedia":[{"embeddable":true,"href":"https:\/\/www.schramas.com\/se\/wp-json\/wp\/v2\/media\/52535"}],"wp:attachment":[{"href":"https:\/\/www.schramas.com\/se\/wp-json\/wp\/v2\/media?parent=52534"}],"wp:term":[{"taxonomy":"product_brand","embeddable":true,"href":"https:\/\/www.schramas.com\/se\/wp-json\/wp\/v2\/product_brand?post=52534"},{"taxonomy":"product_cat","embeddable":true,"href":"https:\/\/www.schramas.com\/se\/wp-json\/wp\/v2\/product_cat?post=52534"},{"taxonomy":"product_tag","embeddable":true,"href":"https:\/\/www.schramas.com\/se\/wp-json\/wp\/v2\/product_tag?post=52534"}],"curies":[{"name":"wp","href":"https:\/\/api.w.org\/{rel}","templated":true}]}}