{"id":5262,"date":"2018-12-13T14:09:09","date_gmt":"2018-12-13T13:09:09","guid":{"rendered":"https:\/\/schramas.nl\/?post_type=product&#038;p=5262"},"modified":"2026-04-24T18:02:21","modified_gmt":"2026-04-24T16:02:21","slug":"spara-lackra","status":"publish","type":"product","link":"https:\/\/www.schramas.com\/se\/butik\/spara-lackra\/","title":{"rendered":"Malus domestica 'Red Spur Delicious' Dv\u00e4rg\u00e4ppeltr\u00e4d, 3 liter kruka"},"content":{"rendered":"<p>Red Spur Delicious \u00e4r ett l\u00e4ckert s\u00f6tt r\u00f6tt medelstort \u00e4pple, som det v\u00e4lk\u00e4nda Red delicious. \u00c4ppeltr\u00e4det f\u00f6rblir litet och kallas d\u00e4rf\u00f6r \u00e4ven f\u00f6r ett dv\u00e4rg\u00e4pple. En idealisk produkt inte bara f\u00f6r plantering i tr\u00e4dg\u00e5rden, utan ocks\u00e5 f\u00f6r plantering i en kruka p\u00e5 balkongen eller terrassen p\u00e5 grund av dess storlek.<\/p>","protected":false},"excerpt":{"rendered":"<p>Malus domestica &#039;Red Spur Delicious&#039;<\/p>\n<p>Smak: frisk-s\u00f6t.<\/p>\n<p>Fruktf\u00e4rg: R\u00f6tt \u00e4pple med vitt fruktk\u00f6tt.<\/p>\n<p>H\u00f6jd max: 2 meter<\/p>\n<p>l\u00e4mplig f\u00f6r b\u00e5de uteplats och \u00f6ppen mark<\/p>\n<p>Leveransh\u00f6jd inkl kruka: Ca 90 cm<\/p>\n<p>Krukstorlek: 3 liter.<\/p>","protected":false},"featured_media":21445,"template":"","meta":{"_joinchat":[]},"product_brand":[],"product_cat":[20,262,1716,233],"product_tag":[569,584,352,698,587,351,316],"class_list":{"0":"post-5262","1":"product","2":"type-product","3":"status-publish","4":"has-post-thumbnail","6":"product_cat-appels","7":"product_cat-bomen-struiken","8":"product_cat-dwerg-fruit","9":"product_cat-fruitbomen","10":"product_tag-appel","11":"product_tag-fris-zoet","12":"product_tag-geent","13":"product_tag-red-spud-deliscious","14":"product_tag-rood","15":"product_tag-winterhard","16":"product_tag-zelfbestuivend","17":"pa_bloeimaanden-maart","18":"pa_bloeimaanden-april","19":"pa_ewd_uwcf_colors-rood-2","20":"pa_groeihoogte-200-300-cm","21":"pa_groeihoogte-300-cm","22":"pa_pot-met-pot","24":"first","25":"outofstock","26":"taxable","27":"shipping-taxable","28":"purchasable","29":"product-type-simple"},"yoast_head":"<!-- This site is optimized with the Yoast SEO plugin v24.2 - https:\/\/yoast.com\/wordpress\/plugins\/seo\/ -->\n<title>Malus domestica &#039;Red Spur Delicious&#039; Dwergappelboom, 3 liter pot kopen | Planten eenvoudig online bestellen | Schramas.com<\/title>\n<meta name=\"robots\" content=\"index, follow, max-snippet:-1, max-image-preview:large, max-video-preview:-1\" \/>\n<link rel=\"canonical\" href=\"https:\/\/www.schramas.com\/se\/butik\/spara-lackra\/\" \/>\n<meta property=\"og:locale\" content=\"sv_SE\" \/>\n<meta property=\"og:type\" content=\"article\" \/>\n<meta property=\"og:title\" content=\"Malus domestica &#039;Red Spur Delicious&#039; Dwergappelboom, 3 liter pot kopen | Planten eenvoudig online bestellen | Schramas.com\" \/>\n<meta property=\"og:description\" content=\"Malus domestica \u2018Red Spur Delicious\u2019  Smaak: fris- zoet.  Kleur vrucht: Rode appel met wit vruchtvlees.  Hoogte max: 2 meter  geschikt voor zowel patio als volle grond  Leverhoogte incl. pot: Circa 90 cm  Pot maat: 3 liter.\" \/>\n<meta property=\"og:url\" content=\"https:\/\/www.schramas.com\/se\/butik\/spara-lackra\/\" \/>\n<meta property=\"og:site_name\" content=\"Planten eenvoudig online bestellen | Schramas.com\" \/>\n<meta property=\"article:publisher\" content=\"https:\/\/www.facebook.com\/Schramascom-106872874153195\/\" \/>\n<meta property=\"article:modified_time\" content=\"2026-04-24T16:02:21+00:00\" \/>\n<meta property=\"og:image\" content=\"http:\/\/www.schramas.com\/wp-content\/uploads\/2018\/12\/red-spur-del-sfeer-3-liter.jpg\" \/>\n\t<meta property=\"og:image:width\" content=\"1200\" \/>\n\t<meta property=\"og:image:height\" content=\"1200\" \/>\n\t<meta property=\"og:image:type\" content=\"image\/jpeg\" \/>\n<meta name=\"twitter:card\" content=\"summary_large_image\" \/>\n<meta name=\"twitter:label1\" content=\"Ber\u00e4knad l\u00e4stid\" \/>\n\t<meta name=\"twitter:data1\" content=\"1 minut\" \/>\n<script type=\"application\/ld+json\" class=\"yoast-schema-graph\">{\"@context\":\"https:\/\/schema.org\",\"@graph\":[{\"@type\":[\"WebPage\",\"ItemPage\"],\"@id\":\"https:\/\/www.schramas.com\/winkel\/red-delicious\/\",\"url\":\"https:\/\/www.schramas.com\/winkel\/red-delicious\/\",\"name\":\"Malus domestica 'Red Spur Delicious' Dwergappelboom, 3 liter pot kopen | Planten eenvoudig online bestellen | Schramas.com\",\"isPartOf\":{\"@id\":\"https:\/\/www.schramas.com\/#website\"},\"primaryImageOfPage\":{\"@id\":\"https:\/\/www.schramas.com\/winkel\/red-delicious\/#primaryimage\"},\"image\":{\"@id\":\"https:\/\/www.schramas.com\/winkel\/red-delicious\/#primaryimage\"},\"thumbnailUrl\":\"https:\/\/www.schramas.com\/wp-content\/uploads\/2018\/12\/red-spur-del-sfeer-3-liter.jpg\",\"datePublished\":\"2018-12-13T13:09:09+00:00\",\"dateModified\":\"2026-04-24T16:02:21+00:00\",\"breadcrumb\":{\"@id\":\"https:\/\/www.schramas.com\/winkel\/red-delicious\/#breadcrumb\"},\"inLanguage\":\"sv-SE\",\"potentialAction\":[{\"@type\":\"ReadAction\",\"target\":[\"https:\/\/www.schramas.com\/winkel\/red-delicious\/\"]}]},{\"@type\":\"ImageObject\",\"inLanguage\":\"sv-SE\",\"@id\":\"https:\/\/www.schramas.com\/winkel\/red-delicious\/#primaryimage\",\"url\":\"https:\/\/www.schramas.com\/wp-content\/uploads\/2018\/12\/red-spur-del-sfeer-3-liter.jpg\",\"contentUrl\":\"https:\/\/www.schramas.com\/wp-content\/uploads\/2018\/12\/red-spur-del-sfeer-3-liter.jpg\",\"width\":1200,\"height\":1200},{\"@type\":\"BreadcrumbList\",\"@id\":\"https:\/\/www.schramas.com\/winkel\/red-delicious\/#breadcrumb\",\"itemListElement\":[{\"@type\":\"ListItem\",\"position\":1,\"name\":\"Product\",\"item\":\"https:\/\/www.schramas.com\/assortiment\/\"},{\"@type\":\"ListItem\",\"position\":2,\"name\":\"Bomen &amp; Struiken\",\"item\":\"https:\/\/www.schramas.com\/product-category\/bomen-struiken\/\"},{\"@type\":\"ListItem\",\"position\":3,\"name\":\"Fruitbomen\",\"item\":\"https:\/\/www.schramas.com\/product-category\/bomen-struiken\/fruitbomen\/\"},{\"@type\":\"ListItem\",\"position\":4,\"name\":\"Appels\",\"item\":\"https:\/\/www.schramas.com\/product-category\/bomen-struiken\/fruitbomen\/appels\/\"},{\"@type\":\"ListItem\",\"position\":5,\"name\":\"Malus domestica &#8216;Red Spur Delicious&#8217; Dwergappelboom, 3 liter pot\"}]},{\"@type\":\"WebSite\",\"@id\":\"https:\/\/www.schramas.com\/#website\",\"url\":\"https:\/\/www.schramas.com\/\",\"name\":\"Schramas.com | Tuinplanten eenvoudig online bestellen | Direct van onze Kwekerij\",\"description\":\"\",\"alternateName\":\"Schramas.com - Alle planten direct van de kweker\",\"potentialAction\":[{\"@type\":\"SearchAction\",\"target\":{\"@type\":\"EntryPoint\",\"urlTemplate\":\"https:\/\/www.schramas.com\/?s={search_term_string}\"},\"query-input\":{\"@type\":\"PropertyValueSpecification\",\"valueRequired\":true,\"valueName\":\"search_term_string\"}}],\"inLanguage\":\"sv-SE\"}]}<\/script>\n<!-- \/ Yoast SEO plugin. -->","yoast_head_json":{"title":"K\u00f6p Malus domestica &#039;Red Spur Delicious&#039; Dv\u00e4rg\u00e4ppeltr\u00e4d, 3 liters kruka | Best\u00e4ll enkelt plantor online | Schramas.com","robots":{"index":"index","follow":"follow","max-snippet":"max-snippet:-1","max-image-preview":"max-image-preview:large","max-video-preview":"max-video-preview:-1"},"canonical":"https:\/\/www.schramas.com\/se\/butik\/spara-lackra\/","og_locale":"sv_SE","og_type":"article","og_title":"Malus domestica 'Red Spur Delicious' Dwergappelboom, 3 liter pot kopen | Planten eenvoudig online bestellen | Schramas.com","og_description":"Malus domestica \u2018Red Spur Delicious\u2019  Smaak: fris- zoet.  Kleur vrucht: Rode appel met wit vruchtvlees.  Hoogte max: 2 meter  geschikt voor zowel patio als volle grond  Leverhoogte incl. pot: Circa 90 cm  Pot maat: 3 liter.","og_url":"https:\/\/www.schramas.com\/se\/butik\/spara-lackra\/","og_site_name":"Planten eenvoudig online bestellen | Schramas.com","article_publisher":"https:\/\/www.facebook.com\/Schramascom-106872874153195\/","article_modified_time":"2026-04-24T16:02:21+00:00","og_image":[{"width":1200,"height":1200,"url":"http:\/\/www.schramas.com\/wp-content\/uploads\/2018\/12\/red-spur-del-sfeer-3-liter.jpg","type":"image\/jpeg"}],"twitter_card":"summary_large_image","twitter_misc":{"Ber\u00e4knad l\u00e4stid":"1 minut"},"schema":{"@context":"https:\/\/schema.org","@graph":[{"@type":["WebPage","ItemPage"],"@id":"https:\/\/www.schramas.com\/winkel\/red-delicious\/","url":"https:\/\/www.schramas.com\/winkel\/red-delicious\/","name":"K\u00f6p Malus domestica &#039;Red Spur Delicious&#039; Dv\u00e4rg\u00e4ppeltr\u00e4d, 3 liters kruka | Best\u00e4ll enkelt plantor online | Schramas.com","isPartOf":{"@id":"https:\/\/www.schramas.com\/#website"},"primaryImageOfPage":{"@id":"https:\/\/www.schramas.com\/winkel\/red-delicious\/#primaryimage"},"image":{"@id":"https:\/\/www.schramas.com\/winkel\/red-delicious\/#primaryimage"},"thumbnailUrl":"https:\/\/www.schramas.com\/wp-content\/uploads\/2018\/12\/red-spur-del-sfeer-3-liter.jpg","datePublished":"2018-12-13T13:09:09+00:00","dateModified":"2026-04-24T16:02:21+00:00","breadcrumb":{"@id":"https:\/\/www.schramas.com\/winkel\/red-delicious\/#breadcrumb"},"inLanguage":"sv-SE","potentialAction":[{"@type":"ReadAction","target":["https:\/\/www.schramas.com\/winkel\/red-delicious\/"]}]},{"@type":"ImageObject","inLanguage":"sv-SE","@id":"https:\/\/www.schramas.com\/winkel\/red-delicious\/#primaryimage","url":"https:\/\/www.schramas.com\/wp-content\/uploads\/2018\/12\/red-spur-del-sfeer-3-liter.jpg","contentUrl":"https:\/\/www.schramas.com\/wp-content\/uploads\/2018\/12\/red-spur-del-sfeer-3-liter.jpg","width":1200,"height":1200},{"@type":"BreadcrumbList","@id":"https:\/\/www.schramas.com\/winkel\/red-delicious\/#breadcrumb","itemListElement":[{"@type":"ListItem","position":1,"name":"Product","item":"https:\/\/www.schramas.com\/assortiment\/"},{"@type":"ListItem","position":2,"name":"Bomen &amp; Struiken","item":"https:\/\/www.schramas.com\/product-category\/bomen-struiken\/"},{"@type":"ListItem","position":3,"name":"Fruitbomen","item":"https:\/\/www.schramas.com\/product-category\/bomen-struiken\/fruitbomen\/"},{"@type":"ListItem","position":4,"name":"Appels","item":"https:\/\/www.schramas.com\/product-category\/bomen-struiken\/fruitbomen\/appels\/"},{"@type":"ListItem","position":5,"name":"Malus domestica &#8216;Red Spur Delicious&#8217; Dwergappelboom, 3 liter pot"}]},{"@type":"WebSite","@id":"https:\/\/www.schramas.com\/#website","url":"https:\/\/www.schramas.com\/","name":"Schramas.com | Tr\u00e4dg\u00e5rdsv\u00e4xter som enkelt kan best\u00e4llas online | Direkt fr\u00e5n v\u00e5r plantskola","description":"","alternateName":"Schramas.com - Alle planten direct van de kweker","potentialAction":[{"@type":"SearchAction","target":{"@type":"EntryPoint","urlTemplate":"https:\/\/www.schramas.com\/?s={search_term_string}"},"query-input":{"@type":"PropertyValueSpecification","valueRequired":true,"valueName":"search_term_string"}}],"inLanguage":"sv-SE"}]}},"_links":{"self":[{"href":"https:\/\/www.schramas.com\/se\/wp-json\/wp\/v2\/product\/5262","targetHints":{"allow":["GET"]}}],"collection":[{"href":"https:\/\/www.schramas.com\/se\/wp-json\/wp\/v2\/product"}],"about":[{"href":"https:\/\/www.schramas.com\/se\/wp-json\/wp\/v2\/types\/product"}],"version-history":[{"count":1,"href":"https:\/\/www.schramas.com\/se\/wp-json\/wp\/v2\/product\/5262\/revisions"}],"predecessor-version":[{"id":66616,"href":"https:\/\/www.schramas.com\/se\/wp-json\/wp\/v2\/product\/5262\/revisions\/66616"}],"wp:featuredmedia":[{"embeddable":true,"href":"https:\/\/www.schramas.com\/se\/wp-json\/wp\/v2\/media\/21445"}],"wp:attachment":[{"href":"https:\/\/www.schramas.com\/se\/wp-json\/wp\/v2\/media?parent=5262"}],"wp:term":[{"taxonomy":"product_brand","embeddable":true,"href":"https:\/\/www.schramas.com\/se\/wp-json\/wp\/v2\/product_brand?post=5262"},{"taxonomy":"product_cat","embeddable":true,"href":"https:\/\/www.schramas.com\/se\/wp-json\/wp\/v2\/product_cat?post=5262"},{"taxonomy":"product_tag","embeddable":true,"href":"https:\/\/www.schramas.com\/se\/wp-json\/wp\/v2\/product_tag?post=5262"}],"curies":[{"name":"wp","href":"https:\/\/api.w.org\/{rel}","templated":true}]}}