{"id":53646,"date":"2025-06-17T14:43:42","date_gmt":"2025-06-17T12:43:42","guid":{"rendered":"https:\/\/www.schramas.com\/?post_type=product&#038;p=53646"},"modified":"2026-04-17T13:15:14","modified_gmt":"2026-04-17T11:15:14","slug":"malus-domestica-redwood-appeltrad-hojd-100cm-5-liter-kruka","status":"publish","type":"product","link":"https:\/\/www.schramas.com\/se\/butik\/malus-domestica-redwood-appeltrad-hojd-100cm-5-liter-kruka\/","title":{"rendered":"Malus domestica 'Red Boskoop', \u00c4ppeltr\u00e4d , H\u00f6jd 100cm, 5 liter kruka"},"content":{"rendered":"<p data-start=\"77\" data-end=\"505\">Den <strong data-start=\"80\" data-end=\"114\">Malus domestica \u2018Red Boskoop\u2019<\/strong>, \u00e4ven k\u00e4nd som <strong data-start=\"131\" data-end=\"145\">Goudreinet<\/strong> eller <strong data-start=\"149\" data-end=\"165\">Goudreinette<\/strong>, \u00e4r \u00e4pplet f\u00f6r dig som gillar fasta, friskt syrliga \u00e4pplen med fyllig smak. Denna r\u00f6da mutant av det klassiska \u00e4pplet \u2018Schone van Boskoop\u2019 har blivit s\u00e5 popul\u00e4rt tack vare att det l\u00e4mpar sig utm\u00e4rkt f\u00f6r \u00e4ppelpaj, pur\u00e9, kompott och andra varma r\u00e4tter. Red Boskoop \u00e4lskas av b\u00e5de hemmakockar och professionella bagare.<\/p>\n<h3 data-start=\"507\" data-end=\"538\">Fruktens egenskaper<\/h3>\n<p data-start=\"539\" data-end=\"883\">Red Boskoop-\u00e4pplen \u00e4r stora, oregelbundet formade och har ett grovt, robust skal i r\u00f6tt med gula undertoner. Fruktk\u00f6ttet \u00e4r fast, l\u00e4tt gr\u00e4ddvitt och saftigt med en behaglig syra. Denna smak beh\u00e5lls under tillagning och bakning, s\u00e5 \u00e4pplet faller inte s\u00f6nder som mjukare \u00e4ppelsorter.<\/p>\n<p data-start=\"885\" data-end=\"1037\">Sk\u00f6rdetiden \u00e4r mellan slutet av september och mitten av oktober. \u00c4pplena kan f\u00f6rvaras p\u00e5 en sval och torr plats i flera veckor till m\u00e5nader om de behandlas p\u00e5 r\u00e4tt s\u00e4tt.<\/p>\n<h3 data-start=\"1039\" data-end=\"1062\">Blomning och pollinering<\/h3>\n<p data-start=\"1063\" data-end=\"1416\">P\u00e5 v\u00e5ren blommar tr\u00e4det rikligt med vitrosa blommor som kommer fr\u00e5n m\u00f6rkrosa knoppar. Denna blomning sker mellan slutet av april och b\u00f6rjan av maj. \u2018Red Boskoop\u2019 \u00e4r <strong data-start=\"1236\" data-end=\"1259\">inte sj\u00e4lvpollinerande<\/strong> och kr\u00e4ver en l\u00e4mplig pollinat\u00f6r i n\u00e4rheten. Rekommenderade pollinat\u00f6rer inkluderar <strong data-start=\"1348\" data-end=\"1364\">James Grieve<\/strong>, <strong data-start=\"1366\" data-end=\"1376\">Benoni<\/strong>, <strong data-start=\"1378\" data-end=\"1388\">Elstar<\/strong> och <strong data-start=\"1392\" data-end=\"1415\">Cox's Orange Pippin<\/strong>.<\/p>\n<h3 data-start=\"1418\" data-end=\"1446\">V\u00e4xts\u00e4tt och sk\u00f6tsel<\/h3>\n<p data-start=\"1447\" data-end=\"1855\">Detta \u00e4ppeltr\u00e4d v\u00e4xer relativt brett och har en robust, n\u00e5got taggig kronstruktur. Det g\u00f6r det s\u00e4rskilt l\u00e4mpligt f\u00f6r st\u00f6rre tr\u00e4dg\u00e5rdar eller frukttr\u00e4dg\u00e5rdar. Sluth\u00f6jden \u00e4r mellan 5 och 7 meter. Tr\u00e4det \u00e4r h\u00e4rdigt och motst\u00e5ndskraftigt mot sjukdomar. Regelbunden besk\u00e4rning fr\u00e4mjar tr\u00e4dets h\u00e4lsa och \u00f6kar dess avkastning. Besk\u00e4r helst p\u00e5 senvintern eller omedelbart efter sk\u00f6rden.<\/p>\n<h3 data-start=\"1857\" data-end=\"1884\">Ursprung och bakgrund<\/h3>\n<p data-start=\"1885\" data-end=\"2237\">Den r\u00f6da Boskoop uppt\u00e4cktes 1923 som en f\u00e4rgmutant av den ursprungliga \u2018Schone van Boskoop\u2019 av den tyske uppf\u00f6daren Otto Schmitz H\u00fcbsch i n\u00e4rheten av Rees, n\u00e4ra den nederl\u00e4ndska gr\u00e4nsen. Det introducerades senare i Nederl\u00e4nderna av F.H. Bieling. Sedan dess har detta \u00e4pple, med sitt sl\u00e5ende r\u00f6da skal, blivit det mest k\u00e4nda \u2018Goudreinet\u2019 i Nederl\u00e4nderna.<\/p>\n<h3 data-start=\"2239\" data-end=\"2253\">Ans\u00f6kan<\/h3>\n<p data-start=\"2254\" data-end=\"2299\">Detta \u00e4pple anv\u00e4nds huvudsakligen f\u00f6r:<\/p>\n<ul data-start=\"2300\" data-end=\"2367\">\n<li data-start=\"2300\" data-end=\"2314\">\n<p data-start=\"2302\" data-end=\"2314\">\u00c4ppelpajer<\/p>\n<\/li>\n<li data-start=\"2315\" data-end=\"2326\">\n<p data-start=\"2317\" data-end=\"2326\">\u00c4ppelmos<\/p>\n<\/li>\n<li data-start=\"2327\" data-end=\"2336\">\n<p data-start=\"2329\" data-end=\"2336\">Kompott<\/p>\n<\/li>\n<li data-start=\"2337\" data-end=\"2353\">\n<p data-start=\"2339\" data-end=\"2353\">Grytor<\/p>\n<\/li>\n<li data-start=\"2354\" data-end=\"2367\">\n<p data-start=\"2356\" data-end=\"2367\">Fruktjuice<\/p>\n<\/li>\n<\/ul>\n<p data-start=\"2369\" data-end=\"2513\">P\u00e5 grund av sitt fasta fruktk\u00f6tt \u00e4r det mindre l\u00e4mpligt som hand\u00e4pple, men de som gillar ett fast, friskt bett kommer s\u00e4kert att uppskatta dess smak.<\/p>\n<p data-start=\"2520\" data-end=\"2546\"><strong data-start=\"2520\" data-end=\"2544\">Produktspecifikationer<\/strong><\/p>\n<ul data-start=\"2547\" data-end=\"3194\">\n<li data-start=\"2547\" data-end=\"2602\">\n<p data-start=\"2549\" data-end=\"2602\"><strong data-start=\"2549\" data-end=\"2566\">Latinskt namn<\/strong>: <em data-start=\"2568\" data-end=\"2585\">Malus domestica<\/em> \u2018Red Boskoop\u2019<\/p>\n<\/li>\n<li data-start=\"2603\" data-end=\"2659\">\n<p data-start=\"2605\" data-end=\"2659\"><strong data-start=\"2605\" data-end=\"2625\">Holl\u00e4ndskt namn<\/strong>: R\u00f6d guldreinet \/ guldreinette<\/p>\n<\/li>\n<li data-start=\"2660\" data-end=\"2699\">\n<p data-start=\"2662\" data-end=\"2699\"><strong data-start=\"2662\" data-end=\"2685\">H\u00f6jd vid leverans<\/strong>: ca 100 cm<\/p>\n<\/li>\n<li data-start=\"2700\" data-end=\"2724\">\n<p data-start=\"2702\" data-end=\"2724\"><strong data-start=\"2702\" data-end=\"2713\">Krukstorlek<\/strong>: 5 liter<\/p>\n<\/li>\n<li data-start=\"2725\" data-end=\"2769\">\n<p data-start=\"2727\" data-end=\"2769\"><strong data-start=\"2727\" data-end=\"2742\">Fruktens f\u00e4rg<\/strong>: R\u00f6d med gula undertoner<\/p>\n<\/li>\n<li data-start=\"2770\" data-end=\"2813\">\n<p data-start=\"2772\" data-end=\"2813\"><strong data-start=\"2772\" data-end=\"2781\">Smak<\/strong>: F\u00e4rskt surt, fast k\u00f6tt<\/p>\n<\/li>\n<li data-start=\"2814\" data-end=\"2862\">\n<p data-start=\"2816\" data-end=\"2862\"><strong data-start=\"2816\" data-end=\"2829\">Sk\u00f6rdetid<\/strong>: slutet av september - mitten av oktober<\/p>\n<\/li>\n<li data-start=\"2863\" data-end=\"2904\">\n<p data-start=\"2865\" data-end=\"2904\"><strong data-start=\"2865\" data-end=\"2878\">Blomningstid<\/strong>: slutet av april - b\u00f6rjan av maj<\/p>\n<\/li>\n<li data-start=\"2905\" data-end=\"2932\">\n<p data-start=\"2907\" data-end=\"2932\"><strong data-start=\"2907\" data-end=\"2925\">Sj\u00e4lvpollinerande<\/strong>: Nej<\/p>\n<\/li>\n<li data-start=\"2933\" data-end=\"2986\">\n<p data-start=\"2935\" data-end=\"2986\"><strong data-start=\"2935\" data-end=\"2949\">Pollinat\u00f6rer<\/strong>: James Grieve, Cox, Benoni, Elstar<\/p>\n<\/li>\n<li data-start=\"2987\" data-end=\"3032\">\n<p data-start=\"2989\" data-end=\"3032\"><strong data-start=\"2989\" data-end=\"3000\">Anv\u00e4ndning<\/strong>: \u00c4ppelpaj, pur\u00e9, bakverk, juice<\/p>\n<\/li>\n<li data-start=\"3033\" data-end=\"3072\">\n<p data-start=\"3035\" data-end=\"3072\"><strong data-start=\"3035\" data-end=\"3050\">Plats<\/strong>: Sol eller halvskugga<\/p>\n<\/li>\n<li data-start=\"3073\" data-end=\"3118\">\n<p data-start=\"3075\" data-end=\"3118\"><strong data-start=\"3075\" data-end=\"3089\">Jordtyp<\/strong>: N\u00e4ringsrik, v\u00e4ldr\u00e4nerad<\/p>\n<\/li>\n<li data-start=\"3119\" data-end=\"3153\">\n<p data-start=\"3121\" data-end=\"3153\"><strong data-start=\"3121\" data-end=\"3135\">Hardy<\/strong>: Ja (upp till -25\u00b0C)<\/p>\n<\/li>\n<li data-start=\"3154\" data-end=\"3194\">\n<p data-start=\"3156\" data-end=\"3194\"><strong data-start=\"3156\" data-end=\"3169\">Tillv\u00e4xtform<\/strong>: Bred, halv\u00f6ppen krona<\/p>\n<\/li>\n<\/ul>","protected":false},"excerpt":{"rendered":"<p>Malus domestica \u2018Red Boskoop\u2019<\/p>\n<p>R\u00f6d Goudreinet<\/p>\n<p>Smak: Frisk syra, fast fruktk\u00f6tt<\/p>\n<p>Max h\u00f6jd: 3,5 meter<\/p>\n<p>Leveransh\u00f6jd inkl. kruka: 100 cm<\/p>\n<p>Krukstorlek: 5 liter.<\/p>","protected":false},"featured_media":53647,"template":"","meta":{"_joinchat":[]},"product_brand":[],"product_cat":[20,262,233],"product_tag":[3120,2216,3110,3117,3106,3116,1819,3119,2912,3114,3115,2221,2215,3105,3121,3113,3118,2360],"class_list":{"0":"post-53646","1":"product","2":"type-product","3":"status-publish","4":"has-post-thumbnail","6":"product_cat-appels","7":"product_cat-bomen-struiken","8":"product_cat-fruitbomen","9":"product_tag-appelbomen-voor-grote-tuin","10":"product_tag-appelboom","11":"product_tag-appelboom-kopen","12":"product_tag-appelboom-niet-zelfbestuivend","13":"product_tag-appelmoes","14":"product_tag-appeltaartappel","15":"product_tag-boomgaard","16":"product_tag-frisse-appel","17":"product_tag-fruittuin","18":"product_tag-goudreinet","19":"product_tag-goudreinette","20":"product_tag-herfstappel","21":"product_tag-malus-domestica","22":"product_tag-moesappel","23":"product_tag-oude-appelrassen","24":"product_tag-rode-boskoop","25":"product_tag-schone-van-boskoop","26":"product_tag-vruchtboom","27":"pa_ewd_uwcf_colors-groen-2","28":"pa_groeihoogte-300-cm","29":"pa_pot-5-liter-pot","31":"first","32":"instock","33":"taxable","34":"shipping-taxable","35":"purchasable","36":"product-type-simple"},"yoast_head":"<!-- This site is optimized with the Yoast SEO plugin v24.2 - https:\/\/yoast.com\/wordpress\/plugins\/seo\/ -->\n<title>Malus domestica &#039;Rode Boskoop&#039;, Appelboom , Hoogte 100cm, 5 liter pot kopen | Planten eenvoudig online bestellen | Schramas.com<\/title>\n<meta name=\"robots\" content=\"index, follow, max-snippet:-1, max-image-preview:large, max-video-preview:-1\" \/>\n<link rel=\"canonical\" href=\"https:\/\/www.schramas.com\/se\/butik\/malus-domestica-redwood-appeltrad-hojd-100cm-5-liter-kruka\/\" \/>\n<meta property=\"og:locale\" content=\"sv_SE\" \/>\n<meta property=\"og:type\" content=\"article\" \/>\n<meta property=\"og:title\" content=\"Malus domestica &#039;Rode Boskoop&#039;, Appelboom , Hoogte 100cm, 5 liter pot kopen | Planten eenvoudig online bestellen | Schramas.com\" \/>\n<meta property=\"og:description\" content=\"Malus domestica &#039;Rode Boskoop&#039;  Rode Goudreinet \/ Goudreinette  Smaak: Friszuur, stevig vruchtvlees  Hoogte max: 3,5 meter  Leverhoogte incl. pot: 100 cm  Pot maat: 5 liter.\" \/>\n<meta property=\"og:url\" content=\"https:\/\/www.schramas.com\/se\/butik\/malus-domestica-redwood-appeltrad-hojd-100cm-5-liter-kruka\/\" \/>\n<meta property=\"og:site_name\" content=\"Planten eenvoudig online bestellen | Schramas.com\" \/>\n<meta property=\"article:publisher\" content=\"https:\/\/www.facebook.com\/Schramascom-106872874153195\/\" \/>\n<meta property=\"article:modified_time\" content=\"2026-04-17T11:15:14+00:00\" \/>\n<meta property=\"og:image\" content=\"http:\/\/www.schramas.com\/wp-content\/uploads\/2025\/06\/Rode-boskoop-sfeer.webp\" \/>\n\t<meta property=\"og:image:width\" content=\"800\" \/>\n\t<meta property=\"og:image:height\" content=\"800\" \/>\n\t<meta property=\"og:image:type\" content=\"image\/webp\" \/>\n<meta name=\"twitter:card\" content=\"summary_large_image\" \/>\n<meta name=\"twitter:label1\" content=\"Ber\u00e4knad l\u00e4stid\" \/>\n\t<meta name=\"twitter:data1\" content=\"1 minut\" \/>\n<script type=\"application\/ld+json\" class=\"yoast-schema-graph\">{\"@context\":\"https:\/\/schema.org\",\"@graph\":[{\"@type\":[\"WebPage\",\"ItemPage\"],\"@id\":\"https:\/\/www.schramas.com\/winkel\/malus-domestica-rode-boskoop-appelboom-hoogte-100cm-5-liter-pot\/\",\"url\":\"https:\/\/www.schramas.com\/winkel\/malus-domestica-rode-boskoop-appelboom-hoogte-100cm-5-liter-pot\/\",\"name\":\"Malus domestica 'Rode Boskoop', Appelboom , Hoogte 100cm, 5 liter pot kopen | Planten eenvoudig online bestellen | Schramas.com\",\"isPartOf\":{\"@id\":\"https:\/\/www.schramas.com\/#website\"},\"primaryImageOfPage\":{\"@id\":\"https:\/\/www.schramas.com\/winkel\/malus-domestica-rode-boskoop-appelboom-hoogte-100cm-5-liter-pot\/#primaryimage\"},\"image\":{\"@id\":\"https:\/\/www.schramas.com\/winkel\/malus-domestica-rode-boskoop-appelboom-hoogte-100cm-5-liter-pot\/#primaryimage\"},\"thumbnailUrl\":\"https:\/\/www.schramas.com\/wp-content\/uploads\/2025\/06\/Rode-boskoop-sfeer.webp\",\"datePublished\":\"2025-06-17T12:43:42+00:00\",\"dateModified\":\"2026-04-17T11:15:14+00:00\",\"breadcrumb\":{\"@id\":\"https:\/\/www.schramas.com\/winkel\/malus-domestica-rode-boskoop-appelboom-hoogte-100cm-5-liter-pot\/#breadcrumb\"},\"inLanguage\":\"sv-SE\",\"potentialAction\":[{\"@type\":\"ReadAction\",\"target\":[\"https:\/\/www.schramas.com\/winkel\/malus-domestica-rode-boskoop-appelboom-hoogte-100cm-5-liter-pot\/\"]}]},{\"@type\":\"ImageObject\",\"inLanguage\":\"sv-SE\",\"@id\":\"https:\/\/www.schramas.com\/winkel\/malus-domestica-rode-boskoop-appelboom-hoogte-100cm-5-liter-pot\/#primaryimage\",\"url\":\"https:\/\/www.schramas.com\/wp-content\/uploads\/2025\/06\/Rode-boskoop-sfeer.webp\",\"contentUrl\":\"https:\/\/www.schramas.com\/wp-content\/uploads\/2025\/06\/Rode-boskoop-sfeer.webp\",\"width\":800,\"height\":800},{\"@type\":\"BreadcrumbList\",\"@id\":\"https:\/\/www.schramas.com\/winkel\/malus-domestica-rode-boskoop-appelboom-hoogte-100cm-5-liter-pot\/#breadcrumb\",\"itemListElement\":[{\"@type\":\"ListItem\",\"position\":1,\"name\":\"Product\",\"item\":\"https:\/\/www.schramas.com\/assortiment\/\"},{\"@type\":\"ListItem\",\"position\":2,\"name\":\"Bomen &amp; Struiken\",\"item\":\"https:\/\/www.schramas.com\/product-category\/bomen-struiken\/\"},{\"@type\":\"ListItem\",\"position\":3,\"name\":\"Malus domestica &#8216;Rode Boskoop&#8217;, Appelboom , Hoogte 100cm, 5 liter pot\"}]},{\"@type\":\"WebSite\",\"@id\":\"https:\/\/www.schramas.com\/#website\",\"url\":\"https:\/\/www.schramas.com\/\",\"name\":\"Schramas.com | Tuinplanten eenvoudig online bestellen | Direct van onze Kwekerij\",\"description\":\"\",\"alternateName\":\"Schramas.com - Alle planten direct van de kweker\",\"potentialAction\":[{\"@type\":\"SearchAction\",\"target\":{\"@type\":\"EntryPoint\",\"urlTemplate\":\"https:\/\/www.schramas.com\/?s={search_term_string}\"},\"query-input\":{\"@type\":\"PropertyValueSpecification\",\"valueRequired\":true,\"valueName\":\"search_term_string\"}}],\"inLanguage\":\"sv-SE\"}]}<\/script>\n<!-- \/ Yoast SEO plugin. -->","yoast_head_json":{"title":"Malus domestica 'Rode Boskoop', \u00c4ppeltr\u00e4d , H\u00f6jd 100cm, k\u00f6p 5 liters kruka | K\u00f6p v\u00e4xter enkelt online | Schramas.com","robots":{"index":"index","follow":"follow","max-snippet":"max-snippet:-1","max-image-preview":"max-image-preview:large","max-video-preview":"max-video-preview:-1"},"canonical":"https:\/\/www.schramas.com\/se\/butik\/malus-domestica-redwood-appeltrad-hojd-100cm-5-liter-kruka\/","og_locale":"sv_SE","og_type":"article","og_title":"Malus domestica 'Rode Boskoop', Appelboom , Hoogte 100cm, 5 liter pot kopen | Planten eenvoudig online bestellen | Schramas.com","og_description":"Malus domestica 'Rode Boskoop'  Rode Goudreinet \/ Goudreinette  Smaak: Friszuur, stevig vruchtvlees  Hoogte max: 3,5 meter  Leverhoogte incl. pot: 100 cm  Pot maat: 5 liter.","og_url":"https:\/\/www.schramas.com\/se\/butik\/malus-domestica-redwood-appeltrad-hojd-100cm-5-liter-kruka\/","og_site_name":"Planten eenvoudig online bestellen | Schramas.com","article_publisher":"https:\/\/www.facebook.com\/Schramascom-106872874153195\/","article_modified_time":"2026-04-17T11:15:14+00:00","og_image":[{"width":800,"height":800,"url":"http:\/\/www.schramas.com\/wp-content\/uploads\/2025\/06\/Rode-boskoop-sfeer.webp","type":"image\/webp"}],"twitter_card":"summary_large_image","twitter_misc":{"Ber\u00e4knad l\u00e4stid":"1 minut"},"schema":{"@context":"https:\/\/schema.org","@graph":[{"@type":["WebPage","ItemPage"],"@id":"https:\/\/www.schramas.com\/winkel\/malus-domestica-rode-boskoop-appelboom-hoogte-100cm-5-liter-pot\/","url":"https:\/\/www.schramas.com\/winkel\/malus-domestica-rode-boskoop-appelboom-hoogte-100cm-5-liter-pot\/","name":"Malus domestica 'Rode Boskoop', \u00c4ppeltr\u00e4d , H\u00f6jd 100cm, k\u00f6p 5 liters kruka | K\u00f6p v\u00e4xter enkelt online | Schramas.com","isPartOf":{"@id":"https:\/\/www.schramas.com\/#website"},"primaryImageOfPage":{"@id":"https:\/\/www.schramas.com\/winkel\/malus-domestica-rode-boskoop-appelboom-hoogte-100cm-5-liter-pot\/#primaryimage"},"image":{"@id":"https:\/\/www.schramas.com\/winkel\/malus-domestica-rode-boskoop-appelboom-hoogte-100cm-5-liter-pot\/#primaryimage"},"thumbnailUrl":"https:\/\/www.schramas.com\/wp-content\/uploads\/2025\/06\/Rode-boskoop-sfeer.webp","datePublished":"2025-06-17T12:43:42+00:00","dateModified":"2026-04-17T11:15:14+00:00","breadcrumb":{"@id":"https:\/\/www.schramas.com\/winkel\/malus-domestica-rode-boskoop-appelboom-hoogte-100cm-5-liter-pot\/#breadcrumb"},"inLanguage":"sv-SE","potentialAction":[{"@type":"ReadAction","target":["https:\/\/www.schramas.com\/winkel\/malus-domestica-rode-boskoop-appelboom-hoogte-100cm-5-liter-pot\/"]}]},{"@type":"ImageObject","inLanguage":"sv-SE","@id":"https:\/\/www.schramas.com\/winkel\/malus-domestica-rode-boskoop-appelboom-hoogte-100cm-5-liter-pot\/#primaryimage","url":"https:\/\/www.schramas.com\/wp-content\/uploads\/2025\/06\/Rode-boskoop-sfeer.webp","contentUrl":"https:\/\/www.schramas.com\/wp-content\/uploads\/2025\/06\/Rode-boskoop-sfeer.webp","width":800,"height":800},{"@type":"BreadcrumbList","@id":"https:\/\/www.schramas.com\/winkel\/malus-domestica-rode-boskoop-appelboom-hoogte-100cm-5-liter-pot\/#breadcrumb","itemListElement":[{"@type":"ListItem","position":1,"name":"Product","item":"https:\/\/www.schramas.com\/assortiment\/"},{"@type":"ListItem","position":2,"name":"Bomen &amp; Struiken","item":"https:\/\/www.schramas.com\/product-category\/bomen-struiken\/"},{"@type":"ListItem","position":3,"name":"Malus domestica &#8216;Rode Boskoop&#8217;, Appelboom , Hoogte 100cm, 5 liter pot"}]},{"@type":"WebSite","@id":"https:\/\/www.schramas.com\/#website","url":"https:\/\/www.schramas.com\/","name":"Schramas.com | Tr\u00e4dg\u00e5rdsv\u00e4xter som enkelt kan best\u00e4llas online | Direkt fr\u00e5n v\u00e5r plantskola","description":"","alternateName":"Schramas.com - Alle planten direct van de kweker","potentialAction":[{"@type":"SearchAction","target":{"@type":"EntryPoint","urlTemplate":"https:\/\/www.schramas.com\/?s={search_term_string}"},"query-input":{"@type":"PropertyValueSpecification","valueRequired":true,"valueName":"search_term_string"}}],"inLanguage":"sv-SE"}]}},"_links":{"self":[{"href":"https:\/\/www.schramas.com\/se\/wp-json\/wp\/v2\/product\/53646","targetHints":{"allow":["GET"]}}],"collection":[{"href":"https:\/\/www.schramas.com\/se\/wp-json\/wp\/v2\/product"}],"about":[{"href":"https:\/\/www.schramas.com\/se\/wp-json\/wp\/v2\/types\/product"}],"version-history":[{"count":1,"href":"https:\/\/www.schramas.com\/se\/wp-json\/wp\/v2\/product\/53646\/revisions"}],"predecessor-version":[{"id":53650,"href":"https:\/\/www.schramas.com\/se\/wp-json\/wp\/v2\/product\/53646\/revisions\/53650"}],"wp:featuredmedia":[{"embeddable":true,"href":"https:\/\/www.schramas.com\/se\/wp-json\/wp\/v2\/media\/53647"}],"wp:attachment":[{"href":"https:\/\/www.schramas.com\/se\/wp-json\/wp\/v2\/media?parent=53646"}],"wp:term":[{"taxonomy":"product_brand","embeddable":true,"href":"https:\/\/www.schramas.com\/se\/wp-json\/wp\/v2\/product_brand?post=53646"},{"taxonomy":"product_cat","embeddable":true,"href":"https:\/\/www.schramas.com\/se\/wp-json\/wp\/v2\/product_cat?post=53646"},{"taxonomy":"product_tag","embeddable":true,"href":"https:\/\/www.schramas.com\/se\/wp-json\/wp\/v2\/product_tag?post=53646"}],"curies":[{"name":"wp","href":"https:\/\/api.w.org\/{rel}","templated":true}]}}