{"id":58532,"date":"2025-08-26T08:14:24","date_gmt":"2025-08-26T06:14:24","guid":{"rendered":"https:\/\/www.schramas.com\/?post_type=product&#038;p=58532"},"modified":"2026-04-30T14:45:07","modified_gmt":"2026-04-30T12:45:07","slug":"set-van-3-swingle-citroen-citrus-citrumelo-winterhard-h40cm-9cm-pot","status":"publish","type":"product","link":"https:\/\/www.schramas.com\/se\/butik\/set-van-3-swingle-citroen-citrus-citrumelo-winterhard-h40cm-9cm-pot\/","title":{"rendered":"Set om 3 Swingle Lemon - Citrus citrumelo - H\u00e5rdvuxen - H40cm - 9cm kruka"},"content":{"rendered":"<p data-start=\"113\" data-end=\"150\"><span class=\"relative -mx-px my-[-0.2rem] rounded px-px py-[0.2rem] transition-colors duration-100 ease-in-out\">Breng een uniek citrusaccent in je tuin met deze set van drie <strong data-start=\"62\" data-end=\"83\">Swingle Citrumelo<\/strong>-planten: robuuste, lichte citrusvari\u00ebteiten die niet alleen winterhard zijn tot wel \u201315\u202f\u00b0C, maar ook rijke fruitproductie combineren met een mediterrane uitstraling.<\/p>\n<p><\/span><\/p>\n<p data-start=\"152\" data-end=\"472\"><strong data-start=\"152\" data-end=\"196\">Waarom kiezen voor de Swingle Citrumelo?<br \/>\n<\/strong><br data-start=\"196\" data-end=\"199\" \/><span class=\"relative -mx-px my-[-0.2rem] rounded px-px py-[0.2rem] transition-colors duration-100 ease-in-out\">- <strong data-start=\"2\" data-end=\"35\">Uitzonderlijke winterhardheid<\/strong> \u2013 bestand tegen temperaturen tot \u201315\u202f\u00b0C, veel hoger dan de meeste citrussoorten<\/span>\u00a0<br data-start=\"274\" data-end=\"277\" \/><span class=\"relative -mx-px my-[-0.2rem] rounded px-px py-[0.2rem] transition-colors duration-100 ease-in-out\">- <strong data-start=\"2\" data-end=\"24\">Snelle groeikracht<\/strong> \u2013 robuust van starter tot volwassen grootte met krachtige vertakking en een licht doornenrijk uiterlijk<\/span><br data-start=\"314\" data-end=\"317\" \/><span class=\"relative -mx-px my-[-0.2rem] rounded px-px py-[0.2rem] transition-colors duration-100 ease-in-out\">- <strong data-start=\"2\" data-end=\"16\">Rijk fruit<\/strong> \u2013 medium grote, perenvormige, lichtgele tot gele vruchten met een verfrissend zuur-bitter sap, rijk aan pitten en een aromatische schil<\/span><br data-start=\"354\" data-end=\"357\" \/><span class=\"relative -mx-px my-[-0.2rem] rounded px-px py-[0.2rem] transition-colors duration-100 ease-in-out\">- <strong data-start=\"2\" data-end=\"20\">Sj\u00e4lvpollinerande<\/strong> \u2013 produceert ook zonder kruisbestuiving fruit<\/span><br data-start=\"394\" data-end=\"397\" \/><span class=\"relative -mx-px my-[-0.2rem] rounded px-px py-[0.2rem] transition-colors duration-100 ease-in-out\">- <strong data-start=\"2\" data-end=\"22\">Multifunctioneel<\/strong> \u2013 zowel in pot als in border geschikt; ook een gewaardeerd onderstamras in de citrusveredeling<\/span><\/p>\n<p data-start=\"474\" data-end=\"834\"><strong data-start=\"474\" data-end=\"494\">Groei en gebruik<\/strong><br data-start=\"494\" data-end=\"497\" \/>Swingle Citrumelo bloeit doorgaans in het voorjaar met delicate witte bloesems en zet vruchten af van november tot in de lente, afhankelijk van het klimaat. De smaak leunt naar een kruising tussen grapefruit en citroen, mild verfrissend en breed inzetbaar in de keuken. Perfect in salades, marinades of als eigenzinnige citrusdrank.<\/p>\n<p data-start=\"836\" data-end=\"1167\"><strong data-start=\"836\" data-end=\"864\">Pitch &amp; sk\u00f6tsel<\/strong><br data-start=\"864\" data-end=\"867\" \/>Plaats de planten in een zonnige, beschutte plek met goed doorlatende, licht zure grond. In potcultuur is afwatering cruciaal. Geef gedurende het groeiseizoen regelmatig water en bemest licht met een organische meststof. Bescherm in de winter met mulch of plaats de pot beschut bij langdurige vorst.<\/p>\n<p data-start=\"1169\" data-end=\"1497\"><strong data-start=\"1169\" data-end=\"1187\">Specifikationer:<\/strong><br data-start=\"1187\" data-end=\"1190\" \/>\u2022 Leverhoogte: ca. 40\u202fcm<br data-start=\"1214\" data-end=\"1217\" \/>- Krukans storlek: 9 cm<br data-start=\"1232\" data-end=\"1235\" \/>\u2022 Groei: snel en verticaal, bescheiden volwassen grootte<br data-start=\"1291\" data-end=\"1294\" \/>\u2022 Fruit: medium grote citrumelo\u2019s, perenvormig, lichtzuur tot bitter-sappig<br data-start=\"1369\" data-end=\"1372\" \/>\u2022 Bloei: lente<br data-start=\"1386\" data-end=\"1389\" data-is-only-node=\"\" \/>\u2022 Winterhard: tot \u201315\u202f\u00b0C<br data-start=\"1413\" data-end=\"1416\" \/>\u2022 Bestuiving: zelfbestuivend<br data-start=\"1444\" data-end=\"1447\" \/>\u2022 Gebruik: sierplant, vruchtproductie, pot of tuin<\/p>","protected":false},"excerpt":{"rendered":"<p>3x Citrus citrumelo<\/p>\n<p>Hardy citron<\/p>\n<p>Fruktf\u00e4rg: Gul<\/p>\n<p>Max. h\u00f6jd +\/_ 300 cm<\/p>\n<p>Tub v\u00e4xt underbart doftande blomma<\/p>\n<p>Leveransh\u00f6jd inkl. kruka: +\/_ 40 cm<\/p>\n<p>Krukans storlek: 9cm<\/p>","protected":false},"featured_media":58539,"template":"","meta":{"_joinchat":[]},"product_brand":[],"product_cat":[262,946,1011,233,2391,867],"product_tag":[1321,2042,1199,2039,1503,2048,1225,1799,2045,495,2046,2047,610,2049,2041,351,2044,1453,2043],"class_list":{"0":"post-58532","1":"product","2":"type-product","3":"status-publish","4":"has-post-thumbnail","6":"product_cat-bomen-struiken","7":"product_cat-citrus","8":"product_cat-fruit-deals","9":"product_cat-fruitbomen","10":"product_cat-mediterrane-en-exotische-fruitplanten","11":"product_cat-pakket-deals","12":"product_tag-vorstbestendig","13":"product_tag-citrus-trifoliata","14":"product_tag-compacte-groei","15":"product_tag-culinaire-toepassingen","16":"product_tag-eetbare-vruchten","17":"product_tag-gele-vruchten","18":"product_tag-geurende-bloemen","19":"product_tag-kuipplant","20":"product_tag-schrale-bodem","21":"product_tag-sierheester","22":"product_tag-stekelige-heester","23":"product_tag-tuin-barriere","24":"product_tag-tuinplant","25":"product_tag-unieke-tuinplant","26":"product_tag-wilde-citroen","27":"product_tag-winterhard","28":"product_tag-winterharde-citrus","29":"product_tag-zonminnend","30":"product_tag-zuur-vruchtensap","31":"pa_bloeimaanden-april","32":"pa_bloeimaanden-mei","33":"pa_bloeimaanden-juni","34":"pa_bloeimaanden-juli","35":"pa_ewd_uwcf_colors-geel","36":"pa_ewd_uwcf_colors-groen-2","37":"pa_groeihoogte-200-300-cm","38":"pa_pot-9-cm-pot","40":"first","41":"instock","42":"taxable","43":"shipping-taxable","44":"purchasable","45":"product-type-simple"},"yoast_head":"<!-- This site is optimized with the Yoast SEO plugin v24.2 - https:\/\/yoast.com\/wordpress\/plugins\/seo\/ -->\n<title>Set van 3 Swingle Citroen - Citrus citrumelo - Winterhard - H40cm - 9cm pot kopen | Planten eenvoudig online bestellen | Schramas.com<\/title>\n<meta name=\"robots\" content=\"index, follow, max-snippet:-1, max-image-preview:large, max-video-preview:-1\" \/>\n<link rel=\"canonical\" href=\"https:\/\/www.schramas.com\/se\/butik\/set-van-3-swingle-citroen-citrus-citrumelo-winterhard-h40cm-9cm-pot\/\" \/>\n<meta property=\"og:locale\" content=\"sv_SE\" \/>\n<meta property=\"og:type\" content=\"article\" \/>\n<meta property=\"og:title\" content=\"Set van 3 Swingle Citroen - Citrus citrumelo - Winterhard - H40cm - 9cm pot kopen | Planten eenvoudig online bestellen | Schramas.com\" \/>\n<meta property=\"og:description\" content=\"3x Citrus citrumelo  Winterharde citroen  Kleur vrucht: Geel  Max. hoogte +\/_ 300 cm  Kuipplant heerlijk geurende bloem  Leverhoogte incl. pot: +\/_ 40 cm  Potmaat: 9cm\" \/>\n<meta property=\"og:url\" content=\"https:\/\/www.schramas.com\/se\/butik\/set-van-3-swingle-citroen-citrus-citrumelo-winterhard-h40cm-9cm-pot\/\" \/>\n<meta property=\"og:site_name\" content=\"Planten eenvoudig online bestellen | Schramas.com\" \/>\n<meta property=\"article:publisher\" content=\"https:\/\/www.facebook.com\/Schramascom-106872874153195\/\" \/>\n<meta property=\"article:modified_time\" content=\"2026-04-30T12:45:07+00:00\" \/>\n<meta property=\"og:image\" content=\"http:\/\/www.schramas.com\/wp-content\/uploads\/2025\/08\/Citrus-citrumelo-Pakketdeal-sfeer.webp\" \/>\n\t<meta property=\"og:image:width\" content=\"800\" \/>\n\t<meta property=\"og:image:height\" content=\"800\" \/>\n\t<meta property=\"og:image:type\" content=\"image\/webp\" \/>\n<meta name=\"twitter:card\" content=\"summary_large_image\" \/>\n<meta name=\"twitter:label1\" content=\"Ber\u00e4knad l\u00e4stid\" \/>\n\t<meta name=\"twitter:data1\" content=\"1 minut\" \/>\n<script type=\"application\/ld+json\" class=\"yoast-schema-graph\">{\"@context\":\"https:\/\/schema.org\",\"@graph\":[{\"@type\":[\"WebPage\",\"ItemPage\"],\"@id\":\"https:\/\/www.schramas.com\/winkel\/set-van-3-swingle-citroen-citrus-citrumelo-winterhard-h40cm-9cm-pot\/\",\"url\":\"https:\/\/www.schramas.com\/winkel\/set-van-3-swingle-citroen-citrus-citrumelo-winterhard-h40cm-9cm-pot\/\",\"name\":\"Set van 3 Swingle Citroen - Citrus citrumelo - Winterhard - H40cm - 9cm pot kopen | Planten eenvoudig online bestellen | Schramas.com\",\"isPartOf\":{\"@id\":\"https:\/\/www.schramas.com\/#website\"},\"primaryImageOfPage\":{\"@id\":\"https:\/\/www.schramas.com\/winkel\/set-van-3-swingle-citroen-citrus-citrumelo-winterhard-h40cm-9cm-pot\/#primaryimage\"},\"image\":{\"@id\":\"https:\/\/www.schramas.com\/winkel\/set-van-3-swingle-citroen-citrus-citrumelo-winterhard-h40cm-9cm-pot\/#primaryimage\"},\"thumbnailUrl\":\"https:\/\/www.schramas.com\/wp-content\/uploads\/2025\/08\/Citrus-citrumelo-Pakketdeal-sfeer.webp\",\"datePublished\":\"2025-08-26T06:14:24+00:00\",\"dateModified\":\"2026-04-30T12:45:07+00:00\",\"breadcrumb\":{\"@id\":\"https:\/\/www.schramas.com\/winkel\/set-van-3-swingle-citroen-citrus-citrumelo-winterhard-h40cm-9cm-pot\/#breadcrumb\"},\"inLanguage\":\"sv-SE\",\"potentialAction\":[{\"@type\":\"ReadAction\",\"target\":[\"https:\/\/www.schramas.com\/winkel\/set-van-3-swingle-citroen-citrus-citrumelo-winterhard-h40cm-9cm-pot\/\"]}]},{\"@type\":\"ImageObject\",\"inLanguage\":\"sv-SE\",\"@id\":\"https:\/\/www.schramas.com\/winkel\/set-van-3-swingle-citroen-citrus-citrumelo-winterhard-h40cm-9cm-pot\/#primaryimage\",\"url\":\"https:\/\/www.schramas.com\/wp-content\/uploads\/2025\/08\/Citrus-citrumelo-Pakketdeal-sfeer.webp\",\"contentUrl\":\"https:\/\/www.schramas.com\/wp-content\/uploads\/2025\/08\/Citrus-citrumelo-Pakketdeal-sfeer.webp\",\"width\":800,\"height\":800},{\"@type\":\"BreadcrumbList\",\"@id\":\"https:\/\/www.schramas.com\/winkel\/set-van-3-swingle-citroen-citrus-citrumelo-winterhard-h40cm-9cm-pot\/#breadcrumb\",\"itemListElement\":[{\"@type\":\"ListItem\",\"position\":1,\"name\":\"Product\",\"item\":\"https:\/\/www.schramas.com\/assortiment\/\"},{\"@type\":\"ListItem\",\"position\":2,\"name\":\"Pakketdeals\",\"item\":\"https:\/\/www.schramas.com\/product-category\/pakket-deals\/\"},{\"@type\":\"ListItem\",\"position\":3,\"name\":\"Set van 3 Swingle Citroen &#8211; Citrus citrumelo &#8211; Winterhard &#8211; H40cm &#8211; 9cm pot\"}]},{\"@type\":\"WebSite\",\"@id\":\"https:\/\/www.schramas.com\/#website\",\"url\":\"https:\/\/www.schramas.com\/\",\"name\":\"Schramas.com | Tuinplanten eenvoudig online bestellen | Direct van onze Kwekerij\",\"description\":\"\",\"alternateName\":\"Schramas.com - Alle planten direct van de kweker\",\"potentialAction\":[{\"@type\":\"SearchAction\",\"target\":{\"@type\":\"EntryPoint\",\"urlTemplate\":\"https:\/\/www.schramas.com\/?s={search_term_string}\"},\"query-input\":{\"@type\":\"PropertyValueSpecification\",\"valueRequired\":true,\"valueName\":\"search_term_string\"}}],\"inLanguage\":\"sv-SE\"}]}<\/script>\n<!-- \/ Yoast SEO plugin. -->","yoast_head_json":{"title":"Set van 3 Swingle Citroen - Citrus citrumelo - Winterhard - H40cm - 9cm pot kopen | Planten eenvoudig online bestellen | Schramas.com","robots":{"index":"index","follow":"follow","max-snippet":"max-snippet:-1","max-image-preview":"max-image-preview:large","max-video-preview":"max-video-preview:-1"},"canonical":"https:\/\/www.schramas.com\/se\/butik\/set-van-3-swingle-citroen-citrus-citrumelo-winterhard-h40cm-9cm-pot\/","og_locale":"sv_SE","og_type":"article","og_title":"Set van 3 Swingle Citroen - Citrus citrumelo - Winterhard - H40cm - 9cm pot kopen | Planten eenvoudig online bestellen | Schramas.com","og_description":"3x Citrus citrumelo  Winterharde citroen  Kleur vrucht: Geel  Max. hoogte +\/_ 300 cm  Kuipplant heerlijk geurende bloem  Leverhoogte incl. pot: +\/_ 40 cm  Potmaat: 9cm","og_url":"https:\/\/www.schramas.com\/se\/butik\/set-van-3-swingle-citroen-citrus-citrumelo-winterhard-h40cm-9cm-pot\/","og_site_name":"Planten eenvoudig online bestellen | Schramas.com","article_publisher":"https:\/\/www.facebook.com\/Schramascom-106872874153195\/","article_modified_time":"2026-04-30T12:45:07+00:00","og_image":[{"width":800,"height":800,"url":"http:\/\/www.schramas.com\/wp-content\/uploads\/2025\/08\/Citrus-citrumelo-Pakketdeal-sfeer.webp","type":"image\/webp"}],"twitter_card":"summary_large_image","twitter_misc":{"Ber\u00e4knad l\u00e4stid":"1 minut"},"schema":{"@context":"https:\/\/schema.org","@graph":[{"@type":["WebPage","ItemPage"],"@id":"https:\/\/www.schramas.com\/winkel\/set-van-3-swingle-citroen-citrus-citrumelo-winterhard-h40cm-9cm-pot\/","url":"https:\/\/www.schramas.com\/winkel\/set-van-3-swingle-citroen-citrus-citrumelo-winterhard-h40cm-9cm-pot\/","name":"Set van 3 Swingle Citroen - Citrus citrumelo - Winterhard - H40cm - 9cm pot kopen | Planten eenvoudig online bestellen | Schramas.com","isPartOf":{"@id":"https:\/\/www.schramas.com\/#website"},"primaryImageOfPage":{"@id":"https:\/\/www.schramas.com\/winkel\/set-van-3-swingle-citroen-citrus-citrumelo-winterhard-h40cm-9cm-pot\/#primaryimage"},"image":{"@id":"https:\/\/www.schramas.com\/winkel\/set-van-3-swingle-citroen-citrus-citrumelo-winterhard-h40cm-9cm-pot\/#primaryimage"},"thumbnailUrl":"https:\/\/www.schramas.com\/wp-content\/uploads\/2025\/08\/Citrus-citrumelo-Pakketdeal-sfeer.webp","datePublished":"2025-08-26T06:14:24+00:00","dateModified":"2026-04-30T12:45:07+00:00","breadcrumb":{"@id":"https:\/\/www.schramas.com\/winkel\/set-van-3-swingle-citroen-citrus-citrumelo-winterhard-h40cm-9cm-pot\/#breadcrumb"},"inLanguage":"sv-SE","potentialAction":[{"@type":"ReadAction","target":["https:\/\/www.schramas.com\/winkel\/set-van-3-swingle-citroen-citrus-citrumelo-winterhard-h40cm-9cm-pot\/"]}]},{"@type":"ImageObject","inLanguage":"sv-SE","@id":"https:\/\/www.schramas.com\/winkel\/set-van-3-swingle-citroen-citrus-citrumelo-winterhard-h40cm-9cm-pot\/#primaryimage","url":"https:\/\/www.schramas.com\/wp-content\/uploads\/2025\/08\/Citrus-citrumelo-Pakketdeal-sfeer.webp","contentUrl":"https:\/\/www.schramas.com\/wp-content\/uploads\/2025\/08\/Citrus-citrumelo-Pakketdeal-sfeer.webp","width":800,"height":800},{"@type":"BreadcrumbList","@id":"https:\/\/www.schramas.com\/winkel\/set-van-3-swingle-citroen-citrus-citrumelo-winterhard-h40cm-9cm-pot\/#breadcrumb","itemListElement":[{"@type":"ListItem","position":1,"name":"Product","item":"https:\/\/www.schramas.com\/assortiment\/"},{"@type":"ListItem","position":2,"name":"Pakketdeals","item":"https:\/\/www.schramas.com\/product-category\/pakket-deals\/"},{"@type":"ListItem","position":3,"name":"Set van 3 Swingle Citroen &#8211; Citrus citrumelo &#8211; Winterhard &#8211; H40cm &#8211; 9cm pot"}]},{"@type":"WebSite","@id":"https:\/\/www.schramas.com\/#website","url":"https:\/\/www.schramas.com\/","name":"Schramas.com | Tr\u00e4dg\u00e5rdsv\u00e4xter som enkelt kan best\u00e4llas online | Direkt fr\u00e5n v\u00e5r plantskola","description":"","alternateName":"Schramas.com - Alle planten direct van de kweker","potentialAction":[{"@type":"SearchAction","target":{"@type":"EntryPoint","urlTemplate":"https:\/\/www.schramas.com\/?s={search_term_string}"},"query-input":{"@type":"PropertyValueSpecification","valueRequired":true,"valueName":"search_term_string"}}],"inLanguage":"sv-SE"}]}},"_links":{"self":[{"href":"https:\/\/www.schramas.com\/se\/wp-json\/wp\/v2\/product\/58532","targetHints":{"allow":["GET"]}}],"collection":[{"href":"https:\/\/www.schramas.com\/se\/wp-json\/wp\/v2\/product"}],"about":[{"href":"https:\/\/www.schramas.com\/se\/wp-json\/wp\/v2\/types\/product"}],"version-history":[{"count":1,"href":"https:\/\/www.schramas.com\/se\/wp-json\/wp\/v2\/product\/58532\/revisions"}],"predecessor-version":[{"id":58543,"href":"https:\/\/www.schramas.com\/se\/wp-json\/wp\/v2\/product\/58532\/revisions\/58543"}],"wp:featuredmedia":[{"embeddable":true,"href":"https:\/\/www.schramas.com\/se\/wp-json\/wp\/v2\/media\/58539"}],"wp:attachment":[{"href":"https:\/\/www.schramas.com\/se\/wp-json\/wp\/v2\/media?parent=58532"}],"wp:term":[{"taxonomy":"product_brand","embeddable":true,"href":"https:\/\/www.schramas.com\/se\/wp-json\/wp\/v2\/product_brand?post=58532"},{"taxonomy":"product_cat","embeddable":true,"href":"https:\/\/www.schramas.com\/se\/wp-json\/wp\/v2\/product_cat?post=58532"},{"taxonomy":"product_tag","embeddable":true,"href":"https:\/\/www.schramas.com\/se\/wp-json\/wp\/v2\/product_tag?post=58532"}],"curies":[{"name":"wp","href":"https:\/\/api.w.org\/{rel}","templated":true}]}}