{"id":5902,"date":"2019-10-02T09:24:44","date_gmt":"2019-10-02T07:24:44","guid":{"rendered":"http:\/\/www.schramas.com\/?post_type=product&#038;p=5902"},"modified":"2026-03-26T16:33:25","modified_gmt":"2026-03-26T15:33:25","slug":"ravbar-rott-blabar-vaccinium-vitis-idaea-rod-parla","status":"publish","type":"product","link":"https:\/\/www.schramas.com\/se\/butik\/ravbar-rott-blabar-vaccinium-vitis-idaea-rod-parla\/","title":{"rendered":"Vaccinium vitis-idea 'Red Pearl' r\u00f6tt f\u00e5gelb\u00e4r, 2-liters kruka"},"content":{"rendered":"<p>Detta syra\u00e4lskande r\u00e4vb\u00e4r \u00e4r perfekt som markt\u00e4ckare och beh\u00e5ller sina blad \u00e4ven p\u00e5 vintern. Fr\u00e5n september \u00e4r de klarr\u00f6da b\u00e4ren \u00e4tliga och anv\u00e4nds fr\u00e4mst i fruktpur\u00e9 och sylt. Det \u00e4r en v\u00e4xt med h\u00f6gt prydnadsv\u00e4rde och anv\u00e4nds d\u00e4rf\u00f6r ocks\u00e5 ofta som krukv\u00e4xt.<\/p>","protected":false},"excerpt":{"rendered":"<p>Foxberry eller r\u00f6da vinb\u00e4r<\/p>\n<p>Vaccinium vitis-idaea 'r\u00f6d p\u00e4rla'<\/p>\n<p>Smak: aromatisk syrlig syrlig eller bitter<\/p>\n<p>Fruktens f\u00e4rg: r\u00f6d<\/p>\n<p>H\u00f6jd: 10 - 30 cm<\/p>\n<p>L\u00e4mplig f\u00f6r b\u00e5de uteplats och \u00f6ppen mark<\/p>\n<p>H\u00e4rdig, vintergr\u00f6n.<\/p>\n<p>Sj\u00e4lvpollinerande<\/p>\n<p>Leveransh\u00f6jd inkl. kruka: 30 cm<\/p>\n<p>Krukstorlek: 2 liter<\/p>","protected":false},"featured_media":19778,"template":"","meta":{"_joinchat":[]},"product_brand":[],"product_cat":[40,301,262,234,300,305,805],"product_tag":[659,499,657,658,351,316],"class_list":{"0":"post-5902","1":"product","2":"type-product","3":"status-publish","4":"has-post-thumbnail","6":"product_cat-blauwe-bessen","7":"product_cat-bodembedekkers","8":"product_cat-bomen-struiken","9":"product_cat-fruitstruiken","10":"product_cat-heesters","11":"product_cat-planten-heesters","12":"product_cat-winter","13":"product_tag-bodembedekker","14":"product_tag-groenblijvend","15":"product_tag-vaccinium-red-pearl","16":"product_tag-vossenbes","17":"product_tag-winterhard","18":"product_tag-zelfbestuivend","19":"pa_bloeimaanden-mei","20":"pa_bloeimaanden-juni","21":"pa_bloeimaanden-juli","22":"pa_bloeimaanden-augustus","23":"pa_ewd_uwcf_colors-rood-2","24":"pa_groeihoogte-10-30-cm","25":"pa_pot-zonder-pot","27":"first","28":"outofstock","29":"taxable","30":"shipping-taxable","31":"purchasable","32":"product-type-simple"},"yoast_head":"<!-- This site is optimized with the Yoast SEO plugin v24.2 - https:\/\/yoast.com\/wordpress\/plugins\/seo\/ -->\n<title>Vaccinium vitis-idea &#039;Red Pearl&#039; rode vossenbes, 2 liter pot kopen | Planten eenvoudig online bestellen | Schramas.com<\/title>\n<meta name=\"robots\" content=\"index, follow, max-snippet:-1, max-image-preview:large, max-video-preview:-1\" \/>\n<link rel=\"canonical\" href=\"https:\/\/www.schramas.com\/se\/butik\/ravbar-rott-blabar-vaccinium-vitis-idaea-rod-parla\/\" \/>\n<meta property=\"og:locale\" content=\"sv_SE\" \/>\n<meta property=\"og:type\" content=\"article\" \/>\n<meta property=\"og:title\" content=\"Vaccinium vitis-idea &#039;Red Pearl&#039; rode vossenbes, 2 liter pot kopen | Planten eenvoudig online bestellen | Schramas.com\" \/>\n<meta property=\"og:description\" content=\"Vossenbes of rode bosbes  Vaccinium vitis-idaea &#039;red pearl&#039;  Smaak: aromatisch wrang zuur of bitter  Kleur vrucht: rood  Hoogte: 10 - 30 cm  Geschikt voor zowel patio als volle grond  Winterhard, groenblijvend.  Zelf bestuivend  Leverhoogte incl. pot: 30 cm  Pot maat: 2 liter\" \/>\n<meta property=\"og:url\" content=\"https:\/\/www.schramas.com\/se\/butik\/ravbar-rott-blabar-vaccinium-vitis-idaea-rod-parla\/\" \/>\n<meta property=\"og:site_name\" content=\"Planten eenvoudig online bestellen | Schramas.com\" \/>\n<meta property=\"article:publisher\" content=\"https:\/\/www.facebook.com\/Schramascom-106872874153195\/\" \/>\n<meta property=\"article:modified_time\" content=\"2026-03-26T15:33:25+00:00\" \/>\n<meta property=\"og:image\" content=\"https:\/\/www.schramas.com\/wp-content\/uploads\/2019\/10\/vitis-idaea-sfeer.jpg\" \/>\n\t<meta property=\"og:image:width\" content=\"1200\" \/>\n\t<meta property=\"og:image:height\" content=\"1200\" \/>\n\t<meta property=\"og:image:type\" content=\"image\/jpeg\" \/>\n<meta name=\"twitter:card\" content=\"summary_large_image\" \/>\n<script type=\"application\/ld+json\" class=\"yoast-schema-graph\">{\"@context\":\"https:\/\/schema.org\",\"@graph\":[{\"@type\":[\"WebPage\",\"ItemPage\"],\"@id\":\"https:\/\/www.schramas.com\/winkel\/vossenbes-rode-bosbes-vaccinium-vitis-idaea-red-pearl\/\",\"url\":\"https:\/\/www.schramas.com\/winkel\/vossenbes-rode-bosbes-vaccinium-vitis-idaea-red-pearl\/\",\"name\":\"Vaccinium vitis-idea 'Red Pearl' rode vossenbes, 2 liter pot kopen | Planten eenvoudig online bestellen | Schramas.com\",\"isPartOf\":{\"@id\":\"https:\/\/www.schramas.com\/#website\"},\"primaryImageOfPage\":{\"@id\":\"https:\/\/www.schramas.com\/winkel\/vossenbes-rode-bosbes-vaccinium-vitis-idaea-red-pearl\/#primaryimage\"},\"image\":{\"@id\":\"https:\/\/www.schramas.com\/winkel\/vossenbes-rode-bosbes-vaccinium-vitis-idaea-red-pearl\/#primaryimage\"},\"thumbnailUrl\":\"https:\/\/www.schramas.com\/wp-content\/uploads\/2019\/10\/vitis-idaea-sfeer.jpg\",\"datePublished\":\"2019-10-02T07:24:44+00:00\",\"dateModified\":\"2026-03-26T15:33:25+00:00\",\"breadcrumb\":{\"@id\":\"https:\/\/www.schramas.com\/winkel\/vossenbes-rode-bosbes-vaccinium-vitis-idaea-red-pearl\/#breadcrumb\"},\"inLanguage\":\"sv-SE\",\"potentialAction\":[{\"@type\":\"ReadAction\",\"target\":[\"https:\/\/www.schramas.com\/winkel\/vossenbes-rode-bosbes-vaccinium-vitis-idaea-red-pearl\/\"]}]},{\"@type\":\"ImageObject\",\"inLanguage\":\"sv-SE\",\"@id\":\"https:\/\/www.schramas.com\/winkel\/vossenbes-rode-bosbes-vaccinium-vitis-idaea-red-pearl\/#primaryimage\",\"url\":\"https:\/\/www.schramas.com\/wp-content\/uploads\/2019\/10\/vitis-idaea-sfeer.jpg\",\"contentUrl\":\"https:\/\/www.schramas.com\/wp-content\/uploads\/2019\/10\/vitis-idaea-sfeer.jpg\",\"width\":1200,\"height\":1200},{\"@type\":\"BreadcrumbList\",\"@id\":\"https:\/\/www.schramas.com\/winkel\/vossenbes-rode-bosbes-vaccinium-vitis-idaea-red-pearl\/#breadcrumb\",\"itemListElement\":[{\"@type\":\"ListItem\",\"position\":1,\"name\":\"Product\",\"item\":\"https:\/\/www.schramas.com\/assortiment\/\"},{\"@type\":\"ListItem\",\"position\":2,\"name\":\"Bomen &amp; Struiken\",\"item\":\"https:\/\/www.schramas.com\/product-category\/bomen-struiken\/\"},{\"@type\":\"ListItem\",\"position\":3,\"name\":\"Fruitstruiken\",\"item\":\"https:\/\/www.schramas.com\/de\/produktkategorie\/baume-und-straucher\/obststraucher\/\"},{\"@type\":\"ListItem\",\"position\":4,\"name\":\"Blauwe bessen\",\"item\":\"https:\/\/www.schramas.com\/de\/produktkategorie\/baume-und-straucher\/obststraucher\/blaubeeren\/\"},{\"@type\":\"ListItem\",\"position\":5,\"name\":\"Vaccinium vitis-idea &#8216;Red Pearl&#8217; rode vossenbes, 2 liter pot\"}]},{\"@type\":\"WebSite\",\"@id\":\"https:\/\/www.schramas.com\/#website\",\"url\":\"https:\/\/www.schramas.com\/\",\"name\":\"Schramas.com | Tuinplanten eenvoudig online bestellen | Direct van onze Kwekerij\",\"description\":\"\",\"alternateName\":\"Schramas.com - Alle planten direct van de kweker\",\"potentialAction\":[{\"@type\":\"SearchAction\",\"target\":{\"@type\":\"EntryPoint\",\"urlTemplate\":\"https:\/\/www.schramas.com\/?s={search_term_string}\"},\"query-input\":{\"@type\":\"PropertyValueSpecification\",\"valueRequired\":true,\"valueName\":\"search_term_string\"}}],\"inLanguage\":\"sv-SE\"}]}<\/script>\n<!-- \/ Yoast SEO plugin. -->","yoast_head_json":{"title":"Vaccinium vitis-idea 'Red Pearl' r\u00f6tt f\u00e5gelb\u00e4r, 2-liters kruka k\u00f6p | V\u00e4xter enkel onlinebest\u00e4llning | Schramas.com","robots":{"index":"index","follow":"follow","max-snippet":"max-snippet:-1","max-image-preview":"max-image-preview:large","max-video-preview":"max-video-preview:-1"},"canonical":"https:\/\/www.schramas.com\/se\/butik\/ravbar-rott-blabar-vaccinium-vitis-idaea-rod-parla\/","og_locale":"sv_SE","og_type":"article","og_title":"Vaccinium vitis-idea 'Red Pearl' rode vossenbes, 2 liter pot kopen | Planten eenvoudig online bestellen | Schramas.com","og_description":"Vossenbes of rode bosbes  Vaccinium vitis-idaea 'red pearl'  Smaak: aromatisch wrang zuur of bitter  Kleur vrucht: rood  Hoogte: 10 - 30 cm  Geschikt voor zowel patio als volle grond  Winterhard, groenblijvend.  Zelf bestuivend  Leverhoogte incl. pot: 30 cm  Pot maat: 2 liter","og_url":"https:\/\/www.schramas.com\/se\/butik\/ravbar-rott-blabar-vaccinium-vitis-idaea-rod-parla\/","og_site_name":"Planten eenvoudig online bestellen | Schramas.com","article_publisher":"https:\/\/www.facebook.com\/Schramascom-106872874153195\/","article_modified_time":"2026-03-26T15:33:25+00:00","og_image":[{"width":1200,"height":1200,"url":"https:\/\/www.schramas.com\/wp-content\/uploads\/2019\/10\/vitis-idaea-sfeer.jpg","type":"image\/jpeg"}],"twitter_card":"summary_large_image","schema":{"@context":"https:\/\/schema.org","@graph":[{"@type":["WebPage","ItemPage"],"@id":"https:\/\/www.schramas.com\/winkel\/vossenbes-rode-bosbes-vaccinium-vitis-idaea-red-pearl\/","url":"https:\/\/www.schramas.com\/winkel\/vossenbes-rode-bosbes-vaccinium-vitis-idaea-red-pearl\/","name":"Vaccinium vitis-idea 'Red Pearl' r\u00f6tt f\u00e5gelb\u00e4r, 2-liters kruka k\u00f6p | V\u00e4xter enkel onlinebest\u00e4llning | Schramas.com","isPartOf":{"@id":"https:\/\/www.schramas.com\/#website"},"primaryImageOfPage":{"@id":"https:\/\/www.schramas.com\/winkel\/vossenbes-rode-bosbes-vaccinium-vitis-idaea-red-pearl\/#primaryimage"},"image":{"@id":"https:\/\/www.schramas.com\/winkel\/vossenbes-rode-bosbes-vaccinium-vitis-idaea-red-pearl\/#primaryimage"},"thumbnailUrl":"https:\/\/www.schramas.com\/wp-content\/uploads\/2019\/10\/vitis-idaea-sfeer.jpg","datePublished":"2019-10-02T07:24:44+00:00","dateModified":"2026-03-26T15:33:25+00:00","breadcrumb":{"@id":"https:\/\/www.schramas.com\/winkel\/vossenbes-rode-bosbes-vaccinium-vitis-idaea-red-pearl\/#breadcrumb"},"inLanguage":"sv-SE","potentialAction":[{"@type":"ReadAction","target":["https:\/\/www.schramas.com\/winkel\/vossenbes-rode-bosbes-vaccinium-vitis-idaea-red-pearl\/"]}]},{"@type":"ImageObject","inLanguage":"sv-SE","@id":"https:\/\/www.schramas.com\/winkel\/vossenbes-rode-bosbes-vaccinium-vitis-idaea-red-pearl\/#primaryimage","url":"https:\/\/www.schramas.com\/wp-content\/uploads\/2019\/10\/vitis-idaea-sfeer.jpg","contentUrl":"https:\/\/www.schramas.com\/wp-content\/uploads\/2019\/10\/vitis-idaea-sfeer.jpg","width":1200,"height":1200},{"@type":"BreadcrumbList","@id":"https:\/\/www.schramas.com\/winkel\/vossenbes-rode-bosbes-vaccinium-vitis-idaea-red-pearl\/#breadcrumb","itemListElement":[{"@type":"ListItem","position":1,"name":"Product","item":"https:\/\/www.schramas.com\/assortiment\/"},{"@type":"ListItem","position":2,"name":"Bomen &amp; Struiken","item":"https:\/\/www.schramas.com\/product-category\/bomen-struiken\/"},{"@type":"ListItem","position":3,"name":"Fruitstruiken","item":"https:\/\/www.schramas.com\/de\/produktkategorie\/baume-und-straucher\/obststraucher\/"},{"@type":"ListItem","position":4,"name":"Blauwe bessen","item":"https:\/\/www.schramas.com\/de\/produktkategorie\/baume-und-straucher\/obststraucher\/blaubeeren\/"},{"@type":"ListItem","position":5,"name":"Vaccinium vitis-idea &#8216;Red Pearl&#8217; rode vossenbes, 2 liter pot"}]},{"@type":"WebSite","@id":"https:\/\/www.schramas.com\/#website","url":"https:\/\/www.schramas.com\/","name":"Schramas.com | Tr\u00e4dg\u00e5rdsv\u00e4xter som enkelt kan best\u00e4llas online | Direkt fr\u00e5n v\u00e5r plantskola","description":"","alternateName":"Schramas.com - Alle planten direct van de kweker","potentialAction":[{"@type":"SearchAction","target":{"@type":"EntryPoint","urlTemplate":"https:\/\/www.schramas.com\/?s={search_term_string}"},"query-input":{"@type":"PropertyValueSpecification","valueRequired":true,"valueName":"search_term_string"}}],"inLanguage":"sv-SE"}]}},"_links":{"self":[{"href":"https:\/\/www.schramas.com\/se\/wp-json\/wp\/v2\/product\/5902","targetHints":{"allow":["GET"]}}],"collection":[{"href":"https:\/\/www.schramas.com\/se\/wp-json\/wp\/v2\/product"}],"about":[{"href":"https:\/\/www.schramas.com\/se\/wp-json\/wp\/v2\/types\/product"}],"version-history":[{"count":0,"href":"https:\/\/www.schramas.com\/se\/wp-json\/wp\/v2\/product\/5902\/revisions"}],"wp:featuredmedia":[{"embeddable":true,"href":"https:\/\/www.schramas.com\/se\/wp-json\/wp\/v2\/media\/19778"}],"wp:attachment":[{"href":"https:\/\/www.schramas.com\/se\/wp-json\/wp\/v2\/media?parent=5902"}],"wp:term":[{"taxonomy":"product_brand","embeddable":true,"href":"https:\/\/www.schramas.com\/se\/wp-json\/wp\/v2\/product_brand?post=5902"},{"taxonomy":"product_cat","embeddable":true,"href":"https:\/\/www.schramas.com\/se\/wp-json\/wp\/v2\/product_cat?post=5902"},{"taxonomy":"product_tag","embeddable":true,"href":"https:\/\/www.schramas.com\/se\/wp-json\/wp\/v2\/product_tag?post=5902"}],"curies":[{"name":"wp","href":"https:\/\/api.w.org\/{rel}","templated":true}]}}