{"id":59075,"date":"2025-09-08T15:10:12","date_gmt":"2025-09-08T13:10:12","guid":{"rendered":"https:\/\/www.schramas.com\/?post_type=product&#038;p=59075"},"modified":"2026-04-30T15:27:05","modified_gmt":"2026-04-30T13:27:05","slug":"uppsattning-av-3-kiwi-hayward-solo-atlas-2x-kvinna-1x-hane-hojd-20cm-9cm-kruka","status":"publish","type":"product","link":"https:\/\/www.schramas.com\/se\/butik\/uppsattning-av-3-kiwi-hayward-solo-atlas-2x-kvinna-1x-hane-hojd-20cm-9cm-kruka\/","title":{"rendered":"Set med 3 kiwis - Hayward, Solo, Atlas - 2x hona, 1x hane - H\u00f6jd 20cm - 9cm kruka"},"content":{"rendered":"<p>Ge din tr\u00e4dg\u00e5rd en v\u00e4lsmakande och exotisk twist med denna m\u00e5ngsidiga samling av tre kiwiplantor:<\/p>\n<p><strong>Actinidia deliciosa Hayward (hona)<\/strong> - Denna kvinnliga kiwi, k\u00e4nd som Actinidia deliciosa 'Hayward', beh\u00f6ver en manlig motsvarighet, till exempel Actinidia deliciosa 'Atlas', f\u00f6r att b\u00e4ra frukt. Plantera den p\u00e5 en skyddad plats f\u00f6r att f\u00f6rhindra att blommorna fryser p\u00e5 v\u00e5ren. Efter 2 till 3 \u00e5r kommer Hayward-kiwin att b\u00f6rja b\u00e4ra frukt. Den trivs b\u00e4st p\u00e5 en solig plats med tillr\u00e4ckligt med utrymme f\u00f6r en riklig sk\u00f6rd senare i livet. Denna kiwi t\u00e5l frost ner till -20 grader Celsius, vilket g\u00f6r den v\u00e4l l\u00e4mpad f\u00f6r v\u00e5rt klimat. F\u00f6r unga plantor rekommenderas ett visst skydd vid m\u00e5ttlig till sv\u00e5r frost.<\/p>\n<p><strong>Actinidia deliciosa 'Solo'<\/strong> <strong>(hona\/sj\u00e4lvpollinerande)<\/strong>- Den h\u00e4r sorten \u00e4r k\u00e4nd f\u00f6r sina sm\u00e5 \u00e4tliga frukter med saftigt gr\u00f6nt fruktk\u00f6tt. Men det kinesiska krusb\u00e4ret, eller den gula kiwin, uppskattas ocks\u00e5 f\u00f6r sina stora, hj\u00e4rtformade blad och unga, r\u00f6dh\u00e5riga stj\u00e4lkar. Det \u00e4r en snabbv\u00e4xande kl\u00e4tterv\u00e4xt som trivs i b\u00e5de full sol och halvskugga. Som ung v\u00e4xt beh\u00f6ver den ett visst skydd mot frost.<\/p>\n<p><strong>Actinidia deliciosa 'Atlas' (hane)<\/strong> - \u00c4ven om denna kiwisort inte b\u00e4r frukt sj\u00e4lv, ger den v\u00e4rdefullt pollen f\u00f6r pollinering av honkiwisorter som Actinidia deliciosa 'Hayward'. P\u00e5 s\u00e5 s\u00e4tt bidrar Atlas till en rikare sk\u00f6rd. Under blomningsperioden i maj-juni visar Actinidia deliciosa 'Atlas' upp sina vita blommor.<\/p>\n<p>Kiwiplantan trivs b\u00e4st mot en skyddad, solig v\u00e4gg eller staket, i b\u00f6rdig, v\u00e4ldr\u00e4nerad jord. Den kan ocks\u00e5 placeras i en kruka p\u00e5 en balkong eller terrass. Ge kiwin en plats d\u00e4r den kan kl\u00e4ttra med hj\u00e4lp av en st\u00e4llning, n\u00e4t eller sp\u00e4nda tr\u00e5dar. Regelbunden besk\u00e4rning h\u00e5ller v\u00e4xten vacker och fr\u00e4mjar blomningen.<\/p>","protected":false},"excerpt":{"rendered":"<p>3x Actinidia deliciosa<\/p>\n<p>2x hona, 1x hane<\/p>\n<p>Hayward, Solo, Atlas<\/p>\n<p>Max. h\u00f6jd ca 400 cm<\/p>\n<p>L\u00f6vf\u00e4llande<\/p>\n<p>Hardy<\/p>\n<p>Levereras i en 9 cm stor kruka<\/p>","protected":false},"featured_media":59076,"template":"","meta":{"_joinchat":[]},"product_brand":[],"product_cat":[262,1011,234,36,867],"product_tag":[652,862,872,1251,316],"class_list":{"0":"post-59075","1":"product","2":"type-product","3":"status-publish","4":"has-post-thumbnail","6":"product_cat-bomen-struiken","7":"product_cat-fruit-deals","8":"product_cat-fruitstruiken","9":"product_cat-kiwis","10":"product_cat-pakket-deals","11":"product_tag-kiwi","12":"product_tag-mannelijk","13":"product_tag-mix","14":"product_tag-vrouwelijk","15":"product_tag-zelfbestuivend","16":"pa_ewd_uwcf_colors-mixed","17":"pa_groeihoogte-300-cm","18":"pa_pot-9-cm-pot","20":"first","21":"instock","22":"taxable","23":"shipping-taxable","24":"purchasable","25":"product-type-simple"},"yoast_head":"<!-- This site is optimized with the Yoast SEO plugin v24.2 - https:\/\/yoast.com\/wordpress\/plugins\/seo\/ -->\n<title>Set Van 3 Kiwi&#039;s - Hayward, Solo, Atlas - 2x vrouwelijk, 1x mannelijk - Hoogte 20cm - 9cm pot kopen | Planten eenvoudig online bestellen | Schramas.com<\/title>\n<meta name=\"robots\" content=\"index, follow, max-snippet:-1, max-image-preview:large, max-video-preview:-1\" \/>\n<link rel=\"canonical\" href=\"https:\/\/www.schramas.com\/se\/butik\/uppsattning-av-3-kiwi-hayward-solo-atlas-2x-kvinna-1x-hane-hojd-20cm-9cm-kruka\/\" \/>\n<meta property=\"og:locale\" content=\"sv_SE\" \/>\n<meta property=\"og:type\" content=\"article\" \/>\n<meta property=\"og:title\" content=\"Set Van 3 Kiwi&#039;s - Hayward, Solo, Atlas - 2x vrouwelijk, 1x mannelijk - Hoogte 20cm - 9cm pot kopen | Planten eenvoudig online bestellen | Schramas.com\" \/>\n<meta property=\"og:description\" content=\"3x Actinidia deliciosa  2x vrouwelijk, 1x mannelijk  Hayward, Solo, Atlas  Max. hoogte ca. 400 cm  Bladverliezend  Winterhard  Geleverd in een 9cm pot\" \/>\n<meta property=\"og:url\" content=\"https:\/\/www.schramas.com\/se\/butik\/uppsattning-av-3-kiwi-hayward-solo-atlas-2x-kvinna-1x-hane-hojd-20cm-9cm-kruka\/\" \/>\n<meta property=\"og:site_name\" content=\"Planten eenvoudig online bestellen | Schramas.com\" \/>\n<meta property=\"article:publisher\" content=\"https:\/\/www.facebook.com\/Schramascom-106872874153195\/\" \/>\n<meta property=\"article:modified_time\" content=\"2026-04-30T13:27:05+00:00\" \/>\n<meta property=\"og:image\" content=\"http:\/\/www.schramas.com\/wp-content\/uploads\/2025\/09\/Set-kiwi-p9-pakketdeal-sfeer.webp\" \/>\n\t<meta property=\"og:image:width\" content=\"800\" \/>\n\t<meta property=\"og:image:height\" content=\"800\" \/>\n\t<meta property=\"og:image:type\" content=\"image\/webp\" \/>\n<meta name=\"twitter:card\" content=\"summary_large_image\" \/>\n<meta name=\"twitter:label1\" content=\"Ber\u00e4knad l\u00e4stid\" \/>\n\t<meta name=\"twitter:data1\" content=\"1 minut\" \/>\n<script type=\"application\/ld+json\" class=\"yoast-schema-graph\">{\"@context\":\"https:\/\/schema.org\",\"@graph\":[{\"@type\":[\"WebPage\",\"ItemPage\"],\"@id\":\"https:\/\/www.schramas.com\/winkel\/set-van-3-kiwis-hayward-solo-atlas-2x-vrouwelijk-1x-mannelijk-hoogte-20cm-9cm-pot\/\",\"url\":\"https:\/\/www.schramas.com\/winkel\/set-van-3-kiwis-hayward-solo-atlas-2x-vrouwelijk-1x-mannelijk-hoogte-20cm-9cm-pot\/\",\"name\":\"Set Van 3 Kiwi's - Hayward, Solo, Atlas - 2x vrouwelijk, 1x mannelijk - Hoogte 20cm - 9cm pot kopen | Planten eenvoudig online bestellen | Schramas.com\",\"isPartOf\":{\"@id\":\"https:\/\/www.schramas.com\/#website\"},\"primaryImageOfPage\":{\"@id\":\"https:\/\/www.schramas.com\/winkel\/set-van-3-kiwis-hayward-solo-atlas-2x-vrouwelijk-1x-mannelijk-hoogte-20cm-9cm-pot\/#primaryimage\"},\"image\":{\"@id\":\"https:\/\/www.schramas.com\/winkel\/set-van-3-kiwis-hayward-solo-atlas-2x-vrouwelijk-1x-mannelijk-hoogte-20cm-9cm-pot\/#primaryimage\"},\"thumbnailUrl\":\"https:\/\/www.schramas.com\/wp-content\/uploads\/2025\/09\/Set-kiwi-p9-pakketdeal-sfeer.webp\",\"datePublished\":\"2025-09-08T13:10:12+00:00\",\"dateModified\":\"2026-04-30T13:27:05+00:00\",\"breadcrumb\":{\"@id\":\"https:\/\/www.schramas.com\/winkel\/set-van-3-kiwis-hayward-solo-atlas-2x-vrouwelijk-1x-mannelijk-hoogte-20cm-9cm-pot\/#breadcrumb\"},\"inLanguage\":\"sv-SE\",\"potentialAction\":[{\"@type\":\"ReadAction\",\"target\":[\"https:\/\/www.schramas.com\/winkel\/set-van-3-kiwis-hayward-solo-atlas-2x-vrouwelijk-1x-mannelijk-hoogte-20cm-9cm-pot\/\"]}]},{\"@type\":\"ImageObject\",\"inLanguage\":\"sv-SE\",\"@id\":\"https:\/\/www.schramas.com\/winkel\/set-van-3-kiwis-hayward-solo-atlas-2x-vrouwelijk-1x-mannelijk-hoogte-20cm-9cm-pot\/#primaryimage\",\"url\":\"https:\/\/www.schramas.com\/wp-content\/uploads\/2025\/09\/Set-kiwi-p9-pakketdeal-sfeer.webp\",\"contentUrl\":\"https:\/\/www.schramas.com\/wp-content\/uploads\/2025\/09\/Set-kiwi-p9-pakketdeal-sfeer.webp\",\"width\":800,\"height\":800},{\"@type\":\"BreadcrumbList\",\"@id\":\"https:\/\/www.schramas.com\/winkel\/set-van-3-kiwis-hayward-solo-atlas-2x-vrouwelijk-1x-mannelijk-hoogte-20cm-9cm-pot\/#breadcrumb\",\"itemListElement\":[{\"@type\":\"ListItem\",\"position\":1,\"name\":\"Product\",\"item\":\"https:\/\/www.schramas.com\/assortiment\/\"},{\"@type\":\"ListItem\",\"position\":2,\"name\":\"Bomen &amp; Struiken\",\"item\":\"https:\/\/www.schramas.com\/product-category\/bomen-struiken\/\"},{\"@type\":\"ListItem\",\"position\":3,\"name\":\"Set Van 3 Kiwi&#8217;s &#8211; Hayward, Solo, Atlas &#8211; 2x vrouwelijk, 1x mannelijk &#8211; Hoogte 20cm &#8211; 9cm pot\"}]},{\"@type\":\"WebSite\",\"@id\":\"https:\/\/www.schramas.com\/#website\",\"url\":\"https:\/\/www.schramas.com\/\",\"name\":\"Schramas.com | Tuinplanten eenvoudig online bestellen | Direct van onze Kwekerij\",\"description\":\"\",\"alternateName\":\"Schramas.com - Alle planten direct van de kweker\",\"potentialAction\":[{\"@type\":\"SearchAction\",\"target\":{\"@type\":\"EntryPoint\",\"urlTemplate\":\"https:\/\/www.schramas.com\/?s={search_term_string}\"},\"query-input\":{\"@type\":\"PropertyValueSpecification\",\"valueRequired\":true,\"valueName\":\"search_term_string\"}}],\"inLanguage\":\"sv-SE\"}]}<\/script>\n<!-- \/ Yoast SEO plugin. -->","yoast_head_json":{"title":"Upps\u00e4ttning av 3 Kiwis - Hayward, Solo, Atlas - 2x hona, 1x hane - H\u00f6jd 20cm - 9cm kruka k\u00f6p | K\u00f6p v\u00e4xter enkelt online | Schramas.com","robots":{"index":"index","follow":"follow","max-snippet":"max-snippet:-1","max-image-preview":"max-image-preview:large","max-video-preview":"max-video-preview:-1"},"canonical":"https:\/\/www.schramas.com\/se\/butik\/uppsattning-av-3-kiwi-hayward-solo-atlas-2x-kvinna-1x-hane-hojd-20cm-9cm-kruka\/","og_locale":"sv_SE","og_type":"article","og_title":"Set Van 3 Kiwi's - Hayward, Solo, Atlas - 2x vrouwelijk, 1x mannelijk - Hoogte 20cm - 9cm pot kopen | Planten eenvoudig online bestellen | Schramas.com","og_description":"3x Actinidia deliciosa  2x vrouwelijk, 1x mannelijk  Hayward, Solo, Atlas  Max. hoogte ca. 400 cm  Bladverliezend  Winterhard  Geleverd in een 9cm pot","og_url":"https:\/\/www.schramas.com\/se\/butik\/uppsattning-av-3-kiwi-hayward-solo-atlas-2x-kvinna-1x-hane-hojd-20cm-9cm-kruka\/","og_site_name":"Planten eenvoudig online bestellen | Schramas.com","article_publisher":"https:\/\/www.facebook.com\/Schramascom-106872874153195\/","article_modified_time":"2026-04-30T13:27:05+00:00","og_image":[{"width":800,"height":800,"url":"http:\/\/www.schramas.com\/wp-content\/uploads\/2025\/09\/Set-kiwi-p9-pakketdeal-sfeer.webp","type":"image\/webp"}],"twitter_card":"summary_large_image","twitter_misc":{"Ber\u00e4knad l\u00e4stid":"1 minut"},"schema":{"@context":"https:\/\/schema.org","@graph":[{"@type":["WebPage","ItemPage"],"@id":"https:\/\/www.schramas.com\/winkel\/set-van-3-kiwis-hayward-solo-atlas-2x-vrouwelijk-1x-mannelijk-hoogte-20cm-9cm-pot\/","url":"https:\/\/www.schramas.com\/winkel\/set-van-3-kiwis-hayward-solo-atlas-2x-vrouwelijk-1x-mannelijk-hoogte-20cm-9cm-pot\/","name":"Upps\u00e4ttning av 3 Kiwis - Hayward, Solo, Atlas - 2x hona, 1x hane - H\u00f6jd 20cm - 9cm kruka k\u00f6p | K\u00f6p v\u00e4xter enkelt online | Schramas.com","isPartOf":{"@id":"https:\/\/www.schramas.com\/#website"},"primaryImageOfPage":{"@id":"https:\/\/www.schramas.com\/winkel\/set-van-3-kiwis-hayward-solo-atlas-2x-vrouwelijk-1x-mannelijk-hoogte-20cm-9cm-pot\/#primaryimage"},"image":{"@id":"https:\/\/www.schramas.com\/winkel\/set-van-3-kiwis-hayward-solo-atlas-2x-vrouwelijk-1x-mannelijk-hoogte-20cm-9cm-pot\/#primaryimage"},"thumbnailUrl":"https:\/\/www.schramas.com\/wp-content\/uploads\/2025\/09\/Set-kiwi-p9-pakketdeal-sfeer.webp","datePublished":"2025-09-08T13:10:12+00:00","dateModified":"2026-04-30T13:27:05+00:00","breadcrumb":{"@id":"https:\/\/www.schramas.com\/winkel\/set-van-3-kiwis-hayward-solo-atlas-2x-vrouwelijk-1x-mannelijk-hoogte-20cm-9cm-pot\/#breadcrumb"},"inLanguage":"sv-SE","potentialAction":[{"@type":"ReadAction","target":["https:\/\/www.schramas.com\/winkel\/set-van-3-kiwis-hayward-solo-atlas-2x-vrouwelijk-1x-mannelijk-hoogte-20cm-9cm-pot\/"]}]},{"@type":"ImageObject","inLanguage":"sv-SE","@id":"https:\/\/www.schramas.com\/winkel\/set-van-3-kiwis-hayward-solo-atlas-2x-vrouwelijk-1x-mannelijk-hoogte-20cm-9cm-pot\/#primaryimage","url":"https:\/\/www.schramas.com\/wp-content\/uploads\/2025\/09\/Set-kiwi-p9-pakketdeal-sfeer.webp","contentUrl":"https:\/\/www.schramas.com\/wp-content\/uploads\/2025\/09\/Set-kiwi-p9-pakketdeal-sfeer.webp","width":800,"height":800},{"@type":"BreadcrumbList","@id":"https:\/\/www.schramas.com\/winkel\/set-van-3-kiwis-hayward-solo-atlas-2x-vrouwelijk-1x-mannelijk-hoogte-20cm-9cm-pot\/#breadcrumb","itemListElement":[{"@type":"ListItem","position":1,"name":"Product","item":"https:\/\/www.schramas.com\/assortiment\/"},{"@type":"ListItem","position":2,"name":"Bomen &amp; Struiken","item":"https:\/\/www.schramas.com\/product-category\/bomen-struiken\/"},{"@type":"ListItem","position":3,"name":"Set Van 3 Kiwi&#8217;s &#8211; Hayward, Solo, Atlas &#8211; 2x vrouwelijk, 1x mannelijk &#8211; Hoogte 20cm &#8211; 9cm pot"}]},{"@type":"WebSite","@id":"https:\/\/www.schramas.com\/#website","url":"https:\/\/www.schramas.com\/","name":"Schramas.com | Tr\u00e4dg\u00e5rdsv\u00e4xter som enkelt kan best\u00e4llas online | Direkt fr\u00e5n v\u00e5r plantskola","description":"","alternateName":"Schramas.com - Alle planten direct van de kweker","potentialAction":[{"@type":"SearchAction","target":{"@type":"EntryPoint","urlTemplate":"https:\/\/www.schramas.com\/?s={search_term_string}"},"query-input":{"@type":"PropertyValueSpecification","valueRequired":true,"valueName":"search_term_string"}}],"inLanguage":"sv-SE"}]}},"_links":{"self":[{"href":"https:\/\/www.schramas.com\/se\/wp-json\/wp\/v2\/product\/59075","targetHints":{"allow":["GET"]}}],"collection":[{"href":"https:\/\/www.schramas.com\/se\/wp-json\/wp\/v2\/product"}],"about":[{"href":"https:\/\/www.schramas.com\/se\/wp-json\/wp\/v2\/types\/product"}],"version-history":[{"count":1,"href":"https:\/\/www.schramas.com\/se\/wp-json\/wp\/v2\/product\/59075\/revisions"}],"predecessor-version":[{"id":59080,"href":"https:\/\/www.schramas.com\/se\/wp-json\/wp\/v2\/product\/59075\/revisions\/59080"}],"wp:featuredmedia":[{"embeddable":true,"href":"https:\/\/www.schramas.com\/se\/wp-json\/wp\/v2\/media\/59076"}],"wp:attachment":[{"href":"https:\/\/www.schramas.com\/se\/wp-json\/wp\/v2\/media?parent=59075"}],"wp:term":[{"taxonomy":"product_brand","embeddable":true,"href":"https:\/\/www.schramas.com\/se\/wp-json\/wp\/v2\/product_brand?post=59075"},{"taxonomy":"product_cat","embeddable":true,"href":"https:\/\/www.schramas.com\/se\/wp-json\/wp\/v2\/product_cat?post=59075"},{"taxonomy":"product_tag","embeddable":true,"href":"https:\/\/www.schramas.com\/se\/wp-json\/wp\/v2\/product_tag?post=59075"}],"curies":[{"name":"wp","href":"https:\/\/api.w.org\/{rel}","templated":true}]}}